{"id":215331,"date":"2024-06-29T03:54:38","date_gmt":"2024-06-29T01:54:38","guid":{"rendered":"https:\/\/marktxxl.de\/markt\/produkt\/stride-rite-baby-maedchen-sr-taye-2-0-lauflernschuh\/"},"modified":"2024-06-29T03:54:38","modified_gmt":"2024-06-29T01:54:38","slug":"stride-rite-baby-maedchen-sr-taye-2-0-lauflernschuh","status":"publish","type":"product","link":"https:\/\/marktxxl.de\/markt\/produkt\/stride-rite-baby-maedchen-sr-taye-2-0-lauflernschuh\/","title":{"rendered":"Stride Rite Baby M\u00e4dchen Sr Taye 2.0 Lauflernschuh"},"content":{"rendered":"<p>Lustige Kinderschuhe: Diese bequemen, aber flexiblen wei\u00dfen Sneaker haben eine herausnehmbare Einlegesohle, um an alle F\u00fc\u00dfe zu passen, falsche elastische Schn\u00fcrsenkel f\u00fcr einen sportlichen Look; speziell f\u00fcr unabh\u00e4ngige Spazierg\u00e4nger<br \/>\nRobuste und bequeme Konstruktion: Kinder-Stiefel verf\u00fcgen \u00fcber flexible, abgerundete Sohlen, Dual-Fit-System mit herausnehmbarer Sockeneinlage, und Fu\u00dfbetten aus Memory-Schaum f\u00fcr mehr Komfort<br \/>\nLeicht zu reinigen: Diese Schuhe f\u00fcr Kinder sind maschinenwaschbar und k\u00f6nnen mit einem feuchten, warmen Tuch mit mildem Reinigungsmittel gereinigt werden<br \/>\nSofortige Outfit-Macher: Stride Rite feiert die Kindheit, indem Sie Ihre Kinderschuhe mit durchdachten Designs und lebendigen Farben anbringen, was sie zu einem perfekten Paar mit l\u00e4ssiger und formeller Kinderkleidung macht<br \/>\n<div class=\"main-cross-sell\" data-asin=\"B09RF5RRRX\">\n\n\t<div class=\"WooZone-cross-sell-loader\">\n\t\t<div>\n\t\t\t<div id=\"floatingBarsG\">\n\t\t\t\t<div class=\"blockG\" id=\"rotateG_01\"><\/div>\n\t\t\t\t<div class=\"blockG\" id=\"rotateG_02\"><\/div>\n\t\t\t\t<div class=\"blockG\" id=\"rotateG_03\"><\/div>\n\t\t\t\t<div class=\"blockG\" id=\"rotateG_04\"><\/div>\n\t\t\t\t<div class=\"blockG\" id=\"rotateG_05\"><\/div>\n\t\t\t\t<div class=\"blockG\" id=\"rotateG_06\"><\/div>\n\t\t\t\t<div class=\"blockG\" id=\"rotateG_07\"><\/div>\n\t\t\t\t<div class=\"blockG\" id=\"rotateG_08\"><\/div>\n\t\t\t<\/div>\n\t\t\t<div class=\"WooZone-cross-sell-loader-text\"><\/div>\n\t\t<\/div>\n\t<\/div>\n\n\t\t\n<\/div>\n<div style=\"clear:both;\"><\/div><\/p>\n","protected":false},"excerpt":{"rendered":"<p>Lustige Kinderschuhe: Diese bequemen, aber flexiblen wei\u00dfen Sneaker haben eine herausnehmbare Einlegesohle, um an alle F\u00fc\u00dfe zu passen, falsche elastische Schn\u00fcrsenkel f\u00fcr einen sportlichen Look; speziell f\u00fcr unabh\u00e4ngige Spazierg\u00e4nger<br \/>\nRobuste und bequeme Konstruktion: Kinder-Stiefel verf\u00fcgen \u00fcber flexible, abgerundete Sohlen, Dual-Fit-System mit herausnehmbarer Sockeneinlage, und Fu\u00dfbetten aus Memory-Schaum f\u00fcr mehr Komfort<br \/>\nLeicht zu reinigen: Diese Schuhe f\u00fcr Kinder sind maschinenwaschbar und k\u00f6nnen mit einem feuchten, warmen Tuch mit mildem Reinigungsmittel gereinigt werden<\/p>\n","protected":false},"featured_media":215332,"comment_status":"open","ping_status":"closed","template":"","meta":[],"product_brand":[],"product_cat":[21,9036],"product_tag":[],"class_list":{"0":"post-215331","1":"product","2":"type-product","3":"status-publish","4":"has-post-thumbnail","6":"product_cat-baby","7":"product_cat-babyschuhe-baby","8":"pa_binding-schuhe","9":"pa_brand-stride-rite","10":"pa_manufacturer-stride-rite","11":"pa_model-mbgf190018","13":"first","14":"instock","15":"shipping-taxable","16":"product-type-simple","17":"customify-col","18":"product-has-gallery"},"yoast_head":"<!-- This site is optimized with the Yoast SEO plugin v27.3 - https:\/\/yoast.com\/product\/yoast-seo-wordpress\/ -->\n<title>Stride Rite Baby M\u00e4dchen Sr Taye 2.0 Lauflernschuh - Markt-XXL<\/title>\n<meta name=\"description\" content=\"Markt-XXL Stride Rite Baby M\u00e4dchen Sr Taye 2.0 Lauflernschuh\" \/>\n<meta name=\"robots\" content=\"index, follow, max-snippet:-1, max-image-preview:large, max-video-preview:-1\" \/>\n<link rel=\"canonical\" href=\"https:\/\/marktxxl.de\/markt\/produkt\/stride-rite-baby-maedchen-sr-taye-2-0-lauflernschuh\/\" \/>\n<meta property=\"og:locale\" content=\"de_DE\" \/>\n<meta property=\"og:type\" content=\"article\" \/>\n<meta property=\"og:title\" content=\"Stride Rite Baby M\u00e4dchen Sr Taye 2.0 Lauflernschuh - Markt-XXL\" \/>\n<meta property=\"og:description\" content=\"Markt-XXL Stride Rite Baby M\u00e4dchen Sr Taye 2.0 Lauflernschuh\" \/>\n<meta property=\"og:url\" content=\"https:\/\/marktxxl.de\/markt\/produkt\/stride-rite-baby-maedchen-sr-taye-2-0-lauflernschuh\/\" \/>\n<meta property=\"og:site_name\" content=\"Markt-XXL\" \/>\n<meta name=\"twitter:card\" content=\"summary_large_image\" \/>\n<meta name=\"twitter:label1\" content=\"Gesch\u00e4tzte Lesezeit\" \/>\n\t<meta name=\"twitter:data1\" content=\"1\u00a0Minute\" \/>\n<script type=\"application\/ld+json\" class=\"yoast-schema-graph\">{\"@context\":\"https:\\\/\\\/schema.org\",\"@graph\":[{\"@type\":\"WebPage\",\"@id\":\"https:\\\/\\\/marktxxl.de\\\/markt\\\/produkt\\\/stride-rite-baby-maedchen-sr-taye-2-0-lauflernschuh\\\/\",\"url\":\"https:\\\/\\\/marktxxl.de\\\/markt\\\/produkt\\\/stride-rite-baby-maedchen-sr-taye-2-0-lauflernschuh\\\/\",\"name\":\"Stride Rite Baby M\u00e4dchen Sr Taye 2.0 Lauflernschuh - Markt-XXL\",\"isPartOf\":{\"@id\":\"https:\\\/\\\/marktxxl.de\\\/markt\\\/#website\"},\"primaryImageOfPage\":{\"@id\":\"https:\\\/\\\/marktxxl.de\\\/markt\\\/produkt\\\/stride-rite-baby-maedchen-sr-taye-2-0-lauflernschuh\\\/#primaryimage\"},\"image\":{\"@id\":\"https:\\\/\\\/marktxxl.de\\\/markt\\\/produkt\\\/stride-rite-baby-maedchen-sr-taye-2-0-lauflernschuh\\\/#primaryimage\"},\"thumbnailUrl\":\"https:\\\/\\\/m.media-amazon.com\\\/images\\\/I\\\/31Od2Zpb9aL._SL500_.jpg\",\"datePublished\":\"2024-06-29T01:54:38+00:00\",\"description\":\"Markt-XXL Stride Rite Baby M\u00e4dchen Sr Taye 2.0 Lauflernschuh\",\"breadcrumb\":{\"@id\":\"https:\\\/\\\/marktxxl.de\\\/markt\\\/produkt\\\/stride-rite-baby-maedchen-sr-taye-2-0-lauflernschuh\\\/#breadcrumb\"},\"inLanguage\":\"de\",\"potentialAction\":[{\"@type\":\"ReadAction\",\"target\":[\"https:\\\/\\\/marktxxl.de\\\/markt\\\/produkt\\\/stride-rite-baby-maedchen-sr-taye-2-0-lauflernschuh\\\/\"]}]},{\"@type\":\"ImageObject\",\"inLanguage\":\"de\",\"@id\":\"https:\\\/\\\/marktxxl.de\\\/markt\\\/produkt\\\/stride-rite-baby-maedchen-sr-taye-2-0-lauflernschuh\\\/#primaryimage\",\"url\":\"https:\\\/\\\/m.media-amazon.com\\\/images\\\/I\\\/31Od2Zpb9aL._SL500_.jpg\",\"contentUrl\":\"https:\\\/\\\/m.media-amazon.com\\\/images\\\/I\\\/31Od2Zpb9aL._SL500_.jpg\",\"width\":500,\"height\":319},{\"@type\":\"BreadcrumbList\",\"@id\":\"https:\\\/\\\/marktxxl.de\\\/markt\\\/produkt\\\/stride-rite-baby-maedchen-sr-taye-2-0-lauflernschuh\\\/#breadcrumb\",\"itemListElement\":[{\"@type\":\"ListItem\",\"position\":1,\"name\":\"Startseite\",\"item\":\"https:\\\/\\\/marktxxl.de\\\/markt\\\/\"},{\"@type\":\"ListItem\",\"position\":2,\"name\":\"Markt\",\"item\":\"https:\\\/\\\/marktxxl.de\\\/markt\\\/\"},{\"@type\":\"ListItem\",\"position\":3,\"name\":\"Stride Rite Baby M\u00e4dchen Sr Taye 2.0 Lauflernschuh\"}]},{\"@type\":\"WebSite\",\"@id\":\"https:\\\/\\\/marktxxl.de\\\/markt\\\/#website\",\"url\":\"https:\\\/\\\/marktxxl.de\\\/markt\\\/\",\"name\":\"Markt-XXL\",\"description\":\"Ihr Markt Online\",\"publisher\":{\"@id\":\"https:\\\/\\\/marktxxl.de\\\/markt\\\/#organization\"},\"potentialAction\":[{\"@type\":\"SearchAction\",\"target\":{\"@type\":\"EntryPoint\",\"urlTemplate\":\"https:\\\/\\\/marktxxl.de\\\/markt\\\/?s={search_term_string}\"},\"query-input\":{\"@type\":\"PropertyValueSpecification\",\"valueRequired\":true,\"valueName\":\"search_term_string\"}}],\"inLanguage\":\"de\"},{\"@type\":\"Organization\",\"@id\":\"https:\\\/\\\/marktxxl.de\\\/markt\\\/#organization\",\"name\":\"Markt-XXL\",\"url\":\"https:\\\/\\\/marktxxl.de\\\/markt\\\/\",\"logo\":{\"@type\":\"ImageObject\",\"inLanguage\":\"de\",\"@id\":\"https:\\\/\\\/marktxxl.de\\\/markt\\\/#\\\/schema\\\/logo\\\/image\\\/\",\"url\":\"https:\\\/\\\/marktxxl.de\\\/markt\\\/wp-content\\\/uploads\\\/sites\\\/3\\\/2020\\\/12\\\/logo.png\",\"contentUrl\":\"https:\\\/\\\/marktxxl.de\\\/markt\\\/wp-content\\\/uploads\\\/sites\\\/3\\\/2020\\\/12\\\/logo.png\",\"width\":200,\"height\":70,\"caption\":\"Markt-XXL\"},\"image\":{\"@id\":\"https:\\\/\\\/marktxxl.de\\\/markt\\\/#\\\/schema\\\/logo\\\/image\\\/\"}}]}<\/script>\n<!-- \/ Yoast SEO plugin. -->","yoast_head_json":{"title":"Stride Rite Baby M\u00e4dchen Sr Taye 2.0 Lauflernschuh - Markt-XXL","description":"Markt-XXL Stride Rite Baby M\u00e4dchen Sr Taye 2.0 Lauflernschuh","robots":{"index":"index","follow":"follow","max-snippet":"max-snippet:-1","max-image-preview":"max-image-preview:large","max-video-preview":"max-video-preview:-1"},"canonical":"https:\/\/marktxxl.de\/markt\/produkt\/stride-rite-baby-maedchen-sr-taye-2-0-lauflernschuh\/","og_locale":"de_DE","og_type":"article","og_title":"Stride Rite Baby M\u00e4dchen Sr Taye 2.0 Lauflernschuh - Markt-XXL","og_description":"Markt-XXL Stride Rite Baby M\u00e4dchen Sr Taye 2.0 Lauflernschuh","og_url":"https:\/\/marktxxl.de\/markt\/produkt\/stride-rite-baby-maedchen-sr-taye-2-0-lauflernschuh\/","og_site_name":"Markt-XXL","twitter_card":"summary_large_image","twitter_misc":{"Gesch\u00e4tzte Lesezeit":"1\u00a0Minute"},"schema":{"@context":"https:\/\/schema.org","@graph":[{"@type":"WebPage","@id":"https:\/\/marktxxl.de\/markt\/produkt\/stride-rite-baby-maedchen-sr-taye-2-0-lauflernschuh\/","url":"https:\/\/marktxxl.de\/markt\/produkt\/stride-rite-baby-maedchen-sr-taye-2-0-lauflernschuh\/","name":"Stride Rite Baby M\u00e4dchen Sr Taye 2.0 Lauflernschuh - Markt-XXL","isPartOf":{"@id":"https:\/\/marktxxl.de\/markt\/#website"},"primaryImageOfPage":{"@id":"https:\/\/marktxxl.de\/markt\/produkt\/stride-rite-baby-maedchen-sr-taye-2-0-lauflernschuh\/#primaryimage"},"image":{"@id":"https:\/\/marktxxl.de\/markt\/produkt\/stride-rite-baby-maedchen-sr-taye-2-0-lauflernschuh\/#primaryimage"},"thumbnailUrl":"https:\/\/m.media-amazon.com\/images\/I\/31Od2Zpb9aL._SL500_.jpg","datePublished":"2024-06-29T01:54:38+00:00","description":"Markt-XXL Stride Rite Baby M\u00e4dchen Sr Taye 2.0 Lauflernschuh","breadcrumb":{"@id":"https:\/\/marktxxl.de\/markt\/produkt\/stride-rite-baby-maedchen-sr-taye-2-0-lauflernschuh\/#breadcrumb"},"inLanguage":"de","potentialAction":[{"@type":"ReadAction","target":["https:\/\/marktxxl.de\/markt\/produkt\/stride-rite-baby-maedchen-sr-taye-2-0-lauflernschuh\/"]}]},{"@type":"ImageObject","inLanguage":"de","@id":"https:\/\/marktxxl.de\/markt\/produkt\/stride-rite-baby-maedchen-sr-taye-2-0-lauflernschuh\/#primaryimage","url":"https:\/\/m.media-amazon.com\/images\/I\/31Od2Zpb9aL._SL500_.jpg","contentUrl":"https:\/\/m.media-amazon.com\/images\/I\/31Od2Zpb9aL._SL500_.jpg","width":500,"height":319},{"@type":"BreadcrumbList","@id":"https:\/\/marktxxl.de\/markt\/produkt\/stride-rite-baby-maedchen-sr-taye-2-0-lauflernschuh\/#breadcrumb","itemListElement":[{"@type":"ListItem","position":1,"name":"Startseite","item":"https:\/\/marktxxl.de\/markt\/"},{"@type":"ListItem","position":2,"name":"Markt","item":"https:\/\/marktxxl.de\/markt\/"},{"@type":"ListItem","position":3,"name":"Stride Rite Baby M\u00e4dchen Sr Taye 2.0 Lauflernschuh"}]},{"@type":"WebSite","@id":"https:\/\/marktxxl.de\/markt\/#website","url":"https:\/\/marktxxl.de\/markt\/","name":"Markt-XXL","description":"Ihr Markt Online","publisher":{"@id":"https:\/\/marktxxl.de\/markt\/#organization"},"potentialAction":[{"@type":"SearchAction","target":{"@type":"EntryPoint","urlTemplate":"https:\/\/marktxxl.de\/markt\/?s={search_term_string}"},"query-input":{"@type":"PropertyValueSpecification","valueRequired":true,"valueName":"search_term_string"}}],"inLanguage":"de"},{"@type":"Organization","@id":"https:\/\/marktxxl.de\/markt\/#organization","name":"Markt-XXL","url":"https:\/\/marktxxl.de\/markt\/","logo":{"@type":"ImageObject","inLanguage":"de","@id":"https:\/\/marktxxl.de\/markt\/#\/schema\/logo\/image\/","url":"https:\/\/marktxxl.de\/markt\/wp-content\/uploads\/sites\/3\/2020\/12\/logo.png","contentUrl":"https:\/\/marktxxl.de\/markt\/wp-content\/uploads\/sites\/3\/2020\/12\/logo.png","width":200,"height":70,"caption":"Markt-XXL"},"image":{"@id":"https:\/\/marktxxl.de\/markt\/#\/schema\/logo\/image\/"}}]}},"_links":{"self":[{"href":"https:\/\/marktxxl.de\/markt\/wp-json\/wp\/v2\/product\/215331","targetHints":{"allow":["GET"]}}],"collection":[{"href":"https:\/\/marktxxl.de\/markt\/wp-json\/wp\/v2\/product"}],"about":[{"href":"https:\/\/marktxxl.de\/markt\/wp-json\/wp\/v2\/types\/product"}],"replies":[{"embeddable":true,"href":"https:\/\/marktxxl.de\/markt\/wp-json\/wp\/v2\/comments?post=215331"}],"wp:featuredmedia":[{"embeddable":true,"href":"https:\/\/marktxxl.de\/markt\/wp-json\/wp\/v2\/media\/215332"}],"wp:attachment":[{"href":"https:\/\/marktxxl.de\/markt\/wp-json\/wp\/v2\/media?parent=215331"}],"wp:term":[{"taxonomy":"product_brand","embeddable":true,"href":"https:\/\/marktxxl.de\/markt\/wp-json\/wp\/v2\/product_brand?post=215331"},{"taxonomy":"product_cat","embeddable":true,"href":"https:\/\/marktxxl.de\/markt\/wp-json\/wp\/v2\/product_cat?post=215331"},{"taxonomy":"product_tag","embeddable":true,"href":"https:\/\/marktxxl.de\/markt\/wp-json\/wp\/v2\/product_tag?post=215331"}],"curies":[{"name":"wp","href":"https:\/\/api.w.org\/{rel}","templated":true}]}}