{"id":215269,"date":"2024-06-29T03:48:53","date_gmt":"2024-06-29T01:48:53","guid":{"rendered":"https:\/\/marktxxl.de\/markt\/produkt\/one-drop-only-zahncreme-konzentrat-gratis-artikel-on-top-konzentrierte-medizinische-zahnpasta-in-kleinen-tuben-zur-medizinischen-mundhygiene-perfekte-reise-zahncreme\/"},"modified":"2024-06-29T03:48:53","modified_gmt":"2024-06-29T01:48:53","slug":"one-drop-only-zahncreme-konzentrat-gratis-artikel-on-top-konzentrierte-medizinische-zahnpasta-in-kleinen-tuben-zur-medizinischen-mundhygiene-perfekte-reise-zahncreme","status":"publish","type":"product","link":"https:\/\/marktxxl.de\/markt\/produkt\/one-drop-only-zahncreme-konzentrat-gratis-artikel-on-top-konzentrierte-medizinische-zahnpasta-in-kleinen-tuben-zur-medizinischen-mundhygiene-perfekte-reise-zahncreme\/","title":{"rendered":"One Drop Only\u00ae &#8211; Zahncreme Konzentrat + Gratis-Artikel ON TOP\/konzentrierte &amp; medizinische Zahnpasta in kleinen Tuben zur medizinischen Mundhygiene\/perfekte Reise Zahncreme"},"content":{"rendered":"<p>HOHE ERGIEBIGKEIT \u2013 Die Inhaltsstoffe sind in erh\u00f6hter Konzentration enthalten, so dass eine geringe Menge der Mini Zahnpasta f\u00fcr eine effektive Reinigung gen\u00fcgt. Dadurch ist die Zahncreme (Travel Toothpaste) bis zu 5-mal ergiebiger als herk\u00f6mmliche Zahnpasten.<br \/>\nUMFASSENDE PFLEGE \u2013 Fluorid (1450ppm), sch\u00fctzt vor Karies und unterst\u00fctzt die Zahnschmelzresistenz, w\u00e4hrend der mikrofeine tiefenreinigende Schaum der Reisezahnpasta die Z\u00e4hne, Zahnzwischenr\u00e4ume und die Zungenfurchen reinigt &amp; Mundgeruch bek\u00e4mpft. Das Pfefferminz\u00f6l sorgt f\u00fcr frischen Atem.<br \/>\nSANFTE PFLEGE \u2013 Das Reise Zahncreme Konzentrat ist mit einem RDA-Wert von unter 30 niedrig abrasiv &amp; somit optimal f\u00fcr die t\u00e4gliche Zahnpflege, insbesondere bei empfindlichen Zahnh\u00e4lsen. Das One Drop Only Zahncreme Zahncreme Konzentrat Ideal f\u00fcr zu Hause oder unterwegs.<br \/>\nNAT\u00dcRLICHE FRISCHE \u2013 Die Reisezahnpaste ohne Natriumlaurylsulfat enth\u00e4lt konzentrierte Inhaltsstoffe wie Pfefferminz\u00f6l, Bisabolol, &amp; Teebaum\u00f6l, die nach dem Putzen f\u00fcr langanhaltenden Schutz &amp; frischen Atem sorgen.<br \/>\nKLINISCH GETESTET &#8211; Das One Drop Only Zahncreme Konzentrat wird in Deutschland hergestellt, entspricht h\u00f6chsten Qualit\u00e4tskriterien &amp; bietet so die ideale Grundlage f\u00fcr eine einwandfreie Mundpflege. H\u00f6chste Qualit\u00e4t und kurze Wege.<br \/>\n<div class=\"main-cross-sell\" data-asin=\"B09T2JT3YK\">\n\n\t<div class=\"WooZone-cross-sell-loader\">\n\t\t<div>\n\t\t\t<div id=\"floatingBarsG\">\n\t\t\t\t<div class=\"blockG\" id=\"rotateG_01\"><\/div>\n\t\t\t\t<div class=\"blockG\" id=\"rotateG_02\"><\/div>\n\t\t\t\t<div class=\"blockG\" id=\"rotateG_03\"><\/div>\n\t\t\t\t<div class=\"blockG\" id=\"rotateG_04\"><\/div>\n\t\t\t\t<div class=\"blockG\" id=\"rotateG_05\"><\/div>\n\t\t\t\t<div class=\"blockG\" id=\"rotateG_06\"><\/div>\n\t\t\t\t<div class=\"blockG\" id=\"rotateG_07\"><\/div>\n\t\t\t\t<div class=\"blockG\" id=\"rotateG_08\"><\/div>\n\t\t\t<\/div>\n\t\t\t<div class=\"WooZone-cross-sell-loader-text\"><\/div>\n\t\t<\/div>\n\t<\/div>\n\n\t\t\n<\/div>\n<div style=\"clear:both;\"><\/div><\/p>\n","protected":false},"excerpt":{"rendered":"<p>HOHE ERGIEBIGKEIT \u2013 Die Inhaltsstoffe sind in erh\u00f6hter Konzentration enthalten, so dass eine geringe Menge der Mini Zahnpasta f\u00fcr eine effektive Reinigung gen\u00fcgt. Dadurch ist die Zahncreme (Travel Toothpaste) bis zu 5-mal ergiebiger als herk\u00f6mmliche Zahnpasten.<br \/>\nUMFASSENDE PFLEGE \u2013 Fluorid (1450ppm), sch\u00fctzt vor Karies und unterst\u00fctzt die Zahnschmelzresistenz, w\u00e4hrend der mikrofeine tiefenreinigende Schaum der Reisezahnpasta die Z\u00e4hne, Zahnzwischenr\u00e4ume und die Zungenfurchen reinigt &amp; Mundgeruch bek\u00e4mpft. Das Pfefferminz\u00f6l sorgt f\u00fcr frischen Atem.<br \/>\nSANFTE PFLEGE \u2013 Das Reise Zahncreme Konzentrat ist mit einem RDA-Wert von unter 30 niedrig abrasiv &amp; somit optimal f\u00fcr die t\u00e4gliche Zahnpflege, insbesondere bei empfindlichen Zahnh\u00e4lsen. Das One Drop Only Zahncreme Zahncreme Konzentrat Ideal f\u00fcr zu Hause oder unterwegs.<\/p>\n","protected":false},"featured_media":215270,"comment_status":"open","ping_status":"closed","template":"","meta":[],"product_brand":[],"product_cat":[566,5981],"product_tag":[],"class_list":{"0":"post-215269","1":"product","2":"type-product","3":"status-publish","4":"has-post-thumbnail","6":"product_cat-drogerie-koerperpflege","7":"product_cat-mund-zahnpflege","8":"pa_brand-one-drop-only","9":"pa_manufacturer-one-drop-only-gmbh","11":"first","12":"instock","13":"shipping-taxable","14":"product-type-simple","15":"customify-col","16":"product-has-gallery"},"yoast_head":"<!-- This site is optimized with the Yoast SEO plugin v27.4 - https:\/\/yoast.com\/product\/yoast-seo-wordpress\/ -->\n<title>One Drop Only\u00ae - Zahncreme Konzentrat + Gratis-Artikel ON TOP\/konzentrierte &amp; medizinische Zahnpasta in kleinen Tuben zur medizinischen Mundhygiene\/perfekte Reise Zahncreme - Markt-XXL<\/title>\n<meta name=\"description\" content=\"Markt-XXL One Drop Only\u00ae - Zahncreme Konzentrat + Gratis-Artikel ON TOP\/konzentrierte &amp; medizinische Zahnpasta in kleinen Tuben zur medizinischen Mundhygiene\/perfekte Reise Zahncreme\" \/>\n<meta name=\"robots\" content=\"index, follow, max-snippet:-1, max-image-preview:large, max-video-preview:-1\" \/>\n<link rel=\"canonical\" href=\"https:\/\/marktxxl.de\/markt\/produkt\/one-drop-only-zahncreme-konzentrat-gratis-artikel-on-top-konzentrierte-medizinische-zahnpasta-in-kleinen-tuben-zur-medizinischen-mundhygiene-perfekte-reise-zahncreme\/\" \/>\n<meta property=\"og:locale\" content=\"de_DE\" \/>\n<meta property=\"og:type\" content=\"article\" \/>\n<meta property=\"og:title\" content=\"One Drop Only\u00ae - Zahncreme Konzentrat + Gratis-Artikel ON TOP\/konzentrierte &amp; medizinische Zahnpasta in kleinen Tuben zur medizinischen Mundhygiene\/perfekte Reise Zahncreme - Markt-XXL\" \/>\n<meta property=\"og:description\" content=\"Markt-XXL One Drop Only\u00ae - Zahncreme Konzentrat + Gratis-Artikel ON TOP\/konzentrierte &amp; medizinische Zahnpasta in kleinen Tuben zur medizinischen Mundhygiene\/perfekte Reise Zahncreme\" \/>\n<meta property=\"og:url\" content=\"https:\/\/marktxxl.de\/markt\/produkt\/one-drop-only-zahncreme-konzentrat-gratis-artikel-on-top-konzentrierte-medizinische-zahnpasta-in-kleinen-tuben-zur-medizinischen-mundhygiene-perfekte-reise-zahncreme\/\" \/>\n<meta property=\"og:site_name\" content=\"Markt-XXL\" \/>\n<meta name=\"twitter:card\" content=\"summary_large_image\" \/>\n<meta name=\"twitter:label1\" content=\"Gesch\u00e4tzte Lesezeit\" \/>\n\t<meta name=\"twitter:data1\" content=\"1\u00a0Minute\" \/>\n<script type=\"application\/ld+json\" class=\"yoast-schema-graph\">{\"@context\":\"https:\\\/\\\/schema.org\",\"@graph\":[{\"@type\":\"WebPage\",\"@id\":\"https:\\\/\\\/marktxxl.de\\\/markt\\\/produkt\\\/one-drop-only-zahncreme-konzentrat-gratis-artikel-on-top-konzentrierte-medizinische-zahnpasta-in-kleinen-tuben-zur-medizinischen-mundhygiene-perfekte-reise-zahncreme\\\/\",\"url\":\"https:\\\/\\\/marktxxl.de\\\/markt\\\/produkt\\\/one-drop-only-zahncreme-konzentrat-gratis-artikel-on-top-konzentrierte-medizinische-zahnpasta-in-kleinen-tuben-zur-medizinischen-mundhygiene-perfekte-reise-zahncreme\\\/\",\"name\":\"One Drop Only\u00ae - Zahncreme Konzentrat + Gratis-Artikel ON TOP\\\/konzentrierte &amp; medizinische Zahnpasta in kleinen Tuben zur medizinischen Mundhygiene\\\/perfekte Reise Zahncreme - Markt-XXL\",\"isPartOf\":{\"@id\":\"https:\\\/\\\/marktxxl.de\\\/markt\\\/#website\"},\"primaryImageOfPage\":{\"@id\":\"https:\\\/\\\/marktxxl.de\\\/markt\\\/produkt\\\/one-drop-only-zahncreme-konzentrat-gratis-artikel-on-top-konzentrierte-medizinische-zahnpasta-in-kleinen-tuben-zur-medizinischen-mundhygiene-perfekte-reise-zahncreme\\\/#primaryimage\"},\"image\":{\"@id\":\"https:\\\/\\\/marktxxl.de\\\/markt\\\/produkt\\\/one-drop-only-zahncreme-konzentrat-gratis-artikel-on-top-konzentrierte-medizinische-zahnpasta-in-kleinen-tuben-zur-medizinischen-mundhygiene-perfekte-reise-zahncreme\\\/#primaryimage\"},\"thumbnailUrl\":\"https:\\\/\\\/m.media-amazon.com\\\/images\\\/I\\\/51HeNbc-g5L._SL500_.jpg\",\"datePublished\":\"2024-06-29T01:48:53+00:00\",\"description\":\"Markt-XXL One Drop Only\u00ae - Zahncreme Konzentrat + Gratis-Artikel ON TOP\\\/konzentrierte &amp; medizinische Zahnpasta in kleinen Tuben zur medizinischen Mundhygiene\\\/perfekte Reise Zahncreme\",\"breadcrumb\":{\"@id\":\"https:\\\/\\\/marktxxl.de\\\/markt\\\/produkt\\\/one-drop-only-zahncreme-konzentrat-gratis-artikel-on-top-konzentrierte-medizinische-zahnpasta-in-kleinen-tuben-zur-medizinischen-mundhygiene-perfekte-reise-zahncreme\\\/#breadcrumb\"},\"inLanguage\":\"de\",\"potentialAction\":[{\"@type\":\"ReadAction\",\"target\":[\"https:\\\/\\\/marktxxl.de\\\/markt\\\/produkt\\\/one-drop-only-zahncreme-konzentrat-gratis-artikel-on-top-konzentrierte-medizinische-zahnpasta-in-kleinen-tuben-zur-medizinischen-mundhygiene-perfekte-reise-zahncreme\\\/\"]}]},{\"@type\":\"ImageObject\",\"inLanguage\":\"de\",\"@id\":\"https:\\\/\\\/marktxxl.de\\\/markt\\\/produkt\\\/one-drop-only-zahncreme-konzentrat-gratis-artikel-on-top-konzentrierte-medizinische-zahnpasta-in-kleinen-tuben-zur-medizinischen-mundhygiene-perfekte-reise-zahncreme\\\/#primaryimage\",\"url\":\"https:\\\/\\\/m.media-amazon.com\\\/images\\\/I\\\/51HeNbc-g5L._SL500_.jpg\",\"contentUrl\":\"https:\\\/\\\/m.media-amazon.com\\\/images\\\/I\\\/51HeNbc-g5L._SL500_.jpg\",\"width\":500,\"height\":500},{\"@type\":\"BreadcrumbList\",\"@id\":\"https:\\\/\\\/marktxxl.de\\\/markt\\\/produkt\\\/one-drop-only-zahncreme-konzentrat-gratis-artikel-on-top-konzentrierte-medizinische-zahnpasta-in-kleinen-tuben-zur-medizinischen-mundhygiene-perfekte-reise-zahncreme\\\/#breadcrumb\",\"itemListElement\":[{\"@type\":\"ListItem\",\"position\":1,\"name\":\"Startseite\",\"item\":\"https:\\\/\\\/marktxxl.de\\\/markt\\\/\"},{\"@type\":\"ListItem\",\"position\":2,\"name\":\"Markt\",\"item\":\"https:\\\/\\\/marktxxl.de\\\/markt\\\/\"},{\"@type\":\"ListItem\",\"position\":3,\"name\":\"One Drop Only\u00ae &#8211; Zahncreme Konzentrat + Gratis-Artikel ON TOP\\\/konzentrierte &amp; medizinische Zahnpasta in kleinen Tuben zur medizinischen Mundhygiene\\\/perfekte Reise Zahncreme\"}]},{\"@type\":\"WebSite\",\"@id\":\"https:\\\/\\\/marktxxl.de\\\/markt\\\/#website\",\"url\":\"https:\\\/\\\/marktxxl.de\\\/markt\\\/\",\"name\":\"Markt-XXL\",\"description\":\"Ihr Markt Online\",\"publisher\":{\"@id\":\"https:\\\/\\\/marktxxl.de\\\/markt\\\/#organization\"},\"potentialAction\":[{\"@type\":\"SearchAction\",\"target\":{\"@type\":\"EntryPoint\",\"urlTemplate\":\"https:\\\/\\\/marktxxl.de\\\/markt\\\/?s={search_term_string}\"},\"query-input\":{\"@type\":\"PropertyValueSpecification\",\"valueRequired\":true,\"valueName\":\"search_term_string\"}}],\"inLanguage\":\"de\"},{\"@type\":\"Organization\",\"@id\":\"https:\\\/\\\/marktxxl.de\\\/markt\\\/#organization\",\"name\":\"Markt-XXL\",\"url\":\"https:\\\/\\\/marktxxl.de\\\/markt\\\/\",\"logo\":{\"@type\":\"ImageObject\",\"inLanguage\":\"de\",\"@id\":\"https:\\\/\\\/marktxxl.de\\\/markt\\\/#\\\/schema\\\/logo\\\/image\\\/\",\"url\":\"https:\\\/\\\/marktxxl.de\\\/markt\\\/wp-content\\\/uploads\\\/sites\\\/3\\\/2020\\\/12\\\/logo.png\",\"contentUrl\":\"https:\\\/\\\/marktxxl.de\\\/markt\\\/wp-content\\\/uploads\\\/sites\\\/3\\\/2020\\\/12\\\/logo.png\",\"width\":200,\"height\":70,\"caption\":\"Markt-XXL\"},\"image\":{\"@id\":\"https:\\\/\\\/marktxxl.de\\\/markt\\\/#\\\/schema\\\/logo\\\/image\\\/\"}}]}<\/script>\n<!-- \/ Yoast SEO plugin. -->","yoast_head_json":{"title":"One Drop Only\u00ae - Zahncreme Konzentrat + Gratis-Artikel ON TOP\/konzentrierte &amp; medizinische Zahnpasta in kleinen Tuben zur medizinischen Mundhygiene\/perfekte Reise Zahncreme - Markt-XXL","description":"Markt-XXL One Drop Only\u00ae - Zahncreme Konzentrat + Gratis-Artikel ON TOP\/konzentrierte &amp; medizinische Zahnpasta in kleinen Tuben zur medizinischen Mundhygiene\/perfekte Reise Zahncreme","robots":{"index":"index","follow":"follow","max-snippet":"max-snippet:-1","max-image-preview":"max-image-preview:large","max-video-preview":"max-video-preview:-1"},"canonical":"https:\/\/marktxxl.de\/markt\/produkt\/one-drop-only-zahncreme-konzentrat-gratis-artikel-on-top-konzentrierte-medizinische-zahnpasta-in-kleinen-tuben-zur-medizinischen-mundhygiene-perfekte-reise-zahncreme\/","og_locale":"de_DE","og_type":"article","og_title":"One Drop Only\u00ae - Zahncreme Konzentrat + Gratis-Artikel ON TOP\/konzentrierte &amp; medizinische Zahnpasta in kleinen Tuben zur medizinischen Mundhygiene\/perfekte Reise Zahncreme - Markt-XXL","og_description":"Markt-XXL One Drop Only\u00ae - Zahncreme Konzentrat + Gratis-Artikel ON TOP\/konzentrierte &amp; medizinische Zahnpasta in kleinen Tuben zur medizinischen Mundhygiene\/perfekte Reise Zahncreme","og_url":"https:\/\/marktxxl.de\/markt\/produkt\/one-drop-only-zahncreme-konzentrat-gratis-artikel-on-top-konzentrierte-medizinische-zahnpasta-in-kleinen-tuben-zur-medizinischen-mundhygiene-perfekte-reise-zahncreme\/","og_site_name":"Markt-XXL","twitter_card":"summary_large_image","twitter_misc":{"Gesch\u00e4tzte Lesezeit":"1\u00a0Minute"},"schema":{"@context":"https:\/\/schema.org","@graph":[{"@type":"WebPage","@id":"https:\/\/marktxxl.de\/markt\/produkt\/one-drop-only-zahncreme-konzentrat-gratis-artikel-on-top-konzentrierte-medizinische-zahnpasta-in-kleinen-tuben-zur-medizinischen-mundhygiene-perfekte-reise-zahncreme\/","url":"https:\/\/marktxxl.de\/markt\/produkt\/one-drop-only-zahncreme-konzentrat-gratis-artikel-on-top-konzentrierte-medizinische-zahnpasta-in-kleinen-tuben-zur-medizinischen-mundhygiene-perfekte-reise-zahncreme\/","name":"One Drop Only\u00ae - Zahncreme Konzentrat + Gratis-Artikel ON TOP\/konzentrierte &amp; medizinische Zahnpasta in kleinen Tuben zur medizinischen Mundhygiene\/perfekte Reise Zahncreme - Markt-XXL","isPartOf":{"@id":"https:\/\/marktxxl.de\/markt\/#website"},"primaryImageOfPage":{"@id":"https:\/\/marktxxl.de\/markt\/produkt\/one-drop-only-zahncreme-konzentrat-gratis-artikel-on-top-konzentrierte-medizinische-zahnpasta-in-kleinen-tuben-zur-medizinischen-mundhygiene-perfekte-reise-zahncreme\/#primaryimage"},"image":{"@id":"https:\/\/marktxxl.de\/markt\/produkt\/one-drop-only-zahncreme-konzentrat-gratis-artikel-on-top-konzentrierte-medizinische-zahnpasta-in-kleinen-tuben-zur-medizinischen-mundhygiene-perfekte-reise-zahncreme\/#primaryimage"},"thumbnailUrl":"https:\/\/m.media-amazon.com\/images\/I\/51HeNbc-g5L._SL500_.jpg","datePublished":"2024-06-29T01:48:53+00:00","description":"Markt-XXL One Drop Only\u00ae - Zahncreme Konzentrat + Gratis-Artikel ON TOP\/konzentrierte &amp; medizinische Zahnpasta in kleinen Tuben zur medizinischen Mundhygiene\/perfekte Reise Zahncreme","breadcrumb":{"@id":"https:\/\/marktxxl.de\/markt\/produkt\/one-drop-only-zahncreme-konzentrat-gratis-artikel-on-top-konzentrierte-medizinische-zahnpasta-in-kleinen-tuben-zur-medizinischen-mundhygiene-perfekte-reise-zahncreme\/#breadcrumb"},"inLanguage":"de","potentialAction":[{"@type":"ReadAction","target":["https:\/\/marktxxl.de\/markt\/produkt\/one-drop-only-zahncreme-konzentrat-gratis-artikel-on-top-konzentrierte-medizinische-zahnpasta-in-kleinen-tuben-zur-medizinischen-mundhygiene-perfekte-reise-zahncreme\/"]}]},{"@type":"ImageObject","inLanguage":"de","@id":"https:\/\/marktxxl.de\/markt\/produkt\/one-drop-only-zahncreme-konzentrat-gratis-artikel-on-top-konzentrierte-medizinische-zahnpasta-in-kleinen-tuben-zur-medizinischen-mundhygiene-perfekte-reise-zahncreme\/#primaryimage","url":"https:\/\/m.media-amazon.com\/images\/I\/51HeNbc-g5L._SL500_.jpg","contentUrl":"https:\/\/m.media-amazon.com\/images\/I\/51HeNbc-g5L._SL500_.jpg","width":500,"height":500},{"@type":"BreadcrumbList","@id":"https:\/\/marktxxl.de\/markt\/produkt\/one-drop-only-zahncreme-konzentrat-gratis-artikel-on-top-konzentrierte-medizinische-zahnpasta-in-kleinen-tuben-zur-medizinischen-mundhygiene-perfekte-reise-zahncreme\/#breadcrumb","itemListElement":[{"@type":"ListItem","position":1,"name":"Startseite","item":"https:\/\/marktxxl.de\/markt\/"},{"@type":"ListItem","position":2,"name":"Markt","item":"https:\/\/marktxxl.de\/markt\/"},{"@type":"ListItem","position":3,"name":"One Drop Only\u00ae &#8211; Zahncreme Konzentrat + Gratis-Artikel ON TOP\/konzentrierte &amp; medizinische Zahnpasta in kleinen Tuben zur medizinischen Mundhygiene\/perfekte Reise Zahncreme"}]},{"@type":"WebSite","@id":"https:\/\/marktxxl.de\/markt\/#website","url":"https:\/\/marktxxl.de\/markt\/","name":"Markt-XXL","description":"Ihr Markt Online","publisher":{"@id":"https:\/\/marktxxl.de\/markt\/#organization"},"potentialAction":[{"@type":"SearchAction","target":{"@type":"EntryPoint","urlTemplate":"https:\/\/marktxxl.de\/markt\/?s={search_term_string}"},"query-input":{"@type":"PropertyValueSpecification","valueRequired":true,"valueName":"search_term_string"}}],"inLanguage":"de"},{"@type":"Organization","@id":"https:\/\/marktxxl.de\/markt\/#organization","name":"Markt-XXL","url":"https:\/\/marktxxl.de\/markt\/","logo":{"@type":"ImageObject","inLanguage":"de","@id":"https:\/\/marktxxl.de\/markt\/#\/schema\/logo\/image\/","url":"https:\/\/marktxxl.de\/markt\/wp-content\/uploads\/sites\/3\/2020\/12\/logo.png","contentUrl":"https:\/\/marktxxl.de\/markt\/wp-content\/uploads\/sites\/3\/2020\/12\/logo.png","width":200,"height":70,"caption":"Markt-XXL"},"image":{"@id":"https:\/\/marktxxl.de\/markt\/#\/schema\/logo\/image\/"}}]}},"_links":{"self":[{"href":"https:\/\/marktxxl.de\/markt\/wp-json\/wp\/v2\/product\/215269","targetHints":{"allow":["GET"]}}],"collection":[{"href":"https:\/\/marktxxl.de\/markt\/wp-json\/wp\/v2\/product"}],"about":[{"href":"https:\/\/marktxxl.de\/markt\/wp-json\/wp\/v2\/types\/product"}],"replies":[{"embeddable":true,"href":"https:\/\/marktxxl.de\/markt\/wp-json\/wp\/v2\/comments?post=215269"}],"wp:featuredmedia":[{"embeddable":true,"href":"https:\/\/marktxxl.de\/markt\/wp-json\/wp\/v2\/media\/215270"}],"wp:attachment":[{"href":"https:\/\/marktxxl.de\/markt\/wp-json\/wp\/v2\/media?parent=215269"}],"wp:term":[{"taxonomy":"product_brand","embeddable":true,"href":"https:\/\/marktxxl.de\/markt\/wp-json\/wp\/v2\/product_brand?post=215269"},{"taxonomy":"product_cat","embeddable":true,"href":"https:\/\/marktxxl.de\/markt\/wp-json\/wp\/v2\/product_cat?post=215269"},{"taxonomy":"product_tag","embeddable":true,"href":"https:\/\/marktxxl.de\/markt\/wp-json\/wp\/v2\/product_tag?post=215269"}],"curies":[{"name":"wp","href":"https:\/\/api.w.org\/{rel}","templated":true}]}}