{"id":215235,"date":"2024-06-29T03:36:33","date_gmt":"2024-06-29T01:36:33","guid":{"rendered":"https:\/\/marktxxl.de\/markt\/produkt\/vitadha-1000-omega-3-dha-nahrungsergaenzungsmittel-wertvoll-waehrend-der-schwangerschaft-und-stillzeit-verbuendeter-fuer-die-gesundheit-von-gehirn-herz-und-sehvermoegen\/"},"modified":"2024-06-29T03:36:33","modified_gmt":"2024-06-29T01:36:33","slug":"vitadha-1000-omega-3-dha-nahrungsergaenzungsmittel-wertvoll-waehrend-der-schwangerschaft-und-stillzeit-verbuendeter-fuer-die-gesundheit-von-gehirn-herz-und-sehvermoegen","status":"publish","type":"product","link":"https:\/\/marktxxl.de\/markt\/produkt\/vitadha-1000-omega-3-dha-nahrungsergaenzungsmittel-wertvoll-waehrend-der-schwangerschaft-und-stillzeit-verbuendeter-fuer-die-gesundheit-von-gehirn-herz-und-sehvermoegen\/","title":{"rendered":"VitaDHA 1000 \u2013 Omega-3-DHA-Nahrungserg\u00e4nzungsmittel \u2013 Wertvoll w\u00e4hrend der Schwangerschaft und Stillzeit \u2013 Verb\u00fcndeter f\u00fcr die Gesundheit von Gehirn, Herz und Sehverm\u00f6gen \u2013 60 Kapsel"},"content":{"rendered":"<p>EIN KONZENTRAT AUS DHA \u2013 VitaDHA 1000 hat eine au\u00dfergew\u00f6hnliche Konzentration an Omega-3 von 90 %. Jede Kapsel enth\u00e4lt satte 500 mg DHA und 31 mg EPA, eine deutlich h\u00f6here Menge als andere Nahrungserg\u00e4nzungsmittel. Diese einzigartige Formulierung macht VitaDHA 1000 zu einem wertvollen Verb\u00fcndeten f\u00fcr die Gesundheit von Gehirn, Herz und Sehkraft.<br \/>\nKARDIOVASKUL\u00c4RE GESUNDHEIT \u2013 VitaDHA 1000 ist Ihr Verb\u00fcndeter f\u00fcr eine einwandfreie Herz-Kreislauf-Gesundheit. Durch die Einnahme von 1 bis 6 Kapseln pro Tag k\u00f6nnen Sie Ihrem K\u00f6rper eine erhebliche Menge DHA zuf\u00fchren, von 500 bis \u00fcber 3000 mg. Dadurch wird nicht nur der Tagesbedarf gedeckt, sondern auch die Blutfettwerte unter Kontrolle gehalten. \u00dcbernehmen Sie mit VitaDHA 1000 die Kontrolle \u00fcber Ihre Herz-Kreislauf-Gesundheit und tun Sie Ihrem Herzen jeden Tag Gutes.<br \/>\nAUSSERGEW\u00d6HNLICHE REINHEIT \u2013 Das Geheimnis unseres Omega-3-Nahrungserg\u00e4nzungsmittels liegt in der maximalen Reinheit unseres Fisch\u00f6ls, das f\u00fcr jede einzelne Charge mit den prestigetr\u00e4chtigen IFOS-5-Sternen zertifiziert ist. Dank eines sorgf\u00e4ltigen Destillations- und Reinigungsprozesses entfernen wir Schwermetalle, freie Fetts\u00e4uren und alle Spuren von Schadstoffen.<br \/>\nZITRONENGESCHMACK \u2013 Ver\u00e4ndern Sie Ihre Erg\u00e4nzungsroutine mit unserem au\u00dfergew\u00f6hnlichen VitaDHA 1000-Erg\u00e4nzungsmittel mit Zitronengeschmack. Mit der Kraft von Omega-3 in Triglyceridform von 1000 mg bietet VitaDHA 1000 ein angenehmes Einnahmeerlebnis. Seine Zitronennote macht den Moment der Nahrungserg\u00e4nzung zu einem echten Vergn\u00fcgen und beseitigt den l\u00e4stigen bitteren Nachgeschmack, der oft mit Fisch\u00f6lerg\u00e4nzungen verbunden ist.<br \/>\nHERGESTELLT IN ITALIEN \u2013 VitaDHA 1000 wird vollst\u00e4ndig in Italien hergestellt und mit hohen Qualit\u00e4tsstandards hergestellt. Es erweist sich in entscheidenden Lebensphasen wie Schwangerschaft, Stillzeit und fortgeschrittenem Alter als wertvoll und wenn der K\u00f6rper eine gr\u00f6\u00dfere Menge an Omega-3-Fetts\u00e4uren ben\u00f6tigt.<br \/>\nZERTIFIZIERTE EXZELLENZ \u2013 VitaDHA 1000 ist dank der prestigetr\u00e4chtigen GOED-Omega-3-Anerkennung ein Synonym f\u00fcr h\u00f6chste Qualit\u00e4t. Unsere Produkte zeichnen sich durch einen sehr hohen Reinheitsgrad aus und sind nahezu frei von Verunreinigungen. VitaDHA 1000 erf\u00fcllt internationale Standards f\u00fcr nachhaltige Omega-3-Fisch\u00f6le, wie durch die Friends Of the Sea-Zertifizierung best\u00e4tigt.<br \/>\n<div class=\"main-cross-sell\" data-asin=\"B07F12V8V7\">\n\n\t<div class=\"WooZone-cross-sell-loader\">\n\t\t<div>\n\t\t\t<div id=\"floatingBarsG\">\n\t\t\t\t<div class=\"blockG\" id=\"rotateG_01\"><\/div>\n\t\t\t\t<div class=\"blockG\" id=\"rotateG_02\"><\/div>\n\t\t\t\t<div class=\"blockG\" id=\"rotateG_03\"><\/div>\n\t\t\t\t<div class=\"blockG\" id=\"rotateG_04\"><\/div>\n\t\t\t\t<div class=\"blockG\" id=\"rotateG_05\"><\/div>\n\t\t\t\t<div class=\"blockG\" id=\"rotateG_06\"><\/div>\n\t\t\t\t<div class=\"blockG\" id=\"rotateG_07\"><\/div>\n\t\t\t\t<div class=\"blockG\" id=\"rotateG_08\"><\/div>\n\t\t\t<\/div>\n\t\t\t<div class=\"WooZone-cross-sell-loader-text\"><\/div>\n\t\t<\/div>\n\t<\/div>\n\n\t\t\n<\/div>\n<div style=\"clear:both;\"><\/div><\/p>\n","protected":false},"excerpt":{"rendered":"<p>EIN KONZENTRAT AUS DHA \u2013 VitaDHA 1000 hat eine au\u00dfergew\u00f6hnliche Konzentration an Omega-3 von 90 %. Jede Kapsel enth\u00e4lt satte 500 mg DHA und 31 mg EPA, eine deutlich h\u00f6here Menge als andere Nahrungserg\u00e4nzungsmittel. Diese einzigartige Formulierung macht VitaDHA 1000 zu einem wertvollen Verb\u00fcndeten f\u00fcr die Gesundheit von Gehirn, Herz und Sehkraft.<br \/>\nKARDIOVASKUL\u00c4RE GESUNDHEIT \u2013 VitaDHA 1000 ist Ihr Verb\u00fcndeter f\u00fcr eine einwandfreie Herz-Kreislauf-Gesundheit. Durch die Einnahme von 1 bis 6 Kapseln pro Tag k\u00f6nnen Sie Ihrem K\u00f6rper eine erhebliche Menge DHA zuf\u00fchren, von 500 bis \u00fcber 3000 mg. Dadurch wird nicht nur der Tagesbedarf gedeckt, sondern auch die Blutfettwerte unter Kontrolle gehalten. \u00dcbernehmen Sie mit VitaDHA 1000 die Kontrolle \u00fcber Ihre Herz-Kreislauf-Gesundheit und tun Sie Ihrem Herzen jeden Tag Gutes.<br \/>\nAUSSERGEW\u00d6HNLICHE REINHEIT \u2013 Das Geheimnis unseres Omega-3-Nahrungserg\u00e4nzungsmittels liegt in der maximalen Reinheit unseres Fisch\u00f6ls, das f\u00fcr jede einzelne Charge mit den prestigetr\u00e4chtigen IFOS-5-Sternen zertifiziert ist. Dank eines sorgf\u00e4ltigen Destillations- und Reinigungsprozesses entfernen wir Schwermetalle, freie Fetts\u00e4uren und alle Spuren von Schadstoffen.<\/p>\n","protected":false},"featured_media":215236,"comment_status":"open","ping_status":"closed","template":"","meta":[],"product_brand":[],"product_cat":[566,6375],"product_tag":[],"class_list":{"0":"post-215235","1":"product","2":"type-product","3":"status-publish","4":"has-post-thumbnail","6":"product_cat-drogerie-koerperpflege","7":"product_cat-vitamine-mineralien-ergaenzungsmittel","8":"pa_binding-badartikel","9":"pa_brand-uga-nutraceuticals","10":"pa_languages-unbekannt-deutsch-unbekannt-italienisch-unbekannt-englisch-unbekannt-spanisch-unbekannt-franzoesisch","11":"pa_manufacturer-uga-nutraceuticals","12":"pa_model-54234","13":"pa_size-60-stueck-1er-pack","14":"pa_weight-0-1984160358-pounds","16":"first","17":"instock","18":"shipping-taxable","19":"purchasable","20":"product-type-simple","21":"customify-col","22":"product-has-gallery"},"yoast_head":"<!-- This site is optimized with the Yoast SEO plugin v27.4 - https:\/\/yoast.com\/product\/yoast-seo-wordpress\/ -->\n<title>VitaDHA 1000 \u2013 Omega-3-DHA-Nahrungserg\u00e4nzungsmittel \u2013 Wertvoll w\u00e4hrend der Schwangerschaft und Stillzeit \u2013 Verb\u00fcndeter f\u00fcr die Gesundheit von Gehirn, Herz und Sehverm\u00f6gen \u2013 60 Kapsel - Markt-XXL<\/title>\n<meta name=\"description\" content=\"Markt-XXL VitaDHA 1000 \u2013 Omega-3-DHA-Nahrungserg\u00e4nzungsmittel \u2013 Wertvoll w\u00e4hrend der Schwangerschaft und Stillzeit \u2013 Verb\u00fcndeter f\u00fcr die Gesundheit von Gehirn, Herz und Sehverm\u00f6gen \u2013 60 Kapsel\" \/>\n<meta name=\"robots\" content=\"index, follow, max-snippet:-1, max-image-preview:large, max-video-preview:-1\" \/>\n<link rel=\"canonical\" href=\"https:\/\/marktxxl.de\/markt\/produkt\/vitadha-1000-omega-3-dha-nahrungsergaenzungsmittel-wertvoll-waehrend-der-schwangerschaft-und-stillzeit-verbuendeter-fuer-die-gesundheit-von-gehirn-herz-und-sehvermoegen\/\" \/>\n<meta property=\"og:locale\" content=\"de_DE\" \/>\n<meta property=\"og:type\" content=\"article\" \/>\n<meta property=\"og:title\" content=\"VitaDHA 1000 \u2013 Omega-3-DHA-Nahrungserg\u00e4nzungsmittel \u2013 Wertvoll w\u00e4hrend der Schwangerschaft und Stillzeit \u2013 Verb\u00fcndeter f\u00fcr die Gesundheit von Gehirn, Herz und Sehverm\u00f6gen \u2013 60 Kapsel - Markt-XXL\" \/>\n<meta property=\"og:description\" content=\"Markt-XXL VitaDHA 1000 \u2013 Omega-3-DHA-Nahrungserg\u00e4nzungsmittel \u2013 Wertvoll w\u00e4hrend der Schwangerschaft und Stillzeit \u2013 Verb\u00fcndeter f\u00fcr die Gesundheit von Gehirn, Herz und Sehverm\u00f6gen \u2013 60 Kapsel\" \/>\n<meta property=\"og:url\" content=\"https:\/\/marktxxl.de\/markt\/produkt\/vitadha-1000-omega-3-dha-nahrungsergaenzungsmittel-wertvoll-waehrend-der-schwangerschaft-und-stillzeit-verbuendeter-fuer-die-gesundheit-von-gehirn-herz-und-sehvermoegen\/\" \/>\n<meta property=\"og:site_name\" content=\"Markt-XXL\" \/>\n<meta name=\"twitter:card\" content=\"summary_large_image\" \/>\n<meta name=\"twitter:label1\" content=\"Gesch\u00e4tzte Lesezeit\" \/>\n\t<meta name=\"twitter:data1\" content=\"2\u00a0Minuten\" \/>\n<script type=\"application\/ld+json\" class=\"yoast-schema-graph\">{\"@context\":\"https:\\\/\\\/schema.org\",\"@graph\":[{\"@type\":\"WebPage\",\"@id\":\"https:\\\/\\\/marktxxl.de\\\/markt\\\/produkt\\\/vitadha-1000-omega-3-dha-nahrungsergaenzungsmittel-wertvoll-waehrend-der-schwangerschaft-und-stillzeit-verbuendeter-fuer-die-gesundheit-von-gehirn-herz-und-sehvermoegen\\\/\",\"url\":\"https:\\\/\\\/marktxxl.de\\\/markt\\\/produkt\\\/vitadha-1000-omega-3-dha-nahrungsergaenzungsmittel-wertvoll-waehrend-der-schwangerschaft-und-stillzeit-verbuendeter-fuer-die-gesundheit-von-gehirn-herz-und-sehvermoegen\\\/\",\"name\":\"VitaDHA 1000 \u2013 Omega-3-DHA-Nahrungserg\u00e4nzungsmittel \u2013 Wertvoll w\u00e4hrend der Schwangerschaft und Stillzeit \u2013 Verb\u00fcndeter f\u00fcr die Gesundheit von Gehirn, Herz und Sehverm\u00f6gen \u2013 60 Kapsel - Markt-XXL\",\"isPartOf\":{\"@id\":\"https:\\\/\\\/marktxxl.de\\\/markt\\\/#website\"},\"primaryImageOfPage\":{\"@id\":\"https:\\\/\\\/marktxxl.de\\\/markt\\\/produkt\\\/vitadha-1000-omega-3-dha-nahrungsergaenzungsmittel-wertvoll-waehrend-der-schwangerschaft-und-stillzeit-verbuendeter-fuer-die-gesundheit-von-gehirn-herz-und-sehvermoegen\\\/#primaryimage\"},\"image\":{\"@id\":\"https:\\\/\\\/marktxxl.de\\\/markt\\\/produkt\\\/vitadha-1000-omega-3-dha-nahrungsergaenzungsmittel-wertvoll-waehrend-der-schwangerschaft-und-stillzeit-verbuendeter-fuer-die-gesundheit-von-gehirn-herz-und-sehvermoegen\\\/#primaryimage\"},\"thumbnailUrl\":\"https:\\\/\\\/m.media-amazon.com\\\/images\\\/I\\\/41nQAVFuiSL._SL500_.jpg\",\"datePublished\":\"2024-06-29T01:36:33+00:00\",\"description\":\"Markt-XXL VitaDHA 1000 \u2013 Omega-3-DHA-Nahrungserg\u00e4nzungsmittel \u2013 Wertvoll w\u00e4hrend der Schwangerschaft und Stillzeit \u2013 Verb\u00fcndeter f\u00fcr die Gesundheit von Gehirn, Herz und Sehverm\u00f6gen \u2013 60 Kapsel\",\"breadcrumb\":{\"@id\":\"https:\\\/\\\/marktxxl.de\\\/markt\\\/produkt\\\/vitadha-1000-omega-3-dha-nahrungsergaenzungsmittel-wertvoll-waehrend-der-schwangerschaft-und-stillzeit-verbuendeter-fuer-die-gesundheit-von-gehirn-herz-und-sehvermoegen\\\/#breadcrumb\"},\"inLanguage\":\"de\",\"potentialAction\":[{\"@type\":\"ReadAction\",\"target\":[\"https:\\\/\\\/marktxxl.de\\\/markt\\\/produkt\\\/vitadha-1000-omega-3-dha-nahrungsergaenzungsmittel-wertvoll-waehrend-der-schwangerschaft-und-stillzeit-verbuendeter-fuer-die-gesundheit-von-gehirn-herz-und-sehvermoegen\\\/\"]}]},{\"@type\":\"ImageObject\",\"inLanguage\":\"de\",\"@id\":\"https:\\\/\\\/marktxxl.de\\\/markt\\\/produkt\\\/vitadha-1000-omega-3-dha-nahrungsergaenzungsmittel-wertvoll-waehrend-der-schwangerschaft-und-stillzeit-verbuendeter-fuer-die-gesundheit-von-gehirn-herz-und-sehvermoegen\\\/#primaryimage\",\"url\":\"https:\\\/\\\/m.media-amazon.com\\\/images\\\/I\\\/41nQAVFuiSL._SL500_.jpg\",\"contentUrl\":\"https:\\\/\\\/m.media-amazon.com\\\/images\\\/I\\\/41nQAVFuiSL._SL500_.jpg\",\"width\":370,\"height\":500},{\"@type\":\"BreadcrumbList\",\"@id\":\"https:\\\/\\\/marktxxl.de\\\/markt\\\/produkt\\\/vitadha-1000-omega-3-dha-nahrungsergaenzungsmittel-wertvoll-waehrend-der-schwangerschaft-und-stillzeit-verbuendeter-fuer-die-gesundheit-von-gehirn-herz-und-sehvermoegen\\\/#breadcrumb\",\"itemListElement\":[{\"@type\":\"ListItem\",\"position\":1,\"name\":\"Startseite\",\"item\":\"https:\\\/\\\/marktxxl.de\\\/markt\\\/\"},{\"@type\":\"ListItem\",\"position\":2,\"name\":\"Markt\",\"item\":\"https:\\\/\\\/marktxxl.de\\\/markt\\\/\"},{\"@type\":\"ListItem\",\"position\":3,\"name\":\"VitaDHA 1000 \u2013 Omega-3-DHA-Nahrungserg\u00e4nzungsmittel \u2013 Wertvoll w\u00e4hrend der Schwangerschaft und Stillzeit \u2013 Verb\u00fcndeter f\u00fcr die Gesundheit von Gehirn, Herz und Sehverm\u00f6gen \u2013 60 Kapsel\"}]},{\"@type\":\"WebSite\",\"@id\":\"https:\\\/\\\/marktxxl.de\\\/markt\\\/#website\",\"url\":\"https:\\\/\\\/marktxxl.de\\\/markt\\\/\",\"name\":\"Markt-XXL\",\"description\":\"Ihr Markt Online\",\"publisher\":{\"@id\":\"https:\\\/\\\/marktxxl.de\\\/markt\\\/#organization\"},\"potentialAction\":[{\"@type\":\"SearchAction\",\"target\":{\"@type\":\"EntryPoint\",\"urlTemplate\":\"https:\\\/\\\/marktxxl.de\\\/markt\\\/?s={search_term_string}\"},\"query-input\":{\"@type\":\"PropertyValueSpecification\",\"valueRequired\":true,\"valueName\":\"search_term_string\"}}],\"inLanguage\":\"de\"},{\"@type\":\"Organization\",\"@id\":\"https:\\\/\\\/marktxxl.de\\\/markt\\\/#organization\",\"name\":\"Markt-XXL\",\"url\":\"https:\\\/\\\/marktxxl.de\\\/markt\\\/\",\"logo\":{\"@type\":\"ImageObject\",\"inLanguage\":\"de\",\"@id\":\"https:\\\/\\\/marktxxl.de\\\/markt\\\/#\\\/schema\\\/logo\\\/image\\\/\",\"url\":\"https:\\\/\\\/marktxxl.de\\\/markt\\\/wp-content\\\/uploads\\\/sites\\\/3\\\/2020\\\/12\\\/logo.png\",\"contentUrl\":\"https:\\\/\\\/marktxxl.de\\\/markt\\\/wp-content\\\/uploads\\\/sites\\\/3\\\/2020\\\/12\\\/logo.png\",\"width\":200,\"height\":70,\"caption\":\"Markt-XXL\"},\"image\":{\"@id\":\"https:\\\/\\\/marktxxl.de\\\/markt\\\/#\\\/schema\\\/logo\\\/image\\\/\"}}]}<\/script>\n<!-- \/ Yoast SEO plugin. -->","yoast_head_json":{"title":"VitaDHA 1000 \u2013 Omega-3-DHA-Nahrungserg\u00e4nzungsmittel \u2013 Wertvoll w\u00e4hrend der Schwangerschaft und Stillzeit \u2013 Verb\u00fcndeter f\u00fcr die Gesundheit von Gehirn, Herz und Sehverm\u00f6gen \u2013 60 Kapsel - Markt-XXL","description":"Markt-XXL VitaDHA 1000 \u2013 Omega-3-DHA-Nahrungserg\u00e4nzungsmittel \u2013 Wertvoll w\u00e4hrend der Schwangerschaft und Stillzeit \u2013 Verb\u00fcndeter f\u00fcr die Gesundheit von Gehirn, Herz und Sehverm\u00f6gen \u2013 60 Kapsel","robots":{"index":"index","follow":"follow","max-snippet":"max-snippet:-1","max-image-preview":"max-image-preview:large","max-video-preview":"max-video-preview:-1"},"canonical":"https:\/\/marktxxl.de\/markt\/produkt\/vitadha-1000-omega-3-dha-nahrungsergaenzungsmittel-wertvoll-waehrend-der-schwangerschaft-und-stillzeit-verbuendeter-fuer-die-gesundheit-von-gehirn-herz-und-sehvermoegen\/","og_locale":"de_DE","og_type":"article","og_title":"VitaDHA 1000 \u2013 Omega-3-DHA-Nahrungserg\u00e4nzungsmittel \u2013 Wertvoll w\u00e4hrend der Schwangerschaft und Stillzeit \u2013 Verb\u00fcndeter f\u00fcr die Gesundheit von Gehirn, Herz und Sehverm\u00f6gen \u2013 60 Kapsel - Markt-XXL","og_description":"Markt-XXL VitaDHA 1000 \u2013 Omega-3-DHA-Nahrungserg\u00e4nzungsmittel \u2013 Wertvoll w\u00e4hrend der Schwangerschaft und Stillzeit \u2013 Verb\u00fcndeter f\u00fcr die Gesundheit von Gehirn, Herz und Sehverm\u00f6gen \u2013 60 Kapsel","og_url":"https:\/\/marktxxl.de\/markt\/produkt\/vitadha-1000-omega-3-dha-nahrungsergaenzungsmittel-wertvoll-waehrend-der-schwangerschaft-und-stillzeit-verbuendeter-fuer-die-gesundheit-von-gehirn-herz-und-sehvermoegen\/","og_site_name":"Markt-XXL","twitter_card":"summary_large_image","twitter_misc":{"Gesch\u00e4tzte Lesezeit":"2\u00a0Minuten"},"schema":{"@context":"https:\/\/schema.org","@graph":[{"@type":"WebPage","@id":"https:\/\/marktxxl.de\/markt\/produkt\/vitadha-1000-omega-3-dha-nahrungsergaenzungsmittel-wertvoll-waehrend-der-schwangerschaft-und-stillzeit-verbuendeter-fuer-die-gesundheit-von-gehirn-herz-und-sehvermoegen\/","url":"https:\/\/marktxxl.de\/markt\/produkt\/vitadha-1000-omega-3-dha-nahrungsergaenzungsmittel-wertvoll-waehrend-der-schwangerschaft-und-stillzeit-verbuendeter-fuer-die-gesundheit-von-gehirn-herz-und-sehvermoegen\/","name":"VitaDHA 1000 \u2013 Omega-3-DHA-Nahrungserg\u00e4nzungsmittel \u2013 Wertvoll w\u00e4hrend der Schwangerschaft und Stillzeit \u2013 Verb\u00fcndeter f\u00fcr die Gesundheit von Gehirn, Herz und Sehverm\u00f6gen \u2013 60 Kapsel - Markt-XXL","isPartOf":{"@id":"https:\/\/marktxxl.de\/markt\/#website"},"primaryImageOfPage":{"@id":"https:\/\/marktxxl.de\/markt\/produkt\/vitadha-1000-omega-3-dha-nahrungsergaenzungsmittel-wertvoll-waehrend-der-schwangerschaft-und-stillzeit-verbuendeter-fuer-die-gesundheit-von-gehirn-herz-und-sehvermoegen\/#primaryimage"},"image":{"@id":"https:\/\/marktxxl.de\/markt\/produkt\/vitadha-1000-omega-3-dha-nahrungsergaenzungsmittel-wertvoll-waehrend-der-schwangerschaft-und-stillzeit-verbuendeter-fuer-die-gesundheit-von-gehirn-herz-und-sehvermoegen\/#primaryimage"},"thumbnailUrl":"https:\/\/m.media-amazon.com\/images\/I\/41nQAVFuiSL._SL500_.jpg","datePublished":"2024-06-29T01:36:33+00:00","description":"Markt-XXL VitaDHA 1000 \u2013 Omega-3-DHA-Nahrungserg\u00e4nzungsmittel \u2013 Wertvoll w\u00e4hrend der Schwangerschaft und Stillzeit \u2013 Verb\u00fcndeter f\u00fcr die Gesundheit von Gehirn, Herz und Sehverm\u00f6gen \u2013 60 Kapsel","breadcrumb":{"@id":"https:\/\/marktxxl.de\/markt\/produkt\/vitadha-1000-omega-3-dha-nahrungsergaenzungsmittel-wertvoll-waehrend-der-schwangerschaft-und-stillzeit-verbuendeter-fuer-die-gesundheit-von-gehirn-herz-und-sehvermoegen\/#breadcrumb"},"inLanguage":"de","potentialAction":[{"@type":"ReadAction","target":["https:\/\/marktxxl.de\/markt\/produkt\/vitadha-1000-omega-3-dha-nahrungsergaenzungsmittel-wertvoll-waehrend-der-schwangerschaft-und-stillzeit-verbuendeter-fuer-die-gesundheit-von-gehirn-herz-und-sehvermoegen\/"]}]},{"@type":"ImageObject","inLanguage":"de","@id":"https:\/\/marktxxl.de\/markt\/produkt\/vitadha-1000-omega-3-dha-nahrungsergaenzungsmittel-wertvoll-waehrend-der-schwangerschaft-und-stillzeit-verbuendeter-fuer-die-gesundheit-von-gehirn-herz-und-sehvermoegen\/#primaryimage","url":"https:\/\/m.media-amazon.com\/images\/I\/41nQAVFuiSL._SL500_.jpg","contentUrl":"https:\/\/m.media-amazon.com\/images\/I\/41nQAVFuiSL._SL500_.jpg","width":370,"height":500},{"@type":"BreadcrumbList","@id":"https:\/\/marktxxl.de\/markt\/produkt\/vitadha-1000-omega-3-dha-nahrungsergaenzungsmittel-wertvoll-waehrend-der-schwangerschaft-und-stillzeit-verbuendeter-fuer-die-gesundheit-von-gehirn-herz-und-sehvermoegen\/#breadcrumb","itemListElement":[{"@type":"ListItem","position":1,"name":"Startseite","item":"https:\/\/marktxxl.de\/markt\/"},{"@type":"ListItem","position":2,"name":"Markt","item":"https:\/\/marktxxl.de\/markt\/"},{"@type":"ListItem","position":3,"name":"VitaDHA 1000 \u2013 Omega-3-DHA-Nahrungserg\u00e4nzungsmittel \u2013 Wertvoll w\u00e4hrend der Schwangerschaft und Stillzeit \u2013 Verb\u00fcndeter f\u00fcr die Gesundheit von Gehirn, Herz und Sehverm\u00f6gen \u2013 60 Kapsel"}]},{"@type":"WebSite","@id":"https:\/\/marktxxl.de\/markt\/#website","url":"https:\/\/marktxxl.de\/markt\/","name":"Markt-XXL","description":"Ihr Markt Online","publisher":{"@id":"https:\/\/marktxxl.de\/markt\/#organization"},"potentialAction":[{"@type":"SearchAction","target":{"@type":"EntryPoint","urlTemplate":"https:\/\/marktxxl.de\/markt\/?s={search_term_string}"},"query-input":{"@type":"PropertyValueSpecification","valueRequired":true,"valueName":"search_term_string"}}],"inLanguage":"de"},{"@type":"Organization","@id":"https:\/\/marktxxl.de\/markt\/#organization","name":"Markt-XXL","url":"https:\/\/marktxxl.de\/markt\/","logo":{"@type":"ImageObject","inLanguage":"de","@id":"https:\/\/marktxxl.de\/markt\/#\/schema\/logo\/image\/","url":"https:\/\/marktxxl.de\/markt\/wp-content\/uploads\/sites\/3\/2020\/12\/logo.png","contentUrl":"https:\/\/marktxxl.de\/markt\/wp-content\/uploads\/sites\/3\/2020\/12\/logo.png","width":200,"height":70,"caption":"Markt-XXL"},"image":{"@id":"https:\/\/marktxxl.de\/markt\/#\/schema\/logo\/image\/"}}]}},"_links":{"self":[{"href":"https:\/\/marktxxl.de\/markt\/wp-json\/wp\/v2\/product\/215235","targetHints":{"allow":["GET"]}}],"collection":[{"href":"https:\/\/marktxxl.de\/markt\/wp-json\/wp\/v2\/product"}],"about":[{"href":"https:\/\/marktxxl.de\/markt\/wp-json\/wp\/v2\/types\/product"}],"replies":[{"embeddable":true,"href":"https:\/\/marktxxl.de\/markt\/wp-json\/wp\/v2\/comments?post=215235"}],"wp:featuredmedia":[{"embeddable":true,"href":"https:\/\/marktxxl.de\/markt\/wp-json\/wp\/v2\/media\/215236"}],"wp:attachment":[{"href":"https:\/\/marktxxl.de\/markt\/wp-json\/wp\/v2\/media?parent=215235"}],"wp:term":[{"taxonomy":"product_brand","embeddable":true,"href":"https:\/\/marktxxl.de\/markt\/wp-json\/wp\/v2\/product_brand?post=215235"},{"taxonomy":"product_cat","embeddable":true,"href":"https:\/\/marktxxl.de\/markt\/wp-json\/wp\/v2\/product_cat?post=215235"},{"taxonomy":"product_tag","embeddable":true,"href":"https:\/\/marktxxl.de\/markt\/wp-json\/wp\/v2\/product_tag?post=215235"}],"curies":[{"name":"wp","href":"https:\/\/api.w.org\/{rel}","templated":true}]}}