{"id":215224,"date":"2024-06-29T03:35:49","date_gmt":"2024-06-29T01:35:49","guid":{"rendered":"https:\/\/marktxxl.de\/markt\/produkt\/algin-aetzkali-kaliumhydroxid-1-kg-dose-potassium-hydroxide\/"},"modified":"2024-06-29T03:35:49","modified_gmt":"2024-06-29T01:35:49","slug":"algin-aetzkali-kaliumhydroxid-1-kg-dose-potassium-hydroxide","status":"publish","type":"product","link":"https:\/\/marktxxl.de\/markt\/produkt\/algin-aetzkali-kaliumhydroxid-1-kg-dose-potassium-hydroxide\/","title":{"rendered":"Algin \u00c4tzkali &#8211; Kaliumhydroxid 1 kg Dose- Potassium Hydroxide"},"content":{"rendered":"<p>Kaliumhydroxid wird zur Herstellung von Kaliumverbindungen, Glas, Farbstoffen, Batterien sowie als Trocknungs und Absorptionsmittel von Kohlenstoffdioxid verwendet. Kaliumhydroxid genannt auch \u00c4tzkali kann unter starker Erw\u00e4rmung bestimmte Metalle alkalisch-oxidativ aufschlie\u00dfen.<br \/>\nKaliumhydroxid wird zur Herstellung weicher Seifen (Schmierseifen) aus verschiedenen pflanzlichen und tierischen Fetten und \u00d6len sowie in der Waschmittelfabrikation zur Produktion wasserenth\u00e4rtenden Kaliumphosphats f\u00fcr fl\u00fcssige Waschmittel benutzt.<br \/>\nKaliumhydroxid wird als gutes Absorptionsmittel von Kohlenstoffdioxid bezeichnet.<br \/>\nKaliumhydroxid verseift auch eingebrannte und verharzte Fette und \u00d6le zu wasserl\u00f6slichen Salzen der Fetts\u00e4uren und wird darum als Backofenreiniger sowie zum Ablaugen von Lack- und \u00d6lfarben verwendet.<br \/>\nRohrreinigungsmitteln wird Kaliumhydroxid beigesetzt, da dieses sowohl Haare aufl\u00f6st, als auch die im Abfluss haftenden Fette verseift, wodurch sie vom Wasser fortgesp\u00fclt werden k\u00f6nnen. Da \u00c4tzkali jedoch sowohl Acrylglas, als auch emaillierte und glasierte Oberfl\u00e4chen von Wannen und Sanit\u00e4rkeramik angreift, die aus silikatischem glasartigen Material bestehen (Glaskorrosion), sollte es mit Bedacht eingesetzt werden.<br \/>\n<div class=\"main-cross-sell\" data-asin=\"B01LYJL1KH\">\n\n\t<div class=\"WooZone-cross-sell-loader\">\n\t\t<div>\n\t\t\t<div id=\"floatingBarsG\">\n\t\t\t\t<div class=\"blockG\" id=\"rotateG_01\"><\/div>\n\t\t\t\t<div class=\"blockG\" id=\"rotateG_02\"><\/div>\n\t\t\t\t<div class=\"blockG\" id=\"rotateG_03\"><\/div>\n\t\t\t\t<div class=\"blockG\" id=\"rotateG_04\"><\/div>\n\t\t\t\t<div class=\"blockG\" id=\"rotateG_05\"><\/div>\n\t\t\t\t<div class=\"blockG\" id=\"rotateG_06\"><\/div>\n\t\t\t\t<div class=\"blockG\" id=\"rotateG_07\"><\/div>\n\t\t\t\t<div class=\"blockG\" id=\"rotateG_08\"><\/div>\n\t\t\t<\/div>\n\t\t\t<div class=\"WooZone-cross-sell-loader-text\"><\/div>\n\t\t<\/div>\n\t<\/div>\n\n\t\t\n<\/div>\n<div style=\"clear:both;\"><\/div><\/p>\n","protected":false},"excerpt":{"rendered":"<p>Kaliumhydroxid wird zur Herstellung von Kaliumverbindungen, Glas, Farbstoffen, Batterien sowie als Trocknungs und Absorptionsmittel von Kohlenstoffdioxid verwendet. Kaliumhydroxid genannt auch \u00c4tzkali kann unter starker Erw\u00e4rmung bestimmte Metalle alkalisch-oxidativ aufschlie\u00dfen.<br \/>\nKaliumhydroxid wird zur Herstellung weicher Seifen (Schmierseifen) aus verschiedenen pflanzlichen und tierischen Fetten und \u00d6len sowie in der Waschmittelfabrikation zur Produktion wasserenth\u00e4rtenden Kaliumphosphats f\u00fcr fl\u00fcssige Waschmittel benutzt.<br \/>\nKaliumhydroxid wird als gutes Absorptionsmittel von Kohlenstoffdioxid bezeichnet.<\/p>\n","protected":false},"featured_media":215225,"comment_status":"open","ping_status":"closed","template":"","meta":[],"product_brand":[],"product_cat":[566,6375],"product_tag":[],"class_list":{"0":"post-215224","1":"product","2":"type-product","3":"status-publish","4":"has-post-thumbnail","6":"product_cat-drogerie-koerperpflege","7":"product_cat-vitamine-mineralien-ergaenzungsmittel","8":"pa_brand-algin","9":"pa_manufacturer-algin","10":"pa_weight-2-425084882-pounds","12":"first","13":"instock","14":"shipping-taxable","15":"purchasable","16":"product-type-simple","17":"customify-col","18":"product-has-gallery"},"yoast_head":"<!-- This site is optimized with the Yoast SEO plugin v27.3 - https:\/\/yoast.com\/product\/yoast-seo-wordpress\/ -->\n<title>Algin \u00c4tzkali - Kaliumhydroxid 1 kg Dose- Potassium Hydroxide - Markt-XXL<\/title>\n<meta name=\"description\" content=\"Markt-XXL Algin \u00c4tzkali - Kaliumhydroxid 1 kg Dose- Potassium Hydroxide\" \/>\n<meta name=\"robots\" content=\"index, follow, max-snippet:-1, max-image-preview:large, max-video-preview:-1\" \/>\n<link rel=\"canonical\" href=\"https:\/\/marktxxl.de\/markt\/produkt\/algin-aetzkali-kaliumhydroxid-1-kg-dose-potassium-hydroxide\/\" \/>\n<meta property=\"og:locale\" content=\"de_DE\" \/>\n<meta property=\"og:type\" content=\"article\" \/>\n<meta property=\"og:title\" content=\"Algin \u00c4tzkali - Kaliumhydroxid 1 kg Dose- Potassium Hydroxide - Markt-XXL\" \/>\n<meta property=\"og:description\" content=\"Markt-XXL Algin \u00c4tzkali - Kaliumhydroxid 1 kg Dose- Potassium Hydroxide\" \/>\n<meta property=\"og:url\" content=\"https:\/\/marktxxl.de\/markt\/produkt\/algin-aetzkali-kaliumhydroxid-1-kg-dose-potassium-hydroxide\/\" \/>\n<meta property=\"og:site_name\" content=\"Markt-XXL\" \/>\n<meta name=\"twitter:card\" content=\"summary_large_image\" \/>\n<meta name=\"twitter:label1\" content=\"Gesch\u00e4tzte Lesezeit\" \/>\n\t<meta name=\"twitter:data1\" content=\"1\u00a0Minute\" \/>\n<script type=\"application\/ld+json\" class=\"yoast-schema-graph\">{\"@context\":\"https:\\\/\\\/schema.org\",\"@graph\":[{\"@type\":\"WebPage\",\"@id\":\"https:\\\/\\\/marktxxl.de\\\/markt\\\/produkt\\\/algin-aetzkali-kaliumhydroxid-1-kg-dose-potassium-hydroxide\\\/\",\"url\":\"https:\\\/\\\/marktxxl.de\\\/markt\\\/produkt\\\/algin-aetzkali-kaliumhydroxid-1-kg-dose-potassium-hydroxide\\\/\",\"name\":\"Algin \u00c4tzkali - Kaliumhydroxid 1 kg Dose- Potassium Hydroxide - Markt-XXL\",\"isPartOf\":{\"@id\":\"https:\\\/\\\/marktxxl.de\\\/markt\\\/#website\"},\"primaryImageOfPage\":{\"@id\":\"https:\\\/\\\/marktxxl.de\\\/markt\\\/produkt\\\/algin-aetzkali-kaliumhydroxid-1-kg-dose-potassium-hydroxide\\\/#primaryimage\"},\"image\":{\"@id\":\"https:\\\/\\\/marktxxl.de\\\/markt\\\/produkt\\\/algin-aetzkali-kaliumhydroxid-1-kg-dose-potassium-hydroxide\\\/#primaryimage\"},\"thumbnailUrl\":\"https:\\\/\\\/m.media-amazon.com\\\/images\\\/I\\\/61rLqKK6dnL._SL500_.jpg\",\"datePublished\":\"2024-06-29T01:35:49+00:00\",\"description\":\"Markt-XXL Algin \u00c4tzkali - Kaliumhydroxid 1 kg Dose- Potassium Hydroxide\",\"breadcrumb\":{\"@id\":\"https:\\\/\\\/marktxxl.de\\\/markt\\\/produkt\\\/algin-aetzkali-kaliumhydroxid-1-kg-dose-potassium-hydroxide\\\/#breadcrumb\"},\"inLanguage\":\"de\",\"potentialAction\":[{\"@type\":\"ReadAction\",\"target\":[\"https:\\\/\\\/marktxxl.de\\\/markt\\\/produkt\\\/algin-aetzkali-kaliumhydroxid-1-kg-dose-potassium-hydroxide\\\/\"]}]},{\"@type\":\"ImageObject\",\"inLanguage\":\"de\",\"@id\":\"https:\\\/\\\/marktxxl.de\\\/markt\\\/produkt\\\/algin-aetzkali-kaliumhydroxid-1-kg-dose-potassium-hydroxide\\\/#primaryimage\",\"url\":\"https:\\\/\\\/m.media-amazon.com\\\/images\\\/I\\\/61rLqKK6dnL._SL500_.jpg\",\"contentUrl\":\"https:\\\/\\\/m.media-amazon.com\\\/images\\\/I\\\/61rLqKK6dnL._SL500_.jpg\",\"width\":500,\"height\":478},{\"@type\":\"BreadcrumbList\",\"@id\":\"https:\\\/\\\/marktxxl.de\\\/markt\\\/produkt\\\/algin-aetzkali-kaliumhydroxid-1-kg-dose-potassium-hydroxide\\\/#breadcrumb\",\"itemListElement\":[{\"@type\":\"ListItem\",\"position\":1,\"name\":\"Startseite\",\"item\":\"https:\\\/\\\/marktxxl.de\\\/markt\\\/\"},{\"@type\":\"ListItem\",\"position\":2,\"name\":\"Markt\",\"item\":\"https:\\\/\\\/marktxxl.de\\\/markt\\\/\"},{\"@type\":\"ListItem\",\"position\":3,\"name\":\"Algin \u00c4tzkali &#8211; Kaliumhydroxid 1 kg Dose- Potassium Hydroxide\"}]},{\"@type\":\"WebSite\",\"@id\":\"https:\\\/\\\/marktxxl.de\\\/markt\\\/#website\",\"url\":\"https:\\\/\\\/marktxxl.de\\\/markt\\\/\",\"name\":\"Markt-XXL\",\"description\":\"Ihr Markt Online\",\"publisher\":{\"@id\":\"https:\\\/\\\/marktxxl.de\\\/markt\\\/#organization\"},\"potentialAction\":[{\"@type\":\"SearchAction\",\"target\":{\"@type\":\"EntryPoint\",\"urlTemplate\":\"https:\\\/\\\/marktxxl.de\\\/markt\\\/?s={search_term_string}\"},\"query-input\":{\"@type\":\"PropertyValueSpecification\",\"valueRequired\":true,\"valueName\":\"search_term_string\"}}],\"inLanguage\":\"de\"},{\"@type\":\"Organization\",\"@id\":\"https:\\\/\\\/marktxxl.de\\\/markt\\\/#organization\",\"name\":\"Markt-XXL\",\"url\":\"https:\\\/\\\/marktxxl.de\\\/markt\\\/\",\"logo\":{\"@type\":\"ImageObject\",\"inLanguage\":\"de\",\"@id\":\"https:\\\/\\\/marktxxl.de\\\/markt\\\/#\\\/schema\\\/logo\\\/image\\\/\",\"url\":\"https:\\\/\\\/marktxxl.de\\\/markt\\\/wp-content\\\/uploads\\\/sites\\\/3\\\/2020\\\/12\\\/logo.png\",\"contentUrl\":\"https:\\\/\\\/marktxxl.de\\\/markt\\\/wp-content\\\/uploads\\\/sites\\\/3\\\/2020\\\/12\\\/logo.png\",\"width\":200,\"height\":70,\"caption\":\"Markt-XXL\"},\"image\":{\"@id\":\"https:\\\/\\\/marktxxl.de\\\/markt\\\/#\\\/schema\\\/logo\\\/image\\\/\"}}]}<\/script>\n<!-- \/ Yoast SEO plugin. -->","yoast_head_json":{"title":"Algin \u00c4tzkali - Kaliumhydroxid 1 kg Dose- Potassium Hydroxide - Markt-XXL","description":"Markt-XXL Algin \u00c4tzkali - Kaliumhydroxid 1 kg Dose- Potassium Hydroxide","robots":{"index":"index","follow":"follow","max-snippet":"max-snippet:-1","max-image-preview":"max-image-preview:large","max-video-preview":"max-video-preview:-1"},"canonical":"https:\/\/marktxxl.de\/markt\/produkt\/algin-aetzkali-kaliumhydroxid-1-kg-dose-potassium-hydroxide\/","og_locale":"de_DE","og_type":"article","og_title":"Algin \u00c4tzkali - Kaliumhydroxid 1 kg Dose- Potassium Hydroxide - Markt-XXL","og_description":"Markt-XXL Algin \u00c4tzkali - Kaliumhydroxid 1 kg Dose- Potassium Hydroxide","og_url":"https:\/\/marktxxl.de\/markt\/produkt\/algin-aetzkali-kaliumhydroxid-1-kg-dose-potassium-hydroxide\/","og_site_name":"Markt-XXL","twitter_card":"summary_large_image","twitter_misc":{"Gesch\u00e4tzte Lesezeit":"1\u00a0Minute"},"schema":{"@context":"https:\/\/schema.org","@graph":[{"@type":"WebPage","@id":"https:\/\/marktxxl.de\/markt\/produkt\/algin-aetzkali-kaliumhydroxid-1-kg-dose-potassium-hydroxide\/","url":"https:\/\/marktxxl.de\/markt\/produkt\/algin-aetzkali-kaliumhydroxid-1-kg-dose-potassium-hydroxide\/","name":"Algin \u00c4tzkali - Kaliumhydroxid 1 kg Dose- Potassium Hydroxide - Markt-XXL","isPartOf":{"@id":"https:\/\/marktxxl.de\/markt\/#website"},"primaryImageOfPage":{"@id":"https:\/\/marktxxl.de\/markt\/produkt\/algin-aetzkali-kaliumhydroxid-1-kg-dose-potassium-hydroxide\/#primaryimage"},"image":{"@id":"https:\/\/marktxxl.de\/markt\/produkt\/algin-aetzkali-kaliumhydroxid-1-kg-dose-potassium-hydroxide\/#primaryimage"},"thumbnailUrl":"https:\/\/m.media-amazon.com\/images\/I\/61rLqKK6dnL._SL500_.jpg","datePublished":"2024-06-29T01:35:49+00:00","description":"Markt-XXL Algin \u00c4tzkali - Kaliumhydroxid 1 kg Dose- Potassium Hydroxide","breadcrumb":{"@id":"https:\/\/marktxxl.de\/markt\/produkt\/algin-aetzkali-kaliumhydroxid-1-kg-dose-potassium-hydroxide\/#breadcrumb"},"inLanguage":"de","potentialAction":[{"@type":"ReadAction","target":["https:\/\/marktxxl.de\/markt\/produkt\/algin-aetzkali-kaliumhydroxid-1-kg-dose-potassium-hydroxide\/"]}]},{"@type":"ImageObject","inLanguage":"de","@id":"https:\/\/marktxxl.de\/markt\/produkt\/algin-aetzkali-kaliumhydroxid-1-kg-dose-potassium-hydroxide\/#primaryimage","url":"https:\/\/m.media-amazon.com\/images\/I\/61rLqKK6dnL._SL500_.jpg","contentUrl":"https:\/\/m.media-amazon.com\/images\/I\/61rLqKK6dnL._SL500_.jpg","width":500,"height":478},{"@type":"BreadcrumbList","@id":"https:\/\/marktxxl.de\/markt\/produkt\/algin-aetzkali-kaliumhydroxid-1-kg-dose-potassium-hydroxide\/#breadcrumb","itemListElement":[{"@type":"ListItem","position":1,"name":"Startseite","item":"https:\/\/marktxxl.de\/markt\/"},{"@type":"ListItem","position":2,"name":"Markt","item":"https:\/\/marktxxl.de\/markt\/"},{"@type":"ListItem","position":3,"name":"Algin \u00c4tzkali &#8211; Kaliumhydroxid 1 kg Dose- Potassium Hydroxide"}]},{"@type":"WebSite","@id":"https:\/\/marktxxl.de\/markt\/#website","url":"https:\/\/marktxxl.de\/markt\/","name":"Markt-XXL","description":"Ihr Markt Online","publisher":{"@id":"https:\/\/marktxxl.de\/markt\/#organization"},"potentialAction":[{"@type":"SearchAction","target":{"@type":"EntryPoint","urlTemplate":"https:\/\/marktxxl.de\/markt\/?s={search_term_string}"},"query-input":{"@type":"PropertyValueSpecification","valueRequired":true,"valueName":"search_term_string"}}],"inLanguage":"de"},{"@type":"Organization","@id":"https:\/\/marktxxl.de\/markt\/#organization","name":"Markt-XXL","url":"https:\/\/marktxxl.de\/markt\/","logo":{"@type":"ImageObject","inLanguage":"de","@id":"https:\/\/marktxxl.de\/markt\/#\/schema\/logo\/image\/","url":"https:\/\/marktxxl.de\/markt\/wp-content\/uploads\/sites\/3\/2020\/12\/logo.png","contentUrl":"https:\/\/marktxxl.de\/markt\/wp-content\/uploads\/sites\/3\/2020\/12\/logo.png","width":200,"height":70,"caption":"Markt-XXL"},"image":{"@id":"https:\/\/marktxxl.de\/markt\/#\/schema\/logo\/image\/"}}]}},"_links":{"self":[{"href":"https:\/\/marktxxl.de\/markt\/wp-json\/wp\/v2\/product\/215224","targetHints":{"allow":["GET"]}}],"collection":[{"href":"https:\/\/marktxxl.de\/markt\/wp-json\/wp\/v2\/product"}],"about":[{"href":"https:\/\/marktxxl.de\/markt\/wp-json\/wp\/v2\/types\/product"}],"replies":[{"embeddable":true,"href":"https:\/\/marktxxl.de\/markt\/wp-json\/wp\/v2\/comments?post=215224"}],"wp:featuredmedia":[{"embeddable":true,"href":"https:\/\/marktxxl.de\/markt\/wp-json\/wp\/v2\/media\/215225"}],"wp:attachment":[{"href":"https:\/\/marktxxl.de\/markt\/wp-json\/wp\/v2\/media?parent=215224"}],"wp:term":[{"taxonomy":"product_brand","embeddable":true,"href":"https:\/\/marktxxl.de\/markt\/wp-json\/wp\/v2\/product_brand?post=215224"},{"taxonomy":"product_cat","embeddable":true,"href":"https:\/\/marktxxl.de\/markt\/wp-json\/wp\/v2\/product_cat?post=215224"},{"taxonomy":"product_tag","embeddable":true,"href":"https:\/\/marktxxl.de\/markt\/wp-json\/wp\/v2\/product_tag?post=215224"}],"curies":[{"name":"wp","href":"https:\/\/api.w.org\/{rel}","templated":true}]}}