{"id":215213,"date":"2024-06-29T03:35:14","date_gmt":"2024-06-29T01:35:14","guid":{"rendered":"https:\/\/marktxxl.de\/markt\/produkt\/coenzym-q10-200-mg-120-kapseln-aus-pflanzlicher-fermentation-bioaktiv-natuerlich-und-hohe-bioverfuegbarkeit\/"},"modified":"2024-06-29T03:35:14","modified_gmt":"2024-06-29T01:35:14","slug":"coenzym-q10-200-mg-120-kapseln-aus-pflanzlicher-fermentation-bioaktiv-natuerlich-und-hohe-bioverfuegbarkeit","status":"publish","type":"product","link":"https:\/\/marktxxl.de\/markt\/produkt\/coenzym-q10-200-mg-120-kapseln-aus-pflanzlicher-fermentation-bioaktiv-natuerlich-und-hohe-bioverfuegbarkeit\/","title":{"rendered":"Coenzym Q10 200 mg \u2013 120 Kapseln &#8211; Aus Pflanzlicher Fermentation &#8211; Bioaktiv, Nat\u00fcrlich und Hohe Bioverf\u00fcgbarkeit"},"content":{"rendered":"<p>\u2764\ufe0f COENZYM Q10: Das Coenzym Q10 ist eine vitamin\u00e4hnliche Substanz, welche in allen Zellen unseres K\u00f6rpers vorkommt. Der K\u00f6rper kann das Coenzym Q10 selbst bilden, jedoch nimmt die k\u00f6rpereigene Produktion ab dem 20. Lebensjahr kontinuierlich ab.<br \/>\n\u26a1\ufe0fENERGIEF\u00d6RDERND : Bekannt f\u00fcr seine Rolle in der Energieunterst\u00fctzung, ist Coenzym Q10 beliebt bei denen, die ihre Vitalit\u00e4t und Ausdauer im t\u00e4glichen Leben verbessern m\u00f6chten.<br \/>\n\ud83d\udee1ANTIOXIDATIV : Coenzym Q10 wird f\u00fcr seine antioxidativen Eigenschaften gesch\u00e4tzt, die dabei helfen, die Widerstandsf\u00e4higkeit des K\u00f6rpers gegen \u00e4u\u00dfere Stressfaktoren zu unterst\u00fctzen, f\u00fcr ein allgemeines Gesundheitswohlbefinden.<br \/>\n\ud83c\udf3f NAT\u00dcRLICHE QUELLE : Coenzym Q10 wird f\u00fcr seine au\u00dfergew\u00f6hnliche Reinheit als antioxidatives Supplement gesch\u00e4tzt. Nat\u00fcrlich vom K\u00f6rper produziert, k\u00f6nnen seine Vorteile durch di\u00e4tetische Supplementierung verst\u00e4rkt werden, was einen st\u00e4rkeren Effekt bietet.<br \/>\n\ud83c\udf1f H\u00d6CHSTE QUALIT\u00c4T : Erleben Sie den Unterschied mit unseren Premium-Coenzym Q10 Kapseln. Streng frei von synthetischen Zus\u00e4tzen, Farbstoffen und Aromen, entspricht unsere Formel den h\u00f6chsten Qualit\u00e4tsstandards. Rein, wirksam, Vitastrong.<br \/>\n<div class=\"main-cross-sell\" data-asin=\"B0CVLD6RFL\">\n\n\t<div class=\"WooZone-cross-sell-loader\">\n\t\t<div>\n\t\t\t<div id=\"floatingBarsG\">\n\t\t\t\t<div class=\"blockG\" id=\"rotateG_01\"><\/div>\n\t\t\t\t<div class=\"blockG\" id=\"rotateG_02\"><\/div>\n\t\t\t\t<div class=\"blockG\" id=\"rotateG_03\"><\/div>\n\t\t\t\t<div class=\"blockG\" id=\"rotateG_04\"><\/div>\n\t\t\t\t<div class=\"blockG\" id=\"rotateG_05\"><\/div>\n\t\t\t\t<div class=\"blockG\" id=\"rotateG_06\"><\/div>\n\t\t\t\t<div class=\"blockG\" id=\"rotateG_07\"><\/div>\n\t\t\t\t<div class=\"blockG\" id=\"rotateG_08\"><\/div>\n\t\t\t<\/div>\n\t\t\t<div class=\"WooZone-cross-sell-loader-text\"><\/div>\n\t\t<\/div>\n\t<\/div>\n\n\t\t\n<\/div>\n<div style=\"clear:both;\"><\/div><\/p>\n","protected":false},"excerpt":{"rendered":"<p>\u2764\ufe0f COENZYM Q10: Das Coenzym Q10 ist eine vitamin\u00e4hnliche Substanz, welche in allen Zellen unseres K\u00f6rpers vorkommt. Der K\u00f6rper kann das Coenzym Q10 selbst bilden, jedoch nimmt die k\u00f6rpereigene Produktion ab dem 20. Lebensjahr kontinuierlich ab.<br \/>\n\u26a1\ufe0fENERGIEF\u00d6RDERND : Bekannt f\u00fcr seine Rolle in der Energieunterst\u00fctzung, ist Coenzym Q10 beliebt bei denen, die ihre Vitalit\u00e4t und Ausdauer im t\u00e4glichen Leben verbessern m\u00f6chten.<br \/>\n\ud83d\udee1ANTIOXIDATIV : Coenzym Q10 wird f\u00fcr seine antioxidativen Eigenschaften gesch\u00e4tzt, die dabei helfen, die Widerstandsf\u00e4higkeit des K\u00f6rpers gegen \u00e4u\u00dfere Stressfaktoren zu unterst\u00fctzen, f\u00fcr ein allgemeines Gesundheitswohlbefinden.<\/p>\n","protected":false},"featured_media":215214,"comment_status":"open","ping_status":"closed","template":"","meta":[],"product_brand":[],"product_cat":[566,6375],"product_tag":[],"class_list":{"0":"post-215213","1":"product","2":"type-product","3":"status-publish","4":"has-post-thumbnail","6":"product_cat-drogerie-koerperpflege","7":"product_cat-vitamine-mineralien-ergaenzungsmittel","8":"pa_brand-vitastrong","9":"pa_height-2-4015748007-zoll","10":"pa_length-4-4094488144-zoll","11":"pa_manufacturer-vitastrong","12":"pa_size-1-stueck-120er-pack","13":"pa_width-2-4409448794-zoll","15":"first","16":"instock","17":"shipping-taxable","18":"purchasable","19":"product-type-simple","20":"customify-col","21":"product-has-gallery"},"yoast_head":"<!-- This site is optimized with the Yoast SEO plugin v27.3 - https:\/\/yoast.com\/product\/yoast-seo-wordpress\/ -->\n<title>Coenzym Q10 200 mg \u2013 120 Kapseln - Aus Pflanzlicher Fermentation - Bioaktiv, Nat\u00fcrlich und Hohe Bioverf\u00fcgbarkeit - Markt-XXL<\/title>\n<meta name=\"description\" content=\"Markt-XXL Coenzym Q10 200 mg \u2013 120 Kapseln - Aus Pflanzlicher Fermentation - Bioaktiv, Nat\u00fcrlich und Hohe Bioverf\u00fcgbarkeit\" \/>\n<meta name=\"robots\" content=\"index, follow, max-snippet:-1, max-image-preview:large, max-video-preview:-1\" \/>\n<link rel=\"canonical\" href=\"https:\/\/marktxxl.de\/markt\/produkt\/coenzym-q10-200-mg-120-kapseln-aus-pflanzlicher-fermentation-bioaktiv-natuerlich-und-hohe-bioverfuegbarkeit\/\" \/>\n<meta property=\"og:locale\" content=\"de_DE\" \/>\n<meta property=\"og:type\" content=\"article\" \/>\n<meta property=\"og:title\" content=\"Coenzym Q10 200 mg \u2013 120 Kapseln - Aus Pflanzlicher Fermentation - Bioaktiv, Nat\u00fcrlich und Hohe Bioverf\u00fcgbarkeit - Markt-XXL\" \/>\n<meta property=\"og:description\" content=\"Markt-XXL Coenzym Q10 200 mg \u2013 120 Kapseln - Aus Pflanzlicher Fermentation - Bioaktiv, Nat\u00fcrlich und Hohe Bioverf\u00fcgbarkeit\" \/>\n<meta property=\"og:url\" content=\"https:\/\/marktxxl.de\/markt\/produkt\/coenzym-q10-200-mg-120-kapseln-aus-pflanzlicher-fermentation-bioaktiv-natuerlich-und-hohe-bioverfuegbarkeit\/\" \/>\n<meta property=\"og:site_name\" content=\"Markt-XXL\" \/>\n<meta name=\"twitter:card\" content=\"summary_large_image\" \/>\n<meta name=\"twitter:label1\" content=\"Gesch\u00e4tzte Lesezeit\" \/>\n\t<meta name=\"twitter:data1\" content=\"1\u00a0Minute\" \/>\n<script type=\"application\/ld+json\" class=\"yoast-schema-graph\">{\"@context\":\"https:\\\/\\\/schema.org\",\"@graph\":[{\"@type\":\"WebPage\",\"@id\":\"https:\\\/\\\/marktxxl.de\\\/markt\\\/produkt\\\/coenzym-q10-200-mg-120-kapseln-aus-pflanzlicher-fermentation-bioaktiv-natuerlich-und-hohe-bioverfuegbarkeit\\\/\",\"url\":\"https:\\\/\\\/marktxxl.de\\\/markt\\\/produkt\\\/coenzym-q10-200-mg-120-kapseln-aus-pflanzlicher-fermentation-bioaktiv-natuerlich-und-hohe-bioverfuegbarkeit\\\/\",\"name\":\"Coenzym Q10 200 mg \u2013 120 Kapseln - Aus Pflanzlicher Fermentation - Bioaktiv, Nat\u00fcrlich und Hohe Bioverf\u00fcgbarkeit - Markt-XXL\",\"isPartOf\":{\"@id\":\"https:\\\/\\\/marktxxl.de\\\/markt\\\/#website\"},\"primaryImageOfPage\":{\"@id\":\"https:\\\/\\\/marktxxl.de\\\/markt\\\/produkt\\\/coenzym-q10-200-mg-120-kapseln-aus-pflanzlicher-fermentation-bioaktiv-natuerlich-und-hohe-bioverfuegbarkeit\\\/#primaryimage\"},\"image\":{\"@id\":\"https:\\\/\\\/marktxxl.de\\\/markt\\\/produkt\\\/coenzym-q10-200-mg-120-kapseln-aus-pflanzlicher-fermentation-bioaktiv-natuerlich-und-hohe-bioverfuegbarkeit\\\/#primaryimage\"},\"thumbnailUrl\":\"https:\\\/\\\/m.media-amazon.com\\\/images\\\/I\\\/41E4wJN+VVL._SL500_.jpg\",\"datePublished\":\"2024-06-29T01:35:14+00:00\",\"description\":\"Markt-XXL Coenzym Q10 200 mg \u2013 120 Kapseln - Aus Pflanzlicher Fermentation - Bioaktiv, Nat\u00fcrlich und Hohe Bioverf\u00fcgbarkeit\",\"breadcrumb\":{\"@id\":\"https:\\\/\\\/marktxxl.de\\\/markt\\\/produkt\\\/coenzym-q10-200-mg-120-kapseln-aus-pflanzlicher-fermentation-bioaktiv-natuerlich-und-hohe-bioverfuegbarkeit\\\/#breadcrumb\"},\"inLanguage\":\"de\",\"potentialAction\":[{\"@type\":\"ReadAction\",\"target\":[\"https:\\\/\\\/marktxxl.de\\\/markt\\\/produkt\\\/coenzym-q10-200-mg-120-kapseln-aus-pflanzlicher-fermentation-bioaktiv-natuerlich-und-hohe-bioverfuegbarkeit\\\/\"]}]},{\"@type\":\"ImageObject\",\"inLanguage\":\"de\",\"@id\":\"https:\\\/\\\/marktxxl.de\\\/markt\\\/produkt\\\/coenzym-q10-200-mg-120-kapseln-aus-pflanzlicher-fermentation-bioaktiv-natuerlich-und-hohe-bioverfuegbarkeit\\\/#primaryimage\",\"url\":\"https:\\\/\\\/m.media-amazon.com\\\/images\\\/I\\\/41E4wJN+VVL._SL500_.jpg\",\"contentUrl\":\"https:\\\/\\\/m.media-amazon.com\\\/images\\\/I\\\/41E4wJN+VVL._SL500_.jpg\",\"width\":318,\"height\":500},{\"@type\":\"BreadcrumbList\",\"@id\":\"https:\\\/\\\/marktxxl.de\\\/markt\\\/produkt\\\/coenzym-q10-200-mg-120-kapseln-aus-pflanzlicher-fermentation-bioaktiv-natuerlich-und-hohe-bioverfuegbarkeit\\\/#breadcrumb\",\"itemListElement\":[{\"@type\":\"ListItem\",\"position\":1,\"name\":\"Startseite\",\"item\":\"https:\\\/\\\/marktxxl.de\\\/markt\\\/\"},{\"@type\":\"ListItem\",\"position\":2,\"name\":\"Markt\",\"item\":\"https:\\\/\\\/marktxxl.de\\\/markt\\\/\"},{\"@type\":\"ListItem\",\"position\":3,\"name\":\"Coenzym Q10 200 mg \u2013 120 Kapseln &#8211; Aus Pflanzlicher Fermentation &#8211; Bioaktiv, Nat\u00fcrlich und Hohe Bioverf\u00fcgbarkeit\"}]},{\"@type\":\"WebSite\",\"@id\":\"https:\\\/\\\/marktxxl.de\\\/markt\\\/#website\",\"url\":\"https:\\\/\\\/marktxxl.de\\\/markt\\\/\",\"name\":\"Markt-XXL\",\"description\":\"Ihr Markt Online\",\"publisher\":{\"@id\":\"https:\\\/\\\/marktxxl.de\\\/markt\\\/#organization\"},\"potentialAction\":[{\"@type\":\"SearchAction\",\"target\":{\"@type\":\"EntryPoint\",\"urlTemplate\":\"https:\\\/\\\/marktxxl.de\\\/markt\\\/?s={search_term_string}\"},\"query-input\":{\"@type\":\"PropertyValueSpecification\",\"valueRequired\":true,\"valueName\":\"search_term_string\"}}],\"inLanguage\":\"de\"},{\"@type\":\"Organization\",\"@id\":\"https:\\\/\\\/marktxxl.de\\\/markt\\\/#organization\",\"name\":\"Markt-XXL\",\"url\":\"https:\\\/\\\/marktxxl.de\\\/markt\\\/\",\"logo\":{\"@type\":\"ImageObject\",\"inLanguage\":\"de\",\"@id\":\"https:\\\/\\\/marktxxl.de\\\/markt\\\/#\\\/schema\\\/logo\\\/image\\\/\",\"url\":\"https:\\\/\\\/marktxxl.de\\\/markt\\\/wp-content\\\/uploads\\\/sites\\\/3\\\/2020\\\/12\\\/logo.png\",\"contentUrl\":\"https:\\\/\\\/marktxxl.de\\\/markt\\\/wp-content\\\/uploads\\\/sites\\\/3\\\/2020\\\/12\\\/logo.png\",\"width\":200,\"height\":70,\"caption\":\"Markt-XXL\"},\"image\":{\"@id\":\"https:\\\/\\\/marktxxl.de\\\/markt\\\/#\\\/schema\\\/logo\\\/image\\\/\"}}]}<\/script>\n<!-- \/ Yoast SEO plugin. -->","yoast_head_json":{"title":"Coenzym Q10 200 mg \u2013 120 Kapseln - Aus Pflanzlicher Fermentation - Bioaktiv, Nat\u00fcrlich und Hohe Bioverf\u00fcgbarkeit - Markt-XXL","description":"Markt-XXL Coenzym Q10 200 mg \u2013 120 Kapseln - Aus Pflanzlicher Fermentation - Bioaktiv, Nat\u00fcrlich und Hohe Bioverf\u00fcgbarkeit","robots":{"index":"index","follow":"follow","max-snippet":"max-snippet:-1","max-image-preview":"max-image-preview:large","max-video-preview":"max-video-preview:-1"},"canonical":"https:\/\/marktxxl.de\/markt\/produkt\/coenzym-q10-200-mg-120-kapseln-aus-pflanzlicher-fermentation-bioaktiv-natuerlich-und-hohe-bioverfuegbarkeit\/","og_locale":"de_DE","og_type":"article","og_title":"Coenzym Q10 200 mg \u2013 120 Kapseln - Aus Pflanzlicher Fermentation - Bioaktiv, Nat\u00fcrlich und Hohe Bioverf\u00fcgbarkeit - Markt-XXL","og_description":"Markt-XXL Coenzym Q10 200 mg \u2013 120 Kapseln - Aus Pflanzlicher Fermentation - Bioaktiv, Nat\u00fcrlich und Hohe Bioverf\u00fcgbarkeit","og_url":"https:\/\/marktxxl.de\/markt\/produkt\/coenzym-q10-200-mg-120-kapseln-aus-pflanzlicher-fermentation-bioaktiv-natuerlich-und-hohe-bioverfuegbarkeit\/","og_site_name":"Markt-XXL","twitter_card":"summary_large_image","twitter_misc":{"Gesch\u00e4tzte Lesezeit":"1\u00a0Minute"},"schema":{"@context":"https:\/\/schema.org","@graph":[{"@type":"WebPage","@id":"https:\/\/marktxxl.de\/markt\/produkt\/coenzym-q10-200-mg-120-kapseln-aus-pflanzlicher-fermentation-bioaktiv-natuerlich-und-hohe-bioverfuegbarkeit\/","url":"https:\/\/marktxxl.de\/markt\/produkt\/coenzym-q10-200-mg-120-kapseln-aus-pflanzlicher-fermentation-bioaktiv-natuerlich-und-hohe-bioverfuegbarkeit\/","name":"Coenzym Q10 200 mg \u2013 120 Kapseln - Aus Pflanzlicher Fermentation - Bioaktiv, Nat\u00fcrlich und Hohe Bioverf\u00fcgbarkeit - Markt-XXL","isPartOf":{"@id":"https:\/\/marktxxl.de\/markt\/#website"},"primaryImageOfPage":{"@id":"https:\/\/marktxxl.de\/markt\/produkt\/coenzym-q10-200-mg-120-kapseln-aus-pflanzlicher-fermentation-bioaktiv-natuerlich-und-hohe-bioverfuegbarkeit\/#primaryimage"},"image":{"@id":"https:\/\/marktxxl.de\/markt\/produkt\/coenzym-q10-200-mg-120-kapseln-aus-pflanzlicher-fermentation-bioaktiv-natuerlich-und-hohe-bioverfuegbarkeit\/#primaryimage"},"thumbnailUrl":"https:\/\/m.media-amazon.com\/images\/I\/41E4wJN+VVL._SL500_.jpg","datePublished":"2024-06-29T01:35:14+00:00","description":"Markt-XXL Coenzym Q10 200 mg \u2013 120 Kapseln - Aus Pflanzlicher Fermentation - Bioaktiv, Nat\u00fcrlich und Hohe Bioverf\u00fcgbarkeit","breadcrumb":{"@id":"https:\/\/marktxxl.de\/markt\/produkt\/coenzym-q10-200-mg-120-kapseln-aus-pflanzlicher-fermentation-bioaktiv-natuerlich-und-hohe-bioverfuegbarkeit\/#breadcrumb"},"inLanguage":"de","potentialAction":[{"@type":"ReadAction","target":["https:\/\/marktxxl.de\/markt\/produkt\/coenzym-q10-200-mg-120-kapseln-aus-pflanzlicher-fermentation-bioaktiv-natuerlich-und-hohe-bioverfuegbarkeit\/"]}]},{"@type":"ImageObject","inLanguage":"de","@id":"https:\/\/marktxxl.de\/markt\/produkt\/coenzym-q10-200-mg-120-kapseln-aus-pflanzlicher-fermentation-bioaktiv-natuerlich-und-hohe-bioverfuegbarkeit\/#primaryimage","url":"https:\/\/m.media-amazon.com\/images\/I\/41E4wJN+VVL._SL500_.jpg","contentUrl":"https:\/\/m.media-amazon.com\/images\/I\/41E4wJN+VVL._SL500_.jpg","width":318,"height":500},{"@type":"BreadcrumbList","@id":"https:\/\/marktxxl.de\/markt\/produkt\/coenzym-q10-200-mg-120-kapseln-aus-pflanzlicher-fermentation-bioaktiv-natuerlich-und-hohe-bioverfuegbarkeit\/#breadcrumb","itemListElement":[{"@type":"ListItem","position":1,"name":"Startseite","item":"https:\/\/marktxxl.de\/markt\/"},{"@type":"ListItem","position":2,"name":"Markt","item":"https:\/\/marktxxl.de\/markt\/"},{"@type":"ListItem","position":3,"name":"Coenzym Q10 200 mg \u2013 120 Kapseln &#8211; Aus Pflanzlicher Fermentation &#8211; Bioaktiv, Nat\u00fcrlich und Hohe Bioverf\u00fcgbarkeit"}]},{"@type":"WebSite","@id":"https:\/\/marktxxl.de\/markt\/#website","url":"https:\/\/marktxxl.de\/markt\/","name":"Markt-XXL","description":"Ihr Markt Online","publisher":{"@id":"https:\/\/marktxxl.de\/markt\/#organization"},"potentialAction":[{"@type":"SearchAction","target":{"@type":"EntryPoint","urlTemplate":"https:\/\/marktxxl.de\/markt\/?s={search_term_string}"},"query-input":{"@type":"PropertyValueSpecification","valueRequired":true,"valueName":"search_term_string"}}],"inLanguage":"de"},{"@type":"Organization","@id":"https:\/\/marktxxl.de\/markt\/#organization","name":"Markt-XXL","url":"https:\/\/marktxxl.de\/markt\/","logo":{"@type":"ImageObject","inLanguage":"de","@id":"https:\/\/marktxxl.de\/markt\/#\/schema\/logo\/image\/","url":"https:\/\/marktxxl.de\/markt\/wp-content\/uploads\/sites\/3\/2020\/12\/logo.png","contentUrl":"https:\/\/marktxxl.de\/markt\/wp-content\/uploads\/sites\/3\/2020\/12\/logo.png","width":200,"height":70,"caption":"Markt-XXL"},"image":{"@id":"https:\/\/marktxxl.de\/markt\/#\/schema\/logo\/image\/"}}]}},"_links":{"self":[{"href":"https:\/\/marktxxl.de\/markt\/wp-json\/wp\/v2\/product\/215213","targetHints":{"allow":["GET"]}}],"collection":[{"href":"https:\/\/marktxxl.de\/markt\/wp-json\/wp\/v2\/product"}],"about":[{"href":"https:\/\/marktxxl.de\/markt\/wp-json\/wp\/v2\/types\/product"}],"replies":[{"embeddable":true,"href":"https:\/\/marktxxl.de\/markt\/wp-json\/wp\/v2\/comments?post=215213"}],"wp:featuredmedia":[{"embeddable":true,"href":"https:\/\/marktxxl.de\/markt\/wp-json\/wp\/v2\/media\/215214"}],"wp:attachment":[{"href":"https:\/\/marktxxl.de\/markt\/wp-json\/wp\/v2\/media?parent=215213"}],"wp:term":[{"taxonomy":"product_brand","embeddable":true,"href":"https:\/\/marktxxl.de\/markt\/wp-json\/wp\/v2\/product_brand?post=215213"},{"taxonomy":"product_cat","embeddable":true,"href":"https:\/\/marktxxl.de\/markt\/wp-json\/wp\/v2\/product_cat?post=215213"},{"taxonomy":"product_tag","embeddable":true,"href":"https:\/\/marktxxl.de\/markt\/wp-json\/wp\/v2\/product_tag?post=215213"}],"curies":[{"name":"wp","href":"https:\/\/api.w.org\/{rel}","templated":true}]}}