{"id":215152,"date":"2024-06-29T03:26:02","date_gmt":"2024-06-29T01:26:02","guid":{"rendered":"https:\/\/marktxxl.de\/markt\/produkt\/lantelme-100-stueck-hygienehuellen-fuer-fieberthermometer-ohne-gleitmittel-hergestellt-in-schweden-fuer-erwachsene-baby-kinder-thermometer-schutzhuellen-4298\/"},"modified":"2024-06-29T03:26:02","modified_gmt":"2024-06-29T01:26:02","slug":"lantelme-100-stueck-hygienehuellen-fuer-fieberthermometer-ohne-gleitmittel-hergestellt-in-schweden-fuer-erwachsene-baby-kinder-thermometer-schutzhuellen-4298","status":"publish","type":"product","link":"https:\/\/marktxxl.de\/markt\/produkt\/lantelme-100-stueck-hygienehuellen-fuer-fieberthermometer-ohne-gleitmittel-hergestellt-in-schweden-fuer-erwachsene-baby-kinder-thermometer-schutzhuellen-4298\/","title":{"rendered":"Lantelme 100 St\u00fcck Hygieneh\u00fcllen f\u00fcr Fieberthermometer ohne Gleitmittel Hergestellt in Schweden f\u00fcr Erwachsene Baby Kinder Thermometer Schutzh\u00fcllen 4298"},"content":{"rendered":"<p>Lantelme 100 St\u00fcck Fieber Thermometer Hygieneh\u00fcllen ohne Gleitmittel<br \/>\nEin sauberes und steriles Thermometer ist wichtig. Mit den Wegwerfh\u00fcllen halten Sie Ihr Thermometer ohne den Einsatz von Alkohol oder anderen chemischen Mitteln sauber und somit steril, ganz ohne zus\u00e4tzliche Fl\u00fcssigkeiten. Einfache und praktische Anwendung f\u00fcr eine hygienische Messung mit dem Fieber Thermometer der K\u00f6rpertemperatur<br \/>\nHygiene Schutzh\u00fcllen f\u00fcr alle gebr\u00e4uchlichen Digital-Fieberthermometer. Eignet sich auch f\u00fcr Fieberthermometer mit fester oder flexibler Messspitze, auch Baby und Kinder Fiebertemperaturmessung. Die Verwendung dieser Abdeckungen beeintr\u00e4chtigt die Genauigkeit Ihres digitalen Thermometers nicht<br \/>\nDie Einmal Hyginieh\u00fcllen sind ohne Gleitmittel. Einfache Anwendung. Thermometer in die Schutzh\u00fclle einf\u00fchren, Schutzfolie entfernen und Temperatur hygienisch sicher messen. So k\u00f6nnen Sie sicher sein dass Sie die Verbreitung von Keimen und Viren verhindern. Empfohlen, wann immer mehrere Personen eines Haushalts ein Thermometer nutzen<br \/>\nStabile Folie. Frei von Latex und BPA. Hergestellt in Schweden. Lieferumfang 100 St\u00fcck Set Einmalh\u00fcllen ohne Gleitmittel in Polybeutel verpackt. Lantelme. Qualit\u00e4t seit \u00fcber 35 Jahren<br \/>\n<div class=\"main-cross-sell\" data-asin=\"B00DE9U8PG\">\n\n\t<div class=\"WooZone-cross-sell-loader\">\n\t\t<div>\n\t\t\t<div id=\"floatingBarsG\">\n\t\t\t\t<div class=\"blockG\" id=\"rotateG_01\"><\/div>\n\t\t\t\t<div class=\"blockG\" id=\"rotateG_02\"><\/div>\n\t\t\t\t<div class=\"blockG\" id=\"rotateG_03\"><\/div>\n\t\t\t\t<div class=\"blockG\" id=\"rotateG_04\"><\/div>\n\t\t\t\t<div class=\"blockG\" id=\"rotateG_05\"><\/div>\n\t\t\t\t<div class=\"blockG\" id=\"rotateG_06\"><\/div>\n\t\t\t\t<div class=\"blockG\" id=\"rotateG_07\"><\/div>\n\t\t\t\t<div class=\"blockG\" id=\"rotateG_08\"><\/div>\n\t\t\t<\/div>\n\t\t\t<div class=\"WooZone-cross-sell-loader-text\"><\/div>\n\t\t<\/div>\n\t<\/div>\n\n\t\t\n<\/div>\n<div style=\"clear:both;\"><\/div><\/p>\n","protected":false},"excerpt":{"rendered":"<p>Lantelme 100 St\u00fcck Fieber Thermometer Hygieneh\u00fcllen ohne Gleitmittel<br \/>\nEin sauberes und steriles Thermometer ist wichtig. Mit den Wegwerfh\u00fcllen halten Sie Ihr Thermometer ohne den Einsatz von Alkohol oder anderen chemischen Mitteln sauber und somit steril, ganz ohne zus\u00e4tzliche Fl\u00fcssigkeiten. Einfache und praktische Anwendung f\u00fcr eine hygienische Messung mit dem Fieber Thermometer der K\u00f6rpertemperatur<br \/>\nHygiene Schutzh\u00fcllen f\u00fcr alle gebr\u00e4uchlichen Digital-Fieberthermometer. Eignet sich auch f\u00fcr Fieberthermometer mit fester oder flexibler Messspitze, auch Baby und Kinder Fiebertemperaturmessung. Die Verwendung dieser Abdeckungen beeintr\u00e4chtigt die Genauigkeit Ihres digitalen Thermometers nicht<\/p>\n","protected":false},"featured_media":215153,"comment_status":"open","ping_status":"closed","template":"","meta":[],"product_brand":[],"product_cat":[566,5908],"product_tag":[],"class_list":{"0":"post-215152","1":"product","2":"type-product","3":"status-publish","4":"has-post-thumbnail","6":"product_cat-drogerie-koerperpflege","7":"product_cat-medizinische-geraete-verbrauchsmaterialien","8":"pa_brand-lantelme","9":"pa_color-transparent","10":"pa_height-0-787401574-zoll","11":"pa_languages-unbekannt-flaemisch","12":"pa_length-9-055118101-zoll","13":"pa_manufacturer-lantelme","14":"pa_width-6-299212592-zoll","16":"first","17":"instock","18":"sale","19":"shipping-taxable","20":"purchasable","21":"product-type-simple","22":"customify-col","23":"product-has-gallery"},"yoast_head":"<!-- This site is optimized with the Yoast SEO plugin v27.4 - https:\/\/yoast.com\/product\/yoast-seo-wordpress\/ -->\n<title>Lantelme 100 St\u00fcck Hygieneh\u00fcllen f\u00fcr Fieberthermometer ohne Gleitmittel Hergestellt in Schweden f\u00fcr Erwachsene Baby Kinder Thermometer Schutzh\u00fcllen 4298 - Markt-XXL<\/title>\n<meta name=\"description\" content=\"Markt-XXL Lantelme 100 St\u00fcck Hygieneh\u00fcllen f\u00fcr Fieberthermometer ohne Gleitmittel Hergestellt in Schweden f\u00fcr Erwachsene Baby Kinder Thermometer Schutzh\u00fcllen 4298\" \/>\n<meta name=\"robots\" content=\"index, follow, max-snippet:-1, max-image-preview:large, max-video-preview:-1\" \/>\n<link rel=\"canonical\" href=\"https:\/\/marktxxl.de\/markt\/produkt\/lantelme-100-stueck-hygienehuellen-fuer-fieberthermometer-ohne-gleitmittel-hergestellt-in-schweden-fuer-erwachsene-baby-kinder-thermometer-schutzhuellen-4298\/\" \/>\n<meta property=\"og:locale\" content=\"de_DE\" \/>\n<meta property=\"og:type\" content=\"article\" \/>\n<meta property=\"og:title\" content=\"Lantelme 100 St\u00fcck Hygieneh\u00fcllen f\u00fcr Fieberthermometer ohne Gleitmittel Hergestellt in Schweden f\u00fcr Erwachsene Baby Kinder Thermometer Schutzh\u00fcllen 4298 - Markt-XXL\" \/>\n<meta property=\"og:description\" content=\"Markt-XXL Lantelme 100 St\u00fcck Hygieneh\u00fcllen f\u00fcr Fieberthermometer ohne Gleitmittel Hergestellt in Schweden f\u00fcr Erwachsene Baby Kinder Thermometer Schutzh\u00fcllen 4298\" \/>\n<meta property=\"og:url\" content=\"https:\/\/marktxxl.de\/markt\/produkt\/lantelme-100-stueck-hygienehuellen-fuer-fieberthermometer-ohne-gleitmittel-hergestellt-in-schweden-fuer-erwachsene-baby-kinder-thermometer-schutzhuellen-4298\/\" \/>\n<meta property=\"og:site_name\" content=\"Markt-XXL\" \/>\n<meta name=\"twitter:card\" content=\"summary_large_image\" \/>\n<meta name=\"twitter:label1\" content=\"Gesch\u00e4tzte Lesezeit\" \/>\n\t<meta name=\"twitter:data1\" content=\"1\u00a0Minute\" \/>\n<script type=\"application\/ld+json\" class=\"yoast-schema-graph\">{\"@context\":\"https:\\\/\\\/schema.org\",\"@graph\":[{\"@type\":\"WebPage\",\"@id\":\"https:\\\/\\\/marktxxl.de\\\/markt\\\/produkt\\\/lantelme-100-stueck-hygienehuellen-fuer-fieberthermometer-ohne-gleitmittel-hergestellt-in-schweden-fuer-erwachsene-baby-kinder-thermometer-schutzhuellen-4298\\\/\",\"url\":\"https:\\\/\\\/marktxxl.de\\\/markt\\\/produkt\\\/lantelme-100-stueck-hygienehuellen-fuer-fieberthermometer-ohne-gleitmittel-hergestellt-in-schweden-fuer-erwachsene-baby-kinder-thermometer-schutzhuellen-4298\\\/\",\"name\":\"Lantelme 100 St\u00fcck Hygieneh\u00fcllen f\u00fcr Fieberthermometer ohne Gleitmittel Hergestellt in Schweden f\u00fcr Erwachsene Baby Kinder Thermometer Schutzh\u00fcllen 4298 - Markt-XXL\",\"isPartOf\":{\"@id\":\"https:\\\/\\\/marktxxl.de\\\/markt\\\/#website\"},\"primaryImageOfPage\":{\"@id\":\"https:\\\/\\\/marktxxl.de\\\/markt\\\/produkt\\\/lantelme-100-stueck-hygienehuellen-fuer-fieberthermometer-ohne-gleitmittel-hergestellt-in-schweden-fuer-erwachsene-baby-kinder-thermometer-schutzhuellen-4298\\\/#primaryimage\"},\"image\":{\"@id\":\"https:\\\/\\\/marktxxl.de\\\/markt\\\/produkt\\\/lantelme-100-stueck-hygienehuellen-fuer-fieberthermometer-ohne-gleitmittel-hergestellt-in-schweden-fuer-erwachsene-baby-kinder-thermometer-schutzhuellen-4298\\\/#primaryimage\"},\"thumbnailUrl\":\"https:\\\/\\\/m.media-amazon.com\\\/images\\\/I\\\/41FyXbSWRAL._SL500_.jpg\",\"datePublished\":\"2024-06-29T01:26:02+00:00\",\"description\":\"Markt-XXL Lantelme 100 St\u00fcck Hygieneh\u00fcllen f\u00fcr Fieberthermometer ohne Gleitmittel Hergestellt in Schweden f\u00fcr Erwachsene Baby Kinder Thermometer Schutzh\u00fcllen 4298\",\"breadcrumb\":{\"@id\":\"https:\\\/\\\/marktxxl.de\\\/markt\\\/produkt\\\/lantelme-100-stueck-hygienehuellen-fuer-fieberthermometer-ohne-gleitmittel-hergestellt-in-schweden-fuer-erwachsene-baby-kinder-thermometer-schutzhuellen-4298\\\/#breadcrumb\"},\"inLanguage\":\"de\",\"potentialAction\":[{\"@type\":\"ReadAction\",\"target\":[\"https:\\\/\\\/marktxxl.de\\\/markt\\\/produkt\\\/lantelme-100-stueck-hygienehuellen-fuer-fieberthermometer-ohne-gleitmittel-hergestellt-in-schweden-fuer-erwachsene-baby-kinder-thermometer-schutzhuellen-4298\\\/\"]}]},{\"@type\":\"ImageObject\",\"inLanguage\":\"de\",\"@id\":\"https:\\\/\\\/marktxxl.de\\\/markt\\\/produkt\\\/lantelme-100-stueck-hygienehuellen-fuer-fieberthermometer-ohne-gleitmittel-hergestellt-in-schweden-fuer-erwachsene-baby-kinder-thermometer-schutzhuellen-4298\\\/#primaryimage\",\"url\":\"https:\\\/\\\/m.media-amazon.com\\\/images\\\/I\\\/41FyXbSWRAL._SL500_.jpg\",\"contentUrl\":\"https:\\\/\\\/m.media-amazon.com\\\/images\\\/I\\\/41FyXbSWRAL._SL500_.jpg\",\"width\":500,\"height\":486},{\"@type\":\"BreadcrumbList\",\"@id\":\"https:\\\/\\\/marktxxl.de\\\/markt\\\/produkt\\\/lantelme-100-stueck-hygienehuellen-fuer-fieberthermometer-ohne-gleitmittel-hergestellt-in-schweden-fuer-erwachsene-baby-kinder-thermometer-schutzhuellen-4298\\\/#breadcrumb\",\"itemListElement\":[{\"@type\":\"ListItem\",\"position\":1,\"name\":\"Startseite\",\"item\":\"https:\\\/\\\/marktxxl.de\\\/markt\\\/\"},{\"@type\":\"ListItem\",\"position\":2,\"name\":\"Markt\",\"item\":\"https:\\\/\\\/marktxxl.de\\\/markt\\\/\"},{\"@type\":\"ListItem\",\"position\":3,\"name\":\"Lantelme 100 St\u00fcck Hygieneh\u00fcllen f\u00fcr Fieberthermometer ohne Gleitmittel Hergestellt in Schweden f\u00fcr Erwachsene Baby Kinder Thermometer Schutzh\u00fcllen 4298\"}]},{\"@type\":\"WebSite\",\"@id\":\"https:\\\/\\\/marktxxl.de\\\/markt\\\/#website\",\"url\":\"https:\\\/\\\/marktxxl.de\\\/markt\\\/\",\"name\":\"Markt-XXL\",\"description\":\"Ihr Markt Online\",\"publisher\":{\"@id\":\"https:\\\/\\\/marktxxl.de\\\/markt\\\/#organization\"},\"potentialAction\":[{\"@type\":\"SearchAction\",\"target\":{\"@type\":\"EntryPoint\",\"urlTemplate\":\"https:\\\/\\\/marktxxl.de\\\/markt\\\/?s={search_term_string}\"},\"query-input\":{\"@type\":\"PropertyValueSpecification\",\"valueRequired\":true,\"valueName\":\"search_term_string\"}}],\"inLanguage\":\"de\"},{\"@type\":\"Organization\",\"@id\":\"https:\\\/\\\/marktxxl.de\\\/markt\\\/#organization\",\"name\":\"Markt-XXL\",\"url\":\"https:\\\/\\\/marktxxl.de\\\/markt\\\/\",\"logo\":{\"@type\":\"ImageObject\",\"inLanguage\":\"de\",\"@id\":\"https:\\\/\\\/marktxxl.de\\\/markt\\\/#\\\/schema\\\/logo\\\/image\\\/\",\"url\":\"https:\\\/\\\/marktxxl.de\\\/markt\\\/wp-content\\\/uploads\\\/sites\\\/3\\\/2020\\\/12\\\/logo.png\",\"contentUrl\":\"https:\\\/\\\/marktxxl.de\\\/markt\\\/wp-content\\\/uploads\\\/sites\\\/3\\\/2020\\\/12\\\/logo.png\",\"width\":200,\"height\":70,\"caption\":\"Markt-XXL\"},\"image\":{\"@id\":\"https:\\\/\\\/marktxxl.de\\\/markt\\\/#\\\/schema\\\/logo\\\/image\\\/\"}}]}<\/script>\n<!-- \/ Yoast SEO plugin. -->","yoast_head_json":{"title":"Lantelme 100 St\u00fcck Hygieneh\u00fcllen f\u00fcr Fieberthermometer ohne Gleitmittel Hergestellt in Schweden f\u00fcr Erwachsene Baby Kinder Thermometer Schutzh\u00fcllen 4298 - Markt-XXL","description":"Markt-XXL Lantelme 100 St\u00fcck Hygieneh\u00fcllen f\u00fcr Fieberthermometer ohne Gleitmittel Hergestellt in Schweden f\u00fcr Erwachsene Baby Kinder Thermometer Schutzh\u00fcllen 4298","robots":{"index":"index","follow":"follow","max-snippet":"max-snippet:-1","max-image-preview":"max-image-preview:large","max-video-preview":"max-video-preview:-1"},"canonical":"https:\/\/marktxxl.de\/markt\/produkt\/lantelme-100-stueck-hygienehuellen-fuer-fieberthermometer-ohne-gleitmittel-hergestellt-in-schweden-fuer-erwachsene-baby-kinder-thermometer-schutzhuellen-4298\/","og_locale":"de_DE","og_type":"article","og_title":"Lantelme 100 St\u00fcck Hygieneh\u00fcllen f\u00fcr Fieberthermometer ohne Gleitmittel Hergestellt in Schweden f\u00fcr Erwachsene Baby Kinder Thermometer Schutzh\u00fcllen 4298 - Markt-XXL","og_description":"Markt-XXL Lantelme 100 St\u00fcck Hygieneh\u00fcllen f\u00fcr Fieberthermometer ohne Gleitmittel Hergestellt in Schweden f\u00fcr Erwachsene Baby Kinder Thermometer Schutzh\u00fcllen 4298","og_url":"https:\/\/marktxxl.de\/markt\/produkt\/lantelme-100-stueck-hygienehuellen-fuer-fieberthermometer-ohne-gleitmittel-hergestellt-in-schweden-fuer-erwachsene-baby-kinder-thermometer-schutzhuellen-4298\/","og_site_name":"Markt-XXL","twitter_card":"summary_large_image","twitter_misc":{"Gesch\u00e4tzte Lesezeit":"1\u00a0Minute"},"schema":{"@context":"https:\/\/schema.org","@graph":[{"@type":"WebPage","@id":"https:\/\/marktxxl.de\/markt\/produkt\/lantelme-100-stueck-hygienehuellen-fuer-fieberthermometer-ohne-gleitmittel-hergestellt-in-schweden-fuer-erwachsene-baby-kinder-thermometer-schutzhuellen-4298\/","url":"https:\/\/marktxxl.de\/markt\/produkt\/lantelme-100-stueck-hygienehuellen-fuer-fieberthermometer-ohne-gleitmittel-hergestellt-in-schweden-fuer-erwachsene-baby-kinder-thermometer-schutzhuellen-4298\/","name":"Lantelme 100 St\u00fcck Hygieneh\u00fcllen f\u00fcr Fieberthermometer ohne Gleitmittel Hergestellt in Schweden f\u00fcr Erwachsene Baby Kinder Thermometer Schutzh\u00fcllen 4298 - Markt-XXL","isPartOf":{"@id":"https:\/\/marktxxl.de\/markt\/#website"},"primaryImageOfPage":{"@id":"https:\/\/marktxxl.de\/markt\/produkt\/lantelme-100-stueck-hygienehuellen-fuer-fieberthermometer-ohne-gleitmittel-hergestellt-in-schweden-fuer-erwachsene-baby-kinder-thermometer-schutzhuellen-4298\/#primaryimage"},"image":{"@id":"https:\/\/marktxxl.de\/markt\/produkt\/lantelme-100-stueck-hygienehuellen-fuer-fieberthermometer-ohne-gleitmittel-hergestellt-in-schweden-fuer-erwachsene-baby-kinder-thermometer-schutzhuellen-4298\/#primaryimage"},"thumbnailUrl":"https:\/\/m.media-amazon.com\/images\/I\/41FyXbSWRAL._SL500_.jpg","datePublished":"2024-06-29T01:26:02+00:00","description":"Markt-XXL Lantelme 100 St\u00fcck Hygieneh\u00fcllen f\u00fcr Fieberthermometer ohne Gleitmittel Hergestellt in Schweden f\u00fcr Erwachsene Baby Kinder Thermometer Schutzh\u00fcllen 4298","breadcrumb":{"@id":"https:\/\/marktxxl.de\/markt\/produkt\/lantelme-100-stueck-hygienehuellen-fuer-fieberthermometer-ohne-gleitmittel-hergestellt-in-schweden-fuer-erwachsene-baby-kinder-thermometer-schutzhuellen-4298\/#breadcrumb"},"inLanguage":"de","potentialAction":[{"@type":"ReadAction","target":["https:\/\/marktxxl.de\/markt\/produkt\/lantelme-100-stueck-hygienehuellen-fuer-fieberthermometer-ohne-gleitmittel-hergestellt-in-schweden-fuer-erwachsene-baby-kinder-thermometer-schutzhuellen-4298\/"]}]},{"@type":"ImageObject","inLanguage":"de","@id":"https:\/\/marktxxl.de\/markt\/produkt\/lantelme-100-stueck-hygienehuellen-fuer-fieberthermometer-ohne-gleitmittel-hergestellt-in-schweden-fuer-erwachsene-baby-kinder-thermometer-schutzhuellen-4298\/#primaryimage","url":"https:\/\/m.media-amazon.com\/images\/I\/41FyXbSWRAL._SL500_.jpg","contentUrl":"https:\/\/m.media-amazon.com\/images\/I\/41FyXbSWRAL._SL500_.jpg","width":500,"height":486},{"@type":"BreadcrumbList","@id":"https:\/\/marktxxl.de\/markt\/produkt\/lantelme-100-stueck-hygienehuellen-fuer-fieberthermometer-ohne-gleitmittel-hergestellt-in-schweden-fuer-erwachsene-baby-kinder-thermometer-schutzhuellen-4298\/#breadcrumb","itemListElement":[{"@type":"ListItem","position":1,"name":"Startseite","item":"https:\/\/marktxxl.de\/markt\/"},{"@type":"ListItem","position":2,"name":"Markt","item":"https:\/\/marktxxl.de\/markt\/"},{"@type":"ListItem","position":3,"name":"Lantelme 100 St\u00fcck Hygieneh\u00fcllen f\u00fcr Fieberthermometer ohne Gleitmittel Hergestellt in Schweden f\u00fcr Erwachsene Baby Kinder Thermometer Schutzh\u00fcllen 4298"}]},{"@type":"WebSite","@id":"https:\/\/marktxxl.de\/markt\/#website","url":"https:\/\/marktxxl.de\/markt\/","name":"Markt-XXL","description":"Ihr Markt Online","publisher":{"@id":"https:\/\/marktxxl.de\/markt\/#organization"},"potentialAction":[{"@type":"SearchAction","target":{"@type":"EntryPoint","urlTemplate":"https:\/\/marktxxl.de\/markt\/?s={search_term_string}"},"query-input":{"@type":"PropertyValueSpecification","valueRequired":true,"valueName":"search_term_string"}}],"inLanguage":"de"},{"@type":"Organization","@id":"https:\/\/marktxxl.de\/markt\/#organization","name":"Markt-XXL","url":"https:\/\/marktxxl.de\/markt\/","logo":{"@type":"ImageObject","inLanguage":"de","@id":"https:\/\/marktxxl.de\/markt\/#\/schema\/logo\/image\/","url":"https:\/\/marktxxl.de\/markt\/wp-content\/uploads\/sites\/3\/2020\/12\/logo.png","contentUrl":"https:\/\/marktxxl.de\/markt\/wp-content\/uploads\/sites\/3\/2020\/12\/logo.png","width":200,"height":70,"caption":"Markt-XXL"},"image":{"@id":"https:\/\/marktxxl.de\/markt\/#\/schema\/logo\/image\/"}}]}},"_links":{"self":[{"href":"https:\/\/marktxxl.de\/markt\/wp-json\/wp\/v2\/product\/215152","targetHints":{"allow":["GET"]}}],"collection":[{"href":"https:\/\/marktxxl.de\/markt\/wp-json\/wp\/v2\/product"}],"about":[{"href":"https:\/\/marktxxl.de\/markt\/wp-json\/wp\/v2\/types\/product"}],"replies":[{"embeddable":true,"href":"https:\/\/marktxxl.de\/markt\/wp-json\/wp\/v2\/comments?post=215152"}],"wp:featuredmedia":[{"embeddable":true,"href":"https:\/\/marktxxl.de\/markt\/wp-json\/wp\/v2\/media\/215153"}],"wp:attachment":[{"href":"https:\/\/marktxxl.de\/markt\/wp-json\/wp\/v2\/media?parent=215152"}],"wp:term":[{"taxonomy":"product_brand","embeddable":true,"href":"https:\/\/marktxxl.de\/markt\/wp-json\/wp\/v2\/product_brand?post=215152"},{"taxonomy":"product_cat","embeddable":true,"href":"https:\/\/marktxxl.de\/markt\/wp-json\/wp\/v2\/product_cat?post=215152"},{"taxonomy":"product_tag","embeddable":true,"href":"https:\/\/marktxxl.de\/markt\/wp-json\/wp\/v2\/product_tag?post=215152"}],"curies":[{"name":"wp","href":"https:\/\/api.w.org\/{rel}","templated":true}]}}