{"id":215144,"date":"2024-06-29T03:25:36","date_gmt":"2024-06-29T01:25:36","guid":{"rendered":"https:\/\/marktxxl.de\/markt\/produkt\/octenisept-waessriges-wund-und-schleimhautantiseptikum-mit-guter-vertraeglichkeit-schmerzfreier-anwendung-und-schneller-wirkung-1000-ml-loesung\/"},"modified":"2024-06-29T03:25:36","modified_gmt":"2024-06-29T01:25:36","slug":"octenisept-waessriges-wund-und-schleimhautantiseptikum-mit-guter-vertraeglichkeit-schmerzfreier-anwendung-und-schneller-wirkung-1000-ml-loesung","status":"publish","type":"product","link":"https:\/\/marktxxl.de\/markt\/produkt\/octenisept-waessriges-wund-und-schleimhautantiseptikum-mit-guter-vertraeglichkeit-schmerzfreier-anwendung-und-schneller-wirkung-1000-ml-loesung\/","title":{"rendered":"octenisept &#8211; w\u00e4ssriges Wund- und Schleimhautantiseptikum mit guter Vertr\u00e4glichkeit, schmerzfreier Anwendung und schneller Wirkung, 1000 ml L\u00f6sung"},"content":{"rendered":"<p>ANTISEPTISCHE BEHANDLUNG VON WUNDEN &amp; SCHLEIMHAUT: Das klinisch bew\u00e4hrte Wirkstoff-Duo aus Octenidin und Phenoxyethanoll beugt Wundinfektionen durch Viren und Bakterien vor. Die L\u00f6sung enth\u00e4lt keinen Alkohol und ist schmerzfrei in der Anwendung.<br \/>\nGUTE VERTR\u00c4GLICHKEIT: Das Antiseptikum weist eine gute Haut- und Schleimhautvertr\u00e4glichkeit auf und ist auch f\u00fcr S\u00e4uglinge und Fr\u00fchgeborene geeignet. Das Desinfektionsmittel kann in der Schwangerschaft ab dem 4. Monat angewendet werden.<br \/>\nANWENDUNG: Die L\u00f6sung hat ein breites Wirkungsspektrum und wird je nach Anwendungsgebiet mittels Tupfer-Methode, als Spray oder als Mundsp\u00fclung angewendet. Je nach Anwendungsgebiet und gew\u00fcnschter Wirksamkeit betr\u00e4gt die Einwirkzeit 1 bis 2 Minuten.<br \/>\nAPOTHEKENPFLICHTIGES ARZNEIMITTEL (PZN 03853401). Zu Risiken und Nebenwirkungen lesen Sie die Packungsbeilage und fragen Sie Ihre \u00c4rztin, Ihren Arzt oder in Ihrer Apotheke.<br \/>\nORIGINALPRODUKT AUS DEUTSCHLAND: Hersteller &#8211; SCH\u00dcLKE &amp; MAYR GmbH. Wir sch\u00fctzen Leben weltweit!<br \/>\n<div class=\"main-cross-sell\" data-asin=\"B007A138UG\">\n\n\t<div class=\"WooZone-cross-sell-loader\">\n\t\t<div>\n\t\t\t<div id=\"floatingBarsG\">\n\t\t\t\t<div class=\"blockG\" id=\"rotateG_01\"><\/div>\n\t\t\t\t<div class=\"blockG\" id=\"rotateG_02\"><\/div>\n\t\t\t\t<div class=\"blockG\" id=\"rotateG_03\"><\/div>\n\t\t\t\t<div class=\"blockG\" id=\"rotateG_04\"><\/div>\n\t\t\t\t<div class=\"blockG\" id=\"rotateG_05\"><\/div>\n\t\t\t\t<div class=\"blockG\" id=\"rotateG_06\"><\/div>\n\t\t\t\t<div class=\"blockG\" id=\"rotateG_07\"><\/div>\n\t\t\t\t<div class=\"blockG\" id=\"rotateG_08\"><\/div>\n\t\t\t<\/div>\n\t\t\t<div class=\"WooZone-cross-sell-loader-text\"><\/div>\n\t\t<\/div>\n\t<\/div>\n\n\t\t\n<\/div>\n<div style=\"clear:both;\"><\/div><\/p>\n","protected":false},"excerpt":{"rendered":"<p>ANTISEPTISCHE BEHANDLUNG VON WUNDEN &amp; SCHLEIMHAUT: Das klinisch bew\u00e4hrte Wirkstoff-Duo aus Octenidin und Phenoxyethanoll beugt Wundinfektionen durch Viren und Bakterien vor. Die L\u00f6sung enth\u00e4lt keinen Alkohol und ist schmerzfrei in der Anwendung.<br \/>\nGUTE VERTR\u00c4GLICHKEIT: Das Antiseptikum weist eine gute Haut- und Schleimhautvertr\u00e4glichkeit auf und ist auch f\u00fcr S\u00e4uglinge und Fr\u00fchgeborene geeignet. Das Desinfektionsmittel kann in der Schwangerschaft ab dem 4. Monat angewendet werden.<br \/>\nANWENDUNG: Die L\u00f6sung hat ein breites Wirkungsspektrum und wird je nach Anwendungsgebiet mittels Tupfer-Methode, als Spray oder als Mundsp\u00fclung angewendet. Je nach Anwendungsgebiet und gew\u00fcnschter Wirksamkeit betr\u00e4gt die Einwirkzeit 1 bis 2 Minuten.<\/p>\n","protected":false},"featured_media":215145,"comment_status":"open","ping_status":"closed","template":"","meta":[],"product_brand":[],"product_cat":[566,5908],"product_tag":[],"class_list":{"0":"post-215144","1":"product","2":"type-product","3":"status-publish","4":"has-post-thumbnail","6":"product_cat-drogerie-koerperpflege","7":"product_cat-medizinische-geraete-verbrauchsmaterialien","8":"pa_binding-badartikel","9":"pa_brand-octenisept","10":"pa_height-8-07085-zoll","11":"pa_languages-unbekannt-deutsch","12":"pa_length-4-01574-zoll","13":"pa_manufacturer-schuelke-mayr-gmbh-deutschland","14":"pa_model-54211","15":"pa_size-1-l-1er-pack","16":"pa_weight-2-3809924296-pounds","17":"pa_width-3-129915-zoll","19":"first","20":"instock","21":"shipping-taxable","22":"purchasable","23":"product-type-simple","24":"customify-col","25":"product-has-gallery"},"yoast_head":"<!-- This site is optimized with the Yoast SEO plugin v27.4 - https:\/\/yoast.com\/product\/yoast-seo-wordpress\/ -->\n<title>octenisept - w\u00e4ssriges Wund- und Schleimhautantiseptikum mit guter Vertr\u00e4glichkeit, schmerzfreier Anwendung und schneller Wirkung, 1000 ml L\u00f6sung - Markt-XXL<\/title>\n<meta name=\"description\" content=\"Markt-XXL octenisept - w\u00e4ssriges Wund- und Schleimhautantiseptikum mit guter Vertr\u00e4glichkeit, schmerzfreier Anwendung und schneller Wirkung, 1000 ml L\u00f6sung\" \/>\n<meta name=\"robots\" content=\"index, follow, max-snippet:-1, max-image-preview:large, max-video-preview:-1\" \/>\n<link rel=\"canonical\" href=\"https:\/\/marktxxl.de\/markt\/produkt\/octenisept-waessriges-wund-und-schleimhautantiseptikum-mit-guter-vertraeglichkeit-schmerzfreier-anwendung-und-schneller-wirkung-1000-ml-loesung\/\" \/>\n<meta property=\"og:locale\" content=\"de_DE\" \/>\n<meta property=\"og:type\" content=\"article\" \/>\n<meta property=\"og:title\" content=\"octenisept - w\u00e4ssriges Wund- und Schleimhautantiseptikum mit guter Vertr\u00e4glichkeit, schmerzfreier Anwendung und schneller Wirkung, 1000 ml L\u00f6sung - Markt-XXL\" \/>\n<meta property=\"og:description\" content=\"Markt-XXL octenisept - w\u00e4ssriges Wund- und Schleimhautantiseptikum mit guter Vertr\u00e4glichkeit, schmerzfreier Anwendung und schneller Wirkung, 1000 ml L\u00f6sung\" \/>\n<meta property=\"og:url\" content=\"https:\/\/marktxxl.de\/markt\/produkt\/octenisept-waessriges-wund-und-schleimhautantiseptikum-mit-guter-vertraeglichkeit-schmerzfreier-anwendung-und-schneller-wirkung-1000-ml-loesung\/\" \/>\n<meta property=\"og:site_name\" content=\"Markt-XXL\" \/>\n<meta name=\"twitter:card\" content=\"summary_large_image\" \/>\n<meta name=\"twitter:label1\" content=\"Gesch\u00e4tzte Lesezeit\" \/>\n\t<meta name=\"twitter:data1\" content=\"1\u00a0Minute\" \/>\n<script type=\"application\/ld+json\" class=\"yoast-schema-graph\">{\"@context\":\"https:\\\/\\\/schema.org\",\"@graph\":[{\"@type\":\"WebPage\",\"@id\":\"https:\\\/\\\/marktxxl.de\\\/markt\\\/produkt\\\/octenisept-waessriges-wund-und-schleimhautantiseptikum-mit-guter-vertraeglichkeit-schmerzfreier-anwendung-und-schneller-wirkung-1000-ml-loesung\\\/\",\"url\":\"https:\\\/\\\/marktxxl.de\\\/markt\\\/produkt\\\/octenisept-waessriges-wund-und-schleimhautantiseptikum-mit-guter-vertraeglichkeit-schmerzfreier-anwendung-und-schneller-wirkung-1000-ml-loesung\\\/\",\"name\":\"octenisept - w\u00e4ssriges Wund- und Schleimhautantiseptikum mit guter Vertr\u00e4glichkeit, schmerzfreier Anwendung und schneller Wirkung, 1000 ml L\u00f6sung - Markt-XXL\",\"isPartOf\":{\"@id\":\"https:\\\/\\\/marktxxl.de\\\/markt\\\/#website\"},\"primaryImageOfPage\":{\"@id\":\"https:\\\/\\\/marktxxl.de\\\/markt\\\/produkt\\\/octenisept-waessriges-wund-und-schleimhautantiseptikum-mit-guter-vertraeglichkeit-schmerzfreier-anwendung-und-schneller-wirkung-1000-ml-loesung\\\/#primaryimage\"},\"image\":{\"@id\":\"https:\\\/\\\/marktxxl.de\\\/markt\\\/produkt\\\/octenisept-waessriges-wund-und-schleimhautantiseptikum-mit-guter-vertraeglichkeit-schmerzfreier-anwendung-und-schneller-wirkung-1000-ml-loesung\\\/#primaryimage\"},\"thumbnailUrl\":\"https:\\\/\\\/m.media-amazon.com\\\/images\\\/I\\\/31JMauIt9aL._SL500_.jpg\",\"datePublished\":\"2024-06-29T01:25:36+00:00\",\"description\":\"Markt-XXL octenisept - w\u00e4ssriges Wund- und Schleimhautantiseptikum mit guter Vertr\u00e4glichkeit, schmerzfreier Anwendung und schneller Wirkung, 1000 ml L\u00f6sung\",\"breadcrumb\":{\"@id\":\"https:\\\/\\\/marktxxl.de\\\/markt\\\/produkt\\\/octenisept-waessriges-wund-und-schleimhautantiseptikum-mit-guter-vertraeglichkeit-schmerzfreier-anwendung-und-schneller-wirkung-1000-ml-loesung\\\/#breadcrumb\"},\"inLanguage\":\"de\",\"potentialAction\":[{\"@type\":\"ReadAction\",\"target\":[\"https:\\\/\\\/marktxxl.de\\\/markt\\\/produkt\\\/octenisept-waessriges-wund-und-schleimhautantiseptikum-mit-guter-vertraeglichkeit-schmerzfreier-anwendung-und-schneller-wirkung-1000-ml-loesung\\\/\"]}]},{\"@type\":\"ImageObject\",\"inLanguage\":\"de\",\"@id\":\"https:\\\/\\\/marktxxl.de\\\/markt\\\/produkt\\\/octenisept-waessriges-wund-und-schleimhautantiseptikum-mit-guter-vertraeglichkeit-schmerzfreier-anwendung-und-schneller-wirkung-1000-ml-loesung\\\/#primaryimage\",\"url\":\"https:\\\/\\\/m.media-amazon.com\\\/images\\\/I\\\/31JMauIt9aL._SL500_.jpg\",\"contentUrl\":\"https:\\\/\\\/m.media-amazon.com\\\/images\\\/I\\\/31JMauIt9aL._SL500_.jpg\",\"width\":279,\"height\":500},{\"@type\":\"BreadcrumbList\",\"@id\":\"https:\\\/\\\/marktxxl.de\\\/markt\\\/produkt\\\/octenisept-waessriges-wund-und-schleimhautantiseptikum-mit-guter-vertraeglichkeit-schmerzfreier-anwendung-und-schneller-wirkung-1000-ml-loesung\\\/#breadcrumb\",\"itemListElement\":[{\"@type\":\"ListItem\",\"position\":1,\"name\":\"Startseite\",\"item\":\"https:\\\/\\\/marktxxl.de\\\/markt\\\/\"},{\"@type\":\"ListItem\",\"position\":2,\"name\":\"Markt\",\"item\":\"https:\\\/\\\/marktxxl.de\\\/markt\\\/\"},{\"@type\":\"ListItem\",\"position\":3,\"name\":\"octenisept &#8211; w\u00e4ssriges Wund- und Schleimhautantiseptikum mit guter Vertr\u00e4glichkeit, schmerzfreier Anwendung und schneller Wirkung, 1000 ml L\u00f6sung\"}]},{\"@type\":\"WebSite\",\"@id\":\"https:\\\/\\\/marktxxl.de\\\/markt\\\/#website\",\"url\":\"https:\\\/\\\/marktxxl.de\\\/markt\\\/\",\"name\":\"Markt-XXL\",\"description\":\"Ihr Markt Online\",\"publisher\":{\"@id\":\"https:\\\/\\\/marktxxl.de\\\/markt\\\/#organization\"},\"potentialAction\":[{\"@type\":\"SearchAction\",\"target\":{\"@type\":\"EntryPoint\",\"urlTemplate\":\"https:\\\/\\\/marktxxl.de\\\/markt\\\/?s={search_term_string}\"},\"query-input\":{\"@type\":\"PropertyValueSpecification\",\"valueRequired\":true,\"valueName\":\"search_term_string\"}}],\"inLanguage\":\"de\"},{\"@type\":\"Organization\",\"@id\":\"https:\\\/\\\/marktxxl.de\\\/markt\\\/#organization\",\"name\":\"Markt-XXL\",\"url\":\"https:\\\/\\\/marktxxl.de\\\/markt\\\/\",\"logo\":{\"@type\":\"ImageObject\",\"inLanguage\":\"de\",\"@id\":\"https:\\\/\\\/marktxxl.de\\\/markt\\\/#\\\/schema\\\/logo\\\/image\\\/\",\"url\":\"https:\\\/\\\/marktxxl.de\\\/markt\\\/wp-content\\\/uploads\\\/sites\\\/3\\\/2020\\\/12\\\/logo.png\",\"contentUrl\":\"https:\\\/\\\/marktxxl.de\\\/markt\\\/wp-content\\\/uploads\\\/sites\\\/3\\\/2020\\\/12\\\/logo.png\",\"width\":200,\"height\":70,\"caption\":\"Markt-XXL\"},\"image\":{\"@id\":\"https:\\\/\\\/marktxxl.de\\\/markt\\\/#\\\/schema\\\/logo\\\/image\\\/\"}}]}<\/script>\n<!-- \/ Yoast SEO plugin. -->","yoast_head_json":{"title":"octenisept - w\u00e4ssriges Wund- und Schleimhautantiseptikum mit guter Vertr\u00e4glichkeit, schmerzfreier Anwendung und schneller Wirkung, 1000 ml L\u00f6sung - Markt-XXL","description":"Markt-XXL octenisept - w\u00e4ssriges Wund- und Schleimhautantiseptikum mit guter Vertr\u00e4glichkeit, schmerzfreier Anwendung und schneller Wirkung, 1000 ml L\u00f6sung","robots":{"index":"index","follow":"follow","max-snippet":"max-snippet:-1","max-image-preview":"max-image-preview:large","max-video-preview":"max-video-preview:-1"},"canonical":"https:\/\/marktxxl.de\/markt\/produkt\/octenisept-waessriges-wund-und-schleimhautantiseptikum-mit-guter-vertraeglichkeit-schmerzfreier-anwendung-und-schneller-wirkung-1000-ml-loesung\/","og_locale":"de_DE","og_type":"article","og_title":"octenisept - w\u00e4ssriges Wund- und Schleimhautantiseptikum mit guter Vertr\u00e4glichkeit, schmerzfreier Anwendung und schneller Wirkung, 1000 ml L\u00f6sung - Markt-XXL","og_description":"Markt-XXL octenisept - w\u00e4ssriges Wund- und Schleimhautantiseptikum mit guter Vertr\u00e4glichkeit, schmerzfreier Anwendung und schneller Wirkung, 1000 ml L\u00f6sung","og_url":"https:\/\/marktxxl.de\/markt\/produkt\/octenisept-waessriges-wund-und-schleimhautantiseptikum-mit-guter-vertraeglichkeit-schmerzfreier-anwendung-und-schneller-wirkung-1000-ml-loesung\/","og_site_name":"Markt-XXL","twitter_card":"summary_large_image","twitter_misc":{"Gesch\u00e4tzte Lesezeit":"1\u00a0Minute"},"schema":{"@context":"https:\/\/schema.org","@graph":[{"@type":"WebPage","@id":"https:\/\/marktxxl.de\/markt\/produkt\/octenisept-waessriges-wund-und-schleimhautantiseptikum-mit-guter-vertraeglichkeit-schmerzfreier-anwendung-und-schneller-wirkung-1000-ml-loesung\/","url":"https:\/\/marktxxl.de\/markt\/produkt\/octenisept-waessriges-wund-und-schleimhautantiseptikum-mit-guter-vertraeglichkeit-schmerzfreier-anwendung-und-schneller-wirkung-1000-ml-loesung\/","name":"octenisept - w\u00e4ssriges Wund- und Schleimhautantiseptikum mit guter Vertr\u00e4glichkeit, schmerzfreier Anwendung und schneller Wirkung, 1000 ml L\u00f6sung - Markt-XXL","isPartOf":{"@id":"https:\/\/marktxxl.de\/markt\/#website"},"primaryImageOfPage":{"@id":"https:\/\/marktxxl.de\/markt\/produkt\/octenisept-waessriges-wund-und-schleimhautantiseptikum-mit-guter-vertraeglichkeit-schmerzfreier-anwendung-und-schneller-wirkung-1000-ml-loesung\/#primaryimage"},"image":{"@id":"https:\/\/marktxxl.de\/markt\/produkt\/octenisept-waessriges-wund-und-schleimhautantiseptikum-mit-guter-vertraeglichkeit-schmerzfreier-anwendung-und-schneller-wirkung-1000-ml-loesung\/#primaryimage"},"thumbnailUrl":"https:\/\/m.media-amazon.com\/images\/I\/31JMauIt9aL._SL500_.jpg","datePublished":"2024-06-29T01:25:36+00:00","description":"Markt-XXL octenisept - w\u00e4ssriges Wund- und Schleimhautantiseptikum mit guter Vertr\u00e4glichkeit, schmerzfreier Anwendung und schneller Wirkung, 1000 ml L\u00f6sung","breadcrumb":{"@id":"https:\/\/marktxxl.de\/markt\/produkt\/octenisept-waessriges-wund-und-schleimhautantiseptikum-mit-guter-vertraeglichkeit-schmerzfreier-anwendung-und-schneller-wirkung-1000-ml-loesung\/#breadcrumb"},"inLanguage":"de","potentialAction":[{"@type":"ReadAction","target":["https:\/\/marktxxl.de\/markt\/produkt\/octenisept-waessriges-wund-und-schleimhautantiseptikum-mit-guter-vertraeglichkeit-schmerzfreier-anwendung-und-schneller-wirkung-1000-ml-loesung\/"]}]},{"@type":"ImageObject","inLanguage":"de","@id":"https:\/\/marktxxl.de\/markt\/produkt\/octenisept-waessriges-wund-und-schleimhautantiseptikum-mit-guter-vertraeglichkeit-schmerzfreier-anwendung-und-schneller-wirkung-1000-ml-loesung\/#primaryimage","url":"https:\/\/m.media-amazon.com\/images\/I\/31JMauIt9aL._SL500_.jpg","contentUrl":"https:\/\/m.media-amazon.com\/images\/I\/31JMauIt9aL._SL500_.jpg","width":279,"height":500},{"@type":"BreadcrumbList","@id":"https:\/\/marktxxl.de\/markt\/produkt\/octenisept-waessriges-wund-und-schleimhautantiseptikum-mit-guter-vertraeglichkeit-schmerzfreier-anwendung-und-schneller-wirkung-1000-ml-loesung\/#breadcrumb","itemListElement":[{"@type":"ListItem","position":1,"name":"Startseite","item":"https:\/\/marktxxl.de\/markt\/"},{"@type":"ListItem","position":2,"name":"Markt","item":"https:\/\/marktxxl.de\/markt\/"},{"@type":"ListItem","position":3,"name":"octenisept &#8211; w\u00e4ssriges Wund- und Schleimhautantiseptikum mit guter Vertr\u00e4glichkeit, schmerzfreier Anwendung und schneller Wirkung, 1000 ml L\u00f6sung"}]},{"@type":"WebSite","@id":"https:\/\/marktxxl.de\/markt\/#website","url":"https:\/\/marktxxl.de\/markt\/","name":"Markt-XXL","description":"Ihr Markt Online","publisher":{"@id":"https:\/\/marktxxl.de\/markt\/#organization"},"potentialAction":[{"@type":"SearchAction","target":{"@type":"EntryPoint","urlTemplate":"https:\/\/marktxxl.de\/markt\/?s={search_term_string}"},"query-input":{"@type":"PropertyValueSpecification","valueRequired":true,"valueName":"search_term_string"}}],"inLanguage":"de"},{"@type":"Organization","@id":"https:\/\/marktxxl.de\/markt\/#organization","name":"Markt-XXL","url":"https:\/\/marktxxl.de\/markt\/","logo":{"@type":"ImageObject","inLanguage":"de","@id":"https:\/\/marktxxl.de\/markt\/#\/schema\/logo\/image\/","url":"https:\/\/marktxxl.de\/markt\/wp-content\/uploads\/sites\/3\/2020\/12\/logo.png","contentUrl":"https:\/\/marktxxl.de\/markt\/wp-content\/uploads\/sites\/3\/2020\/12\/logo.png","width":200,"height":70,"caption":"Markt-XXL"},"image":{"@id":"https:\/\/marktxxl.de\/markt\/#\/schema\/logo\/image\/"}}]}},"_links":{"self":[{"href":"https:\/\/marktxxl.de\/markt\/wp-json\/wp\/v2\/product\/215144","targetHints":{"allow":["GET"]}}],"collection":[{"href":"https:\/\/marktxxl.de\/markt\/wp-json\/wp\/v2\/product"}],"about":[{"href":"https:\/\/marktxxl.de\/markt\/wp-json\/wp\/v2\/types\/product"}],"replies":[{"embeddable":true,"href":"https:\/\/marktxxl.de\/markt\/wp-json\/wp\/v2\/comments?post=215144"}],"wp:featuredmedia":[{"embeddable":true,"href":"https:\/\/marktxxl.de\/markt\/wp-json\/wp\/v2\/media\/215145"}],"wp:attachment":[{"href":"https:\/\/marktxxl.de\/markt\/wp-json\/wp\/v2\/media?parent=215144"}],"wp:term":[{"taxonomy":"product_brand","embeddable":true,"href":"https:\/\/marktxxl.de\/markt\/wp-json\/wp\/v2\/product_brand?post=215144"},{"taxonomy":"product_cat","embeddable":true,"href":"https:\/\/marktxxl.de\/markt\/wp-json\/wp\/v2\/product_cat?post=215144"},{"taxonomy":"product_tag","embeddable":true,"href":"https:\/\/marktxxl.de\/markt\/wp-json\/wp\/v2\/product_tag?post=215144"}],"curies":[{"name":"wp","href":"https:\/\/api.w.org\/{rel}","templated":true}]}}