{"id":215116,"date":"2024-06-29T03:02:29","date_gmt":"2024-06-29T01:02:29","guid":{"rendered":"https:\/\/marktxxl.de\/markt\/produkt\/belavena-wc-sitzerhoehung-5cm-inkl-absenkautomatik-fuer-bequemes-sitzen-aufstehen-erhoehter-toilettensitz-aus-duroplast-bis-200-kg-belastbar\/"},"modified":"2024-06-29T03:02:29","modified_gmt":"2024-06-29T01:02:29","slug":"belavena-wc-sitzerhoehung-5cm-inkl-absenkautomatik-fuer-bequemes-sitzen-aufstehen-erhoehter-toilettensitz-aus-duroplast-bis-200-kg-belastbar","status":"publish","type":"product","link":"https:\/\/marktxxl.de\/markt\/produkt\/belavena-wc-sitzerhoehung-5cm-inkl-absenkautomatik-fuer-bequemes-sitzen-aufstehen-erhoehter-toilettensitz-aus-duroplast-bis-200-kg-belastbar\/","title":{"rendered":"BELAVENA\u00ae WC Sitzerh\u00f6hung 5cm inkl. Absenkautomatik f\u00fcr bequemes Sitzen &amp; Aufstehen\/Erh\u00f6hter Toilettensitz aus Duroplast bis 200 kg belastbar"},"content":{"rendered":"<p>\ud83e\ude75 \ud835\uddd8\ud835\uddff\ud835\uddf5\u00f6\ud835\uddf5\ud835\ude01\ud835\uddf2 \ud835\udde6\ud835\uddf6\ud835\ude01\ud835\ude07\ud835\uddfd\ud835\uddfc\ud835\ude00\ud835\uddf6\ud835\ude01\ud835\uddf6\ud835\uddfc\ud835\uddfb &#8211; Durch die Toilettensitzerh\u00f6hung um 5cm bietet der WC-Sitz unglaublichen Komfort! F\u00fcr gro\u00dfe Erwachsene sowie f\u00fcr Senioren und bewegungseingeschr\u00e4nkte Personen wird so der Gang zur Toilette vereinfacht<br \/>\n\ud83e\ude75 \ud835\uddda\ud835\uddf2\ud835\uddff\u00e4\ud835\ude02\ud835\ude00\ud835\uddf0\ud835\uddf5\ud835\uddf9\ud835\uddfc\ud835\ude00\ud835\uddf2\ud835\ude00 \ud835\udde6\ud835\uddf0\ud835\uddf5\ud835\uddf9\ud835\uddf6\ud835\uddf2\u00df\ud835\uddf2\ud835\uddfb &#8211; Dank der innovativen doppelten Absenkautomatik schlie\u00dft die WC Erh\u00f6hung ger\u00e4uschlos und verhindert so lautes Zuschlagen. Das erh\u00f6ht die Lebensdauer des Toilettensitz und sorgt f\u00fcr mehr Komfort im Bad<br \/>\n\ud83e\ude75 \ud835\uddd8\ud835\ude05\ud835\ude01\ud835\uddff\ud835\uddee \ud835\udde6\ud835\ude01\ud835\uddee\ud835\uddef\ud835\uddf6\ud835\uddf9 &amp; 200\ud835\uddf8\ud835\uddf4 \ud835\uddef\ud835\uddf2\ud835\uddf9\ud835\uddee\ud835\ude00\ud835\ude01\ud835\uddef\ud835\uddee\ud835\uddff &#8211; Durch die Montage von unten sowie den integrierten Winkelpuffern, die verhindern, dass der WC Sitz verrutscht, bietet der Toilettenaufsatz maximale Stabilit\u00e4t. Belastbar bis max. 200kg<br \/>\n\ud83e\ude75 \ud835\uddd8\ud835\uddf6\ud835\uddfb\ud835\uddf3\ud835\uddee\ud835\uddf0\ud835\uddf5 \ud835\udde0\ud835\uddfc\ud835\uddfb\ud835\ude01\ud835\uddee\ud835\uddf4\ud835\uddf2 \ud835\ude02\ud835\uddfb\ud835\uddf1 \ud835\udde3\ud835\uddee\ud835\ude00\ud835\ude00\ud835\uddf3\ud835\uddfc\ud835\uddff\ud835\uddfa &#8211; Das Anbringen des Toilettendeckels ist kinderleicht und in wenigen Minuten erledigt. Passend f\u00fcr alle handels\u00fcblichen WC&#8217;s, mit ovaler Form und die eine Verschraubung unterhalb der Keramik haben<br \/>\n\ud83e\ude75 \ud835\udde4\ud835\ude02\ud835\uddee\ud835\uddf9\ud835\uddf6\ud835\ude01\u00e4\ud835\ude01\ud835\ude00\ud835\ude03\ud835\uddf2\ud835\uddff\ud835\ude00\ud835\uddfd\ud835\uddff\ud835\uddf2\ud835\uddf0\ud835\uddf5\ud835\uddf2\ud835\uddfb &#8211; Hochwertige Produkte stehen bei uns an oberster Stelle. Wir versprechen dir, dich mit unserer Qualit\u00e4t zu \u00fcberzeugen! Sollte dies nicht der Fall sein, erstatten wir dir innerhalb von 30 Tagen den vollen Kaufbetrag<br \/>\n<div class=\"main-cross-sell\" data-asin=\"B09TW6H49R\">\n\n\t<div class=\"WooZone-cross-sell-loader\">\n\t\t<div>\n\t\t\t<div id=\"floatingBarsG\">\n\t\t\t\t<div class=\"blockG\" id=\"rotateG_01\"><\/div>\n\t\t\t\t<div class=\"blockG\" id=\"rotateG_02\"><\/div>\n\t\t\t\t<div class=\"blockG\" id=\"rotateG_03\"><\/div>\n\t\t\t\t<div class=\"blockG\" id=\"rotateG_04\"><\/div>\n\t\t\t\t<div class=\"blockG\" id=\"rotateG_05\"><\/div>\n\t\t\t\t<div class=\"blockG\" id=\"rotateG_06\"><\/div>\n\t\t\t\t<div class=\"blockG\" id=\"rotateG_07\"><\/div>\n\t\t\t\t<div class=\"blockG\" id=\"rotateG_08\"><\/div>\n\t\t\t<\/div>\n\t\t\t<div class=\"WooZone-cross-sell-loader-text\"><\/div>\n\t\t<\/div>\n\t<\/div>\n\n\t\t\n<\/div>\n<div style=\"clear:both;\"><\/div><\/p>\n","protected":false},"excerpt":{"rendered":"<p>\ud83e\ude75 \ud835\uddd8\ud835\uddff\ud835\uddf5\u00f6\ud835\uddf5\ud835\ude01\ud835\uddf2 \ud835\udde6\ud835\uddf6\ud835\ude01\ud835\ude07\ud835\uddfd\ud835\uddfc\ud835\ude00\ud835\uddf6\ud835\ude01\ud835\uddf6\ud835\uddfc\ud835\uddfb &#8211; Durch die Toilettensitzerh\u00f6hung um 5cm bietet der WC-Sitz unglaublichen Komfort! F\u00fcr gro\u00dfe Erwachsene sowie f\u00fcr Senioren und bewegungseingeschr\u00e4nkte Personen wird so der Gang zur Toilette vereinfacht<br \/>\n\ud83e\ude75 \ud835\uddda\ud835\uddf2\ud835\uddff\u00e4\ud835\ude02\ud835\ude00\ud835\uddf0\ud835\uddf5\ud835\uddf9\ud835\uddfc\ud835\ude00\ud835\uddf2\ud835\ude00 \ud835\udde6\ud835\uddf0\ud835\uddf5\ud835\uddf9\ud835\uddf6\ud835\uddf2\u00df\ud835\uddf2\ud835\uddfb &#8211; Dank der innovativen doppelten Absenkautomatik schlie\u00dft die WC Erh\u00f6hung ger\u00e4uschlos und verhindert so lautes Zuschlagen. Das erh\u00f6ht die Lebensdauer des Toilettensitz und sorgt f\u00fcr mehr Komfort im Bad<br \/>\n\ud83e\ude75 \ud835\uddd8\ud835\ude05\ud835\ude01\ud835\uddff\ud835\uddee \ud835\udde6\ud835\ude01\ud835\uddee\ud835\uddef\ud835\uddf6\ud835\uddf9 &amp; 200\ud835\uddf8\ud835\uddf4 \ud835\uddef\ud835\uddf2\ud835\uddf9\ud835\uddee\ud835\ude00\ud835\ude01\ud835\uddef\ud835\uddee\ud835\uddff &#8211; Durch die Montage von unten sowie den integrierten Winkelpuffern, die verhindern, dass der WC Sitz verrutscht, bietet der Toilettenaufsatz maximale Stabilit\u00e4t. Belastbar bis max. 200kg<\/p>\n","protected":false},"featured_media":215117,"comment_status":"open","ping_status":"closed","template":"","meta":[],"product_brand":[],"product_cat":[566,5908],"product_tag":[],"class_list":{"0":"post-215116","1":"product","2":"type-product","3":"status-publish","4":"has-post-thumbnail","6":"product_cat-drogerie-koerperpflege","7":"product_cat-medizinische-geraete-verbrauchsmaterialien","8":"pa_brand-belavena","9":"pa_manufacturer-belavena","10":"pa_model-bl-tse-1","12":"first","13":"instock","14":"sale","15":"shipping-taxable","16":"purchasable","17":"product-type-simple","18":"customify-col","19":"product-has-gallery"},"yoast_head":"<!-- This site is optimized with the Yoast SEO plugin v27.4 - https:\/\/yoast.com\/product\/yoast-seo-wordpress\/ -->\n<title>BELAVENA\u00ae WC Sitzerh\u00f6hung 5cm inkl. Absenkautomatik f\u00fcr bequemes Sitzen &amp; Aufstehen\/Erh\u00f6hter Toilettensitz aus Duroplast bis 200 kg belastbar - Markt-XXL<\/title>\n<meta name=\"description\" content=\"Markt-XXL BELAVENA\u00ae WC Sitzerh\u00f6hung 5cm inkl. Absenkautomatik f\u00fcr bequemes Sitzen &amp; Aufstehen\/Erh\u00f6hter Toilettensitz aus Duroplast bis 200 kg belastbar\" \/>\n<meta name=\"robots\" content=\"index, follow, max-snippet:-1, max-image-preview:large, max-video-preview:-1\" \/>\n<link rel=\"canonical\" href=\"https:\/\/marktxxl.de\/markt\/produkt\/belavena-wc-sitzerhoehung-5cm-inkl-absenkautomatik-fuer-bequemes-sitzen-aufstehen-erhoehter-toilettensitz-aus-duroplast-bis-200-kg-belastbar\/\" \/>\n<meta property=\"og:locale\" content=\"de_DE\" \/>\n<meta property=\"og:type\" content=\"article\" \/>\n<meta property=\"og:title\" content=\"BELAVENA\u00ae WC Sitzerh\u00f6hung 5cm inkl. Absenkautomatik f\u00fcr bequemes Sitzen &amp; Aufstehen\/Erh\u00f6hter Toilettensitz aus Duroplast bis 200 kg belastbar - Markt-XXL\" \/>\n<meta property=\"og:description\" content=\"Markt-XXL BELAVENA\u00ae WC Sitzerh\u00f6hung 5cm inkl. Absenkautomatik f\u00fcr bequemes Sitzen &amp; Aufstehen\/Erh\u00f6hter Toilettensitz aus Duroplast bis 200 kg belastbar\" \/>\n<meta property=\"og:url\" content=\"https:\/\/marktxxl.de\/markt\/produkt\/belavena-wc-sitzerhoehung-5cm-inkl-absenkautomatik-fuer-bequemes-sitzen-aufstehen-erhoehter-toilettensitz-aus-duroplast-bis-200-kg-belastbar\/\" \/>\n<meta property=\"og:site_name\" content=\"Markt-XXL\" \/>\n<meta name=\"twitter:card\" content=\"summary_large_image\" \/>\n<meta name=\"twitter:label1\" content=\"Gesch\u00e4tzte Lesezeit\" \/>\n\t<meta name=\"twitter:data1\" content=\"1\u00a0Minute\" \/>\n<script type=\"application\/ld+json\" class=\"yoast-schema-graph\">{\"@context\":\"https:\\\/\\\/schema.org\",\"@graph\":[{\"@type\":\"WebPage\",\"@id\":\"https:\\\/\\\/marktxxl.de\\\/markt\\\/produkt\\\/belavena-wc-sitzerhoehung-5cm-inkl-absenkautomatik-fuer-bequemes-sitzen-aufstehen-erhoehter-toilettensitz-aus-duroplast-bis-200-kg-belastbar\\\/\",\"url\":\"https:\\\/\\\/marktxxl.de\\\/markt\\\/produkt\\\/belavena-wc-sitzerhoehung-5cm-inkl-absenkautomatik-fuer-bequemes-sitzen-aufstehen-erhoehter-toilettensitz-aus-duroplast-bis-200-kg-belastbar\\\/\",\"name\":\"BELAVENA\u00ae WC Sitzerh\u00f6hung 5cm inkl. Absenkautomatik f\u00fcr bequemes Sitzen &amp; Aufstehen\\\/Erh\u00f6hter Toilettensitz aus Duroplast bis 200 kg belastbar - Markt-XXL\",\"isPartOf\":{\"@id\":\"https:\\\/\\\/marktxxl.de\\\/markt\\\/#website\"},\"primaryImageOfPage\":{\"@id\":\"https:\\\/\\\/marktxxl.de\\\/markt\\\/produkt\\\/belavena-wc-sitzerhoehung-5cm-inkl-absenkautomatik-fuer-bequemes-sitzen-aufstehen-erhoehter-toilettensitz-aus-duroplast-bis-200-kg-belastbar\\\/#primaryimage\"},\"image\":{\"@id\":\"https:\\\/\\\/marktxxl.de\\\/markt\\\/produkt\\\/belavena-wc-sitzerhoehung-5cm-inkl-absenkautomatik-fuer-bequemes-sitzen-aufstehen-erhoehter-toilettensitz-aus-duroplast-bis-200-kg-belastbar\\\/#primaryimage\"},\"thumbnailUrl\":\"https:\\\/\\\/m.media-amazon.com\\\/images\\\/I\\\/41uJ2zvbE0L._SL500_.jpg\",\"datePublished\":\"2024-06-29T01:02:29+00:00\",\"description\":\"Markt-XXL BELAVENA\u00ae WC Sitzerh\u00f6hung 5cm inkl. Absenkautomatik f\u00fcr bequemes Sitzen &amp; Aufstehen\\\/Erh\u00f6hter Toilettensitz aus Duroplast bis 200 kg belastbar\",\"breadcrumb\":{\"@id\":\"https:\\\/\\\/marktxxl.de\\\/markt\\\/produkt\\\/belavena-wc-sitzerhoehung-5cm-inkl-absenkautomatik-fuer-bequemes-sitzen-aufstehen-erhoehter-toilettensitz-aus-duroplast-bis-200-kg-belastbar\\\/#breadcrumb\"},\"inLanguage\":\"de\",\"potentialAction\":[{\"@type\":\"ReadAction\",\"target\":[\"https:\\\/\\\/marktxxl.de\\\/markt\\\/produkt\\\/belavena-wc-sitzerhoehung-5cm-inkl-absenkautomatik-fuer-bequemes-sitzen-aufstehen-erhoehter-toilettensitz-aus-duroplast-bis-200-kg-belastbar\\\/\"]}]},{\"@type\":\"ImageObject\",\"inLanguage\":\"de\",\"@id\":\"https:\\\/\\\/marktxxl.de\\\/markt\\\/produkt\\\/belavena-wc-sitzerhoehung-5cm-inkl-absenkautomatik-fuer-bequemes-sitzen-aufstehen-erhoehter-toilettensitz-aus-duroplast-bis-200-kg-belastbar\\\/#primaryimage\",\"url\":\"https:\\\/\\\/m.media-amazon.com\\\/images\\\/I\\\/41uJ2zvbE0L._SL500_.jpg\",\"contentUrl\":\"https:\\\/\\\/m.media-amazon.com\\\/images\\\/I\\\/41uJ2zvbE0L._SL500_.jpg\",\"width\":500,\"height\":500},{\"@type\":\"BreadcrumbList\",\"@id\":\"https:\\\/\\\/marktxxl.de\\\/markt\\\/produkt\\\/belavena-wc-sitzerhoehung-5cm-inkl-absenkautomatik-fuer-bequemes-sitzen-aufstehen-erhoehter-toilettensitz-aus-duroplast-bis-200-kg-belastbar\\\/#breadcrumb\",\"itemListElement\":[{\"@type\":\"ListItem\",\"position\":1,\"name\":\"Startseite\",\"item\":\"https:\\\/\\\/marktxxl.de\\\/markt\\\/\"},{\"@type\":\"ListItem\",\"position\":2,\"name\":\"Markt\",\"item\":\"https:\\\/\\\/marktxxl.de\\\/markt\\\/\"},{\"@type\":\"ListItem\",\"position\":3,\"name\":\"BELAVENA\u00ae WC Sitzerh\u00f6hung 5cm inkl. Absenkautomatik f\u00fcr bequemes Sitzen &amp; Aufstehen\\\/Erh\u00f6hter Toilettensitz aus Duroplast bis 200 kg belastbar\"}]},{\"@type\":\"WebSite\",\"@id\":\"https:\\\/\\\/marktxxl.de\\\/markt\\\/#website\",\"url\":\"https:\\\/\\\/marktxxl.de\\\/markt\\\/\",\"name\":\"Markt-XXL\",\"description\":\"Ihr Markt Online\",\"publisher\":{\"@id\":\"https:\\\/\\\/marktxxl.de\\\/markt\\\/#organization\"},\"potentialAction\":[{\"@type\":\"SearchAction\",\"target\":{\"@type\":\"EntryPoint\",\"urlTemplate\":\"https:\\\/\\\/marktxxl.de\\\/markt\\\/?s={search_term_string}\"},\"query-input\":{\"@type\":\"PropertyValueSpecification\",\"valueRequired\":true,\"valueName\":\"search_term_string\"}}],\"inLanguage\":\"de\"},{\"@type\":\"Organization\",\"@id\":\"https:\\\/\\\/marktxxl.de\\\/markt\\\/#organization\",\"name\":\"Markt-XXL\",\"url\":\"https:\\\/\\\/marktxxl.de\\\/markt\\\/\",\"logo\":{\"@type\":\"ImageObject\",\"inLanguage\":\"de\",\"@id\":\"https:\\\/\\\/marktxxl.de\\\/markt\\\/#\\\/schema\\\/logo\\\/image\\\/\",\"url\":\"https:\\\/\\\/marktxxl.de\\\/markt\\\/wp-content\\\/uploads\\\/sites\\\/3\\\/2020\\\/12\\\/logo.png\",\"contentUrl\":\"https:\\\/\\\/marktxxl.de\\\/markt\\\/wp-content\\\/uploads\\\/sites\\\/3\\\/2020\\\/12\\\/logo.png\",\"width\":200,\"height\":70,\"caption\":\"Markt-XXL\"},\"image\":{\"@id\":\"https:\\\/\\\/marktxxl.de\\\/markt\\\/#\\\/schema\\\/logo\\\/image\\\/\"}}]}<\/script>\n<!-- \/ Yoast SEO plugin. -->","yoast_head_json":{"title":"BELAVENA\u00ae WC Sitzerh\u00f6hung 5cm inkl. Absenkautomatik f\u00fcr bequemes Sitzen &amp; Aufstehen\/Erh\u00f6hter Toilettensitz aus Duroplast bis 200 kg belastbar - Markt-XXL","description":"Markt-XXL BELAVENA\u00ae WC Sitzerh\u00f6hung 5cm inkl. Absenkautomatik f\u00fcr bequemes Sitzen &amp; Aufstehen\/Erh\u00f6hter Toilettensitz aus Duroplast bis 200 kg belastbar","robots":{"index":"index","follow":"follow","max-snippet":"max-snippet:-1","max-image-preview":"max-image-preview:large","max-video-preview":"max-video-preview:-1"},"canonical":"https:\/\/marktxxl.de\/markt\/produkt\/belavena-wc-sitzerhoehung-5cm-inkl-absenkautomatik-fuer-bequemes-sitzen-aufstehen-erhoehter-toilettensitz-aus-duroplast-bis-200-kg-belastbar\/","og_locale":"de_DE","og_type":"article","og_title":"BELAVENA\u00ae WC Sitzerh\u00f6hung 5cm inkl. Absenkautomatik f\u00fcr bequemes Sitzen &amp; Aufstehen\/Erh\u00f6hter Toilettensitz aus Duroplast bis 200 kg belastbar - Markt-XXL","og_description":"Markt-XXL BELAVENA\u00ae WC Sitzerh\u00f6hung 5cm inkl. Absenkautomatik f\u00fcr bequemes Sitzen &amp; Aufstehen\/Erh\u00f6hter Toilettensitz aus Duroplast bis 200 kg belastbar","og_url":"https:\/\/marktxxl.de\/markt\/produkt\/belavena-wc-sitzerhoehung-5cm-inkl-absenkautomatik-fuer-bequemes-sitzen-aufstehen-erhoehter-toilettensitz-aus-duroplast-bis-200-kg-belastbar\/","og_site_name":"Markt-XXL","twitter_card":"summary_large_image","twitter_misc":{"Gesch\u00e4tzte Lesezeit":"1\u00a0Minute"},"schema":{"@context":"https:\/\/schema.org","@graph":[{"@type":"WebPage","@id":"https:\/\/marktxxl.de\/markt\/produkt\/belavena-wc-sitzerhoehung-5cm-inkl-absenkautomatik-fuer-bequemes-sitzen-aufstehen-erhoehter-toilettensitz-aus-duroplast-bis-200-kg-belastbar\/","url":"https:\/\/marktxxl.de\/markt\/produkt\/belavena-wc-sitzerhoehung-5cm-inkl-absenkautomatik-fuer-bequemes-sitzen-aufstehen-erhoehter-toilettensitz-aus-duroplast-bis-200-kg-belastbar\/","name":"BELAVENA\u00ae WC Sitzerh\u00f6hung 5cm inkl. Absenkautomatik f\u00fcr bequemes Sitzen &amp; Aufstehen\/Erh\u00f6hter Toilettensitz aus Duroplast bis 200 kg belastbar - Markt-XXL","isPartOf":{"@id":"https:\/\/marktxxl.de\/markt\/#website"},"primaryImageOfPage":{"@id":"https:\/\/marktxxl.de\/markt\/produkt\/belavena-wc-sitzerhoehung-5cm-inkl-absenkautomatik-fuer-bequemes-sitzen-aufstehen-erhoehter-toilettensitz-aus-duroplast-bis-200-kg-belastbar\/#primaryimage"},"image":{"@id":"https:\/\/marktxxl.de\/markt\/produkt\/belavena-wc-sitzerhoehung-5cm-inkl-absenkautomatik-fuer-bequemes-sitzen-aufstehen-erhoehter-toilettensitz-aus-duroplast-bis-200-kg-belastbar\/#primaryimage"},"thumbnailUrl":"https:\/\/m.media-amazon.com\/images\/I\/41uJ2zvbE0L._SL500_.jpg","datePublished":"2024-06-29T01:02:29+00:00","description":"Markt-XXL BELAVENA\u00ae WC Sitzerh\u00f6hung 5cm inkl. Absenkautomatik f\u00fcr bequemes Sitzen &amp; Aufstehen\/Erh\u00f6hter Toilettensitz aus Duroplast bis 200 kg belastbar","breadcrumb":{"@id":"https:\/\/marktxxl.de\/markt\/produkt\/belavena-wc-sitzerhoehung-5cm-inkl-absenkautomatik-fuer-bequemes-sitzen-aufstehen-erhoehter-toilettensitz-aus-duroplast-bis-200-kg-belastbar\/#breadcrumb"},"inLanguage":"de","potentialAction":[{"@type":"ReadAction","target":["https:\/\/marktxxl.de\/markt\/produkt\/belavena-wc-sitzerhoehung-5cm-inkl-absenkautomatik-fuer-bequemes-sitzen-aufstehen-erhoehter-toilettensitz-aus-duroplast-bis-200-kg-belastbar\/"]}]},{"@type":"ImageObject","inLanguage":"de","@id":"https:\/\/marktxxl.de\/markt\/produkt\/belavena-wc-sitzerhoehung-5cm-inkl-absenkautomatik-fuer-bequemes-sitzen-aufstehen-erhoehter-toilettensitz-aus-duroplast-bis-200-kg-belastbar\/#primaryimage","url":"https:\/\/m.media-amazon.com\/images\/I\/41uJ2zvbE0L._SL500_.jpg","contentUrl":"https:\/\/m.media-amazon.com\/images\/I\/41uJ2zvbE0L._SL500_.jpg","width":500,"height":500},{"@type":"BreadcrumbList","@id":"https:\/\/marktxxl.de\/markt\/produkt\/belavena-wc-sitzerhoehung-5cm-inkl-absenkautomatik-fuer-bequemes-sitzen-aufstehen-erhoehter-toilettensitz-aus-duroplast-bis-200-kg-belastbar\/#breadcrumb","itemListElement":[{"@type":"ListItem","position":1,"name":"Startseite","item":"https:\/\/marktxxl.de\/markt\/"},{"@type":"ListItem","position":2,"name":"Markt","item":"https:\/\/marktxxl.de\/markt\/"},{"@type":"ListItem","position":3,"name":"BELAVENA\u00ae WC Sitzerh\u00f6hung 5cm inkl. Absenkautomatik f\u00fcr bequemes Sitzen &amp; Aufstehen\/Erh\u00f6hter Toilettensitz aus Duroplast bis 200 kg belastbar"}]},{"@type":"WebSite","@id":"https:\/\/marktxxl.de\/markt\/#website","url":"https:\/\/marktxxl.de\/markt\/","name":"Markt-XXL","description":"Ihr Markt Online","publisher":{"@id":"https:\/\/marktxxl.de\/markt\/#organization"},"potentialAction":[{"@type":"SearchAction","target":{"@type":"EntryPoint","urlTemplate":"https:\/\/marktxxl.de\/markt\/?s={search_term_string}"},"query-input":{"@type":"PropertyValueSpecification","valueRequired":true,"valueName":"search_term_string"}}],"inLanguage":"de"},{"@type":"Organization","@id":"https:\/\/marktxxl.de\/markt\/#organization","name":"Markt-XXL","url":"https:\/\/marktxxl.de\/markt\/","logo":{"@type":"ImageObject","inLanguage":"de","@id":"https:\/\/marktxxl.de\/markt\/#\/schema\/logo\/image\/","url":"https:\/\/marktxxl.de\/markt\/wp-content\/uploads\/sites\/3\/2020\/12\/logo.png","contentUrl":"https:\/\/marktxxl.de\/markt\/wp-content\/uploads\/sites\/3\/2020\/12\/logo.png","width":200,"height":70,"caption":"Markt-XXL"},"image":{"@id":"https:\/\/marktxxl.de\/markt\/#\/schema\/logo\/image\/"}}]}},"_links":{"self":[{"href":"https:\/\/marktxxl.de\/markt\/wp-json\/wp\/v2\/product\/215116","targetHints":{"allow":["GET"]}}],"collection":[{"href":"https:\/\/marktxxl.de\/markt\/wp-json\/wp\/v2\/product"}],"about":[{"href":"https:\/\/marktxxl.de\/markt\/wp-json\/wp\/v2\/types\/product"}],"replies":[{"embeddable":true,"href":"https:\/\/marktxxl.de\/markt\/wp-json\/wp\/v2\/comments?post=215116"}],"wp:featuredmedia":[{"embeddable":true,"href":"https:\/\/marktxxl.de\/markt\/wp-json\/wp\/v2\/media\/215117"}],"wp:attachment":[{"href":"https:\/\/marktxxl.de\/markt\/wp-json\/wp\/v2\/media?parent=215116"}],"wp:term":[{"taxonomy":"product_brand","embeddable":true,"href":"https:\/\/marktxxl.de\/markt\/wp-json\/wp\/v2\/product_brand?post=215116"},{"taxonomy":"product_cat","embeddable":true,"href":"https:\/\/marktxxl.de\/markt\/wp-json\/wp\/v2\/product_cat?post=215116"},{"taxonomy":"product_tag","embeddable":true,"href":"https:\/\/marktxxl.de\/markt\/wp-json\/wp\/v2\/product_tag?post=215116"}],"curies":[{"name":"wp","href":"https:\/\/api.w.org\/{rel}","templated":true}]}}