{"id":215089,"date":"2024-06-29T02:59:34","date_gmt":"2024-06-29T00:59:34","guid":{"rendered":"https:\/\/marktxxl.de\/markt\/produkt\/nano-haarentferner-fuer-frauen-und-maennerupgrade-wiederverwendbarer-kristall-haarentferner-hair-remover-magischer-haarradierer-fuer-ruecken-arme-beine\/"},"modified":"2024-06-29T02:59:34","modified_gmt":"2024-06-29T00:59:34","slug":"nano-haarentferner-fuer-frauen-und-maennerupgrade-wiederverwendbarer-kristall-haarentferner-hair-remover-magischer-haarradierer-fuer-ruecken-arme-beine","status":"publish","type":"product","link":"https:\/\/marktxxl.de\/markt\/produkt\/nano-haarentferner-fuer-frauen-und-maennerupgrade-wiederverwendbarer-kristall-haarentferner-hair-remover-magischer-haarradierer-fuer-ruecken-arme-beine\/","title":{"rendered":"Nano Haarentferner f\u00fcr Frauen und M\u00e4nner,Upgrade Wiederverwendbarer Kristall Haarentferner Hair Remover Magischer Haarradierer f\u00fcr R\u00fccken, Arme, Beine"},"content":{"rendered":"<p>\u3010Schmerzloser Haarentferner\u3011 Unser Kristall-Haarradierer besteht aus hochwertigem Glas und ABS-Materialien, mit einer glatten Oberfl\u00e4che, sicher und zuverl\u00e4ssig. Mit der nanokristallinen Technologie entfernt Crystal Hair Eraser abgestorbene Haut und verbessert Ihren Hautton, ohne die Haut zu verletzen. Wenn Sie keine Lust mehr auf Rasierschnitte, schmerzhaftes Wachsen oder teure Laser haben, ist unser Crystal Hair Eraser eine gute Wahl!!!<br \/>\n\u3010Haarentfernungsger\u00e4t f\u00fcr alle Hauttypen\u3011 Das Kristall-Haarentfernungsger\u00e4t verklumpt die Haare, tr\u00e4gt den Haarentferner auf und peelt die Haut. Gleichzeitig hilft es der Haut, den Teint aufzuhellen und sich glatt anzuf\u00fchlen. Andererseits vermeiden Sie allergische Reaktionen auf die chemische Haarentfernung. Die physikalische Haarentfernung kann bei empfindlicher Haut angewendet werden und sch\u00fctzt gleichzeitig die Haut.<br \/>\n\u3010Anwendung\u3011Kristall-Haarradierer vor dem Gebrauch mit warmem Wasser behandeln und dann einfach kreisf\u00f6rmig auf die Haut reiben. Nach der Haarentfernung Lotion verwenden. Wenn Sie empfindliche Haut haben, ist es besser, es zuerst an Ihren Armen oder Beinen auszuprobieren, bevor Sie es an anderen Stellen anwenden. Achten Sie darauf, es nicht zu hart auf der Haut anzuwenden. Es wird empfohlen, es nicht an empfindlichen Stellen zu verwenden, wie z : Achselh\u00f6hlen, Bikinizone, Wangen, Brust usw.<br \/>\n\u3010Breite Anwendung\u3011 Kristall-Haarradierer kann sicher auf Kn\u00f6cheln, Armen, Beinen, Brust und R\u00fccken verwendet werden. Wenn sich Ihre Haut unangenehm anf\u00fchlt, mischen Sie ihn mit Wasser oder Creme, um Hautreizungen zu reduzieren. Dieses schmerzlose Haarentfernungsger\u00e4t ist ein Geschenk zur seidigen Haarentfernung f\u00fcr besondere Feste wie Erntedankfest, Geburtstage, Jubil\u00e4en usw.<br \/>\n<div class=\"main-cross-sell\" data-asin=\"B0D3HCLSDB\">\n\n\t<div class=\"WooZone-cross-sell-loader\">\n\t\t<div>\n\t\t\t<div id=\"floatingBarsG\">\n\t\t\t\t<div class=\"blockG\" id=\"rotateG_01\"><\/div>\n\t\t\t\t<div class=\"blockG\" id=\"rotateG_02\"><\/div>\n\t\t\t\t<div class=\"blockG\" id=\"rotateG_03\"><\/div>\n\t\t\t\t<div class=\"blockG\" id=\"rotateG_04\"><\/div>\n\t\t\t\t<div class=\"blockG\" id=\"rotateG_05\"><\/div>\n\t\t\t\t<div class=\"blockG\" id=\"rotateG_06\"><\/div>\n\t\t\t\t<div class=\"blockG\" id=\"rotateG_07\"><\/div>\n\t\t\t\t<div class=\"blockG\" id=\"rotateG_08\"><\/div>\n\t\t\t<\/div>\n\t\t\t<div class=\"WooZone-cross-sell-loader-text\"><\/div>\n\t\t<\/div>\n\t<\/div>\n\n\t\t\n<\/div>\n<div style=\"clear:both;\"><\/div><\/p>\n","protected":false},"excerpt":{"rendered":"<p>\u3010Schmerzloser Haarentferner\u3011 Unser Kristall-Haarradierer besteht aus hochwertigem Glas und ABS-Materialien, mit einer glatten Oberfl\u00e4che, sicher und zuverl\u00e4ssig. Mit der nanokristallinen Technologie entfernt Crystal Hair Eraser abgestorbene Haut und verbessert Ihren Hautton, ohne die Haut zu verletzen. Wenn Sie keine Lust mehr auf Rasierschnitte, schmerzhaftes Wachsen oder teure Laser haben, ist unser Crystal Hair Eraser eine gute Wahl!!!<br \/>\n\u3010Haarentfernungsger\u00e4t f\u00fcr alle Hauttypen\u3011 Das Kristall-Haarentfernungsger\u00e4t verklumpt die Haare, tr\u00e4gt den Haarentferner auf und peelt die Haut. Gleichzeitig hilft es der Haut, den Teint aufzuhellen und sich glatt anzuf\u00fchlen. Andererseits vermeiden Sie allergische Reaktionen auf die chemische Haarentfernung. Die physikalische Haarentfernung kann bei empfindlicher Haut angewendet werden und sch\u00fctzt gleichzeitig die Haut.<br \/>\n\u3010Anwendung\u3011Kristall-Haarradierer vor dem Gebrauch mit warmem Wasser behandeln und dann einfach kreisf\u00f6rmig auf die Haut reiben. Nach der Haarentfernung Lotion verwenden. Wenn Sie empfindliche Haut haben, ist es besser, es zuerst an Ihren Armen oder Beinen auszuprobieren, bevor Sie es an anderen Stellen anwenden. Achten Sie darauf, es nicht zu hart auf der Haut anzuwenden. Es wird empfohlen, es nicht an empfindlichen Stellen zu verwenden, wie z : Achselh\u00f6hlen, Bikinizone, Wangen, Brust usw.<\/p>\n","protected":false},"featured_media":215090,"comment_status":"open","ping_status":"closed","template":"","meta":[],"product_brand":[],"product_cat":[566,6190],"product_tag":[],"class_list":{"0":"post-215089","1":"product","2":"type-product","3":"status-publish","4":"has-post-thumbnail","6":"product_cat-drogerie-koerperpflege","7":"product_cat-rasur-enthaarung","8":"pa_binding-badartikel","9":"pa_brand-ahybzn","10":"pa_color-blau","11":"pa_manufacturer-ahybzn","12":"pa_model-nmqm","13":"pa_size-10-5","15":"first","16":"instock","17":"shipping-taxable","18":"purchasable","19":"product-type-simple","20":"customify-col","21":"product-has-gallery"},"yoast_head":"<!-- This site is optimized with the Yoast SEO plugin v27.4 - https:\/\/yoast.com\/product\/yoast-seo-wordpress\/ -->\n<title>Nano Haarentferner f\u00fcr Frauen und M\u00e4nner,Upgrade Wiederverwendbarer Kristall Haarentferner Hair Remover Magischer Haarradierer f\u00fcr R\u00fccken, Arme, Beine - Markt-XXL<\/title>\n<meta name=\"description\" content=\"Markt-XXL Nano Haarentferner f\u00fcr Frauen und M\u00e4nner,Upgrade Wiederverwendbarer Kristall Haarentferner Hair Remover Magischer Haarradierer f\u00fcr R\u00fccken, Arme, Beine\" \/>\n<meta name=\"robots\" content=\"index, follow, max-snippet:-1, max-image-preview:large, max-video-preview:-1\" \/>\n<link rel=\"canonical\" href=\"https:\/\/marktxxl.de\/markt\/produkt\/nano-haarentferner-fuer-frauen-und-maennerupgrade-wiederverwendbarer-kristall-haarentferner-hair-remover-magischer-haarradierer-fuer-ruecken-arme-beine\/\" \/>\n<meta property=\"og:locale\" content=\"de_DE\" \/>\n<meta property=\"og:type\" content=\"article\" \/>\n<meta property=\"og:title\" content=\"Nano Haarentferner f\u00fcr Frauen und M\u00e4nner,Upgrade Wiederverwendbarer Kristall Haarentferner Hair Remover Magischer Haarradierer f\u00fcr R\u00fccken, Arme, Beine - Markt-XXL\" \/>\n<meta property=\"og:description\" content=\"Markt-XXL Nano Haarentferner f\u00fcr Frauen und M\u00e4nner,Upgrade Wiederverwendbarer Kristall Haarentferner Hair Remover Magischer Haarradierer f\u00fcr R\u00fccken, Arme, Beine\" \/>\n<meta property=\"og:url\" content=\"https:\/\/marktxxl.de\/markt\/produkt\/nano-haarentferner-fuer-frauen-und-maennerupgrade-wiederverwendbarer-kristall-haarentferner-hair-remover-magischer-haarradierer-fuer-ruecken-arme-beine\/\" \/>\n<meta property=\"og:site_name\" content=\"Markt-XXL\" \/>\n<meta name=\"twitter:card\" content=\"summary_large_image\" \/>\n<meta name=\"twitter:label1\" content=\"Gesch\u00e4tzte Lesezeit\" \/>\n\t<meta name=\"twitter:data1\" content=\"1\u00a0Minute\" \/>\n<script type=\"application\/ld+json\" class=\"yoast-schema-graph\">{\"@context\":\"https:\\\/\\\/schema.org\",\"@graph\":[{\"@type\":\"WebPage\",\"@id\":\"https:\\\/\\\/marktxxl.de\\\/markt\\\/produkt\\\/nano-haarentferner-fuer-frauen-und-maennerupgrade-wiederverwendbarer-kristall-haarentferner-hair-remover-magischer-haarradierer-fuer-ruecken-arme-beine\\\/\",\"url\":\"https:\\\/\\\/marktxxl.de\\\/markt\\\/produkt\\\/nano-haarentferner-fuer-frauen-und-maennerupgrade-wiederverwendbarer-kristall-haarentferner-hair-remover-magischer-haarradierer-fuer-ruecken-arme-beine\\\/\",\"name\":\"Nano Haarentferner f\u00fcr Frauen und M\u00e4nner,Upgrade Wiederverwendbarer Kristall Haarentferner Hair Remover Magischer Haarradierer f\u00fcr R\u00fccken, Arme, Beine - Markt-XXL\",\"isPartOf\":{\"@id\":\"https:\\\/\\\/marktxxl.de\\\/markt\\\/#website\"},\"primaryImageOfPage\":{\"@id\":\"https:\\\/\\\/marktxxl.de\\\/markt\\\/produkt\\\/nano-haarentferner-fuer-frauen-und-maennerupgrade-wiederverwendbarer-kristall-haarentferner-hair-remover-magischer-haarradierer-fuer-ruecken-arme-beine\\\/#primaryimage\"},\"image\":{\"@id\":\"https:\\\/\\\/marktxxl.de\\\/markt\\\/produkt\\\/nano-haarentferner-fuer-frauen-und-maennerupgrade-wiederverwendbarer-kristall-haarentferner-hair-remover-magischer-haarradierer-fuer-ruecken-arme-beine\\\/#primaryimage\"},\"thumbnailUrl\":\"https:\\\/\\\/m.media-amazon.com\\\/images\\\/I\\\/51cGo6v+3FL._SL500_.jpg\",\"datePublished\":\"2024-06-29T00:59:34+00:00\",\"description\":\"Markt-XXL Nano Haarentferner f\u00fcr Frauen und M\u00e4nner,Upgrade Wiederverwendbarer Kristall Haarentferner Hair Remover Magischer Haarradierer f\u00fcr R\u00fccken, Arme, Beine\",\"breadcrumb\":{\"@id\":\"https:\\\/\\\/marktxxl.de\\\/markt\\\/produkt\\\/nano-haarentferner-fuer-frauen-und-maennerupgrade-wiederverwendbarer-kristall-haarentferner-hair-remover-magischer-haarradierer-fuer-ruecken-arme-beine\\\/#breadcrumb\"},\"inLanguage\":\"de\",\"potentialAction\":[{\"@type\":\"ReadAction\",\"target\":[\"https:\\\/\\\/marktxxl.de\\\/markt\\\/produkt\\\/nano-haarentferner-fuer-frauen-und-maennerupgrade-wiederverwendbarer-kristall-haarentferner-hair-remover-magischer-haarradierer-fuer-ruecken-arme-beine\\\/\"]}]},{\"@type\":\"ImageObject\",\"inLanguage\":\"de\",\"@id\":\"https:\\\/\\\/marktxxl.de\\\/markt\\\/produkt\\\/nano-haarentferner-fuer-frauen-und-maennerupgrade-wiederverwendbarer-kristall-haarentferner-hair-remover-magischer-haarradierer-fuer-ruecken-arme-beine\\\/#primaryimage\",\"url\":\"https:\\\/\\\/m.media-amazon.com\\\/images\\\/I\\\/51cGo6v+3FL._SL500_.jpg\",\"contentUrl\":\"https:\\\/\\\/m.media-amazon.com\\\/images\\\/I\\\/51cGo6v+3FL._SL500_.jpg\",\"width\":500,\"height\":500},{\"@type\":\"BreadcrumbList\",\"@id\":\"https:\\\/\\\/marktxxl.de\\\/markt\\\/produkt\\\/nano-haarentferner-fuer-frauen-und-maennerupgrade-wiederverwendbarer-kristall-haarentferner-hair-remover-magischer-haarradierer-fuer-ruecken-arme-beine\\\/#breadcrumb\",\"itemListElement\":[{\"@type\":\"ListItem\",\"position\":1,\"name\":\"Startseite\",\"item\":\"https:\\\/\\\/marktxxl.de\\\/markt\\\/\"},{\"@type\":\"ListItem\",\"position\":2,\"name\":\"Markt\",\"item\":\"https:\\\/\\\/marktxxl.de\\\/markt\\\/\"},{\"@type\":\"ListItem\",\"position\":3,\"name\":\"Nano Haarentferner f\u00fcr Frauen und M\u00e4nner,Upgrade Wiederverwendbarer Kristall Haarentferner Hair Remover Magischer Haarradierer f\u00fcr R\u00fccken, Arme, Beine\"}]},{\"@type\":\"WebSite\",\"@id\":\"https:\\\/\\\/marktxxl.de\\\/markt\\\/#website\",\"url\":\"https:\\\/\\\/marktxxl.de\\\/markt\\\/\",\"name\":\"Markt-XXL\",\"description\":\"Ihr Markt Online\",\"publisher\":{\"@id\":\"https:\\\/\\\/marktxxl.de\\\/markt\\\/#organization\"},\"potentialAction\":[{\"@type\":\"SearchAction\",\"target\":{\"@type\":\"EntryPoint\",\"urlTemplate\":\"https:\\\/\\\/marktxxl.de\\\/markt\\\/?s={search_term_string}\"},\"query-input\":{\"@type\":\"PropertyValueSpecification\",\"valueRequired\":true,\"valueName\":\"search_term_string\"}}],\"inLanguage\":\"de\"},{\"@type\":\"Organization\",\"@id\":\"https:\\\/\\\/marktxxl.de\\\/markt\\\/#organization\",\"name\":\"Markt-XXL\",\"url\":\"https:\\\/\\\/marktxxl.de\\\/markt\\\/\",\"logo\":{\"@type\":\"ImageObject\",\"inLanguage\":\"de\",\"@id\":\"https:\\\/\\\/marktxxl.de\\\/markt\\\/#\\\/schema\\\/logo\\\/image\\\/\",\"url\":\"https:\\\/\\\/marktxxl.de\\\/markt\\\/wp-content\\\/uploads\\\/sites\\\/3\\\/2020\\\/12\\\/logo.png\",\"contentUrl\":\"https:\\\/\\\/marktxxl.de\\\/markt\\\/wp-content\\\/uploads\\\/sites\\\/3\\\/2020\\\/12\\\/logo.png\",\"width\":200,\"height\":70,\"caption\":\"Markt-XXL\"},\"image\":{\"@id\":\"https:\\\/\\\/marktxxl.de\\\/markt\\\/#\\\/schema\\\/logo\\\/image\\\/\"}}]}<\/script>\n<!-- \/ Yoast SEO plugin. -->","yoast_head_json":{"title":"Nano Haarentferner f\u00fcr Frauen und M\u00e4nner,Upgrade Wiederverwendbarer Kristall Haarentferner Hair Remover Magischer Haarradierer f\u00fcr R\u00fccken, Arme, Beine - Markt-XXL","description":"Markt-XXL Nano Haarentferner f\u00fcr Frauen und M\u00e4nner,Upgrade Wiederverwendbarer Kristall Haarentferner Hair Remover Magischer Haarradierer f\u00fcr R\u00fccken, Arme, Beine","robots":{"index":"index","follow":"follow","max-snippet":"max-snippet:-1","max-image-preview":"max-image-preview:large","max-video-preview":"max-video-preview:-1"},"canonical":"https:\/\/marktxxl.de\/markt\/produkt\/nano-haarentferner-fuer-frauen-und-maennerupgrade-wiederverwendbarer-kristall-haarentferner-hair-remover-magischer-haarradierer-fuer-ruecken-arme-beine\/","og_locale":"de_DE","og_type":"article","og_title":"Nano Haarentferner f\u00fcr Frauen und M\u00e4nner,Upgrade Wiederverwendbarer Kristall Haarentferner Hair Remover Magischer Haarradierer f\u00fcr R\u00fccken, Arme, Beine - Markt-XXL","og_description":"Markt-XXL Nano Haarentferner f\u00fcr Frauen und M\u00e4nner,Upgrade Wiederverwendbarer Kristall Haarentferner Hair Remover Magischer Haarradierer f\u00fcr R\u00fccken, Arme, Beine","og_url":"https:\/\/marktxxl.de\/markt\/produkt\/nano-haarentferner-fuer-frauen-und-maennerupgrade-wiederverwendbarer-kristall-haarentferner-hair-remover-magischer-haarradierer-fuer-ruecken-arme-beine\/","og_site_name":"Markt-XXL","twitter_card":"summary_large_image","twitter_misc":{"Gesch\u00e4tzte Lesezeit":"1\u00a0Minute"},"schema":{"@context":"https:\/\/schema.org","@graph":[{"@type":"WebPage","@id":"https:\/\/marktxxl.de\/markt\/produkt\/nano-haarentferner-fuer-frauen-und-maennerupgrade-wiederverwendbarer-kristall-haarentferner-hair-remover-magischer-haarradierer-fuer-ruecken-arme-beine\/","url":"https:\/\/marktxxl.de\/markt\/produkt\/nano-haarentferner-fuer-frauen-und-maennerupgrade-wiederverwendbarer-kristall-haarentferner-hair-remover-magischer-haarradierer-fuer-ruecken-arme-beine\/","name":"Nano Haarentferner f\u00fcr Frauen und M\u00e4nner,Upgrade Wiederverwendbarer Kristall Haarentferner Hair Remover Magischer Haarradierer f\u00fcr R\u00fccken, Arme, Beine - Markt-XXL","isPartOf":{"@id":"https:\/\/marktxxl.de\/markt\/#website"},"primaryImageOfPage":{"@id":"https:\/\/marktxxl.de\/markt\/produkt\/nano-haarentferner-fuer-frauen-und-maennerupgrade-wiederverwendbarer-kristall-haarentferner-hair-remover-magischer-haarradierer-fuer-ruecken-arme-beine\/#primaryimage"},"image":{"@id":"https:\/\/marktxxl.de\/markt\/produkt\/nano-haarentferner-fuer-frauen-und-maennerupgrade-wiederverwendbarer-kristall-haarentferner-hair-remover-magischer-haarradierer-fuer-ruecken-arme-beine\/#primaryimage"},"thumbnailUrl":"https:\/\/m.media-amazon.com\/images\/I\/51cGo6v+3FL._SL500_.jpg","datePublished":"2024-06-29T00:59:34+00:00","description":"Markt-XXL Nano Haarentferner f\u00fcr Frauen und M\u00e4nner,Upgrade Wiederverwendbarer Kristall Haarentferner Hair Remover Magischer Haarradierer f\u00fcr R\u00fccken, Arme, Beine","breadcrumb":{"@id":"https:\/\/marktxxl.de\/markt\/produkt\/nano-haarentferner-fuer-frauen-und-maennerupgrade-wiederverwendbarer-kristall-haarentferner-hair-remover-magischer-haarradierer-fuer-ruecken-arme-beine\/#breadcrumb"},"inLanguage":"de","potentialAction":[{"@type":"ReadAction","target":["https:\/\/marktxxl.de\/markt\/produkt\/nano-haarentferner-fuer-frauen-und-maennerupgrade-wiederverwendbarer-kristall-haarentferner-hair-remover-magischer-haarradierer-fuer-ruecken-arme-beine\/"]}]},{"@type":"ImageObject","inLanguage":"de","@id":"https:\/\/marktxxl.de\/markt\/produkt\/nano-haarentferner-fuer-frauen-und-maennerupgrade-wiederverwendbarer-kristall-haarentferner-hair-remover-magischer-haarradierer-fuer-ruecken-arme-beine\/#primaryimage","url":"https:\/\/m.media-amazon.com\/images\/I\/51cGo6v+3FL._SL500_.jpg","contentUrl":"https:\/\/m.media-amazon.com\/images\/I\/51cGo6v+3FL._SL500_.jpg","width":500,"height":500},{"@type":"BreadcrumbList","@id":"https:\/\/marktxxl.de\/markt\/produkt\/nano-haarentferner-fuer-frauen-und-maennerupgrade-wiederverwendbarer-kristall-haarentferner-hair-remover-magischer-haarradierer-fuer-ruecken-arme-beine\/#breadcrumb","itemListElement":[{"@type":"ListItem","position":1,"name":"Startseite","item":"https:\/\/marktxxl.de\/markt\/"},{"@type":"ListItem","position":2,"name":"Markt","item":"https:\/\/marktxxl.de\/markt\/"},{"@type":"ListItem","position":3,"name":"Nano Haarentferner f\u00fcr Frauen und M\u00e4nner,Upgrade Wiederverwendbarer Kristall Haarentferner Hair Remover Magischer Haarradierer f\u00fcr R\u00fccken, Arme, Beine"}]},{"@type":"WebSite","@id":"https:\/\/marktxxl.de\/markt\/#website","url":"https:\/\/marktxxl.de\/markt\/","name":"Markt-XXL","description":"Ihr Markt Online","publisher":{"@id":"https:\/\/marktxxl.de\/markt\/#organization"},"potentialAction":[{"@type":"SearchAction","target":{"@type":"EntryPoint","urlTemplate":"https:\/\/marktxxl.de\/markt\/?s={search_term_string}"},"query-input":{"@type":"PropertyValueSpecification","valueRequired":true,"valueName":"search_term_string"}}],"inLanguage":"de"},{"@type":"Organization","@id":"https:\/\/marktxxl.de\/markt\/#organization","name":"Markt-XXL","url":"https:\/\/marktxxl.de\/markt\/","logo":{"@type":"ImageObject","inLanguage":"de","@id":"https:\/\/marktxxl.de\/markt\/#\/schema\/logo\/image\/","url":"https:\/\/marktxxl.de\/markt\/wp-content\/uploads\/sites\/3\/2020\/12\/logo.png","contentUrl":"https:\/\/marktxxl.de\/markt\/wp-content\/uploads\/sites\/3\/2020\/12\/logo.png","width":200,"height":70,"caption":"Markt-XXL"},"image":{"@id":"https:\/\/marktxxl.de\/markt\/#\/schema\/logo\/image\/"}}]}},"_links":{"self":[{"href":"https:\/\/marktxxl.de\/markt\/wp-json\/wp\/v2\/product\/215089","targetHints":{"allow":["GET"]}}],"collection":[{"href":"https:\/\/marktxxl.de\/markt\/wp-json\/wp\/v2\/product"}],"about":[{"href":"https:\/\/marktxxl.de\/markt\/wp-json\/wp\/v2\/types\/product"}],"replies":[{"embeddable":true,"href":"https:\/\/marktxxl.de\/markt\/wp-json\/wp\/v2\/comments?post=215089"}],"wp:featuredmedia":[{"embeddable":true,"href":"https:\/\/marktxxl.de\/markt\/wp-json\/wp\/v2\/media\/215090"}],"wp:attachment":[{"href":"https:\/\/marktxxl.de\/markt\/wp-json\/wp\/v2\/media?parent=215089"}],"wp:term":[{"taxonomy":"product_brand","embeddable":true,"href":"https:\/\/marktxxl.de\/markt\/wp-json\/wp\/v2\/product_brand?post=215089"},{"taxonomy":"product_cat","embeddable":true,"href":"https:\/\/marktxxl.de\/markt\/wp-json\/wp\/v2\/product_cat?post=215089"},{"taxonomy":"product_tag","embeddable":true,"href":"https:\/\/marktxxl.de\/markt\/wp-json\/wp\/v2\/product_tag?post=215089"}],"curies":[{"name":"wp","href":"https:\/\/api.w.org\/{rel}","templated":true}]}}