{"id":215077,"date":"2024-06-29T02:59:04","date_gmt":"2024-06-29T00:59:04","guid":{"rendered":"https:\/\/marktxxl.de\/markt\/produkt\/muehle-traditional-rasierpinsel-rasurpinsel-aus-silvertip-fibre-griff-aus-verchromtem-metall-handarbeit-mit-feiner-ziselierung\/"},"modified":"2024-06-29T02:59:04","modified_gmt":"2024-06-29T00:59:04","slug":"muehle-traditional-rasierpinsel-rasurpinsel-aus-silvertip-fibre-griff-aus-verchromtem-metall-handarbeit-mit-feiner-ziselierung","status":"publish","type":"product","link":"https:\/\/marktxxl.de\/markt\/produkt\/muehle-traditional-rasierpinsel-rasurpinsel-aus-silvertip-fibre-griff-aus-verchromtem-metall-handarbeit-mit-feiner-ziselierung\/","title":{"rendered":"M\u00dcHLE Traditional Rasierpinsel &#8211; Rasurpinsel aus Silvertip Fibre &#8211; Griff aus verchromtem Metall &#8211; Handarbeit mit feiner Ziselierung"},"content":{"rendered":"<p>Hochwertigkeit &#8211; Der Rasierpinsel mit veganer, austauschbarer Silvertip Fibre und einer Ringgr\u00f6\u00dfe von 21mm ist durch den edlen Griff aus verchromtem Metall korrosionsbest\u00e4ndig und ein echter Hingucker<br \/>\nAnwendung &#8211; Den Pinsel gr\u00fcndlich mit Wasser sp\u00fclen und die Rasier-Seife\/-Creme aufsch\u00e4umen. Den Schaum f\u00fcr 3 Minuten in kreisenden Bewegungen auftragen und anschlie\u00dfend eine gr\u00fcndliche Rasur erleben<br \/>\nPflegehinweis &#8211; Sp\u00fclen Sie den Rasierpinsel nach der Rasur gr\u00fcndlich mit klarem, nicht zu hei\u00dfem Wasser aus. Verwenden Sie zum Reinigen keine chemischen Reinigungs- oder Desinfektionsmittel<br \/>\nM\u00dcHLE Shaving &#8211; Unser Nassrasur-Sortiment \u00fcberzeugt durch h\u00f6chste Qualit\u00e4t bei Rasierern, Rasierpinseln und Accessoires, die sich optimal untereinander erg\u00e4nzen und kombinieren lassen<br \/>\nM\u00dcHLE &#8211; Qualit\u00e4tsprodukte mit zeitlosem Design hergestellt in unserer Manufaktur in Deutschland f\u00fcr langanhaltende Freude am Rasieren \u2013 in hochwertiger Verpackung als ideales Geschenk<br \/>\n<div class=\"main-cross-sell\" data-asin=\"B00BM8NFEM\">\n\n\t<div class=\"WooZone-cross-sell-loader\">\n\t\t<div>\n\t\t\t<div id=\"floatingBarsG\">\n\t\t\t\t<div class=\"blockG\" id=\"rotateG_01\"><\/div>\n\t\t\t\t<div class=\"blockG\" id=\"rotateG_02\"><\/div>\n\t\t\t\t<div class=\"blockG\" id=\"rotateG_03\"><\/div>\n\t\t\t\t<div class=\"blockG\" id=\"rotateG_04\"><\/div>\n\t\t\t\t<div class=\"blockG\" id=\"rotateG_05\"><\/div>\n\t\t\t\t<div class=\"blockG\" id=\"rotateG_06\"><\/div>\n\t\t\t\t<div class=\"blockG\" id=\"rotateG_07\"><\/div>\n\t\t\t\t<div class=\"blockG\" id=\"rotateG_08\"><\/div>\n\t\t\t<\/div>\n\t\t\t<div class=\"WooZone-cross-sell-loader-text\"><\/div>\n\t\t<\/div>\n\t<\/div>\n\n\t\t\n<\/div>\n<div style=\"clear:both;\"><\/div><\/p>\n","protected":false},"excerpt":{"rendered":"<p>Hochwertigkeit &#8211; Der Rasierpinsel mit veganer, austauschbarer Silvertip Fibre und einer Ringgr\u00f6\u00dfe von 21mm ist durch den edlen Griff aus verchromtem Metall korrosionsbest\u00e4ndig und ein echter Hingucker<br \/>\nAnwendung &#8211; Den Pinsel gr\u00fcndlich mit Wasser sp\u00fclen und die Rasier-Seife\/-Creme aufsch\u00e4umen. Den Schaum f\u00fcr 3 Minuten in kreisenden Bewegungen auftragen und anschlie\u00dfend eine gr\u00fcndliche Rasur erleben<br \/>\nPflegehinweis &#8211; Sp\u00fclen Sie den Rasierpinsel nach der Rasur gr\u00fcndlich mit klarem, nicht zu hei\u00dfem Wasser aus. Verwenden Sie zum Reinigen keine chemischen Reinigungs- oder Desinfektionsmittel<\/p>\n","protected":false},"featured_media":215078,"comment_status":"open","ping_status":"closed","template":"","meta":[],"product_brand":[],"product_cat":[566,6190],"product_tag":[],"class_list":{"0":"post-215077","1":"product","2":"type-product","3":"status-publish","4":"has-post-thumbnail","6":"product_cat-drogerie-koerperpflege","7":"product_cat-rasur-enthaarung","8":"pa_binding-badartikel","9":"pa_brand-busch-jaeger-3","10":"pa_brand-muehle","11":"pa_height-1-zoll","12":"pa_length-1-zoll","13":"pa_manufacturer-muehle","14":"pa_model-31-m-89","15":"pa_size-1-stueck-1er-pack","16":"pa_weight-0-07495716908-pounds","17":"pa_width-1-zoll","19":"first","20":"instock","21":"shipping-taxable","22":"purchasable","23":"product-type-simple","24":"customify-col","25":"product-has-gallery"},"yoast_head":"<!-- This site is optimized with the Yoast SEO plugin v27.4 - https:\/\/yoast.com\/product\/yoast-seo-wordpress\/ -->\n<title>M\u00dcHLE Traditional Rasierpinsel - Rasurpinsel aus Silvertip Fibre - Griff aus verchromtem Metall - Handarbeit mit feiner Ziselierung - Markt-XXL<\/title>\n<meta name=\"description\" content=\"Markt-XXL M\u00dcHLE Traditional Rasierpinsel - Rasurpinsel aus Silvertip Fibre - Griff aus verchromtem Metall - Handarbeit mit feiner Ziselierung\" \/>\n<meta name=\"robots\" content=\"index, follow, max-snippet:-1, max-image-preview:large, max-video-preview:-1\" \/>\n<link rel=\"canonical\" href=\"https:\/\/marktxxl.de\/markt\/produkt\/muehle-traditional-rasierpinsel-rasurpinsel-aus-silvertip-fibre-griff-aus-verchromtem-metall-handarbeit-mit-feiner-ziselierung\/\" \/>\n<meta property=\"og:locale\" content=\"de_DE\" \/>\n<meta property=\"og:type\" content=\"article\" \/>\n<meta property=\"og:title\" content=\"M\u00dcHLE Traditional Rasierpinsel - Rasurpinsel aus Silvertip Fibre - Griff aus verchromtem Metall - Handarbeit mit feiner Ziselierung - Markt-XXL\" \/>\n<meta property=\"og:description\" content=\"Markt-XXL M\u00dcHLE Traditional Rasierpinsel - Rasurpinsel aus Silvertip Fibre - Griff aus verchromtem Metall - Handarbeit mit feiner Ziselierung\" \/>\n<meta property=\"og:url\" content=\"https:\/\/marktxxl.de\/markt\/produkt\/muehle-traditional-rasierpinsel-rasurpinsel-aus-silvertip-fibre-griff-aus-verchromtem-metall-handarbeit-mit-feiner-ziselierung\/\" \/>\n<meta property=\"og:site_name\" content=\"Markt-XXL\" \/>\n<meta name=\"twitter:card\" content=\"summary_large_image\" \/>\n<meta name=\"twitter:label1\" content=\"Gesch\u00e4tzte Lesezeit\" \/>\n\t<meta name=\"twitter:data1\" content=\"1\u00a0Minute\" \/>\n<script type=\"application\/ld+json\" class=\"yoast-schema-graph\">{\"@context\":\"https:\\\/\\\/schema.org\",\"@graph\":[{\"@type\":\"WebPage\",\"@id\":\"https:\\\/\\\/marktxxl.de\\\/markt\\\/produkt\\\/muehle-traditional-rasierpinsel-rasurpinsel-aus-silvertip-fibre-griff-aus-verchromtem-metall-handarbeit-mit-feiner-ziselierung\\\/\",\"url\":\"https:\\\/\\\/marktxxl.de\\\/markt\\\/produkt\\\/muehle-traditional-rasierpinsel-rasurpinsel-aus-silvertip-fibre-griff-aus-verchromtem-metall-handarbeit-mit-feiner-ziselierung\\\/\",\"name\":\"M\u00dcHLE Traditional Rasierpinsel - Rasurpinsel aus Silvertip Fibre - Griff aus verchromtem Metall - Handarbeit mit feiner Ziselierung - Markt-XXL\",\"isPartOf\":{\"@id\":\"https:\\\/\\\/marktxxl.de\\\/markt\\\/#website\"},\"primaryImageOfPage\":{\"@id\":\"https:\\\/\\\/marktxxl.de\\\/markt\\\/produkt\\\/muehle-traditional-rasierpinsel-rasurpinsel-aus-silvertip-fibre-griff-aus-verchromtem-metall-handarbeit-mit-feiner-ziselierung\\\/#primaryimage\"},\"image\":{\"@id\":\"https:\\\/\\\/marktxxl.de\\\/markt\\\/produkt\\\/muehle-traditional-rasierpinsel-rasurpinsel-aus-silvertip-fibre-griff-aus-verchromtem-metall-handarbeit-mit-feiner-ziselierung\\\/#primaryimage\"},\"thumbnailUrl\":\"https:\\\/\\\/m.media-amazon.com\\\/images\\\/I\\\/41GQ1SnvcFL._SL500_.jpg\",\"datePublished\":\"2024-06-29T00:59:04+00:00\",\"description\":\"Markt-XXL M\u00dcHLE Traditional Rasierpinsel - Rasurpinsel aus Silvertip Fibre - Griff aus verchromtem Metall - Handarbeit mit feiner Ziselierung\",\"breadcrumb\":{\"@id\":\"https:\\\/\\\/marktxxl.de\\\/markt\\\/produkt\\\/muehle-traditional-rasierpinsel-rasurpinsel-aus-silvertip-fibre-griff-aus-verchromtem-metall-handarbeit-mit-feiner-ziselierung\\\/#breadcrumb\"},\"inLanguage\":\"de\",\"potentialAction\":[{\"@type\":\"ReadAction\",\"target\":[\"https:\\\/\\\/marktxxl.de\\\/markt\\\/produkt\\\/muehle-traditional-rasierpinsel-rasurpinsel-aus-silvertip-fibre-griff-aus-verchromtem-metall-handarbeit-mit-feiner-ziselierung\\\/\"]}]},{\"@type\":\"ImageObject\",\"inLanguage\":\"de\",\"@id\":\"https:\\\/\\\/marktxxl.de\\\/markt\\\/produkt\\\/muehle-traditional-rasierpinsel-rasurpinsel-aus-silvertip-fibre-griff-aus-verchromtem-metall-handarbeit-mit-feiner-ziselierung\\\/#primaryimage\",\"url\":\"https:\\\/\\\/m.media-amazon.com\\\/images\\\/I\\\/41GQ1SnvcFL._SL500_.jpg\",\"contentUrl\":\"https:\\\/\\\/m.media-amazon.com\\\/images\\\/I\\\/41GQ1SnvcFL._SL500_.jpg\",\"width\":500,\"height\":500},{\"@type\":\"BreadcrumbList\",\"@id\":\"https:\\\/\\\/marktxxl.de\\\/markt\\\/produkt\\\/muehle-traditional-rasierpinsel-rasurpinsel-aus-silvertip-fibre-griff-aus-verchromtem-metall-handarbeit-mit-feiner-ziselierung\\\/#breadcrumb\",\"itemListElement\":[{\"@type\":\"ListItem\",\"position\":1,\"name\":\"Startseite\",\"item\":\"https:\\\/\\\/marktxxl.de\\\/markt\\\/\"},{\"@type\":\"ListItem\",\"position\":2,\"name\":\"Markt\",\"item\":\"https:\\\/\\\/marktxxl.de\\\/markt\\\/\"},{\"@type\":\"ListItem\",\"position\":3,\"name\":\"M\u00dcHLE Traditional Rasierpinsel &#8211; Rasurpinsel aus Silvertip Fibre &#8211; Griff aus verchromtem Metall &#8211; Handarbeit mit feiner Ziselierung\"}]},{\"@type\":\"WebSite\",\"@id\":\"https:\\\/\\\/marktxxl.de\\\/markt\\\/#website\",\"url\":\"https:\\\/\\\/marktxxl.de\\\/markt\\\/\",\"name\":\"Markt-XXL\",\"description\":\"Ihr Markt Online\",\"publisher\":{\"@id\":\"https:\\\/\\\/marktxxl.de\\\/markt\\\/#organization\"},\"potentialAction\":[{\"@type\":\"SearchAction\",\"target\":{\"@type\":\"EntryPoint\",\"urlTemplate\":\"https:\\\/\\\/marktxxl.de\\\/markt\\\/?s={search_term_string}\"},\"query-input\":{\"@type\":\"PropertyValueSpecification\",\"valueRequired\":true,\"valueName\":\"search_term_string\"}}],\"inLanguage\":\"de\"},{\"@type\":\"Organization\",\"@id\":\"https:\\\/\\\/marktxxl.de\\\/markt\\\/#organization\",\"name\":\"Markt-XXL\",\"url\":\"https:\\\/\\\/marktxxl.de\\\/markt\\\/\",\"logo\":{\"@type\":\"ImageObject\",\"inLanguage\":\"de\",\"@id\":\"https:\\\/\\\/marktxxl.de\\\/markt\\\/#\\\/schema\\\/logo\\\/image\\\/\",\"url\":\"https:\\\/\\\/marktxxl.de\\\/markt\\\/wp-content\\\/uploads\\\/sites\\\/3\\\/2020\\\/12\\\/logo.png\",\"contentUrl\":\"https:\\\/\\\/marktxxl.de\\\/markt\\\/wp-content\\\/uploads\\\/sites\\\/3\\\/2020\\\/12\\\/logo.png\",\"width\":200,\"height\":70,\"caption\":\"Markt-XXL\"},\"image\":{\"@id\":\"https:\\\/\\\/marktxxl.de\\\/markt\\\/#\\\/schema\\\/logo\\\/image\\\/\"}}]}<\/script>\n<!-- \/ Yoast SEO plugin. -->","yoast_head_json":{"title":"M\u00dcHLE Traditional Rasierpinsel - Rasurpinsel aus Silvertip Fibre - Griff aus verchromtem Metall - Handarbeit mit feiner Ziselierung - Markt-XXL","description":"Markt-XXL M\u00dcHLE Traditional Rasierpinsel - Rasurpinsel aus Silvertip Fibre - Griff aus verchromtem Metall - Handarbeit mit feiner Ziselierung","robots":{"index":"index","follow":"follow","max-snippet":"max-snippet:-1","max-image-preview":"max-image-preview:large","max-video-preview":"max-video-preview:-1"},"canonical":"https:\/\/marktxxl.de\/markt\/produkt\/muehle-traditional-rasierpinsel-rasurpinsel-aus-silvertip-fibre-griff-aus-verchromtem-metall-handarbeit-mit-feiner-ziselierung\/","og_locale":"de_DE","og_type":"article","og_title":"M\u00dcHLE Traditional Rasierpinsel - Rasurpinsel aus Silvertip Fibre - Griff aus verchromtem Metall - Handarbeit mit feiner Ziselierung - Markt-XXL","og_description":"Markt-XXL M\u00dcHLE Traditional Rasierpinsel - Rasurpinsel aus Silvertip Fibre - Griff aus verchromtem Metall - Handarbeit mit feiner Ziselierung","og_url":"https:\/\/marktxxl.de\/markt\/produkt\/muehle-traditional-rasierpinsel-rasurpinsel-aus-silvertip-fibre-griff-aus-verchromtem-metall-handarbeit-mit-feiner-ziselierung\/","og_site_name":"Markt-XXL","twitter_card":"summary_large_image","twitter_misc":{"Gesch\u00e4tzte Lesezeit":"1\u00a0Minute"},"schema":{"@context":"https:\/\/schema.org","@graph":[{"@type":"WebPage","@id":"https:\/\/marktxxl.de\/markt\/produkt\/muehle-traditional-rasierpinsel-rasurpinsel-aus-silvertip-fibre-griff-aus-verchromtem-metall-handarbeit-mit-feiner-ziselierung\/","url":"https:\/\/marktxxl.de\/markt\/produkt\/muehle-traditional-rasierpinsel-rasurpinsel-aus-silvertip-fibre-griff-aus-verchromtem-metall-handarbeit-mit-feiner-ziselierung\/","name":"M\u00dcHLE Traditional Rasierpinsel - Rasurpinsel aus Silvertip Fibre - Griff aus verchromtem Metall - Handarbeit mit feiner Ziselierung - Markt-XXL","isPartOf":{"@id":"https:\/\/marktxxl.de\/markt\/#website"},"primaryImageOfPage":{"@id":"https:\/\/marktxxl.de\/markt\/produkt\/muehle-traditional-rasierpinsel-rasurpinsel-aus-silvertip-fibre-griff-aus-verchromtem-metall-handarbeit-mit-feiner-ziselierung\/#primaryimage"},"image":{"@id":"https:\/\/marktxxl.de\/markt\/produkt\/muehle-traditional-rasierpinsel-rasurpinsel-aus-silvertip-fibre-griff-aus-verchromtem-metall-handarbeit-mit-feiner-ziselierung\/#primaryimage"},"thumbnailUrl":"https:\/\/m.media-amazon.com\/images\/I\/41GQ1SnvcFL._SL500_.jpg","datePublished":"2024-06-29T00:59:04+00:00","description":"Markt-XXL M\u00dcHLE Traditional Rasierpinsel - Rasurpinsel aus Silvertip Fibre - Griff aus verchromtem Metall - Handarbeit mit feiner Ziselierung","breadcrumb":{"@id":"https:\/\/marktxxl.de\/markt\/produkt\/muehle-traditional-rasierpinsel-rasurpinsel-aus-silvertip-fibre-griff-aus-verchromtem-metall-handarbeit-mit-feiner-ziselierung\/#breadcrumb"},"inLanguage":"de","potentialAction":[{"@type":"ReadAction","target":["https:\/\/marktxxl.de\/markt\/produkt\/muehle-traditional-rasierpinsel-rasurpinsel-aus-silvertip-fibre-griff-aus-verchromtem-metall-handarbeit-mit-feiner-ziselierung\/"]}]},{"@type":"ImageObject","inLanguage":"de","@id":"https:\/\/marktxxl.de\/markt\/produkt\/muehle-traditional-rasierpinsel-rasurpinsel-aus-silvertip-fibre-griff-aus-verchromtem-metall-handarbeit-mit-feiner-ziselierung\/#primaryimage","url":"https:\/\/m.media-amazon.com\/images\/I\/41GQ1SnvcFL._SL500_.jpg","contentUrl":"https:\/\/m.media-amazon.com\/images\/I\/41GQ1SnvcFL._SL500_.jpg","width":500,"height":500},{"@type":"BreadcrumbList","@id":"https:\/\/marktxxl.de\/markt\/produkt\/muehle-traditional-rasierpinsel-rasurpinsel-aus-silvertip-fibre-griff-aus-verchromtem-metall-handarbeit-mit-feiner-ziselierung\/#breadcrumb","itemListElement":[{"@type":"ListItem","position":1,"name":"Startseite","item":"https:\/\/marktxxl.de\/markt\/"},{"@type":"ListItem","position":2,"name":"Markt","item":"https:\/\/marktxxl.de\/markt\/"},{"@type":"ListItem","position":3,"name":"M\u00dcHLE Traditional Rasierpinsel &#8211; Rasurpinsel aus Silvertip Fibre &#8211; Griff aus verchromtem Metall &#8211; Handarbeit mit feiner Ziselierung"}]},{"@type":"WebSite","@id":"https:\/\/marktxxl.de\/markt\/#website","url":"https:\/\/marktxxl.de\/markt\/","name":"Markt-XXL","description":"Ihr Markt Online","publisher":{"@id":"https:\/\/marktxxl.de\/markt\/#organization"},"potentialAction":[{"@type":"SearchAction","target":{"@type":"EntryPoint","urlTemplate":"https:\/\/marktxxl.de\/markt\/?s={search_term_string}"},"query-input":{"@type":"PropertyValueSpecification","valueRequired":true,"valueName":"search_term_string"}}],"inLanguage":"de"},{"@type":"Organization","@id":"https:\/\/marktxxl.de\/markt\/#organization","name":"Markt-XXL","url":"https:\/\/marktxxl.de\/markt\/","logo":{"@type":"ImageObject","inLanguage":"de","@id":"https:\/\/marktxxl.de\/markt\/#\/schema\/logo\/image\/","url":"https:\/\/marktxxl.de\/markt\/wp-content\/uploads\/sites\/3\/2020\/12\/logo.png","contentUrl":"https:\/\/marktxxl.de\/markt\/wp-content\/uploads\/sites\/3\/2020\/12\/logo.png","width":200,"height":70,"caption":"Markt-XXL"},"image":{"@id":"https:\/\/marktxxl.de\/markt\/#\/schema\/logo\/image\/"}}]}},"_links":{"self":[{"href":"https:\/\/marktxxl.de\/markt\/wp-json\/wp\/v2\/product\/215077","targetHints":{"allow":["GET"]}}],"collection":[{"href":"https:\/\/marktxxl.de\/markt\/wp-json\/wp\/v2\/product"}],"about":[{"href":"https:\/\/marktxxl.de\/markt\/wp-json\/wp\/v2\/types\/product"}],"replies":[{"embeddable":true,"href":"https:\/\/marktxxl.de\/markt\/wp-json\/wp\/v2\/comments?post=215077"}],"wp:featuredmedia":[{"embeddable":true,"href":"https:\/\/marktxxl.de\/markt\/wp-json\/wp\/v2\/media\/215078"}],"wp:attachment":[{"href":"https:\/\/marktxxl.de\/markt\/wp-json\/wp\/v2\/media?parent=215077"}],"wp:term":[{"taxonomy":"product_brand","embeddable":true,"href":"https:\/\/marktxxl.de\/markt\/wp-json\/wp\/v2\/product_brand?post=215077"},{"taxonomy":"product_cat","embeddable":true,"href":"https:\/\/marktxxl.de\/markt\/wp-json\/wp\/v2\/product_cat?post=215077"},{"taxonomy":"product_tag","embeddable":true,"href":"https:\/\/marktxxl.de\/markt\/wp-json\/wp\/v2\/product_tag?post=215077"}],"curies":[{"name":"wp","href":"https:\/\/api.w.org\/{rel}","templated":true}]}}