{"id":214926,"date":"2024-06-29T02:25:11","date_gmt":"2024-06-29T00:25:11","guid":{"rendered":"https:\/\/marktxxl.de\/markt\/produkt\/ecover-hand-spuelmittel-zitrone-aloe-vera-nachhaltiges-spuelmittel-mit-zuckertensiden-kraftvoller-fettloeser-geschirrspuelmittel-fluessig-und-auf-pflanzlicher-basis-5-l\/"},"modified":"2024-06-29T02:25:11","modified_gmt":"2024-06-29T00:25:11","slug":"ecover-hand-spuelmittel-zitrone-aloe-vera-nachhaltiges-spuelmittel-mit-zuckertensiden-kraftvoller-fettloeser-geschirrspuelmittel-fluessig-und-auf-pflanzlicher-basis-5-l","status":"publish","type":"product","link":"https:\/\/marktxxl.de\/markt\/produkt\/ecover-hand-spuelmittel-zitrone-aloe-vera-nachhaltiges-spuelmittel-mit-zuckertensiden-kraftvoller-fettloeser-geschirrspuelmittel-fluessig-und-auf-pflanzlicher-basis-5-l\/","title":{"rendered":"Ecover Hand-Sp\u00fclmittel Zitrone &amp; Aloe Vera, nachhaltiges Sp\u00fclmittel mit Zuckertensiden, kraftvoller Fettl\u00f6ser, Geschirrsp\u00fclmittel fl\u00fcssig und auf pflanzlicher Basis, 5 l"},"content":{"rendered":"<p>Sauberes Geschirr \u2013 Mit seinen kraftvollen, nat\u00fcrlichen Zuckertensiden reinigt und entfettet das Geschirrsp\u00fclmittel gr\u00fcndlich und sorgt f\u00fcr Geschirr mit strahlendem Glanz<br \/>\nSaubere L\u00f6sung \u2013 Die reinigende Formel ist vegan friendly, da pflanzenbasiert, mit diesen Inhaltsstoffen auf pflanzlicher Basis ist das Sp\u00fclmittel biologisch abbaubar*<br \/>\nKraftvoll &amp; sanft \u2013 Der Reiniger ist wirksam gegen Fett und Schmutz, duftet frisch nach Zitrone &amp; Aloe Vera und ist sanft zur Haut, er wurde dermatologisch getestet auf empfindlicher Haut<br \/>\nSaubere Verpackung \u2013 Der Sp\u00fcli Refill Beh\u00e4lter spart bei vergleichbarem Volumen 47 % Plastik gegen\u00fcber unseren 450 ml Flaschen<br \/>\nLieferumfang \u2013 Ecover Sp\u00fclmittel Zitrone &amp; Aloe Vera (5 L), \u00f6kologisches Geschirrsp\u00fclmittel mit pflanzenbasierten Inhaltsstoffen, mit vegan-freundlicher Formel, Artikelnummer: 4004020<br \/>\n<div class=\"main-cross-sell\" data-asin=\"B07L7CBMSM\">\n\n\t<div class=\"WooZone-cross-sell-loader\">\n\t\t<div>\n\t\t\t<div id=\"floatingBarsG\">\n\t\t\t\t<div class=\"blockG\" id=\"rotateG_01\"><\/div>\n\t\t\t\t<div class=\"blockG\" id=\"rotateG_02\"><\/div>\n\t\t\t\t<div class=\"blockG\" id=\"rotateG_03\"><\/div>\n\t\t\t\t<div class=\"blockG\" id=\"rotateG_04\"><\/div>\n\t\t\t\t<div class=\"blockG\" id=\"rotateG_05\"><\/div>\n\t\t\t\t<div class=\"blockG\" id=\"rotateG_06\"><\/div>\n\t\t\t\t<div class=\"blockG\" id=\"rotateG_07\"><\/div>\n\t\t\t\t<div class=\"blockG\" id=\"rotateG_08\"><\/div>\n\t\t\t<\/div>\n\t\t\t<div class=\"WooZone-cross-sell-loader-text\"><\/div>\n\t\t<\/div>\n\t<\/div>\n\n\t\t\n<\/div>\n<div style=\"clear:both;\"><\/div><\/p>\n","protected":false},"excerpt":{"rendered":"<p>Sauberes Geschirr \u2013 Mit seinen kraftvollen, nat\u00fcrlichen Zuckertensiden reinigt und entfettet das Geschirrsp\u00fclmittel gr\u00fcndlich und sorgt f\u00fcr Geschirr mit strahlendem Glanz<br \/>\nSaubere L\u00f6sung \u2013 Die reinigende Formel ist vegan friendly, da pflanzenbasiert, mit diesen Inhaltsstoffen auf pflanzlicher Basis ist das Sp\u00fclmittel biologisch abbaubar*<br \/>\nKraftvoll &amp; sanft \u2013 Der Reiniger ist wirksam gegen Fett und Schmutz, duftet frisch nach Zitrone &amp; Aloe Vera und ist sanft zur Haut, er wurde dermatologisch getestet auf empfindlicher Haut<\/p>\n","protected":false},"featured_media":214927,"comment_status":"open","ping_status":"closed","template":"","meta":[],"product_brand":[],"product_cat":[566],"product_tag":[],"class_list":{"0":"post-214926","1":"product","2":"type-product","3":"status-publish","4":"has-post-thumbnail","6":"product_cat-drogerie-koerperpflege","7":"pa_binding-badartikel","8":"pa_brand-ecover","9":"pa_color-zitrone-aloe-vera","10":"pa_height-11-1023621934-zoll","11":"pa_languages-unbekannt-deutsch","12":"pa_length-7-2440944808-zoll","13":"pa_manufacturer-ecover-coordination-center","14":"pa_model-54153","15":"pa_size-5-l-1er-pack","16":"pa_weight-0-661386786-pounds","17":"pa_width-5-2362204671-zoll","19":"first","20":"instock","21":"sale","22":"shipping-taxable","23":"purchasable","24":"product-type-simple","25":"customify-col","26":"product-has-gallery"},"yoast_head":"<!-- This site is optimized with the Yoast SEO plugin v27.4 - https:\/\/yoast.com\/product\/yoast-seo-wordpress\/ -->\n<title>Ecover Hand-Sp\u00fclmittel Zitrone &amp; Aloe Vera, nachhaltiges Sp\u00fclmittel mit Zuckertensiden, kraftvoller Fettl\u00f6ser, Geschirrsp\u00fclmittel fl\u00fcssig und auf pflanzlicher Basis, 5 l - Markt-XXL<\/title>\n<meta name=\"description\" content=\"Markt-XXL Ecover Hand-Sp\u00fclmittel Zitrone &amp; Aloe Vera, nachhaltiges Sp\u00fclmittel mit Zuckertensiden, kraftvoller Fettl\u00f6ser, Geschirrsp\u00fclmittel fl\u00fcssig und auf pflanzlicher Basis, 5 l\" \/>\n<meta name=\"robots\" content=\"index, follow, max-snippet:-1, max-image-preview:large, max-video-preview:-1\" \/>\n<link rel=\"canonical\" href=\"https:\/\/marktxxl.de\/markt\/produkt\/ecover-hand-spuelmittel-zitrone-aloe-vera-nachhaltiges-spuelmittel-mit-zuckertensiden-kraftvoller-fettloeser-geschirrspuelmittel-fluessig-und-auf-pflanzlicher-basis-5-l\/\" \/>\n<meta property=\"og:locale\" content=\"de_DE\" \/>\n<meta property=\"og:type\" content=\"article\" \/>\n<meta property=\"og:title\" content=\"Ecover Hand-Sp\u00fclmittel Zitrone &amp; Aloe Vera, nachhaltiges Sp\u00fclmittel mit Zuckertensiden, kraftvoller Fettl\u00f6ser, Geschirrsp\u00fclmittel fl\u00fcssig und auf pflanzlicher Basis, 5 l - Markt-XXL\" \/>\n<meta property=\"og:description\" content=\"Markt-XXL Ecover Hand-Sp\u00fclmittel Zitrone &amp; Aloe Vera, nachhaltiges Sp\u00fclmittel mit Zuckertensiden, kraftvoller Fettl\u00f6ser, Geschirrsp\u00fclmittel fl\u00fcssig und auf pflanzlicher Basis, 5 l\" \/>\n<meta property=\"og:url\" content=\"https:\/\/marktxxl.de\/markt\/produkt\/ecover-hand-spuelmittel-zitrone-aloe-vera-nachhaltiges-spuelmittel-mit-zuckertensiden-kraftvoller-fettloeser-geschirrspuelmittel-fluessig-und-auf-pflanzlicher-basis-5-l\/\" \/>\n<meta property=\"og:site_name\" content=\"Markt-XXL\" \/>\n<meta name=\"twitter:card\" content=\"summary_large_image\" \/>\n<meta name=\"twitter:label1\" content=\"Gesch\u00e4tzte Lesezeit\" \/>\n\t<meta name=\"twitter:data1\" content=\"1\u00a0Minute\" \/>\n<script type=\"application\/ld+json\" class=\"yoast-schema-graph\">{\"@context\":\"https:\\\/\\\/schema.org\",\"@graph\":[{\"@type\":\"WebPage\",\"@id\":\"https:\\\/\\\/marktxxl.de\\\/markt\\\/produkt\\\/ecover-hand-spuelmittel-zitrone-aloe-vera-nachhaltiges-spuelmittel-mit-zuckertensiden-kraftvoller-fettloeser-geschirrspuelmittel-fluessig-und-auf-pflanzlicher-basis-5-l\\\/\",\"url\":\"https:\\\/\\\/marktxxl.de\\\/markt\\\/produkt\\\/ecover-hand-spuelmittel-zitrone-aloe-vera-nachhaltiges-spuelmittel-mit-zuckertensiden-kraftvoller-fettloeser-geschirrspuelmittel-fluessig-und-auf-pflanzlicher-basis-5-l\\\/\",\"name\":\"Ecover Hand-Sp\u00fclmittel Zitrone &amp; Aloe Vera, nachhaltiges Sp\u00fclmittel mit Zuckertensiden, kraftvoller Fettl\u00f6ser, Geschirrsp\u00fclmittel fl\u00fcssig und auf pflanzlicher Basis, 5 l - Markt-XXL\",\"isPartOf\":{\"@id\":\"https:\\\/\\\/marktxxl.de\\\/markt\\\/#website\"},\"primaryImageOfPage\":{\"@id\":\"https:\\\/\\\/marktxxl.de\\\/markt\\\/produkt\\\/ecover-hand-spuelmittel-zitrone-aloe-vera-nachhaltiges-spuelmittel-mit-zuckertensiden-kraftvoller-fettloeser-geschirrspuelmittel-fluessig-und-auf-pflanzlicher-basis-5-l\\\/#primaryimage\"},\"image\":{\"@id\":\"https:\\\/\\\/marktxxl.de\\\/markt\\\/produkt\\\/ecover-hand-spuelmittel-zitrone-aloe-vera-nachhaltiges-spuelmittel-mit-zuckertensiden-kraftvoller-fettloeser-geschirrspuelmittel-fluessig-und-auf-pflanzlicher-basis-5-l\\\/#primaryimage\"},\"thumbnailUrl\":\"https:\\\/\\\/m.media-amazon.com\\\/images\\\/I\\\/41PKrn9OqSL._SL500_.jpg\",\"datePublished\":\"2024-06-29T00:25:11+00:00\",\"description\":\"Markt-XXL Ecover Hand-Sp\u00fclmittel Zitrone &amp; Aloe Vera, nachhaltiges Sp\u00fclmittel mit Zuckertensiden, kraftvoller Fettl\u00f6ser, Geschirrsp\u00fclmittel fl\u00fcssig und auf pflanzlicher Basis, 5 l\",\"breadcrumb\":{\"@id\":\"https:\\\/\\\/marktxxl.de\\\/markt\\\/produkt\\\/ecover-hand-spuelmittel-zitrone-aloe-vera-nachhaltiges-spuelmittel-mit-zuckertensiden-kraftvoller-fettloeser-geschirrspuelmittel-fluessig-und-auf-pflanzlicher-basis-5-l\\\/#breadcrumb\"},\"inLanguage\":\"de\",\"potentialAction\":[{\"@type\":\"ReadAction\",\"target\":[\"https:\\\/\\\/marktxxl.de\\\/markt\\\/produkt\\\/ecover-hand-spuelmittel-zitrone-aloe-vera-nachhaltiges-spuelmittel-mit-zuckertensiden-kraftvoller-fettloeser-geschirrspuelmittel-fluessig-und-auf-pflanzlicher-basis-5-l\\\/\"]}]},{\"@type\":\"ImageObject\",\"inLanguage\":\"de\",\"@id\":\"https:\\\/\\\/marktxxl.de\\\/markt\\\/produkt\\\/ecover-hand-spuelmittel-zitrone-aloe-vera-nachhaltiges-spuelmittel-mit-zuckertensiden-kraftvoller-fettloeser-geschirrspuelmittel-fluessig-und-auf-pflanzlicher-basis-5-l\\\/#primaryimage\",\"url\":\"https:\\\/\\\/m.media-amazon.com\\\/images\\\/I\\\/41PKrn9OqSL._SL500_.jpg\",\"contentUrl\":\"https:\\\/\\\/m.media-amazon.com\\\/images\\\/I\\\/41PKrn9OqSL._SL500_.jpg\",\"width\":500,\"height\":500},{\"@type\":\"BreadcrumbList\",\"@id\":\"https:\\\/\\\/marktxxl.de\\\/markt\\\/produkt\\\/ecover-hand-spuelmittel-zitrone-aloe-vera-nachhaltiges-spuelmittel-mit-zuckertensiden-kraftvoller-fettloeser-geschirrspuelmittel-fluessig-und-auf-pflanzlicher-basis-5-l\\\/#breadcrumb\",\"itemListElement\":[{\"@type\":\"ListItem\",\"position\":1,\"name\":\"Startseite\",\"item\":\"https:\\\/\\\/marktxxl.de\\\/markt\\\/\"},{\"@type\":\"ListItem\",\"position\":2,\"name\":\"Markt\",\"item\":\"https:\\\/\\\/marktxxl.de\\\/markt\\\/\"},{\"@type\":\"ListItem\",\"position\":3,\"name\":\"Ecover Hand-Sp\u00fclmittel Zitrone &amp; Aloe Vera, nachhaltiges Sp\u00fclmittel mit Zuckertensiden, kraftvoller Fettl\u00f6ser, Geschirrsp\u00fclmittel fl\u00fcssig und auf pflanzlicher Basis, 5 l\"}]},{\"@type\":\"WebSite\",\"@id\":\"https:\\\/\\\/marktxxl.de\\\/markt\\\/#website\",\"url\":\"https:\\\/\\\/marktxxl.de\\\/markt\\\/\",\"name\":\"Markt-XXL\",\"description\":\"Ihr Markt Online\",\"publisher\":{\"@id\":\"https:\\\/\\\/marktxxl.de\\\/markt\\\/#organization\"},\"potentialAction\":[{\"@type\":\"SearchAction\",\"target\":{\"@type\":\"EntryPoint\",\"urlTemplate\":\"https:\\\/\\\/marktxxl.de\\\/markt\\\/?s={search_term_string}\"},\"query-input\":{\"@type\":\"PropertyValueSpecification\",\"valueRequired\":true,\"valueName\":\"search_term_string\"}}],\"inLanguage\":\"de\"},{\"@type\":\"Organization\",\"@id\":\"https:\\\/\\\/marktxxl.de\\\/markt\\\/#organization\",\"name\":\"Markt-XXL\",\"url\":\"https:\\\/\\\/marktxxl.de\\\/markt\\\/\",\"logo\":{\"@type\":\"ImageObject\",\"inLanguage\":\"de\",\"@id\":\"https:\\\/\\\/marktxxl.de\\\/markt\\\/#\\\/schema\\\/logo\\\/image\\\/\",\"url\":\"https:\\\/\\\/marktxxl.de\\\/markt\\\/wp-content\\\/uploads\\\/sites\\\/3\\\/2020\\\/12\\\/logo.png\",\"contentUrl\":\"https:\\\/\\\/marktxxl.de\\\/markt\\\/wp-content\\\/uploads\\\/sites\\\/3\\\/2020\\\/12\\\/logo.png\",\"width\":200,\"height\":70,\"caption\":\"Markt-XXL\"},\"image\":{\"@id\":\"https:\\\/\\\/marktxxl.de\\\/markt\\\/#\\\/schema\\\/logo\\\/image\\\/\"}}]}<\/script>\n<!-- \/ Yoast SEO plugin. -->","yoast_head_json":{"title":"Ecover Hand-Sp\u00fclmittel Zitrone &amp; Aloe Vera, nachhaltiges Sp\u00fclmittel mit Zuckertensiden, kraftvoller Fettl\u00f6ser, Geschirrsp\u00fclmittel fl\u00fcssig und auf pflanzlicher Basis, 5 l - Markt-XXL","description":"Markt-XXL Ecover Hand-Sp\u00fclmittel Zitrone &amp; Aloe Vera, nachhaltiges Sp\u00fclmittel mit Zuckertensiden, kraftvoller Fettl\u00f6ser, Geschirrsp\u00fclmittel fl\u00fcssig und auf pflanzlicher Basis, 5 l","robots":{"index":"index","follow":"follow","max-snippet":"max-snippet:-1","max-image-preview":"max-image-preview:large","max-video-preview":"max-video-preview:-1"},"canonical":"https:\/\/marktxxl.de\/markt\/produkt\/ecover-hand-spuelmittel-zitrone-aloe-vera-nachhaltiges-spuelmittel-mit-zuckertensiden-kraftvoller-fettloeser-geschirrspuelmittel-fluessig-und-auf-pflanzlicher-basis-5-l\/","og_locale":"de_DE","og_type":"article","og_title":"Ecover Hand-Sp\u00fclmittel Zitrone &amp; Aloe Vera, nachhaltiges Sp\u00fclmittel mit Zuckertensiden, kraftvoller Fettl\u00f6ser, Geschirrsp\u00fclmittel fl\u00fcssig und auf pflanzlicher Basis, 5 l - Markt-XXL","og_description":"Markt-XXL Ecover Hand-Sp\u00fclmittel Zitrone &amp; Aloe Vera, nachhaltiges Sp\u00fclmittel mit Zuckertensiden, kraftvoller Fettl\u00f6ser, Geschirrsp\u00fclmittel fl\u00fcssig und auf pflanzlicher Basis, 5 l","og_url":"https:\/\/marktxxl.de\/markt\/produkt\/ecover-hand-spuelmittel-zitrone-aloe-vera-nachhaltiges-spuelmittel-mit-zuckertensiden-kraftvoller-fettloeser-geschirrspuelmittel-fluessig-und-auf-pflanzlicher-basis-5-l\/","og_site_name":"Markt-XXL","twitter_card":"summary_large_image","twitter_misc":{"Gesch\u00e4tzte Lesezeit":"1\u00a0Minute"},"schema":{"@context":"https:\/\/schema.org","@graph":[{"@type":"WebPage","@id":"https:\/\/marktxxl.de\/markt\/produkt\/ecover-hand-spuelmittel-zitrone-aloe-vera-nachhaltiges-spuelmittel-mit-zuckertensiden-kraftvoller-fettloeser-geschirrspuelmittel-fluessig-und-auf-pflanzlicher-basis-5-l\/","url":"https:\/\/marktxxl.de\/markt\/produkt\/ecover-hand-spuelmittel-zitrone-aloe-vera-nachhaltiges-spuelmittel-mit-zuckertensiden-kraftvoller-fettloeser-geschirrspuelmittel-fluessig-und-auf-pflanzlicher-basis-5-l\/","name":"Ecover Hand-Sp\u00fclmittel Zitrone &amp; Aloe Vera, nachhaltiges Sp\u00fclmittel mit Zuckertensiden, kraftvoller Fettl\u00f6ser, Geschirrsp\u00fclmittel fl\u00fcssig und auf pflanzlicher Basis, 5 l - Markt-XXL","isPartOf":{"@id":"https:\/\/marktxxl.de\/markt\/#website"},"primaryImageOfPage":{"@id":"https:\/\/marktxxl.de\/markt\/produkt\/ecover-hand-spuelmittel-zitrone-aloe-vera-nachhaltiges-spuelmittel-mit-zuckertensiden-kraftvoller-fettloeser-geschirrspuelmittel-fluessig-und-auf-pflanzlicher-basis-5-l\/#primaryimage"},"image":{"@id":"https:\/\/marktxxl.de\/markt\/produkt\/ecover-hand-spuelmittel-zitrone-aloe-vera-nachhaltiges-spuelmittel-mit-zuckertensiden-kraftvoller-fettloeser-geschirrspuelmittel-fluessig-und-auf-pflanzlicher-basis-5-l\/#primaryimage"},"thumbnailUrl":"https:\/\/m.media-amazon.com\/images\/I\/41PKrn9OqSL._SL500_.jpg","datePublished":"2024-06-29T00:25:11+00:00","description":"Markt-XXL Ecover Hand-Sp\u00fclmittel Zitrone &amp; Aloe Vera, nachhaltiges Sp\u00fclmittel mit Zuckertensiden, kraftvoller Fettl\u00f6ser, Geschirrsp\u00fclmittel fl\u00fcssig und auf pflanzlicher Basis, 5 l","breadcrumb":{"@id":"https:\/\/marktxxl.de\/markt\/produkt\/ecover-hand-spuelmittel-zitrone-aloe-vera-nachhaltiges-spuelmittel-mit-zuckertensiden-kraftvoller-fettloeser-geschirrspuelmittel-fluessig-und-auf-pflanzlicher-basis-5-l\/#breadcrumb"},"inLanguage":"de","potentialAction":[{"@type":"ReadAction","target":["https:\/\/marktxxl.de\/markt\/produkt\/ecover-hand-spuelmittel-zitrone-aloe-vera-nachhaltiges-spuelmittel-mit-zuckertensiden-kraftvoller-fettloeser-geschirrspuelmittel-fluessig-und-auf-pflanzlicher-basis-5-l\/"]}]},{"@type":"ImageObject","inLanguage":"de","@id":"https:\/\/marktxxl.de\/markt\/produkt\/ecover-hand-spuelmittel-zitrone-aloe-vera-nachhaltiges-spuelmittel-mit-zuckertensiden-kraftvoller-fettloeser-geschirrspuelmittel-fluessig-und-auf-pflanzlicher-basis-5-l\/#primaryimage","url":"https:\/\/m.media-amazon.com\/images\/I\/41PKrn9OqSL._SL500_.jpg","contentUrl":"https:\/\/m.media-amazon.com\/images\/I\/41PKrn9OqSL._SL500_.jpg","width":500,"height":500},{"@type":"BreadcrumbList","@id":"https:\/\/marktxxl.de\/markt\/produkt\/ecover-hand-spuelmittel-zitrone-aloe-vera-nachhaltiges-spuelmittel-mit-zuckertensiden-kraftvoller-fettloeser-geschirrspuelmittel-fluessig-und-auf-pflanzlicher-basis-5-l\/#breadcrumb","itemListElement":[{"@type":"ListItem","position":1,"name":"Startseite","item":"https:\/\/marktxxl.de\/markt\/"},{"@type":"ListItem","position":2,"name":"Markt","item":"https:\/\/marktxxl.de\/markt\/"},{"@type":"ListItem","position":3,"name":"Ecover Hand-Sp\u00fclmittel Zitrone &amp; Aloe Vera, nachhaltiges Sp\u00fclmittel mit Zuckertensiden, kraftvoller Fettl\u00f6ser, Geschirrsp\u00fclmittel fl\u00fcssig und auf pflanzlicher Basis, 5 l"}]},{"@type":"WebSite","@id":"https:\/\/marktxxl.de\/markt\/#website","url":"https:\/\/marktxxl.de\/markt\/","name":"Markt-XXL","description":"Ihr Markt Online","publisher":{"@id":"https:\/\/marktxxl.de\/markt\/#organization"},"potentialAction":[{"@type":"SearchAction","target":{"@type":"EntryPoint","urlTemplate":"https:\/\/marktxxl.de\/markt\/?s={search_term_string}"},"query-input":{"@type":"PropertyValueSpecification","valueRequired":true,"valueName":"search_term_string"}}],"inLanguage":"de"},{"@type":"Organization","@id":"https:\/\/marktxxl.de\/markt\/#organization","name":"Markt-XXL","url":"https:\/\/marktxxl.de\/markt\/","logo":{"@type":"ImageObject","inLanguage":"de","@id":"https:\/\/marktxxl.de\/markt\/#\/schema\/logo\/image\/","url":"https:\/\/marktxxl.de\/markt\/wp-content\/uploads\/sites\/3\/2020\/12\/logo.png","contentUrl":"https:\/\/marktxxl.de\/markt\/wp-content\/uploads\/sites\/3\/2020\/12\/logo.png","width":200,"height":70,"caption":"Markt-XXL"},"image":{"@id":"https:\/\/marktxxl.de\/markt\/#\/schema\/logo\/image\/"}}]}},"_links":{"self":[{"href":"https:\/\/marktxxl.de\/markt\/wp-json\/wp\/v2\/product\/214926","targetHints":{"allow":["GET"]}}],"collection":[{"href":"https:\/\/marktxxl.de\/markt\/wp-json\/wp\/v2\/product"}],"about":[{"href":"https:\/\/marktxxl.de\/markt\/wp-json\/wp\/v2\/types\/product"}],"replies":[{"embeddable":true,"href":"https:\/\/marktxxl.de\/markt\/wp-json\/wp\/v2\/comments?post=214926"}],"wp:featuredmedia":[{"embeddable":true,"href":"https:\/\/marktxxl.de\/markt\/wp-json\/wp\/v2\/media\/214927"}],"wp:attachment":[{"href":"https:\/\/marktxxl.de\/markt\/wp-json\/wp\/v2\/media?parent=214926"}],"wp:term":[{"taxonomy":"product_brand","embeddable":true,"href":"https:\/\/marktxxl.de\/markt\/wp-json\/wp\/v2\/product_brand?post=214926"},{"taxonomy":"product_cat","embeddable":true,"href":"https:\/\/marktxxl.de\/markt\/wp-json\/wp\/v2\/product_cat?post=214926"},{"taxonomy":"product_tag","embeddable":true,"href":"https:\/\/marktxxl.de\/markt\/wp-json\/wp\/v2\/product_tag?post=214926"}],"curies":[{"name":"wp","href":"https:\/\/api.w.org\/{rel}","templated":true}]}}