{"id":214884,"date":"2024-06-29T02:20:12","date_gmt":"2024-06-29T00:20:12","guid":{"rendered":"https:\/\/marktxxl.de\/markt\/produkt\/joyin-24-stueck-weihnachtsplaetzchen-geschenk-backbox-geschenkbox-buntes-muster-mit-fenster-fuer-gebaeck-cupcakes-kekse-brownies-donuts-als-geschenk-22-2-x-14-6-x-7cm\/"},"modified":"2024-06-29T02:20:12","modified_gmt":"2024-06-29T00:20:12","slug":"joyin-24-stueck-weihnachtsplaetzchen-geschenk-backbox-geschenkbox-buntes-muster-mit-fenster-fuer-gebaeck-cupcakes-kekse-brownies-donuts-als-geschenk-22-2-x-14-6-x-7cm","status":"publish","type":"product","link":"https:\/\/marktxxl.de\/markt\/produkt\/joyin-24-stueck-weihnachtsplaetzchen-geschenk-backbox-geschenkbox-buntes-muster-mit-fenster-fuer-gebaeck-cupcakes-kekse-brownies-donuts-als-geschenk-22-2-x-14-6-x-7cm\/","title":{"rendered":"JOYIN 24 St\u00fcck Weihnachtspl\u00e4tzchen Geschenk Backbox Geschenkbox Buntes Muster mit Fenster f\u00fcr Geb\u00e4ck, Cupcakes, Kekse, Brownies, Donuts als Geschenk (22.2 x 14.6 x 7cm)"},"content":{"rendered":"<p>SUPER VALUE PACK. Unsere festlichen Feiertags-FOIL Treat Box-Beh\u00e4lter mit Fenster enth\u00e4lt 24 St\u00fcck Keksdosen in 3 verschiedenen Farben (gr\u00fcn, rot und wei\u00df). Jede Box misst (22.2 x 14.6 x 7cm). Das einzigartige Design umfasst Rentiere mit Weihnachtsbaum, Weihnachtsmann und Schneemann!<br \/>\nEINFACH ZU VERWENDEN. Unsere festliche Geschenkbox f\u00fcr Lebensmittel hat oben ein kristallklares Fenster! Diese Geb\u00e4ckbeh\u00e4lter pr\u00e4sentieren stolz Ihre k\u00f6stlichen Cupcakes, Kekse, Kuchen, Torten, Schokoladenbrownies, Donuts, Tr\u00fcffel, Kekse oder S\u00fc\u00dfigkeiten und machen Ihre Desserts noch unwiderstehlicher!<br \/>\nEINZIGARTIG &amp; FESTIV. Unsere Weihnachtsferien-Keksgeb\u00e4ck-Beh\u00e4lter-Box ist ideal f\u00fcr Weihnachtsgeschenke, Weihnachtsfeiern. Perfekt zum Verschenken in den Ferien und zum Mitnehmen mit Gourmet-Leckereien f\u00fcr unterwegs! Auto-Popup f\u00fcr schnellen und effizienten Service in der Ferienzeit!<br \/>\nPREMIUM QUALIT\u00c4T. Super langlebig und aus besonders haltbarem, umweltfreundlichem Kartonmaterial und biologisch abbaubarer Fensterfolie hergestellt, die Ihr Geb\u00e4ck sicher intakt h\u00e4lt.<br \/>\nKUNDENZUFRIEDENHEIT. Die Bereitstellung einer 100% igen Zufriedenheitserfahrung ist f\u00fcr unsere Kunden unsere Hauptpriorit\u00e4t. Sie k\u00f6nnen uns gerne \u00fcber &#8220;Kontaktverk\u00e4ufer&#8221; eine Nachricht senden, wenn die Produkte nicht Ihren Erwartungen entsprechen. Die Feierlichkeiten beginnen bei JOYIN!<br \/>\n<div class=\"main-cross-sell\" data-asin=\"B07YJ76YCW\">\n\n\t<div class=\"WooZone-cross-sell-loader\">\n\t\t<div>\n\t\t\t<div id=\"floatingBarsG\">\n\t\t\t\t<div class=\"blockG\" id=\"rotateG_01\"><\/div>\n\t\t\t\t<div class=\"blockG\" id=\"rotateG_02\"><\/div>\n\t\t\t\t<div class=\"blockG\" id=\"rotateG_03\"><\/div>\n\t\t\t\t<div class=\"blockG\" id=\"rotateG_04\"><\/div>\n\t\t\t\t<div class=\"blockG\" id=\"rotateG_05\"><\/div>\n\t\t\t\t<div class=\"blockG\" id=\"rotateG_06\"><\/div>\n\t\t\t\t<div class=\"blockG\" id=\"rotateG_07\"><\/div>\n\t\t\t\t<div class=\"blockG\" id=\"rotateG_08\"><\/div>\n\t\t\t<\/div>\n\t\t\t<div class=\"WooZone-cross-sell-loader-text\"><\/div>\n\t\t<\/div>\n\t<\/div>\n\n\t\t\n<\/div>\n<div style=\"clear:both;\"><\/div><\/p>\n","protected":false},"excerpt":{"rendered":"<p>SUPER VALUE PACK. Unsere festlichen Feiertags-FOIL Treat Box-Beh\u00e4lter mit Fenster enth\u00e4lt 24 St\u00fcck Keksdosen in 3 verschiedenen Farben (gr\u00fcn, rot und wei\u00df). Jede Box misst (22.2 x 14.6 x 7cm). Das einzigartige Design umfasst Rentiere mit Weihnachtsbaum, Weihnachtsmann und Schneemann!<br \/>\nEINFACH ZU VERWENDEN. Unsere festliche Geschenkbox f\u00fcr Lebensmittel hat oben ein kristallklares Fenster! Diese Geb\u00e4ckbeh\u00e4lter pr\u00e4sentieren stolz Ihre k\u00f6stlichen Cupcakes, Kekse, Kuchen, Torten, Schokoladenbrownies, Donuts, Tr\u00fcffel, Kekse oder S\u00fc\u00dfigkeiten und machen Ihre Desserts noch unwiderstehlicher!<br \/>\nEINZIGARTIG &amp; FESTIV. Unsere Weihnachtsferien-Keksgeb\u00e4ck-Beh\u00e4lter-Box ist ideal f\u00fcr Weihnachtsgeschenke, Weihnachtsfeiern. Perfekt zum Verschenken in den Ferien und zum Mitnehmen mit Gourmet-Leckereien f\u00fcr unterwegs! Auto-Popup f\u00fcr schnellen und effizienten Service in der Ferienzeit!<\/p>\n","protected":false},"featured_media":214885,"comment_status":"open","ping_status":"closed","template":"","meta":[],"product_brand":[],"product_cat":[504,8703],"product_tag":[],"class_list":{"0":"post-214884","1":"product","2":"type-product","3":"status-publish","4":"has-post-thumbnail","6":"product_cat-buerobedarf-schreibwaren","7":"product_cat-umschlaege-versandzubehoer","8":"pa_binding-badartikel","9":"pa_brand-joyin","10":"pa_manufacturer-joyin-inc","11":"pa_model-54146","12":"pa_size-1-stueck-24er-pack","14":"first","15":"instock","16":"shipping-taxable","17":"purchasable","18":"product-type-simple","19":"customify-col","20":"product-has-gallery"},"yoast_head":"<!-- This site is optimized with the Yoast SEO plugin v27.4 - https:\/\/yoast.com\/product\/yoast-seo-wordpress\/ -->\n<title>JOYIN 24 St\u00fcck Weihnachtspl\u00e4tzchen Geschenk Backbox Geschenkbox Buntes Muster mit Fenster f\u00fcr Geb\u00e4ck, Cupcakes, Kekse, Brownies, Donuts als Geschenk (22.2 x 14.6 x 7cm) - Markt-XXL<\/title>\n<meta name=\"description\" content=\"Markt-XXL JOYIN 24 St\u00fcck Weihnachtspl\u00e4tzchen Geschenk Backbox Geschenkbox Buntes Muster mit Fenster f\u00fcr Geb\u00e4ck, Cupcakes, Kekse, Brownies, Donuts als Geschenk (22.2 x 14.6 x 7cm)\" \/>\n<meta name=\"robots\" content=\"index, follow, max-snippet:-1, max-image-preview:large, max-video-preview:-1\" \/>\n<link rel=\"canonical\" href=\"https:\/\/marktxxl.de\/markt\/produkt\/joyin-24-stueck-weihnachtsplaetzchen-geschenk-backbox-geschenkbox-buntes-muster-mit-fenster-fuer-gebaeck-cupcakes-kekse-brownies-donuts-als-geschenk-22-2-x-14-6-x-7cm\/\" \/>\n<meta property=\"og:locale\" content=\"de_DE\" \/>\n<meta property=\"og:type\" content=\"article\" \/>\n<meta property=\"og:title\" content=\"JOYIN 24 St\u00fcck Weihnachtspl\u00e4tzchen Geschenk Backbox Geschenkbox Buntes Muster mit Fenster f\u00fcr Geb\u00e4ck, Cupcakes, Kekse, Brownies, Donuts als Geschenk (22.2 x 14.6 x 7cm) - Markt-XXL\" \/>\n<meta property=\"og:description\" content=\"Markt-XXL JOYIN 24 St\u00fcck Weihnachtspl\u00e4tzchen Geschenk Backbox Geschenkbox Buntes Muster mit Fenster f\u00fcr Geb\u00e4ck, Cupcakes, Kekse, Brownies, Donuts als Geschenk (22.2 x 14.6 x 7cm)\" \/>\n<meta property=\"og:url\" content=\"https:\/\/marktxxl.de\/markt\/produkt\/joyin-24-stueck-weihnachtsplaetzchen-geschenk-backbox-geschenkbox-buntes-muster-mit-fenster-fuer-gebaeck-cupcakes-kekse-brownies-donuts-als-geschenk-22-2-x-14-6-x-7cm\/\" \/>\n<meta property=\"og:site_name\" content=\"Markt-XXL\" \/>\n<meta name=\"twitter:card\" content=\"summary_large_image\" \/>\n<meta name=\"twitter:label1\" content=\"Gesch\u00e4tzte Lesezeit\" \/>\n\t<meta name=\"twitter:data1\" content=\"1\u00a0Minute\" \/>\n<script type=\"application\/ld+json\" class=\"yoast-schema-graph\">{\"@context\":\"https:\\\/\\\/schema.org\",\"@graph\":[{\"@type\":\"WebPage\",\"@id\":\"https:\\\/\\\/marktxxl.de\\\/markt\\\/produkt\\\/joyin-24-stueck-weihnachtsplaetzchen-geschenk-backbox-geschenkbox-buntes-muster-mit-fenster-fuer-gebaeck-cupcakes-kekse-brownies-donuts-als-geschenk-22-2-x-14-6-x-7cm\\\/\",\"url\":\"https:\\\/\\\/marktxxl.de\\\/markt\\\/produkt\\\/joyin-24-stueck-weihnachtsplaetzchen-geschenk-backbox-geschenkbox-buntes-muster-mit-fenster-fuer-gebaeck-cupcakes-kekse-brownies-donuts-als-geschenk-22-2-x-14-6-x-7cm\\\/\",\"name\":\"JOYIN 24 St\u00fcck Weihnachtspl\u00e4tzchen Geschenk Backbox Geschenkbox Buntes Muster mit Fenster f\u00fcr Geb\u00e4ck, Cupcakes, Kekse, Brownies, Donuts als Geschenk (22.2 x 14.6 x 7cm) - Markt-XXL\",\"isPartOf\":{\"@id\":\"https:\\\/\\\/marktxxl.de\\\/markt\\\/#website\"},\"primaryImageOfPage\":{\"@id\":\"https:\\\/\\\/marktxxl.de\\\/markt\\\/produkt\\\/joyin-24-stueck-weihnachtsplaetzchen-geschenk-backbox-geschenkbox-buntes-muster-mit-fenster-fuer-gebaeck-cupcakes-kekse-brownies-donuts-als-geschenk-22-2-x-14-6-x-7cm\\\/#primaryimage\"},\"image\":{\"@id\":\"https:\\\/\\\/marktxxl.de\\\/markt\\\/produkt\\\/joyin-24-stueck-weihnachtsplaetzchen-geschenk-backbox-geschenkbox-buntes-muster-mit-fenster-fuer-gebaeck-cupcakes-kekse-brownies-donuts-als-geschenk-22-2-x-14-6-x-7cm\\\/#primaryimage\"},\"thumbnailUrl\":\"https:\\\/\\\/m.media-amazon.com\\\/images\\\/I\\\/51Hu5sXzAsL._SL500_.jpg\",\"datePublished\":\"2024-06-29T00:20:12+00:00\",\"description\":\"Markt-XXL JOYIN 24 St\u00fcck Weihnachtspl\u00e4tzchen Geschenk Backbox Geschenkbox Buntes Muster mit Fenster f\u00fcr Geb\u00e4ck, Cupcakes, Kekse, Brownies, Donuts als Geschenk (22.2 x 14.6 x 7cm)\",\"breadcrumb\":{\"@id\":\"https:\\\/\\\/marktxxl.de\\\/markt\\\/produkt\\\/joyin-24-stueck-weihnachtsplaetzchen-geschenk-backbox-geschenkbox-buntes-muster-mit-fenster-fuer-gebaeck-cupcakes-kekse-brownies-donuts-als-geschenk-22-2-x-14-6-x-7cm\\\/#breadcrumb\"},\"inLanguage\":\"de\",\"potentialAction\":[{\"@type\":\"ReadAction\",\"target\":[\"https:\\\/\\\/marktxxl.de\\\/markt\\\/produkt\\\/joyin-24-stueck-weihnachtsplaetzchen-geschenk-backbox-geschenkbox-buntes-muster-mit-fenster-fuer-gebaeck-cupcakes-kekse-brownies-donuts-als-geschenk-22-2-x-14-6-x-7cm\\\/\"]}]},{\"@type\":\"ImageObject\",\"inLanguage\":\"de\",\"@id\":\"https:\\\/\\\/marktxxl.de\\\/markt\\\/produkt\\\/joyin-24-stueck-weihnachtsplaetzchen-geschenk-backbox-geschenkbox-buntes-muster-mit-fenster-fuer-gebaeck-cupcakes-kekse-brownies-donuts-als-geschenk-22-2-x-14-6-x-7cm\\\/#primaryimage\",\"url\":\"https:\\\/\\\/m.media-amazon.com\\\/images\\\/I\\\/51Hu5sXzAsL._SL500_.jpg\",\"contentUrl\":\"https:\\\/\\\/m.media-amazon.com\\\/images\\\/I\\\/51Hu5sXzAsL._SL500_.jpg\",\"width\":500,\"height\":467},{\"@type\":\"BreadcrumbList\",\"@id\":\"https:\\\/\\\/marktxxl.de\\\/markt\\\/produkt\\\/joyin-24-stueck-weihnachtsplaetzchen-geschenk-backbox-geschenkbox-buntes-muster-mit-fenster-fuer-gebaeck-cupcakes-kekse-brownies-donuts-als-geschenk-22-2-x-14-6-x-7cm\\\/#breadcrumb\",\"itemListElement\":[{\"@type\":\"ListItem\",\"position\":1,\"name\":\"Startseite\",\"item\":\"https:\\\/\\\/marktxxl.de\\\/markt\\\/\"},{\"@type\":\"ListItem\",\"position\":2,\"name\":\"Markt\",\"item\":\"https:\\\/\\\/marktxxl.de\\\/markt\\\/\"},{\"@type\":\"ListItem\",\"position\":3,\"name\":\"JOYIN 24 St\u00fcck Weihnachtspl\u00e4tzchen Geschenk Backbox Geschenkbox Buntes Muster mit Fenster f\u00fcr Geb\u00e4ck, Cupcakes, Kekse, Brownies, Donuts als Geschenk (22.2 x 14.6 x 7cm)\"}]},{\"@type\":\"WebSite\",\"@id\":\"https:\\\/\\\/marktxxl.de\\\/markt\\\/#website\",\"url\":\"https:\\\/\\\/marktxxl.de\\\/markt\\\/\",\"name\":\"Markt-XXL\",\"description\":\"Ihr Markt Online\",\"publisher\":{\"@id\":\"https:\\\/\\\/marktxxl.de\\\/markt\\\/#organization\"},\"potentialAction\":[{\"@type\":\"SearchAction\",\"target\":{\"@type\":\"EntryPoint\",\"urlTemplate\":\"https:\\\/\\\/marktxxl.de\\\/markt\\\/?s={search_term_string}\"},\"query-input\":{\"@type\":\"PropertyValueSpecification\",\"valueRequired\":true,\"valueName\":\"search_term_string\"}}],\"inLanguage\":\"de\"},{\"@type\":\"Organization\",\"@id\":\"https:\\\/\\\/marktxxl.de\\\/markt\\\/#organization\",\"name\":\"Markt-XXL\",\"url\":\"https:\\\/\\\/marktxxl.de\\\/markt\\\/\",\"logo\":{\"@type\":\"ImageObject\",\"inLanguage\":\"de\",\"@id\":\"https:\\\/\\\/marktxxl.de\\\/markt\\\/#\\\/schema\\\/logo\\\/image\\\/\",\"url\":\"https:\\\/\\\/marktxxl.de\\\/markt\\\/wp-content\\\/uploads\\\/sites\\\/3\\\/2020\\\/12\\\/logo.png\",\"contentUrl\":\"https:\\\/\\\/marktxxl.de\\\/markt\\\/wp-content\\\/uploads\\\/sites\\\/3\\\/2020\\\/12\\\/logo.png\",\"width\":200,\"height\":70,\"caption\":\"Markt-XXL\"},\"image\":{\"@id\":\"https:\\\/\\\/marktxxl.de\\\/markt\\\/#\\\/schema\\\/logo\\\/image\\\/\"}}]}<\/script>\n<!-- \/ Yoast SEO plugin. -->","yoast_head_json":{"title":"JOYIN 24 St\u00fcck Weihnachtspl\u00e4tzchen Geschenk Backbox Geschenkbox Buntes Muster mit Fenster f\u00fcr Geb\u00e4ck, Cupcakes, Kekse, Brownies, Donuts als Geschenk (22.2 x 14.6 x 7cm) - Markt-XXL","description":"Markt-XXL JOYIN 24 St\u00fcck Weihnachtspl\u00e4tzchen Geschenk Backbox Geschenkbox Buntes Muster mit Fenster f\u00fcr Geb\u00e4ck, Cupcakes, Kekse, Brownies, Donuts als Geschenk (22.2 x 14.6 x 7cm)","robots":{"index":"index","follow":"follow","max-snippet":"max-snippet:-1","max-image-preview":"max-image-preview:large","max-video-preview":"max-video-preview:-1"},"canonical":"https:\/\/marktxxl.de\/markt\/produkt\/joyin-24-stueck-weihnachtsplaetzchen-geschenk-backbox-geschenkbox-buntes-muster-mit-fenster-fuer-gebaeck-cupcakes-kekse-brownies-donuts-als-geschenk-22-2-x-14-6-x-7cm\/","og_locale":"de_DE","og_type":"article","og_title":"JOYIN 24 St\u00fcck Weihnachtspl\u00e4tzchen Geschenk Backbox Geschenkbox Buntes Muster mit Fenster f\u00fcr Geb\u00e4ck, Cupcakes, Kekse, Brownies, Donuts als Geschenk (22.2 x 14.6 x 7cm) - Markt-XXL","og_description":"Markt-XXL JOYIN 24 St\u00fcck Weihnachtspl\u00e4tzchen Geschenk Backbox Geschenkbox Buntes Muster mit Fenster f\u00fcr Geb\u00e4ck, Cupcakes, Kekse, Brownies, Donuts als Geschenk (22.2 x 14.6 x 7cm)","og_url":"https:\/\/marktxxl.de\/markt\/produkt\/joyin-24-stueck-weihnachtsplaetzchen-geschenk-backbox-geschenkbox-buntes-muster-mit-fenster-fuer-gebaeck-cupcakes-kekse-brownies-donuts-als-geschenk-22-2-x-14-6-x-7cm\/","og_site_name":"Markt-XXL","twitter_card":"summary_large_image","twitter_misc":{"Gesch\u00e4tzte Lesezeit":"1\u00a0Minute"},"schema":{"@context":"https:\/\/schema.org","@graph":[{"@type":"WebPage","@id":"https:\/\/marktxxl.de\/markt\/produkt\/joyin-24-stueck-weihnachtsplaetzchen-geschenk-backbox-geschenkbox-buntes-muster-mit-fenster-fuer-gebaeck-cupcakes-kekse-brownies-donuts-als-geschenk-22-2-x-14-6-x-7cm\/","url":"https:\/\/marktxxl.de\/markt\/produkt\/joyin-24-stueck-weihnachtsplaetzchen-geschenk-backbox-geschenkbox-buntes-muster-mit-fenster-fuer-gebaeck-cupcakes-kekse-brownies-donuts-als-geschenk-22-2-x-14-6-x-7cm\/","name":"JOYIN 24 St\u00fcck Weihnachtspl\u00e4tzchen Geschenk Backbox Geschenkbox Buntes Muster mit Fenster f\u00fcr Geb\u00e4ck, Cupcakes, Kekse, Brownies, Donuts als Geschenk (22.2 x 14.6 x 7cm) - Markt-XXL","isPartOf":{"@id":"https:\/\/marktxxl.de\/markt\/#website"},"primaryImageOfPage":{"@id":"https:\/\/marktxxl.de\/markt\/produkt\/joyin-24-stueck-weihnachtsplaetzchen-geschenk-backbox-geschenkbox-buntes-muster-mit-fenster-fuer-gebaeck-cupcakes-kekse-brownies-donuts-als-geschenk-22-2-x-14-6-x-7cm\/#primaryimage"},"image":{"@id":"https:\/\/marktxxl.de\/markt\/produkt\/joyin-24-stueck-weihnachtsplaetzchen-geschenk-backbox-geschenkbox-buntes-muster-mit-fenster-fuer-gebaeck-cupcakes-kekse-brownies-donuts-als-geschenk-22-2-x-14-6-x-7cm\/#primaryimage"},"thumbnailUrl":"https:\/\/m.media-amazon.com\/images\/I\/51Hu5sXzAsL._SL500_.jpg","datePublished":"2024-06-29T00:20:12+00:00","description":"Markt-XXL JOYIN 24 St\u00fcck Weihnachtspl\u00e4tzchen Geschenk Backbox Geschenkbox Buntes Muster mit Fenster f\u00fcr Geb\u00e4ck, Cupcakes, Kekse, Brownies, Donuts als Geschenk (22.2 x 14.6 x 7cm)","breadcrumb":{"@id":"https:\/\/marktxxl.de\/markt\/produkt\/joyin-24-stueck-weihnachtsplaetzchen-geschenk-backbox-geschenkbox-buntes-muster-mit-fenster-fuer-gebaeck-cupcakes-kekse-brownies-donuts-als-geschenk-22-2-x-14-6-x-7cm\/#breadcrumb"},"inLanguage":"de","potentialAction":[{"@type":"ReadAction","target":["https:\/\/marktxxl.de\/markt\/produkt\/joyin-24-stueck-weihnachtsplaetzchen-geschenk-backbox-geschenkbox-buntes-muster-mit-fenster-fuer-gebaeck-cupcakes-kekse-brownies-donuts-als-geschenk-22-2-x-14-6-x-7cm\/"]}]},{"@type":"ImageObject","inLanguage":"de","@id":"https:\/\/marktxxl.de\/markt\/produkt\/joyin-24-stueck-weihnachtsplaetzchen-geschenk-backbox-geschenkbox-buntes-muster-mit-fenster-fuer-gebaeck-cupcakes-kekse-brownies-donuts-als-geschenk-22-2-x-14-6-x-7cm\/#primaryimage","url":"https:\/\/m.media-amazon.com\/images\/I\/51Hu5sXzAsL._SL500_.jpg","contentUrl":"https:\/\/m.media-amazon.com\/images\/I\/51Hu5sXzAsL._SL500_.jpg","width":500,"height":467},{"@type":"BreadcrumbList","@id":"https:\/\/marktxxl.de\/markt\/produkt\/joyin-24-stueck-weihnachtsplaetzchen-geschenk-backbox-geschenkbox-buntes-muster-mit-fenster-fuer-gebaeck-cupcakes-kekse-brownies-donuts-als-geschenk-22-2-x-14-6-x-7cm\/#breadcrumb","itemListElement":[{"@type":"ListItem","position":1,"name":"Startseite","item":"https:\/\/marktxxl.de\/markt\/"},{"@type":"ListItem","position":2,"name":"Markt","item":"https:\/\/marktxxl.de\/markt\/"},{"@type":"ListItem","position":3,"name":"JOYIN 24 St\u00fcck Weihnachtspl\u00e4tzchen Geschenk Backbox Geschenkbox Buntes Muster mit Fenster f\u00fcr Geb\u00e4ck, Cupcakes, Kekse, Brownies, Donuts als Geschenk (22.2 x 14.6 x 7cm)"}]},{"@type":"WebSite","@id":"https:\/\/marktxxl.de\/markt\/#website","url":"https:\/\/marktxxl.de\/markt\/","name":"Markt-XXL","description":"Ihr Markt Online","publisher":{"@id":"https:\/\/marktxxl.de\/markt\/#organization"},"potentialAction":[{"@type":"SearchAction","target":{"@type":"EntryPoint","urlTemplate":"https:\/\/marktxxl.de\/markt\/?s={search_term_string}"},"query-input":{"@type":"PropertyValueSpecification","valueRequired":true,"valueName":"search_term_string"}}],"inLanguage":"de"},{"@type":"Organization","@id":"https:\/\/marktxxl.de\/markt\/#organization","name":"Markt-XXL","url":"https:\/\/marktxxl.de\/markt\/","logo":{"@type":"ImageObject","inLanguage":"de","@id":"https:\/\/marktxxl.de\/markt\/#\/schema\/logo\/image\/","url":"https:\/\/marktxxl.de\/markt\/wp-content\/uploads\/sites\/3\/2020\/12\/logo.png","contentUrl":"https:\/\/marktxxl.de\/markt\/wp-content\/uploads\/sites\/3\/2020\/12\/logo.png","width":200,"height":70,"caption":"Markt-XXL"},"image":{"@id":"https:\/\/marktxxl.de\/markt\/#\/schema\/logo\/image\/"}}]}},"_links":{"self":[{"href":"https:\/\/marktxxl.de\/markt\/wp-json\/wp\/v2\/product\/214884","targetHints":{"allow":["GET"]}}],"collection":[{"href":"https:\/\/marktxxl.de\/markt\/wp-json\/wp\/v2\/product"}],"about":[{"href":"https:\/\/marktxxl.de\/markt\/wp-json\/wp\/v2\/types\/product"}],"replies":[{"embeddable":true,"href":"https:\/\/marktxxl.de\/markt\/wp-json\/wp\/v2\/comments?post=214884"}],"wp:featuredmedia":[{"embeddable":true,"href":"https:\/\/marktxxl.de\/markt\/wp-json\/wp\/v2\/media\/214885"}],"wp:attachment":[{"href":"https:\/\/marktxxl.de\/markt\/wp-json\/wp\/v2\/media?parent=214884"}],"wp:term":[{"taxonomy":"product_brand","embeddable":true,"href":"https:\/\/marktxxl.de\/markt\/wp-json\/wp\/v2\/product_brand?post=214884"},{"taxonomy":"product_cat","embeddable":true,"href":"https:\/\/marktxxl.de\/markt\/wp-json\/wp\/v2\/product_cat?post=214884"},{"taxonomy":"product_tag","embeddable":true,"href":"https:\/\/marktxxl.de\/markt\/wp-json\/wp\/v2\/product_tag?post=214884"}],"curies":[{"name":"wp","href":"https:\/\/api.w.org\/{rel}","templated":true}]}}