{"id":214710,"date":"2024-06-29T01:47:40","date_gmt":"2024-06-28T23:47:40","guid":{"rendered":"https:\/\/marktxxl.de\/markt\/produkt\/tounee-buchstaender-verstellbarer-buchhalter-mit-360-drehbarer-basis-kochbuchstaender-rezeptbuchhalter-mit-elastischen-seitenklammern-fuer-musikpartituren-rezepte\/"},"modified":"2024-06-29T01:47:41","modified_gmt":"2024-06-28T23:47:41","slug":"tounee-buchstaender-verstellbarer-buchhalter-mit-360-drehbarer-basis-kochbuchstaender-rezeptbuchhalter-mit-elastischen-seitenklammern-fuer-musikpartituren-rezepte","status":"publish","type":"product","link":"https:\/\/marktxxl.de\/markt\/produkt\/tounee-buchstaender-verstellbarer-buchhalter-mit-360-drehbarer-basis-kochbuchstaender-rezeptbuchhalter-mit-elastischen-seitenklammern-fuer-musikpartituren-rezepte\/","title":{"rendered":"Tounee Buchst\u00e4nder, Verstellbarer Buchhalter mit 360\u00b0 drehbarer Basis, Kochbuchst\u00e4nder, Rezeptbuchhalter mit elastischen Seitenklammern f\u00fcr Musikpartituren, Rezepte"},"content":{"rendered":"<p>\u3010360\u00b0 Drehung\u3011Dieser Buchst\u00e4nder bietet eine 360\u00b0 Drehfunktion, sodass Sie den Winkel Ihres Buches m\u00fchelos einstellen k\u00f6nnen. Teilen Sie Ihr Lesematerial mit anderen oder finden Sie ohne Probleme die perfekte Betrachtungsposition. Die 360\u00b0-Rotation sorgt f\u00fcr Komfort und Flexibilit\u00e4t beim Lesen.<br \/>\nKomfortable Lese-Position: Dieser ergonomische Buchst\u00e4nder ist so konzipiert, dass er eine komfortable Freisprech-Leseerfahrung bietet. Es wurde entwickelt, um ein komfortables Leseerlebnis zu bieten. Es erm\u00f6glicht Ihnen, den Winkel und die H\u00f6he Ihres Lesematerials einzustellen und hilft, die Belastung von Nacken, Schultern und R\u00fccken zu reduzieren. Verabschieden Sie sich von B\u00fcchern und genie\u00dfen Sie das Lesen in einer entspannteren und ergonomischeren Position.<br \/>\nSicher und stabil: Dieser Lesest\u00e4nder beh\u00e4lt seine Stabilit\u00e4t und Festigkeit. Es wurde entwickelt, um B\u00fccher, Zeitschriften, Notenbl\u00e4tter, Rezeptb\u00fccher sicher zu halten. Die elastischen Seitenclips sind entworfen, um Seiten an Ort und Stelle zu halten. Diese Clips haben in der Regel ein elastisches oder dehnbares Material, sodass sie sicher an den Seiten befestigt werden k\u00f6nnen, und erm\u00f6glichen auch die Verwendung von sehr dicken B\u00fcchern.<br \/>\nPlatzsparende Aufbewahrung: Dieser Buchst\u00e4nder nimmt nur minimalen Platz ein, wenn er zusammengeklappt ist, wodurch er ideal f\u00fcr diejenigen mit begrenztem Regal oder Schreibtisch Platz ist. Sie k\u00f6nnen es einfach in einer Schublade oder auf einem B\u00fccherregal verstauen, wenn es nicht in Gebrauch ist, wodurch wertvollen Platz in Ihrem Wohn- oder Arbeitsbereich freigegeben wird.<br \/>\nVielseitige Funktionalit\u00e4t: Dieser Buchst\u00e4nder ist so konzipiert, dass er f\u00fcr mehrere Zwecke verwendet werden kann, was ihn zu einem vielseitigen Werkzeug f\u00fcr verschiedene Aktivit\u00e4ten macht. Egal, ob Sie es f\u00fcr Notenbl\u00e4tter, Rezepte oder eine gute Lesung ben\u00f6tigen, dieser Buchst\u00e4nder ist die perfekte L\u00f6sung<br \/>\n<div class=\"main-cross-sell\" data-asin=\"B0CN2JF1KP\">\n\n\t<div class=\"WooZone-cross-sell-loader\">\n\t\t<div>\n\t\t\t<div id=\"floatingBarsG\">\n\t\t\t\t<div class=\"blockG\" id=\"rotateG_01\"><\/div>\n\t\t\t\t<div class=\"blockG\" id=\"rotateG_02\"><\/div>\n\t\t\t\t<div class=\"blockG\" id=\"rotateG_03\"><\/div>\n\t\t\t\t<div class=\"blockG\" id=\"rotateG_04\"><\/div>\n\t\t\t\t<div class=\"blockG\" id=\"rotateG_05\"><\/div>\n\t\t\t\t<div class=\"blockG\" id=\"rotateG_06\"><\/div>\n\t\t\t\t<div class=\"blockG\" id=\"rotateG_07\"><\/div>\n\t\t\t\t<div class=\"blockG\" id=\"rotateG_08\"><\/div>\n\t\t\t<\/div>\n\t\t\t<div class=\"WooZone-cross-sell-loader-text\"><\/div>\n\t\t<\/div>\n\t<\/div>\n\n\t\t\n<\/div>\n<div style=\"clear:both;\"><\/div><\/p>\n","protected":false},"excerpt":{"rendered":"<p>\u3010360\u00b0 Drehung\u3011Dieser Buchst\u00e4nder bietet eine 360\u00b0 Drehfunktion, sodass Sie den Winkel Ihres Buches m\u00fchelos einstellen k\u00f6nnen. Teilen Sie Ihr Lesematerial mit anderen oder finden Sie ohne Probleme die perfekte Betrachtungsposition. Die 360\u00b0-Rotation sorgt f\u00fcr Komfort und Flexibilit\u00e4t beim Lesen.<br \/>\nKomfortable Lese-Position: Dieser ergonomische Buchst\u00e4nder ist so konzipiert, dass er eine komfortable Freisprech-Leseerfahrung bietet. Es wurde entwickelt, um ein komfortables Leseerlebnis zu bieten. Es erm\u00f6glicht Ihnen, den Winkel und die H\u00f6he Ihres Lesematerials einzustellen und hilft, die Belastung von Nacken, Schultern und R\u00fccken zu reduzieren. Verabschieden Sie sich von B\u00fcchern und genie\u00dfen Sie das Lesen in einer entspannteren und ergonomischeren Position.<br \/>\nSicher und stabil: Dieser Lesest\u00e4nder beh\u00e4lt seine Stabilit\u00e4t und Festigkeit. Es wurde entwickelt, um B\u00fccher, Zeitschriften, Notenbl\u00e4tter, Rezeptb\u00fccher sicher zu halten. Die elastischen Seitenclips sind entworfen, um Seiten an Ort und Stelle zu halten. Diese Clips haben in der Regel ein elastisches oder dehnbares Material, sodass sie sicher an den Seiten befestigt werden k\u00f6nnen, und erm\u00f6glichen auch die Verwendung von sehr dicken B\u00fcchern.<\/p>\n","protected":false},"featured_media":214714,"comment_status":"open","ping_status":"closed","template":"","meta":[],"product_brand":[],"product_cat":[504,8312],"product_tag":[],"class_list":{"0":"post-214710","1":"product","2":"type-product","3":"status-publish","4":"has-post-thumbnail","6":"product_cat-buerobedarf-schreibwaren","7":"product_cat-bueromoebel-beleuchtung","8":"pa_brand-tounee","9":"pa_farbe-grau","10":"pa_farbe-schwarz","11":"pa_farbe-silber","12":"pa_manufacturer-tounee","14":"first","15":"instock","16":"shipping-taxable","17":"purchasable","18":"product-type-variable","19":"customify-col","20":"product-has-gallery"},"yoast_head":"<!-- This site is optimized with the Yoast SEO plugin v27.4 - https:\/\/yoast.com\/product\/yoast-seo-wordpress\/ -->\n<title>Tounee Buchst\u00e4nder, Verstellbarer Buchhalter mit 360\u00b0 drehbarer Basis, Kochbuchst\u00e4nder, Rezeptbuchhalter mit elastischen Seitenklammern f\u00fcr Musikpartituren, Rezepte - Markt-XXL<\/title>\n<meta name=\"description\" content=\"Markt-XXL Tounee Buchst\u00e4nder, Verstellbarer Buchhalter mit 360\u00b0 drehbarer Basis, Kochbuchst\u00e4nder, Rezeptbuchhalter mit elastischen Seitenklammern f\u00fcr Musikpartituren, Rezepte\" \/>\n<meta name=\"robots\" content=\"index, follow, max-snippet:-1, max-image-preview:large, max-video-preview:-1\" \/>\n<link rel=\"canonical\" href=\"https:\/\/marktxxl.de\/markt\/produkt\/tounee-buchstaender-verstellbarer-buchhalter-mit-360-drehbarer-basis-kochbuchstaender-rezeptbuchhalter-mit-elastischen-seitenklammern-fuer-musikpartituren-rezepte\/\" \/>\n<meta property=\"og:locale\" content=\"de_DE\" \/>\n<meta property=\"og:type\" content=\"article\" \/>\n<meta property=\"og:title\" content=\"Tounee Buchst\u00e4nder, Verstellbarer Buchhalter mit 360\u00b0 drehbarer Basis, Kochbuchst\u00e4nder, Rezeptbuchhalter mit elastischen Seitenklammern f\u00fcr Musikpartituren, Rezepte - Markt-XXL\" \/>\n<meta property=\"og:description\" content=\"Markt-XXL Tounee Buchst\u00e4nder, Verstellbarer Buchhalter mit 360\u00b0 drehbarer Basis, Kochbuchst\u00e4nder, Rezeptbuchhalter mit elastischen Seitenklammern f\u00fcr Musikpartituren, Rezepte\" \/>\n<meta property=\"og:url\" content=\"https:\/\/marktxxl.de\/markt\/produkt\/tounee-buchstaender-verstellbarer-buchhalter-mit-360-drehbarer-basis-kochbuchstaender-rezeptbuchhalter-mit-elastischen-seitenklammern-fuer-musikpartituren-rezepte\/\" \/>\n<meta property=\"og:site_name\" content=\"Markt-XXL\" \/>\n<meta property=\"article:modified_time\" content=\"2024-06-28T23:47:41+00:00\" \/>\n<meta name=\"twitter:card\" content=\"summary_large_image\" \/>\n<meta name=\"twitter:label1\" content=\"Gesch\u00e4tzte Lesezeit\" \/>\n\t<meta name=\"twitter:data1\" content=\"2\u00a0Minuten\" \/>\n<script type=\"application\/ld+json\" class=\"yoast-schema-graph\">{\"@context\":\"https:\\\/\\\/schema.org\",\"@graph\":[{\"@type\":\"WebPage\",\"@id\":\"https:\\\/\\\/marktxxl.de\\\/markt\\\/produkt\\\/tounee-buchstaender-verstellbarer-buchhalter-mit-360-drehbarer-basis-kochbuchstaender-rezeptbuchhalter-mit-elastischen-seitenklammern-fuer-musikpartituren-rezepte\\\/\",\"url\":\"https:\\\/\\\/marktxxl.de\\\/markt\\\/produkt\\\/tounee-buchstaender-verstellbarer-buchhalter-mit-360-drehbarer-basis-kochbuchstaender-rezeptbuchhalter-mit-elastischen-seitenklammern-fuer-musikpartituren-rezepte\\\/\",\"name\":\"Tounee Buchst\u00e4nder, Verstellbarer Buchhalter mit 360\u00b0 drehbarer Basis, Kochbuchst\u00e4nder, Rezeptbuchhalter mit elastischen Seitenklammern f\u00fcr Musikpartituren, Rezepte - Markt-XXL\",\"isPartOf\":{\"@id\":\"https:\\\/\\\/marktxxl.de\\\/markt\\\/#website\"},\"primaryImageOfPage\":{\"@id\":\"https:\\\/\\\/marktxxl.de\\\/markt\\\/produkt\\\/tounee-buchstaender-verstellbarer-buchhalter-mit-360-drehbarer-basis-kochbuchstaender-rezeptbuchhalter-mit-elastischen-seitenklammern-fuer-musikpartituren-rezepte\\\/#primaryimage\"},\"image\":{\"@id\":\"https:\\\/\\\/marktxxl.de\\\/markt\\\/produkt\\\/tounee-buchstaender-verstellbarer-buchhalter-mit-360-drehbarer-basis-kochbuchstaender-rezeptbuchhalter-mit-elastischen-seitenklammern-fuer-musikpartituren-rezepte\\\/#primaryimage\"},\"thumbnailUrl\":\"https:\\\/\\\/m.media-amazon.com\\\/images\\\/I\\\/41aO2SlCd2L._SL500_.jpg\",\"datePublished\":\"2024-06-28T23:47:40+00:00\",\"dateModified\":\"2024-06-28T23:47:41+00:00\",\"description\":\"Markt-XXL Tounee Buchst\u00e4nder, Verstellbarer Buchhalter mit 360\u00b0 drehbarer Basis, Kochbuchst\u00e4nder, Rezeptbuchhalter mit elastischen Seitenklammern f\u00fcr Musikpartituren, Rezepte\",\"breadcrumb\":{\"@id\":\"https:\\\/\\\/marktxxl.de\\\/markt\\\/produkt\\\/tounee-buchstaender-verstellbarer-buchhalter-mit-360-drehbarer-basis-kochbuchstaender-rezeptbuchhalter-mit-elastischen-seitenklammern-fuer-musikpartituren-rezepte\\\/#breadcrumb\"},\"inLanguage\":\"de\",\"potentialAction\":[{\"@type\":\"ReadAction\",\"target\":[\"https:\\\/\\\/marktxxl.de\\\/markt\\\/produkt\\\/tounee-buchstaender-verstellbarer-buchhalter-mit-360-drehbarer-basis-kochbuchstaender-rezeptbuchhalter-mit-elastischen-seitenklammern-fuer-musikpartituren-rezepte\\\/\"]}]},{\"@type\":\"ImageObject\",\"inLanguage\":\"de\",\"@id\":\"https:\\\/\\\/marktxxl.de\\\/markt\\\/produkt\\\/tounee-buchstaender-verstellbarer-buchhalter-mit-360-drehbarer-basis-kochbuchstaender-rezeptbuchhalter-mit-elastischen-seitenklammern-fuer-musikpartituren-rezepte\\\/#primaryimage\",\"url\":\"https:\\\/\\\/m.media-amazon.com\\\/images\\\/I\\\/41aO2SlCd2L._SL500_.jpg\",\"contentUrl\":\"https:\\\/\\\/m.media-amazon.com\\\/images\\\/I\\\/41aO2SlCd2L._SL500_.jpg\",\"width\":500,\"height\":500},{\"@type\":\"BreadcrumbList\",\"@id\":\"https:\\\/\\\/marktxxl.de\\\/markt\\\/produkt\\\/tounee-buchstaender-verstellbarer-buchhalter-mit-360-drehbarer-basis-kochbuchstaender-rezeptbuchhalter-mit-elastischen-seitenklammern-fuer-musikpartituren-rezepte\\\/#breadcrumb\",\"itemListElement\":[{\"@type\":\"ListItem\",\"position\":1,\"name\":\"Startseite\",\"item\":\"https:\\\/\\\/marktxxl.de\\\/markt\\\/\"},{\"@type\":\"ListItem\",\"position\":2,\"name\":\"Markt\",\"item\":\"https:\\\/\\\/marktxxl.de\\\/markt\\\/\"},{\"@type\":\"ListItem\",\"position\":3,\"name\":\"Tounee Buchst\u00e4nder, Verstellbarer Buchhalter mit 360\u00b0 drehbarer Basis, Kochbuchst\u00e4nder, Rezeptbuchhalter mit elastischen Seitenklammern f\u00fcr Musikpartituren, Rezepte\"}]},{\"@type\":\"WebSite\",\"@id\":\"https:\\\/\\\/marktxxl.de\\\/markt\\\/#website\",\"url\":\"https:\\\/\\\/marktxxl.de\\\/markt\\\/\",\"name\":\"Markt-XXL\",\"description\":\"Ihr Markt Online\",\"publisher\":{\"@id\":\"https:\\\/\\\/marktxxl.de\\\/markt\\\/#organization\"},\"potentialAction\":[{\"@type\":\"SearchAction\",\"target\":{\"@type\":\"EntryPoint\",\"urlTemplate\":\"https:\\\/\\\/marktxxl.de\\\/markt\\\/?s={search_term_string}\"},\"query-input\":{\"@type\":\"PropertyValueSpecification\",\"valueRequired\":true,\"valueName\":\"search_term_string\"}}],\"inLanguage\":\"de\"},{\"@type\":\"Organization\",\"@id\":\"https:\\\/\\\/marktxxl.de\\\/markt\\\/#organization\",\"name\":\"Markt-XXL\",\"url\":\"https:\\\/\\\/marktxxl.de\\\/markt\\\/\",\"logo\":{\"@type\":\"ImageObject\",\"inLanguage\":\"de\",\"@id\":\"https:\\\/\\\/marktxxl.de\\\/markt\\\/#\\\/schema\\\/logo\\\/image\\\/\",\"url\":\"https:\\\/\\\/marktxxl.de\\\/markt\\\/wp-content\\\/uploads\\\/sites\\\/3\\\/2020\\\/12\\\/logo.png\",\"contentUrl\":\"https:\\\/\\\/marktxxl.de\\\/markt\\\/wp-content\\\/uploads\\\/sites\\\/3\\\/2020\\\/12\\\/logo.png\",\"width\":200,\"height\":70,\"caption\":\"Markt-XXL\"},\"image\":{\"@id\":\"https:\\\/\\\/marktxxl.de\\\/markt\\\/#\\\/schema\\\/logo\\\/image\\\/\"}}]}<\/script>\n<!-- \/ Yoast SEO plugin. -->","yoast_head_json":{"title":"Tounee Buchst\u00e4nder, Verstellbarer Buchhalter mit 360\u00b0 drehbarer Basis, Kochbuchst\u00e4nder, Rezeptbuchhalter mit elastischen Seitenklammern f\u00fcr Musikpartituren, Rezepte - Markt-XXL","description":"Markt-XXL Tounee Buchst\u00e4nder, Verstellbarer Buchhalter mit 360\u00b0 drehbarer Basis, Kochbuchst\u00e4nder, Rezeptbuchhalter mit elastischen Seitenklammern f\u00fcr Musikpartituren, Rezepte","robots":{"index":"index","follow":"follow","max-snippet":"max-snippet:-1","max-image-preview":"max-image-preview:large","max-video-preview":"max-video-preview:-1"},"canonical":"https:\/\/marktxxl.de\/markt\/produkt\/tounee-buchstaender-verstellbarer-buchhalter-mit-360-drehbarer-basis-kochbuchstaender-rezeptbuchhalter-mit-elastischen-seitenklammern-fuer-musikpartituren-rezepte\/","og_locale":"de_DE","og_type":"article","og_title":"Tounee Buchst\u00e4nder, Verstellbarer Buchhalter mit 360\u00b0 drehbarer Basis, Kochbuchst\u00e4nder, Rezeptbuchhalter mit elastischen Seitenklammern f\u00fcr Musikpartituren, Rezepte - Markt-XXL","og_description":"Markt-XXL Tounee Buchst\u00e4nder, Verstellbarer Buchhalter mit 360\u00b0 drehbarer Basis, Kochbuchst\u00e4nder, Rezeptbuchhalter mit elastischen Seitenklammern f\u00fcr Musikpartituren, Rezepte","og_url":"https:\/\/marktxxl.de\/markt\/produkt\/tounee-buchstaender-verstellbarer-buchhalter-mit-360-drehbarer-basis-kochbuchstaender-rezeptbuchhalter-mit-elastischen-seitenklammern-fuer-musikpartituren-rezepte\/","og_site_name":"Markt-XXL","article_modified_time":"2024-06-28T23:47:41+00:00","twitter_card":"summary_large_image","twitter_misc":{"Gesch\u00e4tzte Lesezeit":"2\u00a0Minuten"},"schema":{"@context":"https:\/\/schema.org","@graph":[{"@type":"WebPage","@id":"https:\/\/marktxxl.de\/markt\/produkt\/tounee-buchstaender-verstellbarer-buchhalter-mit-360-drehbarer-basis-kochbuchstaender-rezeptbuchhalter-mit-elastischen-seitenklammern-fuer-musikpartituren-rezepte\/","url":"https:\/\/marktxxl.de\/markt\/produkt\/tounee-buchstaender-verstellbarer-buchhalter-mit-360-drehbarer-basis-kochbuchstaender-rezeptbuchhalter-mit-elastischen-seitenklammern-fuer-musikpartituren-rezepte\/","name":"Tounee Buchst\u00e4nder, Verstellbarer Buchhalter mit 360\u00b0 drehbarer Basis, Kochbuchst\u00e4nder, Rezeptbuchhalter mit elastischen Seitenklammern f\u00fcr Musikpartituren, Rezepte - Markt-XXL","isPartOf":{"@id":"https:\/\/marktxxl.de\/markt\/#website"},"primaryImageOfPage":{"@id":"https:\/\/marktxxl.de\/markt\/produkt\/tounee-buchstaender-verstellbarer-buchhalter-mit-360-drehbarer-basis-kochbuchstaender-rezeptbuchhalter-mit-elastischen-seitenklammern-fuer-musikpartituren-rezepte\/#primaryimage"},"image":{"@id":"https:\/\/marktxxl.de\/markt\/produkt\/tounee-buchstaender-verstellbarer-buchhalter-mit-360-drehbarer-basis-kochbuchstaender-rezeptbuchhalter-mit-elastischen-seitenklammern-fuer-musikpartituren-rezepte\/#primaryimage"},"thumbnailUrl":"https:\/\/m.media-amazon.com\/images\/I\/41aO2SlCd2L._SL500_.jpg","datePublished":"2024-06-28T23:47:40+00:00","dateModified":"2024-06-28T23:47:41+00:00","description":"Markt-XXL Tounee Buchst\u00e4nder, Verstellbarer Buchhalter mit 360\u00b0 drehbarer Basis, Kochbuchst\u00e4nder, Rezeptbuchhalter mit elastischen Seitenklammern f\u00fcr Musikpartituren, Rezepte","breadcrumb":{"@id":"https:\/\/marktxxl.de\/markt\/produkt\/tounee-buchstaender-verstellbarer-buchhalter-mit-360-drehbarer-basis-kochbuchstaender-rezeptbuchhalter-mit-elastischen-seitenklammern-fuer-musikpartituren-rezepte\/#breadcrumb"},"inLanguage":"de","potentialAction":[{"@type":"ReadAction","target":["https:\/\/marktxxl.de\/markt\/produkt\/tounee-buchstaender-verstellbarer-buchhalter-mit-360-drehbarer-basis-kochbuchstaender-rezeptbuchhalter-mit-elastischen-seitenklammern-fuer-musikpartituren-rezepte\/"]}]},{"@type":"ImageObject","inLanguage":"de","@id":"https:\/\/marktxxl.de\/markt\/produkt\/tounee-buchstaender-verstellbarer-buchhalter-mit-360-drehbarer-basis-kochbuchstaender-rezeptbuchhalter-mit-elastischen-seitenklammern-fuer-musikpartituren-rezepte\/#primaryimage","url":"https:\/\/m.media-amazon.com\/images\/I\/41aO2SlCd2L._SL500_.jpg","contentUrl":"https:\/\/m.media-amazon.com\/images\/I\/41aO2SlCd2L._SL500_.jpg","width":500,"height":500},{"@type":"BreadcrumbList","@id":"https:\/\/marktxxl.de\/markt\/produkt\/tounee-buchstaender-verstellbarer-buchhalter-mit-360-drehbarer-basis-kochbuchstaender-rezeptbuchhalter-mit-elastischen-seitenklammern-fuer-musikpartituren-rezepte\/#breadcrumb","itemListElement":[{"@type":"ListItem","position":1,"name":"Startseite","item":"https:\/\/marktxxl.de\/markt\/"},{"@type":"ListItem","position":2,"name":"Markt","item":"https:\/\/marktxxl.de\/markt\/"},{"@type":"ListItem","position":3,"name":"Tounee Buchst\u00e4nder, Verstellbarer Buchhalter mit 360\u00b0 drehbarer Basis, Kochbuchst\u00e4nder, Rezeptbuchhalter mit elastischen Seitenklammern f\u00fcr Musikpartituren, Rezepte"}]},{"@type":"WebSite","@id":"https:\/\/marktxxl.de\/markt\/#website","url":"https:\/\/marktxxl.de\/markt\/","name":"Markt-XXL","description":"Ihr Markt Online","publisher":{"@id":"https:\/\/marktxxl.de\/markt\/#organization"},"potentialAction":[{"@type":"SearchAction","target":{"@type":"EntryPoint","urlTemplate":"https:\/\/marktxxl.de\/markt\/?s={search_term_string}"},"query-input":{"@type":"PropertyValueSpecification","valueRequired":true,"valueName":"search_term_string"}}],"inLanguage":"de"},{"@type":"Organization","@id":"https:\/\/marktxxl.de\/markt\/#organization","name":"Markt-XXL","url":"https:\/\/marktxxl.de\/markt\/","logo":{"@type":"ImageObject","inLanguage":"de","@id":"https:\/\/marktxxl.de\/markt\/#\/schema\/logo\/image\/","url":"https:\/\/marktxxl.de\/markt\/wp-content\/uploads\/sites\/3\/2020\/12\/logo.png","contentUrl":"https:\/\/marktxxl.de\/markt\/wp-content\/uploads\/sites\/3\/2020\/12\/logo.png","width":200,"height":70,"caption":"Markt-XXL"},"image":{"@id":"https:\/\/marktxxl.de\/markt\/#\/schema\/logo\/image\/"}}]}},"_links":{"self":[{"href":"https:\/\/marktxxl.de\/markt\/wp-json\/wp\/v2\/product\/214710","targetHints":{"allow":["GET"]}}],"collection":[{"href":"https:\/\/marktxxl.de\/markt\/wp-json\/wp\/v2\/product"}],"about":[{"href":"https:\/\/marktxxl.de\/markt\/wp-json\/wp\/v2\/types\/product"}],"replies":[{"embeddable":true,"href":"https:\/\/marktxxl.de\/markt\/wp-json\/wp\/v2\/comments?post=214710"}],"wp:featuredmedia":[{"embeddable":true,"href":"https:\/\/marktxxl.de\/markt\/wp-json\/wp\/v2\/media\/214714"}],"wp:attachment":[{"href":"https:\/\/marktxxl.de\/markt\/wp-json\/wp\/v2\/media?parent=214710"}],"wp:term":[{"taxonomy":"product_brand","embeddable":true,"href":"https:\/\/marktxxl.de\/markt\/wp-json\/wp\/v2\/product_brand?post=214710"},{"taxonomy":"product_cat","embeddable":true,"href":"https:\/\/marktxxl.de\/markt\/wp-json\/wp\/v2\/product_cat?post=214710"},{"taxonomy":"product_tag","embeddable":true,"href":"https:\/\/marktxxl.de\/markt\/wp-json\/wp\/v2\/product_tag?post=214710"}],"curies":[{"name":"wp","href":"https:\/\/api.w.org\/{rel}","templated":true}]}}