{"id":214702,"date":"2024-06-29T01:47:12","date_gmt":"2024-06-28T23:47:12","guid":{"rendered":"https:\/\/marktxxl.de\/markt\/produkt\/abovetek-monitorstaender-acryl-bildschirmstaender-pc-tv-transparent-acryl-monitor-staender-bildschirmerhoehung-laptopstaender-fuer-monitor-computer-drucker-buero-unterbau-bildschirm\/"},"modified":"2024-06-29T01:47:12","modified_gmt":"2024-06-28T23:47:12","slug":"abovetek-monitorstaender-acryl-bildschirmstaender-pc-tv-transparent-acryl-monitor-staender-bildschirmerhoehung-laptopstaender-fuer-monitor-computer-drucker-buero-unterbau-bildschirm","status":"publish","type":"product","link":"https:\/\/marktxxl.de\/markt\/produkt\/abovetek-monitorstaender-acryl-bildschirmstaender-pc-tv-transparent-acryl-monitor-staender-bildschirmerhoehung-laptopstaender-fuer-monitor-computer-drucker-buero-unterbau-bildschirm\/","title":{"rendered":"AboveTEK Monitorst\u00e4nder Acryl Bildschirmst\u00e4nder PC\/TV Transparent Acryl Monitor St\u00e4nder Bildschirmerh\u00f6hung Laptopst\u00e4nder f\u00fcr Monitor Computer Drucker B\u00fcro Unterbau Bildschirm"},"content":{"rendered":"<p>Professionelles Handwerk und erstklassige Qualit\u00e4t: Dieser Acryl-Computermonitorst\u00e4nder verf\u00fcgt \u00fcber ein All-in-One-Design, das Ihren Monitor sofort erh\u00f6ht und den Platz auf Ihrem Schreibtisch ohne jeglichen Einrichtungsprozess organisiert. Die kristallklare Plattform und das wundersch\u00f6n polierte Acrylmaterial erg\u00e4nzen jede Einrichtung in Ihrem Zuhause oder B\u00fcro.<br \/>\nHochwertiges Material und ultrastabil: Hergestellt aus transparentem und hochwertigem Acrylmaterial, verbessert und verdickt Acryl-Monitorst\u00e4nder, was zu einer deutlich verbesserten Qualit\u00e4t und Stabilit\u00e4t. Tausende von Tests haben gezeigt, dass unser klarer Monitorst\u00e4nder \u00fcber eine hervorragende Stabilit\u00e4t verf\u00fcgt, so dass Sie mit Lasten unter 50 Pfund ohne Risse oder Verbiegungen arbeiten k\u00f6nnen.<br \/>\nErgonomisches Design und Komfort: Im Vergleich zu herk\u00f6mmlichen Schreibtischst\u00e4ndern hebt dieser Acryl-Monitorst\u00e4nder Ihren Monitor um mehr als 5 cm an und richtet sich an Ihrer Sichtlinie aus, um die Belastung von Nacken und Augen zu verringern. Er behebt effektiv Nacken- und R\u00fcckenschmerzen oder Erm\u00fcdungserscheinungen, die durch langes, gebeugtes Arbeiten verursacht werden, und verbessert Ihre t\u00e4gliche Arbeitseffizienz.<br \/>\nOrganisierter Schreibtisch und breite Anwendung: Dieser verbreiterte Acrylst\u00e4nder minimiert die Unordnung und spart wertvollen Platz auf dem Schreibtisch, was bedeutet, dass darunter mehr Platz f\u00fcr Ihre Tastatur und Maus in voller Gr\u00f6\u00dfe ist. Dieser tragbare und vielseitige Monitorst\u00e4nder ist perfekt f\u00fcr den Einsatz zu Hause und im B\u00fcro geeignet.<br \/>\nQualit\u00e4tssicherung und zuvorkommender Service: Unser verbesserter Monitorst\u00e4nder hat strenge Sicherheitstests bestanden und besticht durch seine Qualit\u00e4t. Und wir bieten Garantieservice f\u00fcr den Computerst\u00e4nder, wenn der klare Monitorst\u00e4nder w\u00e4hrend des Versands besch\u00e4digt wird, k\u00f6nnen Sie uns jederzeit kontaktieren, um einen brandneuen Ersatz zu erhalten oder eine volle R\u00fcckerstattung zu bekommen.<br \/>\n<div class=\"main-cross-sell\" data-asin=\"B06ZY3ZVXX\">\n\n\t<div class=\"WooZone-cross-sell-loader\">\n\t\t<div>\n\t\t\t<div id=\"floatingBarsG\">\n\t\t\t\t<div class=\"blockG\" id=\"rotateG_01\"><\/div>\n\t\t\t\t<div class=\"blockG\" id=\"rotateG_02\"><\/div>\n\t\t\t\t<div class=\"blockG\" id=\"rotateG_03\"><\/div>\n\t\t\t\t<div class=\"blockG\" id=\"rotateG_04\"><\/div>\n\t\t\t\t<div class=\"blockG\" id=\"rotateG_05\"><\/div>\n\t\t\t\t<div class=\"blockG\" id=\"rotateG_06\"><\/div>\n\t\t\t\t<div class=\"blockG\" id=\"rotateG_07\"><\/div>\n\t\t\t\t<div class=\"blockG\" id=\"rotateG_08\"><\/div>\n\t\t\t<\/div>\n\t\t\t<div class=\"WooZone-cross-sell-loader-text\"><\/div>\n\t\t<\/div>\n\t<\/div>\n\n\t\t\n<\/div>\n<div style=\"clear:both;\"><\/div><\/p>\n","protected":false},"excerpt":{"rendered":"<p>Professionelles Handwerk und erstklassige Qualit\u00e4t: Dieser Acryl-Computermonitorst\u00e4nder verf\u00fcgt \u00fcber ein All-in-One-Design, das Ihren Monitor sofort erh\u00f6ht und den Platz auf Ihrem Schreibtisch ohne jeglichen Einrichtungsprozess organisiert. Die kristallklare Plattform und das wundersch\u00f6n polierte Acrylmaterial erg\u00e4nzen jede Einrichtung in Ihrem Zuhause oder B\u00fcro.<br \/>\nHochwertiges Material und ultrastabil: Hergestellt aus transparentem und hochwertigem Acrylmaterial, verbessert und verdickt Acryl-Monitorst\u00e4nder, was zu einer deutlich verbesserten Qualit\u00e4t und Stabilit\u00e4t. Tausende von Tests haben gezeigt, dass unser klarer Monitorst\u00e4nder \u00fcber eine hervorragende Stabilit\u00e4t verf\u00fcgt, so dass Sie mit Lasten unter 50 Pfund ohne Risse oder Verbiegungen arbeiten k\u00f6nnen.<br \/>\nErgonomisches Design und Komfort: Im Vergleich zu herk\u00f6mmlichen Schreibtischst\u00e4ndern hebt dieser Acryl-Monitorst\u00e4nder Ihren Monitor um mehr als 5 cm an und richtet sich an Ihrer Sichtlinie aus, um die Belastung von Nacken und Augen zu verringern. Er behebt effektiv Nacken- und R\u00fcckenschmerzen oder Erm\u00fcdungserscheinungen, die durch langes, gebeugtes Arbeiten verursacht werden, und verbessert Ihre t\u00e4gliche Arbeitseffizienz.<\/p>\n","protected":false},"featured_media":214703,"comment_status":"open","ping_status":"closed","template":"","meta":[],"product_brand":[],"product_cat":[504,8312],"product_tag":[],"class_list":{"0":"post-214702","1":"product","2":"type-product","3":"status-publish","4":"has-post-thumbnail","6":"product_cat-buerobedarf-schreibwaren","7":"product_cat-bueromoebel-beleuchtung","8":"pa_binding-unbekannter-einband","9":"pa_brand-abovetek","10":"pa_color-transparent-mittel-1-ebene","11":"pa_height-3-5039370043-zoll","12":"pa_length-20-3937007666-zoll","13":"pa_manufacturer-abovetek","14":"pa_model-ms-202a","15":"pa_size-medium1-tier","16":"pa_weight-4-5-pounds","17":"pa_width-7-9921259761-zoll","19":"first","20":"instock","21":"shipping-taxable","22":"purchasable","23":"product-type-simple","24":"customify-col","25":"product-has-gallery"},"yoast_head":"<!-- This site is optimized with the Yoast SEO plugin v27.4 - https:\/\/yoast.com\/product\/yoast-seo-wordpress\/ -->\n<title>AboveTEK Monitorst\u00e4nder Acryl Bildschirmst\u00e4nder PC\/TV Transparent Acryl Monitor St\u00e4nder Bildschirmerh\u00f6hung Laptopst\u00e4nder f\u00fcr Monitor Computer Drucker B\u00fcro Unterbau Bildschirm - Markt-XXL<\/title>\n<meta name=\"description\" content=\"Markt-XXL AboveTEK Monitorst\u00e4nder Acryl Bildschirmst\u00e4nder PC\/TV Transparent Acryl Monitor St\u00e4nder Bildschirmerh\u00f6hung Laptopst\u00e4nder f\u00fcr Monitor Computer Drucker B\u00fcro Unterbau Bildschirm\" \/>\n<meta name=\"robots\" content=\"index, follow, max-snippet:-1, max-image-preview:large, max-video-preview:-1\" \/>\n<link rel=\"canonical\" href=\"https:\/\/marktxxl.de\/markt\/produkt\/abovetek-monitorstaender-acryl-bildschirmstaender-pc-tv-transparent-acryl-monitor-staender-bildschirmerhoehung-laptopstaender-fuer-monitor-computer-drucker-buero-unterbau-bildschirm\/\" \/>\n<meta property=\"og:locale\" content=\"de_DE\" \/>\n<meta property=\"og:type\" content=\"article\" \/>\n<meta property=\"og:title\" content=\"AboveTEK Monitorst\u00e4nder Acryl Bildschirmst\u00e4nder PC\/TV Transparent Acryl Monitor St\u00e4nder Bildschirmerh\u00f6hung Laptopst\u00e4nder f\u00fcr Monitor Computer Drucker B\u00fcro Unterbau Bildschirm - Markt-XXL\" \/>\n<meta property=\"og:description\" content=\"Markt-XXL AboveTEK Monitorst\u00e4nder Acryl Bildschirmst\u00e4nder PC\/TV Transparent Acryl Monitor St\u00e4nder Bildschirmerh\u00f6hung Laptopst\u00e4nder f\u00fcr Monitor Computer Drucker B\u00fcro Unterbau Bildschirm\" \/>\n<meta property=\"og:url\" content=\"https:\/\/marktxxl.de\/markt\/produkt\/abovetek-monitorstaender-acryl-bildschirmstaender-pc-tv-transparent-acryl-monitor-staender-bildschirmerhoehung-laptopstaender-fuer-monitor-computer-drucker-buero-unterbau-bildschirm\/\" \/>\n<meta property=\"og:site_name\" content=\"Markt-XXL\" \/>\n<meta name=\"twitter:card\" content=\"summary_large_image\" \/>\n<meta name=\"twitter:label1\" content=\"Gesch\u00e4tzte Lesezeit\" \/>\n\t<meta name=\"twitter:data1\" content=\"1\u00a0Minute\" \/>\n<script type=\"application\/ld+json\" class=\"yoast-schema-graph\">{\"@context\":\"https:\\\/\\\/schema.org\",\"@graph\":[{\"@type\":\"WebPage\",\"@id\":\"https:\\\/\\\/marktxxl.de\\\/markt\\\/produkt\\\/abovetek-monitorstaender-acryl-bildschirmstaender-pc-tv-transparent-acryl-monitor-staender-bildschirmerhoehung-laptopstaender-fuer-monitor-computer-drucker-buero-unterbau-bildschirm\\\/\",\"url\":\"https:\\\/\\\/marktxxl.de\\\/markt\\\/produkt\\\/abovetek-monitorstaender-acryl-bildschirmstaender-pc-tv-transparent-acryl-monitor-staender-bildschirmerhoehung-laptopstaender-fuer-monitor-computer-drucker-buero-unterbau-bildschirm\\\/\",\"name\":\"AboveTEK Monitorst\u00e4nder Acryl Bildschirmst\u00e4nder PC\\\/TV Transparent Acryl Monitor St\u00e4nder Bildschirmerh\u00f6hung Laptopst\u00e4nder f\u00fcr Monitor Computer Drucker B\u00fcro Unterbau Bildschirm - Markt-XXL\",\"isPartOf\":{\"@id\":\"https:\\\/\\\/marktxxl.de\\\/markt\\\/#website\"},\"primaryImageOfPage\":{\"@id\":\"https:\\\/\\\/marktxxl.de\\\/markt\\\/produkt\\\/abovetek-monitorstaender-acryl-bildschirmstaender-pc-tv-transparent-acryl-monitor-staender-bildschirmerhoehung-laptopstaender-fuer-monitor-computer-drucker-buero-unterbau-bildschirm\\\/#primaryimage\"},\"image\":{\"@id\":\"https:\\\/\\\/marktxxl.de\\\/markt\\\/produkt\\\/abovetek-monitorstaender-acryl-bildschirmstaender-pc-tv-transparent-acryl-monitor-staender-bildschirmerhoehung-laptopstaender-fuer-monitor-computer-drucker-buero-unterbau-bildschirm\\\/#primaryimage\"},\"thumbnailUrl\":\"https:\\\/\\\/m.media-amazon.com\\\/images\\\/I\\\/41NyU27J-PL._SL500_.jpg\",\"datePublished\":\"2024-06-28T23:47:12+00:00\",\"description\":\"Markt-XXL AboveTEK Monitorst\u00e4nder Acryl Bildschirmst\u00e4nder PC\\\/TV Transparent Acryl Monitor St\u00e4nder Bildschirmerh\u00f6hung Laptopst\u00e4nder f\u00fcr Monitor Computer Drucker B\u00fcro Unterbau Bildschirm\",\"breadcrumb\":{\"@id\":\"https:\\\/\\\/marktxxl.de\\\/markt\\\/produkt\\\/abovetek-monitorstaender-acryl-bildschirmstaender-pc-tv-transparent-acryl-monitor-staender-bildschirmerhoehung-laptopstaender-fuer-monitor-computer-drucker-buero-unterbau-bildschirm\\\/#breadcrumb\"},\"inLanguage\":\"de\",\"potentialAction\":[{\"@type\":\"ReadAction\",\"target\":[\"https:\\\/\\\/marktxxl.de\\\/markt\\\/produkt\\\/abovetek-monitorstaender-acryl-bildschirmstaender-pc-tv-transparent-acryl-monitor-staender-bildschirmerhoehung-laptopstaender-fuer-monitor-computer-drucker-buero-unterbau-bildschirm\\\/\"]}]},{\"@type\":\"ImageObject\",\"inLanguage\":\"de\",\"@id\":\"https:\\\/\\\/marktxxl.de\\\/markt\\\/produkt\\\/abovetek-monitorstaender-acryl-bildschirmstaender-pc-tv-transparent-acryl-monitor-staender-bildschirmerhoehung-laptopstaender-fuer-monitor-computer-drucker-buero-unterbau-bildschirm\\\/#primaryimage\",\"url\":\"https:\\\/\\\/m.media-amazon.com\\\/images\\\/I\\\/41NyU27J-PL._SL500_.jpg\",\"contentUrl\":\"https:\\\/\\\/m.media-amazon.com\\\/images\\\/I\\\/41NyU27J-PL._SL500_.jpg\",\"width\":500,\"height\":500},{\"@type\":\"BreadcrumbList\",\"@id\":\"https:\\\/\\\/marktxxl.de\\\/markt\\\/produkt\\\/abovetek-monitorstaender-acryl-bildschirmstaender-pc-tv-transparent-acryl-monitor-staender-bildschirmerhoehung-laptopstaender-fuer-monitor-computer-drucker-buero-unterbau-bildschirm\\\/#breadcrumb\",\"itemListElement\":[{\"@type\":\"ListItem\",\"position\":1,\"name\":\"Startseite\",\"item\":\"https:\\\/\\\/marktxxl.de\\\/markt\\\/\"},{\"@type\":\"ListItem\",\"position\":2,\"name\":\"Markt\",\"item\":\"https:\\\/\\\/marktxxl.de\\\/markt\\\/\"},{\"@type\":\"ListItem\",\"position\":3,\"name\":\"AboveTEK Monitorst\u00e4nder Acryl Bildschirmst\u00e4nder PC\\\/TV Transparent Acryl Monitor St\u00e4nder Bildschirmerh\u00f6hung Laptopst\u00e4nder f\u00fcr Monitor Computer Drucker B\u00fcro Unterbau Bildschirm\"}]},{\"@type\":\"WebSite\",\"@id\":\"https:\\\/\\\/marktxxl.de\\\/markt\\\/#website\",\"url\":\"https:\\\/\\\/marktxxl.de\\\/markt\\\/\",\"name\":\"Markt-XXL\",\"description\":\"Ihr Markt Online\",\"publisher\":{\"@id\":\"https:\\\/\\\/marktxxl.de\\\/markt\\\/#organization\"},\"potentialAction\":[{\"@type\":\"SearchAction\",\"target\":{\"@type\":\"EntryPoint\",\"urlTemplate\":\"https:\\\/\\\/marktxxl.de\\\/markt\\\/?s={search_term_string}\"},\"query-input\":{\"@type\":\"PropertyValueSpecification\",\"valueRequired\":true,\"valueName\":\"search_term_string\"}}],\"inLanguage\":\"de\"},{\"@type\":\"Organization\",\"@id\":\"https:\\\/\\\/marktxxl.de\\\/markt\\\/#organization\",\"name\":\"Markt-XXL\",\"url\":\"https:\\\/\\\/marktxxl.de\\\/markt\\\/\",\"logo\":{\"@type\":\"ImageObject\",\"inLanguage\":\"de\",\"@id\":\"https:\\\/\\\/marktxxl.de\\\/markt\\\/#\\\/schema\\\/logo\\\/image\\\/\",\"url\":\"https:\\\/\\\/marktxxl.de\\\/markt\\\/wp-content\\\/uploads\\\/sites\\\/3\\\/2020\\\/12\\\/logo.png\",\"contentUrl\":\"https:\\\/\\\/marktxxl.de\\\/markt\\\/wp-content\\\/uploads\\\/sites\\\/3\\\/2020\\\/12\\\/logo.png\",\"width\":200,\"height\":70,\"caption\":\"Markt-XXL\"},\"image\":{\"@id\":\"https:\\\/\\\/marktxxl.de\\\/markt\\\/#\\\/schema\\\/logo\\\/image\\\/\"}}]}<\/script>\n<!-- \/ Yoast SEO plugin. -->","yoast_head_json":{"title":"AboveTEK Monitorst\u00e4nder Acryl Bildschirmst\u00e4nder PC\/TV Transparent Acryl Monitor St\u00e4nder Bildschirmerh\u00f6hung Laptopst\u00e4nder f\u00fcr Monitor Computer Drucker B\u00fcro Unterbau Bildschirm - Markt-XXL","description":"Markt-XXL AboveTEK Monitorst\u00e4nder Acryl Bildschirmst\u00e4nder PC\/TV Transparent Acryl Monitor St\u00e4nder Bildschirmerh\u00f6hung Laptopst\u00e4nder f\u00fcr Monitor Computer Drucker B\u00fcro Unterbau Bildschirm","robots":{"index":"index","follow":"follow","max-snippet":"max-snippet:-1","max-image-preview":"max-image-preview:large","max-video-preview":"max-video-preview:-1"},"canonical":"https:\/\/marktxxl.de\/markt\/produkt\/abovetek-monitorstaender-acryl-bildschirmstaender-pc-tv-transparent-acryl-monitor-staender-bildschirmerhoehung-laptopstaender-fuer-monitor-computer-drucker-buero-unterbau-bildschirm\/","og_locale":"de_DE","og_type":"article","og_title":"AboveTEK Monitorst\u00e4nder Acryl Bildschirmst\u00e4nder PC\/TV Transparent Acryl Monitor St\u00e4nder Bildschirmerh\u00f6hung Laptopst\u00e4nder f\u00fcr Monitor Computer Drucker B\u00fcro Unterbau Bildschirm - Markt-XXL","og_description":"Markt-XXL AboveTEK Monitorst\u00e4nder Acryl Bildschirmst\u00e4nder PC\/TV Transparent Acryl Monitor St\u00e4nder Bildschirmerh\u00f6hung Laptopst\u00e4nder f\u00fcr Monitor Computer Drucker B\u00fcro Unterbau Bildschirm","og_url":"https:\/\/marktxxl.de\/markt\/produkt\/abovetek-monitorstaender-acryl-bildschirmstaender-pc-tv-transparent-acryl-monitor-staender-bildschirmerhoehung-laptopstaender-fuer-monitor-computer-drucker-buero-unterbau-bildschirm\/","og_site_name":"Markt-XXL","twitter_card":"summary_large_image","twitter_misc":{"Gesch\u00e4tzte Lesezeit":"1\u00a0Minute"},"schema":{"@context":"https:\/\/schema.org","@graph":[{"@type":"WebPage","@id":"https:\/\/marktxxl.de\/markt\/produkt\/abovetek-monitorstaender-acryl-bildschirmstaender-pc-tv-transparent-acryl-monitor-staender-bildschirmerhoehung-laptopstaender-fuer-monitor-computer-drucker-buero-unterbau-bildschirm\/","url":"https:\/\/marktxxl.de\/markt\/produkt\/abovetek-monitorstaender-acryl-bildschirmstaender-pc-tv-transparent-acryl-monitor-staender-bildschirmerhoehung-laptopstaender-fuer-monitor-computer-drucker-buero-unterbau-bildschirm\/","name":"AboveTEK Monitorst\u00e4nder Acryl Bildschirmst\u00e4nder PC\/TV Transparent Acryl Monitor St\u00e4nder Bildschirmerh\u00f6hung Laptopst\u00e4nder f\u00fcr Monitor Computer Drucker B\u00fcro Unterbau Bildschirm - Markt-XXL","isPartOf":{"@id":"https:\/\/marktxxl.de\/markt\/#website"},"primaryImageOfPage":{"@id":"https:\/\/marktxxl.de\/markt\/produkt\/abovetek-monitorstaender-acryl-bildschirmstaender-pc-tv-transparent-acryl-monitor-staender-bildschirmerhoehung-laptopstaender-fuer-monitor-computer-drucker-buero-unterbau-bildschirm\/#primaryimage"},"image":{"@id":"https:\/\/marktxxl.de\/markt\/produkt\/abovetek-monitorstaender-acryl-bildschirmstaender-pc-tv-transparent-acryl-monitor-staender-bildschirmerhoehung-laptopstaender-fuer-monitor-computer-drucker-buero-unterbau-bildschirm\/#primaryimage"},"thumbnailUrl":"https:\/\/m.media-amazon.com\/images\/I\/41NyU27J-PL._SL500_.jpg","datePublished":"2024-06-28T23:47:12+00:00","description":"Markt-XXL AboveTEK Monitorst\u00e4nder Acryl Bildschirmst\u00e4nder PC\/TV Transparent Acryl Monitor St\u00e4nder Bildschirmerh\u00f6hung Laptopst\u00e4nder f\u00fcr Monitor Computer Drucker B\u00fcro Unterbau Bildschirm","breadcrumb":{"@id":"https:\/\/marktxxl.de\/markt\/produkt\/abovetek-monitorstaender-acryl-bildschirmstaender-pc-tv-transparent-acryl-monitor-staender-bildschirmerhoehung-laptopstaender-fuer-monitor-computer-drucker-buero-unterbau-bildschirm\/#breadcrumb"},"inLanguage":"de","potentialAction":[{"@type":"ReadAction","target":["https:\/\/marktxxl.de\/markt\/produkt\/abovetek-monitorstaender-acryl-bildschirmstaender-pc-tv-transparent-acryl-monitor-staender-bildschirmerhoehung-laptopstaender-fuer-monitor-computer-drucker-buero-unterbau-bildschirm\/"]}]},{"@type":"ImageObject","inLanguage":"de","@id":"https:\/\/marktxxl.de\/markt\/produkt\/abovetek-monitorstaender-acryl-bildschirmstaender-pc-tv-transparent-acryl-monitor-staender-bildschirmerhoehung-laptopstaender-fuer-monitor-computer-drucker-buero-unterbau-bildschirm\/#primaryimage","url":"https:\/\/m.media-amazon.com\/images\/I\/41NyU27J-PL._SL500_.jpg","contentUrl":"https:\/\/m.media-amazon.com\/images\/I\/41NyU27J-PL._SL500_.jpg","width":500,"height":500},{"@type":"BreadcrumbList","@id":"https:\/\/marktxxl.de\/markt\/produkt\/abovetek-monitorstaender-acryl-bildschirmstaender-pc-tv-transparent-acryl-monitor-staender-bildschirmerhoehung-laptopstaender-fuer-monitor-computer-drucker-buero-unterbau-bildschirm\/#breadcrumb","itemListElement":[{"@type":"ListItem","position":1,"name":"Startseite","item":"https:\/\/marktxxl.de\/markt\/"},{"@type":"ListItem","position":2,"name":"Markt","item":"https:\/\/marktxxl.de\/markt\/"},{"@type":"ListItem","position":3,"name":"AboveTEK Monitorst\u00e4nder Acryl Bildschirmst\u00e4nder PC\/TV Transparent Acryl Monitor St\u00e4nder Bildschirmerh\u00f6hung Laptopst\u00e4nder f\u00fcr Monitor Computer Drucker B\u00fcro Unterbau Bildschirm"}]},{"@type":"WebSite","@id":"https:\/\/marktxxl.de\/markt\/#website","url":"https:\/\/marktxxl.de\/markt\/","name":"Markt-XXL","description":"Ihr Markt Online","publisher":{"@id":"https:\/\/marktxxl.de\/markt\/#organization"},"potentialAction":[{"@type":"SearchAction","target":{"@type":"EntryPoint","urlTemplate":"https:\/\/marktxxl.de\/markt\/?s={search_term_string}"},"query-input":{"@type":"PropertyValueSpecification","valueRequired":true,"valueName":"search_term_string"}}],"inLanguage":"de"},{"@type":"Organization","@id":"https:\/\/marktxxl.de\/markt\/#organization","name":"Markt-XXL","url":"https:\/\/marktxxl.de\/markt\/","logo":{"@type":"ImageObject","inLanguage":"de","@id":"https:\/\/marktxxl.de\/markt\/#\/schema\/logo\/image\/","url":"https:\/\/marktxxl.de\/markt\/wp-content\/uploads\/sites\/3\/2020\/12\/logo.png","contentUrl":"https:\/\/marktxxl.de\/markt\/wp-content\/uploads\/sites\/3\/2020\/12\/logo.png","width":200,"height":70,"caption":"Markt-XXL"},"image":{"@id":"https:\/\/marktxxl.de\/markt\/#\/schema\/logo\/image\/"}}]}},"_links":{"self":[{"href":"https:\/\/marktxxl.de\/markt\/wp-json\/wp\/v2\/product\/214702","targetHints":{"allow":["GET"]}}],"collection":[{"href":"https:\/\/marktxxl.de\/markt\/wp-json\/wp\/v2\/product"}],"about":[{"href":"https:\/\/marktxxl.de\/markt\/wp-json\/wp\/v2\/types\/product"}],"replies":[{"embeddable":true,"href":"https:\/\/marktxxl.de\/markt\/wp-json\/wp\/v2\/comments?post=214702"}],"wp:featuredmedia":[{"embeddable":true,"href":"https:\/\/marktxxl.de\/markt\/wp-json\/wp\/v2\/media\/214703"}],"wp:attachment":[{"href":"https:\/\/marktxxl.de\/markt\/wp-json\/wp\/v2\/media?parent=214702"}],"wp:term":[{"taxonomy":"product_brand","embeddable":true,"href":"https:\/\/marktxxl.de\/markt\/wp-json\/wp\/v2\/product_brand?post=214702"},{"taxonomy":"product_cat","embeddable":true,"href":"https:\/\/marktxxl.de\/markt\/wp-json\/wp\/v2\/product_cat?post=214702"},{"taxonomy":"product_tag","embeddable":true,"href":"https:\/\/marktxxl.de\/markt\/wp-json\/wp\/v2\/product_tag?post=214702"}],"curies":[{"name":"wp","href":"https:\/\/api.w.org\/{rel}","templated":true}]}}