{"id":214642,"date":"2024-06-29T01:06:04","date_gmt":"2024-06-28T23:06:04","guid":{"rendered":"https:\/\/marktxxl.de\/markt\/produkt\/klebekerlchen-33-grosse-namensaufkleber-in-verschiedenen-groessen-beschrifte-gegenstaende-in-schule-und-kindergarten\/"},"modified":"2025-10-16T12:01:04","modified_gmt":"2025-10-16T10:01:04","slug":"klebekerlchen-33-grosse-namensaufkleber-in-verschiedenen-groessen-beschrifte-gegenstaende-in-schule-und-kindergarten","status":"publish","type":"product","link":"https:\/\/marktxxl.de\/markt\/produkt\/klebekerlchen-33-grosse-namensaufkleber-in-verschiedenen-groessen-beschrifte-gegenstaende-in-schule-und-kindergarten\/","title":{"rendered":"Klebekerlchen\u00ae | 33 Gro\u00dfe Namensaufkleber in verschiedenen Gr\u00f6\u00dfen | Beschrifte Gegenst\u00e4nde in Schule und Kindergarten"},"content":{"rendered":"<p>Je Set 33 Gro\u00dfe Namensaufkleber in verschiedene Gr\u00f6\u00dfen: 3,3 x 3,3 cm &#8211; 7 x 2 cm, w\u00e4hle aus individuellen Designs deinen Favoriten und personalisiere die Sticker mit Namen, Adresse oder auch Telefonnummer<br \/>\nRobuste, selbstklebende Etiketten, die sich perfekt zum Markieren von Gegenst\u00e4nden eignen und ganz einfach anpassen lassen<br \/>\nNamensetiketten eignen sich zum Kennzeichnen von gr\u00f6\u00dferen Gegenst\u00e4nden, wie Brotdose, Fu\u00dfball, Trinkflasche oder auch Kleidung (synthetisches Label) und sind sowohl sp\u00fclmaschinenfest bis 60\u00b0 C, als auch Mikrowellen geeignet<br \/>\nMit den Namensschildern k\u00f6nnen die Dinge der Kinder in Kindergarten und Schule mit dem eigenen Namen beschriftet und so einfach wieder gefunden werden<br \/>\nWie w\u00e4rs mit einem coolen Einschulungsgeschenk? Die Namensschilder eignen sich als Kleinigkeit, F\u00fcllung oder kleines Geschenk f\u00fcr Schult\u00fctten und Zuckert\u00fctten von Jungs und M\u00e4dchen<br \/>\n<div class=\"main-cross-sell\" data-asin=\"B08T1V75TJ\">\n\n\t<div class=\"WooZone-cross-sell-loader\">\n\t\t<div>\n\t\t\t<div id=\"floatingBarsG\">\n\t\t\t\t<div class=\"blockG\" id=\"rotateG_01\"><\/div>\n\t\t\t\t<div class=\"blockG\" id=\"rotateG_02\"><\/div>\n\t\t\t\t<div class=\"blockG\" id=\"rotateG_03\"><\/div>\n\t\t\t\t<div class=\"blockG\" id=\"rotateG_04\"><\/div>\n\t\t\t\t<div class=\"blockG\" id=\"rotateG_05\"><\/div>\n\t\t\t\t<div class=\"blockG\" id=\"rotateG_06\"><\/div>\n\t\t\t\t<div class=\"blockG\" id=\"rotateG_07\"><\/div>\n\t\t\t\t<div class=\"blockG\" id=\"rotateG_08\"><\/div>\n\t\t\t<\/div>\n\t\t\t<div class=\"WooZone-cross-sell-loader-text\"><\/div>\n\t\t<\/div>\n\t<\/div>\n\n\t\t\n<\/div>\n<div style=\"clear:both;\"><\/div><\/p>\n","protected":false},"excerpt":{"rendered":"<p>Je Set 33 Gro\u00dfe Namensaufkleber in verschiedene Gr\u00f6\u00dfen: 3,3 x 3,3 cm &#8211; 7 x 2 cm, w\u00e4hle aus individuellen Designs deinen Favoriten und personalisiere die Sticker mit Namen, Adresse oder auch Telefonnummer<br \/>\nRobuste, selbstklebende Etiketten, die sich perfekt zum Markieren von Gegenst\u00e4nden eignen und ganz einfach anpassen lassen<br \/>\nNamensetiketten eignen sich zum Kennzeichnen von gr\u00f6\u00dferen Gegenst\u00e4nden, wie Brotdose, Fu\u00dfball, Trinkflasche oder auch Kleidung (synthetisches Label) und sind sowohl sp\u00fclmaschinenfest bis 60\u00b0 C, als auch Mikrowellen geeignet<\/p>\n","protected":false},"featured_media":214643,"comment_status":"open","ping_status":"closed","template":"","meta":[],"product_brand":[],"product_cat":[504,8284],"product_tag":[],"class_list":{"0":"post-214642","1":"product","2":"type-product","3":"status-publish","4":"has-post-thumbnail","6":"product_cat-buerobedarf-schreibwaren","7":"product_cat-bueromaterial","8":"pa_brand-klebekerlchen","9":"pa_manufacturer-klebekerlchen","10":"pa_size-33-x-33-cm-7-x-2-cm","12":"first","13":"instock","14":"shipping-taxable","15":"product-type-simple","16":"customify-col","17":"product-has-gallery"},"yoast_head":"<!-- This site is optimized with the Yoast SEO plugin v27.4 - https:\/\/yoast.com\/product\/yoast-seo-wordpress\/ -->\n<title>Klebekerlchen\u00ae | 33 Gro\u00dfe Namensaufkleber in verschiedenen Gr\u00f6\u00dfen | Beschrifte Gegenst\u00e4nde in Schule und Kindergarten - Markt-XXL<\/title>\n<meta name=\"description\" content=\"Markt-XXL Klebekerlchen\u00ae | 33 Gro\u00dfe Namensaufkleber in verschiedenen Gr\u00f6\u00dfen | Beschrifte Gegenst\u00e4nde in Schule und Kindergarten\" \/>\n<meta name=\"robots\" content=\"index, follow, max-snippet:-1, max-image-preview:large, max-video-preview:-1\" \/>\n<link rel=\"canonical\" href=\"https:\/\/marktxxl.de\/markt\/produkt\/klebekerlchen-33-grosse-namensaufkleber-in-verschiedenen-groessen-beschrifte-gegenstaende-in-schule-und-kindergarten\/\" \/>\n<meta property=\"og:locale\" content=\"de_DE\" \/>\n<meta property=\"og:type\" content=\"article\" \/>\n<meta property=\"og:title\" content=\"Klebekerlchen\u00ae | 33 Gro\u00dfe Namensaufkleber in verschiedenen Gr\u00f6\u00dfen | Beschrifte Gegenst\u00e4nde in Schule und Kindergarten - Markt-XXL\" \/>\n<meta property=\"og:description\" content=\"Markt-XXL Klebekerlchen\u00ae | 33 Gro\u00dfe Namensaufkleber in verschiedenen Gr\u00f6\u00dfen | Beschrifte Gegenst\u00e4nde in Schule und Kindergarten\" \/>\n<meta property=\"og:url\" content=\"https:\/\/marktxxl.de\/markt\/produkt\/klebekerlchen-33-grosse-namensaufkleber-in-verschiedenen-groessen-beschrifte-gegenstaende-in-schule-und-kindergarten\/\" \/>\n<meta property=\"og:site_name\" content=\"Markt-XXL\" \/>\n<meta property=\"article:modified_time\" content=\"2025-10-16T10:01:04+00:00\" \/>\n<meta name=\"twitter:card\" content=\"summary_large_image\" \/>\n<meta name=\"twitter:label1\" content=\"Gesch\u00e4tzte Lesezeit\" \/>\n\t<meta name=\"twitter:data1\" content=\"1\u00a0Minute\" \/>\n<script type=\"application\/ld+json\" class=\"yoast-schema-graph\">{\"@context\":\"https:\\\/\\\/schema.org\",\"@graph\":[{\"@type\":\"WebPage\",\"@id\":\"https:\\\/\\\/marktxxl.de\\\/markt\\\/produkt\\\/klebekerlchen-33-grosse-namensaufkleber-in-verschiedenen-groessen-beschrifte-gegenstaende-in-schule-und-kindergarten\\\/\",\"url\":\"https:\\\/\\\/marktxxl.de\\\/markt\\\/produkt\\\/klebekerlchen-33-grosse-namensaufkleber-in-verschiedenen-groessen-beschrifte-gegenstaende-in-schule-und-kindergarten\\\/\",\"name\":\"Klebekerlchen\u00ae | 33 Gro\u00dfe Namensaufkleber in verschiedenen Gr\u00f6\u00dfen | Beschrifte Gegenst\u00e4nde in Schule und Kindergarten - Markt-XXL\",\"isPartOf\":{\"@id\":\"https:\\\/\\\/marktxxl.de\\\/markt\\\/#website\"},\"primaryImageOfPage\":{\"@id\":\"https:\\\/\\\/marktxxl.de\\\/markt\\\/produkt\\\/klebekerlchen-33-grosse-namensaufkleber-in-verschiedenen-groessen-beschrifte-gegenstaende-in-schule-und-kindergarten\\\/#primaryimage\"},\"image\":{\"@id\":\"https:\\\/\\\/marktxxl.de\\\/markt\\\/produkt\\\/klebekerlchen-33-grosse-namensaufkleber-in-verschiedenen-groessen-beschrifte-gegenstaende-in-schule-und-kindergarten\\\/#primaryimage\"},\"thumbnailUrl\":\"https:\\\/\\\/m.media-amazon.com\\\/images\\\/I\\\/5155u3cRb+L._SL500_.jpg\",\"datePublished\":\"2024-06-28T23:06:04+00:00\",\"dateModified\":\"2025-10-16T10:01:04+00:00\",\"description\":\"Markt-XXL Klebekerlchen\u00ae | 33 Gro\u00dfe Namensaufkleber in verschiedenen Gr\u00f6\u00dfen | Beschrifte Gegenst\u00e4nde in Schule und Kindergarten\",\"breadcrumb\":{\"@id\":\"https:\\\/\\\/marktxxl.de\\\/markt\\\/produkt\\\/klebekerlchen-33-grosse-namensaufkleber-in-verschiedenen-groessen-beschrifte-gegenstaende-in-schule-und-kindergarten\\\/#breadcrumb\"},\"inLanguage\":\"de\",\"potentialAction\":[{\"@type\":\"ReadAction\",\"target\":[\"https:\\\/\\\/marktxxl.de\\\/markt\\\/produkt\\\/klebekerlchen-33-grosse-namensaufkleber-in-verschiedenen-groessen-beschrifte-gegenstaende-in-schule-und-kindergarten\\\/\"]}]},{\"@type\":\"ImageObject\",\"inLanguage\":\"de\",\"@id\":\"https:\\\/\\\/marktxxl.de\\\/markt\\\/produkt\\\/klebekerlchen-33-grosse-namensaufkleber-in-verschiedenen-groessen-beschrifte-gegenstaende-in-schule-und-kindergarten\\\/#primaryimage\",\"url\":\"https:\\\/\\\/m.media-amazon.com\\\/images\\\/I\\\/5155u3cRb+L._SL500_.jpg\",\"contentUrl\":\"https:\\\/\\\/m.media-amazon.com\\\/images\\\/I\\\/5155u3cRb+L._SL500_.jpg\",\"width\":500,\"height\":500},{\"@type\":\"BreadcrumbList\",\"@id\":\"https:\\\/\\\/marktxxl.de\\\/markt\\\/produkt\\\/klebekerlchen-33-grosse-namensaufkleber-in-verschiedenen-groessen-beschrifte-gegenstaende-in-schule-und-kindergarten\\\/#breadcrumb\",\"itemListElement\":[{\"@type\":\"ListItem\",\"position\":1,\"name\":\"Startseite\",\"item\":\"https:\\\/\\\/marktxxl.de\\\/markt\\\/\"},{\"@type\":\"ListItem\",\"position\":2,\"name\":\"Markt\",\"item\":\"https:\\\/\\\/marktxxl.de\\\/markt\\\/\"},{\"@type\":\"ListItem\",\"position\":3,\"name\":\"Klebekerlchen\u00ae | 33 Gro\u00dfe Namensaufkleber in verschiedenen Gr\u00f6\u00dfen | Beschrifte Gegenst\u00e4nde in Schule und Kindergarten\"}]},{\"@type\":\"WebSite\",\"@id\":\"https:\\\/\\\/marktxxl.de\\\/markt\\\/#website\",\"url\":\"https:\\\/\\\/marktxxl.de\\\/markt\\\/\",\"name\":\"Markt-XXL\",\"description\":\"Ihr Markt Online\",\"publisher\":{\"@id\":\"https:\\\/\\\/marktxxl.de\\\/markt\\\/#organization\"},\"potentialAction\":[{\"@type\":\"SearchAction\",\"target\":{\"@type\":\"EntryPoint\",\"urlTemplate\":\"https:\\\/\\\/marktxxl.de\\\/markt\\\/?s={search_term_string}\"},\"query-input\":{\"@type\":\"PropertyValueSpecification\",\"valueRequired\":true,\"valueName\":\"search_term_string\"}}],\"inLanguage\":\"de\"},{\"@type\":\"Organization\",\"@id\":\"https:\\\/\\\/marktxxl.de\\\/markt\\\/#organization\",\"name\":\"Markt-XXL\",\"url\":\"https:\\\/\\\/marktxxl.de\\\/markt\\\/\",\"logo\":{\"@type\":\"ImageObject\",\"inLanguage\":\"de\",\"@id\":\"https:\\\/\\\/marktxxl.de\\\/markt\\\/#\\\/schema\\\/logo\\\/image\\\/\",\"url\":\"https:\\\/\\\/marktxxl.de\\\/markt\\\/wp-content\\\/uploads\\\/sites\\\/3\\\/2020\\\/12\\\/logo.png\",\"contentUrl\":\"https:\\\/\\\/marktxxl.de\\\/markt\\\/wp-content\\\/uploads\\\/sites\\\/3\\\/2020\\\/12\\\/logo.png\",\"width\":200,\"height\":70,\"caption\":\"Markt-XXL\"},\"image\":{\"@id\":\"https:\\\/\\\/marktxxl.de\\\/markt\\\/#\\\/schema\\\/logo\\\/image\\\/\"}}]}<\/script>\n<!-- \/ Yoast SEO plugin. -->","yoast_head_json":{"title":"Klebekerlchen\u00ae | 33 Gro\u00dfe Namensaufkleber in verschiedenen Gr\u00f6\u00dfen | Beschrifte Gegenst\u00e4nde in Schule und Kindergarten - Markt-XXL","description":"Markt-XXL Klebekerlchen\u00ae | 33 Gro\u00dfe Namensaufkleber in verschiedenen Gr\u00f6\u00dfen | Beschrifte Gegenst\u00e4nde in Schule und Kindergarten","robots":{"index":"index","follow":"follow","max-snippet":"max-snippet:-1","max-image-preview":"max-image-preview:large","max-video-preview":"max-video-preview:-1"},"canonical":"https:\/\/marktxxl.de\/markt\/produkt\/klebekerlchen-33-grosse-namensaufkleber-in-verschiedenen-groessen-beschrifte-gegenstaende-in-schule-und-kindergarten\/","og_locale":"de_DE","og_type":"article","og_title":"Klebekerlchen\u00ae | 33 Gro\u00dfe Namensaufkleber in verschiedenen Gr\u00f6\u00dfen | Beschrifte Gegenst\u00e4nde in Schule und Kindergarten - Markt-XXL","og_description":"Markt-XXL Klebekerlchen\u00ae | 33 Gro\u00dfe Namensaufkleber in verschiedenen Gr\u00f6\u00dfen | Beschrifte Gegenst\u00e4nde in Schule und Kindergarten","og_url":"https:\/\/marktxxl.de\/markt\/produkt\/klebekerlchen-33-grosse-namensaufkleber-in-verschiedenen-groessen-beschrifte-gegenstaende-in-schule-und-kindergarten\/","og_site_name":"Markt-XXL","article_modified_time":"2025-10-16T10:01:04+00:00","twitter_card":"summary_large_image","twitter_misc":{"Gesch\u00e4tzte Lesezeit":"1\u00a0Minute"},"schema":{"@context":"https:\/\/schema.org","@graph":[{"@type":"WebPage","@id":"https:\/\/marktxxl.de\/markt\/produkt\/klebekerlchen-33-grosse-namensaufkleber-in-verschiedenen-groessen-beschrifte-gegenstaende-in-schule-und-kindergarten\/","url":"https:\/\/marktxxl.de\/markt\/produkt\/klebekerlchen-33-grosse-namensaufkleber-in-verschiedenen-groessen-beschrifte-gegenstaende-in-schule-und-kindergarten\/","name":"Klebekerlchen\u00ae | 33 Gro\u00dfe Namensaufkleber in verschiedenen Gr\u00f6\u00dfen | Beschrifte Gegenst\u00e4nde in Schule und Kindergarten - Markt-XXL","isPartOf":{"@id":"https:\/\/marktxxl.de\/markt\/#website"},"primaryImageOfPage":{"@id":"https:\/\/marktxxl.de\/markt\/produkt\/klebekerlchen-33-grosse-namensaufkleber-in-verschiedenen-groessen-beschrifte-gegenstaende-in-schule-und-kindergarten\/#primaryimage"},"image":{"@id":"https:\/\/marktxxl.de\/markt\/produkt\/klebekerlchen-33-grosse-namensaufkleber-in-verschiedenen-groessen-beschrifte-gegenstaende-in-schule-und-kindergarten\/#primaryimage"},"thumbnailUrl":"https:\/\/m.media-amazon.com\/images\/I\/5155u3cRb+L._SL500_.jpg","datePublished":"2024-06-28T23:06:04+00:00","dateModified":"2025-10-16T10:01:04+00:00","description":"Markt-XXL Klebekerlchen\u00ae | 33 Gro\u00dfe Namensaufkleber in verschiedenen Gr\u00f6\u00dfen | Beschrifte Gegenst\u00e4nde in Schule und Kindergarten","breadcrumb":{"@id":"https:\/\/marktxxl.de\/markt\/produkt\/klebekerlchen-33-grosse-namensaufkleber-in-verschiedenen-groessen-beschrifte-gegenstaende-in-schule-und-kindergarten\/#breadcrumb"},"inLanguage":"de","potentialAction":[{"@type":"ReadAction","target":["https:\/\/marktxxl.de\/markt\/produkt\/klebekerlchen-33-grosse-namensaufkleber-in-verschiedenen-groessen-beschrifte-gegenstaende-in-schule-und-kindergarten\/"]}]},{"@type":"ImageObject","inLanguage":"de","@id":"https:\/\/marktxxl.de\/markt\/produkt\/klebekerlchen-33-grosse-namensaufkleber-in-verschiedenen-groessen-beschrifte-gegenstaende-in-schule-und-kindergarten\/#primaryimage","url":"https:\/\/m.media-amazon.com\/images\/I\/5155u3cRb+L._SL500_.jpg","contentUrl":"https:\/\/m.media-amazon.com\/images\/I\/5155u3cRb+L._SL500_.jpg","width":500,"height":500},{"@type":"BreadcrumbList","@id":"https:\/\/marktxxl.de\/markt\/produkt\/klebekerlchen-33-grosse-namensaufkleber-in-verschiedenen-groessen-beschrifte-gegenstaende-in-schule-und-kindergarten\/#breadcrumb","itemListElement":[{"@type":"ListItem","position":1,"name":"Startseite","item":"https:\/\/marktxxl.de\/markt\/"},{"@type":"ListItem","position":2,"name":"Markt","item":"https:\/\/marktxxl.de\/markt\/"},{"@type":"ListItem","position":3,"name":"Klebekerlchen\u00ae | 33 Gro\u00dfe Namensaufkleber in verschiedenen Gr\u00f6\u00dfen | Beschrifte Gegenst\u00e4nde in Schule und Kindergarten"}]},{"@type":"WebSite","@id":"https:\/\/marktxxl.de\/markt\/#website","url":"https:\/\/marktxxl.de\/markt\/","name":"Markt-XXL","description":"Ihr Markt Online","publisher":{"@id":"https:\/\/marktxxl.de\/markt\/#organization"},"potentialAction":[{"@type":"SearchAction","target":{"@type":"EntryPoint","urlTemplate":"https:\/\/marktxxl.de\/markt\/?s={search_term_string}"},"query-input":{"@type":"PropertyValueSpecification","valueRequired":true,"valueName":"search_term_string"}}],"inLanguage":"de"},{"@type":"Organization","@id":"https:\/\/marktxxl.de\/markt\/#organization","name":"Markt-XXL","url":"https:\/\/marktxxl.de\/markt\/","logo":{"@type":"ImageObject","inLanguage":"de","@id":"https:\/\/marktxxl.de\/markt\/#\/schema\/logo\/image\/","url":"https:\/\/marktxxl.de\/markt\/wp-content\/uploads\/sites\/3\/2020\/12\/logo.png","contentUrl":"https:\/\/marktxxl.de\/markt\/wp-content\/uploads\/sites\/3\/2020\/12\/logo.png","width":200,"height":70,"caption":"Markt-XXL"},"image":{"@id":"https:\/\/marktxxl.de\/markt\/#\/schema\/logo\/image\/"}}]}},"_links":{"self":[{"href":"https:\/\/marktxxl.de\/markt\/wp-json\/wp\/v2\/product\/214642","targetHints":{"allow":["GET"]}}],"collection":[{"href":"https:\/\/marktxxl.de\/markt\/wp-json\/wp\/v2\/product"}],"about":[{"href":"https:\/\/marktxxl.de\/markt\/wp-json\/wp\/v2\/types\/product"}],"replies":[{"embeddable":true,"href":"https:\/\/marktxxl.de\/markt\/wp-json\/wp\/v2\/comments?post=214642"}],"wp:featuredmedia":[{"embeddable":true,"href":"https:\/\/marktxxl.de\/markt\/wp-json\/wp\/v2\/media\/214643"}],"wp:attachment":[{"href":"https:\/\/marktxxl.de\/markt\/wp-json\/wp\/v2\/media?parent=214642"}],"wp:term":[{"taxonomy":"product_brand","embeddable":true,"href":"https:\/\/marktxxl.de\/markt\/wp-json\/wp\/v2\/product_brand?post=214642"},{"taxonomy":"product_cat","embeddable":true,"href":"https:\/\/marktxxl.de\/markt\/wp-json\/wp\/v2\/product_cat?post=214642"},{"taxonomy":"product_tag","embeddable":true,"href":"https:\/\/marktxxl.de\/markt\/wp-json\/wp\/v2\/product_tag?post=214642"}],"curies":[{"name":"wp","href":"https:\/\/api.w.org\/{rel}","templated":true}]}}