{"id":214553,"date":"2024-06-29T00:47:12","date_gmt":"2024-06-28T22:47:12","guid":{"rendered":"https:\/\/marktxxl.de\/markt\/produkt\/utoplike-bamboo-desk-organizer-grosse-kapazitaet-pen-holder-lagerung-fuer-bleistifte-farbstifte-pinsel-360-grad-drehbar-buero-veranstalter-holz-farbe\/"},"modified":"2024-06-29T00:47:12","modified_gmt":"2024-06-28T22:47:12","slug":"utoplike-bamboo-desk-organizer-grosse-kapazitaet-pen-holder-lagerung-fuer-bleistifte-farbstifte-pinsel-360-grad-drehbar-buero-veranstalter-holz-farbe","status":"publish","type":"product","link":"https:\/\/marktxxl.de\/markt\/produkt\/utoplike-bamboo-desk-organizer-grosse-kapazitaet-pen-holder-lagerung-fuer-bleistifte-farbstifte-pinsel-360-grad-drehbar-buero-veranstalter-holz-farbe\/","title":{"rendered":"Utoplike Bamboo Desk Organizer, gro\u00dfe Kapazit\u00e4t Pen Holder Lagerung f\u00fcr Bleistifte, Farbstifte, Pinsel, 360 Grad drehbar B\u00fcro Veranstalter, Holz Farbe"},"content":{"rendered":"<p>Um 360 Grad drehbares Design: Der Utoplike Art Supply Organizer ist ideal f\u00fcr die Organisation Ihrer Marker, Buntstifte, Kreide. Es kann zweiseitig und reibungslos gedreht werden, einfach nach Belieben drehen. Der Aufbewahrungs-Organizer erm\u00f6glicht es Ihnen, all Ihre Kunstutensilien in Reichweite zu halten.Our Bambus drehbar stiftehalter patent number: 008325096-0001<br \/>\nGro\u00dfe Speicherkapazit\u00e4t: Der rotierende Stifthalter kann etwa 110-Scharfstifte aufnehmen oder passt problemlos 120-Farbstifte an<br \/>\nMehrzweck-Desktop-Aufbewahrungsbox: Die utop\u00e4hnliche rotierende Desktop-Aufbewahrungsbox sorgt f\u00fcr Ordnung in Ihrem Briefpapier. Elf Teile k\u00f6nnen Stifte, Buntstifte, Marker, Pinsel, Scheren usw. aufnehmen. Unsere Desktop-Aufbewahrungsboxen k\u00f6nnen in vielen F\u00e4llen verwendet werden, z. B. in Klassenzimmern, Wohnzimmern, B\u00fcroartikeln, Kosmetik und K\u00fcchen<br \/>\nGesund und langlebig: aus Bio-Bambus, umweltfreundlich. Nat\u00fcrliche Materialien machen Ihr Leben ges\u00fcnder. Poliert und sorgf\u00e4ltig von professionellen Handwerkern gefertigt, ist es \u00e4u\u00dferst stabil und langlebig. Die abnehmbare Partition des Desktop-Managers kann den verf\u00fcgbaren Platz besser nutzen<br \/>\n<div class=\"main-cross-sell\" data-asin=\"B0882SHBCL\">\n\n\t<div class=\"WooZone-cross-sell-loader\">\n\t\t<div>\n\t\t\t<div id=\"floatingBarsG\">\n\t\t\t\t<div class=\"blockG\" id=\"rotateG_01\"><\/div>\n\t\t\t\t<div class=\"blockG\" id=\"rotateG_02\"><\/div>\n\t\t\t\t<div class=\"blockG\" id=\"rotateG_03\"><\/div>\n\t\t\t\t<div class=\"blockG\" id=\"rotateG_04\"><\/div>\n\t\t\t\t<div class=\"blockG\" id=\"rotateG_05\"><\/div>\n\t\t\t\t<div class=\"blockG\" id=\"rotateG_06\"><\/div>\n\t\t\t\t<div class=\"blockG\" id=\"rotateG_07\"><\/div>\n\t\t\t\t<div class=\"blockG\" id=\"rotateG_08\"><\/div>\n\t\t\t<\/div>\n\t\t\t<div class=\"WooZone-cross-sell-loader-text\"><\/div>\n\t\t<\/div>\n\t<\/div>\n\n\t\t\n<\/div>\n<div style=\"clear:both;\"><\/div><\/p>\n","protected":false},"excerpt":{"rendered":"<p>Um 360 Grad drehbares Design: Der Utoplike Art Supply Organizer ist ideal f\u00fcr die Organisation Ihrer Marker, Buntstifte, Kreide. Es kann zweiseitig und reibungslos gedreht werden, einfach nach Belieben drehen. Der Aufbewahrungs-Organizer erm\u00f6glicht es Ihnen, all Ihre Kunstutensilien in Reichweite zu halten.Our Bambus drehbar stiftehalter patent number: 008325096-0001<br \/>\nGro\u00dfe Speicherkapazit\u00e4t: Der rotierende Stifthalter kann etwa 110-Scharfstifte aufnehmen oder passt problemlos 120-Farbstifte an<br \/>\nMehrzweck-Desktop-Aufbewahrungsbox: Die utop\u00e4hnliche rotierende Desktop-Aufbewahrungsbox sorgt f\u00fcr Ordnung in Ihrem Briefpapier. Elf Teile k\u00f6nnen Stifte, Buntstifte, Marker, Pinsel, Scheren usw. aufnehmen. Unsere Desktop-Aufbewahrungsboxen k\u00f6nnen in vielen F\u00e4llen verwendet werden, z. B. in Klassenzimmern, Wohnzimmern, B\u00fcroartikeln, Kosmetik und K\u00fcchen<\/p>\n","protected":false},"featured_media":214554,"comment_status":"open","ping_status":"closed","template":"","meta":[],"product_brand":[],"product_cat":[504,8284],"product_tag":[],"class_list":{"0":"post-214553","1":"product","2":"type-product","3":"status-publish","4":"has-post-thumbnail","6":"product_cat-buerobedarf-schreibwaren","7":"product_cat-bueromaterial","8":"pa_binding-werkzeug","9":"pa_brand-utoplike","10":"pa_color-holzfarbe","11":"pa_height-5-70078739576-zoll","12":"pa_length-7-90157479509-zoll","13":"pa_manufacturer-safehouseware","14":"pa_model-u-05","15":"pa_weight-2-314853751-pounds","16":"pa_width-7-90157479509-zoll","18":"first","19":"instock","20":"sale","21":"shipping-taxable","22":"purchasable","23":"product-type-simple","24":"customify-col","25":"product-has-gallery"},"yoast_head":"<!-- This site is optimized with the Yoast SEO plugin v27.4 - https:\/\/yoast.com\/product\/yoast-seo-wordpress\/ -->\n<title>Utoplike Bamboo Desk Organizer, gro\u00dfe Kapazit\u00e4t Pen Holder Lagerung f\u00fcr Bleistifte, Farbstifte, Pinsel, 360 Grad drehbar B\u00fcro Veranstalter, Holz Farbe - Markt-XXL<\/title>\n<meta name=\"description\" content=\"Markt-XXL Utoplike Bamboo Desk Organizer, gro\u00dfe Kapazit\u00e4t Pen Holder Lagerung f\u00fcr Bleistifte, Farbstifte, Pinsel, 360 Grad drehbar B\u00fcro Veranstalter, Holz Farbe\" \/>\n<meta name=\"robots\" content=\"index, follow, max-snippet:-1, max-image-preview:large, max-video-preview:-1\" \/>\n<link rel=\"canonical\" href=\"https:\/\/marktxxl.de\/markt\/produkt\/utoplike-bamboo-desk-organizer-grosse-kapazitaet-pen-holder-lagerung-fuer-bleistifte-farbstifte-pinsel-360-grad-drehbar-buero-veranstalter-holz-farbe\/\" \/>\n<meta property=\"og:locale\" content=\"de_DE\" \/>\n<meta property=\"og:type\" content=\"article\" \/>\n<meta property=\"og:title\" content=\"Utoplike Bamboo Desk Organizer, gro\u00dfe Kapazit\u00e4t Pen Holder Lagerung f\u00fcr Bleistifte, Farbstifte, Pinsel, 360 Grad drehbar B\u00fcro Veranstalter, Holz Farbe - Markt-XXL\" \/>\n<meta property=\"og:description\" content=\"Markt-XXL Utoplike Bamboo Desk Organizer, gro\u00dfe Kapazit\u00e4t Pen Holder Lagerung f\u00fcr Bleistifte, Farbstifte, Pinsel, 360 Grad drehbar B\u00fcro Veranstalter, Holz Farbe\" \/>\n<meta property=\"og:url\" content=\"https:\/\/marktxxl.de\/markt\/produkt\/utoplike-bamboo-desk-organizer-grosse-kapazitaet-pen-holder-lagerung-fuer-bleistifte-farbstifte-pinsel-360-grad-drehbar-buero-veranstalter-holz-farbe\/\" \/>\n<meta property=\"og:site_name\" content=\"Markt-XXL\" \/>\n<meta name=\"twitter:card\" content=\"summary_large_image\" \/>\n<meta name=\"twitter:label1\" content=\"Gesch\u00e4tzte Lesezeit\" \/>\n\t<meta name=\"twitter:data1\" content=\"1\u00a0Minute\" \/>\n<script type=\"application\/ld+json\" class=\"yoast-schema-graph\">{\"@context\":\"https:\\\/\\\/schema.org\",\"@graph\":[{\"@type\":\"WebPage\",\"@id\":\"https:\\\/\\\/marktxxl.de\\\/markt\\\/produkt\\\/utoplike-bamboo-desk-organizer-grosse-kapazitaet-pen-holder-lagerung-fuer-bleistifte-farbstifte-pinsel-360-grad-drehbar-buero-veranstalter-holz-farbe\\\/\",\"url\":\"https:\\\/\\\/marktxxl.de\\\/markt\\\/produkt\\\/utoplike-bamboo-desk-organizer-grosse-kapazitaet-pen-holder-lagerung-fuer-bleistifte-farbstifte-pinsel-360-grad-drehbar-buero-veranstalter-holz-farbe\\\/\",\"name\":\"Utoplike Bamboo Desk Organizer, gro\u00dfe Kapazit\u00e4t Pen Holder Lagerung f\u00fcr Bleistifte, Farbstifte, Pinsel, 360 Grad drehbar B\u00fcro Veranstalter, Holz Farbe - Markt-XXL\",\"isPartOf\":{\"@id\":\"https:\\\/\\\/marktxxl.de\\\/markt\\\/#website\"},\"primaryImageOfPage\":{\"@id\":\"https:\\\/\\\/marktxxl.de\\\/markt\\\/produkt\\\/utoplike-bamboo-desk-organizer-grosse-kapazitaet-pen-holder-lagerung-fuer-bleistifte-farbstifte-pinsel-360-grad-drehbar-buero-veranstalter-holz-farbe\\\/#primaryimage\"},\"image\":{\"@id\":\"https:\\\/\\\/marktxxl.de\\\/markt\\\/produkt\\\/utoplike-bamboo-desk-organizer-grosse-kapazitaet-pen-holder-lagerung-fuer-bleistifte-farbstifte-pinsel-360-grad-drehbar-buero-veranstalter-holz-farbe\\\/#primaryimage\"},\"thumbnailUrl\":\"https:\\\/\\\/m.media-amazon.com\\\/images\\\/I\\\/41ZvkofotHL._SL500_.jpg\",\"datePublished\":\"2024-06-28T22:47:12+00:00\",\"description\":\"Markt-XXL Utoplike Bamboo Desk Organizer, gro\u00dfe Kapazit\u00e4t Pen Holder Lagerung f\u00fcr Bleistifte, Farbstifte, Pinsel, 360 Grad drehbar B\u00fcro Veranstalter, Holz Farbe\",\"breadcrumb\":{\"@id\":\"https:\\\/\\\/marktxxl.de\\\/markt\\\/produkt\\\/utoplike-bamboo-desk-organizer-grosse-kapazitaet-pen-holder-lagerung-fuer-bleistifte-farbstifte-pinsel-360-grad-drehbar-buero-veranstalter-holz-farbe\\\/#breadcrumb\"},\"inLanguage\":\"de\",\"potentialAction\":[{\"@type\":\"ReadAction\",\"target\":[\"https:\\\/\\\/marktxxl.de\\\/markt\\\/produkt\\\/utoplike-bamboo-desk-organizer-grosse-kapazitaet-pen-holder-lagerung-fuer-bleistifte-farbstifte-pinsel-360-grad-drehbar-buero-veranstalter-holz-farbe\\\/\"]}]},{\"@type\":\"ImageObject\",\"inLanguage\":\"de\",\"@id\":\"https:\\\/\\\/marktxxl.de\\\/markt\\\/produkt\\\/utoplike-bamboo-desk-organizer-grosse-kapazitaet-pen-holder-lagerung-fuer-bleistifte-farbstifte-pinsel-360-grad-drehbar-buero-veranstalter-holz-farbe\\\/#primaryimage\",\"url\":\"https:\\\/\\\/m.media-amazon.com\\\/images\\\/I\\\/41ZvkofotHL._SL500_.jpg\",\"contentUrl\":\"https:\\\/\\\/m.media-amazon.com\\\/images\\\/I\\\/41ZvkofotHL._SL500_.jpg\",\"width\":500,\"height\":500},{\"@type\":\"BreadcrumbList\",\"@id\":\"https:\\\/\\\/marktxxl.de\\\/markt\\\/produkt\\\/utoplike-bamboo-desk-organizer-grosse-kapazitaet-pen-holder-lagerung-fuer-bleistifte-farbstifte-pinsel-360-grad-drehbar-buero-veranstalter-holz-farbe\\\/#breadcrumb\",\"itemListElement\":[{\"@type\":\"ListItem\",\"position\":1,\"name\":\"Startseite\",\"item\":\"https:\\\/\\\/marktxxl.de\\\/markt\\\/\"},{\"@type\":\"ListItem\",\"position\":2,\"name\":\"Markt\",\"item\":\"https:\\\/\\\/marktxxl.de\\\/markt\\\/\"},{\"@type\":\"ListItem\",\"position\":3,\"name\":\"Utoplike Bamboo Desk Organizer, gro\u00dfe Kapazit\u00e4t Pen Holder Lagerung f\u00fcr Bleistifte, Farbstifte, Pinsel, 360 Grad drehbar B\u00fcro Veranstalter, Holz Farbe\"}]},{\"@type\":\"WebSite\",\"@id\":\"https:\\\/\\\/marktxxl.de\\\/markt\\\/#website\",\"url\":\"https:\\\/\\\/marktxxl.de\\\/markt\\\/\",\"name\":\"Markt-XXL\",\"description\":\"Ihr Markt Online\",\"publisher\":{\"@id\":\"https:\\\/\\\/marktxxl.de\\\/markt\\\/#organization\"},\"potentialAction\":[{\"@type\":\"SearchAction\",\"target\":{\"@type\":\"EntryPoint\",\"urlTemplate\":\"https:\\\/\\\/marktxxl.de\\\/markt\\\/?s={search_term_string}\"},\"query-input\":{\"@type\":\"PropertyValueSpecification\",\"valueRequired\":true,\"valueName\":\"search_term_string\"}}],\"inLanguage\":\"de\"},{\"@type\":\"Organization\",\"@id\":\"https:\\\/\\\/marktxxl.de\\\/markt\\\/#organization\",\"name\":\"Markt-XXL\",\"url\":\"https:\\\/\\\/marktxxl.de\\\/markt\\\/\",\"logo\":{\"@type\":\"ImageObject\",\"inLanguage\":\"de\",\"@id\":\"https:\\\/\\\/marktxxl.de\\\/markt\\\/#\\\/schema\\\/logo\\\/image\\\/\",\"url\":\"https:\\\/\\\/marktxxl.de\\\/markt\\\/wp-content\\\/uploads\\\/sites\\\/3\\\/2020\\\/12\\\/logo.png\",\"contentUrl\":\"https:\\\/\\\/marktxxl.de\\\/markt\\\/wp-content\\\/uploads\\\/sites\\\/3\\\/2020\\\/12\\\/logo.png\",\"width\":200,\"height\":70,\"caption\":\"Markt-XXL\"},\"image\":{\"@id\":\"https:\\\/\\\/marktxxl.de\\\/markt\\\/#\\\/schema\\\/logo\\\/image\\\/\"}}]}<\/script>\n<!-- \/ Yoast SEO plugin. -->","yoast_head_json":{"title":"Utoplike Bamboo Desk Organizer, gro\u00dfe Kapazit\u00e4t Pen Holder Lagerung f\u00fcr Bleistifte, Farbstifte, Pinsel, 360 Grad drehbar B\u00fcro Veranstalter, Holz Farbe - Markt-XXL","description":"Markt-XXL Utoplike Bamboo Desk Organizer, gro\u00dfe Kapazit\u00e4t Pen Holder Lagerung f\u00fcr Bleistifte, Farbstifte, Pinsel, 360 Grad drehbar B\u00fcro Veranstalter, Holz Farbe","robots":{"index":"index","follow":"follow","max-snippet":"max-snippet:-1","max-image-preview":"max-image-preview:large","max-video-preview":"max-video-preview:-1"},"canonical":"https:\/\/marktxxl.de\/markt\/produkt\/utoplike-bamboo-desk-organizer-grosse-kapazitaet-pen-holder-lagerung-fuer-bleistifte-farbstifte-pinsel-360-grad-drehbar-buero-veranstalter-holz-farbe\/","og_locale":"de_DE","og_type":"article","og_title":"Utoplike Bamboo Desk Organizer, gro\u00dfe Kapazit\u00e4t Pen Holder Lagerung f\u00fcr Bleistifte, Farbstifte, Pinsel, 360 Grad drehbar B\u00fcro Veranstalter, Holz Farbe - Markt-XXL","og_description":"Markt-XXL Utoplike Bamboo Desk Organizer, gro\u00dfe Kapazit\u00e4t Pen Holder Lagerung f\u00fcr Bleistifte, Farbstifte, Pinsel, 360 Grad drehbar B\u00fcro Veranstalter, Holz Farbe","og_url":"https:\/\/marktxxl.de\/markt\/produkt\/utoplike-bamboo-desk-organizer-grosse-kapazitaet-pen-holder-lagerung-fuer-bleistifte-farbstifte-pinsel-360-grad-drehbar-buero-veranstalter-holz-farbe\/","og_site_name":"Markt-XXL","twitter_card":"summary_large_image","twitter_misc":{"Gesch\u00e4tzte Lesezeit":"1\u00a0Minute"},"schema":{"@context":"https:\/\/schema.org","@graph":[{"@type":"WebPage","@id":"https:\/\/marktxxl.de\/markt\/produkt\/utoplike-bamboo-desk-organizer-grosse-kapazitaet-pen-holder-lagerung-fuer-bleistifte-farbstifte-pinsel-360-grad-drehbar-buero-veranstalter-holz-farbe\/","url":"https:\/\/marktxxl.de\/markt\/produkt\/utoplike-bamboo-desk-organizer-grosse-kapazitaet-pen-holder-lagerung-fuer-bleistifte-farbstifte-pinsel-360-grad-drehbar-buero-veranstalter-holz-farbe\/","name":"Utoplike Bamboo Desk Organizer, gro\u00dfe Kapazit\u00e4t Pen Holder Lagerung f\u00fcr Bleistifte, Farbstifte, Pinsel, 360 Grad drehbar B\u00fcro Veranstalter, Holz Farbe - Markt-XXL","isPartOf":{"@id":"https:\/\/marktxxl.de\/markt\/#website"},"primaryImageOfPage":{"@id":"https:\/\/marktxxl.de\/markt\/produkt\/utoplike-bamboo-desk-organizer-grosse-kapazitaet-pen-holder-lagerung-fuer-bleistifte-farbstifte-pinsel-360-grad-drehbar-buero-veranstalter-holz-farbe\/#primaryimage"},"image":{"@id":"https:\/\/marktxxl.de\/markt\/produkt\/utoplike-bamboo-desk-organizer-grosse-kapazitaet-pen-holder-lagerung-fuer-bleistifte-farbstifte-pinsel-360-grad-drehbar-buero-veranstalter-holz-farbe\/#primaryimage"},"thumbnailUrl":"https:\/\/m.media-amazon.com\/images\/I\/41ZvkofotHL._SL500_.jpg","datePublished":"2024-06-28T22:47:12+00:00","description":"Markt-XXL Utoplike Bamboo Desk Organizer, gro\u00dfe Kapazit\u00e4t Pen Holder Lagerung f\u00fcr Bleistifte, Farbstifte, Pinsel, 360 Grad drehbar B\u00fcro Veranstalter, Holz Farbe","breadcrumb":{"@id":"https:\/\/marktxxl.de\/markt\/produkt\/utoplike-bamboo-desk-organizer-grosse-kapazitaet-pen-holder-lagerung-fuer-bleistifte-farbstifte-pinsel-360-grad-drehbar-buero-veranstalter-holz-farbe\/#breadcrumb"},"inLanguage":"de","potentialAction":[{"@type":"ReadAction","target":["https:\/\/marktxxl.de\/markt\/produkt\/utoplike-bamboo-desk-organizer-grosse-kapazitaet-pen-holder-lagerung-fuer-bleistifte-farbstifte-pinsel-360-grad-drehbar-buero-veranstalter-holz-farbe\/"]}]},{"@type":"ImageObject","inLanguage":"de","@id":"https:\/\/marktxxl.de\/markt\/produkt\/utoplike-bamboo-desk-organizer-grosse-kapazitaet-pen-holder-lagerung-fuer-bleistifte-farbstifte-pinsel-360-grad-drehbar-buero-veranstalter-holz-farbe\/#primaryimage","url":"https:\/\/m.media-amazon.com\/images\/I\/41ZvkofotHL._SL500_.jpg","contentUrl":"https:\/\/m.media-amazon.com\/images\/I\/41ZvkofotHL._SL500_.jpg","width":500,"height":500},{"@type":"BreadcrumbList","@id":"https:\/\/marktxxl.de\/markt\/produkt\/utoplike-bamboo-desk-organizer-grosse-kapazitaet-pen-holder-lagerung-fuer-bleistifte-farbstifte-pinsel-360-grad-drehbar-buero-veranstalter-holz-farbe\/#breadcrumb","itemListElement":[{"@type":"ListItem","position":1,"name":"Startseite","item":"https:\/\/marktxxl.de\/markt\/"},{"@type":"ListItem","position":2,"name":"Markt","item":"https:\/\/marktxxl.de\/markt\/"},{"@type":"ListItem","position":3,"name":"Utoplike Bamboo Desk Organizer, gro\u00dfe Kapazit\u00e4t Pen Holder Lagerung f\u00fcr Bleistifte, Farbstifte, Pinsel, 360 Grad drehbar B\u00fcro Veranstalter, Holz Farbe"}]},{"@type":"WebSite","@id":"https:\/\/marktxxl.de\/markt\/#website","url":"https:\/\/marktxxl.de\/markt\/","name":"Markt-XXL","description":"Ihr Markt Online","publisher":{"@id":"https:\/\/marktxxl.de\/markt\/#organization"},"potentialAction":[{"@type":"SearchAction","target":{"@type":"EntryPoint","urlTemplate":"https:\/\/marktxxl.de\/markt\/?s={search_term_string}"},"query-input":{"@type":"PropertyValueSpecification","valueRequired":true,"valueName":"search_term_string"}}],"inLanguage":"de"},{"@type":"Organization","@id":"https:\/\/marktxxl.de\/markt\/#organization","name":"Markt-XXL","url":"https:\/\/marktxxl.de\/markt\/","logo":{"@type":"ImageObject","inLanguage":"de","@id":"https:\/\/marktxxl.de\/markt\/#\/schema\/logo\/image\/","url":"https:\/\/marktxxl.de\/markt\/wp-content\/uploads\/sites\/3\/2020\/12\/logo.png","contentUrl":"https:\/\/marktxxl.de\/markt\/wp-content\/uploads\/sites\/3\/2020\/12\/logo.png","width":200,"height":70,"caption":"Markt-XXL"},"image":{"@id":"https:\/\/marktxxl.de\/markt\/#\/schema\/logo\/image\/"}}]}},"_links":{"self":[{"href":"https:\/\/marktxxl.de\/markt\/wp-json\/wp\/v2\/product\/214553","targetHints":{"allow":["GET"]}}],"collection":[{"href":"https:\/\/marktxxl.de\/markt\/wp-json\/wp\/v2\/product"}],"about":[{"href":"https:\/\/marktxxl.de\/markt\/wp-json\/wp\/v2\/types\/product"}],"replies":[{"embeddable":true,"href":"https:\/\/marktxxl.de\/markt\/wp-json\/wp\/v2\/comments?post=214553"}],"wp:featuredmedia":[{"embeddable":true,"href":"https:\/\/marktxxl.de\/markt\/wp-json\/wp\/v2\/media\/214554"}],"wp:attachment":[{"href":"https:\/\/marktxxl.de\/markt\/wp-json\/wp\/v2\/media?parent=214553"}],"wp:term":[{"taxonomy":"product_brand","embeddable":true,"href":"https:\/\/marktxxl.de\/markt\/wp-json\/wp\/v2\/product_brand?post=214553"},{"taxonomy":"product_cat","embeddable":true,"href":"https:\/\/marktxxl.de\/markt\/wp-json\/wp\/v2\/product_cat?post=214553"},{"taxonomy":"product_tag","embeddable":true,"href":"https:\/\/marktxxl.de\/markt\/wp-json\/wp\/v2\/product_tag?post=214553"}],"curies":[{"name":"wp","href":"https:\/\/api.w.org\/{rel}","templated":true}]}}