{"id":214460,"date":"2024-06-29T00:08:07","date_gmt":"2024-06-28T22:08:07","guid":{"rendered":"https:\/\/marktxxl.de\/markt\/produkt\/ledya-lichterkette-aussen-20m-200-led-strom-bunt-mit-8-modi-und-speicherfunktion-ip44-f%c2%a8%c2%b9r-balkon-garten-gelnder-weihnachten-innen-auen-dekoration-20009-20m-200-leds\/"},"modified":"2024-06-29T00:08:07","modified_gmt":"2024-06-28T22:08:07","slug":"ledya-lichterkette-aussen-20m-200-led-strom-bunt-mit-8-modi-und-speicherfunktion-ip44-f%c2%a8%c2%b9r-balkon-garten-gelnder-weihnachten-innen-auen-dekoration-20009-20m-200-leds","status":"publish","type":"product","link":"https:\/\/marktxxl.de\/markt\/produkt\/ledya-lichterkette-aussen-20m-200-led-strom-bunt-mit-8-modi-und-speicherfunktion-ip44-f%c2%a8%c2%b9r-balkon-garten-gelnder-weihnachten-innen-auen-dekoration-20009-20m-200-leds\/","title":{"rendered":"LEDYA Lichterkette Aussen, 20M 200 LED Strom Bunt mit 8 Modi und Speicherfunktion, IP44 f\u00a8\u00b9r Balkon, Garten, Gel?nder, Weihnachten, Innen, Au?en Dekoration, 20009, 20M 200 LEDs"},"content":{"rendered":"<p>\u301020M Lichterkette Bunt\u3011 Diese 20 Meter lange Lichterkette strahlt ein bunt und entspannendes Licht mit einem extra 3 Meter langen Netzkabel zum einfachen Anschlie\u00dfen des n\u00e4chsten Steckers, ideal f\u00fcr Weihnachtsbaum, Schlafzimmer, M\u00e4dchenzimmer, Veranda, Party, Babyparty, Geburtstag , oder irgendwelche Themenveranstaltungen usw<br \/>\n\u30108 Modi und Speicherfunktion\u3011 Die lichterkette steckdose \u00fcber 8 Beleuchtungsmodi (Kombination, in Welle, sequentiell, Slo-Glo, Jagen\/Blitzen, langsames \u00dcberblenden, Funkeln\/Blitzen, Dauerlicht). \u00dcber die Adaptertaste werden verschiedene Lichteffekte gesteuert. Mit der Speicherfunktion erinnert sich die LED-Lichterkette an den letzten Einstellungsmodus, es muss nicht jedes Mal neu eingestellt werden<br \/>\n\u3010IP44 Wasserdicht\u3011 Das wasserdichte Design macht LEDYA Lichterketten zur besten Wahl f\u00fcr Innen- und Au\u00dfendekorationen. Stecken Sie es einfach in die Steckdose, um die Lichterkette einzuschalten, ziehen Sie es ab, um es auszuschalten, super einfach zu bedienen<br \/>\n\u3010Sicher zu verwenden\u3011 und verwendet einen 31-V-Niederspannungsstecker, der niedriger ist als die sichere Spannung des menschlichen K\u00f6rpers, definitiv kein Risiko eines Stromschlags. Geringer Verbrauch und keine Hitze auch nach l\u00e4ngerer Verwendung, K\u00fchl zum Anfassen und sicher f\u00fcr Ihre Kinder und Haustiere<br \/>\n\u3010Robust aber leicht\u3011 Langlebige Qualit\u00e4t, aber leicht. Die Lichterkette l\u00e4sst sich leicht um den Weihnachtsbaum wickeln, um eine Treppe, einen Spiegel oder einen Schminktisch drapieren. Sie k\u00f6nnen auch Indoor-Lichterketten als Nachtlicht verwenden und um die Holme der Kopfteile wickeln, da sie genug Licht bieten, um den Raum sanft zu beleuchten<br \/>\n<div class=\"main-cross-sell\" data-asin=\"B0B4P3G13P\">\n\n\t<div class=\"WooZone-cross-sell-loader\">\n\t\t<div>\n\t\t\t<div id=\"floatingBarsG\">\n\t\t\t\t<div class=\"blockG\" id=\"rotateG_01\"><\/div>\n\t\t\t\t<div class=\"blockG\" id=\"rotateG_02\"><\/div>\n\t\t\t\t<div class=\"blockG\" id=\"rotateG_03\"><\/div>\n\t\t\t\t<div class=\"blockG\" id=\"rotateG_04\"><\/div>\n\t\t\t\t<div class=\"blockG\" id=\"rotateG_05\"><\/div>\n\t\t\t\t<div class=\"blockG\" id=\"rotateG_06\"><\/div>\n\t\t\t\t<div class=\"blockG\" id=\"rotateG_07\"><\/div>\n\t\t\t\t<div class=\"blockG\" id=\"rotateG_08\"><\/div>\n\t\t\t<\/div>\n\t\t\t<div class=\"WooZone-cross-sell-loader-text\"><\/div>\n\t\t<\/div>\n\t<\/div>\n\n\t\t\n<\/div>\n<div style=\"clear:both;\"><\/div><\/p>\n","protected":false},"excerpt":{"rendered":"<p>\u301020M Lichterkette Bunt\u3011 Diese 20 Meter lange Lichterkette strahlt ein bunt und entspannendes Licht mit einem extra 3 Meter langen Netzkabel zum einfachen Anschlie\u00dfen des n\u00e4chsten Steckers, ideal f\u00fcr Weihnachtsbaum, Schlafzimmer, M\u00e4dchenzimmer, Veranda, Party, Babyparty, Geburtstag , oder irgendwelche Themenveranstaltungen usw<br \/>\n\u30108 Modi und Speicherfunktion\u3011 Die lichterkette steckdose \u00fcber 8 Beleuchtungsmodi (Kombination, in Welle, sequentiell, Slo-Glo, Jagen\/Blitzen, langsames \u00dcberblenden, Funkeln\/Blitzen, Dauerlicht). \u00dcber die Adaptertaste werden verschiedene Lichteffekte gesteuert. Mit der Speicherfunktion erinnert sich die LED-Lichterkette an den letzten Einstellungsmodus, es muss nicht jedes Mal neu eingestellt werden<br \/>\n\u3010IP44 Wasserdicht\u3011 Das wasserdichte Design macht LEDYA Lichterketten zur besten Wahl f\u00fcr Innen- und Au\u00dfendekorationen. Stecken Sie es einfach in die Steckdose, um die Lichterkette einzuschalten, ziehen Sie es ab, um es auszuschalten, super einfach zu bedienen<\/p>\n","protected":false},"featured_media":214461,"comment_status":"open","ping_status":"closed","template":"","meta":[],"product_brand":[],"product_cat":[2108,15622],"product_tag":[],"class_list":{"0":"post-214460","1":"product","2":"type-product","3":"status-publish","4":"has-post-thumbnail","6":"product_cat-beleuchtung","7":"product_cat-lichterketten","8":"pa_binding-haushaltswaren","9":"pa_brand-ledya","10":"pa_color-bunt","11":"pa_manufacturer-lightnum","12":"pa_model-54050","13":"pa_size-20m-200-leds","14":"pa_weight-0-8598028218-pounds","16":"first","17":"instock","18":"shipping-taxable","19":"purchasable","20":"product-type-simple","21":"customify-col","22":"product-has-gallery"},"yoast_head":"<!-- This site is optimized with the Yoast SEO plugin v27.4 - https:\/\/yoast.com\/product\/yoast-seo-wordpress\/ -->\n<title>LEDYA Lichterkette Aussen, 20M 200 LED Strom Bunt mit 8 Modi und Speicherfunktion, IP44 f\u00a8\u00b9r Balkon, Garten, Gel?nder, Weihnachten, Innen, Au?en Dekoration, 20009, 20M 200 LEDs - Markt-XXL<\/title>\n<meta name=\"description\" content=\"Markt-XXL LEDYA Lichterkette Aussen, 20M 200 LED Strom Bunt mit 8 Modi und Speicherfunktion, IP44 f\u00a8\u00b9r Balkon, Garten, Gel?nder, Weihnachten, Innen, Au?en Dekoration, 20009, 20M 200 LEDs\" \/>\n<meta name=\"robots\" content=\"index, follow, max-snippet:-1, max-image-preview:large, max-video-preview:-1\" \/>\n<link rel=\"canonical\" href=\"https:\/\/marktxxl.de\/markt\/produkt\/ledya-lichterkette-aussen-20m-200-led-strom-bunt-mit-8-modi-und-speicherfunktion-ip44-f\u00a8\u00b9r-balkon-garten-gelnder-weihnachten-innen-auen-dekoration-20009-20m-200-leds\/\" \/>\n<meta property=\"og:locale\" content=\"de_DE\" \/>\n<meta property=\"og:type\" content=\"article\" \/>\n<meta property=\"og:title\" content=\"LEDYA Lichterkette Aussen, 20M 200 LED Strom Bunt mit 8 Modi und Speicherfunktion, IP44 f\u00a8\u00b9r Balkon, Garten, Gel?nder, Weihnachten, Innen, Au?en Dekoration, 20009, 20M 200 LEDs - Markt-XXL\" \/>\n<meta property=\"og:description\" content=\"Markt-XXL LEDYA Lichterkette Aussen, 20M 200 LED Strom Bunt mit 8 Modi und Speicherfunktion, IP44 f\u00a8\u00b9r Balkon, Garten, Gel?nder, Weihnachten, Innen, Au?en Dekoration, 20009, 20M 200 LEDs\" \/>\n<meta property=\"og:url\" content=\"https:\/\/marktxxl.de\/markt\/produkt\/ledya-lichterkette-aussen-20m-200-led-strom-bunt-mit-8-modi-und-speicherfunktion-ip44-f\u00a8\u00b9r-balkon-garten-gelnder-weihnachten-innen-auen-dekoration-20009-20m-200-leds\/\" \/>\n<meta property=\"og:site_name\" content=\"Markt-XXL\" \/>\n<meta name=\"twitter:card\" content=\"summary_large_image\" \/>\n<meta name=\"twitter:label1\" content=\"Gesch\u00e4tzte Lesezeit\" \/>\n\t<meta name=\"twitter:data1\" content=\"1\u00a0Minute\" \/>\n<script type=\"application\/ld+json\" class=\"yoast-schema-graph\">{\"@context\":\"https:\\\/\\\/schema.org\",\"@graph\":[{\"@type\":\"WebPage\",\"@id\":\"https:\\\/\\\/marktxxl.de\\\/markt\\\/produkt\\\/ledya-lichterkette-aussen-20m-200-led-strom-bunt-mit-8-modi-und-speicherfunktion-ip44-f%c2%a8%c2%b9r-balkon-garten-gelnder-weihnachten-innen-auen-dekoration-20009-20m-200-leds\\\/\",\"url\":\"https:\\\/\\\/marktxxl.de\\\/markt\\\/produkt\\\/ledya-lichterkette-aussen-20m-200-led-strom-bunt-mit-8-modi-und-speicherfunktion-ip44-f%c2%a8%c2%b9r-balkon-garten-gelnder-weihnachten-innen-auen-dekoration-20009-20m-200-leds\\\/\",\"name\":\"LEDYA Lichterkette Aussen, 20M 200 LED Strom Bunt mit 8 Modi und Speicherfunktion, IP44 f\u00a8\u00b9r Balkon, Garten, Gel?nder, Weihnachten, Innen, Au?en Dekoration, 20009, 20M 200 LEDs - Markt-XXL\",\"isPartOf\":{\"@id\":\"https:\\\/\\\/marktxxl.de\\\/markt\\\/#website\"},\"primaryImageOfPage\":{\"@id\":\"https:\\\/\\\/marktxxl.de\\\/markt\\\/produkt\\\/ledya-lichterkette-aussen-20m-200-led-strom-bunt-mit-8-modi-und-speicherfunktion-ip44-f%c2%a8%c2%b9r-balkon-garten-gelnder-weihnachten-innen-auen-dekoration-20009-20m-200-leds\\\/#primaryimage\"},\"image\":{\"@id\":\"https:\\\/\\\/marktxxl.de\\\/markt\\\/produkt\\\/ledya-lichterkette-aussen-20m-200-led-strom-bunt-mit-8-modi-und-speicherfunktion-ip44-f%c2%a8%c2%b9r-balkon-garten-gelnder-weihnachten-innen-auen-dekoration-20009-20m-200-leds\\\/#primaryimage\"},\"thumbnailUrl\":\"https:\\\/\\\/m.media-amazon.com\\\/images\\\/I\\\/61xY3chQZ5L._SL500_.jpg\",\"datePublished\":\"2024-06-28T22:08:07+00:00\",\"description\":\"Markt-XXL LEDYA Lichterkette Aussen, 20M 200 LED Strom Bunt mit 8 Modi und Speicherfunktion, IP44 f\u00a8\u00b9r Balkon, Garten, Gel?nder, Weihnachten, Innen, Au?en Dekoration, 20009, 20M 200 LEDs\",\"breadcrumb\":{\"@id\":\"https:\\\/\\\/marktxxl.de\\\/markt\\\/produkt\\\/ledya-lichterkette-aussen-20m-200-led-strom-bunt-mit-8-modi-und-speicherfunktion-ip44-f%c2%a8%c2%b9r-balkon-garten-gelnder-weihnachten-innen-auen-dekoration-20009-20m-200-leds\\\/#breadcrumb\"},\"inLanguage\":\"de\",\"potentialAction\":[{\"@type\":\"ReadAction\",\"target\":[\"https:\\\/\\\/marktxxl.de\\\/markt\\\/produkt\\\/ledya-lichterkette-aussen-20m-200-led-strom-bunt-mit-8-modi-und-speicherfunktion-ip44-f%c2%a8%c2%b9r-balkon-garten-gelnder-weihnachten-innen-auen-dekoration-20009-20m-200-leds\\\/\"]}]},{\"@type\":\"ImageObject\",\"inLanguage\":\"de\",\"@id\":\"https:\\\/\\\/marktxxl.de\\\/markt\\\/produkt\\\/ledya-lichterkette-aussen-20m-200-led-strom-bunt-mit-8-modi-und-speicherfunktion-ip44-f%c2%a8%c2%b9r-balkon-garten-gelnder-weihnachten-innen-auen-dekoration-20009-20m-200-leds\\\/#primaryimage\",\"url\":\"https:\\\/\\\/m.media-amazon.com\\\/images\\\/I\\\/61xY3chQZ5L._SL500_.jpg\",\"contentUrl\":\"https:\\\/\\\/m.media-amazon.com\\\/images\\\/I\\\/61xY3chQZ5L._SL500_.jpg\",\"width\":500,\"height\":500},{\"@type\":\"BreadcrumbList\",\"@id\":\"https:\\\/\\\/marktxxl.de\\\/markt\\\/produkt\\\/ledya-lichterkette-aussen-20m-200-led-strom-bunt-mit-8-modi-und-speicherfunktion-ip44-f%c2%a8%c2%b9r-balkon-garten-gelnder-weihnachten-innen-auen-dekoration-20009-20m-200-leds\\\/#breadcrumb\",\"itemListElement\":[{\"@type\":\"ListItem\",\"position\":1,\"name\":\"Startseite\",\"item\":\"https:\\\/\\\/marktxxl.de\\\/markt\\\/\"},{\"@type\":\"ListItem\",\"position\":2,\"name\":\"Markt\",\"item\":\"https:\\\/\\\/marktxxl.de\\\/markt\\\/\"},{\"@type\":\"ListItem\",\"position\":3,\"name\":\"LEDYA Lichterkette Aussen, 20M 200 LED Strom Bunt mit 8 Modi und Speicherfunktion, IP44 f\u00a8\u00b9r Balkon, Garten, Gel?nder, Weihnachten, Innen, Au?en Dekoration, 20009, 20M 200 LEDs\"}]},{\"@type\":\"WebSite\",\"@id\":\"https:\\\/\\\/marktxxl.de\\\/markt\\\/#website\",\"url\":\"https:\\\/\\\/marktxxl.de\\\/markt\\\/\",\"name\":\"Markt-XXL\",\"description\":\"Ihr Markt Online\",\"publisher\":{\"@id\":\"https:\\\/\\\/marktxxl.de\\\/markt\\\/#organization\"},\"potentialAction\":[{\"@type\":\"SearchAction\",\"target\":{\"@type\":\"EntryPoint\",\"urlTemplate\":\"https:\\\/\\\/marktxxl.de\\\/markt\\\/?s={search_term_string}\"},\"query-input\":{\"@type\":\"PropertyValueSpecification\",\"valueRequired\":true,\"valueName\":\"search_term_string\"}}],\"inLanguage\":\"de\"},{\"@type\":\"Organization\",\"@id\":\"https:\\\/\\\/marktxxl.de\\\/markt\\\/#organization\",\"name\":\"Markt-XXL\",\"url\":\"https:\\\/\\\/marktxxl.de\\\/markt\\\/\",\"logo\":{\"@type\":\"ImageObject\",\"inLanguage\":\"de\",\"@id\":\"https:\\\/\\\/marktxxl.de\\\/markt\\\/#\\\/schema\\\/logo\\\/image\\\/\",\"url\":\"https:\\\/\\\/marktxxl.de\\\/markt\\\/wp-content\\\/uploads\\\/sites\\\/3\\\/2020\\\/12\\\/logo.png\",\"contentUrl\":\"https:\\\/\\\/marktxxl.de\\\/markt\\\/wp-content\\\/uploads\\\/sites\\\/3\\\/2020\\\/12\\\/logo.png\",\"width\":200,\"height\":70,\"caption\":\"Markt-XXL\"},\"image\":{\"@id\":\"https:\\\/\\\/marktxxl.de\\\/markt\\\/#\\\/schema\\\/logo\\\/image\\\/\"}}]}<\/script>\n<!-- \/ Yoast SEO plugin. -->","yoast_head_json":{"title":"LEDYA Lichterkette Aussen, 20M 200 LED Strom Bunt mit 8 Modi und Speicherfunktion, IP44 f\u00a8\u00b9r Balkon, Garten, Gel?nder, Weihnachten, Innen, Au?en Dekoration, 20009, 20M 200 LEDs - Markt-XXL","description":"Markt-XXL LEDYA Lichterkette Aussen, 20M 200 LED Strom Bunt mit 8 Modi und Speicherfunktion, IP44 f\u00a8\u00b9r Balkon, Garten, Gel?nder, Weihnachten, Innen, Au?en Dekoration, 20009, 20M 200 LEDs","robots":{"index":"index","follow":"follow","max-snippet":"max-snippet:-1","max-image-preview":"max-image-preview:large","max-video-preview":"max-video-preview:-1"},"canonical":"https:\/\/marktxxl.de\/markt\/produkt\/ledya-lichterkette-aussen-20m-200-led-strom-bunt-mit-8-modi-und-speicherfunktion-ip44-f\u00a8\u00b9r-balkon-garten-gelnder-weihnachten-innen-auen-dekoration-20009-20m-200-leds\/","og_locale":"de_DE","og_type":"article","og_title":"LEDYA Lichterkette Aussen, 20M 200 LED Strom Bunt mit 8 Modi und Speicherfunktion, IP44 f\u00a8\u00b9r Balkon, Garten, Gel?nder, Weihnachten, Innen, Au?en Dekoration, 20009, 20M 200 LEDs - Markt-XXL","og_description":"Markt-XXL LEDYA Lichterkette Aussen, 20M 200 LED Strom Bunt mit 8 Modi und Speicherfunktion, IP44 f\u00a8\u00b9r Balkon, Garten, Gel?nder, Weihnachten, Innen, Au?en Dekoration, 20009, 20M 200 LEDs","og_url":"https:\/\/marktxxl.de\/markt\/produkt\/ledya-lichterkette-aussen-20m-200-led-strom-bunt-mit-8-modi-und-speicherfunktion-ip44-f\u00a8\u00b9r-balkon-garten-gelnder-weihnachten-innen-auen-dekoration-20009-20m-200-leds\/","og_site_name":"Markt-XXL","twitter_card":"summary_large_image","twitter_misc":{"Gesch\u00e4tzte Lesezeit":"1\u00a0Minute"},"schema":{"@context":"https:\/\/schema.org","@graph":[{"@type":"WebPage","@id":"https:\/\/marktxxl.de\/markt\/produkt\/ledya-lichterkette-aussen-20m-200-led-strom-bunt-mit-8-modi-und-speicherfunktion-ip44-f%c2%a8%c2%b9r-balkon-garten-gelnder-weihnachten-innen-auen-dekoration-20009-20m-200-leds\/","url":"https:\/\/marktxxl.de\/markt\/produkt\/ledya-lichterkette-aussen-20m-200-led-strom-bunt-mit-8-modi-und-speicherfunktion-ip44-f%c2%a8%c2%b9r-balkon-garten-gelnder-weihnachten-innen-auen-dekoration-20009-20m-200-leds\/","name":"LEDYA Lichterkette Aussen, 20M 200 LED Strom Bunt mit 8 Modi und Speicherfunktion, IP44 f\u00a8\u00b9r Balkon, Garten, Gel?nder, Weihnachten, Innen, Au?en Dekoration, 20009, 20M 200 LEDs - Markt-XXL","isPartOf":{"@id":"https:\/\/marktxxl.de\/markt\/#website"},"primaryImageOfPage":{"@id":"https:\/\/marktxxl.de\/markt\/produkt\/ledya-lichterkette-aussen-20m-200-led-strom-bunt-mit-8-modi-und-speicherfunktion-ip44-f%c2%a8%c2%b9r-balkon-garten-gelnder-weihnachten-innen-auen-dekoration-20009-20m-200-leds\/#primaryimage"},"image":{"@id":"https:\/\/marktxxl.de\/markt\/produkt\/ledya-lichterkette-aussen-20m-200-led-strom-bunt-mit-8-modi-und-speicherfunktion-ip44-f%c2%a8%c2%b9r-balkon-garten-gelnder-weihnachten-innen-auen-dekoration-20009-20m-200-leds\/#primaryimage"},"thumbnailUrl":"https:\/\/m.media-amazon.com\/images\/I\/61xY3chQZ5L._SL500_.jpg","datePublished":"2024-06-28T22:08:07+00:00","description":"Markt-XXL LEDYA Lichterkette Aussen, 20M 200 LED Strom Bunt mit 8 Modi und Speicherfunktion, IP44 f\u00a8\u00b9r Balkon, Garten, Gel?nder, Weihnachten, Innen, Au?en Dekoration, 20009, 20M 200 LEDs","breadcrumb":{"@id":"https:\/\/marktxxl.de\/markt\/produkt\/ledya-lichterkette-aussen-20m-200-led-strom-bunt-mit-8-modi-und-speicherfunktion-ip44-f%c2%a8%c2%b9r-balkon-garten-gelnder-weihnachten-innen-auen-dekoration-20009-20m-200-leds\/#breadcrumb"},"inLanguage":"de","potentialAction":[{"@type":"ReadAction","target":["https:\/\/marktxxl.de\/markt\/produkt\/ledya-lichterkette-aussen-20m-200-led-strom-bunt-mit-8-modi-und-speicherfunktion-ip44-f%c2%a8%c2%b9r-balkon-garten-gelnder-weihnachten-innen-auen-dekoration-20009-20m-200-leds\/"]}]},{"@type":"ImageObject","inLanguage":"de","@id":"https:\/\/marktxxl.de\/markt\/produkt\/ledya-lichterkette-aussen-20m-200-led-strom-bunt-mit-8-modi-und-speicherfunktion-ip44-f%c2%a8%c2%b9r-balkon-garten-gelnder-weihnachten-innen-auen-dekoration-20009-20m-200-leds\/#primaryimage","url":"https:\/\/m.media-amazon.com\/images\/I\/61xY3chQZ5L._SL500_.jpg","contentUrl":"https:\/\/m.media-amazon.com\/images\/I\/61xY3chQZ5L._SL500_.jpg","width":500,"height":500},{"@type":"BreadcrumbList","@id":"https:\/\/marktxxl.de\/markt\/produkt\/ledya-lichterkette-aussen-20m-200-led-strom-bunt-mit-8-modi-und-speicherfunktion-ip44-f%c2%a8%c2%b9r-balkon-garten-gelnder-weihnachten-innen-auen-dekoration-20009-20m-200-leds\/#breadcrumb","itemListElement":[{"@type":"ListItem","position":1,"name":"Startseite","item":"https:\/\/marktxxl.de\/markt\/"},{"@type":"ListItem","position":2,"name":"Markt","item":"https:\/\/marktxxl.de\/markt\/"},{"@type":"ListItem","position":3,"name":"LEDYA Lichterkette Aussen, 20M 200 LED Strom Bunt mit 8 Modi und Speicherfunktion, IP44 f\u00a8\u00b9r Balkon, Garten, Gel?nder, Weihnachten, Innen, Au?en Dekoration, 20009, 20M 200 LEDs"}]},{"@type":"WebSite","@id":"https:\/\/marktxxl.de\/markt\/#website","url":"https:\/\/marktxxl.de\/markt\/","name":"Markt-XXL","description":"Ihr Markt Online","publisher":{"@id":"https:\/\/marktxxl.de\/markt\/#organization"},"potentialAction":[{"@type":"SearchAction","target":{"@type":"EntryPoint","urlTemplate":"https:\/\/marktxxl.de\/markt\/?s={search_term_string}"},"query-input":{"@type":"PropertyValueSpecification","valueRequired":true,"valueName":"search_term_string"}}],"inLanguage":"de"},{"@type":"Organization","@id":"https:\/\/marktxxl.de\/markt\/#organization","name":"Markt-XXL","url":"https:\/\/marktxxl.de\/markt\/","logo":{"@type":"ImageObject","inLanguage":"de","@id":"https:\/\/marktxxl.de\/markt\/#\/schema\/logo\/image\/","url":"https:\/\/marktxxl.de\/markt\/wp-content\/uploads\/sites\/3\/2020\/12\/logo.png","contentUrl":"https:\/\/marktxxl.de\/markt\/wp-content\/uploads\/sites\/3\/2020\/12\/logo.png","width":200,"height":70,"caption":"Markt-XXL"},"image":{"@id":"https:\/\/marktxxl.de\/markt\/#\/schema\/logo\/image\/"}}]}},"_links":{"self":[{"href":"https:\/\/marktxxl.de\/markt\/wp-json\/wp\/v2\/product\/214460","targetHints":{"allow":["GET"]}}],"collection":[{"href":"https:\/\/marktxxl.de\/markt\/wp-json\/wp\/v2\/product"}],"about":[{"href":"https:\/\/marktxxl.de\/markt\/wp-json\/wp\/v2\/types\/product"}],"replies":[{"embeddable":true,"href":"https:\/\/marktxxl.de\/markt\/wp-json\/wp\/v2\/comments?post=214460"}],"wp:featuredmedia":[{"embeddable":true,"href":"https:\/\/marktxxl.de\/markt\/wp-json\/wp\/v2\/media\/214461"}],"wp:attachment":[{"href":"https:\/\/marktxxl.de\/markt\/wp-json\/wp\/v2\/media?parent=214460"}],"wp:term":[{"taxonomy":"product_brand","embeddable":true,"href":"https:\/\/marktxxl.de\/markt\/wp-json\/wp\/v2\/product_brand?post=214460"},{"taxonomy":"product_cat","embeddable":true,"href":"https:\/\/marktxxl.de\/markt\/wp-json\/wp\/v2\/product_cat?post=214460"},{"taxonomy":"product_tag","embeddable":true,"href":"https:\/\/marktxxl.de\/markt\/wp-json\/wp\/v2\/product_tag?post=214460"}],"curies":[{"name":"wp","href":"https:\/\/api.w.org\/{rel}","templated":true}]}}