{"id":214383,"date":"2024-06-28T23:47:30","date_gmt":"2024-06-28T21:47:30","guid":{"rendered":"https:\/\/marktxxl.de\/markt\/produkt\/grehge-ristmas-star-3d-18-prongs-55-cm-including-light-interchangeable-light-star-outdoor-star-folding-star-advent-star-weatherproof-for-outdoor-and-indoor-use-4-m-cable-weatherproof\/"},"modified":"2024-06-28T23:47:30","modified_gmt":"2024-06-28T21:47:30","slug":"grehge-ristmas-star-3d-18-prongs-55-cm-including-light-interchangeable-light-star-outdoor-star-folding-star-advent-star-weatherproof-for-outdoor-and-indoor-use-4-m-cable-weatherproof","status":"publish","type":"product","link":"https:\/\/marktxxl.de\/markt\/produkt\/grehge-ristmas-star-3d-18-prongs-55-cm-including-light-interchangeable-light-star-outdoor-star-folding-star-advent-star-weatherproof-for-outdoor-and-indoor-use-4-m-cable-weatherproof\/","title":{"rendered":"Grehge ristmas Star 3D 18 Prongs 55 cm Including Light (Interchangeable) Light Star Outdoor Star Folding Star Advent Star Weatherproof for Outdoor and Indoor Use 4 m Cable Weatherproof"},"content":{"rendered":"<p>PERFEKTE WEIHNACHTSDEKORATION: Dieser LED Stern ist Winter wie Sommer eine stimmungsvolle Innen- und Au\u00dfendekoration. Wundersch\u00f6ne Dekoration im Garten an Ihrer Haust\u00fcre, Terrasse oder dem Balkon &#8211; immer ein toller Blickfang. Durch eine sehr hochwertige Verarbeitung kann der Stern auch optimal im Wohnraum oder B\u00fcro aufgeh\u00e4ngt werden.<br \/>\nMATERIAL und GROESSE: Der Leuchtstern hat 18 Spitzen, ist aus Kunststoff PP (Polypropylen) und hat einen Durchmesser von 55 cm. Die Kabelfarbe ist schwarz.<br \/>\nFLEXIBEL: Was die Platzierung des Weihnachtssterns betrifft, sind Sie flexibel und nicht eingeschr\u00e4nkt was Ihre Kreativit\u00e4t angeht, denn durch das 4 m lange Kabel k\u00f6nnen Sie den Stern an jedem Ort platzieren.<br \/>\nWETTERFESTIGKEIT: Der Weihnachtsstern ist wetterfest sowie frost-resistent und UV-best\u00e4ndig. Das Kabel ist f\u00fcr au\u00dfen Schutzklasse IP-44.<br \/>\nENERGIESPAREND: Jeder Stern wird von innen beleuchtet mit einer mitgelieferten LED-Birne.<br \/>\nSCHNELLE INSTALLATION: Durch ein ausgekl\u00fcgeltes Faltsystem ist ein kinderleichter Zusammenbau und einfaches Aufh\u00e4ngen durch die mitgelieferte Aufh\u00e4nge-\u00d6se gegeben. Ein angenehmes Licht und das sch\u00f6ne Design sorgen f\u00fcr Behaglichkeit und Wohlbefinden sowie ein stilvolles Ambiente! Dekorieren Sie Ihr Zuhause mit den 3D LED-Leuchtsternen und genie\u00dfen Sie ein beruhigendes Ambiente.<br \/>\n<div class=\"main-cross-sell\" data-asin=\"B075TBVF6C\">\n\n\t<div class=\"WooZone-cross-sell-loader\">\n\t\t<div>\n\t\t\t<div id=\"floatingBarsG\">\n\t\t\t\t<div class=\"blockG\" id=\"rotateG_01\"><\/div>\n\t\t\t\t<div class=\"blockG\" id=\"rotateG_02\"><\/div>\n\t\t\t\t<div class=\"blockG\" id=\"rotateG_03\"><\/div>\n\t\t\t\t<div class=\"blockG\" id=\"rotateG_04\"><\/div>\n\t\t\t\t<div class=\"blockG\" id=\"rotateG_05\"><\/div>\n\t\t\t\t<div class=\"blockG\" id=\"rotateG_06\"><\/div>\n\t\t\t\t<div class=\"blockG\" id=\"rotateG_07\"><\/div>\n\t\t\t\t<div class=\"blockG\" id=\"rotateG_08\"><\/div>\n\t\t\t<\/div>\n\t\t\t<div class=\"WooZone-cross-sell-loader-text\"><\/div>\n\t\t<\/div>\n\t<\/div>\n\n\t\t\n<\/div>\n<div style=\"clear:both;\"><\/div><\/p>\n","protected":false},"excerpt":{"rendered":"<p>PERFEKTE WEIHNACHTSDEKORATION: Dieser LED Stern ist Winter wie Sommer eine stimmungsvolle Innen- und Au\u00dfendekoration. Wundersch\u00f6ne Dekoration im Garten an Ihrer Haust\u00fcre, Terrasse oder dem Balkon &#8211; immer ein toller Blickfang. Durch eine sehr hochwertige Verarbeitung kann der Stern auch optimal im Wohnraum oder B\u00fcro aufgeh\u00e4ngt werden.<br \/>\nMATERIAL und GROESSE: Der Leuchtstern hat 18 Spitzen, ist aus Kunststoff PP (Polypropylen) und hat einen Durchmesser von 55 cm. Die Kabelfarbe ist schwarz.<br \/>\nFLEXIBEL: Was die Platzierung des Weihnachtssterns betrifft, sind Sie flexibel und nicht eingeschr\u00e4nkt was Ihre Kreativit\u00e4t angeht, denn durch das 4 m lange Kabel k\u00f6nnen Sie den Stern an jedem Ort platzieren.<\/p>\n","protected":false},"featured_media":214384,"comment_status":"open","ping_status":"closed","template":"","meta":[],"product_brand":[],"product_cat":[2108,15622],"product_tag":[],"class_list":{"0":"post-214383","1":"product","2":"type-product","3":"status-publish","4":"has-post-thumbnail","6":"product_cat-beleuchtung","7":"product_cat-lichterketten","8":"pa_brand-steinfigurenwelt-gieben","9":"pa_color-gelb","10":"pa_height-19-68503935-zoll","11":"pa_length-19-68503935-zoll","12":"pa_width-19-68503935-zoll","14":"first","15":"instock","16":"shipping-taxable","17":"purchasable","18":"product-type-simple","19":"customify-col","20":"product-has-gallery"},"yoast_head":"<!-- This site is optimized with the Yoast SEO plugin v27.4 - https:\/\/yoast.com\/product\/yoast-seo-wordpress\/ -->\n<title>Grehge ristmas Star 3D 18 Prongs 55 cm Including Light (Interchangeable) Light Star Outdoor Star Folding Star Advent Star Weatherproof for Outdoor and Indoor Use 4 m Cable Weatherproof - Markt-XXL<\/title>\n<meta name=\"description\" content=\"Markt-XXL Grehge ristmas Star 3D 18 Prongs 55 cm Including Light (Interchangeable) Light Star Outdoor Star Folding Star Advent Star Weatherproof for Outdoor and Indoor Use 4 m Cable Weatherproof\" \/>\n<meta name=\"robots\" content=\"index, follow, max-snippet:-1, max-image-preview:large, max-video-preview:-1\" \/>\n<link rel=\"canonical\" href=\"https:\/\/marktxxl.de\/markt\/produkt\/grehge-ristmas-star-3d-18-prongs-55-cm-including-light-interchangeable-light-star-outdoor-star-folding-star-advent-star-weatherproof-for-outdoor-and-indoor-use-4-m-cable-weatherproof\/\" \/>\n<meta property=\"og:locale\" content=\"de_DE\" \/>\n<meta property=\"og:type\" content=\"article\" \/>\n<meta property=\"og:title\" content=\"Grehge ristmas Star 3D 18 Prongs 55 cm Including Light (Interchangeable) Light Star Outdoor Star Folding Star Advent Star Weatherproof for Outdoor and Indoor Use 4 m Cable Weatherproof - Markt-XXL\" \/>\n<meta property=\"og:description\" content=\"Markt-XXL Grehge ristmas Star 3D 18 Prongs 55 cm Including Light (Interchangeable) Light Star Outdoor Star Folding Star Advent Star Weatherproof for Outdoor and Indoor Use 4 m Cable Weatherproof\" \/>\n<meta property=\"og:url\" content=\"https:\/\/marktxxl.de\/markt\/produkt\/grehge-ristmas-star-3d-18-prongs-55-cm-including-light-interchangeable-light-star-outdoor-star-folding-star-advent-star-weatherproof-for-outdoor-and-indoor-use-4-m-cable-weatherproof\/\" \/>\n<meta property=\"og:site_name\" content=\"Markt-XXL\" \/>\n<meta name=\"twitter:card\" content=\"summary_large_image\" \/>\n<meta name=\"twitter:label1\" content=\"Gesch\u00e4tzte Lesezeit\" \/>\n\t<meta name=\"twitter:data1\" content=\"1\u00a0Minute\" \/>\n<script type=\"application\/ld+json\" class=\"yoast-schema-graph\">{\"@context\":\"https:\\\/\\\/schema.org\",\"@graph\":[{\"@type\":\"WebPage\",\"@id\":\"https:\\\/\\\/marktxxl.de\\\/markt\\\/produkt\\\/grehge-ristmas-star-3d-18-prongs-55-cm-including-light-interchangeable-light-star-outdoor-star-folding-star-advent-star-weatherproof-for-outdoor-and-indoor-use-4-m-cable-weatherproof\\\/\",\"url\":\"https:\\\/\\\/marktxxl.de\\\/markt\\\/produkt\\\/grehge-ristmas-star-3d-18-prongs-55-cm-including-light-interchangeable-light-star-outdoor-star-folding-star-advent-star-weatherproof-for-outdoor-and-indoor-use-4-m-cable-weatherproof\\\/\",\"name\":\"Grehge ristmas Star 3D 18 Prongs 55 cm Including Light (Interchangeable) Light Star Outdoor Star Folding Star Advent Star Weatherproof for Outdoor and Indoor Use 4 m Cable Weatherproof - Markt-XXL\",\"isPartOf\":{\"@id\":\"https:\\\/\\\/marktxxl.de\\\/markt\\\/#website\"},\"primaryImageOfPage\":{\"@id\":\"https:\\\/\\\/marktxxl.de\\\/markt\\\/produkt\\\/grehge-ristmas-star-3d-18-prongs-55-cm-including-light-interchangeable-light-star-outdoor-star-folding-star-advent-star-weatherproof-for-outdoor-and-indoor-use-4-m-cable-weatherproof\\\/#primaryimage\"},\"image\":{\"@id\":\"https:\\\/\\\/marktxxl.de\\\/markt\\\/produkt\\\/grehge-ristmas-star-3d-18-prongs-55-cm-including-light-interchangeable-light-star-outdoor-star-folding-star-advent-star-weatherproof-for-outdoor-and-indoor-use-4-m-cable-weatherproof\\\/#primaryimage\"},\"thumbnailUrl\":\"https:\\\/\\\/m.media-amazon.com\\\/images\\\/I\\\/41QW8Wz3PgL._SL500_.jpg\",\"datePublished\":\"2024-06-28T21:47:30+00:00\",\"description\":\"Markt-XXL Grehge ristmas Star 3D 18 Prongs 55 cm Including Light (Interchangeable) Light Star Outdoor Star Folding Star Advent Star Weatherproof for Outdoor and Indoor Use 4 m Cable Weatherproof\",\"breadcrumb\":{\"@id\":\"https:\\\/\\\/marktxxl.de\\\/markt\\\/produkt\\\/grehge-ristmas-star-3d-18-prongs-55-cm-including-light-interchangeable-light-star-outdoor-star-folding-star-advent-star-weatherproof-for-outdoor-and-indoor-use-4-m-cable-weatherproof\\\/#breadcrumb\"},\"inLanguage\":\"de\",\"potentialAction\":[{\"@type\":\"ReadAction\",\"target\":[\"https:\\\/\\\/marktxxl.de\\\/markt\\\/produkt\\\/grehge-ristmas-star-3d-18-prongs-55-cm-including-light-interchangeable-light-star-outdoor-star-folding-star-advent-star-weatherproof-for-outdoor-and-indoor-use-4-m-cable-weatherproof\\\/\"]}]},{\"@type\":\"ImageObject\",\"inLanguage\":\"de\",\"@id\":\"https:\\\/\\\/marktxxl.de\\\/markt\\\/produkt\\\/grehge-ristmas-star-3d-18-prongs-55-cm-including-light-interchangeable-light-star-outdoor-star-folding-star-advent-star-weatherproof-for-outdoor-and-indoor-use-4-m-cable-weatherproof\\\/#primaryimage\",\"url\":\"https:\\\/\\\/m.media-amazon.com\\\/images\\\/I\\\/41QW8Wz3PgL._SL500_.jpg\",\"contentUrl\":\"https:\\\/\\\/m.media-amazon.com\\\/images\\\/I\\\/41QW8Wz3PgL._SL500_.jpg\",\"width\":397,\"height\":500},{\"@type\":\"BreadcrumbList\",\"@id\":\"https:\\\/\\\/marktxxl.de\\\/markt\\\/produkt\\\/grehge-ristmas-star-3d-18-prongs-55-cm-including-light-interchangeable-light-star-outdoor-star-folding-star-advent-star-weatherproof-for-outdoor-and-indoor-use-4-m-cable-weatherproof\\\/#breadcrumb\",\"itemListElement\":[{\"@type\":\"ListItem\",\"position\":1,\"name\":\"Startseite\",\"item\":\"https:\\\/\\\/marktxxl.de\\\/markt\\\/\"},{\"@type\":\"ListItem\",\"position\":2,\"name\":\"Markt\",\"item\":\"https:\\\/\\\/marktxxl.de\\\/markt\\\/\"},{\"@type\":\"ListItem\",\"position\":3,\"name\":\"Grehge ristmas Star 3D 18 Prongs 55 cm Including Light (Interchangeable) Light Star Outdoor Star Folding Star Advent Star Weatherproof for Outdoor and Indoor Use 4 m Cable Weatherproof\"}]},{\"@type\":\"WebSite\",\"@id\":\"https:\\\/\\\/marktxxl.de\\\/markt\\\/#website\",\"url\":\"https:\\\/\\\/marktxxl.de\\\/markt\\\/\",\"name\":\"Markt-XXL\",\"description\":\"Ihr Markt Online\",\"publisher\":{\"@id\":\"https:\\\/\\\/marktxxl.de\\\/markt\\\/#organization\"},\"potentialAction\":[{\"@type\":\"SearchAction\",\"target\":{\"@type\":\"EntryPoint\",\"urlTemplate\":\"https:\\\/\\\/marktxxl.de\\\/markt\\\/?s={search_term_string}\"},\"query-input\":{\"@type\":\"PropertyValueSpecification\",\"valueRequired\":true,\"valueName\":\"search_term_string\"}}],\"inLanguage\":\"de\"},{\"@type\":\"Organization\",\"@id\":\"https:\\\/\\\/marktxxl.de\\\/markt\\\/#organization\",\"name\":\"Markt-XXL\",\"url\":\"https:\\\/\\\/marktxxl.de\\\/markt\\\/\",\"logo\":{\"@type\":\"ImageObject\",\"inLanguage\":\"de\",\"@id\":\"https:\\\/\\\/marktxxl.de\\\/markt\\\/#\\\/schema\\\/logo\\\/image\\\/\",\"url\":\"https:\\\/\\\/marktxxl.de\\\/markt\\\/wp-content\\\/uploads\\\/sites\\\/3\\\/2020\\\/12\\\/logo.png\",\"contentUrl\":\"https:\\\/\\\/marktxxl.de\\\/markt\\\/wp-content\\\/uploads\\\/sites\\\/3\\\/2020\\\/12\\\/logo.png\",\"width\":200,\"height\":70,\"caption\":\"Markt-XXL\"},\"image\":{\"@id\":\"https:\\\/\\\/marktxxl.de\\\/markt\\\/#\\\/schema\\\/logo\\\/image\\\/\"}}]}<\/script>\n<!-- \/ Yoast SEO plugin. -->","yoast_head_json":{"title":"Grehge ristmas Star 3D 18 Prongs 55 cm Including Light (Interchangeable) Light Star Outdoor Star Folding Star Advent Star Weatherproof for Outdoor and Indoor Use 4 m Cable Weatherproof - Markt-XXL","description":"Markt-XXL Grehge ristmas Star 3D 18 Prongs 55 cm Including Light (Interchangeable) Light Star Outdoor Star Folding Star Advent Star Weatherproof for Outdoor and Indoor Use 4 m Cable Weatherproof","robots":{"index":"index","follow":"follow","max-snippet":"max-snippet:-1","max-image-preview":"max-image-preview:large","max-video-preview":"max-video-preview:-1"},"canonical":"https:\/\/marktxxl.de\/markt\/produkt\/grehge-ristmas-star-3d-18-prongs-55-cm-including-light-interchangeable-light-star-outdoor-star-folding-star-advent-star-weatherproof-for-outdoor-and-indoor-use-4-m-cable-weatherproof\/","og_locale":"de_DE","og_type":"article","og_title":"Grehge ristmas Star 3D 18 Prongs 55 cm Including Light (Interchangeable) Light Star Outdoor Star Folding Star Advent Star Weatherproof for Outdoor and Indoor Use 4 m Cable Weatherproof - Markt-XXL","og_description":"Markt-XXL Grehge ristmas Star 3D 18 Prongs 55 cm Including Light (Interchangeable) Light Star Outdoor Star Folding Star Advent Star Weatherproof for Outdoor and Indoor Use 4 m Cable Weatherproof","og_url":"https:\/\/marktxxl.de\/markt\/produkt\/grehge-ristmas-star-3d-18-prongs-55-cm-including-light-interchangeable-light-star-outdoor-star-folding-star-advent-star-weatherproof-for-outdoor-and-indoor-use-4-m-cable-weatherproof\/","og_site_name":"Markt-XXL","twitter_card":"summary_large_image","twitter_misc":{"Gesch\u00e4tzte Lesezeit":"1\u00a0Minute"},"schema":{"@context":"https:\/\/schema.org","@graph":[{"@type":"WebPage","@id":"https:\/\/marktxxl.de\/markt\/produkt\/grehge-ristmas-star-3d-18-prongs-55-cm-including-light-interchangeable-light-star-outdoor-star-folding-star-advent-star-weatherproof-for-outdoor-and-indoor-use-4-m-cable-weatherproof\/","url":"https:\/\/marktxxl.de\/markt\/produkt\/grehge-ristmas-star-3d-18-prongs-55-cm-including-light-interchangeable-light-star-outdoor-star-folding-star-advent-star-weatherproof-for-outdoor-and-indoor-use-4-m-cable-weatherproof\/","name":"Grehge ristmas Star 3D 18 Prongs 55 cm Including Light (Interchangeable) Light Star Outdoor Star Folding Star Advent Star Weatherproof for Outdoor and Indoor Use 4 m Cable Weatherproof - Markt-XXL","isPartOf":{"@id":"https:\/\/marktxxl.de\/markt\/#website"},"primaryImageOfPage":{"@id":"https:\/\/marktxxl.de\/markt\/produkt\/grehge-ristmas-star-3d-18-prongs-55-cm-including-light-interchangeable-light-star-outdoor-star-folding-star-advent-star-weatherproof-for-outdoor-and-indoor-use-4-m-cable-weatherproof\/#primaryimage"},"image":{"@id":"https:\/\/marktxxl.de\/markt\/produkt\/grehge-ristmas-star-3d-18-prongs-55-cm-including-light-interchangeable-light-star-outdoor-star-folding-star-advent-star-weatherproof-for-outdoor-and-indoor-use-4-m-cable-weatherproof\/#primaryimage"},"thumbnailUrl":"https:\/\/m.media-amazon.com\/images\/I\/41QW8Wz3PgL._SL500_.jpg","datePublished":"2024-06-28T21:47:30+00:00","description":"Markt-XXL Grehge ristmas Star 3D 18 Prongs 55 cm Including Light (Interchangeable) Light Star Outdoor Star Folding Star Advent Star Weatherproof for Outdoor and Indoor Use 4 m Cable Weatherproof","breadcrumb":{"@id":"https:\/\/marktxxl.de\/markt\/produkt\/grehge-ristmas-star-3d-18-prongs-55-cm-including-light-interchangeable-light-star-outdoor-star-folding-star-advent-star-weatherproof-for-outdoor-and-indoor-use-4-m-cable-weatherproof\/#breadcrumb"},"inLanguage":"de","potentialAction":[{"@type":"ReadAction","target":["https:\/\/marktxxl.de\/markt\/produkt\/grehge-ristmas-star-3d-18-prongs-55-cm-including-light-interchangeable-light-star-outdoor-star-folding-star-advent-star-weatherproof-for-outdoor-and-indoor-use-4-m-cable-weatherproof\/"]}]},{"@type":"ImageObject","inLanguage":"de","@id":"https:\/\/marktxxl.de\/markt\/produkt\/grehge-ristmas-star-3d-18-prongs-55-cm-including-light-interchangeable-light-star-outdoor-star-folding-star-advent-star-weatherproof-for-outdoor-and-indoor-use-4-m-cable-weatherproof\/#primaryimage","url":"https:\/\/m.media-amazon.com\/images\/I\/41QW8Wz3PgL._SL500_.jpg","contentUrl":"https:\/\/m.media-amazon.com\/images\/I\/41QW8Wz3PgL._SL500_.jpg","width":397,"height":500},{"@type":"BreadcrumbList","@id":"https:\/\/marktxxl.de\/markt\/produkt\/grehge-ristmas-star-3d-18-prongs-55-cm-including-light-interchangeable-light-star-outdoor-star-folding-star-advent-star-weatherproof-for-outdoor-and-indoor-use-4-m-cable-weatherproof\/#breadcrumb","itemListElement":[{"@type":"ListItem","position":1,"name":"Startseite","item":"https:\/\/marktxxl.de\/markt\/"},{"@type":"ListItem","position":2,"name":"Markt","item":"https:\/\/marktxxl.de\/markt\/"},{"@type":"ListItem","position":3,"name":"Grehge ristmas Star 3D 18 Prongs 55 cm Including Light (Interchangeable) Light Star Outdoor Star Folding Star Advent Star Weatherproof for Outdoor and Indoor Use 4 m Cable Weatherproof"}]},{"@type":"WebSite","@id":"https:\/\/marktxxl.de\/markt\/#website","url":"https:\/\/marktxxl.de\/markt\/","name":"Markt-XXL","description":"Ihr Markt Online","publisher":{"@id":"https:\/\/marktxxl.de\/markt\/#organization"},"potentialAction":[{"@type":"SearchAction","target":{"@type":"EntryPoint","urlTemplate":"https:\/\/marktxxl.de\/markt\/?s={search_term_string}"},"query-input":{"@type":"PropertyValueSpecification","valueRequired":true,"valueName":"search_term_string"}}],"inLanguage":"de"},{"@type":"Organization","@id":"https:\/\/marktxxl.de\/markt\/#organization","name":"Markt-XXL","url":"https:\/\/marktxxl.de\/markt\/","logo":{"@type":"ImageObject","inLanguage":"de","@id":"https:\/\/marktxxl.de\/markt\/#\/schema\/logo\/image\/","url":"https:\/\/marktxxl.de\/markt\/wp-content\/uploads\/sites\/3\/2020\/12\/logo.png","contentUrl":"https:\/\/marktxxl.de\/markt\/wp-content\/uploads\/sites\/3\/2020\/12\/logo.png","width":200,"height":70,"caption":"Markt-XXL"},"image":{"@id":"https:\/\/marktxxl.de\/markt\/#\/schema\/logo\/image\/"}}]}},"_links":{"self":[{"href":"https:\/\/marktxxl.de\/markt\/wp-json\/wp\/v2\/product\/214383","targetHints":{"allow":["GET"]}}],"collection":[{"href":"https:\/\/marktxxl.de\/markt\/wp-json\/wp\/v2\/product"}],"about":[{"href":"https:\/\/marktxxl.de\/markt\/wp-json\/wp\/v2\/types\/product"}],"replies":[{"embeddable":true,"href":"https:\/\/marktxxl.de\/markt\/wp-json\/wp\/v2\/comments?post=214383"}],"wp:featuredmedia":[{"embeddable":true,"href":"https:\/\/marktxxl.de\/markt\/wp-json\/wp\/v2\/media\/214384"}],"wp:attachment":[{"href":"https:\/\/marktxxl.de\/markt\/wp-json\/wp\/v2\/media?parent=214383"}],"wp:term":[{"taxonomy":"product_brand","embeddable":true,"href":"https:\/\/marktxxl.de\/markt\/wp-json\/wp\/v2\/product_brand?post=214383"},{"taxonomy":"product_cat","embeddable":true,"href":"https:\/\/marktxxl.de\/markt\/wp-json\/wp\/v2\/product_cat?post=214383"},{"taxonomy":"product_tag","embeddable":true,"href":"https:\/\/marktxxl.de\/markt\/wp-json\/wp\/v2\/product_tag?post=214383"}],"curies":[{"name":"wp","href":"https:\/\/api.w.org\/{rel}","templated":true}]}}