{"id":214352,"date":"2024-06-28T23:20:34","date_gmt":"2024-06-28T21:20:34","guid":{"rendered":"https:\/\/marktxxl.de\/markt\/produkt\/woukksy-led-lichterkette-fuer-ramadan-deko-3-5m-stern-mond-lichtervorhang-mit-timer-fernbedienung-8-modi-lichterketten-fenster-innen-fuer-balkon-hochzeit-party-dekoration\/"},"modified":"2024-06-28T23:20:34","modified_gmt":"2024-06-28T21:20:34","slug":"woukksy-led-lichterkette-fuer-ramadan-deko-3-5m-stern-mond-lichtervorhang-mit-timer-fernbedienung-8-modi-lichterketten-fenster-innen-fuer-balkon-hochzeit-party-dekoration","status":"publish","type":"product","link":"https:\/\/marktxxl.de\/markt\/produkt\/woukksy-led-lichterkette-fuer-ramadan-deko-3-5m-stern-mond-lichtervorhang-mit-timer-fernbedienung-8-modi-lichterketten-fenster-innen-fuer-balkon-hochzeit-party-dekoration\/","title":{"rendered":"Woukksy LED Lichterkette f\u00fcr Ramadan Deko, 3.5M Stern Mond Lichtervorhang mit Timer &amp; Fernbedienung, 8 Modi Lichterketten Fenster Innen f\u00fcr Balkon, Hochzeit, Party Dekoration"},"content":{"rendered":"<p>\ud83d\udcab Spezieller Entwurf \ud83d\udcab Die Woukksy 2024 ramadan LED Lichterkette nimmt das Design des Mondes an, der den Stern umarmt, genau wie die Beziehung von Eltern und Kindern, Liebhabern, die das Streben nach einem romantischen und warmen Leben perfekt interpretiert. Sch\u00f6ne Dekorationswahl f\u00fcr jedes Festival oder jede Party.<br \/>\n\ud83d\udc9e 8 Modi LED Lichterketten Mit Fernbedienung \ud83d\udc9e Der Lichtvorhang f\u00fcr ramadan deko verf\u00fcgt \u00fcber 8 Beleuchtungsmodi &#8211; Kombination, in Wellen, sequentiell, Slo Glo, Jagen\/Blitz, langsames Ausblenden, Funkeln\/Blinken und Dauerlicht. Sie k\u00f6nnen die Blinkmodi \u00fcber die Fernbedienung oder die Taste am Batteriefach nach Belieben umschalten.<br \/>\n\ud83c\udf19 Umweltschutz &amp; Hohe Qualit\u00e4t \ud83c\udf19 Woukksy LED Weihnachtsvorhang Lichter haben 12 Str\u00e4nge Lichterketten mit 6 Sternen und 6 Mondumarmungsstern. Die L\u00e4nge der Vorhang-Lichterkette betr\u00e4gt 3,5 m, die Durchhangl\u00e4nge betr\u00e4gt ca. 40-80 cm. Die Lichterketten bestehen aus 126 LED-Leuchten, die hell und energiesparend sind.Das \u00c4u\u00dfere besteht aus hochwertigem PVC-Material, das hochwertig, langlebig und sch\u00f6n ist.<br \/>\n\u2614\ufe0f IP44 Wasserdicht Lichtervorhang \u2614\ufe0f 2 Stromversorgungs methoden \u2013 USB oder 3 AA Batterien. Die ramadan lights mit IP44 wasserdicht kann drinnen und drau\u00dfen verwendet werden. Warme Anmerkung: Das Batteriefach und der USB-Anschluss sind nicht wasserdicht. Halten Sie auch bei l\u00e4ngerem Gebrauch eine stabile Arbeitstemperatur. Freundlich zu Kindern und Haustieren.<br \/>\n\ud83c\udf1f \ud83c\udf1f LED Stern und Mond fensterlicht eignet sich zur Dekoration bei verschiedenen Anl\u00e4ssen und bringt Ihnen eine warme und romantische Atmosph\u00e4re: Geeignet f\u00fcr den Einsatz in Schlafzimmern, Kinderzimmern, Wohnzimmern, Balkonen, G\u00e4rten, Ostern, Partys, Hochzeiten, Feiern und anderen Anl\u00e4ssen. Das Paket beinhaltet: Stern- und Mondlichterkette*1, Fernbedienung*1. Wenn Sie Fragen haben, k\u00f6nnen Sie sich gerne an uns wenden. Wir werden uns innerhalb von 24 Stunden bei Ihnen melden.<br \/>\n<div class=\"main-cross-sell\" data-asin=\"B0CXTS57CG\">\n\n\t<div class=\"WooZone-cross-sell-loader\">\n\t\t<div>\n\t\t\t<div id=\"floatingBarsG\">\n\t\t\t\t<div class=\"blockG\" id=\"rotateG_01\"><\/div>\n\t\t\t\t<div class=\"blockG\" id=\"rotateG_02\"><\/div>\n\t\t\t\t<div class=\"blockG\" id=\"rotateG_03\"><\/div>\n\t\t\t\t<div class=\"blockG\" id=\"rotateG_04\"><\/div>\n\t\t\t\t<div class=\"blockG\" id=\"rotateG_05\"><\/div>\n\t\t\t\t<div class=\"blockG\" id=\"rotateG_06\"><\/div>\n\t\t\t\t<div class=\"blockG\" id=\"rotateG_07\"><\/div>\n\t\t\t\t<div class=\"blockG\" id=\"rotateG_08\"><\/div>\n\t\t\t<\/div>\n\t\t\t<div class=\"WooZone-cross-sell-loader-text\"><\/div>\n\t\t<\/div>\n\t<\/div>\n\n\t\t\n<\/div>\n<div style=\"clear:both;\"><\/div><\/p>\n","protected":false},"excerpt":{"rendered":"<p>\ud83d\udcab Spezieller Entwurf \ud83d\udcab Die Woukksy 2024 ramadan LED Lichterkette nimmt das Design des Mondes an, der den Stern umarmt, genau wie die Beziehung von Eltern und Kindern, Liebhabern, die das Streben nach einem romantischen und warmen Leben perfekt interpretiert. Sch\u00f6ne Dekorationswahl f\u00fcr jedes Festival oder jede Party.<br \/>\n\ud83d\udc9e 8 Modi LED Lichterketten Mit Fernbedienung \ud83d\udc9e Der Lichtvorhang f\u00fcr ramadan deko verf\u00fcgt \u00fcber 8 Beleuchtungsmodi &#8211; Kombination, in Wellen, sequentiell, Slo Glo, Jagen\/Blitz, langsames Ausblenden, Funkeln\/Blinken und Dauerlicht. Sie k\u00f6nnen die Blinkmodi \u00fcber die Fernbedienung oder die Taste am Batteriefach nach Belieben umschalten.<br \/>\n\ud83c\udf19 Umweltschutz &amp; Hohe Qualit\u00e4t \ud83c\udf19 Woukksy LED Weihnachtsvorhang Lichter haben 12 Str\u00e4nge Lichterketten mit 6 Sternen und 6 Mondumarmungsstern. Die L\u00e4nge der Vorhang-Lichterkette betr\u00e4gt 3,5 m, die Durchhangl\u00e4nge betr\u00e4gt ca. 40-80 cm. Die Lichterketten bestehen aus 126 LED-Leuchten, die hell und energiesparend sind.Das \u00c4u\u00dfere besteht aus hochwertigem PVC-Material, das hochwertig, langlebig und sch\u00f6n ist.<\/p>\n","protected":false},"featured_media":214353,"comment_status":"open","ping_status":"closed","template":"","meta":[],"product_brand":[],"product_cat":[2108,15622],"product_tag":[],"class_list":{"0":"post-214352","1":"product","2":"type-product","3":"status-publish","4":"has-post-thumbnail","6":"product_cat-beleuchtung","7":"product_cat-lichterketten","8":"pa_brand-woukksy","9":"pa_manufacturer-woukksy","10":"pa_model-25199","11":"pa_model-kfdc","13":"first","14":"instock","15":"shipping-taxable","16":"product-type-simple","17":"customify-col","18":"product-has-gallery"},"yoast_head":"<!-- This site is optimized with the Yoast SEO plugin v27.4 - https:\/\/yoast.com\/product\/yoast-seo-wordpress\/ -->\n<title>Woukksy LED Lichterkette f\u00fcr Ramadan Deko, 3.5M Stern Mond Lichtervorhang mit Timer &amp; Fernbedienung, 8 Modi Lichterketten Fenster Innen f\u00fcr Balkon, Hochzeit, Party Dekoration - Markt-XXL<\/title>\n<meta name=\"description\" content=\"Markt-XXL Woukksy LED Lichterkette f\u00fcr Ramadan Deko, 3.5M Stern Mond Lichtervorhang mit Timer &amp; Fernbedienung, 8 Modi Lichterketten Fenster Innen f\u00fcr Balkon, Hochzeit, Party Dekoration\" \/>\n<meta name=\"robots\" content=\"index, follow, max-snippet:-1, max-image-preview:large, max-video-preview:-1\" \/>\n<link rel=\"canonical\" href=\"https:\/\/marktxxl.de\/markt\/produkt\/woukksy-led-lichterkette-fuer-ramadan-deko-3-5m-stern-mond-lichtervorhang-mit-timer-fernbedienung-8-modi-lichterketten-fenster-innen-fuer-balkon-hochzeit-party-dekoration\/\" \/>\n<meta property=\"og:locale\" content=\"de_DE\" \/>\n<meta property=\"og:type\" content=\"article\" \/>\n<meta property=\"og:title\" content=\"Woukksy LED Lichterkette f\u00fcr Ramadan Deko, 3.5M Stern Mond Lichtervorhang mit Timer &amp; Fernbedienung, 8 Modi Lichterketten Fenster Innen f\u00fcr Balkon, Hochzeit, Party Dekoration - Markt-XXL\" \/>\n<meta property=\"og:description\" content=\"Markt-XXL Woukksy LED Lichterkette f\u00fcr Ramadan Deko, 3.5M Stern Mond Lichtervorhang mit Timer &amp; Fernbedienung, 8 Modi Lichterketten Fenster Innen f\u00fcr Balkon, Hochzeit, Party Dekoration\" \/>\n<meta property=\"og:url\" content=\"https:\/\/marktxxl.de\/markt\/produkt\/woukksy-led-lichterkette-fuer-ramadan-deko-3-5m-stern-mond-lichtervorhang-mit-timer-fernbedienung-8-modi-lichterketten-fenster-innen-fuer-balkon-hochzeit-party-dekoration\/\" \/>\n<meta property=\"og:site_name\" content=\"Markt-XXL\" \/>\n<meta name=\"twitter:card\" content=\"summary_large_image\" \/>\n<meta name=\"twitter:label1\" content=\"Gesch\u00e4tzte Lesezeit\" \/>\n\t<meta name=\"twitter:data1\" content=\"1\u00a0Minute\" \/>\n<script type=\"application\/ld+json\" class=\"yoast-schema-graph\">{\"@context\":\"https:\\\/\\\/schema.org\",\"@graph\":[{\"@type\":\"WebPage\",\"@id\":\"https:\\\/\\\/marktxxl.de\\\/markt\\\/produkt\\\/woukksy-led-lichterkette-fuer-ramadan-deko-3-5m-stern-mond-lichtervorhang-mit-timer-fernbedienung-8-modi-lichterketten-fenster-innen-fuer-balkon-hochzeit-party-dekoration\\\/\",\"url\":\"https:\\\/\\\/marktxxl.de\\\/markt\\\/produkt\\\/woukksy-led-lichterkette-fuer-ramadan-deko-3-5m-stern-mond-lichtervorhang-mit-timer-fernbedienung-8-modi-lichterketten-fenster-innen-fuer-balkon-hochzeit-party-dekoration\\\/\",\"name\":\"Woukksy LED Lichterkette f\u00fcr Ramadan Deko, 3.5M Stern Mond Lichtervorhang mit Timer &amp; Fernbedienung, 8 Modi Lichterketten Fenster Innen f\u00fcr Balkon, Hochzeit, Party Dekoration - Markt-XXL\",\"isPartOf\":{\"@id\":\"https:\\\/\\\/marktxxl.de\\\/markt\\\/#website\"},\"primaryImageOfPage\":{\"@id\":\"https:\\\/\\\/marktxxl.de\\\/markt\\\/produkt\\\/woukksy-led-lichterkette-fuer-ramadan-deko-3-5m-stern-mond-lichtervorhang-mit-timer-fernbedienung-8-modi-lichterketten-fenster-innen-fuer-balkon-hochzeit-party-dekoration\\\/#primaryimage\"},\"image\":{\"@id\":\"https:\\\/\\\/marktxxl.de\\\/markt\\\/produkt\\\/woukksy-led-lichterkette-fuer-ramadan-deko-3-5m-stern-mond-lichtervorhang-mit-timer-fernbedienung-8-modi-lichterketten-fenster-innen-fuer-balkon-hochzeit-party-dekoration\\\/#primaryimage\"},\"thumbnailUrl\":\"https:\\\/\\\/m.media-amazon.com\\\/images\\\/I\\\/51EmEfigYxL._SL500_.jpg\",\"datePublished\":\"2024-06-28T21:20:34+00:00\",\"description\":\"Markt-XXL Woukksy LED Lichterkette f\u00fcr Ramadan Deko, 3.5M Stern Mond Lichtervorhang mit Timer &amp; Fernbedienung, 8 Modi Lichterketten Fenster Innen f\u00fcr Balkon, Hochzeit, Party Dekoration\",\"breadcrumb\":{\"@id\":\"https:\\\/\\\/marktxxl.de\\\/markt\\\/produkt\\\/woukksy-led-lichterkette-fuer-ramadan-deko-3-5m-stern-mond-lichtervorhang-mit-timer-fernbedienung-8-modi-lichterketten-fenster-innen-fuer-balkon-hochzeit-party-dekoration\\\/#breadcrumb\"},\"inLanguage\":\"de\",\"potentialAction\":[{\"@type\":\"ReadAction\",\"target\":[\"https:\\\/\\\/marktxxl.de\\\/markt\\\/produkt\\\/woukksy-led-lichterkette-fuer-ramadan-deko-3-5m-stern-mond-lichtervorhang-mit-timer-fernbedienung-8-modi-lichterketten-fenster-innen-fuer-balkon-hochzeit-party-dekoration\\\/\"]}]},{\"@type\":\"ImageObject\",\"inLanguage\":\"de\",\"@id\":\"https:\\\/\\\/marktxxl.de\\\/markt\\\/produkt\\\/woukksy-led-lichterkette-fuer-ramadan-deko-3-5m-stern-mond-lichtervorhang-mit-timer-fernbedienung-8-modi-lichterketten-fenster-innen-fuer-balkon-hochzeit-party-dekoration\\\/#primaryimage\",\"url\":\"https:\\\/\\\/m.media-amazon.com\\\/images\\\/I\\\/51EmEfigYxL._SL500_.jpg\",\"contentUrl\":\"https:\\\/\\\/m.media-amazon.com\\\/images\\\/I\\\/51EmEfigYxL._SL500_.jpg\",\"width\":500,\"height\":500},{\"@type\":\"BreadcrumbList\",\"@id\":\"https:\\\/\\\/marktxxl.de\\\/markt\\\/produkt\\\/woukksy-led-lichterkette-fuer-ramadan-deko-3-5m-stern-mond-lichtervorhang-mit-timer-fernbedienung-8-modi-lichterketten-fenster-innen-fuer-balkon-hochzeit-party-dekoration\\\/#breadcrumb\",\"itemListElement\":[{\"@type\":\"ListItem\",\"position\":1,\"name\":\"Startseite\",\"item\":\"https:\\\/\\\/marktxxl.de\\\/markt\\\/\"},{\"@type\":\"ListItem\",\"position\":2,\"name\":\"Markt\",\"item\":\"https:\\\/\\\/marktxxl.de\\\/markt\\\/\"},{\"@type\":\"ListItem\",\"position\":3,\"name\":\"Woukksy LED Lichterkette f\u00fcr Ramadan Deko, 3.5M Stern Mond Lichtervorhang mit Timer &amp; Fernbedienung, 8 Modi Lichterketten Fenster Innen f\u00fcr Balkon, Hochzeit, Party Dekoration\"}]},{\"@type\":\"WebSite\",\"@id\":\"https:\\\/\\\/marktxxl.de\\\/markt\\\/#website\",\"url\":\"https:\\\/\\\/marktxxl.de\\\/markt\\\/\",\"name\":\"Markt-XXL\",\"description\":\"Ihr Markt Online\",\"publisher\":{\"@id\":\"https:\\\/\\\/marktxxl.de\\\/markt\\\/#organization\"},\"potentialAction\":[{\"@type\":\"SearchAction\",\"target\":{\"@type\":\"EntryPoint\",\"urlTemplate\":\"https:\\\/\\\/marktxxl.de\\\/markt\\\/?s={search_term_string}\"},\"query-input\":{\"@type\":\"PropertyValueSpecification\",\"valueRequired\":true,\"valueName\":\"search_term_string\"}}],\"inLanguage\":\"de\"},{\"@type\":\"Organization\",\"@id\":\"https:\\\/\\\/marktxxl.de\\\/markt\\\/#organization\",\"name\":\"Markt-XXL\",\"url\":\"https:\\\/\\\/marktxxl.de\\\/markt\\\/\",\"logo\":{\"@type\":\"ImageObject\",\"inLanguage\":\"de\",\"@id\":\"https:\\\/\\\/marktxxl.de\\\/markt\\\/#\\\/schema\\\/logo\\\/image\\\/\",\"url\":\"https:\\\/\\\/marktxxl.de\\\/markt\\\/wp-content\\\/uploads\\\/sites\\\/3\\\/2020\\\/12\\\/logo.png\",\"contentUrl\":\"https:\\\/\\\/marktxxl.de\\\/markt\\\/wp-content\\\/uploads\\\/sites\\\/3\\\/2020\\\/12\\\/logo.png\",\"width\":200,\"height\":70,\"caption\":\"Markt-XXL\"},\"image\":{\"@id\":\"https:\\\/\\\/marktxxl.de\\\/markt\\\/#\\\/schema\\\/logo\\\/image\\\/\"}}]}<\/script>\n<!-- \/ Yoast SEO plugin. -->","yoast_head_json":{"title":"Woukksy LED Lichterkette f\u00fcr Ramadan Deko, 3.5M Stern Mond Lichtervorhang mit Timer &amp; Fernbedienung, 8 Modi Lichterketten Fenster Innen f\u00fcr Balkon, Hochzeit, Party Dekoration - Markt-XXL","description":"Markt-XXL Woukksy LED Lichterkette f\u00fcr Ramadan Deko, 3.5M Stern Mond Lichtervorhang mit Timer &amp; Fernbedienung, 8 Modi Lichterketten Fenster Innen f\u00fcr Balkon, Hochzeit, Party Dekoration","robots":{"index":"index","follow":"follow","max-snippet":"max-snippet:-1","max-image-preview":"max-image-preview:large","max-video-preview":"max-video-preview:-1"},"canonical":"https:\/\/marktxxl.de\/markt\/produkt\/woukksy-led-lichterkette-fuer-ramadan-deko-3-5m-stern-mond-lichtervorhang-mit-timer-fernbedienung-8-modi-lichterketten-fenster-innen-fuer-balkon-hochzeit-party-dekoration\/","og_locale":"de_DE","og_type":"article","og_title":"Woukksy LED Lichterkette f\u00fcr Ramadan Deko, 3.5M Stern Mond Lichtervorhang mit Timer &amp; Fernbedienung, 8 Modi Lichterketten Fenster Innen f\u00fcr Balkon, Hochzeit, Party Dekoration - Markt-XXL","og_description":"Markt-XXL Woukksy LED Lichterkette f\u00fcr Ramadan Deko, 3.5M Stern Mond Lichtervorhang mit Timer &amp; Fernbedienung, 8 Modi Lichterketten Fenster Innen f\u00fcr Balkon, Hochzeit, Party Dekoration","og_url":"https:\/\/marktxxl.de\/markt\/produkt\/woukksy-led-lichterkette-fuer-ramadan-deko-3-5m-stern-mond-lichtervorhang-mit-timer-fernbedienung-8-modi-lichterketten-fenster-innen-fuer-balkon-hochzeit-party-dekoration\/","og_site_name":"Markt-XXL","twitter_card":"summary_large_image","twitter_misc":{"Gesch\u00e4tzte Lesezeit":"1\u00a0Minute"},"schema":{"@context":"https:\/\/schema.org","@graph":[{"@type":"WebPage","@id":"https:\/\/marktxxl.de\/markt\/produkt\/woukksy-led-lichterkette-fuer-ramadan-deko-3-5m-stern-mond-lichtervorhang-mit-timer-fernbedienung-8-modi-lichterketten-fenster-innen-fuer-balkon-hochzeit-party-dekoration\/","url":"https:\/\/marktxxl.de\/markt\/produkt\/woukksy-led-lichterkette-fuer-ramadan-deko-3-5m-stern-mond-lichtervorhang-mit-timer-fernbedienung-8-modi-lichterketten-fenster-innen-fuer-balkon-hochzeit-party-dekoration\/","name":"Woukksy LED Lichterkette f\u00fcr Ramadan Deko, 3.5M Stern Mond Lichtervorhang mit Timer &amp; Fernbedienung, 8 Modi Lichterketten Fenster Innen f\u00fcr Balkon, Hochzeit, Party Dekoration - Markt-XXL","isPartOf":{"@id":"https:\/\/marktxxl.de\/markt\/#website"},"primaryImageOfPage":{"@id":"https:\/\/marktxxl.de\/markt\/produkt\/woukksy-led-lichterkette-fuer-ramadan-deko-3-5m-stern-mond-lichtervorhang-mit-timer-fernbedienung-8-modi-lichterketten-fenster-innen-fuer-balkon-hochzeit-party-dekoration\/#primaryimage"},"image":{"@id":"https:\/\/marktxxl.de\/markt\/produkt\/woukksy-led-lichterkette-fuer-ramadan-deko-3-5m-stern-mond-lichtervorhang-mit-timer-fernbedienung-8-modi-lichterketten-fenster-innen-fuer-balkon-hochzeit-party-dekoration\/#primaryimage"},"thumbnailUrl":"https:\/\/m.media-amazon.com\/images\/I\/51EmEfigYxL._SL500_.jpg","datePublished":"2024-06-28T21:20:34+00:00","description":"Markt-XXL Woukksy LED Lichterkette f\u00fcr Ramadan Deko, 3.5M Stern Mond Lichtervorhang mit Timer &amp; Fernbedienung, 8 Modi Lichterketten Fenster Innen f\u00fcr Balkon, Hochzeit, Party Dekoration","breadcrumb":{"@id":"https:\/\/marktxxl.de\/markt\/produkt\/woukksy-led-lichterkette-fuer-ramadan-deko-3-5m-stern-mond-lichtervorhang-mit-timer-fernbedienung-8-modi-lichterketten-fenster-innen-fuer-balkon-hochzeit-party-dekoration\/#breadcrumb"},"inLanguage":"de","potentialAction":[{"@type":"ReadAction","target":["https:\/\/marktxxl.de\/markt\/produkt\/woukksy-led-lichterkette-fuer-ramadan-deko-3-5m-stern-mond-lichtervorhang-mit-timer-fernbedienung-8-modi-lichterketten-fenster-innen-fuer-balkon-hochzeit-party-dekoration\/"]}]},{"@type":"ImageObject","inLanguage":"de","@id":"https:\/\/marktxxl.de\/markt\/produkt\/woukksy-led-lichterkette-fuer-ramadan-deko-3-5m-stern-mond-lichtervorhang-mit-timer-fernbedienung-8-modi-lichterketten-fenster-innen-fuer-balkon-hochzeit-party-dekoration\/#primaryimage","url":"https:\/\/m.media-amazon.com\/images\/I\/51EmEfigYxL._SL500_.jpg","contentUrl":"https:\/\/m.media-amazon.com\/images\/I\/51EmEfigYxL._SL500_.jpg","width":500,"height":500},{"@type":"BreadcrumbList","@id":"https:\/\/marktxxl.de\/markt\/produkt\/woukksy-led-lichterkette-fuer-ramadan-deko-3-5m-stern-mond-lichtervorhang-mit-timer-fernbedienung-8-modi-lichterketten-fenster-innen-fuer-balkon-hochzeit-party-dekoration\/#breadcrumb","itemListElement":[{"@type":"ListItem","position":1,"name":"Startseite","item":"https:\/\/marktxxl.de\/markt\/"},{"@type":"ListItem","position":2,"name":"Markt","item":"https:\/\/marktxxl.de\/markt\/"},{"@type":"ListItem","position":3,"name":"Woukksy LED Lichterkette f\u00fcr Ramadan Deko, 3.5M Stern Mond Lichtervorhang mit Timer &amp; Fernbedienung, 8 Modi Lichterketten Fenster Innen f\u00fcr Balkon, Hochzeit, Party Dekoration"}]},{"@type":"WebSite","@id":"https:\/\/marktxxl.de\/markt\/#website","url":"https:\/\/marktxxl.de\/markt\/","name":"Markt-XXL","description":"Ihr Markt Online","publisher":{"@id":"https:\/\/marktxxl.de\/markt\/#organization"},"potentialAction":[{"@type":"SearchAction","target":{"@type":"EntryPoint","urlTemplate":"https:\/\/marktxxl.de\/markt\/?s={search_term_string}"},"query-input":{"@type":"PropertyValueSpecification","valueRequired":true,"valueName":"search_term_string"}}],"inLanguage":"de"},{"@type":"Organization","@id":"https:\/\/marktxxl.de\/markt\/#organization","name":"Markt-XXL","url":"https:\/\/marktxxl.de\/markt\/","logo":{"@type":"ImageObject","inLanguage":"de","@id":"https:\/\/marktxxl.de\/markt\/#\/schema\/logo\/image\/","url":"https:\/\/marktxxl.de\/markt\/wp-content\/uploads\/sites\/3\/2020\/12\/logo.png","contentUrl":"https:\/\/marktxxl.de\/markt\/wp-content\/uploads\/sites\/3\/2020\/12\/logo.png","width":200,"height":70,"caption":"Markt-XXL"},"image":{"@id":"https:\/\/marktxxl.de\/markt\/#\/schema\/logo\/image\/"}}]}},"_links":{"self":[{"href":"https:\/\/marktxxl.de\/markt\/wp-json\/wp\/v2\/product\/214352","targetHints":{"allow":["GET"]}}],"collection":[{"href":"https:\/\/marktxxl.de\/markt\/wp-json\/wp\/v2\/product"}],"about":[{"href":"https:\/\/marktxxl.de\/markt\/wp-json\/wp\/v2\/types\/product"}],"replies":[{"embeddable":true,"href":"https:\/\/marktxxl.de\/markt\/wp-json\/wp\/v2\/comments?post=214352"}],"wp:featuredmedia":[{"embeddable":true,"href":"https:\/\/marktxxl.de\/markt\/wp-json\/wp\/v2\/media\/214353"}],"wp:attachment":[{"href":"https:\/\/marktxxl.de\/markt\/wp-json\/wp\/v2\/media?parent=214352"}],"wp:term":[{"taxonomy":"product_brand","embeddable":true,"href":"https:\/\/marktxxl.de\/markt\/wp-json\/wp\/v2\/product_brand?post=214352"},{"taxonomy":"product_cat","embeddable":true,"href":"https:\/\/marktxxl.de\/markt\/wp-json\/wp\/v2\/product_cat?post=214352"},{"taxonomy":"product_tag","embeddable":true,"href":"https:\/\/marktxxl.de\/markt\/wp-json\/wp\/v2\/product_tag?post=214352"}],"curies":[{"name":"wp","href":"https:\/\/api.w.org\/{rel}","templated":true}]}}