{"id":214324,"date":"2024-06-28T23:19:50","date_gmt":"2024-06-28T21:19:50","guid":{"rendered":"https:\/\/marktxxl.de\/markt\/produkt\/nipach-gmbh-lichterregen-2er-set-je-64-led-warm-weiss-8-silberne-draehte-mit-je-8-led-batterie-timer-lichterkette-weihnachtsdeko-lichterbuendel-xmas-deko\/"},"modified":"2024-06-28T23:19:50","modified_gmt":"2024-06-28T21:19:50","slug":"nipach-gmbh-lichterregen-2er-set-je-64-led-warm-weiss-8-silberne-draehte-mit-je-8-led-batterie-timer-lichterkette-weihnachtsdeko-lichterbuendel-xmas-deko","status":"publish","type":"product","link":"https:\/\/marktxxl.de\/markt\/produkt\/nipach-gmbh-lichterregen-2er-set-je-64-led-warm-weiss-8-silberne-draehte-mit-je-8-led-batterie-timer-lichterkette-weihnachtsdeko-lichterbuendel-xmas-deko\/","title":{"rendered":"Nipach GmbH Lichterregen \u2013 2er Set je 64 LED warm wei\u00df 8 silberne Dr\u00e4hte mit je 8 LED Batterie Timer Lichterkette Weihnachtsdeko Lichterb\u00fcndel Xmas-Deko"},"content":{"rendered":"<p>Nicht nur zur Weihnachtszeit sorgen die 64 warmwei\u00dfen LED in dieser B\u00fcndel-Lichterkette f\u00fcr eine zauberhafte Stimmung Ihrer Innenr\u00e4ume, sei es im Wintergarten oder im festlich geschm\u00fcckten Wohnzimmer.<br \/>\nAuch bei Partys oder im Fenster ist diese Lichterregen-Kette der absolute Hingucker. Selbstverst\u00e4ndlich auch nach den besinnlichen Tagen eine tolle Deko f\u00fcr jeden Anlass, ob f\u00fcr Geburtstagsfeiern, Jubil\u00e4en oder Hochzeiten. Der Energieverbrauch ist durch die effiziente LED-Technik extrem niedrig.<br \/>\nMittels der Zeitschaltuhr \/ Timer k\u00f6nnen Sie selbst entscheiden wann Sie Ihre Beleuchtung einschalten m\u00f6chten. Timer oder Dauerleuchtfunktion frei w\u00e4hlbar.<br \/>\nDie gepr\u00fcfte Schutzklasse sorgt f\u00fcr Sicherheit. Durch den Batteriebetrieb sind Sie von externen Stromquellen unabh\u00e4ngig und k\u00f6nnen die Dekorationskugel frei platzieren.<br \/>\nErg\u00e4nzen Sie die Kette durch weitere tolle winterliche, weihnachtliche und sommerliche Leuchtdekorationen wie Leuchtb\u00e4ume, Lichternetze, Leuchtvorh\u00e4nge, LED-Zweige, Kugeln, Sterne, Rentiere, Laternen und Kerzen aus unserem Sortiment.<br \/>\n<div class=\"main-cross-sell\" data-asin=\"B08KWCWTXK\">\n\n\t<div class=\"WooZone-cross-sell-loader\">\n\t\t<div>\n\t\t\t<div id=\"floatingBarsG\">\n\t\t\t\t<div class=\"blockG\" id=\"rotateG_01\"><\/div>\n\t\t\t\t<div class=\"blockG\" id=\"rotateG_02\"><\/div>\n\t\t\t\t<div class=\"blockG\" id=\"rotateG_03\"><\/div>\n\t\t\t\t<div class=\"blockG\" id=\"rotateG_04\"><\/div>\n\t\t\t\t<div class=\"blockG\" id=\"rotateG_05\"><\/div>\n\t\t\t\t<div class=\"blockG\" id=\"rotateG_06\"><\/div>\n\t\t\t\t<div class=\"blockG\" id=\"rotateG_07\"><\/div>\n\t\t\t\t<div class=\"blockG\" id=\"rotateG_08\"><\/div>\n\t\t\t<\/div>\n\t\t\t<div class=\"WooZone-cross-sell-loader-text\"><\/div>\n\t\t<\/div>\n\t<\/div>\n\n\t\t\n<\/div>\n<div style=\"clear:both;\"><\/div><\/p>\n","protected":false},"excerpt":{"rendered":"<p>Nicht nur zur Weihnachtszeit sorgen die 64 warmwei\u00dfen LED in dieser B\u00fcndel-Lichterkette f\u00fcr eine zauberhafte Stimmung Ihrer Innenr\u00e4ume, sei es im Wintergarten oder im festlich geschm\u00fcckten Wohnzimmer.<br \/>\nAuch bei Partys oder im Fenster ist diese Lichterregen-Kette der absolute Hingucker. Selbstverst\u00e4ndlich auch nach den besinnlichen Tagen eine tolle Deko f\u00fcr jeden Anlass, ob f\u00fcr Geburtstagsfeiern, Jubil\u00e4en oder Hochzeiten. Der Energieverbrauch ist durch die effiziente LED-Technik extrem niedrig.<br \/>\nMittels der Zeitschaltuhr \/ Timer k\u00f6nnen Sie selbst entscheiden wann Sie Ihre Beleuchtung einschalten m\u00f6chten. Timer oder Dauerleuchtfunktion frei w\u00e4hlbar.<\/p>\n","protected":false},"featured_media":214325,"comment_status":"open","ping_status":"closed","template":"","meta":[],"product_brand":[],"product_cat":[2108,15622],"product_tag":[],"class_list":{"0":"post-214324","1":"product","2":"type-product","3":"status-publish","4":"has-post-thumbnail","6":"product_cat-beleuchtung","7":"product_cat-lichterketten","8":"pa_brand-nipach-gmbh","9":"pa_color-weiss","10":"pa_manufacturer-nipach-gmbh","12":"first","13":"instock","14":"shipping-taxable","15":"purchasable","16":"product-type-simple","17":"customify-col","18":"product-has-gallery"},"yoast_head":"<!-- This site is optimized with the Yoast SEO plugin v27.4 - https:\/\/yoast.com\/product\/yoast-seo-wordpress\/ -->\n<title>Nipach GmbH Lichterregen \u2013 2er Set je 64 LED warm wei\u00df 8 silberne Dr\u00e4hte mit je 8 LED Batterie Timer Lichterkette Weihnachtsdeko Lichterb\u00fcndel Xmas-Deko - Markt-XXL<\/title>\n<meta name=\"description\" content=\"Markt-XXL Nipach GmbH Lichterregen \u2013 2er Set je 64 LED warm wei\u00df 8 silberne Dr\u00e4hte mit je 8 LED Batterie Timer Lichterkette Weihnachtsdeko Lichterb\u00fcndel Xmas-Deko\" \/>\n<meta name=\"robots\" content=\"index, follow, max-snippet:-1, max-image-preview:large, max-video-preview:-1\" \/>\n<link rel=\"canonical\" href=\"https:\/\/marktxxl.de\/markt\/produkt\/nipach-gmbh-lichterregen-2er-set-je-64-led-warm-weiss-8-silberne-draehte-mit-je-8-led-batterie-timer-lichterkette-weihnachtsdeko-lichterbuendel-xmas-deko\/\" \/>\n<meta property=\"og:locale\" content=\"de_DE\" \/>\n<meta property=\"og:type\" content=\"article\" \/>\n<meta property=\"og:title\" content=\"Nipach GmbH Lichterregen \u2013 2er Set je 64 LED warm wei\u00df 8 silberne Dr\u00e4hte mit je 8 LED Batterie Timer Lichterkette Weihnachtsdeko Lichterb\u00fcndel Xmas-Deko - Markt-XXL\" \/>\n<meta property=\"og:description\" content=\"Markt-XXL Nipach GmbH Lichterregen \u2013 2er Set je 64 LED warm wei\u00df 8 silberne Dr\u00e4hte mit je 8 LED Batterie Timer Lichterkette Weihnachtsdeko Lichterb\u00fcndel Xmas-Deko\" \/>\n<meta property=\"og:url\" content=\"https:\/\/marktxxl.de\/markt\/produkt\/nipach-gmbh-lichterregen-2er-set-je-64-led-warm-weiss-8-silberne-draehte-mit-je-8-led-batterie-timer-lichterkette-weihnachtsdeko-lichterbuendel-xmas-deko\/\" \/>\n<meta property=\"og:site_name\" content=\"Markt-XXL\" \/>\n<meta name=\"twitter:card\" content=\"summary_large_image\" \/>\n<meta name=\"twitter:label1\" content=\"Gesch\u00e4tzte Lesezeit\" \/>\n\t<meta name=\"twitter:data1\" content=\"1\u00a0Minute\" \/>\n<script type=\"application\/ld+json\" class=\"yoast-schema-graph\">{\"@context\":\"https:\\\/\\\/schema.org\",\"@graph\":[{\"@type\":\"WebPage\",\"@id\":\"https:\\\/\\\/marktxxl.de\\\/markt\\\/produkt\\\/nipach-gmbh-lichterregen-2er-set-je-64-led-warm-weiss-8-silberne-draehte-mit-je-8-led-batterie-timer-lichterkette-weihnachtsdeko-lichterbuendel-xmas-deko\\\/\",\"url\":\"https:\\\/\\\/marktxxl.de\\\/markt\\\/produkt\\\/nipach-gmbh-lichterregen-2er-set-je-64-led-warm-weiss-8-silberne-draehte-mit-je-8-led-batterie-timer-lichterkette-weihnachtsdeko-lichterbuendel-xmas-deko\\\/\",\"name\":\"Nipach GmbH Lichterregen \u2013 2er Set je 64 LED warm wei\u00df 8 silberne Dr\u00e4hte mit je 8 LED Batterie Timer Lichterkette Weihnachtsdeko Lichterb\u00fcndel Xmas-Deko - Markt-XXL\",\"isPartOf\":{\"@id\":\"https:\\\/\\\/marktxxl.de\\\/markt\\\/#website\"},\"primaryImageOfPage\":{\"@id\":\"https:\\\/\\\/marktxxl.de\\\/markt\\\/produkt\\\/nipach-gmbh-lichterregen-2er-set-je-64-led-warm-weiss-8-silberne-draehte-mit-je-8-led-batterie-timer-lichterkette-weihnachtsdeko-lichterbuendel-xmas-deko\\\/#primaryimage\"},\"image\":{\"@id\":\"https:\\\/\\\/marktxxl.de\\\/markt\\\/produkt\\\/nipach-gmbh-lichterregen-2er-set-je-64-led-warm-weiss-8-silberne-draehte-mit-je-8-led-batterie-timer-lichterkette-weihnachtsdeko-lichterbuendel-xmas-deko\\\/#primaryimage\"},\"thumbnailUrl\":\"https:\\\/\\\/m.media-amazon.com\\\/images\\\/I\\\/51nCzKWmi6L._SL500_.jpg\",\"datePublished\":\"2024-06-28T21:19:50+00:00\",\"description\":\"Markt-XXL Nipach GmbH Lichterregen \u2013 2er Set je 64 LED warm wei\u00df 8 silberne Dr\u00e4hte mit je 8 LED Batterie Timer Lichterkette Weihnachtsdeko Lichterb\u00fcndel Xmas-Deko\",\"breadcrumb\":{\"@id\":\"https:\\\/\\\/marktxxl.de\\\/markt\\\/produkt\\\/nipach-gmbh-lichterregen-2er-set-je-64-led-warm-weiss-8-silberne-draehte-mit-je-8-led-batterie-timer-lichterkette-weihnachtsdeko-lichterbuendel-xmas-deko\\\/#breadcrumb\"},\"inLanguage\":\"de\",\"potentialAction\":[{\"@type\":\"ReadAction\",\"target\":[\"https:\\\/\\\/marktxxl.de\\\/markt\\\/produkt\\\/nipach-gmbh-lichterregen-2er-set-je-64-led-warm-weiss-8-silberne-draehte-mit-je-8-led-batterie-timer-lichterkette-weihnachtsdeko-lichterbuendel-xmas-deko\\\/\"]}]},{\"@type\":\"ImageObject\",\"inLanguage\":\"de\",\"@id\":\"https:\\\/\\\/marktxxl.de\\\/markt\\\/produkt\\\/nipach-gmbh-lichterregen-2er-set-je-64-led-warm-weiss-8-silberne-draehte-mit-je-8-led-batterie-timer-lichterkette-weihnachtsdeko-lichterbuendel-xmas-deko\\\/#primaryimage\",\"url\":\"https:\\\/\\\/m.media-amazon.com\\\/images\\\/I\\\/51nCzKWmi6L._SL500_.jpg\",\"contentUrl\":\"https:\\\/\\\/m.media-amazon.com\\\/images\\\/I\\\/51nCzKWmi6L._SL500_.jpg\",\"width\":500,\"height\":500},{\"@type\":\"BreadcrumbList\",\"@id\":\"https:\\\/\\\/marktxxl.de\\\/markt\\\/produkt\\\/nipach-gmbh-lichterregen-2er-set-je-64-led-warm-weiss-8-silberne-draehte-mit-je-8-led-batterie-timer-lichterkette-weihnachtsdeko-lichterbuendel-xmas-deko\\\/#breadcrumb\",\"itemListElement\":[{\"@type\":\"ListItem\",\"position\":1,\"name\":\"Startseite\",\"item\":\"https:\\\/\\\/marktxxl.de\\\/markt\\\/\"},{\"@type\":\"ListItem\",\"position\":2,\"name\":\"Markt\",\"item\":\"https:\\\/\\\/marktxxl.de\\\/markt\\\/\"},{\"@type\":\"ListItem\",\"position\":3,\"name\":\"Nipach GmbH Lichterregen \u2013 2er Set je 64 LED warm wei\u00df 8 silberne Dr\u00e4hte mit je 8 LED Batterie Timer Lichterkette Weihnachtsdeko Lichterb\u00fcndel Xmas-Deko\"}]},{\"@type\":\"WebSite\",\"@id\":\"https:\\\/\\\/marktxxl.de\\\/markt\\\/#website\",\"url\":\"https:\\\/\\\/marktxxl.de\\\/markt\\\/\",\"name\":\"Markt-XXL\",\"description\":\"Ihr Markt Online\",\"publisher\":{\"@id\":\"https:\\\/\\\/marktxxl.de\\\/markt\\\/#organization\"},\"potentialAction\":[{\"@type\":\"SearchAction\",\"target\":{\"@type\":\"EntryPoint\",\"urlTemplate\":\"https:\\\/\\\/marktxxl.de\\\/markt\\\/?s={search_term_string}\"},\"query-input\":{\"@type\":\"PropertyValueSpecification\",\"valueRequired\":true,\"valueName\":\"search_term_string\"}}],\"inLanguage\":\"de\"},{\"@type\":\"Organization\",\"@id\":\"https:\\\/\\\/marktxxl.de\\\/markt\\\/#organization\",\"name\":\"Markt-XXL\",\"url\":\"https:\\\/\\\/marktxxl.de\\\/markt\\\/\",\"logo\":{\"@type\":\"ImageObject\",\"inLanguage\":\"de\",\"@id\":\"https:\\\/\\\/marktxxl.de\\\/markt\\\/#\\\/schema\\\/logo\\\/image\\\/\",\"url\":\"https:\\\/\\\/marktxxl.de\\\/markt\\\/wp-content\\\/uploads\\\/sites\\\/3\\\/2020\\\/12\\\/logo.png\",\"contentUrl\":\"https:\\\/\\\/marktxxl.de\\\/markt\\\/wp-content\\\/uploads\\\/sites\\\/3\\\/2020\\\/12\\\/logo.png\",\"width\":200,\"height\":70,\"caption\":\"Markt-XXL\"},\"image\":{\"@id\":\"https:\\\/\\\/marktxxl.de\\\/markt\\\/#\\\/schema\\\/logo\\\/image\\\/\"}}]}<\/script>\n<!-- \/ Yoast SEO plugin. -->","yoast_head_json":{"title":"Nipach GmbH Lichterregen \u2013 2er Set je 64 LED warm wei\u00df 8 silberne Dr\u00e4hte mit je 8 LED Batterie Timer Lichterkette Weihnachtsdeko Lichterb\u00fcndel Xmas-Deko - Markt-XXL","description":"Markt-XXL Nipach GmbH Lichterregen \u2013 2er Set je 64 LED warm wei\u00df 8 silberne Dr\u00e4hte mit je 8 LED Batterie Timer Lichterkette Weihnachtsdeko Lichterb\u00fcndel Xmas-Deko","robots":{"index":"index","follow":"follow","max-snippet":"max-snippet:-1","max-image-preview":"max-image-preview:large","max-video-preview":"max-video-preview:-1"},"canonical":"https:\/\/marktxxl.de\/markt\/produkt\/nipach-gmbh-lichterregen-2er-set-je-64-led-warm-weiss-8-silberne-draehte-mit-je-8-led-batterie-timer-lichterkette-weihnachtsdeko-lichterbuendel-xmas-deko\/","og_locale":"de_DE","og_type":"article","og_title":"Nipach GmbH Lichterregen \u2013 2er Set je 64 LED warm wei\u00df 8 silberne Dr\u00e4hte mit je 8 LED Batterie Timer Lichterkette Weihnachtsdeko Lichterb\u00fcndel Xmas-Deko - Markt-XXL","og_description":"Markt-XXL Nipach GmbH Lichterregen \u2013 2er Set je 64 LED warm wei\u00df 8 silberne Dr\u00e4hte mit je 8 LED Batterie Timer Lichterkette Weihnachtsdeko Lichterb\u00fcndel Xmas-Deko","og_url":"https:\/\/marktxxl.de\/markt\/produkt\/nipach-gmbh-lichterregen-2er-set-je-64-led-warm-weiss-8-silberne-draehte-mit-je-8-led-batterie-timer-lichterkette-weihnachtsdeko-lichterbuendel-xmas-deko\/","og_site_name":"Markt-XXL","twitter_card":"summary_large_image","twitter_misc":{"Gesch\u00e4tzte Lesezeit":"1\u00a0Minute"},"schema":{"@context":"https:\/\/schema.org","@graph":[{"@type":"WebPage","@id":"https:\/\/marktxxl.de\/markt\/produkt\/nipach-gmbh-lichterregen-2er-set-je-64-led-warm-weiss-8-silberne-draehte-mit-je-8-led-batterie-timer-lichterkette-weihnachtsdeko-lichterbuendel-xmas-deko\/","url":"https:\/\/marktxxl.de\/markt\/produkt\/nipach-gmbh-lichterregen-2er-set-je-64-led-warm-weiss-8-silberne-draehte-mit-je-8-led-batterie-timer-lichterkette-weihnachtsdeko-lichterbuendel-xmas-deko\/","name":"Nipach GmbH Lichterregen \u2013 2er Set je 64 LED warm wei\u00df 8 silberne Dr\u00e4hte mit je 8 LED Batterie Timer Lichterkette Weihnachtsdeko Lichterb\u00fcndel Xmas-Deko - Markt-XXL","isPartOf":{"@id":"https:\/\/marktxxl.de\/markt\/#website"},"primaryImageOfPage":{"@id":"https:\/\/marktxxl.de\/markt\/produkt\/nipach-gmbh-lichterregen-2er-set-je-64-led-warm-weiss-8-silberne-draehte-mit-je-8-led-batterie-timer-lichterkette-weihnachtsdeko-lichterbuendel-xmas-deko\/#primaryimage"},"image":{"@id":"https:\/\/marktxxl.de\/markt\/produkt\/nipach-gmbh-lichterregen-2er-set-je-64-led-warm-weiss-8-silberne-draehte-mit-je-8-led-batterie-timer-lichterkette-weihnachtsdeko-lichterbuendel-xmas-deko\/#primaryimage"},"thumbnailUrl":"https:\/\/m.media-amazon.com\/images\/I\/51nCzKWmi6L._SL500_.jpg","datePublished":"2024-06-28T21:19:50+00:00","description":"Markt-XXL Nipach GmbH Lichterregen \u2013 2er Set je 64 LED warm wei\u00df 8 silberne Dr\u00e4hte mit je 8 LED Batterie Timer Lichterkette Weihnachtsdeko Lichterb\u00fcndel Xmas-Deko","breadcrumb":{"@id":"https:\/\/marktxxl.de\/markt\/produkt\/nipach-gmbh-lichterregen-2er-set-je-64-led-warm-weiss-8-silberne-draehte-mit-je-8-led-batterie-timer-lichterkette-weihnachtsdeko-lichterbuendel-xmas-deko\/#breadcrumb"},"inLanguage":"de","potentialAction":[{"@type":"ReadAction","target":["https:\/\/marktxxl.de\/markt\/produkt\/nipach-gmbh-lichterregen-2er-set-je-64-led-warm-weiss-8-silberne-draehte-mit-je-8-led-batterie-timer-lichterkette-weihnachtsdeko-lichterbuendel-xmas-deko\/"]}]},{"@type":"ImageObject","inLanguage":"de","@id":"https:\/\/marktxxl.de\/markt\/produkt\/nipach-gmbh-lichterregen-2er-set-je-64-led-warm-weiss-8-silberne-draehte-mit-je-8-led-batterie-timer-lichterkette-weihnachtsdeko-lichterbuendel-xmas-deko\/#primaryimage","url":"https:\/\/m.media-amazon.com\/images\/I\/51nCzKWmi6L._SL500_.jpg","contentUrl":"https:\/\/m.media-amazon.com\/images\/I\/51nCzKWmi6L._SL500_.jpg","width":500,"height":500},{"@type":"BreadcrumbList","@id":"https:\/\/marktxxl.de\/markt\/produkt\/nipach-gmbh-lichterregen-2er-set-je-64-led-warm-weiss-8-silberne-draehte-mit-je-8-led-batterie-timer-lichterkette-weihnachtsdeko-lichterbuendel-xmas-deko\/#breadcrumb","itemListElement":[{"@type":"ListItem","position":1,"name":"Startseite","item":"https:\/\/marktxxl.de\/markt\/"},{"@type":"ListItem","position":2,"name":"Markt","item":"https:\/\/marktxxl.de\/markt\/"},{"@type":"ListItem","position":3,"name":"Nipach GmbH Lichterregen \u2013 2er Set je 64 LED warm wei\u00df 8 silberne Dr\u00e4hte mit je 8 LED Batterie Timer Lichterkette Weihnachtsdeko Lichterb\u00fcndel Xmas-Deko"}]},{"@type":"WebSite","@id":"https:\/\/marktxxl.de\/markt\/#website","url":"https:\/\/marktxxl.de\/markt\/","name":"Markt-XXL","description":"Ihr Markt Online","publisher":{"@id":"https:\/\/marktxxl.de\/markt\/#organization"},"potentialAction":[{"@type":"SearchAction","target":{"@type":"EntryPoint","urlTemplate":"https:\/\/marktxxl.de\/markt\/?s={search_term_string}"},"query-input":{"@type":"PropertyValueSpecification","valueRequired":true,"valueName":"search_term_string"}}],"inLanguage":"de"},{"@type":"Organization","@id":"https:\/\/marktxxl.de\/markt\/#organization","name":"Markt-XXL","url":"https:\/\/marktxxl.de\/markt\/","logo":{"@type":"ImageObject","inLanguage":"de","@id":"https:\/\/marktxxl.de\/markt\/#\/schema\/logo\/image\/","url":"https:\/\/marktxxl.de\/markt\/wp-content\/uploads\/sites\/3\/2020\/12\/logo.png","contentUrl":"https:\/\/marktxxl.de\/markt\/wp-content\/uploads\/sites\/3\/2020\/12\/logo.png","width":200,"height":70,"caption":"Markt-XXL"},"image":{"@id":"https:\/\/marktxxl.de\/markt\/#\/schema\/logo\/image\/"}}]}},"_links":{"self":[{"href":"https:\/\/marktxxl.de\/markt\/wp-json\/wp\/v2\/product\/214324","targetHints":{"allow":["GET"]}}],"collection":[{"href":"https:\/\/marktxxl.de\/markt\/wp-json\/wp\/v2\/product"}],"about":[{"href":"https:\/\/marktxxl.de\/markt\/wp-json\/wp\/v2\/types\/product"}],"replies":[{"embeddable":true,"href":"https:\/\/marktxxl.de\/markt\/wp-json\/wp\/v2\/comments?post=214324"}],"wp:featuredmedia":[{"embeddable":true,"href":"https:\/\/marktxxl.de\/markt\/wp-json\/wp\/v2\/media\/214325"}],"wp:attachment":[{"href":"https:\/\/marktxxl.de\/markt\/wp-json\/wp\/v2\/media?parent=214324"}],"wp:term":[{"taxonomy":"product_brand","embeddable":true,"href":"https:\/\/marktxxl.de\/markt\/wp-json\/wp\/v2\/product_brand?post=214324"},{"taxonomy":"product_cat","embeddable":true,"href":"https:\/\/marktxxl.de\/markt\/wp-json\/wp\/v2\/product_cat?post=214324"},{"taxonomy":"product_tag","embeddable":true,"href":"https:\/\/marktxxl.de\/markt\/wp-json\/wp\/v2\/product_tag?post=214324"}],"curies":[{"name":"wp","href":"https:\/\/api.w.org\/{rel}","templated":true}]}}