{"id":214315,"date":"2024-06-28T23:19:35","date_gmt":"2024-06-28T21:19:35","guid":{"rendered":"https:\/\/marktxxl.de\/markt\/produkt\/soulbay-camping-lichterkette-10m-langen-solar-usb-aufladbar-campinglampe-mit-5-beleuchtungsmodi-camping-zubehoer-wasserdichte-mit-fernbedienung-fuer-outdoor-garten-balkon-zimmer-deko\/"},"modified":"2024-06-28T23:19:35","modified_gmt":"2024-06-28T21:19:35","slug":"soulbay-camping-lichterkette-10m-langen-solar-usb-aufladbar-campinglampe-mit-5-beleuchtungsmodi-camping-zubehoer-wasserdichte-mit-fernbedienung-fuer-outdoor-garten-balkon-zimmer-deko","status":"publish","type":"product","link":"https:\/\/marktxxl.de\/markt\/produkt\/soulbay-camping-lichterkette-10m-langen-solar-usb-aufladbar-campinglampe-mit-5-beleuchtungsmodi-camping-zubehoer-wasserdichte-mit-fernbedienung-fuer-outdoor-garten-balkon-zimmer-deko\/","title":{"rendered":"SoulBay Camping Lichterkette, 10m Langen Solar USB Aufladbar Campinglampe mit 5 Beleuchtungsmodi, Camping Zubeh\u00f6r Wasserdichte mit Fernbedienung f\u00fcr Outdoor Garten Balkon Zimmer Deko"},"content":{"rendered":"<p>Solarbetrieben &amp; USB Wiederaufladbar \u2013 Die Solar Camping Lichterkette sind einfach \u00fcber Solarstrom oder USB-Kabel wiederaufladbar. 14 Stunden Solarladung unterst\u00fctzen 6\u201312 Stunden Arbeitszeit. Das vollst\u00e4ndige Aufladen \u00fcber USB dauert \u00fcber eine 5-V-2A-Powerbank nur 4\u20135 Stunden. (Der USB-Anschluss kann Mobiltelefone aufladen.)<br \/>\n3 Helligkeitsstufen &amp; 5 Blitzmodi \u2013 Passen Sie die Helligkeit der Solar Lichterkette auf Niedrig, Mittel und Hoch an. W\u00e4hlen Sie Lichtmodi wie Dauerlicht, Flackern, Atemblitz, SOS-Blitz, Lichterkette + Lampe Dauerlicht.<br \/>\nMultifunktionale Fernbedienung \u2013 Sie k\u00f6nnen die Camping Lichterkette ein-\/ausschalten, einen 4\/6\/8-Stunden Timer, 3 Helligkeitsstufen und 5 Lichtmodi optional steuern. Die Aufladbar Camping Lichterkette kann auch per Knopfdruck gesteuert werden.<br \/>\nEinfache Verwendung &amp; Einfache Aufbewahrung \u2013 Steuern Sie einfach den Drehgriff, um die Lichterkette herauszuziehen oder einzurollen. L\u00e4sst sich leicht zusammenpacken und verheddert sich nicht. Die Campingleuchte ist mit einem Griff zum Aufh\u00e4ngen oder Tragen ausgestattet.<br \/>\nDekorative Camping Zubeh\u00f6r \u2013 die 10 m lange Lichterkette ist wasserdicht nach IP65 und verf\u00fcgt \u00fcber 100 LED-Lichter, perfekt f\u00fcr Garten, Terrassen, Balkon, Hof, Wohnmobil, LKW, Zelt, Innen und Au\u00dfendekorationen. Es kann als Notlicht beim Wandern oder Camping verwendet werden. Sowie dekorative Lichter f\u00fcr Party oder Hochzeit.<br \/>\n<div class=\"main-cross-sell\" data-asin=\"B0CZ6ZH5LQ\">\n\n\t<div class=\"WooZone-cross-sell-loader\">\n\t\t<div>\n\t\t\t<div id=\"floatingBarsG\">\n\t\t\t\t<div class=\"blockG\" id=\"rotateG_01\"><\/div>\n\t\t\t\t<div class=\"blockG\" id=\"rotateG_02\"><\/div>\n\t\t\t\t<div class=\"blockG\" id=\"rotateG_03\"><\/div>\n\t\t\t\t<div class=\"blockG\" id=\"rotateG_04\"><\/div>\n\t\t\t\t<div class=\"blockG\" id=\"rotateG_05\"><\/div>\n\t\t\t\t<div class=\"blockG\" id=\"rotateG_06\"><\/div>\n\t\t\t\t<div class=\"blockG\" id=\"rotateG_07\"><\/div>\n\t\t\t\t<div class=\"blockG\" id=\"rotateG_08\"><\/div>\n\t\t\t<\/div>\n\t\t\t<div class=\"WooZone-cross-sell-loader-text\"><\/div>\n\t\t<\/div>\n\t<\/div>\n\n\t\t\n<\/div>\n<div style=\"clear:both;\"><\/div><\/p>\n","protected":false},"excerpt":{"rendered":"<p>Solarbetrieben &amp; USB Wiederaufladbar \u2013 Die Solar Camping Lichterkette sind einfach \u00fcber Solarstrom oder USB-Kabel wiederaufladbar. 14 Stunden Solarladung unterst\u00fctzen 6\u201312 Stunden Arbeitszeit. Das vollst\u00e4ndige Aufladen \u00fcber USB dauert \u00fcber eine 5-V-2A-Powerbank nur 4\u20135 Stunden. (Der USB-Anschluss kann Mobiltelefone aufladen.)<br \/>\n3 Helligkeitsstufen &amp; 5 Blitzmodi \u2013 Passen Sie die Helligkeit der Solar Lichterkette auf Niedrig, Mittel und Hoch an. W\u00e4hlen Sie Lichtmodi wie Dauerlicht, Flackern, Atemblitz, SOS-Blitz, Lichterkette + Lampe Dauerlicht.<br \/>\nMultifunktionale Fernbedienung \u2013 Sie k\u00f6nnen die Camping Lichterkette ein-\/ausschalten, einen 4\/6\/8-Stunden Timer, 3 Helligkeitsstufen und 5 Lichtmodi optional steuern. Die Aufladbar Camping Lichterkette kann auch per Knopfdruck gesteuert werden.<\/p>\n","protected":false},"featured_media":214316,"comment_status":"open","ping_status":"closed","template":"","meta":[],"product_brand":[],"product_cat":[2108,15622],"product_tag":[],"class_list":{"0":"post-214315","1":"product","2":"type-product","3":"status-publish","4":"has-post-thumbnail","6":"product_cat-beleuchtung","7":"product_cat-lichterketten","8":"pa_brand-soulbay","9":"pa_color-weiss","10":"pa_manufacturer-soulbay","11":"pa_model-od087","13":"first","14":"instock","15":"sale","16":"shipping-taxable","17":"purchasable","18":"product-type-simple","19":"customify-col","20":"product-has-gallery"},"yoast_head":"<!-- This site is optimized with the Yoast SEO plugin v27.4 - https:\/\/yoast.com\/product\/yoast-seo-wordpress\/ -->\n<title>SoulBay Camping Lichterkette, 10m Langen Solar USB Aufladbar Campinglampe mit 5 Beleuchtungsmodi, Camping Zubeh\u00f6r Wasserdichte mit Fernbedienung f\u00fcr Outdoor Garten Balkon Zimmer Deko - Markt-XXL<\/title>\n<meta name=\"description\" content=\"Markt-XXL SoulBay Camping Lichterkette, 10m Langen Solar USB Aufladbar Campinglampe mit 5 Beleuchtungsmodi, Camping Zubeh\u00f6r Wasserdichte mit Fernbedienung f\u00fcr Outdoor Garten Balkon Zimmer Deko\" \/>\n<meta name=\"robots\" content=\"index, follow, max-snippet:-1, max-image-preview:large, max-video-preview:-1\" \/>\n<link rel=\"canonical\" href=\"https:\/\/marktxxl.de\/markt\/produkt\/soulbay-camping-lichterkette-10m-langen-solar-usb-aufladbar-campinglampe-mit-5-beleuchtungsmodi-camping-zubehoer-wasserdichte-mit-fernbedienung-fuer-outdoor-garten-balkon-zimmer-deko\/\" \/>\n<meta property=\"og:locale\" content=\"de_DE\" \/>\n<meta property=\"og:type\" content=\"article\" \/>\n<meta property=\"og:title\" content=\"SoulBay Camping Lichterkette, 10m Langen Solar USB Aufladbar Campinglampe mit 5 Beleuchtungsmodi, Camping Zubeh\u00f6r Wasserdichte mit Fernbedienung f\u00fcr Outdoor Garten Balkon Zimmer Deko - Markt-XXL\" \/>\n<meta property=\"og:description\" content=\"Markt-XXL SoulBay Camping Lichterkette, 10m Langen Solar USB Aufladbar Campinglampe mit 5 Beleuchtungsmodi, Camping Zubeh\u00f6r Wasserdichte mit Fernbedienung f\u00fcr Outdoor Garten Balkon Zimmer Deko\" \/>\n<meta property=\"og:url\" content=\"https:\/\/marktxxl.de\/markt\/produkt\/soulbay-camping-lichterkette-10m-langen-solar-usb-aufladbar-campinglampe-mit-5-beleuchtungsmodi-camping-zubehoer-wasserdichte-mit-fernbedienung-fuer-outdoor-garten-balkon-zimmer-deko\/\" \/>\n<meta property=\"og:site_name\" content=\"Markt-XXL\" \/>\n<meta name=\"twitter:card\" content=\"summary_large_image\" \/>\n<meta name=\"twitter:label1\" content=\"Gesch\u00e4tzte Lesezeit\" \/>\n\t<meta name=\"twitter:data1\" content=\"1\u00a0Minute\" \/>\n<script type=\"application\/ld+json\" class=\"yoast-schema-graph\">{\"@context\":\"https:\\\/\\\/schema.org\",\"@graph\":[{\"@type\":\"WebPage\",\"@id\":\"https:\\\/\\\/marktxxl.de\\\/markt\\\/produkt\\\/soulbay-camping-lichterkette-10m-langen-solar-usb-aufladbar-campinglampe-mit-5-beleuchtungsmodi-camping-zubehoer-wasserdichte-mit-fernbedienung-fuer-outdoor-garten-balkon-zimmer-deko\\\/\",\"url\":\"https:\\\/\\\/marktxxl.de\\\/markt\\\/produkt\\\/soulbay-camping-lichterkette-10m-langen-solar-usb-aufladbar-campinglampe-mit-5-beleuchtungsmodi-camping-zubehoer-wasserdichte-mit-fernbedienung-fuer-outdoor-garten-balkon-zimmer-deko\\\/\",\"name\":\"SoulBay Camping Lichterkette, 10m Langen Solar USB Aufladbar Campinglampe mit 5 Beleuchtungsmodi, Camping Zubeh\u00f6r Wasserdichte mit Fernbedienung f\u00fcr Outdoor Garten Balkon Zimmer Deko - Markt-XXL\",\"isPartOf\":{\"@id\":\"https:\\\/\\\/marktxxl.de\\\/markt\\\/#website\"},\"primaryImageOfPage\":{\"@id\":\"https:\\\/\\\/marktxxl.de\\\/markt\\\/produkt\\\/soulbay-camping-lichterkette-10m-langen-solar-usb-aufladbar-campinglampe-mit-5-beleuchtungsmodi-camping-zubehoer-wasserdichte-mit-fernbedienung-fuer-outdoor-garten-balkon-zimmer-deko\\\/#primaryimage\"},\"image\":{\"@id\":\"https:\\\/\\\/marktxxl.de\\\/markt\\\/produkt\\\/soulbay-camping-lichterkette-10m-langen-solar-usb-aufladbar-campinglampe-mit-5-beleuchtungsmodi-camping-zubehoer-wasserdichte-mit-fernbedienung-fuer-outdoor-garten-balkon-zimmer-deko\\\/#primaryimage\"},\"thumbnailUrl\":\"https:\\\/\\\/m.media-amazon.com\\\/images\\\/I\\\/51Dh6zNHG3L._SL500_.jpg\",\"datePublished\":\"2024-06-28T21:19:35+00:00\",\"description\":\"Markt-XXL SoulBay Camping Lichterkette, 10m Langen Solar USB Aufladbar Campinglampe mit 5 Beleuchtungsmodi, Camping Zubeh\u00f6r Wasserdichte mit Fernbedienung f\u00fcr Outdoor Garten Balkon Zimmer Deko\",\"breadcrumb\":{\"@id\":\"https:\\\/\\\/marktxxl.de\\\/markt\\\/produkt\\\/soulbay-camping-lichterkette-10m-langen-solar-usb-aufladbar-campinglampe-mit-5-beleuchtungsmodi-camping-zubehoer-wasserdichte-mit-fernbedienung-fuer-outdoor-garten-balkon-zimmer-deko\\\/#breadcrumb\"},\"inLanguage\":\"de\",\"potentialAction\":[{\"@type\":\"ReadAction\",\"target\":[\"https:\\\/\\\/marktxxl.de\\\/markt\\\/produkt\\\/soulbay-camping-lichterkette-10m-langen-solar-usb-aufladbar-campinglampe-mit-5-beleuchtungsmodi-camping-zubehoer-wasserdichte-mit-fernbedienung-fuer-outdoor-garten-balkon-zimmer-deko\\\/\"]}]},{\"@type\":\"ImageObject\",\"inLanguage\":\"de\",\"@id\":\"https:\\\/\\\/marktxxl.de\\\/markt\\\/produkt\\\/soulbay-camping-lichterkette-10m-langen-solar-usb-aufladbar-campinglampe-mit-5-beleuchtungsmodi-camping-zubehoer-wasserdichte-mit-fernbedienung-fuer-outdoor-garten-balkon-zimmer-deko\\\/#primaryimage\",\"url\":\"https:\\\/\\\/m.media-amazon.com\\\/images\\\/I\\\/51Dh6zNHG3L._SL500_.jpg\",\"contentUrl\":\"https:\\\/\\\/m.media-amazon.com\\\/images\\\/I\\\/51Dh6zNHG3L._SL500_.jpg\",\"width\":500,\"height\":500},{\"@type\":\"BreadcrumbList\",\"@id\":\"https:\\\/\\\/marktxxl.de\\\/markt\\\/produkt\\\/soulbay-camping-lichterkette-10m-langen-solar-usb-aufladbar-campinglampe-mit-5-beleuchtungsmodi-camping-zubehoer-wasserdichte-mit-fernbedienung-fuer-outdoor-garten-balkon-zimmer-deko\\\/#breadcrumb\",\"itemListElement\":[{\"@type\":\"ListItem\",\"position\":1,\"name\":\"Startseite\",\"item\":\"https:\\\/\\\/marktxxl.de\\\/markt\\\/\"},{\"@type\":\"ListItem\",\"position\":2,\"name\":\"Markt\",\"item\":\"https:\\\/\\\/marktxxl.de\\\/markt\\\/\"},{\"@type\":\"ListItem\",\"position\":3,\"name\":\"SoulBay Camping Lichterkette, 10m Langen Solar USB Aufladbar Campinglampe mit 5 Beleuchtungsmodi, Camping Zubeh\u00f6r Wasserdichte mit Fernbedienung f\u00fcr Outdoor Garten Balkon Zimmer Deko\"}]},{\"@type\":\"WebSite\",\"@id\":\"https:\\\/\\\/marktxxl.de\\\/markt\\\/#website\",\"url\":\"https:\\\/\\\/marktxxl.de\\\/markt\\\/\",\"name\":\"Markt-XXL\",\"description\":\"Ihr Markt Online\",\"publisher\":{\"@id\":\"https:\\\/\\\/marktxxl.de\\\/markt\\\/#organization\"},\"potentialAction\":[{\"@type\":\"SearchAction\",\"target\":{\"@type\":\"EntryPoint\",\"urlTemplate\":\"https:\\\/\\\/marktxxl.de\\\/markt\\\/?s={search_term_string}\"},\"query-input\":{\"@type\":\"PropertyValueSpecification\",\"valueRequired\":true,\"valueName\":\"search_term_string\"}}],\"inLanguage\":\"de\"},{\"@type\":\"Organization\",\"@id\":\"https:\\\/\\\/marktxxl.de\\\/markt\\\/#organization\",\"name\":\"Markt-XXL\",\"url\":\"https:\\\/\\\/marktxxl.de\\\/markt\\\/\",\"logo\":{\"@type\":\"ImageObject\",\"inLanguage\":\"de\",\"@id\":\"https:\\\/\\\/marktxxl.de\\\/markt\\\/#\\\/schema\\\/logo\\\/image\\\/\",\"url\":\"https:\\\/\\\/marktxxl.de\\\/markt\\\/wp-content\\\/uploads\\\/sites\\\/3\\\/2020\\\/12\\\/logo.png\",\"contentUrl\":\"https:\\\/\\\/marktxxl.de\\\/markt\\\/wp-content\\\/uploads\\\/sites\\\/3\\\/2020\\\/12\\\/logo.png\",\"width\":200,\"height\":70,\"caption\":\"Markt-XXL\"},\"image\":{\"@id\":\"https:\\\/\\\/marktxxl.de\\\/markt\\\/#\\\/schema\\\/logo\\\/image\\\/\"}}]}<\/script>\n<!-- \/ Yoast SEO plugin. -->","yoast_head_json":{"title":"SoulBay Camping Lichterkette, 10m Langen Solar USB Aufladbar Campinglampe mit 5 Beleuchtungsmodi, Camping Zubeh\u00f6r Wasserdichte mit Fernbedienung f\u00fcr Outdoor Garten Balkon Zimmer Deko - Markt-XXL","description":"Markt-XXL SoulBay Camping Lichterkette, 10m Langen Solar USB Aufladbar Campinglampe mit 5 Beleuchtungsmodi, Camping Zubeh\u00f6r Wasserdichte mit Fernbedienung f\u00fcr Outdoor Garten Balkon Zimmer Deko","robots":{"index":"index","follow":"follow","max-snippet":"max-snippet:-1","max-image-preview":"max-image-preview:large","max-video-preview":"max-video-preview:-1"},"canonical":"https:\/\/marktxxl.de\/markt\/produkt\/soulbay-camping-lichterkette-10m-langen-solar-usb-aufladbar-campinglampe-mit-5-beleuchtungsmodi-camping-zubehoer-wasserdichte-mit-fernbedienung-fuer-outdoor-garten-balkon-zimmer-deko\/","og_locale":"de_DE","og_type":"article","og_title":"SoulBay Camping Lichterkette, 10m Langen Solar USB Aufladbar Campinglampe mit 5 Beleuchtungsmodi, Camping Zubeh\u00f6r Wasserdichte mit Fernbedienung f\u00fcr Outdoor Garten Balkon Zimmer Deko - Markt-XXL","og_description":"Markt-XXL SoulBay Camping Lichterkette, 10m Langen Solar USB Aufladbar Campinglampe mit 5 Beleuchtungsmodi, Camping Zubeh\u00f6r Wasserdichte mit Fernbedienung f\u00fcr Outdoor Garten Balkon Zimmer Deko","og_url":"https:\/\/marktxxl.de\/markt\/produkt\/soulbay-camping-lichterkette-10m-langen-solar-usb-aufladbar-campinglampe-mit-5-beleuchtungsmodi-camping-zubehoer-wasserdichte-mit-fernbedienung-fuer-outdoor-garten-balkon-zimmer-deko\/","og_site_name":"Markt-XXL","twitter_card":"summary_large_image","twitter_misc":{"Gesch\u00e4tzte Lesezeit":"1\u00a0Minute"},"schema":{"@context":"https:\/\/schema.org","@graph":[{"@type":"WebPage","@id":"https:\/\/marktxxl.de\/markt\/produkt\/soulbay-camping-lichterkette-10m-langen-solar-usb-aufladbar-campinglampe-mit-5-beleuchtungsmodi-camping-zubehoer-wasserdichte-mit-fernbedienung-fuer-outdoor-garten-balkon-zimmer-deko\/","url":"https:\/\/marktxxl.de\/markt\/produkt\/soulbay-camping-lichterkette-10m-langen-solar-usb-aufladbar-campinglampe-mit-5-beleuchtungsmodi-camping-zubehoer-wasserdichte-mit-fernbedienung-fuer-outdoor-garten-balkon-zimmer-deko\/","name":"SoulBay Camping Lichterkette, 10m Langen Solar USB Aufladbar Campinglampe mit 5 Beleuchtungsmodi, Camping Zubeh\u00f6r Wasserdichte mit Fernbedienung f\u00fcr Outdoor Garten Balkon Zimmer Deko - Markt-XXL","isPartOf":{"@id":"https:\/\/marktxxl.de\/markt\/#website"},"primaryImageOfPage":{"@id":"https:\/\/marktxxl.de\/markt\/produkt\/soulbay-camping-lichterkette-10m-langen-solar-usb-aufladbar-campinglampe-mit-5-beleuchtungsmodi-camping-zubehoer-wasserdichte-mit-fernbedienung-fuer-outdoor-garten-balkon-zimmer-deko\/#primaryimage"},"image":{"@id":"https:\/\/marktxxl.de\/markt\/produkt\/soulbay-camping-lichterkette-10m-langen-solar-usb-aufladbar-campinglampe-mit-5-beleuchtungsmodi-camping-zubehoer-wasserdichte-mit-fernbedienung-fuer-outdoor-garten-balkon-zimmer-deko\/#primaryimage"},"thumbnailUrl":"https:\/\/m.media-amazon.com\/images\/I\/51Dh6zNHG3L._SL500_.jpg","datePublished":"2024-06-28T21:19:35+00:00","description":"Markt-XXL SoulBay Camping Lichterkette, 10m Langen Solar USB Aufladbar Campinglampe mit 5 Beleuchtungsmodi, Camping Zubeh\u00f6r Wasserdichte mit Fernbedienung f\u00fcr Outdoor Garten Balkon Zimmer Deko","breadcrumb":{"@id":"https:\/\/marktxxl.de\/markt\/produkt\/soulbay-camping-lichterkette-10m-langen-solar-usb-aufladbar-campinglampe-mit-5-beleuchtungsmodi-camping-zubehoer-wasserdichte-mit-fernbedienung-fuer-outdoor-garten-balkon-zimmer-deko\/#breadcrumb"},"inLanguage":"de","potentialAction":[{"@type":"ReadAction","target":["https:\/\/marktxxl.de\/markt\/produkt\/soulbay-camping-lichterkette-10m-langen-solar-usb-aufladbar-campinglampe-mit-5-beleuchtungsmodi-camping-zubehoer-wasserdichte-mit-fernbedienung-fuer-outdoor-garten-balkon-zimmer-deko\/"]}]},{"@type":"ImageObject","inLanguage":"de","@id":"https:\/\/marktxxl.de\/markt\/produkt\/soulbay-camping-lichterkette-10m-langen-solar-usb-aufladbar-campinglampe-mit-5-beleuchtungsmodi-camping-zubehoer-wasserdichte-mit-fernbedienung-fuer-outdoor-garten-balkon-zimmer-deko\/#primaryimage","url":"https:\/\/m.media-amazon.com\/images\/I\/51Dh6zNHG3L._SL500_.jpg","contentUrl":"https:\/\/m.media-amazon.com\/images\/I\/51Dh6zNHG3L._SL500_.jpg","width":500,"height":500},{"@type":"BreadcrumbList","@id":"https:\/\/marktxxl.de\/markt\/produkt\/soulbay-camping-lichterkette-10m-langen-solar-usb-aufladbar-campinglampe-mit-5-beleuchtungsmodi-camping-zubehoer-wasserdichte-mit-fernbedienung-fuer-outdoor-garten-balkon-zimmer-deko\/#breadcrumb","itemListElement":[{"@type":"ListItem","position":1,"name":"Startseite","item":"https:\/\/marktxxl.de\/markt\/"},{"@type":"ListItem","position":2,"name":"Markt","item":"https:\/\/marktxxl.de\/markt\/"},{"@type":"ListItem","position":3,"name":"SoulBay Camping Lichterkette, 10m Langen Solar USB Aufladbar Campinglampe mit 5 Beleuchtungsmodi, Camping Zubeh\u00f6r Wasserdichte mit Fernbedienung f\u00fcr Outdoor Garten Balkon Zimmer Deko"}]},{"@type":"WebSite","@id":"https:\/\/marktxxl.de\/markt\/#website","url":"https:\/\/marktxxl.de\/markt\/","name":"Markt-XXL","description":"Ihr Markt Online","publisher":{"@id":"https:\/\/marktxxl.de\/markt\/#organization"},"potentialAction":[{"@type":"SearchAction","target":{"@type":"EntryPoint","urlTemplate":"https:\/\/marktxxl.de\/markt\/?s={search_term_string}"},"query-input":{"@type":"PropertyValueSpecification","valueRequired":true,"valueName":"search_term_string"}}],"inLanguage":"de"},{"@type":"Organization","@id":"https:\/\/marktxxl.de\/markt\/#organization","name":"Markt-XXL","url":"https:\/\/marktxxl.de\/markt\/","logo":{"@type":"ImageObject","inLanguage":"de","@id":"https:\/\/marktxxl.de\/markt\/#\/schema\/logo\/image\/","url":"https:\/\/marktxxl.de\/markt\/wp-content\/uploads\/sites\/3\/2020\/12\/logo.png","contentUrl":"https:\/\/marktxxl.de\/markt\/wp-content\/uploads\/sites\/3\/2020\/12\/logo.png","width":200,"height":70,"caption":"Markt-XXL"},"image":{"@id":"https:\/\/marktxxl.de\/markt\/#\/schema\/logo\/image\/"}}]}},"_links":{"self":[{"href":"https:\/\/marktxxl.de\/markt\/wp-json\/wp\/v2\/product\/214315","targetHints":{"allow":["GET"]}}],"collection":[{"href":"https:\/\/marktxxl.de\/markt\/wp-json\/wp\/v2\/product"}],"about":[{"href":"https:\/\/marktxxl.de\/markt\/wp-json\/wp\/v2\/types\/product"}],"replies":[{"embeddable":true,"href":"https:\/\/marktxxl.de\/markt\/wp-json\/wp\/v2\/comments?post=214315"}],"wp:featuredmedia":[{"embeddable":true,"href":"https:\/\/marktxxl.de\/markt\/wp-json\/wp\/v2\/media\/214316"}],"wp:attachment":[{"href":"https:\/\/marktxxl.de\/markt\/wp-json\/wp\/v2\/media?parent=214315"}],"wp:term":[{"taxonomy":"product_brand","embeddable":true,"href":"https:\/\/marktxxl.de\/markt\/wp-json\/wp\/v2\/product_brand?post=214315"},{"taxonomy":"product_cat","embeddable":true,"href":"https:\/\/marktxxl.de\/markt\/wp-json\/wp\/v2\/product_cat?post=214315"},{"taxonomy":"product_tag","embeddable":true,"href":"https:\/\/marktxxl.de\/markt\/wp-json\/wp\/v2\/product_tag?post=214315"}],"curies":[{"name":"wp","href":"https:\/\/api.w.org\/{rel}","templated":true}]}}