{"id":214294,"date":"2024-06-28T23:18:35","date_gmt":"2024-06-28T21:18:35","guid":{"rendered":"https:\/\/marktxxl.de\/markt\/produkt\/sonpen-solar-lichterkette-aussen-outdoor12m-60-led-lichterkette-aussen-solar-wetterfest8-modi-garten-balkon-camping-beleuchtung-solar-lichterkette-kugeln-solarlichterkette-fuer-aussen-innen\/"},"modified":"2024-06-28T23:18:35","modified_gmt":"2024-06-28T21:18:35","slug":"sonpen-solar-lichterkette-aussen-outdoor12m-60-led-lichterkette-aussen-solar-wetterfest8-modi-garten-balkon-camping-beleuchtung-solar-lichterkette-kugeln-solarlichterkette-fuer-aussen-innen","status":"publish","type":"product","link":"https:\/\/marktxxl.de\/markt\/produkt\/sonpen-solar-lichterkette-aussen-outdoor12m-60-led-lichterkette-aussen-solar-wetterfest8-modi-garten-balkon-camping-beleuchtung-solar-lichterkette-kugeln-solarlichterkette-fuer-aussen-innen\/","title":{"rendered":"SonPen Solar Lichterkette Aussen Outdoor,12M 60 LED Lichterkette Au\u00dfen Solar Wetterfest,8 Modi Garten Balkon Camping Beleuchtung Solar Lichterkette Kugeln, Solarlichterkette f\u00fcr Au\u00dfen &amp; Innen"},"content":{"rendered":"<p>\u2600\ufe0f\u30102024 Neue Verbesserte Lithium-Batterie,Heller und Stabiler\u3011:Diese Au\u00dfen Wetterfest Solar Lichterkette f\u00fcr den Au\u00dfenbereich verwendet Lithium-Batterien anstelle von Nickel-Zink-Batterien f\u00fcr hellere Gl\u00fchbirnen,stabilen Strom.Die Spezifikation f\u00fcr gro\u00dfe Solarmodule aus monokristallinem Silizium betr\u00e4gt 5V 200mAH.Die Batteriekapazit\u00e4t betr\u00e4gt bis zu 1200 mAh.Schnelle Umwandlung,starke Energiespeicherung.Sie k\u00f6nnen es f\u00fcr 10-12 Stunden nach dem Laden f\u00fcr nur 2-3 Stunden verwenden.<br \/>\n\u2600\ufe0f\u301060 Super Brilliant LED Leuchten\u3011:Unsere solar Lichterkette aussen verf\u00fcgen \u00fcber 60 hochwertige LED-Kristallkugeln,Der Durchmesser der Gl\u00fchbirne betr\u00e4gt 2.5 cm.Die von einer 39 ft\/12 m langen Schnur.Miteinander verbunden sind und damit l\u00e4nger sind als andere Solarleuchten. Ideal zur Schaffung einer gem\u00fctlichen Atmosph\u00e4re im Innen-oder Au\u00dfenbereich.Auch auf gr\u00f6\u00dfere Fl\u00e4chen anwendbar,schaffen Sie eine unvergessliche Lichtatmosph\u00e4re.<br \/>\n\u2600\ufe0f\u3010IP65 Wasserdicht und Langlebig\u3011:Lichterkette au\u00dfen solar aus hochwertigem ABS-Material und bestand IP65 wasserdicht.Die Dr\u00e4hte sind durch eine dunkelgr\u00fcne Folie gesch\u00fctzt, die nicht leicht rostet.Die Lichterketten k\u00f6nnen allen Witterungsbedingungen standhalten,auch bei starkem Regen und Schnee.<br \/>\n\u2600\ufe0f\u3010Multifunktionale 8 Beleuchtungs Modi\u3011:Diese au\u00dfen Solar Lichterkette haben 8 Lichteffekte,einschlie\u00dflich Kombination,Gl\u00fchw\u00fcrmchen blinken,verblassen,Wellen,jagen \/blinken,langsam verblassen,blinken und stetig an. Alle Ihre Anforderungen an unterschiedliche Leuchten k\u00f6nnen erf\u00fcllt werden.<br \/>\n\u2600\ufe0f\u3010Einfache Installation und breite Anwendungspalette\u3011:Der weiche Draht l\u00e4sst sich biegen und um \u00c4ste, Z\u00e4une und Pf\u00e4hle wickeln. Diese Lichter sind perfekte Dekorationen f\u00fcr Terrasse, G\u00e4rten, W\u00e4nde, B\u00e4ume, Balkondekorationen, Fenster, Hallen, Bistros, Hinterh\u00f6fe, Weihnachten, Valentinstag, Geburtstagsfeiern und mehr.<br \/>\n<div class=\"main-cross-sell\" data-asin=\"B0D2CNHP4T\">\n\n\t<div class=\"WooZone-cross-sell-loader\">\n\t\t<div>\n\t\t\t<div id=\"floatingBarsG\">\n\t\t\t\t<div class=\"blockG\" id=\"rotateG_01\"><\/div>\n\t\t\t\t<div class=\"blockG\" id=\"rotateG_02\"><\/div>\n\t\t\t\t<div class=\"blockG\" id=\"rotateG_03\"><\/div>\n\t\t\t\t<div class=\"blockG\" id=\"rotateG_04\"><\/div>\n\t\t\t\t<div class=\"blockG\" id=\"rotateG_05\"><\/div>\n\t\t\t\t<div class=\"blockG\" id=\"rotateG_06\"><\/div>\n\t\t\t\t<div class=\"blockG\" id=\"rotateG_07\"><\/div>\n\t\t\t\t<div class=\"blockG\" id=\"rotateG_08\"><\/div>\n\t\t\t<\/div>\n\t\t\t<div class=\"WooZone-cross-sell-loader-text\"><\/div>\n\t\t<\/div>\n\t<\/div>\n\n\t\t\n<\/div>\n<div style=\"clear:both;\"><\/div><\/p>\n","protected":false},"excerpt":{"rendered":"<p>\u2600\ufe0f\u30102024 Neue Verbesserte Lithium-Batterie,Heller und Stabiler\u3011:Diese Au\u00dfen Wetterfest Solar Lichterkette f\u00fcr den Au\u00dfenbereich verwendet Lithium-Batterien anstelle von Nickel-Zink-Batterien f\u00fcr hellere Gl\u00fchbirnen,stabilen Strom.Die Spezifikation f\u00fcr gro\u00dfe Solarmodule aus monokristallinem Silizium betr\u00e4gt 5V 200mAH.Die Batteriekapazit\u00e4t betr\u00e4gt bis zu 1200 mAh.Schnelle Umwandlung,starke Energiespeicherung.Sie k\u00f6nnen es f\u00fcr 10-12 Stunden nach dem Laden f\u00fcr nur 2-3 Stunden verwenden.<br \/>\n\u2600\ufe0f\u301060 Super Brilliant LED Leuchten\u3011:Unsere solar Lichterkette aussen verf\u00fcgen \u00fcber 60 hochwertige LED-Kristallkugeln,Der Durchmesser der Gl\u00fchbirne betr\u00e4gt 2.5 cm.Die von einer 39 ft\/12 m langen Schnur.Miteinander verbunden sind und damit l\u00e4nger sind als andere Solarleuchten. Ideal zur Schaffung einer gem\u00fctlichen Atmosph\u00e4re im Innen-oder Au\u00dfenbereich.Auch auf gr\u00f6\u00dfere Fl\u00e4chen anwendbar,schaffen Sie eine unvergessliche Lichtatmosph\u00e4re.<br \/>\n\u2600\ufe0f\u3010IP65 Wasserdicht und Langlebig\u3011:Lichterkette au\u00dfen solar aus hochwertigem ABS-Material und bestand IP65 wasserdicht.Die Dr\u00e4hte sind durch eine dunkelgr\u00fcne Folie gesch\u00fctzt, die nicht leicht rostet.Die Lichterketten k\u00f6nnen allen Witterungsbedingungen standhalten,auch bei starkem Regen und Schnee.<\/p>\n","protected":false},"featured_media":214295,"comment_status":"open","ping_status":"closed","template":"","meta":[],"product_brand":[],"product_cat":[2108,15622],"product_tag":[],"class_list":{"0":"post-214294","1":"product","2":"type-product","3":"status-publish","4":"has-post-thumbnail","6":"product_cat-beleuchtung","7":"product_cat-lichterketten","8":"pa_binding-werkzeug","9":"pa_brand-sonpen","10":"pa_manufacturer-sonpen","12":"first","13":"instock","14":"shipping-taxable","15":"purchasable","16":"product-type-simple","17":"customify-col","18":"product-has-gallery"},"yoast_head":"<!-- This site is optimized with the Yoast SEO plugin v27.4 - https:\/\/yoast.com\/product\/yoast-seo-wordpress\/ -->\n<title>SonPen Solar Lichterkette Aussen Outdoor,12M 60 LED Lichterkette Au\u00dfen Solar Wetterfest,8 Modi Garten Balkon Camping Beleuchtung Solar Lichterkette Kugeln, Solarlichterkette f\u00fcr Au\u00dfen &amp; Innen - Markt-XXL<\/title>\n<meta name=\"description\" content=\"Markt-XXL SonPen Solar Lichterkette Aussen Outdoor,12M 60 LED Lichterkette Au\u00dfen Solar Wetterfest,8 Modi Garten Balkon Camping Beleuchtung Solar Lichterkette Kugeln, Solarlichterkette f\u00fcr Au\u00dfen &amp; Innen\" \/>\n<meta name=\"robots\" content=\"index, follow, max-snippet:-1, max-image-preview:large, max-video-preview:-1\" \/>\n<link rel=\"canonical\" href=\"https:\/\/marktxxl.de\/markt\/produkt\/sonpen-solar-lichterkette-aussen-outdoor12m-60-led-lichterkette-aussen-solar-wetterfest8-modi-garten-balkon-camping-beleuchtung-solar-lichterkette-kugeln-solarlichterkette-fuer-aussen-innen\/\" \/>\n<meta property=\"og:locale\" content=\"de_DE\" \/>\n<meta property=\"og:type\" content=\"article\" \/>\n<meta property=\"og:title\" content=\"SonPen Solar Lichterkette Aussen Outdoor,12M 60 LED Lichterkette Au\u00dfen Solar Wetterfest,8 Modi Garten Balkon Camping Beleuchtung Solar Lichterkette Kugeln, Solarlichterkette f\u00fcr Au\u00dfen &amp; Innen - Markt-XXL\" \/>\n<meta property=\"og:description\" content=\"Markt-XXL SonPen Solar Lichterkette Aussen Outdoor,12M 60 LED Lichterkette Au\u00dfen Solar Wetterfest,8 Modi Garten Balkon Camping Beleuchtung Solar Lichterkette Kugeln, Solarlichterkette f\u00fcr Au\u00dfen &amp; Innen\" \/>\n<meta property=\"og:url\" content=\"https:\/\/marktxxl.de\/markt\/produkt\/sonpen-solar-lichterkette-aussen-outdoor12m-60-led-lichterkette-aussen-solar-wetterfest8-modi-garten-balkon-camping-beleuchtung-solar-lichterkette-kugeln-solarlichterkette-fuer-aussen-innen\/\" \/>\n<meta property=\"og:site_name\" content=\"Markt-XXL\" \/>\n<meta name=\"twitter:card\" content=\"summary_large_image\" \/>\n<meta name=\"twitter:label1\" content=\"Gesch\u00e4tzte Lesezeit\" \/>\n\t<meta name=\"twitter:data1\" content=\"1\u00a0Minute\" \/>\n<script type=\"application\/ld+json\" class=\"yoast-schema-graph\">{\"@context\":\"https:\\\/\\\/schema.org\",\"@graph\":[{\"@type\":\"WebPage\",\"@id\":\"https:\\\/\\\/marktxxl.de\\\/markt\\\/produkt\\\/sonpen-solar-lichterkette-aussen-outdoor12m-60-led-lichterkette-aussen-solar-wetterfest8-modi-garten-balkon-camping-beleuchtung-solar-lichterkette-kugeln-solarlichterkette-fuer-aussen-innen\\\/\",\"url\":\"https:\\\/\\\/marktxxl.de\\\/markt\\\/produkt\\\/sonpen-solar-lichterkette-aussen-outdoor12m-60-led-lichterkette-aussen-solar-wetterfest8-modi-garten-balkon-camping-beleuchtung-solar-lichterkette-kugeln-solarlichterkette-fuer-aussen-innen\\\/\",\"name\":\"SonPen Solar Lichterkette Aussen Outdoor,12M 60 LED Lichterkette Au\u00dfen Solar Wetterfest,8 Modi Garten Balkon Camping Beleuchtung Solar Lichterkette Kugeln, Solarlichterkette f\u00fcr Au\u00dfen &amp; Innen - Markt-XXL\",\"isPartOf\":{\"@id\":\"https:\\\/\\\/marktxxl.de\\\/markt\\\/#website\"},\"primaryImageOfPage\":{\"@id\":\"https:\\\/\\\/marktxxl.de\\\/markt\\\/produkt\\\/sonpen-solar-lichterkette-aussen-outdoor12m-60-led-lichterkette-aussen-solar-wetterfest8-modi-garten-balkon-camping-beleuchtung-solar-lichterkette-kugeln-solarlichterkette-fuer-aussen-innen\\\/#primaryimage\"},\"image\":{\"@id\":\"https:\\\/\\\/marktxxl.de\\\/markt\\\/produkt\\\/sonpen-solar-lichterkette-aussen-outdoor12m-60-led-lichterkette-aussen-solar-wetterfest8-modi-garten-balkon-camping-beleuchtung-solar-lichterkette-kugeln-solarlichterkette-fuer-aussen-innen\\\/#primaryimage\"},\"thumbnailUrl\":\"https:\\\/\\\/m.media-amazon.com\\\/images\\\/I\\\/51g8O181YlL._SL500_.jpg\",\"datePublished\":\"2024-06-28T21:18:35+00:00\",\"description\":\"Markt-XXL SonPen Solar Lichterkette Aussen Outdoor,12M 60 LED Lichterkette Au\u00dfen Solar Wetterfest,8 Modi Garten Balkon Camping Beleuchtung Solar Lichterkette Kugeln, Solarlichterkette f\u00fcr Au\u00dfen &amp; Innen\",\"breadcrumb\":{\"@id\":\"https:\\\/\\\/marktxxl.de\\\/markt\\\/produkt\\\/sonpen-solar-lichterkette-aussen-outdoor12m-60-led-lichterkette-aussen-solar-wetterfest8-modi-garten-balkon-camping-beleuchtung-solar-lichterkette-kugeln-solarlichterkette-fuer-aussen-innen\\\/#breadcrumb\"},\"inLanguage\":\"de\",\"potentialAction\":[{\"@type\":\"ReadAction\",\"target\":[\"https:\\\/\\\/marktxxl.de\\\/markt\\\/produkt\\\/sonpen-solar-lichterkette-aussen-outdoor12m-60-led-lichterkette-aussen-solar-wetterfest8-modi-garten-balkon-camping-beleuchtung-solar-lichterkette-kugeln-solarlichterkette-fuer-aussen-innen\\\/\"]}]},{\"@type\":\"ImageObject\",\"inLanguage\":\"de\",\"@id\":\"https:\\\/\\\/marktxxl.de\\\/markt\\\/produkt\\\/sonpen-solar-lichterkette-aussen-outdoor12m-60-led-lichterkette-aussen-solar-wetterfest8-modi-garten-balkon-camping-beleuchtung-solar-lichterkette-kugeln-solarlichterkette-fuer-aussen-innen\\\/#primaryimage\",\"url\":\"https:\\\/\\\/m.media-amazon.com\\\/images\\\/I\\\/51g8O181YlL._SL500_.jpg\",\"contentUrl\":\"https:\\\/\\\/m.media-amazon.com\\\/images\\\/I\\\/51g8O181YlL._SL500_.jpg\",\"width\":500,\"height\":500},{\"@type\":\"BreadcrumbList\",\"@id\":\"https:\\\/\\\/marktxxl.de\\\/markt\\\/produkt\\\/sonpen-solar-lichterkette-aussen-outdoor12m-60-led-lichterkette-aussen-solar-wetterfest8-modi-garten-balkon-camping-beleuchtung-solar-lichterkette-kugeln-solarlichterkette-fuer-aussen-innen\\\/#breadcrumb\",\"itemListElement\":[{\"@type\":\"ListItem\",\"position\":1,\"name\":\"Startseite\",\"item\":\"https:\\\/\\\/marktxxl.de\\\/markt\\\/\"},{\"@type\":\"ListItem\",\"position\":2,\"name\":\"Markt\",\"item\":\"https:\\\/\\\/marktxxl.de\\\/markt\\\/\"},{\"@type\":\"ListItem\",\"position\":3,\"name\":\"SonPen Solar Lichterkette Aussen Outdoor,12M 60 LED Lichterkette Au\u00dfen Solar Wetterfest,8 Modi Garten Balkon Camping Beleuchtung Solar Lichterkette Kugeln, Solarlichterkette f\u00fcr Au\u00dfen &amp; Innen\"}]},{\"@type\":\"WebSite\",\"@id\":\"https:\\\/\\\/marktxxl.de\\\/markt\\\/#website\",\"url\":\"https:\\\/\\\/marktxxl.de\\\/markt\\\/\",\"name\":\"Markt-XXL\",\"description\":\"Ihr Markt Online\",\"publisher\":{\"@id\":\"https:\\\/\\\/marktxxl.de\\\/markt\\\/#organization\"},\"potentialAction\":[{\"@type\":\"SearchAction\",\"target\":{\"@type\":\"EntryPoint\",\"urlTemplate\":\"https:\\\/\\\/marktxxl.de\\\/markt\\\/?s={search_term_string}\"},\"query-input\":{\"@type\":\"PropertyValueSpecification\",\"valueRequired\":true,\"valueName\":\"search_term_string\"}}],\"inLanguage\":\"de\"},{\"@type\":\"Organization\",\"@id\":\"https:\\\/\\\/marktxxl.de\\\/markt\\\/#organization\",\"name\":\"Markt-XXL\",\"url\":\"https:\\\/\\\/marktxxl.de\\\/markt\\\/\",\"logo\":{\"@type\":\"ImageObject\",\"inLanguage\":\"de\",\"@id\":\"https:\\\/\\\/marktxxl.de\\\/markt\\\/#\\\/schema\\\/logo\\\/image\\\/\",\"url\":\"https:\\\/\\\/marktxxl.de\\\/markt\\\/wp-content\\\/uploads\\\/sites\\\/3\\\/2020\\\/12\\\/logo.png\",\"contentUrl\":\"https:\\\/\\\/marktxxl.de\\\/markt\\\/wp-content\\\/uploads\\\/sites\\\/3\\\/2020\\\/12\\\/logo.png\",\"width\":200,\"height\":70,\"caption\":\"Markt-XXL\"},\"image\":{\"@id\":\"https:\\\/\\\/marktxxl.de\\\/markt\\\/#\\\/schema\\\/logo\\\/image\\\/\"}}]}<\/script>\n<!-- \/ Yoast SEO plugin. -->","yoast_head_json":{"title":"SonPen Solar Lichterkette Aussen Outdoor,12M 60 LED Lichterkette Au\u00dfen Solar Wetterfest,8 Modi Garten Balkon Camping Beleuchtung Solar Lichterkette Kugeln, Solarlichterkette f\u00fcr Au\u00dfen &amp; Innen - Markt-XXL","description":"Markt-XXL SonPen Solar Lichterkette Aussen Outdoor,12M 60 LED Lichterkette Au\u00dfen Solar Wetterfest,8 Modi Garten Balkon Camping Beleuchtung Solar Lichterkette Kugeln, Solarlichterkette f\u00fcr Au\u00dfen &amp; Innen","robots":{"index":"index","follow":"follow","max-snippet":"max-snippet:-1","max-image-preview":"max-image-preview:large","max-video-preview":"max-video-preview:-1"},"canonical":"https:\/\/marktxxl.de\/markt\/produkt\/sonpen-solar-lichterkette-aussen-outdoor12m-60-led-lichterkette-aussen-solar-wetterfest8-modi-garten-balkon-camping-beleuchtung-solar-lichterkette-kugeln-solarlichterkette-fuer-aussen-innen\/","og_locale":"de_DE","og_type":"article","og_title":"SonPen Solar Lichterkette Aussen Outdoor,12M 60 LED Lichterkette Au\u00dfen Solar Wetterfest,8 Modi Garten Balkon Camping Beleuchtung Solar Lichterkette Kugeln, Solarlichterkette f\u00fcr Au\u00dfen &amp; Innen - Markt-XXL","og_description":"Markt-XXL SonPen Solar Lichterkette Aussen Outdoor,12M 60 LED Lichterkette Au\u00dfen Solar Wetterfest,8 Modi Garten Balkon Camping Beleuchtung Solar Lichterkette Kugeln, Solarlichterkette f\u00fcr Au\u00dfen &amp; Innen","og_url":"https:\/\/marktxxl.de\/markt\/produkt\/sonpen-solar-lichterkette-aussen-outdoor12m-60-led-lichterkette-aussen-solar-wetterfest8-modi-garten-balkon-camping-beleuchtung-solar-lichterkette-kugeln-solarlichterkette-fuer-aussen-innen\/","og_site_name":"Markt-XXL","twitter_card":"summary_large_image","twitter_misc":{"Gesch\u00e4tzte Lesezeit":"1\u00a0Minute"},"schema":{"@context":"https:\/\/schema.org","@graph":[{"@type":"WebPage","@id":"https:\/\/marktxxl.de\/markt\/produkt\/sonpen-solar-lichterkette-aussen-outdoor12m-60-led-lichterkette-aussen-solar-wetterfest8-modi-garten-balkon-camping-beleuchtung-solar-lichterkette-kugeln-solarlichterkette-fuer-aussen-innen\/","url":"https:\/\/marktxxl.de\/markt\/produkt\/sonpen-solar-lichterkette-aussen-outdoor12m-60-led-lichterkette-aussen-solar-wetterfest8-modi-garten-balkon-camping-beleuchtung-solar-lichterkette-kugeln-solarlichterkette-fuer-aussen-innen\/","name":"SonPen Solar Lichterkette Aussen Outdoor,12M 60 LED Lichterkette Au\u00dfen Solar Wetterfest,8 Modi Garten Balkon Camping Beleuchtung Solar Lichterkette Kugeln, Solarlichterkette f\u00fcr Au\u00dfen &amp; Innen - Markt-XXL","isPartOf":{"@id":"https:\/\/marktxxl.de\/markt\/#website"},"primaryImageOfPage":{"@id":"https:\/\/marktxxl.de\/markt\/produkt\/sonpen-solar-lichterkette-aussen-outdoor12m-60-led-lichterkette-aussen-solar-wetterfest8-modi-garten-balkon-camping-beleuchtung-solar-lichterkette-kugeln-solarlichterkette-fuer-aussen-innen\/#primaryimage"},"image":{"@id":"https:\/\/marktxxl.de\/markt\/produkt\/sonpen-solar-lichterkette-aussen-outdoor12m-60-led-lichterkette-aussen-solar-wetterfest8-modi-garten-balkon-camping-beleuchtung-solar-lichterkette-kugeln-solarlichterkette-fuer-aussen-innen\/#primaryimage"},"thumbnailUrl":"https:\/\/m.media-amazon.com\/images\/I\/51g8O181YlL._SL500_.jpg","datePublished":"2024-06-28T21:18:35+00:00","description":"Markt-XXL SonPen Solar Lichterkette Aussen Outdoor,12M 60 LED Lichterkette Au\u00dfen Solar Wetterfest,8 Modi Garten Balkon Camping Beleuchtung Solar Lichterkette Kugeln, Solarlichterkette f\u00fcr Au\u00dfen &amp; Innen","breadcrumb":{"@id":"https:\/\/marktxxl.de\/markt\/produkt\/sonpen-solar-lichterkette-aussen-outdoor12m-60-led-lichterkette-aussen-solar-wetterfest8-modi-garten-balkon-camping-beleuchtung-solar-lichterkette-kugeln-solarlichterkette-fuer-aussen-innen\/#breadcrumb"},"inLanguage":"de","potentialAction":[{"@type":"ReadAction","target":["https:\/\/marktxxl.de\/markt\/produkt\/sonpen-solar-lichterkette-aussen-outdoor12m-60-led-lichterkette-aussen-solar-wetterfest8-modi-garten-balkon-camping-beleuchtung-solar-lichterkette-kugeln-solarlichterkette-fuer-aussen-innen\/"]}]},{"@type":"ImageObject","inLanguage":"de","@id":"https:\/\/marktxxl.de\/markt\/produkt\/sonpen-solar-lichterkette-aussen-outdoor12m-60-led-lichterkette-aussen-solar-wetterfest8-modi-garten-balkon-camping-beleuchtung-solar-lichterkette-kugeln-solarlichterkette-fuer-aussen-innen\/#primaryimage","url":"https:\/\/m.media-amazon.com\/images\/I\/51g8O181YlL._SL500_.jpg","contentUrl":"https:\/\/m.media-amazon.com\/images\/I\/51g8O181YlL._SL500_.jpg","width":500,"height":500},{"@type":"BreadcrumbList","@id":"https:\/\/marktxxl.de\/markt\/produkt\/sonpen-solar-lichterkette-aussen-outdoor12m-60-led-lichterkette-aussen-solar-wetterfest8-modi-garten-balkon-camping-beleuchtung-solar-lichterkette-kugeln-solarlichterkette-fuer-aussen-innen\/#breadcrumb","itemListElement":[{"@type":"ListItem","position":1,"name":"Startseite","item":"https:\/\/marktxxl.de\/markt\/"},{"@type":"ListItem","position":2,"name":"Markt","item":"https:\/\/marktxxl.de\/markt\/"},{"@type":"ListItem","position":3,"name":"SonPen Solar Lichterkette Aussen Outdoor,12M 60 LED Lichterkette Au\u00dfen Solar Wetterfest,8 Modi Garten Balkon Camping Beleuchtung Solar Lichterkette Kugeln, Solarlichterkette f\u00fcr Au\u00dfen &amp; Innen"}]},{"@type":"WebSite","@id":"https:\/\/marktxxl.de\/markt\/#website","url":"https:\/\/marktxxl.de\/markt\/","name":"Markt-XXL","description":"Ihr Markt Online","publisher":{"@id":"https:\/\/marktxxl.de\/markt\/#organization"},"potentialAction":[{"@type":"SearchAction","target":{"@type":"EntryPoint","urlTemplate":"https:\/\/marktxxl.de\/markt\/?s={search_term_string}"},"query-input":{"@type":"PropertyValueSpecification","valueRequired":true,"valueName":"search_term_string"}}],"inLanguage":"de"},{"@type":"Organization","@id":"https:\/\/marktxxl.de\/markt\/#organization","name":"Markt-XXL","url":"https:\/\/marktxxl.de\/markt\/","logo":{"@type":"ImageObject","inLanguage":"de","@id":"https:\/\/marktxxl.de\/markt\/#\/schema\/logo\/image\/","url":"https:\/\/marktxxl.de\/markt\/wp-content\/uploads\/sites\/3\/2020\/12\/logo.png","contentUrl":"https:\/\/marktxxl.de\/markt\/wp-content\/uploads\/sites\/3\/2020\/12\/logo.png","width":200,"height":70,"caption":"Markt-XXL"},"image":{"@id":"https:\/\/marktxxl.de\/markt\/#\/schema\/logo\/image\/"}}]}},"_links":{"self":[{"href":"https:\/\/marktxxl.de\/markt\/wp-json\/wp\/v2\/product\/214294","targetHints":{"allow":["GET"]}}],"collection":[{"href":"https:\/\/marktxxl.de\/markt\/wp-json\/wp\/v2\/product"}],"about":[{"href":"https:\/\/marktxxl.de\/markt\/wp-json\/wp\/v2\/types\/product"}],"replies":[{"embeddable":true,"href":"https:\/\/marktxxl.de\/markt\/wp-json\/wp\/v2\/comments?post=214294"}],"wp:featuredmedia":[{"embeddable":true,"href":"https:\/\/marktxxl.de\/markt\/wp-json\/wp\/v2\/media\/214295"}],"wp:attachment":[{"href":"https:\/\/marktxxl.de\/markt\/wp-json\/wp\/v2\/media?parent=214294"}],"wp:term":[{"taxonomy":"product_brand","embeddable":true,"href":"https:\/\/marktxxl.de\/markt\/wp-json\/wp\/v2\/product_brand?post=214294"},{"taxonomy":"product_cat","embeddable":true,"href":"https:\/\/marktxxl.de\/markt\/wp-json\/wp\/v2\/product_cat?post=214294"},{"taxonomy":"product_tag","embeddable":true,"href":"https:\/\/marktxxl.de\/markt\/wp-json\/wp\/v2\/product_tag?post=214294"}],"curies":[{"name":"wp","href":"https:\/\/api.w.org\/{rel}","templated":true}]}}