{"id":214265,"date":"2024-06-28T22:56:33","date_gmt":"2024-06-28T20:56:33","guid":{"rendered":"https:\/\/marktxxl.de\/markt\/produkt\/gilde-tisch-leuchte-tischlampe-dekolampe-voegel-auf-baum-aus-edlem-porzellan-mit-lochmuster-h-20-cm\/"},"modified":"2024-06-28T22:56:33","modified_gmt":"2024-06-28T20:56:33","slug":"gilde-tisch-leuchte-tischlampe-dekolampe-voegel-auf-baum-aus-edlem-porzellan-mit-lochmuster-h-20-cm","status":"publish","type":"product","link":"https:\/\/marktxxl.de\/markt\/produkt\/gilde-tisch-leuchte-tischlampe-dekolampe-voegel-auf-baum-aus-edlem-porzellan-mit-lochmuster-h-20-cm\/","title":{"rendered":"GILDE Tisch Leuchte Tischlampe Dekolampe V\u00f6gel auf Baum &#8211; aus edlem Porzellan mit Lochmuster H 20 cm"},"content":{"rendered":"<p>Das stimmungsvolle Licht bringt Gem\u00fctlichkeit in Ihre vier W\u00e4nde. Ob im Eingangs- oder Wohnbereich: die wei\u00dfe Prickellampe aus Porzellan bereichert Ihre vier W\u00e4nde mit einer behaglichen Atmosph\u00e4re<br \/>\nIm angeschalteten Zustand erstrahlt das Muster durch das warme Licht sehr deutlich. Das Licht wird durch das Motiv und die P\u00fcnktchen geworfen und zaubert so ein liebevolles Muster an Ihre W\u00e4nde.<br \/>\nMit Lichtschalter am Anschlu\u00dfkabel zum An- und Ausschalten. Die Fassungsgr\u00f6\u00dfe ist der Norm E14 entsprechend. Das Leuchtmittel sollte 40 Watt nicht \u00fcberschreiten &#8211; Lieferung ohne Leuchtmittel.<br \/>\nDie stilvolle Porzellanlampe besticht durch das wundersch\u00f6ne ausgestanzte Muster. Die ovale Form macht diese Leuchte zu einem wundersch\u00f6nen und einem zeitlosen Einrichtungsgegenstand<br \/>\nSch\u00f6nes Geschenk f\u00fcr die Frau, den Mann, Oma und Opa, die beste Freundin, den besten Freund zu verschiedenen Anl\u00e4ssen wie z.B. Geburtstag, Hochzeit, Jubil\u00e4um, Weihnachten, Muttertag oder Vatertag.<br \/>\n<div class=\"main-cross-sell\" data-asin=\"B014RJQP4O\">\n\n\t<div class=\"WooZone-cross-sell-loader\">\n\t\t<div>\n\t\t\t<div id=\"floatingBarsG\">\n\t\t\t\t<div class=\"blockG\" id=\"rotateG_01\"><\/div>\n\t\t\t\t<div class=\"blockG\" id=\"rotateG_02\"><\/div>\n\t\t\t\t<div class=\"blockG\" id=\"rotateG_03\"><\/div>\n\t\t\t\t<div class=\"blockG\" id=\"rotateG_04\"><\/div>\n\t\t\t\t<div class=\"blockG\" id=\"rotateG_05\"><\/div>\n\t\t\t\t<div class=\"blockG\" id=\"rotateG_06\"><\/div>\n\t\t\t\t<div class=\"blockG\" id=\"rotateG_07\"><\/div>\n\t\t\t\t<div class=\"blockG\" id=\"rotateG_08\"><\/div>\n\t\t\t<\/div>\n\t\t\t<div class=\"WooZone-cross-sell-loader-text\"><\/div>\n\t\t<\/div>\n\t<\/div>\n\n\t\t\n<\/div>\n<div style=\"clear:both;\"><\/div><\/p>\n","protected":false},"excerpt":{"rendered":"<p>Das stimmungsvolle Licht bringt Gem\u00fctlichkeit in Ihre vier W\u00e4nde. Ob im Eingangs- oder Wohnbereich: die wei\u00dfe Prickellampe aus Porzellan bereichert Ihre vier W\u00e4nde mit einer behaglichen Atmosph\u00e4re<br \/>\nIm angeschalteten Zustand erstrahlt das Muster durch das warme Licht sehr deutlich. Das Licht wird durch das Motiv und die P\u00fcnktchen geworfen und zaubert so ein liebevolles Muster an Ihre W\u00e4nde.<br \/>\nMit Lichtschalter am Anschlu\u00dfkabel zum An- und Ausschalten. Die Fassungsgr\u00f6\u00dfe ist der Norm E14 entsprechend. Das Leuchtmittel sollte 40 Watt nicht \u00fcberschreiten &#8211; Lieferung ohne Leuchtmittel.<\/p>\n","protected":false},"featured_media":214266,"comment_status":"open","ping_status":"closed","template":"","meta":[],"product_brand":[],"product_cat":[2108,11509],"product_tag":[],"class_list":{"0":"post-214265","1":"product","2":"type-product","3":"status-publish","4":"has-post-thumbnail","6":"product_cat-beleuchtung","7":"product_cat-innenbeleuchtung","8":"pa_binding-haushaltswaren","9":"pa_brand-gilde","10":"pa_color-weiss","11":"pa_height-7-87401574-zoll","12":"pa_length-4-1338582635-zoll","13":"pa_manufacturer-gildehandwerk-macrander","14":"pa_model-54013","15":"pa_size-hoehe-20-cm","16":"pa_weight-1-763698096-pounds","17":"pa_width-6-4960629855-zoll","19":"first","20":"instock","21":"sale","22":"shipping-taxable","23":"purchasable","24":"product-type-simple","25":"customify-col","26":"product-has-gallery"},"yoast_head":"<!-- This site is optimized with the Yoast SEO plugin v27.4 - https:\/\/yoast.com\/product\/yoast-seo-wordpress\/ -->\n<title>GILDE Tisch Leuchte Tischlampe Dekolampe V\u00f6gel auf Baum - aus edlem Porzellan mit Lochmuster H 20 cm - Markt-XXL<\/title>\n<meta name=\"description\" content=\"Markt-XXL GILDE Tisch Leuchte Tischlampe Dekolampe V\u00f6gel auf Baum - aus edlem Porzellan mit Lochmuster H 20 cm\" \/>\n<meta name=\"robots\" content=\"index, follow, max-snippet:-1, max-image-preview:large, max-video-preview:-1\" \/>\n<link rel=\"canonical\" href=\"https:\/\/marktxxl.de\/markt\/produkt\/gilde-tisch-leuchte-tischlampe-dekolampe-voegel-auf-baum-aus-edlem-porzellan-mit-lochmuster-h-20-cm\/\" \/>\n<meta property=\"og:locale\" content=\"de_DE\" \/>\n<meta property=\"og:type\" content=\"article\" \/>\n<meta property=\"og:title\" content=\"GILDE Tisch Leuchte Tischlampe Dekolampe V\u00f6gel auf Baum - aus edlem Porzellan mit Lochmuster H 20 cm - Markt-XXL\" \/>\n<meta property=\"og:description\" content=\"Markt-XXL GILDE Tisch Leuchte Tischlampe Dekolampe V\u00f6gel auf Baum - aus edlem Porzellan mit Lochmuster H 20 cm\" \/>\n<meta property=\"og:url\" content=\"https:\/\/marktxxl.de\/markt\/produkt\/gilde-tisch-leuchte-tischlampe-dekolampe-voegel-auf-baum-aus-edlem-porzellan-mit-lochmuster-h-20-cm\/\" \/>\n<meta property=\"og:site_name\" content=\"Markt-XXL\" \/>\n<meta name=\"twitter:card\" content=\"summary_large_image\" \/>\n<meta name=\"twitter:label1\" content=\"Gesch\u00e4tzte Lesezeit\" \/>\n\t<meta name=\"twitter:data1\" content=\"1\u00a0Minute\" \/>\n<script type=\"application\/ld+json\" class=\"yoast-schema-graph\">{\"@context\":\"https:\\\/\\\/schema.org\",\"@graph\":[{\"@type\":\"WebPage\",\"@id\":\"https:\\\/\\\/marktxxl.de\\\/markt\\\/produkt\\\/gilde-tisch-leuchte-tischlampe-dekolampe-voegel-auf-baum-aus-edlem-porzellan-mit-lochmuster-h-20-cm\\\/\",\"url\":\"https:\\\/\\\/marktxxl.de\\\/markt\\\/produkt\\\/gilde-tisch-leuchte-tischlampe-dekolampe-voegel-auf-baum-aus-edlem-porzellan-mit-lochmuster-h-20-cm\\\/\",\"name\":\"GILDE Tisch Leuchte Tischlampe Dekolampe V\u00f6gel auf Baum - aus edlem Porzellan mit Lochmuster H 20 cm - Markt-XXL\",\"isPartOf\":{\"@id\":\"https:\\\/\\\/marktxxl.de\\\/markt\\\/#website\"},\"primaryImageOfPage\":{\"@id\":\"https:\\\/\\\/marktxxl.de\\\/markt\\\/produkt\\\/gilde-tisch-leuchte-tischlampe-dekolampe-voegel-auf-baum-aus-edlem-porzellan-mit-lochmuster-h-20-cm\\\/#primaryimage\"},\"image\":{\"@id\":\"https:\\\/\\\/marktxxl.de\\\/markt\\\/produkt\\\/gilde-tisch-leuchte-tischlampe-dekolampe-voegel-auf-baum-aus-edlem-porzellan-mit-lochmuster-h-20-cm\\\/#primaryimage\"},\"thumbnailUrl\":\"https:\\\/\\\/m.media-amazon.com\\\/images\\\/I\\\/31BqlfSa88L._SL500_.jpg\",\"datePublished\":\"2024-06-28T20:56:33+00:00\",\"description\":\"Markt-XXL GILDE Tisch Leuchte Tischlampe Dekolampe V\u00f6gel auf Baum - aus edlem Porzellan mit Lochmuster H 20 cm\",\"breadcrumb\":{\"@id\":\"https:\\\/\\\/marktxxl.de\\\/markt\\\/produkt\\\/gilde-tisch-leuchte-tischlampe-dekolampe-voegel-auf-baum-aus-edlem-porzellan-mit-lochmuster-h-20-cm\\\/#breadcrumb\"},\"inLanguage\":\"de\",\"potentialAction\":[{\"@type\":\"ReadAction\",\"target\":[\"https:\\\/\\\/marktxxl.de\\\/markt\\\/produkt\\\/gilde-tisch-leuchte-tischlampe-dekolampe-voegel-auf-baum-aus-edlem-porzellan-mit-lochmuster-h-20-cm\\\/\"]}]},{\"@type\":\"ImageObject\",\"inLanguage\":\"de\",\"@id\":\"https:\\\/\\\/marktxxl.de\\\/markt\\\/produkt\\\/gilde-tisch-leuchte-tischlampe-dekolampe-voegel-auf-baum-aus-edlem-porzellan-mit-lochmuster-h-20-cm\\\/#primaryimage\",\"url\":\"https:\\\/\\\/m.media-amazon.com\\\/images\\\/I\\\/31BqlfSa88L._SL500_.jpg\",\"contentUrl\":\"https:\\\/\\\/m.media-amazon.com\\\/images\\\/I\\\/31BqlfSa88L._SL500_.jpg\",\"width\":444,\"height\":500},{\"@type\":\"BreadcrumbList\",\"@id\":\"https:\\\/\\\/marktxxl.de\\\/markt\\\/produkt\\\/gilde-tisch-leuchte-tischlampe-dekolampe-voegel-auf-baum-aus-edlem-porzellan-mit-lochmuster-h-20-cm\\\/#breadcrumb\",\"itemListElement\":[{\"@type\":\"ListItem\",\"position\":1,\"name\":\"Startseite\",\"item\":\"https:\\\/\\\/marktxxl.de\\\/markt\\\/\"},{\"@type\":\"ListItem\",\"position\":2,\"name\":\"Markt\",\"item\":\"https:\\\/\\\/marktxxl.de\\\/markt\\\/\"},{\"@type\":\"ListItem\",\"position\":3,\"name\":\"GILDE Tisch Leuchte Tischlampe Dekolampe V\u00f6gel auf Baum &#8211; aus edlem Porzellan mit Lochmuster H 20 cm\"}]},{\"@type\":\"WebSite\",\"@id\":\"https:\\\/\\\/marktxxl.de\\\/markt\\\/#website\",\"url\":\"https:\\\/\\\/marktxxl.de\\\/markt\\\/\",\"name\":\"Markt-XXL\",\"description\":\"Ihr Markt Online\",\"publisher\":{\"@id\":\"https:\\\/\\\/marktxxl.de\\\/markt\\\/#organization\"},\"potentialAction\":[{\"@type\":\"SearchAction\",\"target\":{\"@type\":\"EntryPoint\",\"urlTemplate\":\"https:\\\/\\\/marktxxl.de\\\/markt\\\/?s={search_term_string}\"},\"query-input\":{\"@type\":\"PropertyValueSpecification\",\"valueRequired\":true,\"valueName\":\"search_term_string\"}}],\"inLanguage\":\"de\"},{\"@type\":\"Organization\",\"@id\":\"https:\\\/\\\/marktxxl.de\\\/markt\\\/#organization\",\"name\":\"Markt-XXL\",\"url\":\"https:\\\/\\\/marktxxl.de\\\/markt\\\/\",\"logo\":{\"@type\":\"ImageObject\",\"inLanguage\":\"de\",\"@id\":\"https:\\\/\\\/marktxxl.de\\\/markt\\\/#\\\/schema\\\/logo\\\/image\\\/\",\"url\":\"https:\\\/\\\/marktxxl.de\\\/markt\\\/wp-content\\\/uploads\\\/sites\\\/3\\\/2020\\\/12\\\/logo.png\",\"contentUrl\":\"https:\\\/\\\/marktxxl.de\\\/markt\\\/wp-content\\\/uploads\\\/sites\\\/3\\\/2020\\\/12\\\/logo.png\",\"width\":200,\"height\":70,\"caption\":\"Markt-XXL\"},\"image\":{\"@id\":\"https:\\\/\\\/marktxxl.de\\\/markt\\\/#\\\/schema\\\/logo\\\/image\\\/\"}}]}<\/script>\n<!-- \/ Yoast SEO plugin. -->","yoast_head_json":{"title":"GILDE Tisch Leuchte Tischlampe Dekolampe V\u00f6gel auf Baum - aus edlem Porzellan mit Lochmuster H 20 cm - Markt-XXL","description":"Markt-XXL GILDE Tisch Leuchte Tischlampe Dekolampe V\u00f6gel auf Baum - aus edlem Porzellan mit Lochmuster H 20 cm","robots":{"index":"index","follow":"follow","max-snippet":"max-snippet:-1","max-image-preview":"max-image-preview:large","max-video-preview":"max-video-preview:-1"},"canonical":"https:\/\/marktxxl.de\/markt\/produkt\/gilde-tisch-leuchte-tischlampe-dekolampe-voegel-auf-baum-aus-edlem-porzellan-mit-lochmuster-h-20-cm\/","og_locale":"de_DE","og_type":"article","og_title":"GILDE Tisch Leuchte Tischlampe Dekolampe V\u00f6gel auf Baum - aus edlem Porzellan mit Lochmuster H 20 cm - Markt-XXL","og_description":"Markt-XXL GILDE Tisch Leuchte Tischlampe Dekolampe V\u00f6gel auf Baum - aus edlem Porzellan mit Lochmuster H 20 cm","og_url":"https:\/\/marktxxl.de\/markt\/produkt\/gilde-tisch-leuchte-tischlampe-dekolampe-voegel-auf-baum-aus-edlem-porzellan-mit-lochmuster-h-20-cm\/","og_site_name":"Markt-XXL","twitter_card":"summary_large_image","twitter_misc":{"Gesch\u00e4tzte Lesezeit":"1\u00a0Minute"},"schema":{"@context":"https:\/\/schema.org","@graph":[{"@type":"WebPage","@id":"https:\/\/marktxxl.de\/markt\/produkt\/gilde-tisch-leuchte-tischlampe-dekolampe-voegel-auf-baum-aus-edlem-porzellan-mit-lochmuster-h-20-cm\/","url":"https:\/\/marktxxl.de\/markt\/produkt\/gilde-tisch-leuchte-tischlampe-dekolampe-voegel-auf-baum-aus-edlem-porzellan-mit-lochmuster-h-20-cm\/","name":"GILDE Tisch Leuchte Tischlampe Dekolampe V\u00f6gel auf Baum - aus edlem Porzellan mit Lochmuster H 20 cm - Markt-XXL","isPartOf":{"@id":"https:\/\/marktxxl.de\/markt\/#website"},"primaryImageOfPage":{"@id":"https:\/\/marktxxl.de\/markt\/produkt\/gilde-tisch-leuchte-tischlampe-dekolampe-voegel-auf-baum-aus-edlem-porzellan-mit-lochmuster-h-20-cm\/#primaryimage"},"image":{"@id":"https:\/\/marktxxl.de\/markt\/produkt\/gilde-tisch-leuchte-tischlampe-dekolampe-voegel-auf-baum-aus-edlem-porzellan-mit-lochmuster-h-20-cm\/#primaryimage"},"thumbnailUrl":"https:\/\/m.media-amazon.com\/images\/I\/31BqlfSa88L._SL500_.jpg","datePublished":"2024-06-28T20:56:33+00:00","description":"Markt-XXL GILDE Tisch Leuchte Tischlampe Dekolampe V\u00f6gel auf Baum - aus edlem Porzellan mit Lochmuster H 20 cm","breadcrumb":{"@id":"https:\/\/marktxxl.de\/markt\/produkt\/gilde-tisch-leuchte-tischlampe-dekolampe-voegel-auf-baum-aus-edlem-porzellan-mit-lochmuster-h-20-cm\/#breadcrumb"},"inLanguage":"de","potentialAction":[{"@type":"ReadAction","target":["https:\/\/marktxxl.de\/markt\/produkt\/gilde-tisch-leuchte-tischlampe-dekolampe-voegel-auf-baum-aus-edlem-porzellan-mit-lochmuster-h-20-cm\/"]}]},{"@type":"ImageObject","inLanguage":"de","@id":"https:\/\/marktxxl.de\/markt\/produkt\/gilde-tisch-leuchte-tischlampe-dekolampe-voegel-auf-baum-aus-edlem-porzellan-mit-lochmuster-h-20-cm\/#primaryimage","url":"https:\/\/m.media-amazon.com\/images\/I\/31BqlfSa88L._SL500_.jpg","contentUrl":"https:\/\/m.media-amazon.com\/images\/I\/31BqlfSa88L._SL500_.jpg","width":444,"height":500},{"@type":"BreadcrumbList","@id":"https:\/\/marktxxl.de\/markt\/produkt\/gilde-tisch-leuchte-tischlampe-dekolampe-voegel-auf-baum-aus-edlem-porzellan-mit-lochmuster-h-20-cm\/#breadcrumb","itemListElement":[{"@type":"ListItem","position":1,"name":"Startseite","item":"https:\/\/marktxxl.de\/markt\/"},{"@type":"ListItem","position":2,"name":"Markt","item":"https:\/\/marktxxl.de\/markt\/"},{"@type":"ListItem","position":3,"name":"GILDE Tisch Leuchte Tischlampe Dekolampe V\u00f6gel auf Baum &#8211; aus edlem Porzellan mit Lochmuster H 20 cm"}]},{"@type":"WebSite","@id":"https:\/\/marktxxl.de\/markt\/#website","url":"https:\/\/marktxxl.de\/markt\/","name":"Markt-XXL","description":"Ihr Markt Online","publisher":{"@id":"https:\/\/marktxxl.de\/markt\/#organization"},"potentialAction":[{"@type":"SearchAction","target":{"@type":"EntryPoint","urlTemplate":"https:\/\/marktxxl.de\/markt\/?s={search_term_string}"},"query-input":{"@type":"PropertyValueSpecification","valueRequired":true,"valueName":"search_term_string"}}],"inLanguage":"de"},{"@type":"Organization","@id":"https:\/\/marktxxl.de\/markt\/#organization","name":"Markt-XXL","url":"https:\/\/marktxxl.de\/markt\/","logo":{"@type":"ImageObject","inLanguage":"de","@id":"https:\/\/marktxxl.de\/markt\/#\/schema\/logo\/image\/","url":"https:\/\/marktxxl.de\/markt\/wp-content\/uploads\/sites\/3\/2020\/12\/logo.png","contentUrl":"https:\/\/marktxxl.de\/markt\/wp-content\/uploads\/sites\/3\/2020\/12\/logo.png","width":200,"height":70,"caption":"Markt-XXL"},"image":{"@id":"https:\/\/marktxxl.de\/markt\/#\/schema\/logo\/image\/"}}]}},"_links":{"self":[{"href":"https:\/\/marktxxl.de\/markt\/wp-json\/wp\/v2\/product\/214265","targetHints":{"allow":["GET"]}}],"collection":[{"href":"https:\/\/marktxxl.de\/markt\/wp-json\/wp\/v2\/product"}],"about":[{"href":"https:\/\/marktxxl.de\/markt\/wp-json\/wp\/v2\/types\/product"}],"replies":[{"embeddable":true,"href":"https:\/\/marktxxl.de\/markt\/wp-json\/wp\/v2\/comments?post=214265"}],"wp:featuredmedia":[{"embeddable":true,"href":"https:\/\/marktxxl.de\/markt\/wp-json\/wp\/v2\/media\/214266"}],"wp:attachment":[{"href":"https:\/\/marktxxl.de\/markt\/wp-json\/wp\/v2\/media?parent=214265"}],"wp:term":[{"taxonomy":"product_brand","embeddable":true,"href":"https:\/\/marktxxl.de\/markt\/wp-json\/wp\/v2\/product_brand?post=214265"},{"taxonomy":"product_cat","embeddable":true,"href":"https:\/\/marktxxl.de\/markt\/wp-json\/wp\/v2\/product_cat?post=214265"},{"taxonomy":"product_tag","embeddable":true,"href":"https:\/\/marktxxl.de\/markt\/wp-json\/wp\/v2\/product_tag?post=214265"}],"curies":[{"name":"wp","href":"https:\/\/api.w.org\/{rel}","templated":true}]}}