{"id":214255,"date":"2024-06-28T22:56:18","date_gmt":"2024-06-28T20:56:18","guid":{"rendered":"https:\/\/marktxxl.de\/markt\/produkt\/lilatec-monitorlampe-doppelkopf-schreibtischlampe-led-dimmbar-20w-90schwenkbar-verschiedene-beleuchtungsmodi-klemmbar-schwanenhals-buero-tischlampe-augenschutz-arbeitsplatzleuchte-schwarz\/"},"modified":"2024-06-28T22:56:18","modified_gmt":"2024-06-28T20:56:18","slug":"lilatec-monitorlampe-doppelkopf-schreibtischlampe-led-dimmbar-20w-90schwenkbar-verschiedene-beleuchtungsmodi-klemmbar-schwanenhals-buero-tischlampe-augenschutz-arbeitsplatzleuchte-schwarz","status":"publish","type":"product","link":"https:\/\/marktxxl.de\/markt\/produkt\/lilatec-monitorlampe-doppelkopf-schreibtischlampe-led-dimmbar-20w-90schwenkbar-verschiedene-beleuchtungsmodi-klemmbar-schwanenhals-buero-tischlampe-augenschutz-arbeitsplatzleuchte-schwarz\/","title":{"rendered":"LiLaTec Monitorlampe Doppelkopf Schreibtischlampe LED Dimmbar, 20W, 90\u00b0schwenkbar, verschiedene Beleuchtungsmodi, Klemmbar, Schwanenhals B\u00fcro Tischlampe Augenschutz Arbeitsplatzleuchte, schwarz"},"content":{"rendered":"<p>\u2705 Ultrabreit &amp; Leuchtstark: Die verstellbaren, doppelten Lampenk\u00f6pfe dieser Monitorlampe k\u00f6nnen auf eine Gesamtbreite von 80cm ausgeklappt werden. Somit k\u00f6nnen auch problemlos mehrere Monitore auf dem Schreibtisch optimal ausgeleuchtet werden.<br \/>\n\u2705 Entblendungs-Lippe: Ausgestattet mit einer innovativen Entblendungs-Lippe blendet und st\u00f6rt die Monitorlampe nicht beim Arbeiten. Sie k\u00f6nnen sich voll und ganz ohne St\u00f6rung Ihrer Arbeit widmen.<br \/>\n\u2705 360\u00b0 flexibel einstellbar: Der biegbare Schwanenhals erm\u00f6glicht eine maximale Einstellh\u00f6he von 65cm, womit Sie \u00fcber alle g\u00e4ngigen Monitore kommen. Die Klemme ist montierbar an Tischplatten bis zu maximal 70mm Dicke.<br \/>\n\u2705 Touch-Steuerung f\u00fcr Dimm- und Farbtemperatur-Wechsel: Die intuitive Touch-Bedienoberfl\u00e4che auf der Oberseite des Lampenkopfes steuert die Dimmung (10-100%) sowie den Wechsel zwischen den Farbtemperaturen (3.000K &#8211; 6.500K).<br \/>\n\u2705 1-Click-Montage: Stecken Sie die Leuchte in die Schwanenhalsstange und f\u00fchren Sie diese in die Montageklemme ein. Beiliegende Sicherungsschrauben (2 St\u00fcck) mit der Hand eindrehen und fertige Leuchte an der Tischplatte fixieren.<br \/>\n<div class=\"main-cross-sell\" data-asin=\"B0CT3262NC\">\n\n\t<div class=\"WooZone-cross-sell-loader\">\n\t\t<div>\n\t\t\t<div id=\"floatingBarsG\">\n\t\t\t\t<div class=\"blockG\" id=\"rotateG_01\"><\/div>\n\t\t\t\t<div class=\"blockG\" id=\"rotateG_02\"><\/div>\n\t\t\t\t<div class=\"blockG\" id=\"rotateG_03\"><\/div>\n\t\t\t\t<div class=\"blockG\" id=\"rotateG_04\"><\/div>\n\t\t\t\t<div class=\"blockG\" id=\"rotateG_05\"><\/div>\n\t\t\t\t<div class=\"blockG\" id=\"rotateG_06\"><\/div>\n\t\t\t\t<div class=\"blockG\" id=\"rotateG_07\"><\/div>\n\t\t\t\t<div class=\"blockG\" id=\"rotateG_08\"><\/div>\n\t\t\t<\/div>\n\t\t\t<div class=\"WooZone-cross-sell-loader-text\"><\/div>\n\t\t<\/div>\n\t<\/div>\n\n\t\t\n<\/div>\n<div style=\"clear:both;\"><\/div><\/p>\n","protected":false},"excerpt":{"rendered":"<p>\u2705 Ultrabreit &amp; Leuchtstark: Die verstellbaren, doppelten Lampenk\u00f6pfe dieser Monitorlampe k\u00f6nnen auf eine Gesamtbreite von 80cm ausgeklappt werden. Somit k\u00f6nnen auch problemlos mehrere Monitore auf dem Schreibtisch optimal ausgeleuchtet werden.<br \/>\n\u2705 Entblendungs-Lippe: Ausgestattet mit einer innovativen Entblendungs-Lippe blendet und st\u00f6rt die Monitorlampe nicht beim Arbeiten. Sie k\u00f6nnen sich voll und ganz ohne St\u00f6rung Ihrer Arbeit widmen.<br \/>\n\u2705 360\u00b0 flexibel einstellbar: Der biegbare Schwanenhals erm\u00f6glicht eine maximale Einstellh\u00f6he von 65cm, womit Sie \u00fcber alle g\u00e4ngigen Monitore kommen. Die Klemme ist montierbar an Tischplatten bis zu maximal 70mm Dicke.<\/p>\n","protected":false},"featured_media":214256,"comment_status":"open","ping_status":"closed","template":"","meta":[],"product_brand":[],"product_cat":[2108,11509],"product_tag":[],"class_list":{"0":"post-214255","1":"product","2":"type-product","3":"status-publish","4":"has-post-thumbnail","6":"product_cat-beleuchtung","7":"product_cat-innenbeleuchtung","8":"pa_brand-lilatec","9":"pa_color-schwarz","10":"pa_height-31-49606296-zoll","11":"pa_languages-handbuch-deutsch-handbuch-englisch-handbuch-franzoesisch-handbuch-spanisch-handbuch-italienisch","12":"pa_length-1-574803148-zoll","13":"pa_manufacturer-alphatree-gmbh","14":"pa_model-54010","15":"pa_size-passend-fuer-schreibtische","16":"pa_weight-1-8959754532-pfund","17":"pa_width-26-771653516-zoll","19":"first","20":"instock","21":"sale","22":"shipping-taxable","23":"purchasable","24":"product-type-simple","25":"customify-col","26":"product-has-gallery"},"yoast_head":"<!-- This site is optimized with the Yoast SEO plugin v27.4 - https:\/\/yoast.com\/product\/yoast-seo-wordpress\/ -->\n<title>LiLaTec Monitorlampe Doppelkopf Schreibtischlampe LED Dimmbar, 20W, 90\u00b0schwenkbar, verschiedene Beleuchtungsmodi, Klemmbar, Schwanenhals B\u00fcro Tischlampe Augenschutz Arbeitsplatzleuchte, schwarz - Markt-XXL<\/title>\n<meta name=\"description\" content=\"Markt-XXL LiLaTec Monitorlampe Doppelkopf Schreibtischlampe LED Dimmbar, 20W, 90\u00b0schwenkbar, verschiedene Beleuchtungsmodi, Klemmbar, Schwanenhals B\u00fcro Tischlampe Augenschutz Arbeitsplatzleuchte, schwarz\" \/>\n<meta name=\"robots\" content=\"index, follow, max-snippet:-1, max-image-preview:large, max-video-preview:-1\" \/>\n<link rel=\"canonical\" href=\"https:\/\/marktxxl.de\/markt\/produkt\/lilatec-monitorlampe-doppelkopf-schreibtischlampe-led-dimmbar-20w-90schwenkbar-verschiedene-beleuchtungsmodi-klemmbar-schwanenhals-buero-tischlampe-augenschutz-arbeitsplatzleuchte-schwarz\/\" \/>\n<meta property=\"og:locale\" content=\"de_DE\" \/>\n<meta property=\"og:type\" content=\"article\" \/>\n<meta property=\"og:title\" content=\"LiLaTec Monitorlampe Doppelkopf Schreibtischlampe LED Dimmbar, 20W, 90\u00b0schwenkbar, verschiedene Beleuchtungsmodi, Klemmbar, Schwanenhals B\u00fcro Tischlampe Augenschutz Arbeitsplatzleuchte, schwarz - Markt-XXL\" \/>\n<meta property=\"og:description\" content=\"Markt-XXL LiLaTec Monitorlampe Doppelkopf Schreibtischlampe LED Dimmbar, 20W, 90\u00b0schwenkbar, verschiedene Beleuchtungsmodi, Klemmbar, Schwanenhals B\u00fcro Tischlampe Augenschutz Arbeitsplatzleuchte, schwarz\" \/>\n<meta property=\"og:url\" content=\"https:\/\/marktxxl.de\/markt\/produkt\/lilatec-monitorlampe-doppelkopf-schreibtischlampe-led-dimmbar-20w-90schwenkbar-verschiedene-beleuchtungsmodi-klemmbar-schwanenhals-buero-tischlampe-augenschutz-arbeitsplatzleuchte-schwarz\/\" \/>\n<meta property=\"og:site_name\" content=\"Markt-XXL\" \/>\n<meta name=\"twitter:card\" content=\"summary_large_image\" \/>\n<meta name=\"twitter:label1\" content=\"Gesch\u00e4tzte Lesezeit\" \/>\n\t<meta name=\"twitter:data1\" content=\"1\u00a0Minute\" \/>\n<script type=\"application\/ld+json\" class=\"yoast-schema-graph\">{\"@context\":\"https:\\\/\\\/schema.org\",\"@graph\":[{\"@type\":\"WebPage\",\"@id\":\"https:\\\/\\\/marktxxl.de\\\/markt\\\/produkt\\\/lilatec-monitorlampe-doppelkopf-schreibtischlampe-led-dimmbar-20w-90schwenkbar-verschiedene-beleuchtungsmodi-klemmbar-schwanenhals-buero-tischlampe-augenschutz-arbeitsplatzleuchte-schwarz\\\/\",\"url\":\"https:\\\/\\\/marktxxl.de\\\/markt\\\/produkt\\\/lilatec-monitorlampe-doppelkopf-schreibtischlampe-led-dimmbar-20w-90schwenkbar-verschiedene-beleuchtungsmodi-klemmbar-schwanenhals-buero-tischlampe-augenschutz-arbeitsplatzleuchte-schwarz\\\/\",\"name\":\"LiLaTec Monitorlampe Doppelkopf Schreibtischlampe LED Dimmbar, 20W, 90\u00b0schwenkbar, verschiedene Beleuchtungsmodi, Klemmbar, Schwanenhals B\u00fcro Tischlampe Augenschutz Arbeitsplatzleuchte, schwarz - Markt-XXL\",\"isPartOf\":{\"@id\":\"https:\\\/\\\/marktxxl.de\\\/markt\\\/#website\"},\"primaryImageOfPage\":{\"@id\":\"https:\\\/\\\/marktxxl.de\\\/markt\\\/produkt\\\/lilatec-monitorlampe-doppelkopf-schreibtischlampe-led-dimmbar-20w-90schwenkbar-verschiedene-beleuchtungsmodi-klemmbar-schwanenhals-buero-tischlampe-augenschutz-arbeitsplatzleuchte-schwarz\\\/#primaryimage\"},\"image\":{\"@id\":\"https:\\\/\\\/marktxxl.de\\\/markt\\\/produkt\\\/lilatec-monitorlampe-doppelkopf-schreibtischlampe-led-dimmbar-20w-90schwenkbar-verschiedene-beleuchtungsmodi-klemmbar-schwanenhals-buero-tischlampe-augenschutz-arbeitsplatzleuchte-schwarz\\\/#primaryimage\"},\"thumbnailUrl\":\"https:\\\/\\\/m.media-amazon.com\\\/images\\\/I\\\/41R67gBdfoL._SL500_.jpg\",\"datePublished\":\"2024-06-28T20:56:18+00:00\",\"description\":\"Markt-XXL LiLaTec Monitorlampe Doppelkopf Schreibtischlampe LED Dimmbar, 20W, 90\u00b0schwenkbar, verschiedene Beleuchtungsmodi, Klemmbar, Schwanenhals B\u00fcro Tischlampe Augenschutz Arbeitsplatzleuchte, schwarz\",\"breadcrumb\":{\"@id\":\"https:\\\/\\\/marktxxl.de\\\/markt\\\/produkt\\\/lilatec-monitorlampe-doppelkopf-schreibtischlampe-led-dimmbar-20w-90schwenkbar-verschiedene-beleuchtungsmodi-klemmbar-schwanenhals-buero-tischlampe-augenschutz-arbeitsplatzleuchte-schwarz\\\/#breadcrumb\"},\"inLanguage\":\"de\",\"potentialAction\":[{\"@type\":\"ReadAction\",\"target\":[\"https:\\\/\\\/marktxxl.de\\\/markt\\\/produkt\\\/lilatec-monitorlampe-doppelkopf-schreibtischlampe-led-dimmbar-20w-90schwenkbar-verschiedene-beleuchtungsmodi-klemmbar-schwanenhals-buero-tischlampe-augenschutz-arbeitsplatzleuchte-schwarz\\\/\"]}]},{\"@type\":\"ImageObject\",\"inLanguage\":\"de\",\"@id\":\"https:\\\/\\\/marktxxl.de\\\/markt\\\/produkt\\\/lilatec-monitorlampe-doppelkopf-schreibtischlampe-led-dimmbar-20w-90schwenkbar-verschiedene-beleuchtungsmodi-klemmbar-schwanenhals-buero-tischlampe-augenschutz-arbeitsplatzleuchte-schwarz\\\/#primaryimage\",\"url\":\"https:\\\/\\\/m.media-amazon.com\\\/images\\\/I\\\/41R67gBdfoL._SL500_.jpg\",\"contentUrl\":\"https:\\\/\\\/m.media-amazon.com\\\/images\\\/I\\\/41R67gBdfoL._SL500_.jpg\",\"width\":500,\"height\":500},{\"@type\":\"BreadcrumbList\",\"@id\":\"https:\\\/\\\/marktxxl.de\\\/markt\\\/produkt\\\/lilatec-monitorlampe-doppelkopf-schreibtischlampe-led-dimmbar-20w-90schwenkbar-verschiedene-beleuchtungsmodi-klemmbar-schwanenhals-buero-tischlampe-augenschutz-arbeitsplatzleuchte-schwarz\\\/#breadcrumb\",\"itemListElement\":[{\"@type\":\"ListItem\",\"position\":1,\"name\":\"Startseite\",\"item\":\"https:\\\/\\\/marktxxl.de\\\/markt\\\/\"},{\"@type\":\"ListItem\",\"position\":2,\"name\":\"Markt\",\"item\":\"https:\\\/\\\/marktxxl.de\\\/markt\\\/\"},{\"@type\":\"ListItem\",\"position\":3,\"name\":\"LiLaTec Monitorlampe Doppelkopf Schreibtischlampe LED Dimmbar, 20W, 90\u00b0schwenkbar, verschiedene Beleuchtungsmodi, Klemmbar, Schwanenhals B\u00fcro Tischlampe Augenschutz Arbeitsplatzleuchte, schwarz\"}]},{\"@type\":\"WebSite\",\"@id\":\"https:\\\/\\\/marktxxl.de\\\/markt\\\/#website\",\"url\":\"https:\\\/\\\/marktxxl.de\\\/markt\\\/\",\"name\":\"Markt-XXL\",\"description\":\"Ihr Markt Online\",\"publisher\":{\"@id\":\"https:\\\/\\\/marktxxl.de\\\/markt\\\/#organization\"},\"potentialAction\":[{\"@type\":\"SearchAction\",\"target\":{\"@type\":\"EntryPoint\",\"urlTemplate\":\"https:\\\/\\\/marktxxl.de\\\/markt\\\/?s={search_term_string}\"},\"query-input\":{\"@type\":\"PropertyValueSpecification\",\"valueRequired\":true,\"valueName\":\"search_term_string\"}}],\"inLanguage\":\"de\"},{\"@type\":\"Organization\",\"@id\":\"https:\\\/\\\/marktxxl.de\\\/markt\\\/#organization\",\"name\":\"Markt-XXL\",\"url\":\"https:\\\/\\\/marktxxl.de\\\/markt\\\/\",\"logo\":{\"@type\":\"ImageObject\",\"inLanguage\":\"de\",\"@id\":\"https:\\\/\\\/marktxxl.de\\\/markt\\\/#\\\/schema\\\/logo\\\/image\\\/\",\"url\":\"https:\\\/\\\/marktxxl.de\\\/markt\\\/wp-content\\\/uploads\\\/sites\\\/3\\\/2020\\\/12\\\/logo.png\",\"contentUrl\":\"https:\\\/\\\/marktxxl.de\\\/markt\\\/wp-content\\\/uploads\\\/sites\\\/3\\\/2020\\\/12\\\/logo.png\",\"width\":200,\"height\":70,\"caption\":\"Markt-XXL\"},\"image\":{\"@id\":\"https:\\\/\\\/marktxxl.de\\\/markt\\\/#\\\/schema\\\/logo\\\/image\\\/\"}}]}<\/script>\n<!-- \/ Yoast SEO plugin. -->","yoast_head_json":{"title":"LiLaTec Monitorlampe Doppelkopf Schreibtischlampe LED Dimmbar, 20W, 90\u00b0schwenkbar, verschiedene Beleuchtungsmodi, Klemmbar, Schwanenhals B\u00fcro Tischlampe Augenschutz Arbeitsplatzleuchte, schwarz - Markt-XXL","description":"Markt-XXL LiLaTec Monitorlampe Doppelkopf Schreibtischlampe LED Dimmbar, 20W, 90\u00b0schwenkbar, verschiedene Beleuchtungsmodi, Klemmbar, Schwanenhals B\u00fcro Tischlampe Augenschutz Arbeitsplatzleuchte, schwarz","robots":{"index":"index","follow":"follow","max-snippet":"max-snippet:-1","max-image-preview":"max-image-preview:large","max-video-preview":"max-video-preview:-1"},"canonical":"https:\/\/marktxxl.de\/markt\/produkt\/lilatec-monitorlampe-doppelkopf-schreibtischlampe-led-dimmbar-20w-90schwenkbar-verschiedene-beleuchtungsmodi-klemmbar-schwanenhals-buero-tischlampe-augenschutz-arbeitsplatzleuchte-schwarz\/","og_locale":"de_DE","og_type":"article","og_title":"LiLaTec Monitorlampe Doppelkopf Schreibtischlampe LED Dimmbar, 20W, 90\u00b0schwenkbar, verschiedene Beleuchtungsmodi, Klemmbar, Schwanenhals B\u00fcro Tischlampe Augenschutz Arbeitsplatzleuchte, schwarz - Markt-XXL","og_description":"Markt-XXL LiLaTec Monitorlampe Doppelkopf Schreibtischlampe LED Dimmbar, 20W, 90\u00b0schwenkbar, verschiedene Beleuchtungsmodi, Klemmbar, Schwanenhals B\u00fcro Tischlampe Augenschutz Arbeitsplatzleuchte, schwarz","og_url":"https:\/\/marktxxl.de\/markt\/produkt\/lilatec-monitorlampe-doppelkopf-schreibtischlampe-led-dimmbar-20w-90schwenkbar-verschiedene-beleuchtungsmodi-klemmbar-schwanenhals-buero-tischlampe-augenschutz-arbeitsplatzleuchte-schwarz\/","og_site_name":"Markt-XXL","twitter_card":"summary_large_image","twitter_misc":{"Gesch\u00e4tzte Lesezeit":"1\u00a0Minute"},"schema":{"@context":"https:\/\/schema.org","@graph":[{"@type":"WebPage","@id":"https:\/\/marktxxl.de\/markt\/produkt\/lilatec-monitorlampe-doppelkopf-schreibtischlampe-led-dimmbar-20w-90schwenkbar-verschiedene-beleuchtungsmodi-klemmbar-schwanenhals-buero-tischlampe-augenschutz-arbeitsplatzleuchte-schwarz\/","url":"https:\/\/marktxxl.de\/markt\/produkt\/lilatec-monitorlampe-doppelkopf-schreibtischlampe-led-dimmbar-20w-90schwenkbar-verschiedene-beleuchtungsmodi-klemmbar-schwanenhals-buero-tischlampe-augenschutz-arbeitsplatzleuchte-schwarz\/","name":"LiLaTec Monitorlampe Doppelkopf Schreibtischlampe LED Dimmbar, 20W, 90\u00b0schwenkbar, verschiedene Beleuchtungsmodi, Klemmbar, Schwanenhals B\u00fcro Tischlampe Augenschutz Arbeitsplatzleuchte, schwarz - Markt-XXL","isPartOf":{"@id":"https:\/\/marktxxl.de\/markt\/#website"},"primaryImageOfPage":{"@id":"https:\/\/marktxxl.de\/markt\/produkt\/lilatec-monitorlampe-doppelkopf-schreibtischlampe-led-dimmbar-20w-90schwenkbar-verschiedene-beleuchtungsmodi-klemmbar-schwanenhals-buero-tischlampe-augenschutz-arbeitsplatzleuchte-schwarz\/#primaryimage"},"image":{"@id":"https:\/\/marktxxl.de\/markt\/produkt\/lilatec-monitorlampe-doppelkopf-schreibtischlampe-led-dimmbar-20w-90schwenkbar-verschiedene-beleuchtungsmodi-klemmbar-schwanenhals-buero-tischlampe-augenschutz-arbeitsplatzleuchte-schwarz\/#primaryimage"},"thumbnailUrl":"https:\/\/m.media-amazon.com\/images\/I\/41R67gBdfoL._SL500_.jpg","datePublished":"2024-06-28T20:56:18+00:00","description":"Markt-XXL LiLaTec Monitorlampe Doppelkopf Schreibtischlampe LED Dimmbar, 20W, 90\u00b0schwenkbar, verschiedene Beleuchtungsmodi, Klemmbar, Schwanenhals B\u00fcro Tischlampe Augenschutz Arbeitsplatzleuchte, schwarz","breadcrumb":{"@id":"https:\/\/marktxxl.de\/markt\/produkt\/lilatec-monitorlampe-doppelkopf-schreibtischlampe-led-dimmbar-20w-90schwenkbar-verschiedene-beleuchtungsmodi-klemmbar-schwanenhals-buero-tischlampe-augenschutz-arbeitsplatzleuchte-schwarz\/#breadcrumb"},"inLanguage":"de","potentialAction":[{"@type":"ReadAction","target":["https:\/\/marktxxl.de\/markt\/produkt\/lilatec-monitorlampe-doppelkopf-schreibtischlampe-led-dimmbar-20w-90schwenkbar-verschiedene-beleuchtungsmodi-klemmbar-schwanenhals-buero-tischlampe-augenschutz-arbeitsplatzleuchte-schwarz\/"]}]},{"@type":"ImageObject","inLanguage":"de","@id":"https:\/\/marktxxl.de\/markt\/produkt\/lilatec-monitorlampe-doppelkopf-schreibtischlampe-led-dimmbar-20w-90schwenkbar-verschiedene-beleuchtungsmodi-klemmbar-schwanenhals-buero-tischlampe-augenschutz-arbeitsplatzleuchte-schwarz\/#primaryimage","url":"https:\/\/m.media-amazon.com\/images\/I\/41R67gBdfoL._SL500_.jpg","contentUrl":"https:\/\/m.media-amazon.com\/images\/I\/41R67gBdfoL._SL500_.jpg","width":500,"height":500},{"@type":"BreadcrumbList","@id":"https:\/\/marktxxl.de\/markt\/produkt\/lilatec-monitorlampe-doppelkopf-schreibtischlampe-led-dimmbar-20w-90schwenkbar-verschiedene-beleuchtungsmodi-klemmbar-schwanenhals-buero-tischlampe-augenschutz-arbeitsplatzleuchte-schwarz\/#breadcrumb","itemListElement":[{"@type":"ListItem","position":1,"name":"Startseite","item":"https:\/\/marktxxl.de\/markt\/"},{"@type":"ListItem","position":2,"name":"Markt","item":"https:\/\/marktxxl.de\/markt\/"},{"@type":"ListItem","position":3,"name":"LiLaTec Monitorlampe Doppelkopf Schreibtischlampe LED Dimmbar, 20W, 90\u00b0schwenkbar, verschiedene Beleuchtungsmodi, Klemmbar, Schwanenhals B\u00fcro Tischlampe Augenschutz Arbeitsplatzleuchte, schwarz"}]},{"@type":"WebSite","@id":"https:\/\/marktxxl.de\/markt\/#website","url":"https:\/\/marktxxl.de\/markt\/","name":"Markt-XXL","description":"Ihr Markt Online","publisher":{"@id":"https:\/\/marktxxl.de\/markt\/#organization"},"potentialAction":[{"@type":"SearchAction","target":{"@type":"EntryPoint","urlTemplate":"https:\/\/marktxxl.de\/markt\/?s={search_term_string}"},"query-input":{"@type":"PropertyValueSpecification","valueRequired":true,"valueName":"search_term_string"}}],"inLanguage":"de"},{"@type":"Organization","@id":"https:\/\/marktxxl.de\/markt\/#organization","name":"Markt-XXL","url":"https:\/\/marktxxl.de\/markt\/","logo":{"@type":"ImageObject","inLanguage":"de","@id":"https:\/\/marktxxl.de\/markt\/#\/schema\/logo\/image\/","url":"https:\/\/marktxxl.de\/markt\/wp-content\/uploads\/sites\/3\/2020\/12\/logo.png","contentUrl":"https:\/\/marktxxl.de\/markt\/wp-content\/uploads\/sites\/3\/2020\/12\/logo.png","width":200,"height":70,"caption":"Markt-XXL"},"image":{"@id":"https:\/\/marktxxl.de\/markt\/#\/schema\/logo\/image\/"}}]}},"_links":{"self":[{"href":"https:\/\/marktxxl.de\/markt\/wp-json\/wp\/v2\/product\/214255","targetHints":{"allow":["GET"]}}],"collection":[{"href":"https:\/\/marktxxl.de\/markt\/wp-json\/wp\/v2\/product"}],"about":[{"href":"https:\/\/marktxxl.de\/markt\/wp-json\/wp\/v2\/types\/product"}],"replies":[{"embeddable":true,"href":"https:\/\/marktxxl.de\/markt\/wp-json\/wp\/v2\/comments?post=214255"}],"wp:featuredmedia":[{"embeddable":true,"href":"https:\/\/marktxxl.de\/markt\/wp-json\/wp\/v2\/media\/214256"}],"wp:attachment":[{"href":"https:\/\/marktxxl.de\/markt\/wp-json\/wp\/v2\/media?parent=214255"}],"wp:term":[{"taxonomy":"product_brand","embeddable":true,"href":"https:\/\/marktxxl.de\/markt\/wp-json\/wp\/v2\/product_brand?post=214255"},{"taxonomy":"product_cat","embeddable":true,"href":"https:\/\/marktxxl.de\/markt\/wp-json\/wp\/v2\/product_cat?post=214255"},{"taxonomy":"product_tag","embeddable":true,"href":"https:\/\/marktxxl.de\/markt\/wp-json\/wp\/v2\/product_tag?post=214255"}],"curies":[{"name":"wp","href":"https:\/\/api.w.org\/{rel}","templated":true}]}}