{"id":214244,"date":"2024-06-28T22:56:03","date_gmt":"2024-06-28T20:56:03","guid":{"rendered":"https:\/\/marktxxl.de\/markt\/produkt\/honeywell-schreibtischlampe-mit-usb-ladeanschluss-sunturalux-h2-dimmbare-augenschonende-led-tischlampe-fuer-erwachsene-faltbare-tragbare-tischlampe-fuer-das-homeoffice-schlafzim\/"},"modified":"2024-06-28T22:56:03","modified_gmt":"2024-06-28T20:56:03","slug":"honeywell-schreibtischlampe-mit-usb-ladeanschluss-sunturalux-h2-dimmbare-augenschonende-led-tischlampe-fuer-erwachsene-faltbare-tragbare-tischlampe-fuer-das-homeoffice-schlafzim","status":"publish","type":"product","link":"https:\/\/marktxxl.de\/markt\/produkt\/honeywell-schreibtischlampe-mit-usb-ladeanschluss-sunturalux-h2-dimmbare-augenschonende-led-tischlampe-fuer-erwachsene-faltbare-tragbare-tischlampe-fuer-das-homeoffice-schlafzim\/","title":{"rendered":"Honeywell Schreibtischlampe mit USB-Ladeanschluss \u2013 Sunturalux\u2122 H2 dimmbare, augenschonende LED Tischlampe f\u00fcr Erwachsene, faltbare, tragbare Tischlampe f\u00fcr das Homeoffice, Schlafzimmer, Lesen, Wei\u00df"},"content":{"rendered":"<p>24\/7 nat\u00fcrliches Licht &#8212; Die dimmbare Schreibtischlampe von Honeywell basiert auf vier Kerntechnologien. \u2460Sunturalux: topaktuelle Fusion aus We- und Bridgelux-Innovation, die das nat\u00fcrliche Spektrum nachahmt und f\u00fcr eine beruhigende und augenfreundliche Beleuchtung sorgt. \u2461Optikprocessor: intelligenter photoelektrischer Prozessor. \u2462SICLS: intelligentes Szenenlicht-Steuerungssystem. \u2463Ligulator: Lichtfarbanpassungssystem.<br \/>\nMit USB-A&amp;C-Ladeanschluss &#8212; Die Schreibtischlampe verf\u00fcgt \u00fcber 2 USB-Ladeanschl\u00fcsse (USB A&amp;C) f\u00fcr Telefone fast aller Marken. W\u00e4hrend das Telefon aufgeladen wird, k\u00f6nnen Sie sich auf das Lernen oder Arbeiten konzentrieren.<br \/>\nLineare Helligkeitseinstellung \u2013&#8211; Die Helligkeit der Schreibtischlampe kann von 10\u2013100 % eingestellt werden, anstatt in mehreren Stufen, was dem Bedarf der Menschen nach unterschiedlicher Helligkeit entspricht. Jeder bekommt mit dieser Tischlampe die angenehmste Helligkeit.<br \/>\nNahezu nat\u00fcrliches Licht \u2013&#8211; Da der Farbwiedergabeindex (CRI) \u2265 94 betr\u00e4gt, gibt die Tischlampe lebendiges Licht ab, das dem Sonnenlicht nahe kommt und den Benutzern eine angenehme Umgebung bietet. Die Schreibtischlampe sch\u00fctzt Ihre Augen sehr gut.<br \/>\nAugenschonend und harmlos \u2013&#8211; Diese Schreibtischlampe ist hinsichtlich der Blaulichtgef\u00e4hrdung als RG0 definiert, was f\u00fcr die menschlichen Augen ungef\u00e4hrlich ist und sich sehr gut f\u00fcr den Langzeitgebrauch eignet. Au\u00dferdem flimmert die Schreibtischlampe nicht und ist daher sehr gesund f\u00fcr unsere Augen.<br \/>\n4 Farbmodi \u2013&#8211; Die Schreibtischlampe bietet 4 Farbmodi, darunter 2700, 4000, 5000 und 5700 K. Sie passt zu jeder Nutzungssituation, egal ob Sie lernen, arbeiten, lesen, entspannen oder vor dem Schlafengehen sind.<br \/>\nSpeicherfunktion \u2013&#8211; Die moderne Schreibtischlampe kann die letzte Einstellung einschlie\u00dflich Helligkeit und Farbmodi beibehalten, wenn Sie sie wieder einschalten. Sie m\u00fcssen sie nie wieder zur\u00fccksetzen.<br \/>\nIntegrierter automatischer Timer \u2013&#8211; Die Schreibtischlampe kann so eingestellt werden, dass sie sich nach 30 Minuten ausschaltet. Machen Sie sich keine Sorgen, dass die Nachttischlampe die ganze Nacht an bleibt, wenn Sie beim Lesen unbeabsichtigt einschlafen.<br \/>\nFaltbar und tragbar \u2013&#8211; Der Winkel der Schreibtischlampe kann von 0\u00b0 bis 135\u00b0 eingestellt werden, sodass Sie sie von zu Hause ins B\u00fcro oder an andere Orte mitnehmen k\u00f6nnen und umgekehrt. Dar\u00fcber hinaus ist es sehr praktisch, die faltbare Tischlampe aufzubewahren, wenn Sie sie nicht verwenden.<br \/>\n<div class=\"main-cross-sell\" data-asin=\"B0D1KHJ2HS\">\n\n\t<div class=\"WooZone-cross-sell-loader\">\n\t\t<div>\n\t\t\t<div id=\"floatingBarsG\">\n\t\t\t\t<div class=\"blockG\" id=\"rotateG_01\"><\/div>\n\t\t\t\t<div class=\"blockG\" id=\"rotateG_02\"><\/div>\n\t\t\t\t<div class=\"blockG\" id=\"rotateG_03\"><\/div>\n\t\t\t\t<div class=\"blockG\" id=\"rotateG_04\"><\/div>\n\t\t\t\t<div class=\"blockG\" id=\"rotateG_05\"><\/div>\n\t\t\t\t<div class=\"blockG\" id=\"rotateG_06\"><\/div>\n\t\t\t\t<div class=\"blockG\" id=\"rotateG_07\"><\/div>\n\t\t\t\t<div class=\"blockG\" id=\"rotateG_08\"><\/div>\n\t\t\t<\/div>\n\t\t\t<div class=\"WooZone-cross-sell-loader-text\"><\/div>\n\t\t<\/div>\n\t<\/div>\n\n\t\t\n<\/div>\n<div style=\"clear:both;\"><\/div><\/p>\n","protected":false},"excerpt":{"rendered":"<p>24\/7 nat\u00fcrliches Licht &#8212; Die dimmbare Schreibtischlampe von Honeywell basiert auf vier Kerntechnologien. \u2460Sunturalux: topaktuelle Fusion aus We- und Bridgelux-Innovation, die das nat\u00fcrliche Spektrum nachahmt und f\u00fcr eine beruhigende und augenfreundliche Beleuchtung sorgt. \u2461Optikprocessor: intelligenter photoelektrischer Prozessor. \u2462SICLS: intelligentes Szenenlicht-Steuerungssystem. \u2463Ligulator: Lichtfarbanpassungssystem.<br \/>\nMit USB-A&amp;C-Ladeanschluss &#8212; Die Schreibtischlampe verf\u00fcgt \u00fcber 2 USB-Ladeanschl\u00fcsse (USB A&amp;C) f\u00fcr Telefone fast aller Marken. W\u00e4hrend das Telefon aufgeladen wird, k\u00f6nnen Sie sich auf das Lernen oder Arbeiten konzentrieren.<br \/>\nLineare Helligkeitseinstellung \u2013&#8211; Die Helligkeit der Schreibtischlampe kann von 10\u2013100 % eingestellt werden, anstatt in mehreren Stufen, was dem Bedarf der Menschen nach unterschiedlicher Helligkeit entspricht. Jeder bekommt mit dieser Tischlampe die angenehmste Helligkeit.<\/p>\n","protected":false},"featured_media":214245,"comment_status":"open","ping_status":"closed","template":"","meta":[],"product_brand":[],"product_cat":[2108,11509],"product_tag":[],"class_list":{"0":"post-214244","1":"product","2":"type-product","3":"status-publish","4":"has-post-thumbnail","6":"product_cat-beleuchtung","7":"product_cat-innenbeleuchtung","8":"pa_binding-werkzeug","9":"pa_brand-honeywell","10":"pa_color-weiss","11":"pa_height-14-960629906-zoll","12":"pa_languages-handbuch-englisch-menue-englisch","13":"pa_length-3-543307083-zoll","14":"pa_manufacturer-honeywell","15":"pa_model-hwt-h2w","16":"pa_size-klein","17":"pa_weight-1-8298367746-pounds","18":"pa_width-4-330708657-zoll","20":"first","21":"instock","22":"sale","23":"shipping-taxable","24":"purchasable","25":"product-type-simple","26":"customify-col","27":"product-has-gallery"},"yoast_head":"<!-- This site is optimized with the Yoast SEO plugin v27.4 - https:\/\/yoast.com\/product\/yoast-seo-wordpress\/ -->\n<title>Honeywell Schreibtischlampe mit USB-Ladeanschluss \u2013 Sunturalux\u2122 H2 dimmbare, augenschonende LED Tischlampe f\u00fcr Erwachsene, faltbare, tragbare Tischlampe f\u00fcr das Homeoffice, Schlafzimmer, Lesen, Wei\u00df - Markt-XXL<\/title>\n<meta name=\"description\" content=\"Markt-XXL Honeywell Schreibtischlampe mit USB-Ladeanschluss \u2013 Sunturalux\u2122 H2 dimmbare, augenschonende LED Tischlampe f\u00fcr Erwachsene, faltbare, tragbare Tischlampe f\u00fcr das Homeoffice, Schlafzimmer, Lesen, Wei\u00df\" \/>\n<meta name=\"robots\" content=\"index, follow, max-snippet:-1, max-image-preview:large, max-video-preview:-1\" \/>\n<link rel=\"canonical\" href=\"https:\/\/marktxxl.de\/markt\/produkt\/honeywell-schreibtischlampe-mit-usb-ladeanschluss-sunturalux-h2-dimmbare-augenschonende-led-tischlampe-fuer-erwachsene-faltbare-tragbare-tischlampe-fuer-das-homeoffice-schlafzim\/\" \/>\n<meta property=\"og:locale\" content=\"de_DE\" \/>\n<meta property=\"og:type\" content=\"article\" \/>\n<meta property=\"og:title\" content=\"Honeywell Schreibtischlampe mit USB-Ladeanschluss \u2013 Sunturalux\u2122 H2 dimmbare, augenschonende LED Tischlampe f\u00fcr Erwachsene, faltbare, tragbare Tischlampe f\u00fcr das Homeoffice, Schlafzimmer, Lesen, Wei\u00df - Markt-XXL\" \/>\n<meta property=\"og:description\" content=\"Markt-XXL Honeywell Schreibtischlampe mit USB-Ladeanschluss \u2013 Sunturalux\u2122 H2 dimmbare, augenschonende LED Tischlampe f\u00fcr Erwachsene, faltbare, tragbare Tischlampe f\u00fcr das Homeoffice, Schlafzimmer, Lesen, Wei\u00df\" \/>\n<meta property=\"og:url\" content=\"https:\/\/marktxxl.de\/markt\/produkt\/honeywell-schreibtischlampe-mit-usb-ladeanschluss-sunturalux-h2-dimmbare-augenschonende-led-tischlampe-fuer-erwachsene-faltbare-tragbare-tischlampe-fuer-das-homeoffice-schlafzim\/\" \/>\n<meta property=\"og:site_name\" content=\"Markt-XXL\" \/>\n<meta name=\"twitter:card\" content=\"summary_large_image\" \/>\n<meta name=\"twitter:label1\" content=\"Gesch\u00e4tzte Lesezeit\" \/>\n\t<meta name=\"twitter:data1\" content=\"2\u00a0Minuten\" \/>\n<script type=\"application\/ld+json\" class=\"yoast-schema-graph\">{\"@context\":\"https:\\\/\\\/schema.org\",\"@graph\":[{\"@type\":\"WebPage\",\"@id\":\"https:\\\/\\\/marktxxl.de\\\/markt\\\/produkt\\\/honeywell-schreibtischlampe-mit-usb-ladeanschluss-sunturalux-h2-dimmbare-augenschonende-led-tischlampe-fuer-erwachsene-faltbare-tragbare-tischlampe-fuer-das-homeoffice-schlafzim\\\/\",\"url\":\"https:\\\/\\\/marktxxl.de\\\/markt\\\/produkt\\\/honeywell-schreibtischlampe-mit-usb-ladeanschluss-sunturalux-h2-dimmbare-augenschonende-led-tischlampe-fuer-erwachsene-faltbare-tragbare-tischlampe-fuer-das-homeoffice-schlafzim\\\/\",\"name\":\"Honeywell Schreibtischlampe mit USB-Ladeanschluss \u2013 Sunturalux\u2122 H2 dimmbare, augenschonende LED Tischlampe f\u00fcr Erwachsene, faltbare, tragbare Tischlampe f\u00fcr das Homeoffice, Schlafzimmer, Lesen, Wei\u00df - Markt-XXL\",\"isPartOf\":{\"@id\":\"https:\\\/\\\/marktxxl.de\\\/markt\\\/#website\"},\"primaryImageOfPage\":{\"@id\":\"https:\\\/\\\/marktxxl.de\\\/markt\\\/produkt\\\/honeywell-schreibtischlampe-mit-usb-ladeanschluss-sunturalux-h2-dimmbare-augenschonende-led-tischlampe-fuer-erwachsene-faltbare-tragbare-tischlampe-fuer-das-homeoffice-schlafzim\\\/#primaryimage\"},\"image\":{\"@id\":\"https:\\\/\\\/marktxxl.de\\\/markt\\\/produkt\\\/honeywell-schreibtischlampe-mit-usb-ladeanschluss-sunturalux-h2-dimmbare-augenschonende-led-tischlampe-fuer-erwachsene-faltbare-tragbare-tischlampe-fuer-das-homeoffice-schlafzim\\\/#primaryimage\"},\"thumbnailUrl\":\"https:\\\/\\\/m.media-amazon.com\\\/images\\\/I\\\/21Cz+aGbGHL._SL500_.jpg\",\"datePublished\":\"2024-06-28T20:56:03+00:00\",\"description\":\"Markt-XXL Honeywell Schreibtischlampe mit USB-Ladeanschluss \u2013 Sunturalux\u2122 H2 dimmbare, augenschonende LED Tischlampe f\u00fcr Erwachsene, faltbare, tragbare Tischlampe f\u00fcr das Homeoffice, Schlafzimmer, Lesen, Wei\u00df\",\"breadcrumb\":{\"@id\":\"https:\\\/\\\/marktxxl.de\\\/markt\\\/produkt\\\/honeywell-schreibtischlampe-mit-usb-ladeanschluss-sunturalux-h2-dimmbare-augenschonende-led-tischlampe-fuer-erwachsene-faltbare-tragbare-tischlampe-fuer-das-homeoffice-schlafzim\\\/#breadcrumb\"},\"inLanguage\":\"de\",\"potentialAction\":[{\"@type\":\"ReadAction\",\"target\":[\"https:\\\/\\\/marktxxl.de\\\/markt\\\/produkt\\\/honeywell-schreibtischlampe-mit-usb-ladeanschluss-sunturalux-h2-dimmbare-augenschonende-led-tischlampe-fuer-erwachsene-faltbare-tragbare-tischlampe-fuer-das-homeoffice-schlafzim\\\/\"]}]},{\"@type\":\"ImageObject\",\"inLanguage\":\"de\",\"@id\":\"https:\\\/\\\/marktxxl.de\\\/markt\\\/produkt\\\/honeywell-schreibtischlampe-mit-usb-ladeanschluss-sunturalux-h2-dimmbare-augenschonende-led-tischlampe-fuer-erwachsene-faltbare-tragbare-tischlampe-fuer-das-homeoffice-schlafzim\\\/#primaryimage\",\"url\":\"https:\\\/\\\/m.media-amazon.com\\\/images\\\/I\\\/21Cz+aGbGHL._SL500_.jpg\",\"contentUrl\":\"https:\\\/\\\/m.media-amazon.com\\\/images\\\/I\\\/21Cz+aGbGHL._SL500_.jpg\",\"width\":500,\"height\":500},{\"@type\":\"BreadcrumbList\",\"@id\":\"https:\\\/\\\/marktxxl.de\\\/markt\\\/produkt\\\/honeywell-schreibtischlampe-mit-usb-ladeanschluss-sunturalux-h2-dimmbare-augenschonende-led-tischlampe-fuer-erwachsene-faltbare-tragbare-tischlampe-fuer-das-homeoffice-schlafzim\\\/#breadcrumb\",\"itemListElement\":[{\"@type\":\"ListItem\",\"position\":1,\"name\":\"Startseite\",\"item\":\"https:\\\/\\\/marktxxl.de\\\/markt\\\/\"},{\"@type\":\"ListItem\",\"position\":2,\"name\":\"Markt\",\"item\":\"https:\\\/\\\/marktxxl.de\\\/markt\\\/\"},{\"@type\":\"ListItem\",\"position\":3,\"name\":\"Honeywell Schreibtischlampe mit USB-Ladeanschluss \u2013 Sunturalux\u2122 H2 dimmbare, augenschonende LED Tischlampe f\u00fcr Erwachsene, faltbare, tragbare Tischlampe f\u00fcr das Homeoffice, Schlafzimmer, Lesen, Wei\u00df\"}]},{\"@type\":\"WebSite\",\"@id\":\"https:\\\/\\\/marktxxl.de\\\/markt\\\/#website\",\"url\":\"https:\\\/\\\/marktxxl.de\\\/markt\\\/\",\"name\":\"Markt-XXL\",\"description\":\"Ihr Markt Online\",\"publisher\":{\"@id\":\"https:\\\/\\\/marktxxl.de\\\/markt\\\/#organization\"},\"potentialAction\":[{\"@type\":\"SearchAction\",\"target\":{\"@type\":\"EntryPoint\",\"urlTemplate\":\"https:\\\/\\\/marktxxl.de\\\/markt\\\/?s={search_term_string}\"},\"query-input\":{\"@type\":\"PropertyValueSpecification\",\"valueRequired\":true,\"valueName\":\"search_term_string\"}}],\"inLanguage\":\"de\"},{\"@type\":\"Organization\",\"@id\":\"https:\\\/\\\/marktxxl.de\\\/markt\\\/#organization\",\"name\":\"Markt-XXL\",\"url\":\"https:\\\/\\\/marktxxl.de\\\/markt\\\/\",\"logo\":{\"@type\":\"ImageObject\",\"inLanguage\":\"de\",\"@id\":\"https:\\\/\\\/marktxxl.de\\\/markt\\\/#\\\/schema\\\/logo\\\/image\\\/\",\"url\":\"https:\\\/\\\/marktxxl.de\\\/markt\\\/wp-content\\\/uploads\\\/sites\\\/3\\\/2020\\\/12\\\/logo.png\",\"contentUrl\":\"https:\\\/\\\/marktxxl.de\\\/markt\\\/wp-content\\\/uploads\\\/sites\\\/3\\\/2020\\\/12\\\/logo.png\",\"width\":200,\"height\":70,\"caption\":\"Markt-XXL\"},\"image\":{\"@id\":\"https:\\\/\\\/marktxxl.de\\\/markt\\\/#\\\/schema\\\/logo\\\/image\\\/\"}}]}<\/script>\n<!-- \/ Yoast SEO plugin. -->","yoast_head_json":{"title":"Honeywell Schreibtischlampe mit USB-Ladeanschluss \u2013 Sunturalux\u2122 H2 dimmbare, augenschonende LED Tischlampe f\u00fcr Erwachsene, faltbare, tragbare Tischlampe f\u00fcr das Homeoffice, Schlafzimmer, Lesen, Wei\u00df - Markt-XXL","description":"Markt-XXL Honeywell Schreibtischlampe mit USB-Ladeanschluss \u2013 Sunturalux\u2122 H2 dimmbare, augenschonende LED Tischlampe f\u00fcr Erwachsene, faltbare, tragbare Tischlampe f\u00fcr das Homeoffice, Schlafzimmer, Lesen, Wei\u00df","robots":{"index":"index","follow":"follow","max-snippet":"max-snippet:-1","max-image-preview":"max-image-preview:large","max-video-preview":"max-video-preview:-1"},"canonical":"https:\/\/marktxxl.de\/markt\/produkt\/honeywell-schreibtischlampe-mit-usb-ladeanschluss-sunturalux-h2-dimmbare-augenschonende-led-tischlampe-fuer-erwachsene-faltbare-tragbare-tischlampe-fuer-das-homeoffice-schlafzim\/","og_locale":"de_DE","og_type":"article","og_title":"Honeywell Schreibtischlampe mit USB-Ladeanschluss \u2013 Sunturalux\u2122 H2 dimmbare, augenschonende LED Tischlampe f\u00fcr Erwachsene, faltbare, tragbare Tischlampe f\u00fcr das Homeoffice, Schlafzimmer, Lesen, Wei\u00df - Markt-XXL","og_description":"Markt-XXL Honeywell Schreibtischlampe mit USB-Ladeanschluss \u2013 Sunturalux\u2122 H2 dimmbare, augenschonende LED Tischlampe f\u00fcr Erwachsene, faltbare, tragbare Tischlampe f\u00fcr das Homeoffice, Schlafzimmer, Lesen, Wei\u00df","og_url":"https:\/\/marktxxl.de\/markt\/produkt\/honeywell-schreibtischlampe-mit-usb-ladeanschluss-sunturalux-h2-dimmbare-augenschonende-led-tischlampe-fuer-erwachsene-faltbare-tragbare-tischlampe-fuer-das-homeoffice-schlafzim\/","og_site_name":"Markt-XXL","twitter_card":"summary_large_image","twitter_misc":{"Gesch\u00e4tzte Lesezeit":"2\u00a0Minuten"},"schema":{"@context":"https:\/\/schema.org","@graph":[{"@type":"WebPage","@id":"https:\/\/marktxxl.de\/markt\/produkt\/honeywell-schreibtischlampe-mit-usb-ladeanschluss-sunturalux-h2-dimmbare-augenschonende-led-tischlampe-fuer-erwachsene-faltbare-tragbare-tischlampe-fuer-das-homeoffice-schlafzim\/","url":"https:\/\/marktxxl.de\/markt\/produkt\/honeywell-schreibtischlampe-mit-usb-ladeanschluss-sunturalux-h2-dimmbare-augenschonende-led-tischlampe-fuer-erwachsene-faltbare-tragbare-tischlampe-fuer-das-homeoffice-schlafzim\/","name":"Honeywell Schreibtischlampe mit USB-Ladeanschluss \u2013 Sunturalux\u2122 H2 dimmbare, augenschonende LED Tischlampe f\u00fcr Erwachsene, faltbare, tragbare Tischlampe f\u00fcr das Homeoffice, Schlafzimmer, Lesen, Wei\u00df - Markt-XXL","isPartOf":{"@id":"https:\/\/marktxxl.de\/markt\/#website"},"primaryImageOfPage":{"@id":"https:\/\/marktxxl.de\/markt\/produkt\/honeywell-schreibtischlampe-mit-usb-ladeanschluss-sunturalux-h2-dimmbare-augenschonende-led-tischlampe-fuer-erwachsene-faltbare-tragbare-tischlampe-fuer-das-homeoffice-schlafzim\/#primaryimage"},"image":{"@id":"https:\/\/marktxxl.de\/markt\/produkt\/honeywell-schreibtischlampe-mit-usb-ladeanschluss-sunturalux-h2-dimmbare-augenschonende-led-tischlampe-fuer-erwachsene-faltbare-tragbare-tischlampe-fuer-das-homeoffice-schlafzim\/#primaryimage"},"thumbnailUrl":"https:\/\/m.media-amazon.com\/images\/I\/21Cz+aGbGHL._SL500_.jpg","datePublished":"2024-06-28T20:56:03+00:00","description":"Markt-XXL Honeywell Schreibtischlampe mit USB-Ladeanschluss \u2013 Sunturalux\u2122 H2 dimmbare, augenschonende LED Tischlampe f\u00fcr Erwachsene, faltbare, tragbare Tischlampe f\u00fcr das Homeoffice, Schlafzimmer, Lesen, Wei\u00df","breadcrumb":{"@id":"https:\/\/marktxxl.de\/markt\/produkt\/honeywell-schreibtischlampe-mit-usb-ladeanschluss-sunturalux-h2-dimmbare-augenschonende-led-tischlampe-fuer-erwachsene-faltbare-tragbare-tischlampe-fuer-das-homeoffice-schlafzim\/#breadcrumb"},"inLanguage":"de","potentialAction":[{"@type":"ReadAction","target":["https:\/\/marktxxl.de\/markt\/produkt\/honeywell-schreibtischlampe-mit-usb-ladeanschluss-sunturalux-h2-dimmbare-augenschonende-led-tischlampe-fuer-erwachsene-faltbare-tragbare-tischlampe-fuer-das-homeoffice-schlafzim\/"]}]},{"@type":"ImageObject","inLanguage":"de","@id":"https:\/\/marktxxl.de\/markt\/produkt\/honeywell-schreibtischlampe-mit-usb-ladeanschluss-sunturalux-h2-dimmbare-augenschonende-led-tischlampe-fuer-erwachsene-faltbare-tragbare-tischlampe-fuer-das-homeoffice-schlafzim\/#primaryimage","url":"https:\/\/m.media-amazon.com\/images\/I\/21Cz+aGbGHL._SL500_.jpg","contentUrl":"https:\/\/m.media-amazon.com\/images\/I\/21Cz+aGbGHL._SL500_.jpg","width":500,"height":500},{"@type":"BreadcrumbList","@id":"https:\/\/marktxxl.de\/markt\/produkt\/honeywell-schreibtischlampe-mit-usb-ladeanschluss-sunturalux-h2-dimmbare-augenschonende-led-tischlampe-fuer-erwachsene-faltbare-tragbare-tischlampe-fuer-das-homeoffice-schlafzim\/#breadcrumb","itemListElement":[{"@type":"ListItem","position":1,"name":"Startseite","item":"https:\/\/marktxxl.de\/markt\/"},{"@type":"ListItem","position":2,"name":"Markt","item":"https:\/\/marktxxl.de\/markt\/"},{"@type":"ListItem","position":3,"name":"Honeywell Schreibtischlampe mit USB-Ladeanschluss \u2013 Sunturalux\u2122 H2 dimmbare, augenschonende LED Tischlampe f\u00fcr Erwachsene, faltbare, tragbare Tischlampe f\u00fcr das Homeoffice, Schlafzimmer, Lesen, Wei\u00df"}]},{"@type":"WebSite","@id":"https:\/\/marktxxl.de\/markt\/#website","url":"https:\/\/marktxxl.de\/markt\/","name":"Markt-XXL","description":"Ihr Markt Online","publisher":{"@id":"https:\/\/marktxxl.de\/markt\/#organization"},"potentialAction":[{"@type":"SearchAction","target":{"@type":"EntryPoint","urlTemplate":"https:\/\/marktxxl.de\/markt\/?s={search_term_string}"},"query-input":{"@type":"PropertyValueSpecification","valueRequired":true,"valueName":"search_term_string"}}],"inLanguage":"de"},{"@type":"Organization","@id":"https:\/\/marktxxl.de\/markt\/#organization","name":"Markt-XXL","url":"https:\/\/marktxxl.de\/markt\/","logo":{"@type":"ImageObject","inLanguage":"de","@id":"https:\/\/marktxxl.de\/markt\/#\/schema\/logo\/image\/","url":"https:\/\/marktxxl.de\/markt\/wp-content\/uploads\/sites\/3\/2020\/12\/logo.png","contentUrl":"https:\/\/marktxxl.de\/markt\/wp-content\/uploads\/sites\/3\/2020\/12\/logo.png","width":200,"height":70,"caption":"Markt-XXL"},"image":{"@id":"https:\/\/marktxxl.de\/markt\/#\/schema\/logo\/image\/"}}]}},"_links":{"self":[{"href":"https:\/\/marktxxl.de\/markt\/wp-json\/wp\/v2\/product\/214244","targetHints":{"allow":["GET"]}}],"collection":[{"href":"https:\/\/marktxxl.de\/markt\/wp-json\/wp\/v2\/product"}],"about":[{"href":"https:\/\/marktxxl.de\/markt\/wp-json\/wp\/v2\/types\/product"}],"replies":[{"embeddable":true,"href":"https:\/\/marktxxl.de\/markt\/wp-json\/wp\/v2\/comments?post=214244"}],"wp:featuredmedia":[{"embeddable":true,"href":"https:\/\/marktxxl.de\/markt\/wp-json\/wp\/v2\/media\/214245"}],"wp:attachment":[{"href":"https:\/\/marktxxl.de\/markt\/wp-json\/wp\/v2\/media?parent=214244"}],"wp:term":[{"taxonomy":"product_brand","embeddable":true,"href":"https:\/\/marktxxl.de\/markt\/wp-json\/wp\/v2\/product_brand?post=214244"},{"taxonomy":"product_cat","embeddable":true,"href":"https:\/\/marktxxl.de\/markt\/wp-json\/wp\/v2\/product_cat?post=214244"},{"taxonomy":"product_tag","embeddable":true,"href":"https:\/\/marktxxl.de\/markt\/wp-json\/wp\/v2\/product_tag?post=214244"}],"curies":[{"name":"wp","href":"https:\/\/api.w.org\/{rel}","templated":true}]}}