{"id":214157,"date":"2024-06-28T22:38:38","date_gmt":"2024-06-28T20:38:38","guid":{"rendered":"https:\/\/marktxxl.de\/markt\/produkt\/elobra-kinderlampe-maedchen-welle-falter-wunderschoene-deckenlampe-kinderzimmer-fuer-maedchen-lampe-schmetterling-rosa-blueten-bewegliche-deckenstrahler-100-x-20-x-25cm-rosa-pink\/"},"modified":"2024-06-28T22:38:38","modified_gmt":"2024-06-28T20:38:38","slug":"elobra-kinderlampe-maedchen-welle-falter-wunderschoene-deckenlampe-kinderzimmer-fuer-maedchen-lampe-schmetterling-rosa-blueten-bewegliche-deckenstrahler-100-x-20-x-25cm-rosa-pink","status":"publish","type":"product","link":"https:\/\/marktxxl.de\/markt\/produkt\/elobra-kinderlampe-maedchen-welle-falter-wunderschoene-deckenlampe-kinderzimmer-fuer-maedchen-lampe-schmetterling-rosa-blueten-bewegliche-deckenstrahler-100-x-20-x-25cm-rosa-pink\/","title":{"rendered":"Elobra Kinderlampe M\u00e4dchen &#8220;Welle Falter&#8221; | Wundersch\u00f6ne Deckenlampe Kinderzimmer f\u00fcr M\u00e4dchen, Lampe Schmetterling, rosa, Bl\u00fcten, bewegliche Deckenstrahler, 100 x 20 x 25cm, Rosa Pink"},"content":{"rendered":"<p>\ud83d\ude4c HERGESTELLT IN DEUTSCHLAND &#8211; Die Kinder Lampe &#8220;Welle Falter&#8221; f\u00fcr M\u00e4dchen wird mit viel Liebe zum Detail im Erzgebirge von Hand gefertigt. Die praktische Deckenlampe ist ein Traum f\u00fcr jedes M\u00e4dchen Kinderzimmer oder Babyzimmer.<br \/>\n\ud83c\udf33 HOCHWERTIGES MATERIAL &#8211; Unsere leuchte &#8220;Welle Falter&#8221; ist als Wand- und Deckenlampe einsetzbar. Sie besteht aus hochwertigem Holz und ist mit l\u00f6sungsmittelfreien Lack auf Wasserbasis lackiert. Das nat\u00fcrliche Material, die Schmetterlinge und die rosa Farbe sorgen in jedem M\u00e4dchen Kinderzimmer f\u00fcr eine m\u00e4rchenhafte Atmosph\u00e4re.<br \/>\n\ud83d\udca1 ENERGIESPAREND &#8211; Die h\u00fcbsche M\u00e4dchen Kinderzimmer Lampe mit Blumen und Schmetterlingen kann mit energiesparenden A++ Leuchtmitteln ausgestattet werden. Die 4 Strahler sind verstellbar und k\u00f6nnen somit jeden gew\u00fcnschten Bereich im Kinderzimmer ausleuchten.<br \/>\n\ud83c\udf38 SCHMETTERLING LAMPE &#8211; Die liebevoll gestaltete Lampe ist ein absoluter M\u00e4dchentraum. Wundersch\u00f6ne Schmetterlinge, Blumen, rosa Farbe und nat\u00fcrliches Holz. Die Augen Ihrer Prinzessin werden leuchten. Schauen Sie sich auch die weiteren Kinderzimmer Lampen f\u00fcr M\u00e4dchen aus unserer s\u00fc\u00dfen M\u00e4rchenwelt an.<br \/>\n\ud83d\udee0\ufe0f LEICHTE MONTAGE &#8211; Die M\u00e4dchen Kinderlampe f\u00fcr Decke und Wand l\u00e4sst sich wie jede handels\u00fcbliche Lampe anbringen. Eine Erdung ist nicht erforderlich. Ma\u00dfe der Lampe: 100 x 20 x 25cm. Es lassen sich handels\u00fcbliche Leuchtmittel von A++ bis E einsetzen (nicht enthalten). Die Strahler k\u00f6nnen f\u00fcr eine optimale Ausleuchtung verstellt werden.<br \/>\n<div class=\"main-cross-sell\" data-asin=\"B001QLI5PE\">\n\n\t<div class=\"WooZone-cross-sell-loader\">\n\t\t<div>\n\t\t\t<div id=\"floatingBarsG\">\n\t\t\t\t<div class=\"blockG\" id=\"rotateG_01\"><\/div>\n\t\t\t\t<div class=\"blockG\" id=\"rotateG_02\"><\/div>\n\t\t\t\t<div class=\"blockG\" id=\"rotateG_03\"><\/div>\n\t\t\t\t<div class=\"blockG\" id=\"rotateG_04\"><\/div>\n\t\t\t\t<div class=\"blockG\" id=\"rotateG_05\"><\/div>\n\t\t\t\t<div class=\"blockG\" id=\"rotateG_06\"><\/div>\n\t\t\t\t<div class=\"blockG\" id=\"rotateG_07\"><\/div>\n\t\t\t\t<div class=\"blockG\" id=\"rotateG_08\"><\/div>\n\t\t\t<\/div>\n\t\t\t<div class=\"WooZone-cross-sell-loader-text\"><\/div>\n\t\t<\/div>\n\t<\/div>\n\n\t\t\n<\/div>\n<div style=\"clear:both;\"><\/div><\/p>\n","protected":false},"excerpt":{"rendered":"<p>\ud83d\ude4c HERGESTELLT IN DEUTSCHLAND &#8211; Die Kinder Lampe &#8220;Welle Falter&#8221; f\u00fcr M\u00e4dchen wird mit viel Liebe zum Detail im Erzgebirge von Hand gefertigt. Die praktische Deckenlampe ist ein Traum f\u00fcr jedes M\u00e4dchen Kinderzimmer oder Babyzimmer.<br \/>\n\ud83c\udf33 HOCHWERTIGES MATERIAL &#8211; Unsere leuchte &#8220;Welle Falter&#8221; ist als Wand- und Deckenlampe einsetzbar. Sie besteht aus hochwertigem Holz und ist mit l\u00f6sungsmittelfreien Lack auf Wasserbasis lackiert. Das nat\u00fcrliche Material, die Schmetterlinge und die rosa Farbe sorgen in jedem M\u00e4dchen Kinderzimmer f\u00fcr eine m\u00e4rchenhafte Atmosph\u00e4re.<br \/>\n\ud83d\udca1 ENERGIESPAREND &#8211; Die h\u00fcbsche M\u00e4dchen Kinderzimmer Lampe mit Blumen und Schmetterlingen kann mit energiesparenden A++ Leuchtmitteln ausgestattet werden. Die 4 Strahler sind verstellbar und k\u00f6nnen somit jeden gew\u00fcnschten Bereich im Kinderzimmer ausleuchten.<\/p>\n","protected":false},"featured_media":214158,"comment_status":"open","ping_status":"closed","template":"","meta":[],"product_brand":[],"product_cat":[2108,11509],"product_tag":[],"class_list":{"0":"post-214157","1":"product","2":"type-product","3":"status-publish","4":"has-post-thumbnail","6":"product_cat-beleuchtung","7":"product_cat-innenbeleuchtung","8":"pa_binding-haushaltswaren","9":"pa_brand-elobra","10":"pa_color-rosa-pink","11":"pa_height-9-842519675-zoll","12":"pa_length-39-3700787-zoll","13":"pa_manufacturer-elobra","14":"pa_model-53989","15":"pa_size-100-x-20-x-25cm","16":"pa_width-7-87401574-zoll","18":"first","19":"instock","20":"shipping-taxable","21":"purchasable","22":"product-type-simple","23":"customify-col","24":"product-has-gallery"},"yoast_head":"<!-- This site is optimized with the Yoast SEO plugin v27.3 - https:\/\/yoast.com\/product\/yoast-seo-wordpress\/ -->\n<title>Elobra Kinderlampe M\u00e4dchen &quot;Welle Falter&quot; | Wundersch\u00f6ne Deckenlampe Kinderzimmer f\u00fcr M\u00e4dchen, Lampe Schmetterling, rosa, Bl\u00fcten, bewegliche Deckenstrahler, 100 x 20 x 25cm, Rosa Pink - Markt-XXL<\/title>\n<meta name=\"description\" content=\"Markt-XXL Elobra Kinderlampe M\u00e4dchen &quot;Welle Falter&quot; | Wundersch\u00f6ne Deckenlampe Kinderzimmer f\u00fcr M\u00e4dchen, Lampe Schmetterling, rosa, Bl\u00fcten, bewegliche Deckenstrahler, 100 x 20 x 25cm, Rosa Pink\" \/>\n<meta name=\"robots\" content=\"index, follow, max-snippet:-1, max-image-preview:large, max-video-preview:-1\" \/>\n<link rel=\"canonical\" href=\"https:\/\/marktxxl.de\/markt\/produkt\/elobra-kinderlampe-maedchen-welle-falter-wunderschoene-deckenlampe-kinderzimmer-fuer-maedchen-lampe-schmetterling-rosa-blueten-bewegliche-deckenstrahler-100-x-20-x-25cm-rosa-pink\/\" \/>\n<meta property=\"og:locale\" content=\"de_DE\" \/>\n<meta property=\"og:type\" content=\"article\" \/>\n<meta property=\"og:title\" content=\"Elobra Kinderlampe M\u00e4dchen &quot;Welle Falter&quot; | Wundersch\u00f6ne Deckenlampe Kinderzimmer f\u00fcr M\u00e4dchen, Lampe Schmetterling, rosa, Bl\u00fcten, bewegliche Deckenstrahler, 100 x 20 x 25cm, Rosa Pink - Markt-XXL\" \/>\n<meta property=\"og:description\" content=\"Markt-XXL Elobra Kinderlampe M\u00e4dchen &quot;Welle Falter&quot; | Wundersch\u00f6ne Deckenlampe Kinderzimmer f\u00fcr M\u00e4dchen, Lampe Schmetterling, rosa, Bl\u00fcten, bewegliche Deckenstrahler, 100 x 20 x 25cm, Rosa Pink\" \/>\n<meta property=\"og:url\" content=\"https:\/\/marktxxl.de\/markt\/produkt\/elobra-kinderlampe-maedchen-welle-falter-wunderschoene-deckenlampe-kinderzimmer-fuer-maedchen-lampe-schmetterling-rosa-blueten-bewegliche-deckenstrahler-100-x-20-x-25cm-rosa-pink\/\" \/>\n<meta property=\"og:site_name\" content=\"Markt-XXL\" \/>\n<meta name=\"twitter:card\" content=\"summary_large_image\" \/>\n<meta name=\"twitter:label1\" content=\"Gesch\u00e4tzte Lesezeit\" \/>\n\t<meta name=\"twitter:data1\" content=\"1\u00a0Minute\" \/>\n<script type=\"application\/ld+json\" class=\"yoast-schema-graph\">{\"@context\":\"https:\\\/\\\/schema.org\",\"@graph\":[{\"@type\":\"WebPage\",\"@id\":\"https:\\\/\\\/marktxxl.de\\\/markt\\\/produkt\\\/elobra-kinderlampe-maedchen-welle-falter-wunderschoene-deckenlampe-kinderzimmer-fuer-maedchen-lampe-schmetterling-rosa-blueten-bewegliche-deckenstrahler-100-x-20-x-25cm-rosa-pink\\\/\",\"url\":\"https:\\\/\\\/marktxxl.de\\\/markt\\\/produkt\\\/elobra-kinderlampe-maedchen-welle-falter-wunderschoene-deckenlampe-kinderzimmer-fuer-maedchen-lampe-schmetterling-rosa-blueten-bewegliche-deckenstrahler-100-x-20-x-25cm-rosa-pink\\\/\",\"name\":\"Elobra Kinderlampe M\u00e4dchen \\\"Welle Falter\\\" | Wundersch\u00f6ne Deckenlampe Kinderzimmer f\u00fcr M\u00e4dchen, Lampe Schmetterling, rosa, Bl\u00fcten, bewegliche Deckenstrahler, 100 x 20 x 25cm, Rosa Pink - Markt-XXL\",\"isPartOf\":{\"@id\":\"https:\\\/\\\/marktxxl.de\\\/markt\\\/#website\"},\"primaryImageOfPage\":{\"@id\":\"https:\\\/\\\/marktxxl.de\\\/markt\\\/produkt\\\/elobra-kinderlampe-maedchen-welle-falter-wunderschoene-deckenlampe-kinderzimmer-fuer-maedchen-lampe-schmetterling-rosa-blueten-bewegliche-deckenstrahler-100-x-20-x-25cm-rosa-pink\\\/#primaryimage\"},\"image\":{\"@id\":\"https:\\\/\\\/marktxxl.de\\\/markt\\\/produkt\\\/elobra-kinderlampe-maedchen-welle-falter-wunderschoene-deckenlampe-kinderzimmer-fuer-maedchen-lampe-schmetterling-rosa-blueten-bewegliche-deckenstrahler-100-x-20-x-25cm-rosa-pink\\\/#primaryimage\"},\"thumbnailUrl\":\"https:\\\/\\\/m.media-amazon.com\\\/images\\\/I\\\/31mgYE6K-7L._SL500_.jpg\",\"datePublished\":\"2024-06-28T20:38:38+00:00\",\"description\":\"Markt-XXL Elobra Kinderlampe M\u00e4dchen \\\"Welle Falter\\\" | Wundersch\u00f6ne Deckenlampe Kinderzimmer f\u00fcr M\u00e4dchen, Lampe Schmetterling, rosa, Bl\u00fcten, bewegliche Deckenstrahler, 100 x 20 x 25cm, Rosa Pink\",\"breadcrumb\":{\"@id\":\"https:\\\/\\\/marktxxl.de\\\/markt\\\/produkt\\\/elobra-kinderlampe-maedchen-welle-falter-wunderschoene-deckenlampe-kinderzimmer-fuer-maedchen-lampe-schmetterling-rosa-blueten-bewegliche-deckenstrahler-100-x-20-x-25cm-rosa-pink\\\/#breadcrumb\"},\"inLanguage\":\"de\",\"potentialAction\":[{\"@type\":\"ReadAction\",\"target\":[\"https:\\\/\\\/marktxxl.de\\\/markt\\\/produkt\\\/elobra-kinderlampe-maedchen-welle-falter-wunderschoene-deckenlampe-kinderzimmer-fuer-maedchen-lampe-schmetterling-rosa-blueten-bewegliche-deckenstrahler-100-x-20-x-25cm-rosa-pink\\\/\"]}]},{\"@type\":\"ImageObject\",\"inLanguage\":\"de\",\"@id\":\"https:\\\/\\\/marktxxl.de\\\/markt\\\/produkt\\\/elobra-kinderlampe-maedchen-welle-falter-wunderschoene-deckenlampe-kinderzimmer-fuer-maedchen-lampe-schmetterling-rosa-blueten-bewegliche-deckenstrahler-100-x-20-x-25cm-rosa-pink\\\/#primaryimage\",\"url\":\"https:\\\/\\\/m.media-amazon.com\\\/images\\\/I\\\/31mgYE6K-7L._SL500_.jpg\",\"contentUrl\":\"https:\\\/\\\/m.media-amazon.com\\\/images\\\/I\\\/31mgYE6K-7L._SL500_.jpg\",\"width\":500,\"height\":251},{\"@type\":\"BreadcrumbList\",\"@id\":\"https:\\\/\\\/marktxxl.de\\\/markt\\\/produkt\\\/elobra-kinderlampe-maedchen-welle-falter-wunderschoene-deckenlampe-kinderzimmer-fuer-maedchen-lampe-schmetterling-rosa-blueten-bewegliche-deckenstrahler-100-x-20-x-25cm-rosa-pink\\\/#breadcrumb\",\"itemListElement\":[{\"@type\":\"ListItem\",\"position\":1,\"name\":\"Startseite\",\"item\":\"https:\\\/\\\/marktxxl.de\\\/markt\\\/\"},{\"@type\":\"ListItem\",\"position\":2,\"name\":\"Markt\",\"item\":\"https:\\\/\\\/marktxxl.de\\\/markt\\\/\"},{\"@type\":\"ListItem\",\"position\":3,\"name\":\"Elobra Kinderlampe M\u00e4dchen &#8220;Welle Falter&#8221; | Wundersch\u00f6ne Deckenlampe Kinderzimmer f\u00fcr M\u00e4dchen, Lampe Schmetterling, rosa, Bl\u00fcten, bewegliche Deckenstrahler, 100 x 20 x 25cm, Rosa Pink\"}]},{\"@type\":\"WebSite\",\"@id\":\"https:\\\/\\\/marktxxl.de\\\/markt\\\/#website\",\"url\":\"https:\\\/\\\/marktxxl.de\\\/markt\\\/\",\"name\":\"Markt-XXL\",\"description\":\"Ihr Markt Online\",\"publisher\":{\"@id\":\"https:\\\/\\\/marktxxl.de\\\/markt\\\/#organization\"},\"potentialAction\":[{\"@type\":\"SearchAction\",\"target\":{\"@type\":\"EntryPoint\",\"urlTemplate\":\"https:\\\/\\\/marktxxl.de\\\/markt\\\/?s={search_term_string}\"},\"query-input\":{\"@type\":\"PropertyValueSpecification\",\"valueRequired\":true,\"valueName\":\"search_term_string\"}}],\"inLanguage\":\"de\"},{\"@type\":\"Organization\",\"@id\":\"https:\\\/\\\/marktxxl.de\\\/markt\\\/#organization\",\"name\":\"Markt-XXL\",\"url\":\"https:\\\/\\\/marktxxl.de\\\/markt\\\/\",\"logo\":{\"@type\":\"ImageObject\",\"inLanguage\":\"de\",\"@id\":\"https:\\\/\\\/marktxxl.de\\\/markt\\\/#\\\/schema\\\/logo\\\/image\\\/\",\"url\":\"https:\\\/\\\/marktxxl.de\\\/markt\\\/wp-content\\\/uploads\\\/sites\\\/3\\\/2020\\\/12\\\/logo.png\",\"contentUrl\":\"https:\\\/\\\/marktxxl.de\\\/markt\\\/wp-content\\\/uploads\\\/sites\\\/3\\\/2020\\\/12\\\/logo.png\",\"width\":200,\"height\":70,\"caption\":\"Markt-XXL\"},\"image\":{\"@id\":\"https:\\\/\\\/marktxxl.de\\\/markt\\\/#\\\/schema\\\/logo\\\/image\\\/\"}}]}<\/script>\n<!-- \/ Yoast SEO plugin. -->","yoast_head_json":{"title":"Elobra Kinderlampe M\u00e4dchen \"Welle Falter\" | Wundersch\u00f6ne Deckenlampe Kinderzimmer f\u00fcr M\u00e4dchen, Lampe Schmetterling, rosa, Bl\u00fcten, bewegliche Deckenstrahler, 100 x 20 x 25cm, Rosa Pink - Markt-XXL","description":"Markt-XXL Elobra Kinderlampe M\u00e4dchen \"Welle Falter\" | Wundersch\u00f6ne Deckenlampe Kinderzimmer f\u00fcr M\u00e4dchen, Lampe Schmetterling, rosa, Bl\u00fcten, bewegliche Deckenstrahler, 100 x 20 x 25cm, Rosa Pink","robots":{"index":"index","follow":"follow","max-snippet":"max-snippet:-1","max-image-preview":"max-image-preview:large","max-video-preview":"max-video-preview:-1"},"canonical":"https:\/\/marktxxl.de\/markt\/produkt\/elobra-kinderlampe-maedchen-welle-falter-wunderschoene-deckenlampe-kinderzimmer-fuer-maedchen-lampe-schmetterling-rosa-blueten-bewegliche-deckenstrahler-100-x-20-x-25cm-rosa-pink\/","og_locale":"de_DE","og_type":"article","og_title":"Elobra Kinderlampe M\u00e4dchen \"Welle Falter\" | Wundersch\u00f6ne Deckenlampe Kinderzimmer f\u00fcr M\u00e4dchen, Lampe Schmetterling, rosa, Bl\u00fcten, bewegliche Deckenstrahler, 100 x 20 x 25cm, Rosa Pink - Markt-XXL","og_description":"Markt-XXL Elobra Kinderlampe M\u00e4dchen \"Welle Falter\" | Wundersch\u00f6ne Deckenlampe Kinderzimmer f\u00fcr M\u00e4dchen, Lampe Schmetterling, rosa, Bl\u00fcten, bewegliche Deckenstrahler, 100 x 20 x 25cm, Rosa Pink","og_url":"https:\/\/marktxxl.de\/markt\/produkt\/elobra-kinderlampe-maedchen-welle-falter-wunderschoene-deckenlampe-kinderzimmer-fuer-maedchen-lampe-schmetterling-rosa-blueten-bewegliche-deckenstrahler-100-x-20-x-25cm-rosa-pink\/","og_site_name":"Markt-XXL","twitter_card":"summary_large_image","twitter_misc":{"Gesch\u00e4tzte Lesezeit":"1\u00a0Minute"},"schema":{"@context":"https:\/\/schema.org","@graph":[{"@type":"WebPage","@id":"https:\/\/marktxxl.de\/markt\/produkt\/elobra-kinderlampe-maedchen-welle-falter-wunderschoene-deckenlampe-kinderzimmer-fuer-maedchen-lampe-schmetterling-rosa-blueten-bewegliche-deckenstrahler-100-x-20-x-25cm-rosa-pink\/","url":"https:\/\/marktxxl.de\/markt\/produkt\/elobra-kinderlampe-maedchen-welle-falter-wunderschoene-deckenlampe-kinderzimmer-fuer-maedchen-lampe-schmetterling-rosa-blueten-bewegliche-deckenstrahler-100-x-20-x-25cm-rosa-pink\/","name":"Elobra Kinderlampe M\u00e4dchen \"Welle Falter\" | Wundersch\u00f6ne Deckenlampe Kinderzimmer f\u00fcr M\u00e4dchen, Lampe Schmetterling, rosa, Bl\u00fcten, bewegliche Deckenstrahler, 100 x 20 x 25cm, Rosa Pink - Markt-XXL","isPartOf":{"@id":"https:\/\/marktxxl.de\/markt\/#website"},"primaryImageOfPage":{"@id":"https:\/\/marktxxl.de\/markt\/produkt\/elobra-kinderlampe-maedchen-welle-falter-wunderschoene-deckenlampe-kinderzimmer-fuer-maedchen-lampe-schmetterling-rosa-blueten-bewegliche-deckenstrahler-100-x-20-x-25cm-rosa-pink\/#primaryimage"},"image":{"@id":"https:\/\/marktxxl.de\/markt\/produkt\/elobra-kinderlampe-maedchen-welle-falter-wunderschoene-deckenlampe-kinderzimmer-fuer-maedchen-lampe-schmetterling-rosa-blueten-bewegliche-deckenstrahler-100-x-20-x-25cm-rosa-pink\/#primaryimage"},"thumbnailUrl":"https:\/\/m.media-amazon.com\/images\/I\/31mgYE6K-7L._SL500_.jpg","datePublished":"2024-06-28T20:38:38+00:00","description":"Markt-XXL Elobra Kinderlampe M\u00e4dchen \"Welle Falter\" | Wundersch\u00f6ne Deckenlampe Kinderzimmer f\u00fcr M\u00e4dchen, Lampe Schmetterling, rosa, Bl\u00fcten, bewegliche Deckenstrahler, 100 x 20 x 25cm, Rosa Pink","breadcrumb":{"@id":"https:\/\/marktxxl.de\/markt\/produkt\/elobra-kinderlampe-maedchen-welle-falter-wunderschoene-deckenlampe-kinderzimmer-fuer-maedchen-lampe-schmetterling-rosa-blueten-bewegliche-deckenstrahler-100-x-20-x-25cm-rosa-pink\/#breadcrumb"},"inLanguage":"de","potentialAction":[{"@type":"ReadAction","target":["https:\/\/marktxxl.de\/markt\/produkt\/elobra-kinderlampe-maedchen-welle-falter-wunderschoene-deckenlampe-kinderzimmer-fuer-maedchen-lampe-schmetterling-rosa-blueten-bewegliche-deckenstrahler-100-x-20-x-25cm-rosa-pink\/"]}]},{"@type":"ImageObject","inLanguage":"de","@id":"https:\/\/marktxxl.de\/markt\/produkt\/elobra-kinderlampe-maedchen-welle-falter-wunderschoene-deckenlampe-kinderzimmer-fuer-maedchen-lampe-schmetterling-rosa-blueten-bewegliche-deckenstrahler-100-x-20-x-25cm-rosa-pink\/#primaryimage","url":"https:\/\/m.media-amazon.com\/images\/I\/31mgYE6K-7L._SL500_.jpg","contentUrl":"https:\/\/m.media-amazon.com\/images\/I\/31mgYE6K-7L._SL500_.jpg","width":500,"height":251},{"@type":"BreadcrumbList","@id":"https:\/\/marktxxl.de\/markt\/produkt\/elobra-kinderlampe-maedchen-welle-falter-wunderschoene-deckenlampe-kinderzimmer-fuer-maedchen-lampe-schmetterling-rosa-blueten-bewegliche-deckenstrahler-100-x-20-x-25cm-rosa-pink\/#breadcrumb","itemListElement":[{"@type":"ListItem","position":1,"name":"Startseite","item":"https:\/\/marktxxl.de\/markt\/"},{"@type":"ListItem","position":2,"name":"Markt","item":"https:\/\/marktxxl.de\/markt\/"},{"@type":"ListItem","position":3,"name":"Elobra Kinderlampe M\u00e4dchen &#8220;Welle Falter&#8221; | Wundersch\u00f6ne Deckenlampe Kinderzimmer f\u00fcr M\u00e4dchen, Lampe Schmetterling, rosa, Bl\u00fcten, bewegliche Deckenstrahler, 100 x 20 x 25cm, Rosa Pink"}]},{"@type":"WebSite","@id":"https:\/\/marktxxl.de\/markt\/#website","url":"https:\/\/marktxxl.de\/markt\/","name":"Markt-XXL","description":"Ihr Markt Online","publisher":{"@id":"https:\/\/marktxxl.de\/markt\/#organization"},"potentialAction":[{"@type":"SearchAction","target":{"@type":"EntryPoint","urlTemplate":"https:\/\/marktxxl.de\/markt\/?s={search_term_string}"},"query-input":{"@type":"PropertyValueSpecification","valueRequired":true,"valueName":"search_term_string"}}],"inLanguage":"de"},{"@type":"Organization","@id":"https:\/\/marktxxl.de\/markt\/#organization","name":"Markt-XXL","url":"https:\/\/marktxxl.de\/markt\/","logo":{"@type":"ImageObject","inLanguage":"de","@id":"https:\/\/marktxxl.de\/markt\/#\/schema\/logo\/image\/","url":"https:\/\/marktxxl.de\/markt\/wp-content\/uploads\/sites\/3\/2020\/12\/logo.png","contentUrl":"https:\/\/marktxxl.de\/markt\/wp-content\/uploads\/sites\/3\/2020\/12\/logo.png","width":200,"height":70,"caption":"Markt-XXL"},"image":{"@id":"https:\/\/marktxxl.de\/markt\/#\/schema\/logo\/image\/"}}]}},"_links":{"self":[{"href":"https:\/\/marktxxl.de\/markt\/wp-json\/wp\/v2\/product\/214157","targetHints":{"allow":["GET"]}}],"collection":[{"href":"https:\/\/marktxxl.de\/markt\/wp-json\/wp\/v2\/product"}],"about":[{"href":"https:\/\/marktxxl.de\/markt\/wp-json\/wp\/v2\/types\/product"}],"replies":[{"embeddable":true,"href":"https:\/\/marktxxl.de\/markt\/wp-json\/wp\/v2\/comments?post=214157"}],"wp:featuredmedia":[{"embeddable":true,"href":"https:\/\/marktxxl.de\/markt\/wp-json\/wp\/v2\/media\/214158"}],"wp:attachment":[{"href":"https:\/\/marktxxl.de\/markt\/wp-json\/wp\/v2\/media?parent=214157"}],"wp:term":[{"taxonomy":"product_brand","embeddable":true,"href":"https:\/\/marktxxl.de\/markt\/wp-json\/wp\/v2\/product_brand?post=214157"},{"taxonomy":"product_cat","embeddable":true,"href":"https:\/\/marktxxl.de\/markt\/wp-json\/wp\/v2\/product_cat?post=214157"},{"taxonomy":"product_tag","embeddable":true,"href":"https:\/\/marktxxl.de\/markt\/wp-json\/wp\/v2\/product_tag?post=214157"}],"curies":[{"name":"wp","href":"https:\/\/api.w.org\/{rel}","templated":true}]}}