{"id":214138,"date":"2024-06-28T22:38:09","date_gmt":"2024-06-28T20:38:09","guid":{"rendered":"https:\/\/marktxxl.de\/markt\/produkt\/woukksy-suesser-toaster-led-nachtlicht-nachttischlampe-fuer-kinder-baby-maedchen-stilllicht-wiederaufladbare-dimmbar-mit-timing-funktion-nachtlampe-fuer-kinderzimmer-deko-ideal-geschenke-gruen\/"},"modified":"2024-06-28T22:38:09","modified_gmt":"2024-06-28T20:38:09","slug":"woukksy-suesser-toaster-led-nachtlicht-nachttischlampe-fuer-kinder-baby-maedchen-stilllicht-wiederaufladbare-dimmbar-mit-timing-funktion-nachtlampe-fuer-kinderzimmer-deko-ideal-geschenke-gruen","status":"publish","type":"product","link":"https:\/\/marktxxl.de\/markt\/produkt\/woukksy-suesser-toaster-led-nachtlicht-nachttischlampe-fuer-kinder-baby-maedchen-stilllicht-wiederaufladbare-dimmbar-mit-timing-funktion-nachtlampe-fuer-kinderzimmer-deko-ideal-geschenke-gruen\/","title":{"rendered":"Woukksy S\u00fc\u00dfer Toaster LED Nachtlicht, Nachttischlampe f\u00fcr Kinder, Baby, M\u00e4dchen, Stilllicht Wiederaufladbare Dimmbar mit Timing Funktion, Nachtlampe f\u00fcr Kinderzimmer Deko, Ideal Geschenke, Gr\u00fcn"},"content":{"rendered":"<p>\ud83c\udf5e Einzigartiges Toaster Design \ud83c\udf5e &#8212; Diese Kawaii Tischleuchte wurde als Toasterform entworfen, die sich durch Retro Stil und modisch auszeichnet. Das beruhigende Leuchten l\u00e4sst sich gut als Nachtlicht, Stilllicht, Tischlampe und Ambientelampe verwenden und f\u00fcgt sich auf nat\u00fcrliche Weise in Ihre M\u00f6bel und Ihr Dekor ein.<br \/>\n\ud83c\udf5e Wiederaufladbare kinderlicht Dimmbar \ud83c\udf5e &#8212; Das tragbare USB Nachtlicht verf\u00fcgt \u00fcber einen eingebauten 800mAh Akku. Sie k\u00f6nnen die gew\u00fcnschte Helligkeit einstellen. Die Arbeitszeit bis zu 250 Stunden bei geringer Helligkeit. Das geringe Gewicht und die geringe Gr\u00f6\u00dfe entscheiden sich daf\u00fcr, \u00fcberall begrenzten Platz zu schaffen, wie z. Kopfteilregal, niedriges B\u00fccherregal und Schrank. Hinweis: Sie m\u00fcssen die Nachtlampe aktivieren, indem Sie sie beim ersten Gebrauch aufladen.<br \/>\n\ud83c\udf5e Nachtlicht mit Timing und SpeicherFunktion \ud83c\udf5e &#8212; Die Kinderlampe mit weichem &amp; erinnerndem Licht und 15-Minuten-Timer-Funktion ist eine gute Idee als stilllicht, nachttischlampe und Umgebungslicht. Doppelklicken Sie auf den Joystick, um die Timer-Funktion einzuschalten. Das liebliche L\u00e4cheln wird Sie und Ihre Kinder in einen s\u00fc\u00dfen Traum begleiten.<br \/>\n\ud83c\udf5e Breite Anwendung \ud83c\udf5e &#8212; Es ist nicht nur ein praktisches Beleuchtungswerkzeug, sondern auch eine fantastische Dekoration f\u00fcr Babyzimmer, Schlafzimmer, Restaurant, Schreibtisch, B\u00fcro, Caf\u00e9. Es sieht tags\u00fcber oder nachts gerade genug charmant aus und verleiht dem Raum einen Hauch von Charakter.<br \/>\n\ud83c\udf81\ud83c\udf81 Woukksy Nachtlampe ist auch das beste Geschenk f\u00fcr Kinder, Baby, M\u00e4dchen, Frauen und Freunde zu Weihnachten, Halloween, Geburtstag, Ostern und so weiter. Wir gew\u00e4hren eine lebenslange Garantie auf die Nachtlicht.<br \/>\n<div class=\"main-cross-sell\" data-asin=\"B0BY8MRVLV\">\n\n\t<div class=\"WooZone-cross-sell-loader\">\n\t\t<div>\n\t\t\t<div id=\"floatingBarsG\">\n\t\t\t\t<div class=\"blockG\" id=\"rotateG_01\"><\/div>\n\t\t\t\t<div class=\"blockG\" id=\"rotateG_02\"><\/div>\n\t\t\t\t<div class=\"blockG\" id=\"rotateG_03\"><\/div>\n\t\t\t\t<div class=\"blockG\" id=\"rotateG_04\"><\/div>\n\t\t\t\t<div class=\"blockG\" id=\"rotateG_05\"><\/div>\n\t\t\t\t<div class=\"blockG\" id=\"rotateG_06\"><\/div>\n\t\t\t\t<div class=\"blockG\" id=\"rotateG_07\"><\/div>\n\t\t\t\t<div class=\"blockG\" id=\"rotateG_08\"><\/div>\n\t\t\t<\/div>\n\t\t\t<div class=\"WooZone-cross-sell-loader-text\"><\/div>\n\t\t<\/div>\n\t<\/div>\n\n\t\t\n<\/div>\n<div style=\"clear:both;\"><\/div><\/p>\n","protected":false},"excerpt":{"rendered":"<p>\ud83c\udf5e Einzigartiges Toaster Design \ud83c\udf5e &#8212; Diese Kawaii Tischleuchte wurde als Toasterform entworfen, die sich durch Retro Stil und modisch auszeichnet. Das beruhigende Leuchten l\u00e4sst sich gut als Nachtlicht, Stilllicht, Tischlampe und Ambientelampe verwenden und f\u00fcgt sich auf nat\u00fcrliche Weise in Ihre M\u00f6bel und Ihr Dekor ein.<br \/>\n\ud83c\udf5e Wiederaufladbare kinderlicht Dimmbar \ud83c\udf5e &#8212; Das tragbare USB Nachtlicht verf\u00fcgt \u00fcber einen eingebauten 800mAh Akku. Sie k\u00f6nnen die gew\u00fcnschte Helligkeit einstellen. Die Arbeitszeit bis zu 250 Stunden bei geringer Helligkeit. Das geringe Gewicht und die geringe Gr\u00f6\u00dfe entscheiden sich daf\u00fcr, \u00fcberall begrenzten Platz zu schaffen, wie z. Kopfteilregal, niedriges B\u00fccherregal und Schrank. Hinweis: Sie m\u00fcssen die Nachtlampe aktivieren, indem Sie sie beim ersten Gebrauch aufladen.<br \/>\n\ud83c\udf5e Nachtlicht mit Timing und SpeicherFunktion \ud83c\udf5e &#8212; Die Kinderlampe mit weichem &amp; erinnerndem Licht und 15-Minuten-Timer-Funktion ist eine gute Idee als stilllicht, nachttischlampe und Umgebungslicht. Doppelklicken Sie auf den Joystick, um die Timer-Funktion einzuschalten. Das liebliche L\u00e4cheln wird Sie und Ihre Kinder in einen s\u00fc\u00dfen Traum begleiten.<\/p>\n","protected":false},"featured_media":214139,"comment_status":"open","ping_status":"closed","template":"","meta":[],"product_brand":[],"product_cat":[2108,11509],"product_tag":[],"class_list":{"0":"post-214138","1":"product","2":"type-product","3":"status-publish","4":"has-post-thumbnail","6":"product_cat-beleuchtung","7":"product_cat-innenbeleuchtung","8":"pa_brand-woukksy","9":"pa_height-3-8582677126-zoll","10":"pa_length-2-1259842498-zoll","11":"pa_manufacturer-woukksy","12":"pa_width-5-2755905458-zoll","14":"first","15":"instock","16":"shipping-taxable","17":"product-type-simple","18":"customify-col","19":"product-has-gallery"},"yoast_head":"<!-- This site is optimized with the Yoast SEO plugin v27.4 - https:\/\/yoast.com\/product\/yoast-seo-wordpress\/ -->\n<title>Woukksy S\u00fc\u00dfer Toaster LED Nachtlicht, Nachttischlampe f\u00fcr Kinder, Baby, M\u00e4dchen, Stilllicht Wiederaufladbare Dimmbar mit Timing Funktion, Nachtlampe f\u00fcr Kinderzimmer Deko, Ideal Geschenke, Gr\u00fcn - Markt-XXL<\/title>\n<meta name=\"description\" content=\"Markt-XXL Woukksy S\u00fc\u00dfer Toaster LED Nachtlicht, Nachttischlampe f\u00fcr Kinder, Baby, M\u00e4dchen, Stilllicht Wiederaufladbare Dimmbar mit Timing Funktion, Nachtlampe f\u00fcr Kinderzimmer Deko, Ideal Geschenke, Gr\u00fcn\" \/>\n<meta name=\"robots\" content=\"index, follow, max-snippet:-1, max-image-preview:large, max-video-preview:-1\" \/>\n<link rel=\"canonical\" href=\"https:\/\/marktxxl.de\/markt\/produkt\/woukksy-suesser-toaster-led-nachtlicht-nachttischlampe-fuer-kinder-baby-maedchen-stilllicht-wiederaufladbare-dimmbar-mit-timing-funktion-nachtlampe-fuer-kinderzimmer-deko-ideal-geschenke-gruen\/\" \/>\n<meta property=\"og:locale\" content=\"de_DE\" \/>\n<meta property=\"og:type\" content=\"article\" \/>\n<meta property=\"og:title\" content=\"Woukksy S\u00fc\u00dfer Toaster LED Nachtlicht, Nachttischlampe f\u00fcr Kinder, Baby, M\u00e4dchen, Stilllicht Wiederaufladbare Dimmbar mit Timing Funktion, Nachtlampe f\u00fcr Kinderzimmer Deko, Ideal Geschenke, Gr\u00fcn - Markt-XXL\" \/>\n<meta property=\"og:description\" content=\"Markt-XXL Woukksy S\u00fc\u00dfer Toaster LED Nachtlicht, Nachttischlampe f\u00fcr Kinder, Baby, M\u00e4dchen, Stilllicht Wiederaufladbare Dimmbar mit Timing Funktion, Nachtlampe f\u00fcr Kinderzimmer Deko, Ideal Geschenke, Gr\u00fcn\" \/>\n<meta property=\"og:url\" content=\"https:\/\/marktxxl.de\/markt\/produkt\/woukksy-suesser-toaster-led-nachtlicht-nachttischlampe-fuer-kinder-baby-maedchen-stilllicht-wiederaufladbare-dimmbar-mit-timing-funktion-nachtlampe-fuer-kinderzimmer-deko-ideal-geschenke-gruen\/\" \/>\n<meta property=\"og:site_name\" content=\"Markt-XXL\" \/>\n<meta name=\"twitter:card\" content=\"summary_large_image\" \/>\n<meta name=\"twitter:label1\" content=\"Gesch\u00e4tzte Lesezeit\" \/>\n\t<meta name=\"twitter:data1\" content=\"1\u00a0Minute\" \/>\n<script type=\"application\/ld+json\" class=\"yoast-schema-graph\">{\"@context\":\"https:\\\/\\\/schema.org\",\"@graph\":[{\"@type\":\"WebPage\",\"@id\":\"https:\\\/\\\/marktxxl.de\\\/markt\\\/produkt\\\/woukksy-suesser-toaster-led-nachtlicht-nachttischlampe-fuer-kinder-baby-maedchen-stilllicht-wiederaufladbare-dimmbar-mit-timing-funktion-nachtlampe-fuer-kinderzimmer-deko-ideal-geschenke-gruen\\\/\",\"url\":\"https:\\\/\\\/marktxxl.de\\\/markt\\\/produkt\\\/woukksy-suesser-toaster-led-nachtlicht-nachttischlampe-fuer-kinder-baby-maedchen-stilllicht-wiederaufladbare-dimmbar-mit-timing-funktion-nachtlampe-fuer-kinderzimmer-deko-ideal-geschenke-gruen\\\/\",\"name\":\"Woukksy S\u00fc\u00dfer Toaster LED Nachtlicht, Nachttischlampe f\u00fcr Kinder, Baby, M\u00e4dchen, Stilllicht Wiederaufladbare Dimmbar mit Timing Funktion, Nachtlampe f\u00fcr Kinderzimmer Deko, Ideal Geschenke, Gr\u00fcn - Markt-XXL\",\"isPartOf\":{\"@id\":\"https:\\\/\\\/marktxxl.de\\\/markt\\\/#website\"},\"primaryImageOfPage\":{\"@id\":\"https:\\\/\\\/marktxxl.de\\\/markt\\\/produkt\\\/woukksy-suesser-toaster-led-nachtlicht-nachttischlampe-fuer-kinder-baby-maedchen-stilllicht-wiederaufladbare-dimmbar-mit-timing-funktion-nachtlampe-fuer-kinderzimmer-deko-ideal-geschenke-gruen\\\/#primaryimage\"},\"image\":{\"@id\":\"https:\\\/\\\/marktxxl.de\\\/markt\\\/produkt\\\/woukksy-suesser-toaster-led-nachtlicht-nachttischlampe-fuer-kinder-baby-maedchen-stilllicht-wiederaufladbare-dimmbar-mit-timing-funktion-nachtlampe-fuer-kinderzimmer-deko-ideal-geschenke-gruen\\\/#primaryimage\"},\"thumbnailUrl\":\"https:\\\/\\\/m.media-amazon.com\\\/images\\\/I\\\/31p+x3qLxBL._SL500_.jpg\",\"datePublished\":\"2024-06-28T20:38:09+00:00\",\"description\":\"Markt-XXL Woukksy S\u00fc\u00dfer Toaster LED Nachtlicht, Nachttischlampe f\u00fcr Kinder, Baby, M\u00e4dchen, Stilllicht Wiederaufladbare Dimmbar mit Timing Funktion, Nachtlampe f\u00fcr Kinderzimmer Deko, Ideal Geschenke, Gr\u00fcn\",\"breadcrumb\":{\"@id\":\"https:\\\/\\\/marktxxl.de\\\/markt\\\/produkt\\\/woukksy-suesser-toaster-led-nachtlicht-nachttischlampe-fuer-kinder-baby-maedchen-stilllicht-wiederaufladbare-dimmbar-mit-timing-funktion-nachtlampe-fuer-kinderzimmer-deko-ideal-geschenke-gruen\\\/#breadcrumb\"},\"inLanguage\":\"de\",\"potentialAction\":[{\"@type\":\"ReadAction\",\"target\":[\"https:\\\/\\\/marktxxl.de\\\/markt\\\/produkt\\\/woukksy-suesser-toaster-led-nachtlicht-nachttischlampe-fuer-kinder-baby-maedchen-stilllicht-wiederaufladbare-dimmbar-mit-timing-funktion-nachtlampe-fuer-kinderzimmer-deko-ideal-geschenke-gruen\\\/\"]}]},{\"@type\":\"ImageObject\",\"inLanguage\":\"de\",\"@id\":\"https:\\\/\\\/marktxxl.de\\\/markt\\\/produkt\\\/woukksy-suesser-toaster-led-nachtlicht-nachttischlampe-fuer-kinder-baby-maedchen-stilllicht-wiederaufladbare-dimmbar-mit-timing-funktion-nachtlampe-fuer-kinderzimmer-deko-ideal-geschenke-gruen\\\/#primaryimage\",\"url\":\"https:\\\/\\\/m.media-amazon.com\\\/images\\\/I\\\/31p+x3qLxBL._SL500_.jpg\",\"contentUrl\":\"https:\\\/\\\/m.media-amazon.com\\\/images\\\/I\\\/31p+x3qLxBL._SL500_.jpg\",\"width\":500,\"height\":500},{\"@type\":\"BreadcrumbList\",\"@id\":\"https:\\\/\\\/marktxxl.de\\\/markt\\\/produkt\\\/woukksy-suesser-toaster-led-nachtlicht-nachttischlampe-fuer-kinder-baby-maedchen-stilllicht-wiederaufladbare-dimmbar-mit-timing-funktion-nachtlampe-fuer-kinderzimmer-deko-ideal-geschenke-gruen\\\/#breadcrumb\",\"itemListElement\":[{\"@type\":\"ListItem\",\"position\":1,\"name\":\"Startseite\",\"item\":\"https:\\\/\\\/marktxxl.de\\\/markt\\\/\"},{\"@type\":\"ListItem\",\"position\":2,\"name\":\"Markt\",\"item\":\"https:\\\/\\\/marktxxl.de\\\/markt\\\/\"},{\"@type\":\"ListItem\",\"position\":3,\"name\":\"Woukksy S\u00fc\u00dfer Toaster LED Nachtlicht, Nachttischlampe f\u00fcr Kinder, Baby, M\u00e4dchen, Stilllicht Wiederaufladbare Dimmbar mit Timing Funktion, Nachtlampe f\u00fcr Kinderzimmer Deko, Ideal Geschenke, Gr\u00fcn\"}]},{\"@type\":\"WebSite\",\"@id\":\"https:\\\/\\\/marktxxl.de\\\/markt\\\/#website\",\"url\":\"https:\\\/\\\/marktxxl.de\\\/markt\\\/\",\"name\":\"Markt-XXL\",\"description\":\"Ihr Markt Online\",\"publisher\":{\"@id\":\"https:\\\/\\\/marktxxl.de\\\/markt\\\/#organization\"},\"potentialAction\":[{\"@type\":\"SearchAction\",\"target\":{\"@type\":\"EntryPoint\",\"urlTemplate\":\"https:\\\/\\\/marktxxl.de\\\/markt\\\/?s={search_term_string}\"},\"query-input\":{\"@type\":\"PropertyValueSpecification\",\"valueRequired\":true,\"valueName\":\"search_term_string\"}}],\"inLanguage\":\"de\"},{\"@type\":\"Organization\",\"@id\":\"https:\\\/\\\/marktxxl.de\\\/markt\\\/#organization\",\"name\":\"Markt-XXL\",\"url\":\"https:\\\/\\\/marktxxl.de\\\/markt\\\/\",\"logo\":{\"@type\":\"ImageObject\",\"inLanguage\":\"de\",\"@id\":\"https:\\\/\\\/marktxxl.de\\\/markt\\\/#\\\/schema\\\/logo\\\/image\\\/\",\"url\":\"https:\\\/\\\/marktxxl.de\\\/markt\\\/wp-content\\\/uploads\\\/sites\\\/3\\\/2020\\\/12\\\/logo.png\",\"contentUrl\":\"https:\\\/\\\/marktxxl.de\\\/markt\\\/wp-content\\\/uploads\\\/sites\\\/3\\\/2020\\\/12\\\/logo.png\",\"width\":200,\"height\":70,\"caption\":\"Markt-XXL\"},\"image\":{\"@id\":\"https:\\\/\\\/marktxxl.de\\\/markt\\\/#\\\/schema\\\/logo\\\/image\\\/\"}}]}<\/script>\n<!-- \/ Yoast SEO plugin. -->","yoast_head_json":{"title":"Woukksy S\u00fc\u00dfer Toaster LED Nachtlicht, Nachttischlampe f\u00fcr Kinder, Baby, M\u00e4dchen, Stilllicht Wiederaufladbare Dimmbar mit Timing Funktion, Nachtlampe f\u00fcr Kinderzimmer Deko, Ideal Geschenke, Gr\u00fcn - Markt-XXL","description":"Markt-XXL Woukksy S\u00fc\u00dfer Toaster LED Nachtlicht, Nachttischlampe f\u00fcr Kinder, Baby, M\u00e4dchen, Stilllicht Wiederaufladbare Dimmbar mit Timing Funktion, Nachtlampe f\u00fcr Kinderzimmer Deko, Ideal Geschenke, Gr\u00fcn","robots":{"index":"index","follow":"follow","max-snippet":"max-snippet:-1","max-image-preview":"max-image-preview:large","max-video-preview":"max-video-preview:-1"},"canonical":"https:\/\/marktxxl.de\/markt\/produkt\/woukksy-suesser-toaster-led-nachtlicht-nachttischlampe-fuer-kinder-baby-maedchen-stilllicht-wiederaufladbare-dimmbar-mit-timing-funktion-nachtlampe-fuer-kinderzimmer-deko-ideal-geschenke-gruen\/","og_locale":"de_DE","og_type":"article","og_title":"Woukksy S\u00fc\u00dfer Toaster LED Nachtlicht, Nachttischlampe f\u00fcr Kinder, Baby, M\u00e4dchen, Stilllicht Wiederaufladbare Dimmbar mit Timing Funktion, Nachtlampe f\u00fcr Kinderzimmer Deko, Ideal Geschenke, Gr\u00fcn - Markt-XXL","og_description":"Markt-XXL Woukksy S\u00fc\u00dfer Toaster LED Nachtlicht, Nachttischlampe f\u00fcr Kinder, Baby, M\u00e4dchen, Stilllicht Wiederaufladbare Dimmbar mit Timing Funktion, Nachtlampe f\u00fcr Kinderzimmer Deko, Ideal Geschenke, Gr\u00fcn","og_url":"https:\/\/marktxxl.de\/markt\/produkt\/woukksy-suesser-toaster-led-nachtlicht-nachttischlampe-fuer-kinder-baby-maedchen-stilllicht-wiederaufladbare-dimmbar-mit-timing-funktion-nachtlampe-fuer-kinderzimmer-deko-ideal-geschenke-gruen\/","og_site_name":"Markt-XXL","twitter_card":"summary_large_image","twitter_misc":{"Gesch\u00e4tzte Lesezeit":"1\u00a0Minute"},"schema":{"@context":"https:\/\/schema.org","@graph":[{"@type":"WebPage","@id":"https:\/\/marktxxl.de\/markt\/produkt\/woukksy-suesser-toaster-led-nachtlicht-nachttischlampe-fuer-kinder-baby-maedchen-stilllicht-wiederaufladbare-dimmbar-mit-timing-funktion-nachtlampe-fuer-kinderzimmer-deko-ideal-geschenke-gruen\/","url":"https:\/\/marktxxl.de\/markt\/produkt\/woukksy-suesser-toaster-led-nachtlicht-nachttischlampe-fuer-kinder-baby-maedchen-stilllicht-wiederaufladbare-dimmbar-mit-timing-funktion-nachtlampe-fuer-kinderzimmer-deko-ideal-geschenke-gruen\/","name":"Woukksy S\u00fc\u00dfer Toaster LED Nachtlicht, Nachttischlampe f\u00fcr Kinder, Baby, M\u00e4dchen, Stilllicht Wiederaufladbare Dimmbar mit Timing Funktion, Nachtlampe f\u00fcr Kinderzimmer Deko, Ideal Geschenke, Gr\u00fcn - Markt-XXL","isPartOf":{"@id":"https:\/\/marktxxl.de\/markt\/#website"},"primaryImageOfPage":{"@id":"https:\/\/marktxxl.de\/markt\/produkt\/woukksy-suesser-toaster-led-nachtlicht-nachttischlampe-fuer-kinder-baby-maedchen-stilllicht-wiederaufladbare-dimmbar-mit-timing-funktion-nachtlampe-fuer-kinderzimmer-deko-ideal-geschenke-gruen\/#primaryimage"},"image":{"@id":"https:\/\/marktxxl.de\/markt\/produkt\/woukksy-suesser-toaster-led-nachtlicht-nachttischlampe-fuer-kinder-baby-maedchen-stilllicht-wiederaufladbare-dimmbar-mit-timing-funktion-nachtlampe-fuer-kinderzimmer-deko-ideal-geschenke-gruen\/#primaryimage"},"thumbnailUrl":"https:\/\/m.media-amazon.com\/images\/I\/31p+x3qLxBL._SL500_.jpg","datePublished":"2024-06-28T20:38:09+00:00","description":"Markt-XXL Woukksy S\u00fc\u00dfer Toaster LED Nachtlicht, Nachttischlampe f\u00fcr Kinder, Baby, M\u00e4dchen, Stilllicht Wiederaufladbare Dimmbar mit Timing Funktion, Nachtlampe f\u00fcr Kinderzimmer Deko, Ideal Geschenke, Gr\u00fcn","breadcrumb":{"@id":"https:\/\/marktxxl.de\/markt\/produkt\/woukksy-suesser-toaster-led-nachtlicht-nachttischlampe-fuer-kinder-baby-maedchen-stilllicht-wiederaufladbare-dimmbar-mit-timing-funktion-nachtlampe-fuer-kinderzimmer-deko-ideal-geschenke-gruen\/#breadcrumb"},"inLanguage":"de","potentialAction":[{"@type":"ReadAction","target":["https:\/\/marktxxl.de\/markt\/produkt\/woukksy-suesser-toaster-led-nachtlicht-nachttischlampe-fuer-kinder-baby-maedchen-stilllicht-wiederaufladbare-dimmbar-mit-timing-funktion-nachtlampe-fuer-kinderzimmer-deko-ideal-geschenke-gruen\/"]}]},{"@type":"ImageObject","inLanguage":"de","@id":"https:\/\/marktxxl.de\/markt\/produkt\/woukksy-suesser-toaster-led-nachtlicht-nachttischlampe-fuer-kinder-baby-maedchen-stilllicht-wiederaufladbare-dimmbar-mit-timing-funktion-nachtlampe-fuer-kinderzimmer-deko-ideal-geschenke-gruen\/#primaryimage","url":"https:\/\/m.media-amazon.com\/images\/I\/31p+x3qLxBL._SL500_.jpg","contentUrl":"https:\/\/m.media-amazon.com\/images\/I\/31p+x3qLxBL._SL500_.jpg","width":500,"height":500},{"@type":"BreadcrumbList","@id":"https:\/\/marktxxl.de\/markt\/produkt\/woukksy-suesser-toaster-led-nachtlicht-nachttischlampe-fuer-kinder-baby-maedchen-stilllicht-wiederaufladbare-dimmbar-mit-timing-funktion-nachtlampe-fuer-kinderzimmer-deko-ideal-geschenke-gruen\/#breadcrumb","itemListElement":[{"@type":"ListItem","position":1,"name":"Startseite","item":"https:\/\/marktxxl.de\/markt\/"},{"@type":"ListItem","position":2,"name":"Markt","item":"https:\/\/marktxxl.de\/markt\/"},{"@type":"ListItem","position":3,"name":"Woukksy S\u00fc\u00dfer Toaster LED Nachtlicht, Nachttischlampe f\u00fcr Kinder, Baby, M\u00e4dchen, Stilllicht Wiederaufladbare Dimmbar mit Timing Funktion, Nachtlampe f\u00fcr Kinderzimmer Deko, Ideal Geschenke, Gr\u00fcn"}]},{"@type":"WebSite","@id":"https:\/\/marktxxl.de\/markt\/#website","url":"https:\/\/marktxxl.de\/markt\/","name":"Markt-XXL","description":"Ihr Markt Online","publisher":{"@id":"https:\/\/marktxxl.de\/markt\/#organization"},"potentialAction":[{"@type":"SearchAction","target":{"@type":"EntryPoint","urlTemplate":"https:\/\/marktxxl.de\/markt\/?s={search_term_string}"},"query-input":{"@type":"PropertyValueSpecification","valueRequired":true,"valueName":"search_term_string"}}],"inLanguage":"de"},{"@type":"Organization","@id":"https:\/\/marktxxl.de\/markt\/#organization","name":"Markt-XXL","url":"https:\/\/marktxxl.de\/markt\/","logo":{"@type":"ImageObject","inLanguage":"de","@id":"https:\/\/marktxxl.de\/markt\/#\/schema\/logo\/image\/","url":"https:\/\/marktxxl.de\/markt\/wp-content\/uploads\/sites\/3\/2020\/12\/logo.png","contentUrl":"https:\/\/marktxxl.de\/markt\/wp-content\/uploads\/sites\/3\/2020\/12\/logo.png","width":200,"height":70,"caption":"Markt-XXL"},"image":{"@id":"https:\/\/marktxxl.de\/markt\/#\/schema\/logo\/image\/"}}]}},"_links":{"self":[{"href":"https:\/\/marktxxl.de\/markt\/wp-json\/wp\/v2\/product\/214138","targetHints":{"allow":["GET"]}}],"collection":[{"href":"https:\/\/marktxxl.de\/markt\/wp-json\/wp\/v2\/product"}],"about":[{"href":"https:\/\/marktxxl.de\/markt\/wp-json\/wp\/v2\/types\/product"}],"replies":[{"embeddable":true,"href":"https:\/\/marktxxl.de\/markt\/wp-json\/wp\/v2\/comments?post=214138"}],"wp:featuredmedia":[{"embeddable":true,"href":"https:\/\/marktxxl.de\/markt\/wp-json\/wp\/v2\/media\/214139"}],"wp:attachment":[{"href":"https:\/\/marktxxl.de\/markt\/wp-json\/wp\/v2\/media?parent=214138"}],"wp:term":[{"taxonomy":"product_brand","embeddable":true,"href":"https:\/\/marktxxl.de\/markt\/wp-json\/wp\/v2\/product_brand?post=214138"},{"taxonomy":"product_cat","embeddable":true,"href":"https:\/\/marktxxl.de\/markt\/wp-json\/wp\/v2\/product_cat?post=214138"},{"taxonomy":"product_tag","embeddable":true,"href":"https:\/\/marktxxl.de\/markt\/wp-json\/wp\/v2\/product_tag?post=214138"}],"curies":[{"name":"wp","href":"https:\/\/api.w.org\/{rel}","templated":true}]}}