{"id":214045,"date":"2024-06-28T22:18:52","date_gmt":"2024-06-28T20:18:52","guid":{"rendered":"https:\/\/marktxxl.de\/markt\/produkt\/agptek-solar-poolbeleuchtung-solar-deck-light-outdoor-solarlampe-4-stuecke-ip68-wasserdichte-warnschrittlichter-fuer-gartenweg-fusswegen-schwimmbad-rasen-stufen-teich-2-farbmodi-blau-und-wei\/"},"modified":"2024-06-28T22:18:52","modified_gmt":"2024-06-28T20:18:52","slug":"agptek-solar-poolbeleuchtung-solar-deck-light-outdoor-solarlampe-4-stuecke-ip68-wasserdichte-warnschrittlichter-fuer-gartenweg-fusswegen-schwimmbad-rasen-stufen-teich-2-farbmodi-blau-und-wei","status":"publish","type":"product","link":"https:\/\/marktxxl.de\/markt\/produkt\/agptek-solar-poolbeleuchtung-solar-deck-light-outdoor-solarlampe-4-stuecke-ip68-wasserdichte-warnschrittlichter-fuer-gartenweg-fusswegen-schwimmbad-rasen-stufen-teich-2-farbmodi-blau-und-wei\/","title":{"rendered":"AGPTEK Solar Poolbeleuchtung, Solar Deck Light Outdoor, Solarlampe, 4 St\u00fccke, IP68 wasserdichte Warnschrittlichter f\u00fcr Gartenweg Fu\u00dfwegen, Schwimmbad, Rasen, Stufen, Teich, 2 Farbmodi (Blau und Wei\u00df)"},"content":{"rendered":"<p>Dual Farben: 2 Farben in 1 (Blau oder Wei\u00df), damit die Solardeck Lichter nicht nur auf Einfahrt, Warnstufenleuchten, Poolbeleuchtung und Leitlichter sein k\u00f6nnen, sondern auch als Dekorationslichter im Freien, um Ihr Schwimmb\u00e4der, Garten, Teiche und Terrasse zu dekorieren. Zweifarbige Modi, passt perfekt f\u00fcr verschiedene Dekorationsstile!<br \/>\nSchnelle Aufladung und langlebig beleuchten: Es besteht aus Monokristalline Silicon Solarmodule und verwenden gro\u00dfe Batterie (600mAh). Unsere Solarlampe unterst\u00fctzen 20 Stunden lang nach 4-5 Stunden Ladezeit in vollem Sonnenlicht. Sie m\u00fcssen nicht manuell steuern, diese Solarleuchten werden in der Abendd\u00e4mmerung automatisch eingeschaltet und im Morgengrauen ausgeschaltet.<br \/>\nDruckresistent und extremes Wetter: Aluminiumlegierung Geh\u00e4use dauerhaft genug und bis zu 3 Tonnen Gewicht standhalten. Sie m\u00fcssen sich keine Sorgen um Autos und Kinder eintreten.<br \/>\nIP68 Wasserdichte: Mit einem IP68 -wasserdichten Design und einem dicht versiegelten Batteriefach, es ist super wasserdicht, frostresistent, hitzebest\u00e4ndig.<br \/>\nEinfache Installation: \u00d6ffnen Sie einfach den Schalter zuerst und befestigen Sie sie mit den Schrauben oder direkt auf den Boden legen!<br \/>\n<div class=\"main-cross-sell\" data-asin=\"B07Q8FZ65T\">\n\n\t<div class=\"WooZone-cross-sell-loader\">\n\t\t<div>\n\t\t\t<div id=\"floatingBarsG\">\n\t\t\t\t<div class=\"blockG\" id=\"rotateG_01\"><\/div>\n\t\t\t\t<div class=\"blockG\" id=\"rotateG_02\"><\/div>\n\t\t\t\t<div class=\"blockG\" id=\"rotateG_03\"><\/div>\n\t\t\t\t<div class=\"blockG\" id=\"rotateG_04\"><\/div>\n\t\t\t\t<div class=\"blockG\" id=\"rotateG_05\"><\/div>\n\t\t\t\t<div class=\"blockG\" id=\"rotateG_06\"><\/div>\n\t\t\t\t<div class=\"blockG\" id=\"rotateG_07\"><\/div>\n\t\t\t\t<div class=\"blockG\" id=\"rotateG_08\"><\/div>\n\t\t\t<\/div>\n\t\t\t<div class=\"WooZone-cross-sell-loader-text\"><\/div>\n\t\t<\/div>\n\t<\/div>\n\n\t\t\n<\/div>\n<div style=\"clear:both;\"><\/div><\/p>\n","protected":false},"excerpt":{"rendered":"<p>Dual Farben: 2 Farben in 1 (Blau oder Wei\u00df), damit die Solardeck Lichter nicht nur auf Einfahrt, Warnstufenleuchten, Poolbeleuchtung und Leitlichter sein k\u00f6nnen, sondern auch als Dekorationslichter im Freien, um Ihr Schwimmb\u00e4der, Garten, Teiche und Terrasse zu dekorieren. Zweifarbige Modi, passt perfekt f\u00fcr verschiedene Dekorationsstile!<br \/>\nSchnelle Aufladung und langlebig beleuchten: Es besteht aus Monokristalline Silicon Solarmodule und verwenden gro\u00dfe Batterie (600mAh). Unsere Solarlampe unterst\u00fctzen 20 Stunden lang nach 4-5 Stunden Ladezeit in vollem Sonnenlicht. Sie m\u00fcssen nicht manuell steuern, diese Solarleuchten werden in der Abendd\u00e4mmerung automatisch eingeschaltet und im Morgengrauen ausgeschaltet.<br \/>\nDruckresistent und extremes Wetter: Aluminiumlegierung Geh\u00e4use dauerhaft genug und bis zu 3 Tonnen Gewicht standhalten. Sie m\u00fcssen sich keine Sorgen um Autos und Kinder eintreten.<\/p>\n","protected":false},"featured_media":214046,"comment_status":"open","ping_status":"closed","template":"","meta":[],"product_brand":[],"product_cat":[11446,2108],"product_tag":[],"class_list":{"0":"post-214045","1":"product","2":"type-product","3":"status-publish","4":"has-post-thumbnail","6":"product_cat-aussenbeleuchtung","7":"product_cat-beleuchtung","8":"pa_brand-agptek","9":"pa_height-0-9-zoll","10":"pa_length-4-3-zoll","11":"pa_manufacturer-agptek","12":"pa_model-sld1s","13":"pa_weight-0-330693393-pounds","14":"pa_width-4-3-zoll","16":"first","17":"instock","18":"shipping-taxable","19":"purchasable","20":"product-type-simple","21":"customify-col","22":"product-has-gallery"},"yoast_head":"<!-- This site is optimized with the Yoast SEO plugin v27.3 - https:\/\/yoast.com\/product\/yoast-seo-wordpress\/ -->\n<title>AGPTEK Solar Poolbeleuchtung, Solar Deck Light Outdoor, Solarlampe, 4 St\u00fccke, IP68 wasserdichte Warnschrittlichter f\u00fcr Gartenweg Fu\u00dfwegen, Schwimmbad, Rasen, Stufen, Teich, 2 Farbmodi (Blau und Wei\u00df) - Markt-XXL<\/title>\n<meta name=\"description\" content=\"Markt-XXL AGPTEK Solar Poolbeleuchtung, Solar Deck Light Outdoor, Solarlampe, 4 St\u00fccke, IP68 wasserdichte Warnschrittlichter f\u00fcr Gartenweg Fu\u00dfwegen, Schwimmbad, Rasen, Stufen, Teich, 2 Farbmodi (Blau und Wei\u00df)\" \/>\n<meta name=\"robots\" content=\"index, follow, max-snippet:-1, max-image-preview:large, max-video-preview:-1\" \/>\n<link rel=\"canonical\" href=\"https:\/\/marktxxl.de\/markt\/produkt\/agptek-solar-poolbeleuchtung-solar-deck-light-outdoor-solarlampe-4-stuecke-ip68-wasserdichte-warnschrittlichter-fuer-gartenweg-fusswegen-schwimmbad-rasen-stufen-teich-2-farbmodi-blau-und-wei\/\" \/>\n<meta property=\"og:locale\" content=\"de_DE\" \/>\n<meta property=\"og:type\" content=\"article\" \/>\n<meta property=\"og:title\" content=\"AGPTEK Solar Poolbeleuchtung, Solar Deck Light Outdoor, Solarlampe, 4 St\u00fccke, IP68 wasserdichte Warnschrittlichter f\u00fcr Gartenweg Fu\u00dfwegen, Schwimmbad, Rasen, Stufen, Teich, 2 Farbmodi (Blau und Wei\u00df) - Markt-XXL\" \/>\n<meta property=\"og:description\" content=\"Markt-XXL AGPTEK Solar Poolbeleuchtung, Solar Deck Light Outdoor, Solarlampe, 4 St\u00fccke, IP68 wasserdichte Warnschrittlichter f\u00fcr Gartenweg Fu\u00dfwegen, Schwimmbad, Rasen, Stufen, Teich, 2 Farbmodi (Blau und Wei\u00df)\" \/>\n<meta property=\"og:url\" content=\"https:\/\/marktxxl.de\/markt\/produkt\/agptek-solar-poolbeleuchtung-solar-deck-light-outdoor-solarlampe-4-stuecke-ip68-wasserdichte-warnschrittlichter-fuer-gartenweg-fusswegen-schwimmbad-rasen-stufen-teich-2-farbmodi-blau-und-wei\/\" \/>\n<meta property=\"og:site_name\" content=\"Markt-XXL\" \/>\n<meta name=\"twitter:card\" content=\"summary_large_image\" \/>\n<meta name=\"twitter:label1\" content=\"Gesch\u00e4tzte Lesezeit\" \/>\n\t<meta name=\"twitter:data1\" content=\"1\u00a0Minute\" \/>\n<script type=\"application\/ld+json\" class=\"yoast-schema-graph\">{\"@context\":\"https:\\\/\\\/schema.org\",\"@graph\":[{\"@type\":\"WebPage\",\"@id\":\"https:\\\/\\\/marktxxl.de\\\/markt\\\/produkt\\\/agptek-solar-poolbeleuchtung-solar-deck-light-outdoor-solarlampe-4-stuecke-ip68-wasserdichte-warnschrittlichter-fuer-gartenweg-fusswegen-schwimmbad-rasen-stufen-teich-2-farbmodi-blau-und-wei\\\/\",\"url\":\"https:\\\/\\\/marktxxl.de\\\/markt\\\/produkt\\\/agptek-solar-poolbeleuchtung-solar-deck-light-outdoor-solarlampe-4-stuecke-ip68-wasserdichte-warnschrittlichter-fuer-gartenweg-fusswegen-schwimmbad-rasen-stufen-teich-2-farbmodi-blau-und-wei\\\/\",\"name\":\"AGPTEK Solar Poolbeleuchtung, Solar Deck Light Outdoor, Solarlampe, 4 St\u00fccke, IP68 wasserdichte Warnschrittlichter f\u00fcr Gartenweg Fu\u00dfwegen, Schwimmbad, Rasen, Stufen, Teich, 2 Farbmodi (Blau und Wei\u00df) - Markt-XXL\",\"isPartOf\":{\"@id\":\"https:\\\/\\\/marktxxl.de\\\/markt\\\/#website\"},\"primaryImageOfPage\":{\"@id\":\"https:\\\/\\\/marktxxl.de\\\/markt\\\/produkt\\\/agptek-solar-poolbeleuchtung-solar-deck-light-outdoor-solarlampe-4-stuecke-ip68-wasserdichte-warnschrittlichter-fuer-gartenweg-fusswegen-schwimmbad-rasen-stufen-teich-2-farbmodi-blau-und-wei\\\/#primaryimage\"},\"image\":{\"@id\":\"https:\\\/\\\/marktxxl.de\\\/markt\\\/produkt\\\/agptek-solar-poolbeleuchtung-solar-deck-light-outdoor-solarlampe-4-stuecke-ip68-wasserdichte-warnschrittlichter-fuer-gartenweg-fusswegen-schwimmbad-rasen-stufen-teich-2-farbmodi-blau-und-wei\\\/#primaryimage\"},\"thumbnailUrl\":\"https:\\\/\\\/m.media-amazon.com\\\/images\\\/I\\\/51nYBlMI+0L._SL500_.jpg\",\"datePublished\":\"2024-06-28T20:18:52+00:00\",\"description\":\"Markt-XXL AGPTEK Solar Poolbeleuchtung, Solar Deck Light Outdoor, Solarlampe, 4 St\u00fccke, IP68 wasserdichte Warnschrittlichter f\u00fcr Gartenweg Fu\u00dfwegen, Schwimmbad, Rasen, Stufen, Teich, 2 Farbmodi (Blau und Wei\u00df)\",\"breadcrumb\":{\"@id\":\"https:\\\/\\\/marktxxl.de\\\/markt\\\/produkt\\\/agptek-solar-poolbeleuchtung-solar-deck-light-outdoor-solarlampe-4-stuecke-ip68-wasserdichte-warnschrittlichter-fuer-gartenweg-fusswegen-schwimmbad-rasen-stufen-teich-2-farbmodi-blau-und-wei\\\/#breadcrumb\"},\"inLanguage\":\"de\",\"potentialAction\":[{\"@type\":\"ReadAction\",\"target\":[\"https:\\\/\\\/marktxxl.de\\\/markt\\\/produkt\\\/agptek-solar-poolbeleuchtung-solar-deck-light-outdoor-solarlampe-4-stuecke-ip68-wasserdichte-warnschrittlichter-fuer-gartenweg-fusswegen-schwimmbad-rasen-stufen-teich-2-farbmodi-blau-und-wei\\\/\"]}]},{\"@type\":\"ImageObject\",\"inLanguage\":\"de\",\"@id\":\"https:\\\/\\\/marktxxl.de\\\/markt\\\/produkt\\\/agptek-solar-poolbeleuchtung-solar-deck-light-outdoor-solarlampe-4-stuecke-ip68-wasserdichte-warnschrittlichter-fuer-gartenweg-fusswegen-schwimmbad-rasen-stufen-teich-2-farbmodi-blau-und-wei\\\/#primaryimage\",\"url\":\"https:\\\/\\\/m.media-amazon.com\\\/images\\\/I\\\/51nYBlMI+0L._SL500_.jpg\",\"contentUrl\":\"https:\\\/\\\/m.media-amazon.com\\\/images\\\/I\\\/51nYBlMI+0L._SL500_.jpg\",\"width\":500,\"height\":494},{\"@type\":\"BreadcrumbList\",\"@id\":\"https:\\\/\\\/marktxxl.de\\\/markt\\\/produkt\\\/agptek-solar-poolbeleuchtung-solar-deck-light-outdoor-solarlampe-4-stuecke-ip68-wasserdichte-warnschrittlichter-fuer-gartenweg-fusswegen-schwimmbad-rasen-stufen-teich-2-farbmodi-blau-und-wei\\\/#breadcrumb\",\"itemListElement\":[{\"@type\":\"ListItem\",\"position\":1,\"name\":\"Startseite\",\"item\":\"https:\\\/\\\/marktxxl.de\\\/markt\\\/\"},{\"@type\":\"ListItem\",\"position\":2,\"name\":\"Markt\",\"item\":\"https:\\\/\\\/marktxxl.de\\\/markt\\\/\"},{\"@type\":\"ListItem\",\"position\":3,\"name\":\"AGPTEK Solar Poolbeleuchtung, Solar Deck Light Outdoor, Solarlampe, 4 St\u00fccke, IP68 wasserdichte Warnschrittlichter f\u00fcr Gartenweg Fu\u00dfwegen, Schwimmbad, Rasen, Stufen, Teich, 2 Farbmodi (Blau und Wei\u00df)\"}]},{\"@type\":\"WebSite\",\"@id\":\"https:\\\/\\\/marktxxl.de\\\/markt\\\/#website\",\"url\":\"https:\\\/\\\/marktxxl.de\\\/markt\\\/\",\"name\":\"Markt-XXL\",\"description\":\"Ihr Markt Online\",\"publisher\":{\"@id\":\"https:\\\/\\\/marktxxl.de\\\/markt\\\/#organization\"},\"potentialAction\":[{\"@type\":\"SearchAction\",\"target\":{\"@type\":\"EntryPoint\",\"urlTemplate\":\"https:\\\/\\\/marktxxl.de\\\/markt\\\/?s={search_term_string}\"},\"query-input\":{\"@type\":\"PropertyValueSpecification\",\"valueRequired\":true,\"valueName\":\"search_term_string\"}}],\"inLanguage\":\"de\"},{\"@type\":\"Organization\",\"@id\":\"https:\\\/\\\/marktxxl.de\\\/markt\\\/#organization\",\"name\":\"Markt-XXL\",\"url\":\"https:\\\/\\\/marktxxl.de\\\/markt\\\/\",\"logo\":{\"@type\":\"ImageObject\",\"inLanguage\":\"de\",\"@id\":\"https:\\\/\\\/marktxxl.de\\\/markt\\\/#\\\/schema\\\/logo\\\/image\\\/\",\"url\":\"https:\\\/\\\/marktxxl.de\\\/markt\\\/wp-content\\\/uploads\\\/sites\\\/3\\\/2020\\\/12\\\/logo.png\",\"contentUrl\":\"https:\\\/\\\/marktxxl.de\\\/markt\\\/wp-content\\\/uploads\\\/sites\\\/3\\\/2020\\\/12\\\/logo.png\",\"width\":200,\"height\":70,\"caption\":\"Markt-XXL\"},\"image\":{\"@id\":\"https:\\\/\\\/marktxxl.de\\\/markt\\\/#\\\/schema\\\/logo\\\/image\\\/\"}}]}<\/script>\n<!-- \/ Yoast SEO plugin. -->","yoast_head_json":{"title":"AGPTEK Solar Poolbeleuchtung, Solar Deck Light Outdoor, Solarlampe, 4 St\u00fccke, IP68 wasserdichte Warnschrittlichter f\u00fcr Gartenweg Fu\u00dfwegen, Schwimmbad, Rasen, Stufen, Teich, 2 Farbmodi (Blau und Wei\u00df) - Markt-XXL","description":"Markt-XXL AGPTEK Solar Poolbeleuchtung, Solar Deck Light Outdoor, Solarlampe, 4 St\u00fccke, IP68 wasserdichte Warnschrittlichter f\u00fcr Gartenweg Fu\u00dfwegen, Schwimmbad, Rasen, Stufen, Teich, 2 Farbmodi (Blau und Wei\u00df)","robots":{"index":"index","follow":"follow","max-snippet":"max-snippet:-1","max-image-preview":"max-image-preview:large","max-video-preview":"max-video-preview:-1"},"canonical":"https:\/\/marktxxl.de\/markt\/produkt\/agptek-solar-poolbeleuchtung-solar-deck-light-outdoor-solarlampe-4-stuecke-ip68-wasserdichte-warnschrittlichter-fuer-gartenweg-fusswegen-schwimmbad-rasen-stufen-teich-2-farbmodi-blau-und-wei\/","og_locale":"de_DE","og_type":"article","og_title":"AGPTEK Solar Poolbeleuchtung, Solar Deck Light Outdoor, Solarlampe, 4 St\u00fccke, IP68 wasserdichte Warnschrittlichter f\u00fcr Gartenweg Fu\u00dfwegen, Schwimmbad, Rasen, Stufen, Teich, 2 Farbmodi (Blau und Wei\u00df) - Markt-XXL","og_description":"Markt-XXL AGPTEK Solar Poolbeleuchtung, Solar Deck Light Outdoor, Solarlampe, 4 St\u00fccke, IP68 wasserdichte Warnschrittlichter f\u00fcr Gartenweg Fu\u00dfwegen, Schwimmbad, Rasen, Stufen, Teich, 2 Farbmodi (Blau und Wei\u00df)","og_url":"https:\/\/marktxxl.de\/markt\/produkt\/agptek-solar-poolbeleuchtung-solar-deck-light-outdoor-solarlampe-4-stuecke-ip68-wasserdichte-warnschrittlichter-fuer-gartenweg-fusswegen-schwimmbad-rasen-stufen-teich-2-farbmodi-blau-und-wei\/","og_site_name":"Markt-XXL","twitter_card":"summary_large_image","twitter_misc":{"Gesch\u00e4tzte Lesezeit":"1\u00a0Minute"},"schema":{"@context":"https:\/\/schema.org","@graph":[{"@type":"WebPage","@id":"https:\/\/marktxxl.de\/markt\/produkt\/agptek-solar-poolbeleuchtung-solar-deck-light-outdoor-solarlampe-4-stuecke-ip68-wasserdichte-warnschrittlichter-fuer-gartenweg-fusswegen-schwimmbad-rasen-stufen-teich-2-farbmodi-blau-und-wei\/","url":"https:\/\/marktxxl.de\/markt\/produkt\/agptek-solar-poolbeleuchtung-solar-deck-light-outdoor-solarlampe-4-stuecke-ip68-wasserdichte-warnschrittlichter-fuer-gartenweg-fusswegen-schwimmbad-rasen-stufen-teich-2-farbmodi-blau-und-wei\/","name":"AGPTEK Solar Poolbeleuchtung, Solar Deck Light Outdoor, Solarlampe, 4 St\u00fccke, IP68 wasserdichte Warnschrittlichter f\u00fcr Gartenweg Fu\u00dfwegen, Schwimmbad, Rasen, Stufen, Teich, 2 Farbmodi (Blau und Wei\u00df) - Markt-XXL","isPartOf":{"@id":"https:\/\/marktxxl.de\/markt\/#website"},"primaryImageOfPage":{"@id":"https:\/\/marktxxl.de\/markt\/produkt\/agptek-solar-poolbeleuchtung-solar-deck-light-outdoor-solarlampe-4-stuecke-ip68-wasserdichte-warnschrittlichter-fuer-gartenweg-fusswegen-schwimmbad-rasen-stufen-teich-2-farbmodi-blau-und-wei\/#primaryimage"},"image":{"@id":"https:\/\/marktxxl.de\/markt\/produkt\/agptek-solar-poolbeleuchtung-solar-deck-light-outdoor-solarlampe-4-stuecke-ip68-wasserdichte-warnschrittlichter-fuer-gartenweg-fusswegen-schwimmbad-rasen-stufen-teich-2-farbmodi-blau-und-wei\/#primaryimage"},"thumbnailUrl":"https:\/\/m.media-amazon.com\/images\/I\/51nYBlMI+0L._SL500_.jpg","datePublished":"2024-06-28T20:18:52+00:00","description":"Markt-XXL AGPTEK Solar Poolbeleuchtung, Solar Deck Light Outdoor, Solarlampe, 4 St\u00fccke, IP68 wasserdichte Warnschrittlichter f\u00fcr Gartenweg Fu\u00dfwegen, Schwimmbad, Rasen, Stufen, Teich, 2 Farbmodi (Blau und Wei\u00df)","breadcrumb":{"@id":"https:\/\/marktxxl.de\/markt\/produkt\/agptek-solar-poolbeleuchtung-solar-deck-light-outdoor-solarlampe-4-stuecke-ip68-wasserdichte-warnschrittlichter-fuer-gartenweg-fusswegen-schwimmbad-rasen-stufen-teich-2-farbmodi-blau-und-wei\/#breadcrumb"},"inLanguage":"de","potentialAction":[{"@type":"ReadAction","target":["https:\/\/marktxxl.de\/markt\/produkt\/agptek-solar-poolbeleuchtung-solar-deck-light-outdoor-solarlampe-4-stuecke-ip68-wasserdichte-warnschrittlichter-fuer-gartenweg-fusswegen-schwimmbad-rasen-stufen-teich-2-farbmodi-blau-und-wei\/"]}]},{"@type":"ImageObject","inLanguage":"de","@id":"https:\/\/marktxxl.de\/markt\/produkt\/agptek-solar-poolbeleuchtung-solar-deck-light-outdoor-solarlampe-4-stuecke-ip68-wasserdichte-warnschrittlichter-fuer-gartenweg-fusswegen-schwimmbad-rasen-stufen-teich-2-farbmodi-blau-und-wei\/#primaryimage","url":"https:\/\/m.media-amazon.com\/images\/I\/51nYBlMI+0L._SL500_.jpg","contentUrl":"https:\/\/m.media-amazon.com\/images\/I\/51nYBlMI+0L._SL500_.jpg","width":500,"height":494},{"@type":"BreadcrumbList","@id":"https:\/\/marktxxl.de\/markt\/produkt\/agptek-solar-poolbeleuchtung-solar-deck-light-outdoor-solarlampe-4-stuecke-ip68-wasserdichte-warnschrittlichter-fuer-gartenweg-fusswegen-schwimmbad-rasen-stufen-teich-2-farbmodi-blau-und-wei\/#breadcrumb","itemListElement":[{"@type":"ListItem","position":1,"name":"Startseite","item":"https:\/\/marktxxl.de\/markt\/"},{"@type":"ListItem","position":2,"name":"Markt","item":"https:\/\/marktxxl.de\/markt\/"},{"@type":"ListItem","position":3,"name":"AGPTEK Solar Poolbeleuchtung, Solar Deck Light Outdoor, Solarlampe, 4 St\u00fccke, IP68 wasserdichte Warnschrittlichter f\u00fcr Gartenweg Fu\u00dfwegen, Schwimmbad, Rasen, Stufen, Teich, 2 Farbmodi (Blau und Wei\u00df)"}]},{"@type":"WebSite","@id":"https:\/\/marktxxl.de\/markt\/#website","url":"https:\/\/marktxxl.de\/markt\/","name":"Markt-XXL","description":"Ihr Markt Online","publisher":{"@id":"https:\/\/marktxxl.de\/markt\/#organization"},"potentialAction":[{"@type":"SearchAction","target":{"@type":"EntryPoint","urlTemplate":"https:\/\/marktxxl.de\/markt\/?s={search_term_string}"},"query-input":{"@type":"PropertyValueSpecification","valueRequired":true,"valueName":"search_term_string"}}],"inLanguage":"de"},{"@type":"Organization","@id":"https:\/\/marktxxl.de\/markt\/#organization","name":"Markt-XXL","url":"https:\/\/marktxxl.de\/markt\/","logo":{"@type":"ImageObject","inLanguage":"de","@id":"https:\/\/marktxxl.de\/markt\/#\/schema\/logo\/image\/","url":"https:\/\/marktxxl.de\/markt\/wp-content\/uploads\/sites\/3\/2020\/12\/logo.png","contentUrl":"https:\/\/marktxxl.de\/markt\/wp-content\/uploads\/sites\/3\/2020\/12\/logo.png","width":200,"height":70,"caption":"Markt-XXL"},"image":{"@id":"https:\/\/marktxxl.de\/markt\/#\/schema\/logo\/image\/"}}]}},"_links":{"self":[{"href":"https:\/\/marktxxl.de\/markt\/wp-json\/wp\/v2\/product\/214045","targetHints":{"allow":["GET"]}}],"collection":[{"href":"https:\/\/marktxxl.de\/markt\/wp-json\/wp\/v2\/product"}],"about":[{"href":"https:\/\/marktxxl.de\/markt\/wp-json\/wp\/v2\/types\/product"}],"replies":[{"embeddable":true,"href":"https:\/\/marktxxl.de\/markt\/wp-json\/wp\/v2\/comments?post=214045"}],"wp:featuredmedia":[{"embeddable":true,"href":"https:\/\/marktxxl.de\/markt\/wp-json\/wp\/v2\/media\/214046"}],"wp:attachment":[{"href":"https:\/\/marktxxl.de\/markt\/wp-json\/wp\/v2\/media?parent=214045"}],"wp:term":[{"taxonomy":"product_brand","embeddable":true,"href":"https:\/\/marktxxl.de\/markt\/wp-json\/wp\/v2\/product_brand?post=214045"},{"taxonomy":"product_cat","embeddable":true,"href":"https:\/\/marktxxl.de\/markt\/wp-json\/wp\/v2\/product_cat?post=214045"},{"taxonomy":"product_tag","embeddable":true,"href":"https:\/\/marktxxl.de\/markt\/wp-json\/wp\/v2\/product_tag?post=214045"}],"curies":[{"name":"wp","href":"https:\/\/api.w.org\/{rel}","templated":true}]}}