{"id":214017,"date":"2024-06-28T22:18:06","date_gmt":"2024-06-28T20:18:06","guid":{"rendered":"https:\/\/marktxxl.de\/markt\/produkt\/agptek-de1xs-100-stueck-led-plies-cr2032-flackernde-kerze-teelicht-weiss-flamme-dekoration-weihnachten-hochzeit-halloween-kunststoff-05-w-kaltweiss\/"},"modified":"2024-06-28T22:18:06","modified_gmt":"2024-06-28T20:18:06","slug":"agptek-de1xs-100-stueck-led-plies-cr2032-flackernde-kerze-teelicht-weiss-flamme-dekoration-weihnachten-hochzeit-halloween-kunststoff-05-w-kaltweiss","status":"publish","type":"product","link":"https:\/\/marktxxl.de\/markt\/produkt\/agptek-de1xs-100-stueck-led-plies-cr2032-flackernde-kerze-teelicht-weiss-flamme-dekoration-weihnachten-hochzeit-halloween-kunststoff-05-w-kaltweiss\/","title":{"rendered":"AGPTEK DE1XS 100 St\u00fcck LED Plies CR2032 Flackernde Kerze Teelicht wei\u00df Flamme Dekoration Weihnachten Hochzeit Halloween Kunststoff 0,5 W kaltwei\u00df"},"content":{"rendered":"<p>\u265b \u3010Lange Lebensdauer\u3011Die flackernde LED-Kerze in kaltwei\u00dfem Wei\u00df hat einen Durchmesser von 3,6 cm und eine H\u00f6he von 3,6 cm kann 70 + Stunden dauern. 100 St\u00fcck LED Kerzen sorgen f\u00fcr eine wundersch\u00f6ne Atmosph\u00e4re.<br \/>\n\u265b\u3010Realistische und sichere Kerze\u3011 Das elektrische Licht ist realistisch, die Kerze flackert wie echte Kerzen. Ohne Flamme, ohne Rauch, ohne W\u00e4rmequelle, ohne Gefahr. Die elektrische Kerze ist sicher und f\u00fcr Kinder und Tiere geeignet.<br \/>\n\u265b \u3010Halloween-Dekoration\u3011 Chartreuse Teelicht-Blinklicht sorgt f\u00fcr eine romantische und entspannende Atmosph\u00e4re. Beste Wahl f\u00fcr Weihnachtsdekoration, Halloween-Dekoration und Hochzeit. Geeignet f\u00fcr Garten, Terrasse, Restaurant, Laterne, Projekte f\u00fcr Kinder, Tischzentren oder in einem Teelichthalter.<br \/>\n\u265b\u3010Einfach zu bedienen\u3011Ein-\/Ausschalter f\u00fcr den Betrieb am unteren Ende der LED-Kerze. Batterien im Teelichthalter enthalten und einfach auszutauschen.<br \/>\n\u265b\u3010\u3011Wenn Sie Fragen haben, z\u00f6gern Sie nicht, uns zu kontaktieren, wir bieten Ihnen eine zufriedenstellende Antwort.<br \/>\n<div class=\"main-cross-sell\" data-asin=\"B00AEKW5FO\">\n\n\t<div class=\"WooZone-cross-sell-loader\">\n\t\t<div>\n\t\t\t<div id=\"floatingBarsG\">\n\t\t\t\t<div class=\"blockG\" id=\"rotateG_01\"><\/div>\n\t\t\t\t<div class=\"blockG\" id=\"rotateG_02\"><\/div>\n\t\t\t\t<div class=\"blockG\" id=\"rotateG_03\"><\/div>\n\t\t\t\t<div class=\"blockG\" id=\"rotateG_04\"><\/div>\n\t\t\t\t<div class=\"blockG\" id=\"rotateG_05\"><\/div>\n\t\t\t\t<div class=\"blockG\" id=\"rotateG_06\"><\/div>\n\t\t\t\t<div class=\"blockG\" id=\"rotateG_07\"><\/div>\n\t\t\t\t<div class=\"blockG\" id=\"rotateG_08\"><\/div>\n\t\t\t<\/div>\n\t\t\t<div class=\"WooZone-cross-sell-loader-text\"><\/div>\n\t\t<\/div>\n\t<\/div>\n\n\t\t\n<\/div>\n<div style=\"clear:both;\"><\/div><\/p>\n","protected":false},"excerpt":{"rendered":"<p>\u265b \u3010Lange Lebensdauer\u3011Die flackernde LED-Kerze in kaltwei\u00dfem Wei\u00df hat einen Durchmesser von 3,6 cm und eine H\u00f6he von 3,6 cm kann 70 + Stunden dauern. 100 St\u00fcck LED Kerzen sorgen f\u00fcr eine wundersch\u00f6ne Atmosph\u00e4re.<br \/>\n\u265b\u3010Realistische und sichere Kerze\u3011 Das elektrische Licht ist realistisch, die Kerze flackert wie echte Kerzen. Ohne Flamme, ohne Rauch, ohne W\u00e4rmequelle, ohne Gefahr. Die elektrische Kerze ist sicher und f\u00fcr Kinder und Tiere geeignet.<br \/>\n\u265b \u3010Halloween-Dekoration\u3011 Chartreuse Teelicht-Blinklicht sorgt f\u00fcr eine romantische und entspannende Atmosph\u00e4re. Beste Wahl f\u00fcr Weihnachtsdekoration, Halloween-Dekoration und Hochzeit. Geeignet f\u00fcr Garten, Terrasse, Restaurant, Laterne, Projekte f\u00fcr Kinder, Tischzentren oder in einem Teelichthalter.<\/p>\n","protected":false},"featured_media":214018,"comment_status":"open","ping_status":"closed","template":"","meta":[],"product_brand":[],"product_cat":[11446,2108],"product_tag":[],"class_list":{"0":"post-214017","1":"product","2":"type-product","3":"status-publish","4":"has-post-thumbnail","6":"product_cat-aussenbeleuchtung","7":"product_cat-beleuchtung","8":"pa_binding-werkzeug","9":"pa_brand-agptek","10":"pa_color-kaltweiss","11":"pa_height-6-8-zoll","12":"pa_length-6-6-zoll","13":"pa_manufacturer-imagefront","14":"pa_model-agptek-tea-lights-with-flicker","15":"pa_weight-2-645547144-pounds","16":"pa_width-6-2-zoll","18":"first","19":"instock","20":"shipping-taxable","21":"purchasable","22":"product-type-simple","23":"customify-col","24":"product-has-gallery"},"yoast_head":"<!-- This site is optimized with the Yoast SEO plugin v27.4 - https:\/\/yoast.com\/product\/yoast-seo-wordpress\/ -->\n<title>AGPTEK DE1XS 100 St\u00fcck LED Plies CR2032 Flackernde Kerze Teelicht wei\u00df Flamme Dekoration Weihnachten Hochzeit Halloween Kunststoff 0,5 W kaltwei\u00df - Markt-XXL<\/title>\n<meta name=\"description\" content=\"Markt-XXL AGPTEK DE1XS 100 St\u00fcck LED Plies CR2032 Flackernde Kerze Teelicht wei\u00df Flamme Dekoration Weihnachten Hochzeit Halloween Kunststoff 0,5 W kaltwei\u00df\" \/>\n<meta name=\"robots\" content=\"index, follow, max-snippet:-1, max-image-preview:large, max-video-preview:-1\" \/>\n<link rel=\"canonical\" href=\"https:\/\/marktxxl.de\/markt\/produkt\/agptek-de1xs-100-stueck-led-plies-cr2032-flackernde-kerze-teelicht-weiss-flamme-dekoration-weihnachten-hochzeit-halloween-kunststoff-05-w-kaltweiss\/\" \/>\n<meta property=\"og:locale\" content=\"de_DE\" \/>\n<meta property=\"og:type\" content=\"article\" \/>\n<meta property=\"og:title\" content=\"AGPTEK DE1XS 100 St\u00fcck LED Plies CR2032 Flackernde Kerze Teelicht wei\u00df Flamme Dekoration Weihnachten Hochzeit Halloween Kunststoff 0,5 W kaltwei\u00df - Markt-XXL\" \/>\n<meta property=\"og:description\" content=\"Markt-XXL AGPTEK DE1XS 100 St\u00fcck LED Plies CR2032 Flackernde Kerze Teelicht wei\u00df Flamme Dekoration Weihnachten Hochzeit Halloween Kunststoff 0,5 W kaltwei\u00df\" \/>\n<meta property=\"og:url\" content=\"https:\/\/marktxxl.de\/markt\/produkt\/agptek-de1xs-100-stueck-led-plies-cr2032-flackernde-kerze-teelicht-weiss-flamme-dekoration-weihnachten-hochzeit-halloween-kunststoff-05-w-kaltweiss\/\" \/>\n<meta property=\"og:site_name\" content=\"Markt-XXL\" \/>\n<meta name=\"twitter:card\" content=\"summary_large_image\" \/>\n<meta name=\"twitter:label1\" content=\"Gesch\u00e4tzte Lesezeit\" \/>\n\t<meta name=\"twitter:data1\" content=\"1\u00a0Minute\" \/>\n<script type=\"application\/ld+json\" class=\"yoast-schema-graph\">{\"@context\":\"https:\\\/\\\/schema.org\",\"@graph\":[{\"@type\":\"WebPage\",\"@id\":\"https:\\\/\\\/marktxxl.de\\\/markt\\\/produkt\\\/agptek-de1xs-100-stueck-led-plies-cr2032-flackernde-kerze-teelicht-weiss-flamme-dekoration-weihnachten-hochzeit-halloween-kunststoff-05-w-kaltweiss\\\/\",\"url\":\"https:\\\/\\\/marktxxl.de\\\/markt\\\/produkt\\\/agptek-de1xs-100-stueck-led-plies-cr2032-flackernde-kerze-teelicht-weiss-flamme-dekoration-weihnachten-hochzeit-halloween-kunststoff-05-w-kaltweiss\\\/\",\"name\":\"AGPTEK DE1XS 100 St\u00fcck LED Plies CR2032 Flackernde Kerze Teelicht wei\u00df Flamme Dekoration Weihnachten Hochzeit Halloween Kunststoff 0,5 W kaltwei\u00df - Markt-XXL\",\"isPartOf\":{\"@id\":\"https:\\\/\\\/marktxxl.de\\\/markt\\\/#website\"},\"primaryImageOfPage\":{\"@id\":\"https:\\\/\\\/marktxxl.de\\\/markt\\\/produkt\\\/agptek-de1xs-100-stueck-led-plies-cr2032-flackernde-kerze-teelicht-weiss-flamme-dekoration-weihnachten-hochzeit-halloween-kunststoff-05-w-kaltweiss\\\/#primaryimage\"},\"image\":{\"@id\":\"https:\\\/\\\/marktxxl.de\\\/markt\\\/produkt\\\/agptek-de1xs-100-stueck-led-plies-cr2032-flackernde-kerze-teelicht-weiss-flamme-dekoration-weihnachten-hochzeit-halloween-kunststoff-05-w-kaltweiss\\\/#primaryimage\"},\"thumbnailUrl\":\"https:\\\/\\\/m.media-amazon.com\\\/images\\\/I\\\/51ICf0i56IL._SL500_.jpg\",\"datePublished\":\"2024-06-28T20:18:06+00:00\",\"description\":\"Markt-XXL AGPTEK DE1XS 100 St\u00fcck LED Plies CR2032 Flackernde Kerze Teelicht wei\u00df Flamme Dekoration Weihnachten Hochzeit Halloween Kunststoff 0,5 W kaltwei\u00df\",\"breadcrumb\":{\"@id\":\"https:\\\/\\\/marktxxl.de\\\/markt\\\/produkt\\\/agptek-de1xs-100-stueck-led-plies-cr2032-flackernde-kerze-teelicht-weiss-flamme-dekoration-weihnachten-hochzeit-halloween-kunststoff-05-w-kaltweiss\\\/#breadcrumb\"},\"inLanguage\":\"de\",\"potentialAction\":[{\"@type\":\"ReadAction\",\"target\":[\"https:\\\/\\\/marktxxl.de\\\/markt\\\/produkt\\\/agptek-de1xs-100-stueck-led-plies-cr2032-flackernde-kerze-teelicht-weiss-flamme-dekoration-weihnachten-hochzeit-halloween-kunststoff-05-w-kaltweiss\\\/\"]}]},{\"@type\":\"ImageObject\",\"inLanguage\":\"de\",\"@id\":\"https:\\\/\\\/marktxxl.de\\\/markt\\\/produkt\\\/agptek-de1xs-100-stueck-led-plies-cr2032-flackernde-kerze-teelicht-weiss-flamme-dekoration-weihnachten-hochzeit-halloween-kunststoff-05-w-kaltweiss\\\/#primaryimage\",\"url\":\"https:\\\/\\\/m.media-amazon.com\\\/images\\\/I\\\/51ICf0i56IL._SL500_.jpg\",\"contentUrl\":\"https:\\\/\\\/m.media-amazon.com\\\/images\\\/I\\\/51ICf0i56IL._SL500_.jpg\",\"width\":500,\"height\":500},{\"@type\":\"BreadcrumbList\",\"@id\":\"https:\\\/\\\/marktxxl.de\\\/markt\\\/produkt\\\/agptek-de1xs-100-stueck-led-plies-cr2032-flackernde-kerze-teelicht-weiss-flamme-dekoration-weihnachten-hochzeit-halloween-kunststoff-05-w-kaltweiss\\\/#breadcrumb\",\"itemListElement\":[{\"@type\":\"ListItem\",\"position\":1,\"name\":\"Startseite\",\"item\":\"https:\\\/\\\/marktxxl.de\\\/markt\\\/\"},{\"@type\":\"ListItem\",\"position\":2,\"name\":\"Markt\",\"item\":\"https:\\\/\\\/marktxxl.de\\\/markt\\\/\"},{\"@type\":\"ListItem\",\"position\":3,\"name\":\"AGPTEK DE1XS 100 St\u00fcck LED Plies CR2032 Flackernde Kerze Teelicht wei\u00df Flamme Dekoration Weihnachten Hochzeit Halloween Kunststoff 0,5 W kaltwei\u00df\"}]},{\"@type\":\"WebSite\",\"@id\":\"https:\\\/\\\/marktxxl.de\\\/markt\\\/#website\",\"url\":\"https:\\\/\\\/marktxxl.de\\\/markt\\\/\",\"name\":\"Markt-XXL\",\"description\":\"Ihr Markt Online\",\"publisher\":{\"@id\":\"https:\\\/\\\/marktxxl.de\\\/markt\\\/#organization\"},\"potentialAction\":[{\"@type\":\"SearchAction\",\"target\":{\"@type\":\"EntryPoint\",\"urlTemplate\":\"https:\\\/\\\/marktxxl.de\\\/markt\\\/?s={search_term_string}\"},\"query-input\":{\"@type\":\"PropertyValueSpecification\",\"valueRequired\":true,\"valueName\":\"search_term_string\"}}],\"inLanguage\":\"de\"},{\"@type\":\"Organization\",\"@id\":\"https:\\\/\\\/marktxxl.de\\\/markt\\\/#organization\",\"name\":\"Markt-XXL\",\"url\":\"https:\\\/\\\/marktxxl.de\\\/markt\\\/\",\"logo\":{\"@type\":\"ImageObject\",\"inLanguage\":\"de\",\"@id\":\"https:\\\/\\\/marktxxl.de\\\/markt\\\/#\\\/schema\\\/logo\\\/image\\\/\",\"url\":\"https:\\\/\\\/marktxxl.de\\\/markt\\\/wp-content\\\/uploads\\\/sites\\\/3\\\/2020\\\/12\\\/logo.png\",\"contentUrl\":\"https:\\\/\\\/marktxxl.de\\\/markt\\\/wp-content\\\/uploads\\\/sites\\\/3\\\/2020\\\/12\\\/logo.png\",\"width\":200,\"height\":70,\"caption\":\"Markt-XXL\"},\"image\":{\"@id\":\"https:\\\/\\\/marktxxl.de\\\/markt\\\/#\\\/schema\\\/logo\\\/image\\\/\"}}]}<\/script>\n<!-- \/ Yoast SEO plugin. -->","yoast_head_json":{"title":"AGPTEK DE1XS 100 St\u00fcck LED Plies CR2032 Flackernde Kerze Teelicht wei\u00df Flamme Dekoration Weihnachten Hochzeit Halloween Kunststoff 0,5 W kaltwei\u00df - Markt-XXL","description":"Markt-XXL AGPTEK DE1XS 100 St\u00fcck LED Plies CR2032 Flackernde Kerze Teelicht wei\u00df Flamme Dekoration Weihnachten Hochzeit Halloween Kunststoff 0,5 W kaltwei\u00df","robots":{"index":"index","follow":"follow","max-snippet":"max-snippet:-1","max-image-preview":"max-image-preview:large","max-video-preview":"max-video-preview:-1"},"canonical":"https:\/\/marktxxl.de\/markt\/produkt\/agptek-de1xs-100-stueck-led-plies-cr2032-flackernde-kerze-teelicht-weiss-flamme-dekoration-weihnachten-hochzeit-halloween-kunststoff-05-w-kaltweiss\/","og_locale":"de_DE","og_type":"article","og_title":"AGPTEK DE1XS 100 St\u00fcck LED Plies CR2032 Flackernde Kerze Teelicht wei\u00df Flamme Dekoration Weihnachten Hochzeit Halloween Kunststoff 0,5 W kaltwei\u00df - Markt-XXL","og_description":"Markt-XXL AGPTEK DE1XS 100 St\u00fcck LED Plies CR2032 Flackernde Kerze Teelicht wei\u00df Flamme Dekoration Weihnachten Hochzeit Halloween Kunststoff 0,5 W kaltwei\u00df","og_url":"https:\/\/marktxxl.de\/markt\/produkt\/agptek-de1xs-100-stueck-led-plies-cr2032-flackernde-kerze-teelicht-weiss-flamme-dekoration-weihnachten-hochzeit-halloween-kunststoff-05-w-kaltweiss\/","og_site_name":"Markt-XXL","twitter_card":"summary_large_image","twitter_misc":{"Gesch\u00e4tzte Lesezeit":"1\u00a0Minute"},"schema":{"@context":"https:\/\/schema.org","@graph":[{"@type":"WebPage","@id":"https:\/\/marktxxl.de\/markt\/produkt\/agptek-de1xs-100-stueck-led-plies-cr2032-flackernde-kerze-teelicht-weiss-flamme-dekoration-weihnachten-hochzeit-halloween-kunststoff-05-w-kaltweiss\/","url":"https:\/\/marktxxl.de\/markt\/produkt\/agptek-de1xs-100-stueck-led-plies-cr2032-flackernde-kerze-teelicht-weiss-flamme-dekoration-weihnachten-hochzeit-halloween-kunststoff-05-w-kaltweiss\/","name":"AGPTEK DE1XS 100 St\u00fcck LED Plies CR2032 Flackernde Kerze Teelicht wei\u00df Flamme Dekoration Weihnachten Hochzeit Halloween Kunststoff 0,5 W kaltwei\u00df - Markt-XXL","isPartOf":{"@id":"https:\/\/marktxxl.de\/markt\/#website"},"primaryImageOfPage":{"@id":"https:\/\/marktxxl.de\/markt\/produkt\/agptek-de1xs-100-stueck-led-plies-cr2032-flackernde-kerze-teelicht-weiss-flamme-dekoration-weihnachten-hochzeit-halloween-kunststoff-05-w-kaltweiss\/#primaryimage"},"image":{"@id":"https:\/\/marktxxl.de\/markt\/produkt\/agptek-de1xs-100-stueck-led-plies-cr2032-flackernde-kerze-teelicht-weiss-flamme-dekoration-weihnachten-hochzeit-halloween-kunststoff-05-w-kaltweiss\/#primaryimage"},"thumbnailUrl":"https:\/\/m.media-amazon.com\/images\/I\/51ICf0i56IL._SL500_.jpg","datePublished":"2024-06-28T20:18:06+00:00","description":"Markt-XXL AGPTEK DE1XS 100 St\u00fcck LED Plies CR2032 Flackernde Kerze Teelicht wei\u00df Flamme Dekoration Weihnachten Hochzeit Halloween Kunststoff 0,5 W kaltwei\u00df","breadcrumb":{"@id":"https:\/\/marktxxl.de\/markt\/produkt\/agptek-de1xs-100-stueck-led-plies-cr2032-flackernde-kerze-teelicht-weiss-flamme-dekoration-weihnachten-hochzeit-halloween-kunststoff-05-w-kaltweiss\/#breadcrumb"},"inLanguage":"de","potentialAction":[{"@type":"ReadAction","target":["https:\/\/marktxxl.de\/markt\/produkt\/agptek-de1xs-100-stueck-led-plies-cr2032-flackernde-kerze-teelicht-weiss-flamme-dekoration-weihnachten-hochzeit-halloween-kunststoff-05-w-kaltweiss\/"]}]},{"@type":"ImageObject","inLanguage":"de","@id":"https:\/\/marktxxl.de\/markt\/produkt\/agptek-de1xs-100-stueck-led-plies-cr2032-flackernde-kerze-teelicht-weiss-flamme-dekoration-weihnachten-hochzeit-halloween-kunststoff-05-w-kaltweiss\/#primaryimage","url":"https:\/\/m.media-amazon.com\/images\/I\/51ICf0i56IL._SL500_.jpg","contentUrl":"https:\/\/m.media-amazon.com\/images\/I\/51ICf0i56IL._SL500_.jpg","width":500,"height":500},{"@type":"BreadcrumbList","@id":"https:\/\/marktxxl.de\/markt\/produkt\/agptek-de1xs-100-stueck-led-plies-cr2032-flackernde-kerze-teelicht-weiss-flamme-dekoration-weihnachten-hochzeit-halloween-kunststoff-05-w-kaltweiss\/#breadcrumb","itemListElement":[{"@type":"ListItem","position":1,"name":"Startseite","item":"https:\/\/marktxxl.de\/markt\/"},{"@type":"ListItem","position":2,"name":"Markt","item":"https:\/\/marktxxl.de\/markt\/"},{"@type":"ListItem","position":3,"name":"AGPTEK DE1XS 100 St\u00fcck LED Plies CR2032 Flackernde Kerze Teelicht wei\u00df Flamme Dekoration Weihnachten Hochzeit Halloween Kunststoff 0,5 W kaltwei\u00df"}]},{"@type":"WebSite","@id":"https:\/\/marktxxl.de\/markt\/#website","url":"https:\/\/marktxxl.de\/markt\/","name":"Markt-XXL","description":"Ihr Markt Online","publisher":{"@id":"https:\/\/marktxxl.de\/markt\/#organization"},"potentialAction":[{"@type":"SearchAction","target":{"@type":"EntryPoint","urlTemplate":"https:\/\/marktxxl.de\/markt\/?s={search_term_string}"},"query-input":{"@type":"PropertyValueSpecification","valueRequired":true,"valueName":"search_term_string"}}],"inLanguage":"de"},{"@type":"Organization","@id":"https:\/\/marktxxl.de\/markt\/#organization","name":"Markt-XXL","url":"https:\/\/marktxxl.de\/markt\/","logo":{"@type":"ImageObject","inLanguage":"de","@id":"https:\/\/marktxxl.de\/markt\/#\/schema\/logo\/image\/","url":"https:\/\/marktxxl.de\/markt\/wp-content\/uploads\/sites\/3\/2020\/12\/logo.png","contentUrl":"https:\/\/marktxxl.de\/markt\/wp-content\/uploads\/sites\/3\/2020\/12\/logo.png","width":200,"height":70,"caption":"Markt-XXL"},"image":{"@id":"https:\/\/marktxxl.de\/markt\/#\/schema\/logo\/image\/"}}]}},"_links":{"self":[{"href":"https:\/\/marktxxl.de\/markt\/wp-json\/wp\/v2\/product\/214017","targetHints":{"allow":["GET"]}}],"collection":[{"href":"https:\/\/marktxxl.de\/markt\/wp-json\/wp\/v2\/product"}],"about":[{"href":"https:\/\/marktxxl.de\/markt\/wp-json\/wp\/v2\/types\/product"}],"replies":[{"embeddable":true,"href":"https:\/\/marktxxl.de\/markt\/wp-json\/wp\/v2\/comments?post=214017"}],"wp:featuredmedia":[{"embeddable":true,"href":"https:\/\/marktxxl.de\/markt\/wp-json\/wp\/v2\/media\/214018"}],"wp:attachment":[{"href":"https:\/\/marktxxl.de\/markt\/wp-json\/wp\/v2\/media?parent=214017"}],"wp:term":[{"taxonomy":"product_brand","embeddable":true,"href":"https:\/\/marktxxl.de\/markt\/wp-json\/wp\/v2\/product_brand?post=214017"},{"taxonomy":"product_cat","embeddable":true,"href":"https:\/\/marktxxl.de\/markt\/wp-json\/wp\/v2\/product_cat?post=214017"},{"taxonomy":"product_tag","embeddable":true,"href":"https:\/\/marktxxl.de\/markt\/wp-json\/wp\/v2\/product_tag?post=214017"}],"curies":[{"name":"wp","href":"https:\/\/api.w.org\/{rel}","templated":true}]}}