{"id":214001,"date":"2024-06-28T22:17:37","date_gmt":"2024-06-28T20:17:37","guid":{"rendered":"https:\/\/marktxxl.de\/markt\/produkt\/light-to-hope-led-akku-outdoor-lampe-mit-fernbedienung-dimmbare-tischlampe-kabellos-8-farben-warmweiss-ip44-wasserdicht-usb-c-camping-lampe-fuer-aussen-garten-terrasse-esstisch-bar-14-x-20-c\/"},"modified":"2024-06-28T22:17:37","modified_gmt":"2024-06-28T20:17:37","slug":"light-to-hope-led-akku-outdoor-lampe-mit-fernbedienung-dimmbare-tischlampe-kabellos-8-farben-warmweiss-ip44-wasserdicht-usb-c-camping-lampe-fuer-aussen-garten-terrasse-esstisch-bar-14-x-20-c","status":"publish","type":"product","link":"https:\/\/marktxxl.de\/markt\/produkt\/light-to-hope-led-akku-outdoor-lampe-mit-fernbedienung-dimmbare-tischlampe-kabellos-8-farben-warmweiss-ip44-wasserdicht-usb-c-camping-lampe-fuer-aussen-garten-terrasse-esstisch-bar-14-x-20-c\/","title":{"rendered":"light to hope LED Akku Outdoor Lampe mit Fernbedienung Dimmbare Tischlampe Kabellos 8 Farben &amp; Warmwei\u00df IP44 Wasserdicht USB-C Camping Lampe f\u00fcr Au\u00dfen, Garten, Terrasse, Esstisch, Bar 14 x 20 CM"},"content":{"rendered":"<p>\ud83d\udca0LED Tischlampe Dimmbare: Tauchen Sie Ihren Innen- und Au\u00dfenbereich in gleichm\u00e4\u00dfiges Licht mit 7 verschiedenen Farben oder warmwei\u00dfem Licht. Mit der praktischen Fernbedienung haben Sie die Kontrolle \u00fcber 20 oder mehr Lampen und k\u00f6nnen deren Farben oder Lichtmodi individuell anpassen.<br \/>\n\ud83d\udca0Vielseitige Fernbedienung: Die Outdoor-Tischlampe kommt mit einer multifunktionalen Fernbedienung, die Ihnen die Wahl zwischen Kerzenlicht, warmwei\u00dfem Licht, RGB-Farbwechselmodus und 4 verschiedenen Helligkeitsstufen bietet (Fernbedienung im Lieferumfang enthalten).<br \/>\n\ud83d\udca0IP44 wasserdichtes Design: Diese Tischlampe wurde speziell f\u00fcr den Einsatz im Freien entwickelt und ist dank ihres IP44 wasserdichten Designs perfekt geeignet f\u00fcr Balkone, G\u00e4rten und Outdoor-Restaurants. Hergestellt aus UV-best\u00e4ndigem Material (LLDPE), bietet sie Ihnen eine langlebige und zuverl\u00e4ssige Option zur Versch\u00f6nerung Ihres Au\u00dfenbereichs.<br \/>\n\ud83d\udca0Wiederaufladbarer Akku: Die integrierte wiederaufladbare Batterie kann bequem \u00fcber ein USB-C-Kabel aufgeladen werden. Genie\u00dfen Sie bis zu 8 Stunden Betriebsdauer bei voller Helligkeit (100%), \u00fcber 18 Stunden im umweltfreundlichen Modus (20%) und \u00fcber 10 Stunden im RGB-Modus. So k\u00f6nnen Sie ausgiebig Ihre angenehme Zeit im Freien genie\u00dfen, ohne sich um den Batteriewechsel k\u00fcmmern zu m\u00fcssen.<br \/>\n\ud83d\udca0Dekoratives Geschenk: Die LED-Tischlampe schafft eine gem\u00fctliche Atmosph\u00e4re und ist die ideale Dekoration f\u00fcr den Innen- und Au\u00dfenbereich. Sie eignet sich auch perfekt als Geschenk f\u00fcr jeden Anlass. Lassen Sie sich von der Vielseitigkeit und dem Stil dieser Lampe \u00fcberzeugen und beeindrucken Sie Ihre Lieben mit diesem perfekten Geschenk. Bei Fragen stehen wir Ihnen jederzeit gerne zur Verf\u00fcgung.<br \/>\n<div class=\"main-cross-sell\" data-asin=\"B0D72XLXRS\">\n\n\t<div class=\"WooZone-cross-sell-loader\">\n\t\t<div>\n\t\t\t<div id=\"floatingBarsG\">\n\t\t\t\t<div class=\"blockG\" id=\"rotateG_01\"><\/div>\n\t\t\t\t<div class=\"blockG\" id=\"rotateG_02\"><\/div>\n\t\t\t\t<div class=\"blockG\" id=\"rotateG_03\"><\/div>\n\t\t\t\t<div class=\"blockG\" id=\"rotateG_04\"><\/div>\n\t\t\t\t<div class=\"blockG\" id=\"rotateG_05\"><\/div>\n\t\t\t\t<div class=\"blockG\" id=\"rotateG_06\"><\/div>\n\t\t\t\t<div class=\"blockG\" id=\"rotateG_07\"><\/div>\n\t\t\t\t<div class=\"blockG\" id=\"rotateG_08\"><\/div>\n\t\t\t<\/div>\n\t\t\t<div class=\"WooZone-cross-sell-loader-text\"><\/div>\n\t\t<\/div>\n\t<\/div>\n\n\t\t\n<\/div>\n<div style=\"clear:both;\"><\/div><\/p>\n","protected":false},"excerpt":{"rendered":"<p>\ud83d\udca0LED Tischlampe Dimmbare: Tauchen Sie Ihren Innen- und Au\u00dfenbereich in gleichm\u00e4\u00dfiges Licht mit 7 verschiedenen Farben oder warmwei\u00dfem Licht. Mit der praktischen Fernbedienung haben Sie die Kontrolle \u00fcber 20 oder mehr Lampen und k\u00f6nnen deren Farben oder Lichtmodi individuell anpassen.<br \/>\n\ud83d\udca0Vielseitige Fernbedienung: Die Outdoor-Tischlampe kommt mit einer multifunktionalen Fernbedienung, die Ihnen die Wahl zwischen Kerzenlicht, warmwei\u00dfem Licht, RGB-Farbwechselmodus und 4 verschiedenen Helligkeitsstufen bietet (Fernbedienung im Lieferumfang enthalten).<br \/>\n\ud83d\udca0IP44 wasserdichtes Design: Diese Tischlampe wurde speziell f\u00fcr den Einsatz im Freien entwickelt und ist dank ihres IP44 wasserdichten Designs perfekt geeignet f\u00fcr Balkone, G\u00e4rten und Outdoor-Restaurants. Hergestellt aus UV-best\u00e4ndigem Material (LLDPE), bietet sie Ihnen eine langlebige und zuverl\u00e4ssige Option zur Versch\u00f6nerung Ihres Au\u00dfenbereichs.<\/p>\n","protected":false},"featured_media":214002,"comment_status":"open","ping_status":"closed","template":"","meta":[],"product_brand":[],"product_cat":[11446,2108],"product_tag":[],"class_list":{"0":"post-214001","1":"product","2":"type-product","3":"status-publish","4":"has-post-thumbnail","6":"product_cat-aussenbeleuchtung","7":"product_cat-beleuchtung","8":"pa_brand-light-to-hope","9":"pa_height-7-87401574-zoll","10":"pa_length-5-511811018-zoll","11":"pa_manufacturer-light-to-hope","12":"pa_width-5-511811018-zoll","14":"first","15":"instock","16":"shipping-taxable","17":"product-type-simple","18":"customify-col","19":"product-has-gallery"},"yoast_head":"<!-- This site is optimized with the Yoast SEO plugin v27.3 - https:\/\/yoast.com\/product\/yoast-seo-wordpress\/ -->\n<title>light to hope LED Akku Outdoor Lampe mit Fernbedienung Dimmbare Tischlampe Kabellos 8 Farben &amp; Warmwei\u00df IP44 Wasserdicht USB-C Camping Lampe f\u00fcr Au\u00dfen, Garten, Terrasse, Esstisch, Bar 14 x 20 CM - Markt-XXL<\/title>\n<meta name=\"description\" content=\"Markt-XXL light to hope LED Akku Outdoor Lampe mit Fernbedienung Dimmbare Tischlampe Kabellos 8 Farben &amp; Warmwei\u00df IP44 Wasserdicht USB-C Camping Lampe f\u00fcr Au\u00dfen, Garten, Terrasse, Esstisch, Bar 14 x 20 CM\" \/>\n<meta name=\"robots\" content=\"index, follow, max-snippet:-1, max-image-preview:large, max-video-preview:-1\" \/>\n<link rel=\"canonical\" href=\"https:\/\/marktxxl.de\/markt\/produkt\/light-to-hope-led-akku-outdoor-lampe-mit-fernbedienung-dimmbare-tischlampe-kabellos-8-farben-warmweiss-ip44-wasserdicht-usb-c-camping-lampe-fuer-aussen-garten-terrasse-esstisch-bar-14-x-20-c\/\" \/>\n<meta property=\"og:locale\" content=\"de_DE\" \/>\n<meta property=\"og:type\" content=\"article\" \/>\n<meta property=\"og:title\" content=\"light to hope LED Akku Outdoor Lampe mit Fernbedienung Dimmbare Tischlampe Kabellos 8 Farben &amp; Warmwei\u00df IP44 Wasserdicht USB-C Camping Lampe f\u00fcr Au\u00dfen, Garten, Terrasse, Esstisch, Bar 14 x 20 CM - Markt-XXL\" \/>\n<meta property=\"og:description\" content=\"Markt-XXL light to hope LED Akku Outdoor Lampe mit Fernbedienung Dimmbare Tischlampe Kabellos 8 Farben &amp; Warmwei\u00df IP44 Wasserdicht USB-C Camping Lampe f\u00fcr Au\u00dfen, Garten, Terrasse, Esstisch, Bar 14 x 20 CM\" \/>\n<meta property=\"og:url\" content=\"https:\/\/marktxxl.de\/markt\/produkt\/light-to-hope-led-akku-outdoor-lampe-mit-fernbedienung-dimmbare-tischlampe-kabellos-8-farben-warmweiss-ip44-wasserdicht-usb-c-camping-lampe-fuer-aussen-garten-terrasse-esstisch-bar-14-x-20-c\/\" \/>\n<meta property=\"og:site_name\" content=\"Markt-XXL\" \/>\n<meta name=\"twitter:card\" content=\"summary_large_image\" \/>\n<meta name=\"twitter:label1\" content=\"Gesch\u00e4tzte Lesezeit\" \/>\n\t<meta name=\"twitter:data1\" content=\"1\u00a0Minute\" \/>\n<script type=\"application\/ld+json\" class=\"yoast-schema-graph\">{\"@context\":\"https:\\\/\\\/schema.org\",\"@graph\":[{\"@type\":\"WebPage\",\"@id\":\"https:\\\/\\\/marktxxl.de\\\/markt\\\/produkt\\\/light-to-hope-led-akku-outdoor-lampe-mit-fernbedienung-dimmbare-tischlampe-kabellos-8-farben-warmweiss-ip44-wasserdicht-usb-c-camping-lampe-fuer-aussen-garten-terrasse-esstisch-bar-14-x-20-c\\\/\",\"url\":\"https:\\\/\\\/marktxxl.de\\\/markt\\\/produkt\\\/light-to-hope-led-akku-outdoor-lampe-mit-fernbedienung-dimmbare-tischlampe-kabellos-8-farben-warmweiss-ip44-wasserdicht-usb-c-camping-lampe-fuer-aussen-garten-terrasse-esstisch-bar-14-x-20-c\\\/\",\"name\":\"light to hope LED Akku Outdoor Lampe mit Fernbedienung Dimmbare Tischlampe Kabellos 8 Farben &amp; Warmwei\u00df IP44 Wasserdicht USB-C Camping Lampe f\u00fcr Au\u00dfen, Garten, Terrasse, Esstisch, Bar 14 x 20 CM - Markt-XXL\",\"isPartOf\":{\"@id\":\"https:\\\/\\\/marktxxl.de\\\/markt\\\/#website\"},\"primaryImageOfPage\":{\"@id\":\"https:\\\/\\\/marktxxl.de\\\/markt\\\/produkt\\\/light-to-hope-led-akku-outdoor-lampe-mit-fernbedienung-dimmbare-tischlampe-kabellos-8-farben-warmweiss-ip44-wasserdicht-usb-c-camping-lampe-fuer-aussen-garten-terrasse-esstisch-bar-14-x-20-c\\\/#primaryimage\"},\"image\":{\"@id\":\"https:\\\/\\\/marktxxl.de\\\/markt\\\/produkt\\\/light-to-hope-led-akku-outdoor-lampe-mit-fernbedienung-dimmbare-tischlampe-kabellos-8-farben-warmweiss-ip44-wasserdicht-usb-c-camping-lampe-fuer-aussen-garten-terrasse-esstisch-bar-14-x-20-c\\\/#primaryimage\"},\"thumbnailUrl\":\"https:\\\/\\\/m.media-amazon.com\\\/images\\\/I\\\/4162neylAXL._SL500_.jpg\",\"datePublished\":\"2024-06-28T20:17:37+00:00\",\"description\":\"Markt-XXL light to hope LED Akku Outdoor Lampe mit Fernbedienung Dimmbare Tischlampe Kabellos 8 Farben &amp; Warmwei\u00df IP44 Wasserdicht USB-C Camping Lampe f\u00fcr Au\u00dfen, Garten, Terrasse, Esstisch, Bar 14 x 20 CM\",\"breadcrumb\":{\"@id\":\"https:\\\/\\\/marktxxl.de\\\/markt\\\/produkt\\\/light-to-hope-led-akku-outdoor-lampe-mit-fernbedienung-dimmbare-tischlampe-kabellos-8-farben-warmweiss-ip44-wasserdicht-usb-c-camping-lampe-fuer-aussen-garten-terrasse-esstisch-bar-14-x-20-c\\\/#breadcrumb\"},\"inLanguage\":\"de\",\"potentialAction\":[{\"@type\":\"ReadAction\",\"target\":[\"https:\\\/\\\/marktxxl.de\\\/markt\\\/produkt\\\/light-to-hope-led-akku-outdoor-lampe-mit-fernbedienung-dimmbare-tischlampe-kabellos-8-farben-warmweiss-ip44-wasserdicht-usb-c-camping-lampe-fuer-aussen-garten-terrasse-esstisch-bar-14-x-20-c\\\/\"]}]},{\"@type\":\"ImageObject\",\"inLanguage\":\"de\",\"@id\":\"https:\\\/\\\/marktxxl.de\\\/markt\\\/produkt\\\/light-to-hope-led-akku-outdoor-lampe-mit-fernbedienung-dimmbare-tischlampe-kabellos-8-farben-warmweiss-ip44-wasserdicht-usb-c-camping-lampe-fuer-aussen-garten-terrasse-esstisch-bar-14-x-20-c\\\/#primaryimage\",\"url\":\"https:\\\/\\\/m.media-amazon.com\\\/images\\\/I\\\/4162neylAXL._SL500_.jpg\",\"contentUrl\":\"https:\\\/\\\/m.media-amazon.com\\\/images\\\/I\\\/4162neylAXL._SL500_.jpg\",\"width\":500,\"height\":500},{\"@type\":\"BreadcrumbList\",\"@id\":\"https:\\\/\\\/marktxxl.de\\\/markt\\\/produkt\\\/light-to-hope-led-akku-outdoor-lampe-mit-fernbedienung-dimmbare-tischlampe-kabellos-8-farben-warmweiss-ip44-wasserdicht-usb-c-camping-lampe-fuer-aussen-garten-terrasse-esstisch-bar-14-x-20-c\\\/#breadcrumb\",\"itemListElement\":[{\"@type\":\"ListItem\",\"position\":1,\"name\":\"Startseite\",\"item\":\"https:\\\/\\\/marktxxl.de\\\/markt\\\/\"},{\"@type\":\"ListItem\",\"position\":2,\"name\":\"Markt\",\"item\":\"https:\\\/\\\/marktxxl.de\\\/markt\\\/\"},{\"@type\":\"ListItem\",\"position\":3,\"name\":\"light to hope LED Akku Outdoor Lampe mit Fernbedienung Dimmbare Tischlampe Kabellos 8 Farben &amp; Warmwei\u00df IP44 Wasserdicht USB-C Camping Lampe f\u00fcr Au\u00dfen, Garten, Terrasse, Esstisch, Bar 14 x 20 CM\"}]},{\"@type\":\"WebSite\",\"@id\":\"https:\\\/\\\/marktxxl.de\\\/markt\\\/#website\",\"url\":\"https:\\\/\\\/marktxxl.de\\\/markt\\\/\",\"name\":\"Markt-XXL\",\"description\":\"Ihr Markt Online\",\"publisher\":{\"@id\":\"https:\\\/\\\/marktxxl.de\\\/markt\\\/#organization\"},\"potentialAction\":[{\"@type\":\"SearchAction\",\"target\":{\"@type\":\"EntryPoint\",\"urlTemplate\":\"https:\\\/\\\/marktxxl.de\\\/markt\\\/?s={search_term_string}\"},\"query-input\":{\"@type\":\"PropertyValueSpecification\",\"valueRequired\":true,\"valueName\":\"search_term_string\"}}],\"inLanguage\":\"de\"},{\"@type\":\"Organization\",\"@id\":\"https:\\\/\\\/marktxxl.de\\\/markt\\\/#organization\",\"name\":\"Markt-XXL\",\"url\":\"https:\\\/\\\/marktxxl.de\\\/markt\\\/\",\"logo\":{\"@type\":\"ImageObject\",\"inLanguage\":\"de\",\"@id\":\"https:\\\/\\\/marktxxl.de\\\/markt\\\/#\\\/schema\\\/logo\\\/image\\\/\",\"url\":\"https:\\\/\\\/marktxxl.de\\\/markt\\\/wp-content\\\/uploads\\\/sites\\\/3\\\/2020\\\/12\\\/logo.png\",\"contentUrl\":\"https:\\\/\\\/marktxxl.de\\\/markt\\\/wp-content\\\/uploads\\\/sites\\\/3\\\/2020\\\/12\\\/logo.png\",\"width\":200,\"height\":70,\"caption\":\"Markt-XXL\"},\"image\":{\"@id\":\"https:\\\/\\\/marktxxl.de\\\/markt\\\/#\\\/schema\\\/logo\\\/image\\\/\"}}]}<\/script>\n<!-- \/ Yoast SEO plugin. -->","yoast_head_json":{"title":"light to hope LED Akku Outdoor Lampe mit Fernbedienung Dimmbare Tischlampe Kabellos 8 Farben &amp; Warmwei\u00df IP44 Wasserdicht USB-C Camping Lampe f\u00fcr Au\u00dfen, Garten, Terrasse, Esstisch, Bar 14 x 20 CM - Markt-XXL","description":"Markt-XXL light to hope LED Akku Outdoor Lampe mit Fernbedienung Dimmbare Tischlampe Kabellos 8 Farben &amp; Warmwei\u00df IP44 Wasserdicht USB-C Camping Lampe f\u00fcr Au\u00dfen, Garten, Terrasse, Esstisch, Bar 14 x 20 CM","robots":{"index":"index","follow":"follow","max-snippet":"max-snippet:-1","max-image-preview":"max-image-preview:large","max-video-preview":"max-video-preview:-1"},"canonical":"https:\/\/marktxxl.de\/markt\/produkt\/light-to-hope-led-akku-outdoor-lampe-mit-fernbedienung-dimmbare-tischlampe-kabellos-8-farben-warmweiss-ip44-wasserdicht-usb-c-camping-lampe-fuer-aussen-garten-terrasse-esstisch-bar-14-x-20-c\/","og_locale":"de_DE","og_type":"article","og_title":"light to hope LED Akku Outdoor Lampe mit Fernbedienung Dimmbare Tischlampe Kabellos 8 Farben &amp; Warmwei\u00df IP44 Wasserdicht USB-C Camping Lampe f\u00fcr Au\u00dfen, Garten, Terrasse, Esstisch, Bar 14 x 20 CM - Markt-XXL","og_description":"Markt-XXL light to hope LED Akku Outdoor Lampe mit Fernbedienung Dimmbare Tischlampe Kabellos 8 Farben &amp; Warmwei\u00df IP44 Wasserdicht USB-C Camping Lampe f\u00fcr Au\u00dfen, Garten, Terrasse, Esstisch, Bar 14 x 20 CM","og_url":"https:\/\/marktxxl.de\/markt\/produkt\/light-to-hope-led-akku-outdoor-lampe-mit-fernbedienung-dimmbare-tischlampe-kabellos-8-farben-warmweiss-ip44-wasserdicht-usb-c-camping-lampe-fuer-aussen-garten-terrasse-esstisch-bar-14-x-20-c\/","og_site_name":"Markt-XXL","twitter_card":"summary_large_image","twitter_misc":{"Gesch\u00e4tzte Lesezeit":"1\u00a0Minute"},"schema":{"@context":"https:\/\/schema.org","@graph":[{"@type":"WebPage","@id":"https:\/\/marktxxl.de\/markt\/produkt\/light-to-hope-led-akku-outdoor-lampe-mit-fernbedienung-dimmbare-tischlampe-kabellos-8-farben-warmweiss-ip44-wasserdicht-usb-c-camping-lampe-fuer-aussen-garten-terrasse-esstisch-bar-14-x-20-c\/","url":"https:\/\/marktxxl.de\/markt\/produkt\/light-to-hope-led-akku-outdoor-lampe-mit-fernbedienung-dimmbare-tischlampe-kabellos-8-farben-warmweiss-ip44-wasserdicht-usb-c-camping-lampe-fuer-aussen-garten-terrasse-esstisch-bar-14-x-20-c\/","name":"light to hope LED Akku Outdoor Lampe mit Fernbedienung Dimmbare Tischlampe Kabellos 8 Farben &amp; Warmwei\u00df IP44 Wasserdicht USB-C Camping Lampe f\u00fcr Au\u00dfen, Garten, Terrasse, Esstisch, Bar 14 x 20 CM - Markt-XXL","isPartOf":{"@id":"https:\/\/marktxxl.de\/markt\/#website"},"primaryImageOfPage":{"@id":"https:\/\/marktxxl.de\/markt\/produkt\/light-to-hope-led-akku-outdoor-lampe-mit-fernbedienung-dimmbare-tischlampe-kabellos-8-farben-warmweiss-ip44-wasserdicht-usb-c-camping-lampe-fuer-aussen-garten-terrasse-esstisch-bar-14-x-20-c\/#primaryimage"},"image":{"@id":"https:\/\/marktxxl.de\/markt\/produkt\/light-to-hope-led-akku-outdoor-lampe-mit-fernbedienung-dimmbare-tischlampe-kabellos-8-farben-warmweiss-ip44-wasserdicht-usb-c-camping-lampe-fuer-aussen-garten-terrasse-esstisch-bar-14-x-20-c\/#primaryimage"},"thumbnailUrl":"https:\/\/m.media-amazon.com\/images\/I\/4162neylAXL._SL500_.jpg","datePublished":"2024-06-28T20:17:37+00:00","description":"Markt-XXL light to hope LED Akku Outdoor Lampe mit Fernbedienung Dimmbare Tischlampe Kabellos 8 Farben &amp; Warmwei\u00df IP44 Wasserdicht USB-C Camping Lampe f\u00fcr Au\u00dfen, Garten, Terrasse, Esstisch, Bar 14 x 20 CM","breadcrumb":{"@id":"https:\/\/marktxxl.de\/markt\/produkt\/light-to-hope-led-akku-outdoor-lampe-mit-fernbedienung-dimmbare-tischlampe-kabellos-8-farben-warmweiss-ip44-wasserdicht-usb-c-camping-lampe-fuer-aussen-garten-terrasse-esstisch-bar-14-x-20-c\/#breadcrumb"},"inLanguage":"de","potentialAction":[{"@type":"ReadAction","target":["https:\/\/marktxxl.de\/markt\/produkt\/light-to-hope-led-akku-outdoor-lampe-mit-fernbedienung-dimmbare-tischlampe-kabellos-8-farben-warmweiss-ip44-wasserdicht-usb-c-camping-lampe-fuer-aussen-garten-terrasse-esstisch-bar-14-x-20-c\/"]}]},{"@type":"ImageObject","inLanguage":"de","@id":"https:\/\/marktxxl.de\/markt\/produkt\/light-to-hope-led-akku-outdoor-lampe-mit-fernbedienung-dimmbare-tischlampe-kabellos-8-farben-warmweiss-ip44-wasserdicht-usb-c-camping-lampe-fuer-aussen-garten-terrasse-esstisch-bar-14-x-20-c\/#primaryimage","url":"https:\/\/m.media-amazon.com\/images\/I\/4162neylAXL._SL500_.jpg","contentUrl":"https:\/\/m.media-amazon.com\/images\/I\/4162neylAXL._SL500_.jpg","width":500,"height":500},{"@type":"BreadcrumbList","@id":"https:\/\/marktxxl.de\/markt\/produkt\/light-to-hope-led-akku-outdoor-lampe-mit-fernbedienung-dimmbare-tischlampe-kabellos-8-farben-warmweiss-ip44-wasserdicht-usb-c-camping-lampe-fuer-aussen-garten-terrasse-esstisch-bar-14-x-20-c\/#breadcrumb","itemListElement":[{"@type":"ListItem","position":1,"name":"Startseite","item":"https:\/\/marktxxl.de\/markt\/"},{"@type":"ListItem","position":2,"name":"Markt","item":"https:\/\/marktxxl.de\/markt\/"},{"@type":"ListItem","position":3,"name":"light to hope LED Akku Outdoor Lampe mit Fernbedienung Dimmbare Tischlampe Kabellos 8 Farben &amp; Warmwei\u00df IP44 Wasserdicht USB-C Camping Lampe f\u00fcr Au\u00dfen, Garten, Terrasse, Esstisch, Bar 14 x 20 CM"}]},{"@type":"WebSite","@id":"https:\/\/marktxxl.de\/markt\/#website","url":"https:\/\/marktxxl.de\/markt\/","name":"Markt-XXL","description":"Ihr Markt Online","publisher":{"@id":"https:\/\/marktxxl.de\/markt\/#organization"},"potentialAction":[{"@type":"SearchAction","target":{"@type":"EntryPoint","urlTemplate":"https:\/\/marktxxl.de\/markt\/?s={search_term_string}"},"query-input":{"@type":"PropertyValueSpecification","valueRequired":true,"valueName":"search_term_string"}}],"inLanguage":"de"},{"@type":"Organization","@id":"https:\/\/marktxxl.de\/markt\/#organization","name":"Markt-XXL","url":"https:\/\/marktxxl.de\/markt\/","logo":{"@type":"ImageObject","inLanguage":"de","@id":"https:\/\/marktxxl.de\/markt\/#\/schema\/logo\/image\/","url":"https:\/\/marktxxl.de\/markt\/wp-content\/uploads\/sites\/3\/2020\/12\/logo.png","contentUrl":"https:\/\/marktxxl.de\/markt\/wp-content\/uploads\/sites\/3\/2020\/12\/logo.png","width":200,"height":70,"caption":"Markt-XXL"},"image":{"@id":"https:\/\/marktxxl.de\/markt\/#\/schema\/logo\/image\/"}}]}},"_links":{"self":[{"href":"https:\/\/marktxxl.de\/markt\/wp-json\/wp\/v2\/product\/214001","targetHints":{"allow":["GET"]}}],"collection":[{"href":"https:\/\/marktxxl.de\/markt\/wp-json\/wp\/v2\/product"}],"about":[{"href":"https:\/\/marktxxl.de\/markt\/wp-json\/wp\/v2\/types\/product"}],"replies":[{"embeddable":true,"href":"https:\/\/marktxxl.de\/markt\/wp-json\/wp\/v2\/comments?post=214001"}],"wp:featuredmedia":[{"embeddable":true,"href":"https:\/\/marktxxl.de\/markt\/wp-json\/wp\/v2\/media\/214002"}],"wp:attachment":[{"href":"https:\/\/marktxxl.de\/markt\/wp-json\/wp\/v2\/media?parent=214001"}],"wp:term":[{"taxonomy":"product_brand","embeddable":true,"href":"https:\/\/marktxxl.de\/markt\/wp-json\/wp\/v2\/product_brand?post=214001"},{"taxonomy":"product_cat","embeddable":true,"href":"https:\/\/marktxxl.de\/markt\/wp-json\/wp\/v2\/product_cat?post=214001"},{"taxonomy":"product_tag","embeddable":true,"href":"https:\/\/marktxxl.de\/markt\/wp-json\/wp\/v2\/product_tag?post=214001"}],"curies":[{"name":"wp","href":"https:\/\/api.w.org\/{rel}","templated":true}]}}