{"id":213903,"date":"2024-06-28T21:58:46","date_gmt":"2024-06-28T19:58:46","guid":{"rendered":"https:\/\/marktxxl.de\/markt\/produkt\/fuqiduo-solarlampen-fuer-aussen-garten-4-stuecke-solar-gartenleuchten-mit-warmweiss-wolfram-licht-ip65-wasserdichte-solarleuchte-fuer-garten-rasen-terrasse-hof-warmweiss\/"},"modified":"2024-06-28T21:58:46","modified_gmt":"2024-06-28T19:58:46","slug":"fuqiduo-solarlampen-fuer-aussen-garten-4-stuecke-solar-gartenleuchten-mit-warmweiss-wolfram-licht-ip65-wasserdichte-solarleuchte-fuer-garten-rasen-terrasse-hof-warmweiss","status":"publish","type":"product","link":"https:\/\/marktxxl.de\/markt\/produkt\/fuqiduo-solarlampen-fuer-aussen-garten-4-stuecke-solar-gartenleuchten-mit-warmweiss-wolfram-licht-ip65-wasserdichte-solarleuchte-fuer-garten-rasen-terrasse-hof-warmweiss\/","title":{"rendered":"Fuqiduo Solarlampen f\u00fcr Au\u00dfen Garten, 4 St\u00fccke Solar Gartenleuchten mit Warmwei\u00df Wolfram Licht, IP65 Wasserdichte Solarleuchte f\u00fcr Garten Rasen Terrasse Hof, Warmwei\u00df"},"content":{"rendered":"<p>Helle Solarlampen f\u00fcr Au\u00dfen Garten\uff1aDie Solarlampen f\u00fcr den Au\u00dfengarten verwenden warmwei\u00dfe Gl\u00fchbirnen und sind heller als andere Solarleuchten f\u00fcr den Au\u00dfengarten. Dar\u00fcber hinaus sorgt das einzigartige durchsichtige Design daf\u00fcr, dass das Licht sicher \u00fcbertragen wird, was die Beleuchtung in der Nacht noch heller macht und Ihrem Garten eine romantische und gem\u00fctliche Atmosph\u00e4re verleiht.<br \/>\nSolar Gartenleuchten und Energiespar: Die Au\u00dfen Garten Solarleuchten f\u00fcr den Au\u00dfengarten enthalten Solarpaneele, die Sonnenlicht absorbieren und in Strom umwandeln, mit einem Wirkungsgrad von bis zu 29%. Ein wiederaufladbarer 800mAh-Akku sorgt daf\u00fcr, dass das Licht in der Nacht hell bleibt. Nach dem Sonnenschein aufladen die Solarleuchten sich 6-8 Stunden und bieten 8-10 Stunden Beleuchtung (tags\u00fcber automatische Aufladung, nachts automatische Beleuchtung, ohne komplizierte USB-Ladevorg\u00e4nge). Bringen Sie Leben in Ihren Hof, Garten und Gehwege.<br \/>\nWasserdicht: Die Solarleuchten f\u00fcr den Au\u00dfengarten haben einen wasserdichten IP65, sodass Sie sich keine Sorgen \u00fcber Regen oder Schnee machen m\u00fcssen. Zudem sind sie aus korrosionsbest\u00e4ndigem ABS-Kunststoff gefertigt, was ihre Lebensdauer erheblich verl\u00e4ngert, ohne dass Rostprobleme auftreten, wie bei Metallprodukten. Die Verwendung der Solarleuchten im Au\u00dfenbereich ist daher ideal!<br \/>\nEinfache Installation: Entfernen Sie die Folie von den Solarpanelen, schalten Sie den Schalter ein und befestigen Sie das Installationsrohr aus ABS nacheinander, dann stecken Sie es an einen sonnigen Ort. Unsere Solarleuchten f\u00fcr den Au\u00dfengarten verf\u00fcgen \u00fcber zwei Verbindungsstangen, sodass Sie die H\u00f6he nach Belieben anpassen k\u00f6nnen.<br \/>\nBreite Anwendung und unser Service: Die Solarleuchten f\u00fcr den Au\u00dfengarten sind perfekt zur Dekoration von G\u00e4rten, Rasenfl\u00e4chen, H\u00f6fen und Gehwegen geeignet und k\u00f6nnen nicht nur Ihren Heimweg beleuchten, sondern auch f\u00fcr andere Personen ein sch\u00f6nes Bild abgeben. 2 Jahre Herstellergarantie; Wenn es Probleme mit dem Produkt gibt, schreiben Sie mir, und ich werde Ihnen ein neues schicken, ohne sich um den Service sorgen zu m\u00fcssen.<br \/>\n<div class=\"main-cross-sell\" data-asin=\"B0CRKNFH8H\">\n\n\t<div class=\"WooZone-cross-sell-loader\">\n\t\t<div>\n\t\t\t<div id=\"floatingBarsG\">\n\t\t\t\t<div class=\"blockG\" id=\"rotateG_01\"><\/div>\n\t\t\t\t<div class=\"blockG\" id=\"rotateG_02\"><\/div>\n\t\t\t\t<div class=\"blockG\" id=\"rotateG_03\"><\/div>\n\t\t\t\t<div class=\"blockG\" id=\"rotateG_04\"><\/div>\n\t\t\t\t<div class=\"blockG\" id=\"rotateG_05\"><\/div>\n\t\t\t\t<div class=\"blockG\" id=\"rotateG_06\"><\/div>\n\t\t\t\t<div class=\"blockG\" id=\"rotateG_07\"><\/div>\n\t\t\t\t<div class=\"blockG\" id=\"rotateG_08\"><\/div>\n\t\t\t<\/div>\n\t\t\t<div class=\"WooZone-cross-sell-loader-text\"><\/div>\n\t\t<\/div>\n\t<\/div>\n\n\t\t\n<\/div>\n<div style=\"clear:both;\"><\/div><\/p>\n","protected":false},"excerpt":{"rendered":"<p>Helle Solarlampen f\u00fcr Au\u00dfen Garten\uff1aDie Solarlampen f\u00fcr den Au\u00dfengarten verwenden warmwei\u00dfe Gl\u00fchbirnen und sind heller als andere Solarleuchten f\u00fcr den Au\u00dfengarten. Dar\u00fcber hinaus sorgt das einzigartige durchsichtige Design daf\u00fcr, dass das Licht sicher \u00fcbertragen wird, was die Beleuchtung in der Nacht noch heller macht und Ihrem Garten eine romantische und gem\u00fctliche Atmosph\u00e4re verleiht.<br \/>\nSolar Gartenleuchten und Energiespar: Die Au\u00dfen Garten Solarleuchten f\u00fcr den Au\u00dfengarten enthalten Solarpaneele, die Sonnenlicht absorbieren und in Strom umwandeln, mit einem Wirkungsgrad von bis zu 29%. Ein wiederaufladbarer 800mAh-Akku sorgt daf\u00fcr, dass das Licht in der Nacht hell bleibt. Nach dem Sonnenschein aufladen die Solarleuchten sich 6-8 Stunden und bieten 8-10 Stunden Beleuchtung (tags\u00fcber automatische Aufladung, nachts automatische Beleuchtung, ohne komplizierte USB-Ladevorg\u00e4nge). Bringen Sie Leben in Ihren Hof, Garten und Gehwege.<br \/>\nWasserdicht: Die Solarleuchten f\u00fcr den Au\u00dfengarten haben einen wasserdichten IP65, sodass Sie sich keine Sorgen \u00fcber Regen oder Schnee machen m\u00fcssen. Zudem sind sie aus korrosionsbest\u00e4ndigem ABS-Kunststoff gefertigt, was ihre Lebensdauer erheblich verl\u00e4ngert, ohne dass Rostprobleme auftreten, wie bei Metallprodukten. Die Verwendung der Solarleuchten im Au\u00dfenbereich ist daher ideal!<\/p>\n","protected":false},"featured_media":213904,"comment_status":"open","ping_status":"closed","template":"","meta":[],"product_brand":[],"product_cat":[11446,2108],"product_tag":[],"class_list":{"0":"post-213903","1":"product","2":"type-product","3":"status-publish","4":"has-post-thumbnail","6":"product_cat-aussenbeleuchtung","7":"product_cat-beleuchtung","8":"pa_binding-haushaltswaren","9":"pa_brand-fuqiduo","10":"pa_color-schwarz","11":"pa_height-5-511811018-zoll","12":"pa_length-2-755905509-zoll","13":"pa_manufacturer-fuqiduo","14":"pa_model-sz-22002","15":"pa_width-2-755905509-zoll","17":"first","18":"instock","19":"shipping-taxable","20":"purchasable","21":"product-type-simple","22":"customify-col","23":"product-has-gallery"},"yoast_head":"<!-- This site is optimized with the Yoast SEO plugin v27.4 - https:\/\/yoast.com\/product\/yoast-seo-wordpress\/ -->\n<title>Fuqiduo Solarlampen f\u00fcr Au\u00dfen Garten, 4 St\u00fccke Solar Gartenleuchten mit Warmwei\u00df Wolfram Licht, IP65 Wasserdichte Solarleuchte f\u00fcr Garten Rasen Terrasse Hof, Warmwei\u00df - Markt-XXL<\/title>\n<meta name=\"description\" content=\"Markt-XXL Fuqiduo Solarlampen f\u00fcr Au\u00dfen Garten, 4 St\u00fccke Solar Gartenleuchten mit Warmwei\u00df Wolfram Licht, IP65 Wasserdichte Solarleuchte f\u00fcr Garten Rasen Terrasse Hof, Warmwei\u00df\" \/>\n<meta name=\"robots\" content=\"index, follow, max-snippet:-1, max-image-preview:large, max-video-preview:-1\" \/>\n<link rel=\"canonical\" href=\"https:\/\/marktxxl.de\/markt\/produkt\/fuqiduo-solarlampen-fuer-aussen-garten-4-stuecke-solar-gartenleuchten-mit-warmweiss-wolfram-licht-ip65-wasserdichte-solarleuchte-fuer-garten-rasen-terrasse-hof-warmweiss\/\" \/>\n<meta property=\"og:locale\" content=\"de_DE\" \/>\n<meta property=\"og:type\" content=\"article\" \/>\n<meta property=\"og:title\" content=\"Fuqiduo Solarlampen f\u00fcr Au\u00dfen Garten, 4 St\u00fccke Solar Gartenleuchten mit Warmwei\u00df Wolfram Licht, IP65 Wasserdichte Solarleuchte f\u00fcr Garten Rasen Terrasse Hof, Warmwei\u00df - Markt-XXL\" \/>\n<meta property=\"og:description\" content=\"Markt-XXL Fuqiduo Solarlampen f\u00fcr Au\u00dfen Garten, 4 St\u00fccke Solar Gartenleuchten mit Warmwei\u00df Wolfram Licht, IP65 Wasserdichte Solarleuchte f\u00fcr Garten Rasen Terrasse Hof, Warmwei\u00df\" \/>\n<meta property=\"og:url\" content=\"https:\/\/marktxxl.de\/markt\/produkt\/fuqiduo-solarlampen-fuer-aussen-garten-4-stuecke-solar-gartenleuchten-mit-warmweiss-wolfram-licht-ip65-wasserdichte-solarleuchte-fuer-garten-rasen-terrasse-hof-warmweiss\/\" \/>\n<meta property=\"og:site_name\" content=\"Markt-XXL\" \/>\n<meta name=\"twitter:card\" content=\"summary_large_image\" \/>\n<meta name=\"twitter:label1\" content=\"Gesch\u00e4tzte Lesezeit\" \/>\n\t<meta name=\"twitter:data1\" content=\"2\u00a0Minuten\" \/>\n<script type=\"application\/ld+json\" class=\"yoast-schema-graph\">{\"@context\":\"https:\\\/\\\/schema.org\",\"@graph\":[{\"@type\":\"WebPage\",\"@id\":\"https:\\\/\\\/marktxxl.de\\\/markt\\\/produkt\\\/fuqiduo-solarlampen-fuer-aussen-garten-4-stuecke-solar-gartenleuchten-mit-warmweiss-wolfram-licht-ip65-wasserdichte-solarleuchte-fuer-garten-rasen-terrasse-hof-warmweiss\\\/\",\"url\":\"https:\\\/\\\/marktxxl.de\\\/markt\\\/produkt\\\/fuqiduo-solarlampen-fuer-aussen-garten-4-stuecke-solar-gartenleuchten-mit-warmweiss-wolfram-licht-ip65-wasserdichte-solarleuchte-fuer-garten-rasen-terrasse-hof-warmweiss\\\/\",\"name\":\"Fuqiduo Solarlampen f\u00fcr Au\u00dfen Garten, 4 St\u00fccke Solar Gartenleuchten mit Warmwei\u00df Wolfram Licht, IP65 Wasserdichte Solarleuchte f\u00fcr Garten Rasen Terrasse Hof, Warmwei\u00df - Markt-XXL\",\"isPartOf\":{\"@id\":\"https:\\\/\\\/marktxxl.de\\\/markt\\\/#website\"},\"primaryImageOfPage\":{\"@id\":\"https:\\\/\\\/marktxxl.de\\\/markt\\\/produkt\\\/fuqiduo-solarlampen-fuer-aussen-garten-4-stuecke-solar-gartenleuchten-mit-warmweiss-wolfram-licht-ip65-wasserdichte-solarleuchte-fuer-garten-rasen-terrasse-hof-warmweiss\\\/#primaryimage\"},\"image\":{\"@id\":\"https:\\\/\\\/marktxxl.de\\\/markt\\\/produkt\\\/fuqiduo-solarlampen-fuer-aussen-garten-4-stuecke-solar-gartenleuchten-mit-warmweiss-wolfram-licht-ip65-wasserdichte-solarleuchte-fuer-garten-rasen-terrasse-hof-warmweiss\\\/#primaryimage\"},\"thumbnailUrl\":\"https:\\\/\\\/m.media-amazon.com\\\/images\\\/I\\\/515D7L8porL._SL500_.jpg\",\"datePublished\":\"2024-06-28T19:58:46+00:00\",\"description\":\"Markt-XXL Fuqiduo Solarlampen f\u00fcr Au\u00dfen Garten, 4 St\u00fccke Solar Gartenleuchten mit Warmwei\u00df Wolfram Licht, IP65 Wasserdichte Solarleuchte f\u00fcr Garten Rasen Terrasse Hof, Warmwei\u00df\",\"breadcrumb\":{\"@id\":\"https:\\\/\\\/marktxxl.de\\\/markt\\\/produkt\\\/fuqiduo-solarlampen-fuer-aussen-garten-4-stuecke-solar-gartenleuchten-mit-warmweiss-wolfram-licht-ip65-wasserdichte-solarleuchte-fuer-garten-rasen-terrasse-hof-warmweiss\\\/#breadcrumb\"},\"inLanguage\":\"de\",\"potentialAction\":[{\"@type\":\"ReadAction\",\"target\":[\"https:\\\/\\\/marktxxl.de\\\/markt\\\/produkt\\\/fuqiduo-solarlampen-fuer-aussen-garten-4-stuecke-solar-gartenleuchten-mit-warmweiss-wolfram-licht-ip65-wasserdichte-solarleuchte-fuer-garten-rasen-terrasse-hof-warmweiss\\\/\"]}]},{\"@type\":\"ImageObject\",\"inLanguage\":\"de\",\"@id\":\"https:\\\/\\\/marktxxl.de\\\/markt\\\/produkt\\\/fuqiduo-solarlampen-fuer-aussen-garten-4-stuecke-solar-gartenleuchten-mit-warmweiss-wolfram-licht-ip65-wasserdichte-solarleuchte-fuer-garten-rasen-terrasse-hof-warmweiss\\\/#primaryimage\",\"url\":\"https:\\\/\\\/m.media-amazon.com\\\/images\\\/I\\\/515D7L8porL._SL500_.jpg\",\"contentUrl\":\"https:\\\/\\\/m.media-amazon.com\\\/images\\\/I\\\/515D7L8porL._SL500_.jpg\",\"width\":500,\"height\":500},{\"@type\":\"BreadcrumbList\",\"@id\":\"https:\\\/\\\/marktxxl.de\\\/markt\\\/produkt\\\/fuqiduo-solarlampen-fuer-aussen-garten-4-stuecke-solar-gartenleuchten-mit-warmweiss-wolfram-licht-ip65-wasserdichte-solarleuchte-fuer-garten-rasen-terrasse-hof-warmweiss\\\/#breadcrumb\",\"itemListElement\":[{\"@type\":\"ListItem\",\"position\":1,\"name\":\"Startseite\",\"item\":\"https:\\\/\\\/marktxxl.de\\\/markt\\\/\"},{\"@type\":\"ListItem\",\"position\":2,\"name\":\"Markt\",\"item\":\"https:\\\/\\\/marktxxl.de\\\/markt\\\/\"},{\"@type\":\"ListItem\",\"position\":3,\"name\":\"Fuqiduo Solarlampen f\u00fcr Au\u00dfen Garten, 4 St\u00fccke Solar Gartenleuchten mit Warmwei\u00df Wolfram Licht, IP65 Wasserdichte Solarleuchte f\u00fcr Garten Rasen Terrasse Hof, Warmwei\u00df\"}]},{\"@type\":\"WebSite\",\"@id\":\"https:\\\/\\\/marktxxl.de\\\/markt\\\/#website\",\"url\":\"https:\\\/\\\/marktxxl.de\\\/markt\\\/\",\"name\":\"Markt-XXL\",\"description\":\"Ihr Markt Online\",\"publisher\":{\"@id\":\"https:\\\/\\\/marktxxl.de\\\/markt\\\/#organization\"},\"potentialAction\":[{\"@type\":\"SearchAction\",\"target\":{\"@type\":\"EntryPoint\",\"urlTemplate\":\"https:\\\/\\\/marktxxl.de\\\/markt\\\/?s={search_term_string}\"},\"query-input\":{\"@type\":\"PropertyValueSpecification\",\"valueRequired\":true,\"valueName\":\"search_term_string\"}}],\"inLanguage\":\"de\"},{\"@type\":\"Organization\",\"@id\":\"https:\\\/\\\/marktxxl.de\\\/markt\\\/#organization\",\"name\":\"Markt-XXL\",\"url\":\"https:\\\/\\\/marktxxl.de\\\/markt\\\/\",\"logo\":{\"@type\":\"ImageObject\",\"inLanguage\":\"de\",\"@id\":\"https:\\\/\\\/marktxxl.de\\\/markt\\\/#\\\/schema\\\/logo\\\/image\\\/\",\"url\":\"https:\\\/\\\/marktxxl.de\\\/markt\\\/wp-content\\\/uploads\\\/sites\\\/3\\\/2020\\\/12\\\/logo.png\",\"contentUrl\":\"https:\\\/\\\/marktxxl.de\\\/markt\\\/wp-content\\\/uploads\\\/sites\\\/3\\\/2020\\\/12\\\/logo.png\",\"width\":200,\"height\":70,\"caption\":\"Markt-XXL\"},\"image\":{\"@id\":\"https:\\\/\\\/marktxxl.de\\\/markt\\\/#\\\/schema\\\/logo\\\/image\\\/\"}}]}<\/script>\n<!-- \/ Yoast SEO plugin. -->","yoast_head_json":{"title":"Fuqiduo Solarlampen f\u00fcr Au\u00dfen Garten, 4 St\u00fccke Solar Gartenleuchten mit Warmwei\u00df Wolfram Licht, IP65 Wasserdichte Solarleuchte f\u00fcr Garten Rasen Terrasse Hof, Warmwei\u00df - Markt-XXL","description":"Markt-XXL Fuqiduo Solarlampen f\u00fcr Au\u00dfen Garten, 4 St\u00fccke Solar Gartenleuchten mit Warmwei\u00df Wolfram Licht, IP65 Wasserdichte Solarleuchte f\u00fcr Garten Rasen Terrasse Hof, Warmwei\u00df","robots":{"index":"index","follow":"follow","max-snippet":"max-snippet:-1","max-image-preview":"max-image-preview:large","max-video-preview":"max-video-preview:-1"},"canonical":"https:\/\/marktxxl.de\/markt\/produkt\/fuqiduo-solarlampen-fuer-aussen-garten-4-stuecke-solar-gartenleuchten-mit-warmweiss-wolfram-licht-ip65-wasserdichte-solarleuchte-fuer-garten-rasen-terrasse-hof-warmweiss\/","og_locale":"de_DE","og_type":"article","og_title":"Fuqiduo Solarlampen f\u00fcr Au\u00dfen Garten, 4 St\u00fccke Solar Gartenleuchten mit Warmwei\u00df Wolfram Licht, IP65 Wasserdichte Solarleuchte f\u00fcr Garten Rasen Terrasse Hof, Warmwei\u00df - Markt-XXL","og_description":"Markt-XXL Fuqiduo Solarlampen f\u00fcr Au\u00dfen Garten, 4 St\u00fccke Solar Gartenleuchten mit Warmwei\u00df Wolfram Licht, IP65 Wasserdichte Solarleuchte f\u00fcr Garten Rasen Terrasse Hof, Warmwei\u00df","og_url":"https:\/\/marktxxl.de\/markt\/produkt\/fuqiduo-solarlampen-fuer-aussen-garten-4-stuecke-solar-gartenleuchten-mit-warmweiss-wolfram-licht-ip65-wasserdichte-solarleuchte-fuer-garten-rasen-terrasse-hof-warmweiss\/","og_site_name":"Markt-XXL","twitter_card":"summary_large_image","twitter_misc":{"Gesch\u00e4tzte Lesezeit":"2\u00a0Minuten"},"schema":{"@context":"https:\/\/schema.org","@graph":[{"@type":"WebPage","@id":"https:\/\/marktxxl.de\/markt\/produkt\/fuqiduo-solarlampen-fuer-aussen-garten-4-stuecke-solar-gartenleuchten-mit-warmweiss-wolfram-licht-ip65-wasserdichte-solarleuchte-fuer-garten-rasen-terrasse-hof-warmweiss\/","url":"https:\/\/marktxxl.de\/markt\/produkt\/fuqiduo-solarlampen-fuer-aussen-garten-4-stuecke-solar-gartenleuchten-mit-warmweiss-wolfram-licht-ip65-wasserdichte-solarleuchte-fuer-garten-rasen-terrasse-hof-warmweiss\/","name":"Fuqiduo Solarlampen f\u00fcr Au\u00dfen Garten, 4 St\u00fccke Solar Gartenleuchten mit Warmwei\u00df Wolfram Licht, IP65 Wasserdichte Solarleuchte f\u00fcr Garten Rasen Terrasse Hof, Warmwei\u00df - Markt-XXL","isPartOf":{"@id":"https:\/\/marktxxl.de\/markt\/#website"},"primaryImageOfPage":{"@id":"https:\/\/marktxxl.de\/markt\/produkt\/fuqiduo-solarlampen-fuer-aussen-garten-4-stuecke-solar-gartenleuchten-mit-warmweiss-wolfram-licht-ip65-wasserdichte-solarleuchte-fuer-garten-rasen-terrasse-hof-warmweiss\/#primaryimage"},"image":{"@id":"https:\/\/marktxxl.de\/markt\/produkt\/fuqiduo-solarlampen-fuer-aussen-garten-4-stuecke-solar-gartenleuchten-mit-warmweiss-wolfram-licht-ip65-wasserdichte-solarleuchte-fuer-garten-rasen-terrasse-hof-warmweiss\/#primaryimage"},"thumbnailUrl":"https:\/\/m.media-amazon.com\/images\/I\/515D7L8porL._SL500_.jpg","datePublished":"2024-06-28T19:58:46+00:00","description":"Markt-XXL Fuqiduo Solarlampen f\u00fcr Au\u00dfen Garten, 4 St\u00fccke Solar Gartenleuchten mit Warmwei\u00df Wolfram Licht, IP65 Wasserdichte Solarleuchte f\u00fcr Garten Rasen Terrasse Hof, Warmwei\u00df","breadcrumb":{"@id":"https:\/\/marktxxl.de\/markt\/produkt\/fuqiduo-solarlampen-fuer-aussen-garten-4-stuecke-solar-gartenleuchten-mit-warmweiss-wolfram-licht-ip65-wasserdichte-solarleuchte-fuer-garten-rasen-terrasse-hof-warmweiss\/#breadcrumb"},"inLanguage":"de","potentialAction":[{"@type":"ReadAction","target":["https:\/\/marktxxl.de\/markt\/produkt\/fuqiduo-solarlampen-fuer-aussen-garten-4-stuecke-solar-gartenleuchten-mit-warmweiss-wolfram-licht-ip65-wasserdichte-solarleuchte-fuer-garten-rasen-terrasse-hof-warmweiss\/"]}]},{"@type":"ImageObject","inLanguage":"de","@id":"https:\/\/marktxxl.de\/markt\/produkt\/fuqiduo-solarlampen-fuer-aussen-garten-4-stuecke-solar-gartenleuchten-mit-warmweiss-wolfram-licht-ip65-wasserdichte-solarleuchte-fuer-garten-rasen-terrasse-hof-warmweiss\/#primaryimage","url":"https:\/\/m.media-amazon.com\/images\/I\/515D7L8porL._SL500_.jpg","contentUrl":"https:\/\/m.media-amazon.com\/images\/I\/515D7L8porL._SL500_.jpg","width":500,"height":500},{"@type":"BreadcrumbList","@id":"https:\/\/marktxxl.de\/markt\/produkt\/fuqiduo-solarlampen-fuer-aussen-garten-4-stuecke-solar-gartenleuchten-mit-warmweiss-wolfram-licht-ip65-wasserdichte-solarleuchte-fuer-garten-rasen-terrasse-hof-warmweiss\/#breadcrumb","itemListElement":[{"@type":"ListItem","position":1,"name":"Startseite","item":"https:\/\/marktxxl.de\/markt\/"},{"@type":"ListItem","position":2,"name":"Markt","item":"https:\/\/marktxxl.de\/markt\/"},{"@type":"ListItem","position":3,"name":"Fuqiduo Solarlampen f\u00fcr Au\u00dfen Garten, 4 St\u00fccke Solar Gartenleuchten mit Warmwei\u00df Wolfram Licht, IP65 Wasserdichte Solarleuchte f\u00fcr Garten Rasen Terrasse Hof, Warmwei\u00df"}]},{"@type":"WebSite","@id":"https:\/\/marktxxl.de\/markt\/#website","url":"https:\/\/marktxxl.de\/markt\/","name":"Markt-XXL","description":"Ihr Markt Online","publisher":{"@id":"https:\/\/marktxxl.de\/markt\/#organization"},"potentialAction":[{"@type":"SearchAction","target":{"@type":"EntryPoint","urlTemplate":"https:\/\/marktxxl.de\/markt\/?s={search_term_string}"},"query-input":{"@type":"PropertyValueSpecification","valueRequired":true,"valueName":"search_term_string"}}],"inLanguage":"de"},{"@type":"Organization","@id":"https:\/\/marktxxl.de\/markt\/#organization","name":"Markt-XXL","url":"https:\/\/marktxxl.de\/markt\/","logo":{"@type":"ImageObject","inLanguage":"de","@id":"https:\/\/marktxxl.de\/markt\/#\/schema\/logo\/image\/","url":"https:\/\/marktxxl.de\/markt\/wp-content\/uploads\/sites\/3\/2020\/12\/logo.png","contentUrl":"https:\/\/marktxxl.de\/markt\/wp-content\/uploads\/sites\/3\/2020\/12\/logo.png","width":200,"height":70,"caption":"Markt-XXL"},"image":{"@id":"https:\/\/marktxxl.de\/markt\/#\/schema\/logo\/image\/"}}]}},"_links":{"self":[{"href":"https:\/\/marktxxl.de\/markt\/wp-json\/wp\/v2\/product\/213903","targetHints":{"allow":["GET"]}}],"collection":[{"href":"https:\/\/marktxxl.de\/markt\/wp-json\/wp\/v2\/product"}],"about":[{"href":"https:\/\/marktxxl.de\/markt\/wp-json\/wp\/v2\/types\/product"}],"replies":[{"embeddable":true,"href":"https:\/\/marktxxl.de\/markt\/wp-json\/wp\/v2\/comments?post=213903"}],"wp:featuredmedia":[{"embeddable":true,"href":"https:\/\/marktxxl.de\/markt\/wp-json\/wp\/v2\/media\/213904"}],"wp:attachment":[{"href":"https:\/\/marktxxl.de\/markt\/wp-json\/wp\/v2\/media?parent=213903"}],"wp:term":[{"taxonomy":"product_brand","embeddable":true,"href":"https:\/\/marktxxl.de\/markt\/wp-json\/wp\/v2\/product_brand?post=213903"},{"taxonomy":"product_cat","embeddable":true,"href":"https:\/\/marktxxl.de\/markt\/wp-json\/wp\/v2\/product_cat?post=213903"},{"taxonomy":"product_tag","embeddable":true,"href":"https:\/\/marktxxl.de\/markt\/wp-json\/wp\/v2\/product_tag?post=213903"}],"curies":[{"name":"wp","href":"https:\/\/api.w.org\/{rel}","templated":true}]}}