{"id":213879,"date":"2024-06-28T21:57:04","date_gmt":"2024-06-28T19:57:04","guid":{"rendered":"https:\/\/marktxxl.de\/markt\/produkt\/vatato-24w-aussenwandleuchte-mit-bewegungsmelder-ip653000k-warmweiss-led-wandleuchte-aussen-innen-aluminium-einstellbarer-lichtstrahl-aussenlampe-mit-bewegungsmelder-fuer-flur-weg-schwarz\/"},"modified":"2024-06-28T21:57:04","modified_gmt":"2024-06-28T19:57:04","slug":"vatato-24w-aussenwandleuchte-mit-bewegungsmelder-ip653000k-warmweiss-led-wandleuchte-aussen-innen-aluminium-einstellbarer-lichtstrahl-aussenlampe-mit-bewegungsmelder-fuer-flur-weg-schwarz","status":"publish","type":"product","link":"https:\/\/marktxxl.de\/markt\/produkt\/vatato-24w-aussenwandleuchte-mit-bewegungsmelder-ip653000k-warmweiss-led-wandleuchte-aussen-innen-aluminium-einstellbarer-lichtstrahl-aussenlampe-mit-bewegungsmelder-fuer-flur-weg-schwarz\/","title":{"rendered":"vatato 24W Au\u00dfenwandleuchte mit Bewegungsmelder, IP65,3000K Warmwei\u00df LED Wandleuchte Au\u00dfen\/Innen Aluminium, Einstellbarer Lichtstrahl au\u00dfenlampe mit bewegungsmelder f\u00fcr Flur\/Weg, Schwarz"},"content":{"rendered":"<p>\u2705\u3010Bewegungssensorfunktion\u301124W Vatato LED Wandleuchte Aussen ist einem Bewegungssensor ausgestattet.Tags\u00fcber wird die Wandleuchte automatisch ausgeschaltet. Nachts wird die Wandleuchte von einem Bewegungssensor beleuchtet. Die LED Wandbeleuchtung kann die Bewegung des menschlichen K\u00f6rpers erfassen und die Wandleuchte automatisch ein- und ausschalten.<br \/>\n\u2705\u3010Einstellbarer Lichtstrahl\u3011Aussenlampe mit Bewegungsmelder kann den Abstrahlwinkel einstellen, um verschiedene Lichtformen zu erzeugen. Bieten Sie sch\u00f6ne Lichteffekte und verschiedene gute Atmosph\u00e4ren f\u00fcr Beleuchtung oder Dekoration.<br \/>\n\u2705\u3010Top Qualit\u00e4t\u3011LED Wandleuchte mit Bewegungsmelder besteht aus hochwertigem Aluminiumdruckgussgeh\u00e4use. Der Lampenk\u00f6rper ist robust und weist eine hervorragende Druck- und Korrosionsbest\u00e4ndigkeit auf. Au\u00dfenwandleuchte mit Bewegungsmelder hat ein modernes Design, einfach und gro\u00dfz\u00fcgig.<br \/>\n\u2705\u3010Produktabmessungen\u3011 20x10x10cm (7,9&#215;3,9&#215;3,9in); Spannung: 85V-265V; Farbtemperatur: 3000K Warmwei\u00df; IP65 wasserdicht; Schalenfarbe: Anthrazit<br \/>\n\u2705\u3010Innen und Au\u00dfen geeignet\u3011Diese wasserdichte ED Wandlampen mit Bewegungsmelder kann im Freien im Park, Garten ect installiert werden. Es ist auch f\u00fcr den Innenbereich wie Wohnzimmer, Schlafzimmer, Hotel, Balkon, Flur.<br \/>\n<div class=\"main-cross-sell\" data-asin=\"B0CTK9ZKRW\">\n\n\t<div class=\"WooZone-cross-sell-loader\">\n\t\t<div>\n\t\t\t<div id=\"floatingBarsG\">\n\t\t\t\t<div class=\"blockG\" id=\"rotateG_01\"><\/div>\n\t\t\t\t<div class=\"blockG\" id=\"rotateG_02\"><\/div>\n\t\t\t\t<div class=\"blockG\" id=\"rotateG_03\"><\/div>\n\t\t\t\t<div class=\"blockG\" id=\"rotateG_04\"><\/div>\n\t\t\t\t<div class=\"blockG\" id=\"rotateG_05\"><\/div>\n\t\t\t\t<div class=\"blockG\" id=\"rotateG_06\"><\/div>\n\t\t\t\t<div class=\"blockG\" id=\"rotateG_07\"><\/div>\n\t\t\t\t<div class=\"blockG\" id=\"rotateG_08\"><\/div>\n\t\t\t<\/div>\n\t\t\t<div class=\"WooZone-cross-sell-loader-text\"><\/div>\n\t\t<\/div>\n\t<\/div>\n\n\t\t\n<\/div>\n<div style=\"clear:both;\"><\/div><\/p>\n","protected":false},"excerpt":{"rendered":"<p>\u2705\u3010Bewegungssensorfunktion\u301124W Vatato LED Wandleuchte Aussen ist einem Bewegungssensor ausgestattet.Tags\u00fcber wird die Wandleuchte automatisch ausgeschaltet. Nachts wird die Wandleuchte von einem Bewegungssensor beleuchtet. Die LED Wandbeleuchtung kann die Bewegung des menschlichen K\u00f6rpers erfassen und die Wandleuchte automatisch ein- und ausschalten.<br \/>\n\u2705\u3010Einstellbarer Lichtstrahl\u3011Aussenlampe mit Bewegungsmelder kann den Abstrahlwinkel einstellen, um verschiedene Lichtformen zu erzeugen. Bieten Sie sch\u00f6ne Lichteffekte und verschiedene gute Atmosph\u00e4ren f\u00fcr Beleuchtung oder Dekoration.<br \/>\n\u2705\u3010Top Qualit\u00e4t\u3011LED Wandleuchte mit Bewegungsmelder besteht aus hochwertigem Aluminiumdruckgussgeh\u00e4use. Der Lampenk\u00f6rper ist robust und weist eine hervorragende Druck- und Korrosionsbest\u00e4ndigkeit auf. Au\u00dfenwandleuchte mit Bewegungsmelder hat ein modernes Design, einfach und gro\u00dfz\u00fcgig.<\/p>\n","protected":false},"featured_media":213880,"comment_status":"open","ping_status":"closed","template":"","meta":[],"product_brand":[],"product_cat":[11446,2108],"product_tag":[],"class_list":{"0":"post-213879","1":"product","2":"type-product","3":"status-publish","4":"has-post-thumbnail","6":"product_cat-aussenbeleuchtung","7":"product_cat-beleuchtung","8":"pa_brand-vatato","9":"pa_color-schwarz","10":"pa_height-4-1338582635-zoll","11":"pa_length-8-661417314-zoll","12":"pa_manufacturer-vatato","13":"pa_model-1003-6","14":"pa_width-4-1338582635-zoll","16":"first","17":"instock","18":"shipping-taxable","19":"purchasable","20":"product-type-simple","21":"customify-col","22":"product-has-gallery"},"yoast_head":"<!-- This site is optimized with the Yoast SEO plugin v27.4 - https:\/\/yoast.com\/product\/yoast-seo-wordpress\/ -->\n<title>vatato 24W Au\u00dfenwandleuchte mit Bewegungsmelder, IP65,3000K Warmwei\u00df LED Wandleuchte Au\u00dfen\/Innen Aluminium, Einstellbarer Lichtstrahl au\u00dfenlampe mit bewegungsmelder f\u00fcr Flur\/Weg, Schwarz - Markt-XXL<\/title>\n<meta name=\"description\" content=\"Markt-XXL vatato 24W Au\u00dfenwandleuchte mit Bewegungsmelder, IP65,3000K Warmwei\u00df LED Wandleuchte Au\u00dfen\/Innen Aluminium, Einstellbarer Lichtstrahl au\u00dfenlampe mit bewegungsmelder f\u00fcr Flur\/Weg, Schwarz\" \/>\n<meta name=\"robots\" content=\"index, follow, max-snippet:-1, max-image-preview:large, max-video-preview:-1\" \/>\n<link rel=\"canonical\" href=\"https:\/\/marktxxl.de\/markt\/produkt\/vatato-24w-aussenwandleuchte-mit-bewegungsmelder-ip653000k-warmweiss-led-wandleuchte-aussen-innen-aluminium-einstellbarer-lichtstrahl-aussenlampe-mit-bewegungsmelder-fuer-flur-weg-schwarz\/\" \/>\n<meta property=\"og:locale\" content=\"de_DE\" \/>\n<meta property=\"og:type\" content=\"article\" \/>\n<meta property=\"og:title\" content=\"vatato 24W Au\u00dfenwandleuchte mit Bewegungsmelder, IP65,3000K Warmwei\u00df LED Wandleuchte Au\u00dfen\/Innen Aluminium, Einstellbarer Lichtstrahl au\u00dfenlampe mit bewegungsmelder f\u00fcr Flur\/Weg, Schwarz - Markt-XXL\" \/>\n<meta property=\"og:description\" content=\"Markt-XXL vatato 24W Au\u00dfenwandleuchte mit Bewegungsmelder, IP65,3000K Warmwei\u00df LED Wandleuchte Au\u00dfen\/Innen Aluminium, Einstellbarer Lichtstrahl au\u00dfenlampe mit bewegungsmelder f\u00fcr Flur\/Weg, Schwarz\" \/>\n<meta property=\"og:url\" content=\"https:\/\/marktxxl.de\/markt\/produkt\/vatato-24w-aussenwandleuchte-mit-bewegungsmelder-ip653000k-warmweiss-led-wandleuchte-aussen-innen-aluminium-einstellbarer-lichtstrahl-aussenlampe-mit-bewegungsmelder-fuer-flur-weg-schwarz\/\" \/>\n<meta property=\"og:site_name\" content=\"Markt-XXL\" \/>\n<meta name=\"twitter:card\" content=\"summary_large_image\" \/>\n<meta name=\"twitter:label1\" content=\"Gesch\u00e4tzte Lesezeit\" \/>\n\t<meta name=\"twitter:data1\" content=\"1\u00a0Minute\" \/>\n<script type=\"application\/ld+json\" class=\"yoast-schema-graph\">{\"@context\":\"https:\\\/\\\/schema.org\",\"@graph\":[{\"@type\":\"WebPage\",\"@id\":\"https:\\\/\\\/marktxxl.de\\\/markt\\\/produkt\\\/vatato-24w-aussenwandleuchte-mit-bewegungsmelder-ip653000k-warmweiss-led-wandleuchte-aussen-innen-aluminium-einstellbarer-lichtstrahl-aussenlampe-mit-bewegungsmelder-fuer-flur-weg-schwarz\\\/\",\"url\":\"https:\\\/\\\/marktxxl.de\\\/markt\\\/produkt\\\/vatato-24w-aussenwandleuchte-mit-bewegungsmelder-ip653000k-warmweiss-led-wandleuchte-aussen-innen-aluminium-einstellbarer-lichtstrahl-aussenlampe-mit-bewegungsmelder-fuer-flur-weg-schwarz\\\/\",\"name\":\"vatato 24W Au\u00dfenwandleuchte mit Bewegungsmelder, IP65,3000K Warmwei\u00df LED Wandleuchte Au\u00dfen\\\/Innen Aluminium, Einstellbarer Lichtstrahl au\u00dfenlampe mit bewegungsmelder f\u00fcr Flur\\\/Weg, Schwarz - Markt-XXL\",\"isPartOf\":{\"@id\":\"https:\\\/\\\/marktxxl.de\\\/markt\\\/#website\"},\"primaryImageOfPage\":{\"@id\":\"https:\\\/\\\/marktxxl.de\\\/markt\\\/produkt\\\/vatato-24w-aussenwandleuchte-mit-bewegungsmelder-ip653000k-warmweiss-led-wandleuchte-aussen-innen-aluminium-einstellbarer-lichtstrahl-aussenlampe-mit-bewegungsmelder-fuer-flur-weg-schwarz\\\/#primaryimage\"},\"image\":{\"@id\":\"https:\\\/\\\/marktxxl.de\\\/markt\\\/produkt\\\/vatato-24w-aussenwandleuchte-mit-bewegungsmelder-ip653000k-warmweiss-led-wandleuchte-aussen-innen-aluminium-einstellbarer-lichtstrahl-aussenlampe-mit-bewegungsmelder-fuer-flur-weg-schwarz\\\/#primaryimage\"},\"thumbnailUrl\":\"https:\\\/\\\/m.media-amazon.com\\\/images\\\/I\\\/31chcKkv7sL._SL500_.jpg\",\"datePublished\":\"2024-06-28T19:57:04+00:00\",\"description\":\"Markt-XXL vatato 24W Au\u00dfenwandleuchte mit Bewegungsmelder, IP65,3000K Warmwei\u00df LED Wandleuchte Au\u00dfen\\\/Innen Aluminium, Einstellbarer Lichtstrahl au\u00dfenlampe mit bewegungsmelder f\u00fcr Flur\\\/Weg, Schwarz\",\"breadcrumb\":{\"@id\":\"https:\\\/\\\/marktxxl.de\\\/markt\\\/produkt\\\/vatato-24w-aussenwandleuchte-mit-bewegungsmelder-ip653000k-warmweiss-led-wandleuchte-aussen-innen-aluminium-einstellbarer-lichtstrahl-aussenlampe-mit-bewegungsmelder-fuer-flur-weg-schwarz\\\/#breadcrumb\"},\"inLanguage\":\"de\",\"potentialAction\":[{\"@type\":\"ReadAction\",\"target\":[\"https:\\\/\\\/marktxxl.de\\\/markt\\\/produkt\\\/vatato-24w-aussenwandleuchte-mit-bewegungsmelder-ip653000k-warmweiss-led-wandleuchte-aussen-innen-aluminium-einstellbarer-lichtstrahl-aussenlampe-mit-bewegungsmelder-fuer-flur-weg-schwarz\\\/\"]}]},{\"@type\":\"ImageObject\",\"inLanguage\":\"de\",\"@id\":\"https:\\\/\\\/marktxxl.de\\\/markt\\\/produkt\\\/vatato-24w-aussenwandleuchte-mit-bewegungsmelder-ip653000k-warmweiss-led-wandleuchte-aussen-innen-aluminium-einstellbarer-lichtstrahl-aussenlampe-mit-bewegungsmelder-fuer-flur-weg-schwarz\\\/#primaryimage\",\"url\":\"https:\\\/\\\/m.media-amazon.com\\\/images\\\/I\\\/31chcKkv7sL._SL500_.jpg\",\"contentUrl\":\"https:\\\/\\\/m.media-amazon.com\\\/images\\\/I\\\/31chcKkv7sL._SL500_.jpg\",\"width\":500,\"height\":500},{\"@type\":\"BreadcrumbList\",\"@id\":\"https:\\\/\\\/marktxxl.de\\\/markt\\\/produkt\\\/vatato-24w-aussenwandleuchte-mit-bewegungsmelder-ip653000k-warmweiss-led-wandleuchte-aussen-innen-aluminium-einstellbarer-lichtstrahl-aussenlampe-mit-bewegungsmelder-fuer-flur-weg-schwarz\\\/#breadcrumb\",\"itemListElement\":[{\"@type\":\"ListItem\",\"position\":1,\"name\":\"Startseite\",\"item\":\"https:\\\/\\\/marktxxl.de\\\/markt\\\/\"},{\"@type\":\"ListItem\",\"position\":2,\"name\":\"Markt\",\"item\":\"https:\\\/\\\/marktxxl.de\\\/markt\\\/\"},{\"@type\":\"ListItem\",\"position\":3,\"name\":\"vatato 24W Au\u00dfenwandleuchte mit Bewegungsmelder, IP65,3000K Warmwei\u00df LED Wandleuchte Au\u00dfen\\\/Innen Aluminium, Einstellbarer Lichtstrahl au\u00dfenlampe mit bewegungsmelder f\u00fcr Flur\\\/Weg, Schwarz\"}]},{\"@type\":\"WebSite\",\"@id\":\"https:\\\/\\\/marktxxl.de\\\/markt\\\/#website\",\"url\":\"https:\\\/\\\/marktxxl.de\\\/markt\\\/\",\"name\":\"Markt-XXL\",\"description\":\"Ihr Markt Online\",\"publisher\":{\"@id\":\"https:\\\/\\\/marktxxl.de\\\/markt\\\/#organization\"},\"potentialAction\":[{\"@type\":\"SearchAction\",\"target\":{\"@type\":\"EntryPoint\",\"urlTemplate\":\"https:\\\/\\\/marktxxl.de\\\/markt\\\/?s={search_term_string}\"},\"query-input\":{\"@type\":\"PropertyValueSpecification\",\"valueRequired\":true,\"valueName\":\"search_term_string\"}}],\"inLanguage\":\"de\"},{\"@type\":\"Organization\",\"@id\":\"https:\\\/\\\/marktxxl.de\\\/markt\\\/#organization\",\"name\":\"Markt-XXL\",\"url\":\"https:\\\/\\\/marktxxl.de\\\/markt\\\/\",\"logo\":{\"@type\":\"ImageObject\",\"inLanguage\":\"de\",\"@id\":\"https:\\\/\\\/marktxxl.de\\\/markt\\\/#\\\/schema\\\/logo\\\/image\\\/\",\"url\":\"https:\\\/\\\/marktxxl.de\\\/markt\\\/wp-content\\\/uploads\\\/sites\\\/3\\\/2020\\\/12\\\/logo.png\",\"contentUrl\":\"https:\\\/\\\/marktxxl.de\\\/markt\\\/wp-content\\\/uploads\\\/sites\\\/3\\\/2020\\\/12\\\/logo.png\",\"width\":200,\"height\":70,\"caption\":\"Markt-XXL\"},\"image\":{\"@id\":\"https:\\\/\\\/marktxxl.de\\\/markt\\\/#\\\/schema\\\/logo\\\/image\\\/\"}}]}<\/script>\n<!-- \/ Yoast SEO plugin. -->","yoast_head_json":{"title":"vatato 24W Au\u00dfenwandleuchte mit Bewegungsmelder, IP65,3000K Warmwei\u00df LED Wandleuchte Au\u00dfen\/Innen Aluminium, Einstellbarer Lichtstrahl au\u00dfenlampe mit bewegungsmelder f\u00fcr Flur\/Weg, Schwarz - Markt-XXL","description":"Markt-XXL vatato 24W Au\u00dfenwandleuchte mit Bewegungsmelder, IP65,3000K Warmwei\u00df LED Wandleuchte Au\u00dfen\/Innen Aluminium, Einstellbarer Lichtstrahl au\u00dfenlampe mit bewegungsmelder f\u00fcr Flur\/Weg, Schwarz","robots":{"index":"index","follow":"follow","max-snippet":"max-snippet:-1","max-image-preview":"max-image-preview:large","max-video-preview":"max-video-preview:-1"},"canonical":"https:\/\/marktxxl.de\/markt\/produkt\/vatato-24w-aussenwandleuchte-mit-bewegungsmelder-ip653000k-warmweiss-led-wandleuchte-aussen-innen-aluminium-einstellbarer-lichtstrahl-aussenlampe-mit-bewegungsmelder-fuer-flur-weg-schwarz\/","og_locale":"de_DE","og_type":"article","og_title":"vatato 24W Au\u00dfenwandleuchte mit Bewegungsmelder, IP65,3000K Warmwei\u00df LED Wandleuchte Au\u00dfen\/Innen Aluminium, Einstellbarer Lichtstrahl au\u00dfenlampe mit bewegungsmelder f\u00fcr Flur\/Weg, Schwarz - Markt-XXL","og_description":"Markt-XXL vatato 24W Au\u00dfenwandleuchte mit Bewegungsmelder, IP65,3000K Warmwei\u00df LED Wandleuchte Au\u00dfen\/Innen Aluminium, Einstellbarer Lichtstrahl au\u00dfenlampe mit bewegungsmelder f\u00fcr Flur\/Weg, Schwarz","og_url":"https:\/\/marktxxl.de\/markt\/produkt\/vatato-24w-aussenwandleuchte-mit-bewegungsmelder-ip653000k-warmweiss-led-wandleuchte-aussen-innen-aluminium-einstellbarer-lichtstrahl-aussenlampe-mit-bewegungsmelder-fuer-flur-weg-schwarz\/","og_site_name":"Markt-XXL","twitter_card":"summary_large_image","twitter_misc":{"Gesch\u00e4tzte Lesezeit":"1\u00a0Minute"},"schema":{"@context":"https:\/\/schema.org","@graph":[{"@type":"WebPage","@id":"https:\/\/marktxxl.de\/markt\/produkt\/vatato-24w-aussenwandleuchte-mit-bewegungsmelder-ip653000k-warmweiss-led-wandleuchte-aussen-innen-aluminium-einstellbarer-lichtstrahl-aussenlampe-mit-bewegungsmelder-fuer-flur-weg-schwarz\/","url":"https:\/\/marktxxl.de\/markt\/produkt\/vatato-24w-aussenwandleuchte-mit-bewegungsmelder-ip653000k-warmweiss-led-wandleuchte-aussen-innen-aluminium-einstellbarer-lichtstrahl-aussenlampe-mit-bewegungsmelder-fuer-flur-weg-schwarz\/","name":"vatato 24W Au\u00dfenwandleuchte mit Bewegungsmelder, IP65,3000K Warmwei\u00df LED Wandleuchte Au\u00dfen\/Innen Aluminium, Einstellbarer Lichtstrahl au\u00dfenlampe mit bewegungsmelder f\u00fcr Flur\/Weg, Schwarz - Markt-XXL","isPartOf":{"@id":"https:\/\/marktxxl.de\/markt\/#website"},"primaryImageOfPage":{"@id":"https:\/\/marktxxl.de\/markt\/produkt\/vatato-24w-aussenwandleuchte-mit-bewegungsmelder-ip653000k-warmweiss-led-wandleuchte-aussen-innen-aluminium-einstellbarer-lichtstrahl-aussenlampe-mit-bewegungsmelder-fuer-flur-weg-schwarz\/#primaryimage"},"image":{"@id":"https:\/\/marktxxl.de\/markt\/produkt\/vatato-24w-aussenwandleuchte-mit-bewegungsmelder-ip653000k-warmweiss-led-wandleuchte-aussen-innen-aluminium-einstellbarer-lichtstrahl-aussenlampe-mit-bewegungsmelder-fuer-flur-weg-schwarz\/#primaryimage"},"thumbnailUrl":"https:\/\/m.media-amazon.com\/images\/I\/31chcKkv7sL._SL500_.jpg","datePublished":"2024-06-28T19:57:04+00:00","description":"Markt-XXL vatato 24W Au\u00dfenwandleuchte mit Bewegungsmelder, IP65,3000K Warmwei\u00df LED Wandleuchte Au\u00dfen\/Innen Aluminium, Einstellbarer Lichtstrahl au\u00dfenlampe mit bewegungsmelder f\u00fcr Flur\/Weg, Schwarz","breadcrumb":{"@id":"https:\/\/marktxxl.de\/markt\/produkt\/vatato-24w-aussenwandleuchte-mit-bewegungsmelder-ip653000k-warmweiss-led-wandleuchte-aussen-innen-aluminium-einstellbarer-lichtstrahl-aussenlampe-mit-bewegungsmelder-fuer-flur-weg-schwarz\/#breadcrumb"},"inLanguage":"de","potentialAction":[{"@type":"ReadAction","target":["https:\/\/marktxxl.de\/markt\/produkt\/vatato-24w-aussenwandleuchte-mit-bewegungsmelder-ip653000k-warmweiss-led-wandleuchte-aussen-innen-aluminium-einstellbarer-lichtstrahl-aussenlampe-mit-bewegungsmelder-fuer-flur-weg-schwarz\/"]}]},{"@type":"ImageObject","inLanguage":"de","@id":"https:\/\/marktxxl.de\/markt\/produkt\/vatato-24w-aussenwandleuchte-mit-bewegungsmelder-ip653000k-warmweiss-led-wandleuchte-aussen-innen-aluminium-einstellbarer-lichtstrahl-aussenlampe-mit-bewegungsmelder-fuer-flur-weg-schwarz\/#primaryimage","url":"https:\/\/m.media-amazon.com\/images\/I\/31chcKkv7sL._SL500_.jpg","contentUrl":"https:\/\/m.media-amazon.com\/images\/I\/31chcKkv7sL._SL500_.jpg","width":500,"height":500},{"@type":"BreadcrumbList","@id":"https:\/\/marktxxl.de\/markt\/produkt\/vatato-24w-aussenwandleuchte-mit-bewegungsmelder-ip653000k-warmweiss-led-wandleuchte-aussen-innen-aluminium-einstellbarer-lichtstrahl-aussenlampe-mit-bewegungsmelder-fuer-flur-weg-schwarz\/#breadcrumb","itemListElement":[{"@type":"ListItem","position":1,"name":"Startseite","item":"https:\/\/marktxxl.de\/markt\/"},{"@type":"ListItem","position":2,"name":"Markt","item":"https:\/\/marktxxl.de\/markt\/"},{"@type":"ListItem","position":3,"name":"vatato 24W Au\u00dfenwandleuchte mit Bewegungsmelder, IP65,3000K Warmwei\u00df LED Wandleuchte Au\u00dfen\/Innen Aluminium, Einstellbarer Lichtstrahl au\u00dfenlampe mit bewegungsmelder f\u00fcr Flur\/Weg, Schwarz"}]},{"@type":"WebSite","@id":"https:\/\/marktxxl.de\/markt\/#website","url":"https:\/\/marktxxl.de\/markt\/","name":"Markt-XXL","description":"Ihr Markt Online","publisher":{"@id":"https:\/\/marktxxl.de\/markt\/#organization"},"potentialAction":[{"@type":"SearchAction","target":{"@type":"EntryPoint","urlTemplate":"https:\/\/marktxxl.de\/markt\/?s={search_term_string}"},"query-input":{"@type":"PropertyValueSpecification","valueRequired":true,"valueName":"search_term_string"}}],"inLanguage":"de"},{"@type":"Organization","@id":"https:\/\/marktxxl.de\/markt\/#organization","name":"Markt-XXL","url":"https:\/\/marktxxl.de\/markt\/","logo":{"@type":"ImageObject","inLanguage":"de","@id":"https:\/\/marktxxl.de\/markt\/#\/schema\/logo\/image\/","url":"https:\/\/marktxxl.de\/markt\/wp-content\/uploads\/sites\/3\/2020\/12\/logo.png","contentUrl":"https:\/\/marktxxl.de\/markt\/wp-content\/uploads\/sites\/3\/2020\/12\/logo.png","width":200,"height":70,"caption":"Markt-XXL"},"image":{"@id":"https:\/\/marktxxl.de\/markt\/#\/schema\/logo\/image\/"}}]}},"_links":{"self":[{"href":"https:\/\/marktxxl.de\/markt\/wp-json\/wp\/v2\/product\/213879","targetHints":{"allow":["GET"]}}],"collection":[{"href":"https:\/\/marktxxl.de\/markt\/wp-json\/wp\/v2\/product"}],"about":[{"href":"https:\/\/marktxxl.de\/markt\/wp-json\/wp\/v2\/types\/product"}],"replies":[{"embeddable":true,"href":"https:\/\/marktxxl.de\/markt\/wp-json\/wp\/v2\/comments?post=213879"}],"wp:featuredmedia":[{"embeddable":true,"href":"https:\/\/marktxxl.de\/markt\/wp-json\/wp\/v2\/media\/213880"}],"wp:attachment":[{"href":"https:\/\/marktxxl.de\/markt\/wp-json\/wp\/v2\/media?parent=213879"}],"wp:term":[{"taxonomy":"product_brand","embeddable":true,"href":"https:\/\/marktxxl.de\/markt\/wp-json\/wp\/v2\/product_brand?post=213879"},{"taxonomy":"product_cat","embeddable":true,"href":"https:\/\/marktxxl.de\/markt\/wp-json\/wp\/v2\/product_cat?post=213879"},{"taxonomy":"product_tag","embeddable":true,"href":"https:\/\/marktxxl.de\/markt\/wp-json\/wp\/v2\/product_tag?post=213879"}],"curies":[{"name":"wp","href":"https:\/\/api.w.org\/{rel}","templated":true}]}}