{"id":213862,"date":"2024-06-28T21:56:29","date_gmt":"2024-06-28T19:56:29","guid":{"rendered":"https:\/\/marktxxl.de\/markt\/produkt\/solarlampen-fuer-aussen-haengend-collasis-2-stueck-antike-bronze-solarleuchten-gartendeko-mit-warmenweiss-led-gluehbirnen-ip65-wasserdicht-metall-solar-laternen-fuer-balkon-rasen-terrasse-weihnachte\/"},"modified":"2024-06-28T21:56:29","modified_gmt":"2024-06-28T19:56:29","slug":"solarlampen-fuer-aussen-haengend-collasis-2-stueck-antike-bronze-solarleuchten-gartendeko-mit-warmenweiss-led-gluehbirnen-ip65-wasserdicht-metall-solar-laternen-fuer-balkon-rasen-terrasse-weihnachte","status":"publish","type":"product","link":"https:\/\/marktxxl.de\/markt\/produkt\/solarlampen-fuer-aussen-haengend-collasis-2-stueck-antike-bronze-solarleuchten-gartendeko-mit-warmenweiss-led-gluehbirnen-ip65-wasserdicht-metall-solar-laternen-fuer-balkon-rasen-terrasse-weihnachte\/","title":{"rendered":"Solarlampen f\u00fcr Au\u00dfen H\u00e4ngend, Collasis 2 St\u00fcck Antike Bronze Solarleuchten Gartendeko mit Warmenwei\u00df LED-Gl\u00fchbirnen, IP65 Wasserdicht Metall Solar Laternen f\u00fcr Balkon Rasen Terrasse Weihnachten"},"content":{"rendered":"<p>\u3010Exquisite und Perfekte Dekoration\u3011Solarlampen f\u00fcr Au\u00dfen H\u00e4ngend sind aus warmwei\u00dfen LED-Lampen und Vollmetallrahmen, antike Kupferfarbe Shell hat Vintage-Charme, das einzigartige Aussehen kann sch\u00f6nes Licht emittieren, f\u00fcgen Sie eine helle Landschaft zu Ihrem Garten hinzu, bringen Sie eine warme und romantische Atmosph\u00e4re in Ihr Zuhause.<br \/>\n\u3010IP65 Wasserdicht\u3011Solarleuchten f\u00fcr au\u00dfen hat IP65 wasserdichtes Rating, das solar h\u00e4ngeleuchte ist aus rost- und korrosionsbest\u00e4ndigem Metall, das haltbarer und st\u00e4rker als andere Laternen ist, so dass Sie sich keine Sorgen \u00fcber das Wetter wie Regen, Schnee, Frost oder hohe Temperaturen machen m\u00fcssen.<br \/>\n\u3010Energiesparend und Umweltfreundlich\u3011Solar h\u00e4ngeleuchte ist mit hochwertigen Solarzellen ausgestattet, tags\u00fcber wird die Laterne f\u00fcr 6-8 Stunden bei voller Sonneneinstrahlung aufgeladen und leuchtet automatisch f\u00fcr 8-10 Stunden in der Nacht. Energiesparend und umweltfreundlich, sparen Sie Energie, Sorgen und Geld.<br \/>\n\u3010Einfach Installieren &amp; Vielseitig Einsetzbar\u3011Wenn Sie die Laterne benutzen m\u00f6chten, m\u00fcssen Sie nur den Schalter der Solar h\u00e4ngelampe outdoor einschalten. Es werden keine zus\u00e4tzlichen Kabel oder Batterien f\u00fcr die Installation ben\u00f6tigt. Sie k\u00f6nnen diese Gartenleuchten \u00fcberall im Freien verwenden, wie z.B. in G\u00e4rten, auf Rasenfl\u00e4chen, Wegen, Balkonen oder Terrassen, w\u00e4hrend die Au\u00dfen-Solarleuchten auch als Urlaubs- und Geburtstagsgeschenke f\u00fcr Verwandte und Freunde verwendet werden k\u00f6nnen!<br \/>\n\u3010Professioneller Kundenservice\u3011Wir bieten 100% zufriedenen Kundenservice. Wenn Sie irgendwelche Probleme bei der Verwendung und dem Kauf von Solarlaternen haben, z\u00f6gern Sie bitte nicht, uns zu kontaktieren. Wir werden Ihnen innerhalb von 24 Stunden antworten und unser Bestes tun, um Ihnen zu helfen, das Problem zu l\u00f6sen.<br \/>\n<div class=\"main-cross-sell\" data-asin=\"B0CRT4KS73\">\n\n\t<div class=\"WooZone-cross-sell-loader\">\n\t\t<div>\n\t\t\t<div id=\"floatingBarsG\">\n\t\t\t\t<div class=\"blockG\" id=\"rotateG_01\"><\/div>\n\t\t\t\t<div class=\"blockG\" id=\"rotateG_02\"><\/div>\n\t\t\t\t<div class=\"blockG\" id=\"rotateG_03\"><\/div>\n\t\t\t\t<div class=\"blockG\" id=\"rotateG_04\"><\/div>\n\t\t\t\t<div class=\"blockG\" id=\"rotateG_05\"><\/div>\n\t\t\t\t<div class=\"blockG\" id=\"rotateG_06\"><\/div>\n\t\t\t\t<div class=\"blockG\" id=\"rotateG_07\"><\/div>\n\t\t\t\t<div class=\"blockG\" id=\"rotateG_08\"><\/div>\n\t\t\t<\/div>\n\t\t\t<div class=\"WooZone-cross-sell-loader-text\"><\/div>\n\t\t<\/div>\n\t<\/div>\n\n\t\t\n<\/div>\n<div style=\"clear:both;\"><\/div><\/p>\n","protected":false},"excerpt":{"rendered":"<p>\u3010Exquisite und Perfekte Dekoration\u3011Solarlampen f\u00fcr Au\u00dfen H\u00e4ngend sind aus warmwei\u00dfen LED-Lampen und Vollmetallrahmen, antike Kupferfarbe Shell hat Vintage-Charme, das einzigartige Aussehen kann sch\u00f6nes Licht emittieren, f\u00fcgen Sie eine helle Landschaft zu Ihrem Garten hinzu, bringen Sie eine warme und romantische Atmosph\u00e4re in Ihr Zuhause.<br \/>\n\u3010IP65 Wasserdicht\u3011Solarleuchten f\u00fcr au\u00dfen hat IP65 wasserdichtes Rating, das solar h\u00e4ngeleuchte ist aus rost- und korrosionsbest\u00e4ndigem Metall, das haltbarer und st\u00e4rker als andere Laternen ist, so dass Sie sich keine Sorgen \u00fcber das Wetter wie Regen, Schnee, Frost oder hohe Temperaturen machen m\u00fcssen.<br \/>\n\u3010Energiesparend und Umweltfreundlich\u3011Solar h\u00e4ngeleuchte ist mit hochwertigen Solarzellen ausgestattet, tags\u00fcber wird die Laterne f\u00fcr 6-8 Stunden bei voller Sonneneinstrahlung aufgeladen und leuchtet automatisch f\u00fcr 8-10 Stunden in der Nacht. Energiesparend und umweltfreundlich, sparen Sie Energie, Sorgen und Geld.<\/p>\n","protected":false},"featured_media":213863,"comment_status":"open","ping_status":"closed","template":"","meta":[],"product_brand":[],"product_cat":[11446,2108],"product_tag":[],"class_list":{"0":"post-213862","1":"product","2":"type-product","3":"status-publish","4":"has-post-thumbnail","6":"product_cat-aussenbeleuchtung","7":"product_cat-beleuchtung","8":"pa_brand-collasis","9":"pa_color-farbe-bronze","10":"pa_height-7-480314953-zoll","11":"pa_length-11-81102361-zoll","12":"pa_manufacturer-collasis","13":"pa_model-ks-dl01","14":"pa_width-5-905511805-zoll","16":"first","17":"instock","18":"sale","19":"shipping-taxable","20":"purchasable","21":"product-type-simple","22":"customify-col","23":"product-has-gallery"},"yoast_head":"<!-- This site is optimized with the Yoast SEO plugin v27.4 - https:\/\/yoast.com\/product\/yoast-seo-wordpress\/ -->\n<title>Solarlampen f\u00fcr Au\u00dfen H\u00e4ngend, Collasis 2 St\u00fcck Antike Bronze Solarleuchten Gartendeko mit Warmenwei\u00df LED-Gl\u00fchbirnen, IP65 Wasserdicht Metall Solar Laternen f\u00fcr Balkon Rasen Terrasse Weihnachten - Markt-XXL<\/title>\n<meta name=\"description\" content=\"Markt-XXL Solarlampen f\u00fcr Au\u00dfen H\u00e4ngend, Collasis 2 St\u00fcck Antike Bronze Solarleuchten Gartendeko mit Warmenwei\u00df LED-Gl\u00fchbirnen, IP65 Wasserdicht Metall Solar Laternen f\u00fcr Balkon Rasen Terrasse Weihnachten\" \/>\n<meta name=\"robots\" content=\"index, follow, max-snippet:-1, max-image-preview:large, max-video-preview:-1\" \/>\n<link rel=\"canonical\" href=\"https:\/\/marktxxl.de\/markt\/produkt\/solarlampen-fuer-aussen-haengend-collasis-2-stueck-antike-bronze-solarleuchten-gartendeko-mit-warmenweiss-led-gluehbirnen-ip65-wasserdicht-metall-solar-laternen-fuer-balkon-rasen-terrasse-weihnachte\/\" \/>\n<meta property=\"og:locale\" content=\"de_DE\" \/>\n<meta property=\"og:type\" content=\"article\" \/>\n<meta property=\"og:title\" content=\"Solarlampen f\u00fcr Au\u00dfen H\u00e4ngend, Collasis 2 St\u00fcck Antike Bronze Solarleuchten Gartendeko mit Warmenwei\u00df LED-Gl\u00fchbirnen, IP65 Wasserdicht Metall Solar Laternen f\u00fcr Balkon Rasen Terrasse Weihnachten - Markt-XXL\" \/>\n<meta property=\"og:description\" content=\"Markt-XXL Solarlampen f\u00fcr Au\u00dfen H\u00e4ngend, Collasis 2 St\u00fcck Antike Bronze Solarleuchten Gartendeko mit Warmenwei\u00df LED-Gl\u00fchbirnen, IP65 Wasserdicht Metall Solar Laternen f\u00fcr Balkon Rasen Terrasse Weihnachten\" \/>\n<meta property=\"og:url\" content=\"https:\/\/marktxxl.de\/markt\/produkt\/solarlampen-fuer-aussen-haengend-collasis-2-stueck-antike-bronze-solarleuchten-gartendeko-mit-warmenweiss-led-gluehbirnen-ip65-wasserdicht-metall-solar-laternen-fuer-balkon-rasen-terrasse-weihnachte\/\" \/>\n<meta property=\"og:site_name\" content=\"Markt-XXL\" \/>\n<meta name=\"twitter:card\" content=\"summary_large_image\" \/>\n<meta name=\"twitter:label1\" content=\"Gesch\u00e4tzte Lesezeit\" \/>\n\t<meta name=\"twitter:data1\" content=\"1\u00a0Minute\" \/>\n<script type=\"application\/ld+json\" class=\"yoast-schema-graph\">{\"@context\":\"https:\\\/\\\/schema.org\",\"@graph\":[{\"@type\":\"WebPage\",\"@id\":\"https:\\\/\\\/marktxxl.de\\\/markt\\\/produkt\\\/solarlampen-fuer-aussen-haengend-collasis-2-stueck-antike-bronze-solarleuchten-gartendeko-mit-warmenweiss-led-gluehbirnen-ip65-wasserdicht-metall-solar-laternen-fuer-balkon-rasen-terrasse-weihnachte\\\/\",\"url\":\"https:\\\/\\\/marktxxl.de\\\/markt\\\/produkt\\\/solarlampen-fuer-aussen-haengend-collasis-2-stueck-antike-bronze-solarleuchten-gartendeko-mit-warmenweiss-led-gluehbirnen-ip65-wasserdicht-metall-solar-laternen-fuer-balkon-rasen-terrasse-weihnachte\\\/\",\"name\":\"Solarlampen f\u00fcr Au\u00dfen H\u00e4ngend, Collasis 2 St\u00fcck Antike Bronze Solarleuchten Gartendeko mit Warmenwei\u00df LED-Gl\u00fchbirnen, IP65 Wasserdicht Metall Solar Laternen f\u00fcr Balkon Rasen Terrasse Weihnachten - Markt-XXL\",\"isPartOf\":{\"@id\":\"https:\\\/\\\/marktxxl.de\\\/markt\\\/#website\"},\"primaryImageOfPage\":{\"@id\":\"https:\\\/\\\/marktxxl.de\\\/markt\\\/produkt\\\/solarlampen-fuer-aussen-haengend-collasis-2-stueck-antike-bronze-solarleuchten-gartendeko-mit-warmenweiss-led-gluehbirnen-ip65-wasserdicht-metall-solar-laternen-fuer-balkon-rasen-terrasse-weihnachte\\\/#primaryimage\"},\"image\":{\"@id\":\"https:\\\/\\\/marktxxl.de\\\/markt\\\/produkt\\\/solarlampen-fuer-aussen-haengend-collasis-2-stueck-antike-bronze-solarleuchten-gartendeko-mit-warmenweiss-led-gluehbirnen-ip65-wasserdicht-metall-solar-laternen-fuer-balkon-rasen-terrasse-weihnachte\\\/#primaryimage\"},\"thumbnailUrl\":\"https:\\\/\\\/m.media-amazon.com\\\/images\\\/I\\\/51fzqYaBGbL._SL500_.jpg\",\"datePublished\":\"2024-06-28T19:56:29+00:00\",\"description\":\"Markt-XXL Solarlampen f\u00fcr Au\u00dfen H\u00e4ngend, Collasis 2 St\u00fcck Antike Bronze Solarleuchten Gartendeko mit Warmenwei\u00df LED-Gl\u00fchbirnen, IP65 Wasserdicht Metall Solar Laternen f\u00fcr Balkon Rasen Terrasse Weihnachten\",\"breadcrumb\":{\"@id\":\"https:\\\/\\\/marktxxl.de\\\/markt\\\/produkt\\\/solarlampen-fuer-aussen-haengend-collasis-2-stueck-antike-bronze-solarleuchten-gartendeko-mit-warmenweiss-led-gluehbirnen-ip65-wasserdicht-metall-solar-laternen-fuer-balkon-rasen-terrasse-weihnachte\\\/#breadcrumb\"},\"inLanguage\":\"de\",\"potentialAction\":[{\"@type\":\"ReadAction\",\"target\":[\"https:\\\/\\\/marktxxl.de\\\/markt\\\/produkt\\\/solarlampen-fuer-aussen-haengend-collasis-2-stueck-antike-bronze-solarleuchten-gartendeko-mit-warmenweiss-led-gluehbirnen-ip65-wasserdicht-metall-solar-laternen-fuer-balkon-rasen-terrasse-weihnachte\\\/\"]}]},{\"@type\":\"ImageObject\",\"inLanguage\":\"de\",\"@id\":\"https:\\\/\\\/marktxxl.de\\\/markt\\\/produkt\\\/solarlampen-fuer-aussen-haengend-collasis-2-stueck-antike-bronze-solarleuchten-gartendeko-mit-warmenweiss-led-gluehbirnen-ip65-wasserdicht-metall-solar-laternen-fuer-balkon-rasen-terrasse-weihnachte\\\/#primaryimage\",\"url\":\"https:\\\/\\\/m.media-amazon.com\\\/images\\\/I\\\/51fzqYaBGbL._SL500_.jpg\",\"contentUrl\":\"https:\\\/\\\/m.media-amazon.com\\\/images\\\/I\\\/51fzqYaBGbL._SL500_.jpg\",\"width\":500,\"height\":500},{\"@type\":\"BreadcrumbList\",\"@id\":\"https:\\\/\\\/marktxxl.de\\\/markt\\\/produkt\\\/solarlampen-fuer-aussen-haengend-collasis-2-stueck-antike-bronze-solarleuchten-gartendeko-mit-warmenweiss-led-gluehbirnen-ip65-wasserdicht-metall-solar-laternen-fuer-balkon-rasen-terrasse-weihnachte\\\/#breadcrumb\",\"itemListElement\":[{\"@type\":\"ListItem\",\"position\":1,\"name\":\"Startseite\",\"item\":\"https:\\\/\\\/marktxxl.de\\\/markt\\\/\"},{\"@type\":\"ListItem\",\"position\":2,\"name\":\"Markt\",\"item\":\"https:\\\/\\\/marktxxl.de\\\/markt\\\/\"},{\"@type\":\"ListItem\",\"position\":3,\"name\":\"Solarlampen f\u00fcr Au\u00dfen H\u00e4ngend, Collasis 2 St\u00fcck Antike Bronze Solarleuchten Gartendeko mit Warmenwei\u00df LED-Gl\u00fchbirnen, IP65 Wasserdicht Metall Solar Laternen f\u00fcr Balkon Rasen Terrasse Weihnachten\"}]},{\"@type\":\"WebSite\",\"@id\":\"https:\\\/\\\/marktxxl.de\\\/markt\\\/#website\",\"url\":\"https:\\\/\\\/marktxxl.de\\\/markt\\\/\",\"name\":\"Markt-XXL\",\"description\":\"Ihr Markt Online\",\"publisher\":{\"@id\":\"https:\\\/\\\/marktxxl.de\\\/markt\\\/#organization\"},\"potentialAction\":[{\"@type\":\"SearchAction\",\"target\":{\"@type\":\"EntryPoint\",\"urlTemplate\":\"https:\\\/\\\/marktxxl.de\\\/markt\\\/?s={search_term_string}\"},\"query-input\":{\"@type\":\"PropertyValueSpecification\",\"valueRequired\":true,\"valueName\":\"search_term_string\"}}],\"inLanguage\":\"de\"},{\"@type\":\"Organization\",\"@id\":\"https:\\\/\\\/marktxxl.de\\\/markt\\\/#organization\",\"name\":\"Markt-XXL\",\"url\":\"https:\\\/\\\/marktxxl.de\\\/markt\\\/\",\"logo\":{\"@type\":\"ImageObject\",\"inLanguage\":\"de\",\"@id\":\"https:\\\/\\\/marktxxl.de\\\/markt\\\/#\\\/schema\\\/logo\\\/image\\\/\",\"url\":\"https:\\\/\\\/marktxxl.de\\\/markt\\\/wp-content\\\/uploads\\\/sites\\\/3\\\/2020\\\/12\\\/logo.png\",\"contentUrl\":\"https:\\\/\\\/marktxxl.de\\\/markt\\\/wp-content\\\/uploads\\\/sites\\\/3\\\/2020\\\/12\\\/logo.png\",\"width\":200,\"height\":70,\"caption\":\"Markt-XXL\"},\"image\":{\"@id\":\"https:\\\/\\\/marktxxl.de\\\/markt\\\/#\\\/schema\\\/logo\\\/image\\\/\"}}]}<\/script>\n<!-- \/ Yoast SEO plugin. -->","yoast_head_json":{"title":"Solarlampen f\u00fcr Au\u00dfen H\u00e4ngend, Collasis 2 St\u00fcck Antike Bronze Solarleuchten Gartendeko mit Warmenwei\u00df LED-Gl\u00fchbirnen, IP65 Wasserdicht Metall Solar Laternen f\u00fcr Balkon Rasen Terrasse Weihnachten - Markt-XXL","description":"Markt-XXL Solarlampen f\u00fcr Au\u00dfen H\u00e4ngend, Collasis 2 St\u00fcck Antike Bronze Solarleuchten Gartendeko mit Warmenwei\u00df LED-Gl\u00fchbirnen, IP65 Wasserdicht Metall Solar Laternen f\u00fcr Balkon Rasen Terrasse Weihnachten","robots":{"index":"index","follow":"follow","max-snippet":"max-snippet:-1","max-image-preview":"max-image-preview:large","max-video-preview":"max-video-preview:-1"},"canonical":"https:\/\/marktxxl.de\/markt\/produkt\/solarlampen-fuer-aussen-haengend-collasis-2-stueck-antike-bronze-solarleuchten-gartendeko-mit-warmenweiss-led-gluehbirnen-ip65-wasserdicht-metall-solar-laternen-fuer-balkon-rasen-terrasse-weihnachte\/","og_locale":"de_DE","og_type":"article","og_title":"Solarlampen f\u00fcr Au\u00dfen H\u00e4ngend, Collasis 2 St\u00fcck Antike Bronze Solarleuchten Gartendeko mit Warmenwei\u00df LED-Gl\u00fchbirnen, IP65 Wasserdicht Metall Solar Laternen f\u00fcr Balkon Rasen Terrasse Weihnachten - Markt-XXL","og_description":"Markt-XXL Solarlampen f\u00fcr Au\u00dfen H\u00e4ngend, Collasis 2 St\u00fcck Antike Bronze Solarleuchten Gartendeko mit Warmenwei\u00df LED-Gl\u00fchbirnen, IP65 Wasserdicht Metall Solar Laternen f\u00fcr Balkon Rasen Terrasse Weihnachten","og_url":"https:\/\/marktxxl.de\/markt\/produkt\/solarlampen-fuer-aussen-haengend-collasis-2-stueck-antike-bronze-solarleuchten-gartendeko-mit-warmenweiss-led-gluehbirnen-ip65-wasserdicht-metall-solar-laternen-fuer-balkon-rasen-terrasse-weihnachte\/","og_site_name":"Markt-XXL","twitter_card":"summary_large_image","twitter_misc":{"Gesch\u00e4tzte Lesezeit":"1\u00a0Minute"},"schema":{"@context":"https:\/\/schema.org","@graph":[{"@type":"WebPage","@id":"https:\/\/marktxxl.de\/markt\/produkt\/solarlampen-fuer-aussen-haengend-collasis-2-stueck-antike-bronze-solarleuchten-gartendeko-mit-warmenweiss-led-gluehbirnen-ip65-wasserdicht-metall-solar-laternen-fuer-balkon-rasen-terrasse-weihnachte\/","url":"https:\/\/marktxxl.de\/markt\/produkt\/solarlampen-fuer-aussen-haengend-collasis-2-stueck-antike-bronze-solarleuchten-gartendeko-mit-warmenweiss-led-gluehbirnen-ip65-wasserdicht-metall-solar-laternen-fuer-balkon-rasen-terrasse-weihnachte\/","name":"Solarlampen f\u00fcr Au\u00dfen H\u00e4ngend, Collasis 2 St\u00fcck Antike Bronze Solarleuchten Gartendeko mit Warmenwei\u00df LED-Gl\u00fchbirnen, IP65 Wasserdicht Metall Solar Laternen f\u00fcr Balkon Rasen Terrasse Weihnachten - Markt-XXL","isPartOf":{"@id":"https:\/\/marktxxl.de\/markt\/#website"},"primaryImageOfPage":{"@id":"https:\/\/marktxxl.de\/markt\/produkt\/solarlampen-fuer-aussen-haengend-collasis-2-stueck-antike-bronze-solarleuchten-gartendeko-mit-warmenweiss-led-gluehbirnen-ip65-wasserdicht-metall-solar-laternen-fuer-balkon-rasen-terrasse-weihnachte\/#primaryimage"},"image":{"@id":"https:\/\/marktxxl.de\/markt\/produkt\/solarlampen-fuer-aussen-haengend-collasis-2-stueck-antike-bronze-solarleuchten-gartendeko-mit-warmenweiss-led-gluehbirnen-ip65-wasserdicht-metall-solar-laternen-fuer-balkon-rasen-terrasse-weihnachte\/#primaryimage"},"thumbnailUrl":"https:\/\/m.media-amazon.com\/images\/I\/51fzqYaBGbL._SL500_.jpg","datePublished":"2024-06-28T19:56:29+00:00","description":"Markt-XXL Solarlampen f\u00fcr Au\u00dfen H\u00e4ngend, Collasis 2 St\u00fcck Antike Bronze Solarleuchten Gartendeko mit Warmenwei\u00df LED-Gl\u00fchbirnen, IP65 Wasserdicht Metall Solar Laternen f\u00fcr Balkon Rasen Terrasse Weihnachten","breadcrumb":{"@id":"https:\/\/marktxxl.de\/markt\/produkt\/solarlampen-fuer-aussen-haengend-collasis-2-stueck-antike-bronze-solarleuchten-gartendeko-mit-warmenweiss-led-gluehbirnen-ip65-wasserdicht-metall-solar-laternen-fuer-balkon-rasen-terrasse-weihnachte\/#breadcrumb"},"inLanguage":"de","potentialAction":[{"@type":"ReadAction","target":["https:\/\/marktxxl.de\/markt\/produkt\/solarlampen-fuer-aussen-haengend-collasis-2-stueck-antike-bronze-solarleuchten-gartendeko-mit-warmenweiss-led-gluehbirnen-ip65-wasserdicht-metall-solar-laternen-fuer-balkon-rasen-terrasse-weihnachte\/"]}]},{"@type":"ImageObject","inLanguage":"de","@id":"https:\/\/marktxxl.de\/markt\/produkt\/solarlampen-fuer-aussen-haengend-collasis-2-stueck-antike-bronze-solarleuchten-gartendeko-mit-warmenweiss-led-gluehbirnen-ip65-wasserdicht-metall-solar-laternen-fuer-balkon-rasen-terrasse-weihnachte\/#primaryimage","url":"https:\/\/m.media-amazon.com\/images\/I\/51fzqYaBGbL._SL500_.jpg","contentUrl":"https:\/\/m.media-amazon.com\/images\/I\/51fzqYaBGbL._SL500_.jpg","width":500,"height":500},{"@type":"BreadcrumbList","@id":"https:\/\/marktxxl.de\/markt\/produkt\/solarlampen-fuer-aussen-haengend-collasis-2-stueck-antike-bronze-solarleuchten-gartendeko-mit-warmenweiss-led-gluehbirnen-ip65-wasserdicht-metall-solar-laternen-fuer-balkon-rasen-terrasse-weihnachte\/#breadcrumb","itemListElement":[{"@type":"ListItem","position":1,"name":"Startseite","item":"https:\/\/marktxxl.de\/markt\/"},{"@type":"ListItem","position":2,"name":"Markt","item":"https:\/\/marktxxl.de\/markt\/"},{"@type":"ListItem","position":3,"name":"Solarlampen f\u00fcr Au\u00dfen H\u00e4ngend, Collasis 2 St\u00fcck Antike Bronze Solarleuchten Gartendeko mit Warmenwei\u00df LED-Gl\u00fchbirnen, IP65 Wasserdicht Metall Solar Laternen f\u00fcr Balkon Rasen Terrasse Weihnachten"}]},{"@type":"WebSite","@id":"https:\/\/marktxxl.de\/markt\/#website","url":"https:\/\/marktxxl.de\/markt\/","name":"Markt-XXL","description":"Ihr Markt Online","publisher":{"@id":"https:\/\/marktxxl.de\/markt\/#organization"},"potentialAction":[{"@type":"SearchAction","target":{"@type":"EntryPoint","urlTemplate":"https:\/\/marktxxl.de\/markt\/?s={search_term_string}"},"query-input":{"@type":"PropertyValueSpecification","valueRequired":true,"valueName":"search_term_string"}}],"inLanguage":"de"},{"@type":"Organization","@id":"https:\/\/marktxxl.de\/markt\/#organization","name":"Markt-XXL","url":"https:\/\/marktxxl.de\/markt\/","logo":{"@type":"ImageObject","inLanguage":"de","@id":"https:\/\/marktxxl.de\/markt\/#\/schema\/logo\/image\/","url":"https:\/\/marktxxl.de\/markt\/wp-content\/uploads\/sites\/3\/2020\/12\/logo.png","contentUrl":"https:\/\/marktxxl.de\/markt\/wp-content\/uploads\/sites\/3\/2020\/12\/logo.png","width":200,"height":70,"caption":"Markt-XXL"},"image":{"@id":"https:\/\/marktxxl.de\/markt\/#\/schema\/logo\/image\/"}}]}},"_links":{"self":[{"href":"https:\/\/marktxxl.de\/markt\/wp-json\/wp\/v2\/product\/213862","targetHints":{"allow":["GET"]}}],"collection":[{"href":"https:\/\/marktxxl.de\/markt\/wp-json\/wp\/v2\/product"}],"about":[{"href":"https:\/\/marktxxl.de\/markt\/wp-json\/wp\/v2\/types\/product"}],"replies":[{"embeddable":true,"href":"https:\/\/marktxxl.de\/markt\/wp-json\/wp\/v2\/comments?post=213862"}],"wp:featuredmedia":[{"embeddable":true,"href":"https:\/\/marktxxl.de\/markt\/wp-json\/wp\/v2\/media\/213863"}],"wp:attachment":[{"href":"https:\/\/marktxxl.de\/markt\/wp-json\/wp\/v2\/media?parent=213862"}],"wp:term":[{"taxonomy":"product_brand","embeddable":true,"href":"https:\/\/marktxxl.de\/markt\/wp-json\/wp\/v2\/product_brand?post=213862"},{"taxonomy":"product_cat","embeddable":true,"href":"https:\/\/marktxxl.de\/markt\/wp-json\/wp\/v2\/product_cat?post=213862"},{"taxonomy":"product_tag","embeddable":true,"href":"https:\/\/marktxxl.de\/markt\/wp-json\/wp\/v2\/product_tag?post=213862"}],"curies":[{"name":"wp","href":"https:\/\/api.w.org\/{rel}","templated":true}]}}