{"id":213853,"date":"2024-06-28T21:56:14","date_gmt":"2024-06-28T19:56:14","guid":{"rendered":"https:\/\/marktxxl.de\/markt\/produkt\/trango-3er-set-23400g-granitstein-optik-gartenkugel-ip65-in-20-30-40cm-kugelleuchte-mit-je-5-meter-kabel-e27-fassung-kugellampe-gartenleuchte-aussenleuchte-aussenlampe-kugel-ohne-leuchtmitt\/"},"modified":"2024-06-28T21:56:14","modified_gmt":"2024-06-28T19:56:14","slug":"trango-3er-set-23400g-granitstein-optik-gartenkugel-ip65-in-20-30-40cm-kugelleuchte-mit-je-5-meter-kabel-e27-fassung-kugellampe-gartenleuchte-aussenleuchte-aussenlampe-kugel-ohne-leuchtmitt","status":"publish","type":"product","link":"https:\/\/marktxxl.de\/markt\/produkt\/trango-3er-set-23400g-granitstein-optik-gartenkugel-ip65-in-20-30-40cm-kugelleuchte-mit-je-5-meter-kabel-e27-fassung-kugellampe-gartenleuchte-aussenleuchte-aussenlampe-kugel-ohne-leuchtmitt\/","title":{"rendered":"Trango 3er Set 23400G Granitstein-Optik Gartenkugel IP65 in 20\/30\/40cm ? Kugelleuchte mit je 5 Meter Kabel &amp; E27 Fassung Kugellampe, Gartenleuchte, Au\u00dfenleuchte, Au\u00dfenlampe Kugel ohne Leuchtmittel"},"content":{"rendered":"<p>Trango 3er Set IP65 Gartenkugel Kugelleuchte I Kugellampe I Au\u00dfenlampe Dekorative Leuchtkugel in Granitstein-Optik \u2013 Naturstein-Optik f\u00fcr Garten, Terrasse, Wintergarten, Teiche, Wege und Au\u00dfenanlagen. Die Kugelleuchten bringen Harmonie und Einklang in die Umgebung<br \/>\nLieferumfang: ? 1x20cm \u2013 1 x30cm \u2013 1x 40cm Durchmesser \u2013 je Kugellampe ist mit einem 5,0 Meter langen Zuleitungskabel mit Schuko-Stecker ausgestattet \u2013 Erdpins sorgen f\u00fcr einfachen und sicheren Befestigung am Boden. Granitstein-Look Kugellampen unterschiedlicher Abmessungen miteinander kombiniert<br \/>\nFassung: E27 &#8211; geeignet f\u00fcr alle LED Leuchtmittel &amp; Gl\u00fchbirnen max. 40 W &#8211; Leuchtmittel im Lieferumfang nicht enthalten<br \/>\nSchutzart: IP65 Strahlwassergesch\u00fctzt &#8211; Verwendung f\u00fcr Au\u00dfen und innen geeignet &#8211; Schutzklasse: II &#8211; Spannung: 230 Volt beliebig erweiterbar &#8211; Material: PMMA Hochwertiges Kunststoff<br \/>\nTrango Granitstein-Optik \u2013 Naturstein-Optik Kugelleuchte, Gartenleuchte mit einer nat\u00fcrlicheren Ausstrahlung in Granitstein-Look ist eine super dekorativere Beleuchtung f\u00fcr Garten, Terrasse, Wintergarten, Teiche, Wege und Au\u00dfenanlagen auch Innenbereich geeignet. Die Gartenkugeln In Einzel oder Kombination mit weiteren Kugelleuchten sind ein Lichtpunkt in jedem Garten. Die lassen sich nach Belieben im Garten positionieren und zaubern eine angenehme Atmosph\u00e4re.<br \/>\n<div class=\"main-cross-sell\" data-asin=\"B07P7RCYW7\">\n\n\t<div class=\"WooZone-cross-sell-loader\">\n\t\t<div>\n\t\t\t<div id=\"floatingBarsG\">\n\t\t\t\t<div class=\"blockG\" id=\"rotateG_01\"><\/div>\n\t\t\t\t<div class=\"blockG\" id=\"rotateG_02\"><\/div>\n\t\t\t\t<div class=\"blockG\" id=\"rotateG_03\"><\/div>\n\t\t\t\t<div class=\"blockG\" id=\"rotateG_04\"><\/div>\n\t\t\t\t<div class=\"blockG\" id=\"rotateG_05\"><\/div>\n\t\t\t\t<div class=\"blockG\" id=\"rotateG_06\"><\/div>\n\t\t\t\t<div class=\"blockG\" id=\"rotateG_07\"><\/div>\n\t\t\t\t<div class=\"blockG\" id=\"rotateG_08\"><\/div>\n\t\t\t<\/div>\n\t\t\t<div class=\"WooZone-cross-sell-loader-text\"><\/div>\n\t\t<\/div>\n\t<\/div>\n\n\t\t\n<\/div>\n<div style=\"clear:both;\"><\/div><\/p>\n","protected":false},"excerpt":{"rendered":"<p>Trango 3er Set IP65 Gartenkugel Kugelleuchte I Kugellampe I Au\u00dfenlampe Dekorative Leuchtkugel in Granitstein-Optik \u2013 Naturstein-Optik f\u00fcr Garten, Terrasse, Wintergarten, Teiche, Wege und Au\u00dfenanlagen. Die Kugelleuchten bringen Harmonie und Einklang in die Umgebung<br \/>\nLieferumfang: ? 1x20cm \u2013 1 x30cm \u2013 1x 40cm Durchmesser \u2013 je Kugellampe ist mit einem 5,0 Meter langen Zuleitungskabel mit Schuko-Stecker ausgestattet \u2013 Erdpins sorgen f\u00fcr einfachen und sicheren Befestigung am Boden. Granitstein-Look Kugellampen unterschiedlicher Abmessungen miteinander kombiniert<br \/>\nFassung: E27 &#8211; geeignet f\u00fcr alle LED Leuchtmittel &amp; Gl\u00fchbirnen max. 40 W &#8211; Leuchtmittel im Lieferumfang nicht enthalten<\/p>\n","protected":false},"featured_media":213854,"comment_status":"open","ping_status":"closed","template":"","meta":[],"product_brand":[],"product_cat":[11446,2108],"product_tag":[],"class_list":{"0":"post-213853","1":"product","2":"type-product","3":"status-publish","4":"has-post-thumbnail","6":"product_cat-aussenbeleuchtung","7":"product_cat-beleuchtung","8":"pa_brand-trango","9":"pa_color-granitstein","10":"pa_manufacturer-trango","11":"pa_model-23400g","12":"pa_size-o-20-30-40cm","14":"first","15":"instock","16":"shipping-taxable","17":"purchasable","18":"product-type-simple","19":"customify-col","20":"product-has-gallery"},"yoast_head":"<!-- This site is optimized with the Yoast SEO plugin v27.4 - https:\/\/yoast.com\/product\/yoast-seo-wordpress\/ -->\n<title>Trango 3er Set 23400G Granitstein-Optik Gartenkugel IP65 in 20\/30\/40cm ? Kugelleuchte mit je 5 Meter Kabel &amp; E27 Fassung Kugellampe, Gartenleuchte, Au\u00dfenleuchte, Au\u00dfenlampe Kugel ohne Leuchtmittel - Markt-XXL<\/title>\n<meta name=\"description\" content=\"Markt-XXL Trango 3er Set 23400G Granitstein-Optik Gartenkugel IP65 in 20\/30\/40cm ? Kugelleuchte mit je 5 Meter Kabel &amp; E27 Fassung Kugellampe, Gartenleuchte, Au\u00dfenleuchte, Au\u00dfenlampe Kugel ohne Leuchtmittel\" \/>\n<meta name=\"robots\" content=\"index, follow, max-snippet:-1, max-image-preview:large, max-video-preview:-1\" \/>\n<link rel=\"canonical\" href=\"https:\/\/marktxxl.de\/markt\/produkt\/trango-3er-set-23400g-granitstein-optik-gartenkugel-ip65-in-20-30-40cm-kugelleuchte-mit-je-5-meter-kabel-e27-fassung-kugellampe-gartenleuchte-aussenleuchte-aussenlampe-kugel-ohne-leuchtmitt\/\" \/>\n<meta property=\"og:locale\" content=\"de_DE\" \/>\n<meta property=\"og:type\" content=\"article\" \/>\n<meta property=\"og:title\" content=\"Trango 3er Set 23400G Granitstein-Optik Gartenkugel IP65 in 20\/30\/40cm ? Kugelleuchte mit je 5 Meter Kabel &amp; E27 Fassung Kugellampe, Gartenleuchte, Au\u00dfenleuchte, Au\u00dfenlampe Kugel ohne Leuchtmittel - Markt-XXL\" \/>\n<meta property=\"og:description\" content=\"Markt-XXL Trango 3er Set 23400G Granitstein-Optik Gartenkugel IP65 in 20\/30\/40cm ? Kugelleuchte mit je 5 Meter Kabel &amp; E27 Fassung Kugellampe, Gartenleuchte, Au\u00dfenleuchte, Au\u00dfenlampe Kugel ohne Leuchtmittel\" \/>\n<meta property=\"og:url\" content=\"https:\/\/marktxxl.de\/markt\/produkt\/trango-3er-set-23400g-granitstein-optik-gartenkugel-ip65-in-20-30-40cm-kugelleuchte-mit-je-5-meter-kabel-e27-fassung-kugellampe-gartenleuchte-aussenleuchte-aussenlampe-kugel-ohne-leuchtmitt\/\" \/>\n<meta property=\"og:site_name\" content=\"Markt-XXL\" \/>\n<meta name=\"twitter:card\" content=\"summary_large_image\" \/>\n<meta name=\"twitter:label1\" content=\"Gesch\u00e4tzte Lesezeit\" \/>\n\t<meta name=\"twitter:data1\" content=\"1\u00a0Minute\" \/>\n<script type=\"application\/ld+json\" class=\"yoast-schema-graph\">{\"@context\":\"https:\\\/\\\/schema.org\",\"@graph\":[{\"@type\":\"WebPage\",\"@id\":\"https:\\\/\\\/marktxxl.de\\\/markt\\\/produkt\\\/trango-3er-set-23400g-granitstein-optik-gartenkugel-ip65-in-20-30-40cm-kugelleuchte-mit-je-5-meter-kabel-e27-fassung-kugellampe-gartenleuchte-aussenleuchte-aussenlampe-kugel-ohne-leuchtmitt\\\/\",\"url\":\"https:\\\/\\\/marktxxl.de\\\/markt\\\/produkt\\\/trango-3er-set-23400g-granitstein-optik-gartenkugel-ip65-in-20-30-40cm-kugelleuchte-mit-je-5-meter-kabel-e27-fassung-kugellampe-gartenleuchte-aussenleuchte-aussenlampe-kugel-ohne-leuchtmitt\\\/\",\"name\":\"Trango 3er Set 23400G Granitstein-Optik Gartenkugel IP65 in 20\\\/30\\\/40cm ? Kugelleuchte mit je 5 Meter Kabel &amp; E27 Fassung Kugellampe, Gartenleuchte, Au\u00dfenleuchte, Au\u00dfenlampe Kugel ohne Leuchtmittel - Markt-XXL\",\"isPartOf\":{\"@id\":\"https:\\\/\\\/marktxxl.de\\\/markt\\\/#website\"},\"primaryImageOfPage\":{\"@id\":\"https:\\\/\\\/marktxxl.de\\\/markt\\\/produkt\\\/trango-3er-set-23400g-granitstein-optik-gartenkugel-ip65-in-20-30-40cm-kugelleuchte-mit-je-5-meter-kabel-e27-fassung-kugellampe-gartenleuchte-aussenleuchte-aussenlampe-kugel-ohne-leuchtmitt\\\/#primaryimage\"},\"image\":{\"@id\":\"https:\\\/\\\/marktxxl.de\\\/markt\\\/produkt\\\/trango-3er-set-23400g-granitstein-optik-gartenkugel-ip65-in-20-30-40cm-kugelleuchte-mit-je-5-meter-kabel-e27-fassung-kugellampe-gartenleuchte-aussenleuchte-aussenlampe-kugel-ohne-leuchtmitt\\\/#primaryimage\"},\"thumbnailUrl\":\"https:\\\/\\\/m.media-amazon.com\\\/images\\\/I\\\/51I0ujMXx9L._SL500_.jpg\",\"datePublished\":\"2024-06-28T19:56:14+00:00\",\"description\":\"Markt-XXL Trango 3er Set 23400G Granitstein-Optik Gartenkugel IP65 in 20\\\/30\\\/40cm ? Kugelleuchte mit je 5 Meter Kabel &amp; E27 Fassung Kugellampe, Gartenleuchte, Au\u00dfenleuchte, Au\u00dfenlampe Kugel ohne Leuchtmittel\",\"breadcrumb\":{\"@id\":\"https:\\\/\\\/marktxxl.de\\\/markt\\\/produkt\\\/trango-3er-set-23400g-granitstein-optik-gartenkugel-ip65-in-20-30-40cm-kugelleuchte-mit-je-5-meter-kabel-e27-fassung-kugellampe-gartenleuchte-aussenleuchte-aussenlampe-kugel-ohne-leuchtmitt\\\/#breadcrumb\"},\"inLanguage\":\"de\",\"potentialAction\":[{\"@type\":\"ReadAction\",\"target\":[\"https:\\\/\\\/marktxxl.de\\\/markt\\\/produkt\\\/trango-3er-set-23400g-granitstein-optik-gartenkugel-ip65-in-20-30-40cm-kugelleuchte-mit-je-5-meter-kabel-e27-fassung-kugellampe-gartenleuchte-aussenleuchte-aussenlampe-kugel-ohne-leuchtmitt\\\/\"]}]},{\"@type\":\"ImageObject\",\"inLanguage\":\"de\",\"@id\":\"https:\\\/\\\/marktxxl.de\\\/markt\\\/produkt\\\/trango-3er-set-23400g-granitstein-optik-gartenkugel-ip65-in-20-30-40cm-kugelleuchte-mit-je-5-meter-kabel-e27-fassung-kugellampe-gartenleuchte-aussenleuchte-aussenlampe-kugel-ohne-leuchtmitt\\\/#primaryimage\",\"url\":\"https:\\\/\\\/m.media-amazon.com\\\/images\\\/I\\\/51I0ujMXx9L._SL500_.jpg\",\"contentUrl\":\"https:\\\/\\\/m.media-amazon.com\\\/images\\\/I\\\/51I0ujMXx9L._SL500_.jpg\",\"width\":500,\"height\":230},{\"@type\":\"BreadcrumbList\",\"@id\":\"https:\\\/\\\/marktxxl.de\\\/markt\\\/produkt\\\/trango-3er-set-23400g-granitstein-optik-gartenkugel-ip65-in-20-30-40cm-kugelleuchte-mit-je-5-meter-kabel-e27-fassung-kugellampe-gartenleuchte-aussenleuchte-aussenlampe-kugel-ohne-leuchtmitt\\\/#breadcrumb\",\"itemListElement\":[{\"@type\":\"ListItem\",\"position\":1,\"name\":\"Startseite\",\"item\":\"https:\\\/\\\/marktxxl.de\\\/markt\\\/\"},{\"@type\":\"ListItem\",\"position\":2,\"name\":\"Markt\",\"item\":\"https:\\\/\\\/marktxxl.de\\\/markt\\\/\"},{\"@type\":\"ListItem\",\"position\":3,\"name\":\"Trango 3er Set 23400G Granitstein-Optik Gartenkugel IP65 in 20\\\/30\\\/40cm ? Kugelleuchte mit je 5 Meter Kabel &amp; E27 Fassung Kugellampe, Gartenleuchte, Au\u00dfenleuchte, Au\u00dfenlampe Kugel ohne Leuchtmittel\"}]},{\"@type\":\"WebSite\",\"@id\":\"https:\\\/\\\/marktxxl.de\\\/markt\\\/#website\",\"url\":\"https:\\\/\\\/marktxxl.de\\\/markt\\\/\",\"name\":\"Markt-XXL\",\"description\":\"Ihr Markt Online\",\"publisher\":{\"@id\":\"https:\\\/\\\/marktxxl.de\\\/markt\\\/#organization\"},\"potentialAction\":[{\"@type\":\"SearchAction\",\"target\":{\"@type\":\"EntryPoint\",\"urlTemplate\":\"https:\\\/\\\/marktxxl.de\\\/markt\\\/?s={search_term_string}\"},\"query-input\":{\"@type\":\"PropertyValueSpecification\",\"valueRequired\":true,\"valueName\":\"search_term_string\"}}],\"inLanguage\":\"de\"},{\"@type\":\"Organization\",\"@id\":\"https:\\\/\\\/marktxxl.de\\\/markt\\\/#organization\",\"name\":\"Markt-XXL\",\"url\":\"https:\\\/\\\/marktxxl.de\\\/markt\\\/\",\"logo\":{\"@type\":\"ImageObject\",\"inLanguage\":\"de\",\"@id\":\"https:\\\/\\\/marktxxl.de\\\/markt\\\/#\\\/schema\\\/logo\\\/image\\\/\",\"url\":\"https:\\\/\\\/marktxxl.de\\\/markt\\\/wp-content\\\/uploads\\\/sites\\\/3\\\/2020\\\/12\\\/logo.png\",\"contentUrl\":\"https:\\\/\\\/marktxxl.de\\\/markt\\\/wp-content\\\/uploads\\\/sites\\\/3\\\/2020\\\/12\\\/logo.png\",\"width\":200,\"height\":70,\"caption\":\"Markt-XXL\"},\"image\":{\"@id\":\"https:\\\/\\\/marktxxl.de\\\/markt\\\/#\\\/schema\\\/logo\\\/image\\\/\"}}]}<\/script>\n<!-- \/ Yoast SEO plugin. -->","yoast_head_json":{"title":"Trango 3er Set 23400G Granitstein-Optik Gartenkugel IP65 in 20\/30\/40cm ? Kugelleuchte mit je 5 Meter Kabel &amp; E27 Fassung Kugellampe, Gartenleuchte, Au\u00dfenleuchte, Au\u00dfenlampe Kugel ohne Leuchtmittel - Markt-XXL","description":"Markt-XXL Trango 3er Set 23400G Granitstein-Optik Gartenkugel IP65 in 20\/30\/40cm ? Kugelleuchte mit je 5 Meter Kabel &amp; E27 Fassung Kugellampe, Gartenleuchte, Au\u00dfenleuchte, Au\u00dfenlampe Kugel ohne Leuchtmittel","robots":{"index":"index","follow":"follow","max-snippet":"max-snippet:-1","max-image-preview":"max-image-preview:large","max-video-preview":"max-video-preview:-1"},"canonical":"https:\/\/marktxxl.de\/markt\/produkt\/trango-3er-set-23400g-granitstein-optik-gartenkugel-ip65-in-20-30-40cm-kugelleuchte-mit-je-5-meter-kabel-e27-fassung-kugellampe-gartenleuchte-aussenleuchte-aussenlampe-kugel-ohne-leuchtmitt\/","og_locale":"de_DE","og_type":"article","og_title":"Trango 3er Set 23400G Granitstein-Optik Gartenkugel IP65 in 20\/30\/40cm ? Kugelleuchte mit je 5 Meter Kabel &amp; E27 Fassung Kugellampe, Gartenleuchte, Au\u00dfenleuchte, Au\u00dfenlampe Kugel ohne Leuchtmittel - Markt-XXL","og_description":"Markt-XXL Trango 3er Set 23400G Granitstein-Optik Gartenkugel IP65 in 20\/30\/40cm ? Kugelleuchte mit je 5 Meter Kabel &amp; E27 Fassung Kugellampe, Gartenleuchte, Au\u00dfenleuchte, Au\u00dfenlampe Kugel ohne Leuchtmittel","og_url":"https:\/\/marktxxl.de\/markt\/produkt\/trango-3er-set-23400g-granitstein-optik-gartenkugel-ip65-in-20-30-40cm-kugelleuchte-mit-je-5-meter-kabel-e27-fassung-kugellampe-gartenleuchte-aussenleuchte-aussenlampe-kugel-ohne-leuchtmitt\/","og_site_name":"Markt-XXL","twitter_card":"summary_large_image","twitter_misc":{"Gesch\u00e4tzte Lesezeit":"1\u00a0Minute"},"schema":{"@context":"https:\/\/schema.org","@graph":[{"@type":"WebPage","@id":"https:\/\/marktxxl.de\/markt\/produkt\/trango-3er-set-23400g-granitstein-optik-gartenkugel-ip65-in-20-30-40cm-kugelleuchte-mit-je-5-meter-kabel-e27-fassung-kugellampe-gartenleuchte-aussenleuchte-aussenlampe-kugel-ohne-leuchtmitt\/","url":"https:\/\/marktxxl.de\/markt\/produkt\/trango-3er-set-23400g-granitstein-optik-gartenkugel-ip65-in-20-30-40cm-kugelleuchte-mit-je-5-meter-kabel-e27-fassung-kugellampe-gartenleuchte-aussenleuchte-aussenlampe-kugel-ohne-leuchtmitt\/","name":"Trango 3er Set 23400G Granitstein-Optik Gartenkugel IP65 in 20\/30\/40cm ? Kugelleuchte mit je 5 Meter Kabel &amp; E27 Fassung Kugellampe, Gartenleuchte, Au\u00dfenleuchte, Au\u00dfenlampe Kugel ohne Leuchtmittel - Markt-XXL","isPartOf":{"@id":"https:\/\/marktxxl.de\/markt\/#website"},"primaryImageOfPage":{"@id":"https:\/\/marktxxl.de\/markt\/produkt\/trango-3er-set-23400g-granitstein-optik-gartenkugel-ip65-in-20-30-40cm-kugelleuchte-mit-je-5-meter-kabel-e27-fassung-kugellampe-gartenleuchte-aussenleuchte-aussenlampe-kugel-ohne-leuchtmitt\/#primaryimage"},"image":{"@id":"https:\/\/marktxxl.de\/markt\/produkt\/trango-3er-set-23400g-granitstein-optik-gartenkugel-ip65-in-20-30-40cm-kugelleuchte-mit-je-5-meter-kabel-e27-fassung-kugellampe-gartenleuchte-aussenleuchte-aussenlampe-kugel-ohne-leuchtmitt\/#primaryimage"},"thumbnailUrl":"https:\/\/m.media-amazon.com\/images\/I\/51I0ujMXx9L._SL500_.jpg","datePublished":"2024-06-28T19:56:14+00:00","description":"Markt-XXL Trango 3er Set 23400G Granitstein-Optik Gartenkugel IP65 in 20\/30\/40cm ? Kugelleuchte mit je 5 Meter Kabel &amp; E27 Fassung Kugellampe, Gartenleuchte, Au\u00dfenleuchte, Au\u00dfenlampe Kugel ohne Leuchtmittel","breadcrumb":{"@id":"https:\/\/marktxxl.de\/markt\/produkt\/trango-3er-set-23400g-granitstein-optik-gartenkugel-ip65-in-20-30-40cm-kugelleuchte-mit-je-5-meter-kabel-e27-fassung-kugellampe-gartenleuchte-aussenleuchte-aussenlampe-kugel-ohne-leuchtmitt\/#breadcrumb"},"inLanguage":"de","potentialAction":[{"@type":"ReadAction","target":["https:\/\/marktxxl.de\/markt\/produkt\/trango-3er-set-23400g-granitstein-optik-gartenkugel-ip65-in-20-30-40cm-kugelleuchte-mit-je-5-meter-kabel-e27-fassung-kugellampe-gartenleuchte-aussenleuchte-aussenlampe-kugel-ohne-leuchtmitt\/"]}]},{"@type":"ImageObject","inLanguage":"de","@id":"https:\/\/marktxxl.de\/markt\/produkt\/trango-3er-set-23400g-granitstein-optik-gartenkugel-ip65-in-20-30-40cm-kugelleuchte-mit-je-5-meter-kabel-e27-fassung-kugellampe-gartenleuchte-aussenleuchte-aussenlampe-kugel-ohne-leuchtmitt\/#primaryimage","url":"https:\/\/m.media-amazon.com\/images\/I\/51I0ujMXx9L._SL500_.jpg","contentUrl":"https:\/\/m.media-amazon.com\/images\/I\/51I0ujMXx9L._SL500_.jpg","width":500,"height":230},{"@type":"BreadcrumbList","@id":"https:\/\/marktxxl.de\/markt\/produkt\/trango-3er-set-23400g-granitstein-optik-gartenkugel-ip65-in-20-30-40cm-kugelleuchte-mit-je-5-meter-kabel-e27-fassung-kugellampe-gartenleuchte-aussenleuchte-aussenlampe-kugel-ohne-leuchtmitt\/#breadcrumb","itemListElement":[{"@type":"ListItem","position":1,"name":"Startseite","item":"https:\/\/marktxxl.de\/markt\/"},{"@type":"ListItem","position":2,"name":"Markt","item":"https:\/\/marktxxl.de\/markt\/"},{"@type":"ListItem","position":3,"name":"Trango 3er Set 23400G Granitstein-Optik Gartenkugel IP65 in 20\/30\/40cm ? Kugelleuchte mit je 5 Meter Kabel &amp; E27 Fassung Kugellampe, Gartenleuchte, Au\u00dfenleuchte, Au\u00dfenlampe Kugel ohne Leuchtmittel"}]},{"@type":"WebSite","@id":"https:\/\/marktxxl.de\/markt\/#website","url":"https:\/\/marktxxl.de\/markt\/","name":"Markt-XXL","description":"Ihr Markt Online","publisher":{"@id":"https:\/\/marktxxl.de\/markt\/#organization"},"potentialAction":[{"@type":"SearchAction","target":{"@type":"EntryPoint","urlTemplate":"https:\/\/marktxxl.de\/markt\/?s={search_term_string}"},"query-input":{"@type":"PropertyValueSpecification","valueRequired":true,"valueName":"search_term_string"}}],"inLanguage":"de"},{"@type":"Organization","@id":"https:\/\/marktxxl.de\/markt\/#organization","name":"Markt-XXL","url":"https:\/\/marktxxl.de\/markt\/","logo":{"@type":"ImageObject","inLanguage":"de","@id":"https:\/\/marktxxl.de\/markt\/#\/schema\/logo\/image\/","url":"https:\/\/marktxxl.de\/markt\/wp-content\/uploads\/sites\/3\/2020\/12\/logo.png","contentUrl":"https:\/\/marktxxl.de\/markt\/wp-content\/uploads\/sites\/3\/2020\/12\/logo.png","width":200,"height":70,"caption":"Markt-XXL"},"image":{"@id":"https:\/\/marktxxl.de\/markt\/#\/schema\/logo\/image\/"}}]}},"_links":{"self":[{"href":"https:\/\/marktxxl.de\/markt\/wp-json\/wp\/v2\/product\/213853","targetHints":{"allow":["GET"]}}],"collection":[{"href":"https:\/\/marktxxl.de\/markt\/wp-json\/wp\/v2\/product"}],"about":[{"href":"https:\/\/marktxxl.de\/markt\/wp-json\/wp\/v2\/types\/product"}],"replies":[{"embeddable":true,"href":"https:\/\/marktxxl.de\/markt\/wp-json\/wp\/v2\/comments?post=213853"}],"wp:featuredmedia":[{"embeddable":true,"href":"https:\/\/marktxxl.de\/markt\/wp-json\/wp\/v2\/media\/213854"}],"wp:attachment":[{"href":"https:\/\/marktxxl.de\/markt\/wp-json\/wp\/v2\/media?parent=213853"}],"wp:term":[{"taxonomy":"product_brand","embeddable":true,"href":"https:\/\/marktxxl.de\/markt\/wp-json\/wp\/v2\/product_brand?post=213853"},{"taxonomy":"product_cat","embeddable":true,"href":"https:\/\/marktxxl.de\/markt\/wp-json\/wp\/v2\/product_cat?post=213853"},{"taxonomy":"product_tag","embeddable":true,"href":"https:\/\/marktxxl.de\/markt\/wp-json\/wp\/v2\/product_tag?post=213853"}],"curies":[{"name":"wp","href":"https:\/\/api.w.org\/{rel}","templated":true}]}}