{"id":213781,"date":"2024-06-28T21:17:16","date_gmt":"2024-06-28T19:17:16","guid":{"rendered":"https:\/\/marktxxl.de\/markt\/produkt\/famiduo-nachlicht-liegende\/"},"modified":"2024-06-28T21:17:16","modified_gmt":"2024-06-28T19:17:16","slug":"famiduo-nachlicht-liegende","status":"publish","type":"product","link":"https:\/\/marktxxl.de\/markt\/produkt\/famiduo-nachlicht-liegende\/","title":{"rendered":"FAMIDUO Nachlicht Liegende"},"content":{"rendered":"<p>\u3010Sicheres und weiches Silikon\u3011 Das FAMIDUO Nachtlicht ist das perfekte Accessoire f\u00fcr jedes Kinderzimmer. Hergestellt aus umweltfreundlichem Silikon und mit einer weichen Haptik bietet es eine sichere und beruhigende Atmosph\u00e4re f\u00fcr Kinder.<br \/>\n\u3010Dimmbar\u3011 Das Nachtlicht kann durch einfaches Dr\u00fccken gesteuert werden und bietet einen Warmlicht. Es verf\u00fcgt \u00fcber drei verschiedene Helligkeitsstufen und gibt dem Raum eine gem\u00fctliche Atmosph\u00e4re, die perfekt zum Entspannen und Schlafen ist.<br \/>\n\u301030-Minuten-Timing\u3011 Mit einem Timer 30 Minuten Stunden kann das Nachtlicht auch als Einschlafhilfe verwendet werden. Es kann einfach \u00fcber USB aufgeladen werden und kann bis zu 6 Stunden bei der niedrigsten Helligkeitseinstellung arbeiten.<br \/>\n\u3010Multifunktionale Lampe\u3011 Das Nachtlicht ist flexibel einsetzbar und kann als stilvolle Dekoration im Kinderzimmer dienen. Ob als Nachttischlampe, Spielzeug oder Dekoration, das Nachtlicht eignet sich ideal f\u00fcr Babys und Kinder jeden Alters. Es kann auch als W\u00e4rmelampe auf dem Wickeltisch oder als Stilllicht verwendet werden. Es kann auch als praktisches Accessoire f\u00fcr den Wickeltisch oder als stillvolles Nachtlicht im Schlafzimmer der Eltern verwendet werden.<br \/>\n\u3010Kinder Geschenke\u3011 Entdecken Sie das breite Angebot an Nachtlichtern, Schlummerleuchten und weiteren Zubeh\u00f6r im FAMIDUO. Bestellen Sie jetzt und geben Sie Ihrem Kinderzimmer einen zus\u00e4tzlichen Touch an Gem\u00fctlichkeit und W\u00e4rme. Es ist ein cute und lustiges Geschenk f\u00fcr Kinder.<br \/>\n<div class=\"main-cross-sell\" data-asin=\"B0C6Q6DXPX\">\n\n\t<div class=\"WooZone-cross-sell-loader\">\n\t\t<div>\n\t\t\t<div id=\"floatingBarsG\">\n\t\t\t\t<div class=\"blockG\" id=\"rotateG_01\"><\/div>\n\t\t\t\t<div class=\"blockG\" id=\"rotateG_02\"><\/div>\n\t\t\t\t<div class=\"blockG\" id=\"rotateG_03\"><\/div>\n\t\t\t\t<div class=\"blockG\" id=\"rotateG_04\"><\/div>\n\t\t\t\t<div class=\"blockG\" id=\"rotateG_05\"><\/div>\n\t\t\t\t<div class=\"blockG\" id=\"rotateG_06\"><\/div>\n\t\t\t\t<div class=\"blockG\" id=\"rotateG_07\"><\/div>\n\t\t\t\t<div class=\"blockG\" id=\"rotateG_08\"><\/div>\n\t\t\t<\/div>\n\t\t\t<div class=\"WooZone-cross-sell-loader-text\"><\/div>\n\t\t<\/div>\n\t<\/div>\n\n\t\t\n<\/div>\n<div style=\"clear:both;\"><\/div><\/p>\n","protected":false},"excerpt":{"rendered":"<p>\u3010Sicheres und weiches Silikon\u3011 Das FAMIDUO Nachtlicht ist das perfekte Accessoire f\u00fcr jedes Kinderzimmer. Hergestellt aus umweltfreundlichem Silikon und mit einer weichen Haptik bietet es eine sichere und beruhigende Atmosph\u00e4re f\u00fcr Kinder.<br \/>\n\u3010Dimmbar\u3011 Das Nachtlicht kann durch einfaches Dr\u00fccken gesteuert werden und bietet einen Warmlicht. Es verf\u00fcgt \u00fcber drei verschiedene Helligkeitsstufen und gibt dem Raum eine gem\u00fctliche Atmosph\u00e4re, die perfekt zum Entspannen und Schlafen ist.<br \/>\n\u301030-Minuten-Timing\u3011 Mit einem Timer 30 Minuten Stunden kann das Nachtlicht auch als Einschlafhilfe verwendet werden. Es kann einfach \u00fcber USB aufgeladen werden und kann bis zu 6 Stunden bei der niedrigsten Helligkeitseinstellung arbeiten.<\/p>\n","protected":false},"featured_media":213782,"comment_status":"open","ping_status":"closed","template":"","meta":[],"product_brand":[],"product_cat":[2108],"product_tag":[],"class_list":{"0":"post-213781","1":"product","2":"type-product","3":"status-publish","4":"has-post-thumbnail","6":"product_cat-beleuchtung","7":"pa_brand-famiduo","8":"pa_height-3-3464566895-zoll","9":"pa_length-5-511811018-zoll","10":"pa_manufacturer-shenzhen-time-show-technology-co-ltd","11":"pa_model-k-1151","12":"pa_width-5-118110231-zoll","14":"first","15":"instock","16":"shipping-taxable","17":"product-type-simple","18":"customify-col","19":"product-has-gallery"},"yoast_head":"<!-- This site is optimized with the Yoast SEO plugin v27.3 - https:\/\/yoast.com\/product\/yoast-seo-wordpress\/ -->\n<title>FAMIDUO Nachlicht Liegende - Markt-XXL<\/title>\n<meta name=\"description\" content=\"Markt-XXL FAMIDUO Nachlicht Liegende\" \/>\n<meta name=\"robots\" content=\"index, follow, max-snippet:-1, max-image-preview:large, max-video-preview:-1\" \/>\n<link rel=\"canonical\" href=\"https:\/\/marktxxl.de\/markt\/produkt\/famiduo-nachlicht-liegende\/\" \/>\n<meta property=\"og:locale\" content=\"de_DE\" \/>\n<meta property=\"og:type\" content=\"article\" \/>\n<meta property=\"og:title\" content=\"FAMIDUO Nachlicht Liegende - Markt-XXL\" \/>\n<meta property=\"og:description\" content=\"Markt-XXL FAMIDUO Nachlicht Liegende\" \/>\n<meta property=\"og:url\" content=\"https:\/\/marktxxl.de\/markt\/produkt\/famiduo-nachlicht-liegende\/\" \/>\n<meta property=\"og:site_name\" content=\"Markt-XXL\" \/>\n<meta name=\"twitter:card\" content=\"summary_large_image\" \/>\n<meta name=\"twitter:label1\" content=\"Gesch\u00e4tzte Lesezeit\" \/>\n\t<meta name=\"twitter:data1\" content=\"1\u00a0Minute\" \/>\n<script type=\"application\/ld+json\" class=\"yoast-schema-graph\">{\"@context\":\"https:\\\/\\\/schema.org\",\"@graph\":[{\"@type\":\"WebPage\",\"@id\":\"https:\\\/\\\/marktxxl.de\\\/markt\\\/produkt\\\/famiduo-nachlicht-liegende\\\/\",\"url\":\"https:\\\/\\\/marktxxl.de\\\/markt\\\/produkt\\\/famiduo-nachlicht-liegende\\\/\",\"name\":\"FAMIDUO Nachlicht Liegende - Markt-XXL\",\"isPartOf\":{\"@id\":\"https:\\\/\\\/marktxxl.de\\\/markt\\\/#website\"},\"primaryImageOfPage\":{\"@id\":\"https:\\\/\\\/marktxxl.de\\\/markt\\\/produkt\\\/famiduo-nachlicht-liegende\\\/#primaryimage\"},\"image\":{\"@id\":\"https:\\\/\\\/marktxxl.de\\\/markt\\\/produkt\\\/famiduo-nachlicht-liegende\\\/#primaryimage\"},\"thumbnailUrl\":\"https:\\\/\\\/m.media-amazon.com\\\/images\\\/I\\\/31XqhD2lMOL._SL500_.jpg\",\"datePublished\":\"2024-06-28T19:17:16+00:00\",\"description\":\"Markt-XXL FAMIDUO Nachlicht Liegende\",\"breadcrumb\":{\"@id\":\"https:\\\/\\\/marktxxl.de\\\/markt\\\/produkt\\\/famiduo-nachlicht-liegende\\\/#breadcrumb\"},\"inLanguage\":\"de\",\"potentialAction\":[{\"@type\":\"ReadAction\",\"target\":[\"https:\\\/\\\/marktxxl.de\\\/markt\\\/produkt\\\/famiduo-nachlicht-liegende\\\/\"]}]},{\"@type\":\"ImageObject\",\"inLanguage\":\"de\",\"@id\":\"https:\\\/\\\/marktxxl.de\\\/markt\\\/produkt\\\/famiduo-nachlicht-liegende\\\/#primaryimage\",\"url\":\"https:\\\/\\\/m.media-amazon.com\\\/images\\\/I\\\/31XqhD2lMOL._SL500_.jpg\",\"contentUrl\":\"https:\\\/\\\/m.media-amazon.com\\\/images\\\/I\\\/31XqhD2lMOL._SL500_.jpg\",\"width\":500,\"height\":500},{\"@type\":\"BreadcrumbList\",\"@id\":\"https:\\\/\\\/marktxxl.de\\\/markt\\\/produkt\\\/famiduo-nachlicht-liegende\\\/#breadcrumb\",\"itemListElement\":[{\"@type\":\"ListItem\",\"position\":1,\"name\":\"Startseite\",\"item\":\"https:\\\/\\\/marktxxl.de\\\/markt\\\/\"},{\"@type\":\"ListItem\",\"position\":2,\"name\":\"Markt\",\"item\":\"https:\\\/\\\/marktxxl.de\\\/markt\\\/\"},{\"@type\":\"ListItem\",\"position\":3,\"name\":\"FAMIDUO Nachlicht Liegende\"}]},{\"@type\":\"WebSite\",\"@id\":\"https:\\\/\\\/marktxxl.de\\\/markt\\\/#website\",\"url\":\"https:\\\/\\\/marktxxl.de\\\/markt\\\/\",\"name\":\"Markt-XXL\",\"description\":\"Ihr Markt Online\",\"publisher\":{\"@id\":\"https:\\\/\\\/marktxxl.de\\\/markt\\\/#organization\"},\"potentialAction\":[{\"@type\":\"SearchAction\",\"target\":{\"@type\":\"EntryPoint\",\"urlTemplate\":\"https:\\\/\\\/marktxxl.de\\\/markt\\\/?s={search_term_string}\"},\"query-input\":{\"@type\":\"PropertyValueSpecification\",\"valueRequired\":true,\"valueName\":\"search_term_string\"}}],\"inLanguage\":\"de\"},{\"@type\":\"Organization\",\"@id\":\"https:\\\/\\\/marktxxl.de\\\/markt\\\/#organization\",\"name\":\"Markt-XXL\",\"url\":\"https:\\\/\\\/marktxxl.de\\\/markt\\\/\",\"logo\":{\"@type\":\"ImageObject\",\"inLanguage\":\"de\",\"@id\":\"https:\\\/\\\/marktxxl.de\\\/markt\\\/#\\\/schema\\\/logo\\\/image\\\/\",\"url\":\"https:\\\/\\\/marktxxl.de\\\/markt\\\/wp-content\\\/uploads\\\/sites\\\/3\\\/2020\\\/12\\\/logo.png\",\"contentUrl\":\"https:\\\/\\\/marktxxl.de\\\/markt\\\/wp-content\\\/uploads\\\/sites\\\/3\\\/2020\\\/12\\\/logo.png\",\"width\":200,\"height\":70,\"caption\":\"Markt-XXL\"},\"image\":{\"@id\":\"https:\\\/\\\/marktxxl.de\\\/markt\\\/#\\\/schema\\\/logo\\\/image\\\/\"}}]}<\/script>\n<!-- \/ Yoast SEO plugin. -->","yoast_head_json":{"title":"FAMIDUO Nachlicht Liegende - Markt-XXL","description":"Markt-XXL FAMIDUO Nachlicht Liegende","robots":{"index":"index","follow":"follow","max-snippet":"max-snippet:-1","max-image-preview":"max-image-preview:large","max-video-preview":"max-video-preview:-1"},"canonical":"https:\/\/marktxxl.de\/markt\/produkt\/famiduo-nachlicht-liegende\/","og_locale":"de_DE","og_type":"article","og_title":"FAMIDUO Nachlicht Liegende - Markt-XXL","og_description":"Markt-XXL FAMIDUO Nachlicht Liegende","og_url":"https:\/\/marktxxl.de\/markt\/produkt\/famiduo-nachlicht-liegende\/","og_site_name":"Markt-XXL","twitter_card":"summary_large_image","twitter_misc":{"Gesch\u00e4tzte Lesezeit":"1\u00a0Minute"},"schema":{"@context":"https:\/\/schema.org","@graph":[{"@type":"WebPage","@id":"https:\/\/marktxxl.de\/markt\/produkt\/famiduo-nachlicht-liegende\/","url":"https:\/\/marktxxl.de\/markt\/produkt\/famiduo-nachlicht-liegende\/","name":"FAMIDUO Nachlicht Liegende - Markt-XXL","isPartOf":{"@id":"https:\/\/marktxxl.de\/markt\/#website"},"primaryImageOfPage":{"@id":"https:\/\/marktxxl.de\/markt\/produkt\/famiduo-nachlicht-liegende\/#primaryimage"},"image":{"@id":"https:\/\/marktxxl.de\/markt\/produkt\/famiduo-nachlicht-liegende\/#primaryimage"},"thumbnailUrl":"https:\/\/m.media-amazon.com\/images\/I\/31XqhD2lMOL._SL500_.jpg","datePublished":"2024-06-28T19:17:16+00:00","description":"Markt-XXL FAMIDUO Nachlicht Liegende","breadcrumb":{"@id":"https:\/\/marktxxl.de\/markt\/produkt\/famiduo-nachlicht-liegende\/#breadcrumb"},"inLanguage":"de","potentialAction":[{"@type":"ReadAction","target":["https:\/\/marktxxl.de\/markt\/produkt\/famiduo-nachlicht-liegende\/"]}]},{"@type":"ImageObject","inLanguage":"de","@id":"https:\/\/marktxxl.de\/markt\/produkt\/famiduo-nachlicht-liegende\/#primaryimage","url":"https:\/\/m.media-amazon.com\/images\/I\/31XqhD2lMOL._SL500_.jpg","contentUrl":"https:\/\/m.media-amazon.com\/images\/I\/31XqhD2lMOL._SL500_.jpg","width":500,"height":500},{"@type":"BreadcrumbList","@id":"https:\/\/marktxxl.de\/markt\/produkt\/famiduo-nachlicht-liegende\/#breadcrumb","itemListElement":[{"@type":"ListItem","position":1,"name":"Startseite","item":"https:\/\/marktxxl.de\/markt\/"},{"@type":"ListItem","position":2,"name":"Markt","item":"https:\/\/marktxxl.de\/markt\/"},{"@type":"ListItem","position":3,"name":"FAMIDUO Nachlicht Liegende"}]},{"@type":"WebSite","@id":"https:\/\/marktxxl.de\/markt\/#website","url":"https:\/\/marktxxl.de\/markt\/","name":"Markt-XXL","description":"Ihr Markt Online","publisher":{"@id":"https:\/\/marktxxl.de\/markt\/#organization"},"potentialAction":[{"@type":"SearchAction","target":{"@type":"EntryPoint","urlTemplate":"https:\/\/marktxxl.de\/markt\/?s={search_term_string}"},"query-input":{"@type":"PropertyValueSpecification","valueRequired":true,"valueName":"search_term_string"}}],"inLanguage":"de"},{"@type":"Organization","@id":"https:\/\/marktxxl.de\/markt\/#organization","name":"Markt-XXL","url":"https:\/\/marktxxl.de\/markt\/","logo":{"@type":"ImageObject","inLanguage":"de","@id":"https:\/\/marktxxl.de\/markt\/#\/schema\/logo\/image\/","url":"https:\/\/marktxxl.de\/markt\/wp-content\/uploads\/sites\/3\/2020\/12\/logo.png","contentUrl":"https:\/\/marktxxl.de\/markt\/wp-content\/uploads\/sites\/3\/2020\/12\/logo.png","width":200,"height":70,"caption":"Markt-XXL"},"image":{"@id":"https:\/\/marktxxl.de\/markt\/#\/schema\/logo\/image\/"}}]}},"_links":{"self":[{"href":"https:\/\/marktxxl.de\/markt\/wp-json\/wp\/v2\/product\/213781","targetHints":{"allow":["GET"]}}],"collection":[{"href":"https:\/\/marktxxl.de\/markt\/wp-json\/wp\/v2\/product"}],"about":[{"href":"https:\/\/marktxxl.de\/markt\/wp-json\/wp\/v2\/types\/product"}],"replies":[{"embeddable":true,"href":"https:\/\/marktxxl.de\/markt\/wp-json\/wp\/v2\/comments?post=213781"}],"wp:featuredmedia":[{"embeddable":true,"href":"https:\/\/marktxxl.de\/markt\/wp-json\/wp\/v2\/media\/213782"}],"wp:attachment":[{"href":"https:\/\/marktxxl.de\/markt\/wp-json\/wp\/v2\/media?parent=213781"}],"wp:term":[{"taxonomy":"product_brand","embeddable":true,"href":"https:\/\/marktxxl.de\/markt\/wp-json\/wp\/v2\/product_brand?post=213781"},{"taxonomy":"product_cat","embeddable":true,"href":"https:\/\/marktxxl.de\/markt\/wp-json\/wp\/v2\/product_cat?post=213781"},{"taxonomy":"product_tag","embeddable":true,"href":"https:\/\/marktxxl.de\/markt\/wp-json\/wp\/v2\/product_tag?post=213781"}],"curies":[{"name":"wp","href":"https:\/\/api.w.org\/{rel}","templated":true}]}}