{"id":213739,"date":"2024-06-28T20:57:36","date_gmt":"2024-06-28T18:57:36","guid":{"rendered":"https:\/\/marktxxl.de\/markt\/produkt\/honeywell-schreibtischlampe-led-dimmbare-sunturalux-h2-tischlampe-augenschutzmit-usb-aufladung-modern-desk-lamp-4-farbtouch-steuerungfuer-kinder-schlafzimmer-lektuere-buerosschwarz\/"},"modified":"2024-06-28T20:57:36","modified_gmt":"2024-06-28T18:57:36","slug":"honeywell-schreibtischlampe-led-dimmbare-sunturalux-h2-tischlampe-augenschutzmit-usb-aufladung-modern-desk-lamp-4-farbtouch-steuerungfuer-kinder-schlafzimmer-lektuere-buerosschwarz","status":"publish","type":"product","link":"https:\/\/marktxxl.de\/markt\/produkt\/honeywell-schreibtischlampe-led-dimmbare-sunturalux-h2-tischlampe-augenschutzmit-usb-aufladung-modern-desk-lamp-4-farbtouch-steuerungfuer-kinder-schlafzimmer-lektuere-buerosschwarz\/","title":{"rendered":"Honeywell Schreibtischlampe LED Dimmbare &#8211; Sunturalux\u2122 H2 Tischlampe Augenschutz,mit USB-Aufladung, Modern Desk Lamp 4 Farb,Touch Steuerung,f\u00fcr Kinder, Schlafzimmer, Lekt\u00fcre, B\u00fcros,Schwarz"},"content":{"rendered":"<p>\u3010Augenschutz Schreibtischlampe\u3011Unsere Touch-Schreibtischlampe ist mit einer Vollspektrum LED-Lichtquelle Nahezu nat\u00fcrliches Licht\uff0cDa der Farbwiedergabeindex (CRI) \u2265 94 betr\u00e4gt,hell und gleichm\u00e4\u00dfig, ohne Flimmern oder Blendung. Es hat keine sch\u00e4dliche Strahlung f\u00fcr die Augen und vermeidet die Erm\u00fcdung der Augen durch blinkendes und blendendes Licht.Die Schreibtischlampe ist ideal zum Lesen und Lernen.<br \/>\n\u30104 Farben &amp; Stufenlose Dimmung\u3011Dimmbar LED-Schreibtischlampe verf\u00fcgt \u00fcber 4 verschiedene Farben (2700\u20135700 K) und stufenlose Helligkeit (10 %\u2013100 %), die den Bed\u00fcrfnissen verschiedener Menschen beim Arbeiten, Lesen, Lernen, Malen oder Beleuchtungsbed\u00fcrfnissen von Kindern gerecht werden kann f\u00fcr verschiedene Anl\u00e4sse wie zum Beispiel zum Schlafen.<br \/>\n\u3010Multifunktionaler USB Ladeanschluss\u3011Die tischlampe mit USB aufladbar (5V\/2A) ausgestattet, die gleichzeitiges Laden von Telefonen, Lautsprechern und den meisten anderen Ger\u00e4ten erm\u00f6glichen, sodass Sie nicht mehr auf unzureichende Wandsteckdosen angewiesen sind.Einstecken und loslegen. Adapter im Lieferumfang enthalten.<br \/>\n\u3010Touch-Steurung &amp; Verstellbar Strukurdesign\u3011Die Touch-Controls sind empfindlich und einfach zu bedienen, Der Lampenkopf unterst\u00fctzt eine Drehung von 90\u00b0 nach links und rechts, eine Faltung von 136\u00b0 nach oben und unten und eine Faltung der Basis von 90\u00b0. Die tragbare und verstellbare Drehstruktur bietet den besten Nutzungswinkel und einen gr\u00f6\u00dferen Beleuchtungsbereich.<br \/>\n\u3010Speicher- und Timmerfunktion\u3011Diese Tageslichtlampe nimmt automatisch die letzte Einstellung an, wenn es wieder eingeschaltet wird, wenn die dimmbare Schreibtischlampe das n\u00e4chste Mal eingeschaltet wird Stellen Sie den Timer ein und das Nachtlicht schaltet sich automatisch aus, wenn Sie eingeschlafen sind.<br \/>\n<div class=\"main-cross-sell\" data-asin=\"B0D1KHCHZP\">\n\n\t<div class=\"WooZone-cross-sell-loader\">\n\t\t<div>\n\t\t\t<div id=\"floatingBarsG\">\n\t\t\t\t<div class=\"blockG\" id=\"rotateG_01\"><\/div>\n\t\t\t\t<div class=\"blockG\" id=\"rotateG_02\"><\/div>\n\t\t\t\t<div class=\"blockG\" id=\"rotateG_03\"><\/div>\n\t\t\t\t<div class=\"blockG\" id=\"rotateG_04\"><\/div>\n\t\t\t\t<div class=\"blockG\" id=\"rotateG_05\"><\/div>\n\t\t\t\t<div class=\"blockG\" id=\"rotateG_06\"><\/div>\n\t\t\t\t<div class=\"blockG\" id=\"rotateG_07\"><\/div>\n\t\t\t\t<div class=\"blockG\" id=\"rotateG_08\"><\/div>\n\t\t\t<\/div>\n\t\t\t<div class=\"WooZone-cross-sell-loader-text\"><\/div>\n\t\t<\/div>\n\t<\/div>\n\n\t\t\n<\/div>\n<div style=\"clear:both;\"><\/div><\/p>\n","protected":false},"excerpt":{"rendered":"<p>\u3010Augenschutz Schreibtischlampe\u3011Unsere Touch-Schreibtischlampe ist mit einer Vollspektrum LED-Lichtquelle Nahezu nat\u00fcrliches Licht\uff0cDa der Farbwiedergabeindex (CRI) \u2265 94 betr\u00e4gt,hell und gleichm\u00e4\u00dfig, ohne Flimmern oder Blendung. Es hat keine sch\u00e4dliche Strahlung f\u00fcr die Augen und vermeidet die Erm\u00fcdung der Augen durch blinkendes und blendendes Licht.Die Schreibtischlampe ist ideal zum Lesen und Lernen.<br \/>\n\u30104 Farben &amp; Stufenlose Dimmung\u3011Dimmbar LED-Schreibtischlampe verf\u00fcgt \u00fcber 4 verschiedene Farben (2700\u20135700 K) und stufenlose Helligkeit (10 %\u2013100 %), die den Bed\u00fcrfnissen verschiedener Menschen beim Arbeiten, Lesen, Lernen, Malen oder Beleuchtungsbed\u00fcrfnissen von Kindern gerecht werden kann f\u00fcr verschiedene Anl\u00e4sse wie zum Beispiel zum Schlafen.<br \/>\n\u3010Multifunktionaler USB Ladeanschluss\u3011Die tischlampe mit USB aufladbar (5V\/2A) ausgestattet, die gleichzeitiges Laden von Telefonen, Lautsprechern und den meisten anderen Ger\u00e4ten erm\u00f6glichen, sodass Sie nicht mehr auf unzureichende Wandsteckdosen angewiesen sind.Einstecken und loslegen. Adapter im Lieferumfang enthalten.<\/p>\n","protected":false},"featured_media":213740,"comment_status":"open","ping_status":"closed","template":"","meta":[],"product_brand":[],"product_cat":[2108],"product_tag":[],"class_list":{"0":"post-213739","1":"product","2":"type-product","3":"status-publish","4":"has-post-thumbnail","6":"product_cat-beleuchtung","7":"pa_binding-werkzeug","8":"pa_brand-honeywell","9":"pa_color-schwarz","10":"pa_height-2-9527559025-zoll","11":"pa_length-4-8818897588-zoll","12":"pa_manufacturer-honeywell","13":"pa_model-hwt-h2b","14":"pa_weight-1-8298367746-pounds","15":"pa_width-17-0472440771-zoll","17":"first","18":"instock","19":"shipping-taxable","20":"purchasable","21":"product-type-simple","22":"customify-col","23":"product-has-gallery"},"yoast_head":"<!-- This site is optimized with the Yoast SEO plugin v27.4 - https:\/\/yoast.com\/product\/yoast-seo-wordpress\/ -->\n<title>Honeywell Schreibtischlampe LED Dimmbare - Sunturalux\u2122 H2 Tischlampe Augenschutz,mit USB-Aufladung, Modern Desk Lamp 4 Farb,Touch Steuerung,f\u00fcr Kinder, Schlafzimmer, Lekt\u00fcre, B\u00fcros,Schwarz - Markt-XXL<\/title>\n<meta name=\"description\" content=\"Markt-XXL Honeywell Schreibtischlampe LED Dimmbare - Sunturalux\u2122 H2 Tischlampe Augenschutz,mit USB-Aufladung, Modern Desk Lamp 4 Farb,Touch Steuerung,f\u00fcr Kinder, Schlafzimmer, Lekt\u00fcre, B\u00fcros,Schwarz\" \/>\n<meta name=\"robots\" content=\"index, follow, max-snippet:-1, max-image-preview:large, max-video-preview:-1\" \/>\n<link rel=\"canonical\" href=\"https:\/\/marktxxl.de\/markt\/produkt\/honeywell-schreibtischlampe-led-dimmbare-sunturalux-h2-tischlampe-augenschutzmit-usb-aufladung-modern-desk-lamp-4-farbtouch-steuerungfuer-kinder-schlafzimmer-lektuere-buerosschwarz\/\" \/>\n<meta property=\"og:locale\" content=\"de_DE\" \/>\n<meta property=\"og:type\" content=\"article\" \/>\n<meta property=\"og:title\" content=\"Honeywell Schreibtischlampe LED Dimmbare - Sunturalux\u2122 H2 Tischlampe Augenschutz,mit USB-Aufladung, Modern Desk Lamp 4 Farb,Touch Steuerung,f\u00fcr Kinder, Schlafzimmer, Lekt\u00fcre, B\u00fcros,Schwarz - Markt-XXL\" \/>\n<meta property=\"og:description\" content=\"Markt-XXL Honeywell Schreibtischlampe LED Dimmbare - Sunturalux\u2122 H2 Tischlampe Augenschutz,mit USB-Aufladung, Modern Desk Lamp 4 Farb,Touch Steuerung,f\u00fcr Kinder, Schlafzimmer, Lekt\u00fcre, B\u00fcros,Schwarz\" \/>\n<meta property=\"og:url\" content=\"https:\/\/marktxxl.de\/markt\/produkt\/honeywell-schreibtischlampe-led-dimmbare-sunturalux-h2-tischlampe-augenschutzmit-usb-aufladung-modern-desk-lamp-4-farbtouch-steuerungfuer-kinder-schlafzimmer-lektuere-buerosschwarz\/\" \/>\n<meta property=\"og:site_name\" content=\"Markt-XXL\" \/>\n<meta name=\"twitter:card\" content=\"summary_large_image\" \/>\n<meta name=\"twitter:label1\" content=\"Gesch\u00e4tzte Lesezeit\" \/>\n\t<meta name=\"twitter:data1\" content=\"1\u00a0Minute\" \/>\n<script type=\"application\/ld+json\" class=\"yoast-schema-graph\">{\"@context\":\"https:\\\/\\\/schema.org\",\"@graph\":[{\"@type\":\"WebPage\",\"@id\":\"https:\\\/\\\/marktxxl.de\\\/markt\\\/produkt\\\/honeywell-schreibtischlampe-led-dimmbare-sunturalux-h2-tischlampe-augenschutzmit-usb-aufladung-modern-desk-lamp-4-farbtouch-steuerungfuer-kinder-schlafzimmer-lektuere-buerosschwarz\\\/\",\"url\":\"https:\\\/\\\/marktxxl.de\\\/markt\\\/produkt\\\/honeywell-schreibtischlampe-led-dimmbare-sunturalux-h2-tischlampe-augenschutzmit-usb-aufladung-modern-desk-lamp-4-farbtouch-steuerungfuer-kinder-schlafzimmer-lektuere-buerosschwarz\\\/\",\"name\":\"Honeywell Schreibtischlampe LED Dimmbare - Sunturalux\u2122 H2 Tischlampe Augenschutz,mit USB-Aufladung, Modern Desk Lamp 4 Farb,Touch Steuerung,f\u00fcr Kinder, Schlafzimmer, Lekt\u00fcre, B\u00fcros,Schwarz - Markt-XXL\",\"isPartOf\":{\"@id\":\"https:\\\/\\\/marktxxl.de\\\/markt\\\/#website\"},\"primaryImageOfPage\":{\"@id\":\"https:\\\/\\\/marktxxl.de\\\/markt\\\/produkt\\\/honeywell-schreibtischlampe-led-dimmbare-sunturalux-h2-tischlampe-augenschutzmit-usb-aufladung-modern-desk-lamp-4-farbtouch-steuerungfuer-kinder-schlafzimmer-lektuere-buerosschwarz\\\/#primaryimage\"},\"image\":{\"@id\":\"https:\\\/\\\/marktxxl.de\\\/markt\\\/produkt\\\/honeywell-schreibtischlampe-led-dimmbare-sunturalux-h2-tischlampe-augenschutzmit-usb-aufladung-modern-desk-lamp-4-farbtouch-steuerungfuer-kinder-schlafzimmer-lektuere-buerosschwarz\\\/#primaryimage\"},\"thumbnailUrl\":\"https:\\\/\\\/m.media-amazon.com\\\/images\\\/I\\\/41sIpapOIvL._SL500_.jpg\",\"datePublished\":\"2024-06-28T18:57:36+00:00\",\"description\":\"Markt-XXL Honeywell Schreibtischlampe LED Dimmbare - Sunturalux\u2122 H2 Tischlampe Augenschutz,mit USB-Aufladung, Modern Desk Lamp 4 Farb,Touch Steuerung,f\u00fcr Kinder, Schlafzimmer, Lekt\u00fcre, B\u00fcros,Schwarz\",\"breadcrumb\":{\"@id\":\"https:\\\/\\\/marktxxl.de\\\/markt\\\/produkt\\\/honeywell-schreibtischlampe-led-dimmbare-sunturalux-h2-tischlampe-augenschutzmit-usb-aufladung-modern-desk-lamp-4-farbtouch-steuerungfuer-kinder-schlafzimmer-lektuere-buerosschwarz\\\/#breadcrumb\"},\"inLanguage\":\"de\",\"potentialAction\":[{\"@type\":\"ReadAction\",\"target\":[\"https:\\\/\\\/marktxxl.de\\\/markt\\\/produkt\\\/honeywell-schreibtischlampe-led-dimmbare-sunturalux-h2-tischlampe-augenschutzmit-usb-aufladung-modern-desk-lamp-4-farbtouch-steuerungfuer-kinder-schlafzimmer-lektuere-buerosschwarz\\\/\"]}]},{\"@type\":\"ImageObject\",\"inLanguage\":\"de\",\"@id\":\"https:\\\/\\\/marktxxl.de\\\/markt\\\/produkt\\\/honeywell-schreibtischlampe-led-dimmbare-sunturalux-h2-tischlampe-augenschutzmit-usb-aufladung-modern-desk-lamp-4-farbtouch-steuerungfuer-kinder-schlafzimmer-lektuere-buerosschwarz\\\/#primaryimage\",\"url\":\"https:\\\/\\\/m.media-amazon.com\\\/images\\\/I\\\/41sIpapOIvL._SL500_.jpg\",\"contentUrl\":\"https:\\\/\\\/m.media-amazon.com\\\/images\\\/I\\\/41sIpapOIvL._SL500_.jpg\",\"width\":500,\"height\":500},{\"@type\":\"BreadcrumbList\",\"@id\":\"https:\\\/\\\/marktxxl.de\\\/markt\\\/produkt\\\/honeywell-schreibtischlampe-led-dimmbare-sunturalux-h2-tischlampe-augenschutzmit-usb-aufladung-modern-desk-lamp-4-farbtouch-steuerungfuer-kinder-schlafzimmer-lektuere-buerosschwarz\\\/#breadcrumb\",\"itemListElement\":[{\"@type\":\"ListItem\",\"position\":1,\"name\":\"Startseite\",\"item\":\"https:\\\/\\\/marktxxl.de\\\/markt\\\/\"},{\"@type\":\"ListItem\",\"position\":2,\"name\":\"Markt\",\"item\":\"https:\\\/\\\/marktxxl.de\\\/markt\\\/\"},{\"@type\":\"ListItem\",\"position\":3,\"name\":\"Honeywell Schreibtischlampe LED Dimmbare &#8211; Sunturalux\u2122 H2 Tischlampe Augenschutz,mit USB-Aufladung, Modern Desk Lamp 4 Farb,Touch Steuerung,f\u00fcr Kinder, Schlafzimmer, Lekt\u00fcre, B\u00fcros,Schwarz\"}]},{\"@type\":\"WebSite\",\"@id\":\"https:\\\/\\\/marktxxl.de\\\/markt\\\/#website\",\"url\":\"https:\\\/\\\/marktxxl.de\\\/markt\\\/\",\"name\":\"Markt-XXL\",\"description\":\"Ihr Markt Online\",\"publisher\":{\"@id\":\"https:\\\/\\\/marktxxl.de\\\/markt\\\/#organization\"},\"potentialAction\":[{\"@type\":\"SearchAction\",\"target\":{\"@type\":\"EntryPoint\",\"urlTemplate\":\"https:\\\/\\\/marktxxl.de\\\/markt\\\/?s={search_term_string}\"},\"query-input\":{\"@type\":\"PropertyValueSpecification\",\"valueRequired\":true,\"valueName\":\"search_term_string\"}}],\"inLanguage\":\"de\"},{\"@type\":\"Organization\",\"@id\":\"https:\\\/\\\/marktxxl.de\\\/markt\\\/#organization\",\"name\":\"Markt-XXL\",\"url\":\"https:\\\/\\\/marktxxl.de\\\/markt\\\/\",\"logo\":{\"@type\":\"ImageObject\",\"inLanguage\":\"de\",\"@id\":\"https:\\\/\\\/marktxxl.de\\\/markt\\\/#\\\/schema\\\/logo\\\/image\\\/\",\"url\":\"https:\\\/\\\/marktxxl.de\\\/markt\\\/wp-content\\\/uploads\\\/sites\\\/3\\\/2020\\\/12\\\/logo.png\",\"contentUrl\":\"https:\\\/\\\/marktxxl.de\\\/markt\\\/wp-content\\\/uploads\\\/sites\\\/3\\\/2020\\\/12\\\/logo.png\",\"width\":200,\"height\":70,\"caption\":\"Markt-XXL\"},\"image\":{\"@id\":\"https:\\\/\\\/marktxxl.de\\\/markt\\\/#\\\/schema\\\/logo\\\/image\\\/\"}}]}<\/script>\n<!-- \/ Yoast SEO plugin. -->","yoast_head_json":{"title":"Honeywell Schreibtischlampe LED Dimmbare - Sunturalux\u2122 H2 Tischlampe Augenschutz,mit USB-Aufladung, Modern Desk Lamp 4 Farb,Touch Steuerung,f\u00fcr Kinder, Schlafzimmer, Lekt\u00fcre, B\u00fcros,Schwarz - Markt-XXL","description":"Markt-XXL Honeywell Schreibtischlampe LED Dimmbare - Sunturalux\u2122 H2 Tischlampe Augenschutz,mit USB-Aufladung, Modern Desk Lamp 4 Farb,Touch Steuerung,f\u00fcr Kinder, Schlafzimmer, Lekt\u00fcre, B\u00fcros,Schwarz","robots":{"index":"index","follow":"follow","max-snippet":"max-snippet:-1","max-image-preview":"max-image-preview:large","max-video-preview":"max-video-preview:-1"},"canonical":"https:\/\/marktxxl.de\/markt\/produkt\/honeywell-schreibtischlampe-led-dimmbare-sunturalux-h2-tischlampe-augenschutzmit-usb-aufladung-modern-desk-lamp-4-farbtouch-steuerungfuer-kinder-schlafzimmer-lektuere-buerosschwarz\/","og_locale":"de_DE","og_type":"article","og_title":"Honeywell Schreibtischlampe LED Dimmbare - Sunturalux\u2122 H2 Tischlampe Augenschutz,mit USB-Aufladung, Modern Desk Lamp 4 Farb,Touch Steuerung,f\u00fcr Kinder, Schlafzimmer, Lekt\u00fcre, B\u00fcros,Schwarz - Markt-XXL","og_description":"Markt-XXL Honeywell Schreibtischlampe LED Dimmbare - Sunturalux\u2122 H2 Tischlampe Augenschutz,mit USB-Aufladung, Modern Desk Lamp 4 Farb,Touch Steuerung,f\u00fcr Kinder, Schlafzimmer, Lekt\u00fcre, B\u00fcros,Schwarz","og_url":"https:\/\/marktxxl.de\/markt\/produkt\/honeywell-schreibtischlampe-led-dimmbare-sunturalux-h2-tischlampe-augenschutzmit-usb-aufladung-modern-desk-lamp-4-farbtouch-steuerungfuer-kinder-schlafzimmer-lektuere-buerosschwarz\/","og_site_name":"Markt-XXL","twitter_card":"summary_large_image","twitter_misc":{"Gesch\u00e4tzte Lesezeit":"1\u00a0Minute"},"schema":{"@context":"https:\/\/schema.org","@graph":[{"@type":"WebPage","@id":"https:\/\/marktxxl.de\/markt\/produkt\/honeywell-schreibtischlampe-led-dimmbare-sunturalux-h2-tischlampe-augenschutzmit-usb-aufladung-modern-desk-lamp-4-farbtouch-steuerungfuer-kinder-schlafzimmer-lektuere-buerosschwarz\/","url":"https:\/\/marktxxl.de\/markt\/produkt\/honeywell-schreibtischlampe-led-dimmbare-sunturalux-h2-tischlampe-augenschutzmit-usb-aufladung-modern-desk-lamp-4-farbtouch-steuerungfuer-kinder-schlafzimmer-lektuere-buerosschwarz\/","name":"Honeywell Schreibtischlampe LED Dimmbare - Sunturalux\u2122 H2 Tischlampe Augenschutz,mit USB-Aufladung, Modern Desk Lamp 4 Farb,Touch Steuerung,f\u00fcr Kinder, Schlafzimmer, Lekt\u00fcre, B\u00fcros,Schwarz - Markt-XXL","isPartOf":{"@id":"https:\/\/marktxxl.de\/markt\/#website"},"primaryImageOfPage":{"@id":"https:\/\/marktxxl.de\/markt\/produkt\/honeywell-schreibtischlampe-led-dimmbare-sunturalux-h2-tischlampe-augenschutzmit-usb-aufladung-modern-desk-lamp-4-farbtouch-steuerungfuer-kinder-schlafzimmer-lektuere-buerosschwarz\/#primaryimage"},"image":{"@id":"https:\/\/marktxxl.de\/markt\/produkt\/honeywell-schreibtischlampe-led-dimmbare-sunturalux-h2-tischlampe-augenschutzmit-usb-aufladung-modern-desk-lamp-4-farbtouch-steuerungfuer-kinder-schlafzimmer-lektuere-buerosschwarz\/#primaryimage"},"thumbnailUrl":"https:\/\/m.media-amazon.com\/images\/I\/41sIpapOIvL._SL500_.jpg","datePublished":"2024-06-28T18:57:36+00:00","description":"Markt-XXL Honeywell Schreibtischlampe LED Dimmbare - Sunturalux\u2122 H2 Tischlampe Augenschutz,mit USB-Aufladung, Modern Desk Lamp 4 Farb,Touch Steuerung,f\u00fcr Kinder, Schlafzimmer, Lekt\u00fcre, B\u00fcros,Schwarz","breadcrumb":{"@id":"https:\/\/marktxxl.de\/markt\/produkt\/honeywell-schreibtischlampe-led-dimmbare-sunturalux-h2-tischlampe-augenschutzmit-usb-aufladung-modern-desk-lamp-4-farbtouch-steuerungfuer-kinder-schlafzimmer-lektuere-buerosschwarz\/#breadcrumb"},"inLanguage":"de","potentialAction":[{"@type":"ReadAction","target":["https:\/\/marktxxl.de\/markt\/produkt\/honeywell-schreibtischlampe-led-dimmbare-sunturalux-h2-tischlampe-augenschutzmit-usb-aufladung-modern-desk-lamp-4-farbtouch-steuerungfuer-kinder-schlafzimmer-lektuere-buerosschwarz\/"]}]},{"@type":"ImageObject","inLanguage":"de","@id":"https:\/\/marktxxl.de\/markt\/produkt\/honeywell-schreibtischlampe-led-dimmbare-sunturalux-h2-tischlampe-augenschutzmit-usb-aufladung-modern-desk-lamp-4-farbtouch-steuerungfuer-kinder-schlafzimmer-lektuere-buerosschwarz\/#primaryimage","url":"https:\/\/m.media-amazon.com\/images\/I\/41sIpapOIvL._SL500_.jpg","contentUrl":"https:\/\/m.media-amazon.com\/images\/I\/41sIpapOIvL._SL500_.jpg","width":500,"height":500},{"@type":"BreadcrumbList","@id":"https:\/\/marktxxl.de\/markt\/produkt\/honeywell-schreibtischlampe-led-dimmbare-sunturalux-h2-tischlampe-augenschutzmit-usb-aufladung-modern-desk-lamp-4-farbtouch-steuerungfuer-kinder-schlafzimmer-lektuere-buerosschwarz\/#breadcrumb","itemListElement":[{"@type":"ListItem","position":1,"name":"Startseite","item":"https:\/\/marktxxl.de\/markt\/"},{"@type":"ListItem","position":2,"name":"Markt","item":"https:\/\/marktxxl.de\/markt\/"},{"@type":"ListItem","position":3,"name":"Honeywell Schreibtischlampe LED Dimmbare &#8211; Sunturalux\u2122 H2 Tischlampe Augenschutz,mit USB-Aufladung, Modern Desk Lamp 4 Farb,Touch Steuerung,f\u00fcr Kinder, Schlafzimmer, Lekt\u00fcre, B\u00fcros,Schwarz"}]},{"@type":"WebSite","@id":"https:\/\/marktxxl.de\/markt\/#website","url":"https:\/\/marktxxl.de\/markt\/","name":"Markt-XXL","description":"Ihr Markt Online","publisher":{"@id":"https:\/\/marktxxl.de\/markt\/#organization"},"potentialAction":[{"@type":"SearchAction","target":{"@type":"EntryPoint","urlTemplate":"https:\/\/marktxxl.de\/markt\/?s={search_term_string}"},"query-input":{"@type":"PropertyValueSpecification","valueRequired":true,"valueName":"search_term_string"}}],"inLanguage":"de"},{"@type":"Organization","@id":"https:\/\/marktxxl.de\/markt\/#organization","name":"Markt-XXL","url":"https:\/\/marktxxl.de\/markt\/","logo":{"@type":"ImageObject","inLanguage":"de","@id":"https:\/\/marktxxl.de\/markt\/#\/schema\/logo\/image\/","url":"https:\/\/marktxxl.de\/markt\/wp-content\/uploads\/sites\/3\/2020\/12\/logo.png","contentUrl":"https:\/\/marktxxl.de\/markt\/wp-content\/uploads\/sites\/3\/2020\/12\/logo.png","width":200,"height":70,"caption":"Markt-XXL"},"image":{"@id":"https:\/\/marktxxl.de\/markt\/#\/schema\/logo\/image\/"}}]}},"_links":{"self":[{"href":"https:\/\/marktxxl.de\/markt\/wp-json\/wp\/v2\/product\/213739","targetHints":{"allow":["GET"]}}],"collection":[{"href":"https:\/\/marktxxl.de\/markt\/wp-json\/wp\/v2\/product"}],"about":[{"href":"https:\/\/marktxxl.de\/markt\/wp-json\/wp\/v2\/types\/product"}],"replies":[{"embeddable":true,"href":"https:\/\/marktxxl.de\/markt\/wp-json\/wp\/v2\/comments?post=213739"}],"wp:featuredmedia":[{"embeddable":true,"href":"https:\/\/marktxxl.de\/markt\/wp-json\/wp\/v2\/media\/213740"}],"wp:attachment":[{"href":"https:\/\/marktxxl.de\/markt\/wp-json\/wp\/v2\/media?parent=213739"}],"wp:term":[{"taxonomy":"product_brand","embeddable":true,"href":"https:\/\/marktxxl.de\/markt\/wp-json\/wp\/v2\/product_brand?post=213739"},{"taxonomy":"product_cat","embeddable":true,"href":"https:\/\/marktxxl.de\/markt\/wp-json\/wp\/v2\/product_cat?post=213739"},{"taxonomy":"product_tag","embeddable":true,"href":"https:\/\/marktxxl.de\/markt\/wp-json\/wp\/v2\/product_tag?post=213739"}],"curies":[{"name":"wp","href":"https:\/\/api.w.org\/{rel}","templated":true}]}}