{"id":213724,"date":"2024-06-28T20:57:06","date_gmt":"2024-06-28T18:57:06","guid":{"rendered":"https:\/\/marktxxl.de\/markt\/produkt\/teliser-solarlampen-fuer-aussen-4-stueck-solar-gartenfackeln-flammenlicht-33led-fackeln-ip65-wasserdicht-solarleuchten-garten-mit-flammeneffekt-fuer-terrasse-weg\/"},"modified":"2024-06-28T20:57:06","modified_gmt":"2024-06-28T18:57:06","slug":"teliser-solarlampen-fuer-aussen-4-stueck-solar-gartenfackeln-flammenlicht-33led-fackeln-ip65-wasserdicht-solarleuchten-garten-mit-flammeneffekt-fuer-terrasse-weg","status":"publish","type":"product","link":"https:\/\/marktxxl.de\/markt\/produkt\/teliser-solarlampen-fuer-aussen-4-stueck-solar-gartenfackeln-flammenlicht-33led-fackeln-ip65-wasserdicht-solarleuchten-garten-mit-flammeneffekt-fuer-terrasse-weg\/","title":{"rendered":"Teliser Solarlampen f\u00fcr Au\u00dfen 4 St\u00fcck, Solar Gartenfackeln Flammenlicht 33LED Fackeln, IP65 Wasserdicht Solarleuchten Garten mit Flammeneffekt f\u00fcr Terrasse, Weg"},"content":{"rendered":"<p>Realistischer Flammeneffekt Solarleuchten: Solar flammenlicht erzeugen einen fantastischen Flammeneffekt und schaffen eine helle und warme Atmosph\u00e4re. Die realistischen Flammen sorgen f\u00fcr eine perfekte Lagerfeueratmosph\u00e4re f\u00fcr Ihren Garten, Hof, Terrasse, Weg, Party, Grill, Schwimmbad.<br \/>\nSolarbetrieben und Energiesparend: Solarleuchten f\u00fcr Au\u00dfen eingebaute 600 mAh Batterie und hochwertige ABS-Kunststoff, kann f\u00fcr etwa 8-10 Stunden nach voll aufgeladen unter Sonnenlicht f\u00fcr 8 Stunden arbeiten. Solarleuchten mit hocheffizientem Solarpanel, schalten sich automatisch bei D\u00e4mmerung ein und bei Sonnenaufgang aus. Es ist solarbetrieben, die Energieeinsparung und keine Sorge \u00fcber die Stromrechnung ist.<br \/>\nIP65 Wasserdicht: Solar Gartenfackeln mit Schutzart IP65, die LED-Flammenfackelleuchten sind langlebig f\u00fcr den Au\u00dfenbereich und k\u00f6nnen bei jedem Wetter perfekt funktionieren. Verleihen Sie Ihren Sommern\u00e4chten eine wundersch\u00f6ne Landschaft oder betonen Sie Ihren Garten mit einem warmen Glanz.<br \/>\nInstallation in einem Schritt: Keine Verkabelung oder andere Werkzeuge erforderlich, einfach den Kunststoffspike und das Kunststoff-Erdungsrohr verbinden, um es zu montieren, Sie k\u00f6nnen es \u00fcberall installieren und die warmen Flammenlichter genie\u00dfen. Solarleuchten bieten 3 M\u00f6glichkeiten zur Installation, Sie k\u00f6nnen sie an der Wand befestigen, auf den Tisch stellen oder in den Boden stecken.<br \/>\nPerfekte Au\u00dfenleuchten &amp; Service-Garantie: Die Solarflammenleuchte sammelt die Sonnenenergie selbst durch das Solarpanel, wandelt sie in elektrische Energie um und speichert sie in der Batterie, um die Solarleuchten mit Strom zu versorgen. Wenn Sie Fragen haben oder Hilfe ben\u00f6tigen, k\u00f6nnen Sie uns gerne kontaktieren. Wir werden unser Bestes tun, um Ihnen zu helfen, das Problem innerhalb von 24 Stunden zu l\u00f6sen.<br \/>\n<div class=\"main-cross-sell\" data-asin=\"B0C5CCW42K\">\n\n\t<div class=\"WooZone-cross-sell-loader\">\n\t\t<div>\n\t\t\t<div id=\"floatingBarsG\">\n\t\t\t\t<div class=\"blockG\" id=\"rotateG_01\"><\/div>\n\t\t\t\t<div class=\"blockG\" id=\"rotateG_02\"><\/div>\n\t\t\t\t<div class=\"blockG\" id=\"rotateG_03\"><\/div>\n\t\t\t\t<div class=\"blockG\" id=\"rotateG_04\"><\/div>\n\t\t\t\t<div class=\"blockG\" id=\"rotateG_05\"><\/div>\n\t\t\t\t<div class=\"blockG\" id=\"rotateG_06\"><\/div>\n\t\t\t\t<div class=\"blockG\" id=\"rotateG_07\"><\/div>\n\t\t\t\t<div class=\"blockG\" id=\"rotateG_08\"><\/div>\n\t\t\t<\/div>\n\t\t\t<div class=\"WooZone-cross-sell-loader-text\"><\/div>\n\t\t<\/div>\n\t<\/div>\n\n\t\t\n<\/div>\n<div style=\"clear:both;\"><\/div><\/p>\n","protected":false},"excerpt":{"rendered":"<p>Realistischer Flammeneffekt Solarleuchten: Solar flammenlicht erzeugen einen fantastischen Flammeneffekt und schaffen eine helle und warme Atmosph\u00e4re. Die realistischen Flammen sorgen f\u00fcr eine perfekte Lagerfeueratmosph\u00e4re f\u00fcr Ihren Garten, Hof, Terrasse, Weg, Party, Grill, Schwimmbad.<br \/>\nSolarbetrieben und Energiesparend: Solarleuchten f\u00fcr Au\u00dfen eingebaute 600 mAh Batterie und hochwertige ABS-Kunststoff, kann f\u00fcr etwa 8-10 Stunden nach voll aufgeladen unter Sonnenlicht f\u00fcr 8 Stunden arbeiten. Solarleuchten mit hocheffizientem Solarpanel, schalten sich automatisch bei D\u00e4mmerung ein und bei Sonnenaufgang aus. Es ist solarbetrieben, die Energieeinsparung und keine Sorge \u00fcber die Stromrechnung ist.<br \/>\nIP65 Wasserdicht: Solar Gartenfackeln mit Schutzart IP65, die LED-Flammenfackelleuchten sind langlebig f\u00fcr den Au\u00dfenbereich und k\u00f6nnen bei jedem Wetter perfekt funktionieren. Verleihen Sie Ihren Sommern\u00e4chten eine wundersch\u00f6ne Landschaft oder betonen Sie Ihren Garten mit einem warmen Glanz.<\/p>\n","protected":false},"featured_media":213725,"comment_status":"open","ping_status":"closed","template":"","meta":[],"product_brand":[],"product_cat":[2108],"product_tag":[],"class_list":{"0":"post-213724","1":"product","2":"type-product","3":"status-publish","4":"has-post-thumbnail","6":"product_cat-beleuchtung","7":"pa_binding-gartenartikel","8":"pa_brand-teliser","9":"pa_height-3-93700787-zoll","10":"pa_length-23-0314960395-zoll","11":"pa_manufacturer-ninghai-bayhong-electric-appliance-factory","12":"pa_model-25199","13":"pa_model-mas-sj7-332","14":"pa_weight-1-9621141318-pounds","15":"pa_width-3-93700787-zoll","17":"first","18":"instock","19":"shipping-taxable","20":"purchasable","21":"product-type-simple","22":"customify-col","23":"product-has-gallery"},"yoast_head":"<!-- This site is optimized with the Yoast SEO plugin v27.4 - https:\/\/yoast.com\/product\/yoast-seo-wordpress\/ -->\n<title>Teliser Solarlampen f\u00fcr Au\u00dfen 4 St\u00fcck, Solar Gartenfackeln Flammenlicht 33LED Fackeln, IP65 Wasserdicht Solarleuchten Garten mit Flammeneffekt f\u00fcr Terrasse, Weg - Markt-XXL<\/title>\n<meta name=\"description\" content=\"Markt-XXL Teliser Solarlampen f\u00fcr Au\u00dfen 4 St\u00fcck, Solar Gartenfackeln Flammenlicht 33LED Fackeln, IP65 Wasserdicht Solarleuchten Garten mit Flammeneffekt f\u00fcr Terrasse, Weg\" \/>\n<meta name=\"robots\" content=\"index, follow, max-snippet:-1, max-image-preview:large, max-video-preview:-1\" \/>\n<link rel=\"canonical\" href=\"https:\/\/marktxxl.de\/markt\/produkt\/teliser-solarlampen-fuer-aussen-4-stueck-solar-gartenfackeln-flammenlicht-33led-fackeln-ip65-wasserdicht-solarleuchten-garten-mit-flammeneffekt-fuer-terrasse-weg\/\" \/>\n<meta property=\"og:locale\" content=\"de_DE\" \/>\n<meta property=\"og:type\" content=\"article\" \/>\n<meta property=\"og:title\" content=\"Teliser Solarlampen f\u00fcr Au\u00dfen 4 St\u00fcck, Solar Gartenfackeln Flammenlicht 33LED Fackeln, IP65 Wasserdicht Solarleuchten Garten mit Flammeneffekt f\u00fcr Terrasse, Weg - Markt-XXL\" \/>\n<meta property=\"og:description\" content=\"Markt-XXL Teliser Solarlampen f\u00fcr Au\u00dfen 4 St\u00fcck, Solar Gartenfackeln Flammenlicht 33LED Fackeln, IP65 Wasserdicht Solarleuchten Garten mit Flammeneffekt f\u00fcr Terrasse, Weg\" \/>\n<meta property=\"og:url\" content=\"https:\/\/marktxxl.de\/markt\/produkt\/teliser-solarlampen-fuer-aussen-4-stueck-solar-gartenfackeln-flammenlicht-33led-fackeln-ip65-wasserdicht-solarleuchten-garten-mit-flammeneffekt-fuer-terrasse-weg\/\" \/>\n<meta property=\"og:site_name\" content=\"Markt-XXL\" \/>\n<meta name=\"twitter:card\" content=\"summary_large_image\" \/>\n<meta name=\"twitter:label1\" content=\"Gesch\u00e4tzte Lesezeit\" \/>\n\t<meta name=\"twitter:data1\" content=\"1\u00a0Minute\" \/>\n<script type=\"application\/ld+json\" class=\"yoast-schema-graph\">{\"@context\":\"https:\\\/\\\/schema.org\",\"@graph\":[{\"@type\":\"WebPage\",\"@id\":\"https:\\\/\\\/marktxxl.de\\\/markt\\\/produkt\\\/teliser-solarlampen-fuer-aussen-4-stueck-solar-gartenfackeln-flammenlicht-33led-fackeln-ip65-wasserdicht-solarleuchten-garten-mit-flammeneffekt-fuer-terrasse-weg\\\/\",\"url\":\"https:\\\/\\\/marktxxl.de\\\/markt\\\/produkt\\\/teliser-solarlampen-fuer-aussen-4-stueck-solar-gartenfackeln-flammenlicht-33led-fackeln-ip65-wasserdicht-solarleuchten-garten-mit-flammeneffekt-fuer-terrasse-weg\\\/\",\"name\":\"Teliser Solarlampen f\u00fcr Au\u00dfen 4 St\u00fcck, Solar Gartenfackeln Flammenlicht 33LED Fackeln, IP65 Wasserdicht Solarleuchten Garten mit Flammeneffekt f\u00fcr Terrasse, Weg - Markt-XXL\",\"isPartOf\":{\"@id\":\"https:\\\/\\\/marktxxl.de\\\/markt\\\/#website\"},\"primaryImageOfPage\":{\"@id\":\"https:\\\/\\\/marktxxl.de\\\/markt\\\/produkt\\\/teliser-solarlampen-fuer-aussen-4-stueck-solar-gartenfackeln-flammenlicht-33led-fackeln-ip65-wasserdicht-solarleuchten-garten-mit-flammeneffekt-fuer-terrasse-weg\\\/#primaryimage\"},\"image\":{\"@id\":\"https:\\\/\\\/marktxxl.de\\\/markt\\\/produkt\\\/teliser-solarlampen-fuer-aussen-4-stueck-solar-gartenfackeln-flammenlicht-33led-fackeln-ip65-wasserdicht-solarleuchten-garten-mit-flammeneffekt-fuer-terrasse-weg\\\/#primaryimage\"},\"thumbnailUrl\":\"https:\\\/\\\/m.media-amazon.com\\\/images\\\/I\\\/51V8SUweRYL._SL500_.jpg\",\"datePublished\":\"2024-06-28T18:57:06+00:00\",\"description\":\"Markt-XXL Teliser Solarlampen f\u00fcr Au\u00dfen 4 St\u00fcck, Solar Gartenfackeln Flammenlicht 33LED Fackeln, IP65 Wasserdicht Solarleuchten Garten mit Flammeneffekt f\u00fcr Terrasse, Weg\",\"breadcrumb\":{\"@id\":\"https:\\\/\\\/marktxxl.de\\\/markt\\\/produkt\\\/teliser-solarlampen-fuer-aussen-4-stueck-solar-gartenfackeln-flammenlicht-33led-fackeln-ip65-wasserdicht-solarleuchten-garten-mit-flammeneffekt-fuer-terrasse-weg\\\/#breadcrumb\"},\"inLanguage\":\"de\",\"potentialAction\":[{\"@type\":\"ReadAction\",\"target\":[\"https:\\\/\\\/marktxxl.de\\\/markt\\\/produkt\\\/teliser-solarlampen-fuer-aussen-4-stueck-solar-gartenfackeln-flammenlicht-33led-fackeln-ip65-wasserdicht-solarleuchten-garten-mit-flammeneffekt-fuer-terrasse-weg\\\/\"]}]},{\"@type\":\"ImageObject\",\"inLanguage\":\"de\",\"@id\":\"https:\\\/\\\/marktxxl.de\\\/markt\\\/produkt\\\/teliser-solarlampen-fuer-aussen-4-stueck-solar-gartenfackeln-flammenlicht-33led-fackeln-ip65-wasserdicht-solarleuchten-garten-mit-flammeneffekt-fuer-terrasse-weg\\\/#primaryimage\",\"url\":\"https:\\\/\\\/m.media-amazon.com\\\/images\\\/I\\\/51V8SUweRYL._SL500_.jpg\",\"contentUrl\":\"https:\\\/\\\/m.media-amazon.com\\\/images\\\/I\\\/51V8SUweRYL._SL500_.jpg\",\"width\":500,\"height\":500},{\"@type\":\"BreadcrumbList\",\"@id\":\"https:\\\/\\\/marktxxl.de\\\/markt\\\/produkt\\\/teliser-solarlampen-fuer-aussen-4-stueck-solar-gartenfackeln-flammenlicht-33led-fackeln-ip65-wasserdicht-solarleuchten-garten-mit-flammeneffekt-fuer-terrasse-weg\\\/#breadcrumb\",\"itemListElement\":[{\"@type\":\"ListItem\",\"position\":1,\"name\":\"Startseite\",\"item\":\"https:\\\/\\\/marktxxl.de\\\/markt\\\/\"},{\"@type\":\"ListItem\",\"position\":2,\"name\":\"Markt\",\"item\":\"https:\\\/\\\/marktxxl.de\\\/markt\\\/\"},{\"@type\":\"ListItem\",\"position\":3,\"name\":\"Teliser Solarlampen f\u00fcr Au\u00dfen 4 St\u00fcck, Solar Gartenfackeln Flammenlicht 33LED Fackeln, IP65 Wasserdicht Solarleuchten Garten mit Flammeneffekt f\u00fcr Terrasse, Weg\"}]},{\"@type\":\"WebSite\",\"@id\":\"https:\\\/\\\/marktxxl.de\\\/markt\\\/#website\",\"url\":\"https:\\\/\\\/marktxxl.de\\\/markt\\\/\",\"name\":\"Markt-XXL\",\"description\":\"Ihr Markt Online\",\"publisher\":{\"@id\":\"https:\\\/\\\/marktxxl.de\\\/markt\\\/#organization\"},\"potentialAction\":[{\"@type\":\"SearchAction\",\"target\":{\"@type\":\"EntryPoint\",\"urlTemplate\":\"https:\\\/\\\/marktxxl.de\\\/markt\\\/?s={search_term_string}\"},\"query-input\":{\"@type\":\"PropertyValueSpecification\",\"valueRequired\":true,\"valueName\":\"search_term_string\"}}],\"inLanguage\":\"de\"},{\"@type\":\"Organization\",\"@id\":\"https:\\\/\\\/marktxxl.de\\\/markt\\\/#organization\",\"name\":\"Markt-XXL\",\"url\":\"https:\\\/\\\/marktxxl.de\\\/markt\\\/\",\"logo\":{\"@type\":\"ImageObject\",\"inLanguage\":\"de\",\"@id\":\"https:\\\/\\\/marktxxl.de\\\/markt\\\/#\\\/schema\\\/logo\\\/image\\\/\",\"url\":\"https:\\\/\\\/marktxxl.de\\\/markt\\\/wp-content\\\/uploads\\\/sites\\\/3\\\/2020\\\/12\\\/logo.png\",\"contentUrl\":\"https:\\\/\\\/marktxxl.de\\\/markt\\\/wp-content\\\/uploads\\\/sites\\\/3\\\/2020\\\/12\\\/logo.png\",\"width\":200,\"height\":70,\"caption\":\"Markt-XXL\"},\"image\":{\"@id\":\"https:\\\/\\\/marktxxl.de\\\/markt\\\/#\\\/schema\\\/logo\\\/image\\\/\"}}]}<\/script>\n<!-- \/ Yoast SEO plugin. -->","yoast_head_json":{"title":"Teliser Solarlampen f\u00fcr Au\u00dfen 4 St\u00fcck, Solar Gartenfackeln Flammenlicht 33LED Fackeln, IP65 Wasserdicht Solarleuchten Garten mit Flammeneffekt f\u00fcr Terrasse, Weg - Markt-XXL","description":"Markt-XXL Teliser Solarlampen f\u00fcr Au\u00dfen 4 St\u00fcck, Solar Gartenfackeln Flammenlicht 33LED Fackeln, IP65 Wasserdicht Solarleuchten Garten mit Flammeneffekt f\u00fcr Terrasse, Weg","robots":{"index":"index","follow":"follow","max-snippet":"max-snippet:-1","max-image-preview":"max-image-preview:large","max-video-preview":"max-video-preview:-1"},"canonical":"https:\/\/marktxxl.de\/markt\/produkt\/teliser-solarlampen-fuer-aussen-4-stueck-solar-gartenfackeln-flammenlicht-33led-fackeln-ip65-wasserdicht-solarleuchten-garten-mit-flammeneffekt-fuer-terrasse-weg\/","og_locale":"de_DE","og_type":"article","og_title":"Teliser Solarlampen f\u00fcr Au\u00dfen 4 St\u00fcck, Solar Gartenfackeln Flammenlicht 33LED Fackeln, IP65 Wasserdicht Solarleuchten Garten mit Flammeneffekt f\u00fcr Terrasse, Weg - Markt-XXL","og_description":"Markt-XXL Teliser Solarlampen f\u00fcr Au\u00dfen 4 St\u00fcck, Solar Gartenfackeln Flammenlicht 33LED Fackeln, IP65 Wasserdicht Solarleuchten Garten mit Flammeneffekt f\u00fcr Terrasse, Weg","og_url":"https:\/\/marktxxl.de\/markt\/produkt\/teliser-solarlampen-fuer-aussen-4-stueck-solar-gartenfackeln-flammenlicht-33led-fackeln-ip65-wasserdicht-solarleuchten-garten-mit-flammeneffekt-fuer-terrasse-weg\/","og_site_name":"Markt-XXL","twitter_card":"summary_large_image","twitter_misc":{"Gesch\u00e4tzte Lesezeit":"1\u00a0Minute"},"schema":{"@context":"https:\/\/schema.org","@graph":[{"@type":"WebPage","@id":"https:\/\/marktxxl.de\/markt\/produkt\/teliser-solarlampen-fuer-aussen-4-stueck-solar-gartenfackeln-flammenlicht-33led-fackeln-ip65-wasserdicht-solarleuchten-garten-mit-flammeneffekt-fuer-terrasse-weg\/","url":"https:\/\/marktxxl.de\/markt\/produkt\/teliser-solarlampen-fuer-aussen-4-stueck-solar-gartenfackeln-flammenlicht-33led-fackeln-ip65-wasserdicht-solarleuchten-garten-mit-flammeneffekt-fuer-terrasse-weg\/","name":"Teliser Solarlampen f\u00fcr Au\u00dfen 4 St\u00fcck, Solar Gartenfackeln Flammenlicht 33LED Fackeln, IP65 Wasserdicht Solarleuchten Garten mit Flammeneffekt f\u00fcr Terrasse, Weg - Markt-XXL","isPartOf":{"@id":"https:\/\/marktxxl.de\/markt\/#website"},"primaryImageOfPage":{"@id":"https:\/\/marktxxl.de\/markt\/produkt\/teliser-solarlampen-fuer-aussen-4-stueck-solar-gartenfackeln-flammenlicht-33led-fackeln-ip65-wasserdicht-solarleuchten-garten-mit-flammeneffekt-fuer-terrasse-weg\/#primaryimage"},"image":{"@id":"https:\/\/marktxxl.de\/markt\/produkt\/teliser-solarlampen-fuer-aussen-4-stueck-solar-gartenfackeln-flammenlicht-33led-fackeln-ip65-wasserdicht-solarleuchten-garten-mit-flammeneffekt-fuer-terrasse-weg\/#primaryimage"},"thumbnailUrl":"https:\/\/m.media-amazon.com\/images\/I\/51V8SUweRYL._SL500_.jpg","datePublished":"2024-06-28T18:57:06+00:00","description":"Markt-XXL Teliser Solarlampen f\u00fcr Au\u00dfen 4 St\u00fcck, Solar Gartenfackeln Flammenlicht 33LED Fackeln, IP65 Wasserdicht Solarleuchten Garten mit Flammeneffekt f\u00fcr Terrasse, Weg","breadcrumb":{"@id":"https:\/\/marktxxl.de\/markt\/produkt\/teliser-solarlampen-fuer-aussen-4-stueck-solar-gartenfackeln-flammenlicht-33led-fackeln-ip65-wasserdicht-solarleuchten-garten-mit-flammeneffekt-fuer-terrasse-weg\/#breadcrumb"},"inLanguage":"de","potentialAction":[{"@type":"ReadAction","target":["https:\/\/marktxxl.de\/markt\/produkt\/teliser-solarlampen-fuer-aussen-4-stueck-solar-gartenfackeln-flammenlicht-33led-fackeln-ip65-wasserdicht-solarleuchten-garten-mit-flammeneffekt-fuer-terrasse-weg\/"]}]},{"@type":"ImageObject","inLanguage":"de","@id":"https:\/\/marktxxl.de\/markt\/produkt\/teliser-solarlampen-fuer-aussen-4-stueck-solar-gartenfackeln-flammenlicht-33led-fackeln-ip65-wasserdicht-solarleuchten-garten-mit-flammeneffekt-fuer-terrasse-weg\/#primaryimage","url":"https:\/\/m.media-amazon.com\/images\/I\/51V8SUweRYL._SL500_.jpg","contentUrl":"https:\/\/m.media-amazon.com\/images\/I\/51V8SUweRYL._SL500_.jpg","width":500,"height":500},{"@type":"BreadcrumbList","@id":"https:\/\/marktxxl.de\/markt\/produkt\/teliser-solarlampen-fuer-aussen-4-stueck-solar-gartenfackeln-flammenlicht-33led-fackeln-ip65-wasserdicht-solarleuchten-garten-mit-flammeneffekt-fuer-terrasse-weg\/#breadcrumb","itemListElement":[{"@type":"ListItem","position":1,"name":"Startseite","item":"https:\/\/marktxxl.de\/markt\/"},{"@type":"ListItem","position":2,"name":"Markt","item":"https:\/\/marktxxl.de\/markt\/"},{"@type":"ListItem","position":3,"name":"Teliser Solarlampen f\u00fcr Au\u00dfen 4 St\u00fcck, Solar Gartenfackeln Flammenlicht 33LED Fackeln, IP65 Wasserdicht Solarleuchten Garten mit Flammeneffekt f\u00fcr Terrasse, Weg"}]},{"@type":"WebSite","@id":"https:\/\/marktxxl.de\/markt\/#website","url":"https:\/\/marktxxl.de\/markt\/","name":"Markt-XXL","description":"Ihr Markt Online","publisher":{"@id":"https:\/\/marktxxl.de\/markt\/#organization"},"potentialAction":[{"@type":"SearchAction","target":{"@type":"EntryPoint","urlTemplate":"https:\/\/marktxxl.de\/markt\/?s={search_term_string}"},"query-input":{"@type":"PropertyValueSpecification","valueRequired":true,"valueName":"search_term_string"}}],"inLanguage":"de"},{"@type":"Organization","@id":"https:\/\/marktxxl.de\/markt\/#organization","name":"Markt-XXL","url":"https:\/\/marktxxl.de\/markt\/","logo":{"@type":"ImageObject","inLanguage":"de","@id":"https:\/\/marktxxl.de\/markt\/#\/schema\/logo\/image\/","url":"https:\/\/marktxxl.de\/markt\/wp-content\/uploads\/sites\/3\/2020\/12\/logo.png","contentUrl":"https:\/\/marktxxl.de\/markt\/wp-content\/uploads\/sites\/3\/2020\/12\/logo.png","width":200,"height":70,"caption":"Markt-XXL"},"image":{"@id":"https:\/\/marktxxl.de\/markt\/#\/schema\/logo\/image\/"}}]}},"_links":{"self":[{"href":"https:\/\/marktxxl.de\/markt\/wp-json\/wp\/v2\/product\/213724","targetHints":{"allow":["GET"]}}],"collection":[{"href":"https:\/\/marktxxl.de\/markt\/wp-json\/wp\/v2\/product"}],"about":[{"href":"https:\/\/marktxxl.de\/markt\/wp-json\/wp\/v2\/types\/product"}],"replies":[{"embeddable":true,"href":"https:\/\/marktxxl.de\/markt\/wp-json\/wp\/v2\/comments?post=213724"}],"wp:featuredmedia":[{"embeddable":true,"href":"https:\/\/marktxxl.de\/markt\/wp-json\/wp\/v2\/media\/213725"}],"wp:attachment":[{"href":"https:\/\/marktxxl.de\/markt\/wp-json\/wp\/v2\/media?parent=213724"}],"wp:term":[{"taxonomy":"product_brand","embeddable":true,"href":"https:\/\/marktxxl.de\/markt\/wp-json\/wp\/v2\/product_brand?post=213724"},{"taxonomy":"product_cat","embeddable":true,"href":"https:\/\/marktxxl.de\/markt\/wp-json\/wp\/v2\/product_cat?post=213724"},{"taxonomy":"product_tag","embeddable":true,"href":"https:\/\/marktxxl.de\/markt\/wp-json\/wp\/v2\/product_tag?post=213724"}],"curies":[{"name":"wp","href":"https:\/\/api.w.org\/{rel}","templated":true}]}}