{"id":213690,"date":"2024-06-28T20:56:07","date_gmt":"2024-06-28T18:56:07","guid":{"rendered":"https:\/\/marktxxl.de\/markt\/produkt\/teliser-solarlampen-fuer-aussen-garten-4-stueck-solar-gartenfackeln-solar-flammenlicht-33led-mit-flammeneffekt-solar-fackeln-lampen-ip65-wasserdicht-gartenleuchten-fuer-gaerten-rasen-weg-auffahrt\/"},"modified":"2024-06-28T20:56:07","modified_gmt":"2024-06-28T18:56:07","slug":"teliser-solarlampen-fuer-aussen-garten-4-stueck-solar-gartenfackeln-solar-flammenlicht-33led-mit-flammeneffekt-solar-fackeln-lampen-ip65-wasserdicht-gartenleuchten-fuer-gaerten-rasen-weg-auffahrt","status":"publish","type":"product","link":"https:\/\/marktxxl.de\/markt\/produkt\/teliser-solarlampen-fuer-aussen-garten-4-stueck-solar-gartenfackeln-solar-flammenlicht-33led-mit-flammeneffekt-solar-fackeln-lampen-ip65-wasserdicht-gartenleuchten-fuer-gaerten-rasen-weg-auffahrt\/","title":{"rendered":"Teliser Solarlampen f\u00fcr Au\u00dfen Garten 4 St\u00fcck, Solar Gartenfackeln Solar Flammenlicht 33LED mit Flammeneffekt, Solar Fackeln Lampen IP65 Wasserdicht Gartenleuchten f\u00fcr G\u00e4rten, Rasen, Weg, Auffahrt"},"content":{"rendered":"<p>\u3010Solarlampen f\u00fcr Au\u00dfen\u3011 Solar Flammenlicht mit 33 LEDs bieten Ihnen einen realistischen flackernden Flammeneffekt. Jedes Solarlicht flackert warmes Goldlicht und ahmt \u00e4u\u00dferst realistische und nat\u00fcrliche Tanzflammen nach, die ein bezauberndes Ambiente abgeben.<br \/>\n\u3010Solarbetrieben und Energiesparend\u3011 Solar Gartenfackeln eingebauter 600-mAh-Akku, leuchtet 8-10 Stunden nach dem vollst\u00e4ndigen Aufladen, die Ladezeit betr\u00e4gt etwa 6-8 Stunden unter Sonnenlicht. Die Solarleuchten im Freien leuchten nachts \/ in der D\u00e4mmerung automatisch auf und schalten sich am Tag \/ in der Morgend\u00e4mmerung automatisch aus.<br \/>\n\u3010IP65 Wasserdicht\u3011 Solarlampen f\u00fcr Au\u00dfen aus hochwertigem und wasserdichtem ABS-Material, das IP65 wasserdicht, hitzebest\u00e4ndig und frostbest\u00e4ndig unterst\u00fctzt, keine Sorge bei allen Wetterbedingungen. Sie k\u00f6nnen diese Solar-Landschaftsleuchten auf Garten, Wegen, Pool, Hof, Bank, Terrasse, Party, Grill, Camping, Hochzeit, Gehweg oder anderen Orten im Freien installieren.<br \/>\n\u3010Einfache Installation und Langlebigkeit\u3011 Solarleuchten aus hochwertigem ABS-Material und Solarpanel mit hoher Umwandlungseffizienz. Keine Verkabelung oder Werkzeuge erforderlich, einfach den Spie\u00df und das verl\u00e4ngerte Rohr anzuschlie\u00dfen, um es zu montieren, Sie k\u00f6nnen es \u00fcberall installieren und die warmen Flammenlichter genie\u00dfen.<br \/>\n\u3010Perfekte Solarleuchte f\u00fcr Au\u00dfen &amp; Service-Garantie\u3011 Der Flammeneffekt der Solarleuchten sammelt Sonnenenergie selbst durch ein Solarpanel, wandelt sie in elektrische Energie um und speichert sie in der Batterie, um Strom zu liefern, es spart Energie und macht sich keine Sorgen \u00fcber die Stromrechnung. Wenn Sie Fragen haben oder Hilfe ben\u00f6tigen, k\u00f6nnen Sie sich gerne an uns wenden.<br \/>\n<div class=\"main-cross-sell\" data-asin=\"B0C5CCLKZ9\">\n\n\t<div class=\"WooZone-cross-sell-loader\">\n\t\t<div>\n\t\t\t<div id=\"floatingBarsG\">\n\t\t\t\t<div class=\"blockG\" id=\"rotateG_01\"><\/div>\n\t\t\t\t<div class=\"blockG\" id=\"rotateG_02\"><\/div>\n\t\t\t\t<div class=\"blockG\" id=\"rotateG_03\"><\/div>\n\t\t\t\t<div class=\"blockG\" id=\"rotateG_04\"><\/div>\n\t\t\t\t<div class=\"blockG\" id=\"rotateG_05\"><\/div>\n\t\t\t\t<div class=\"blockG\" id=\"rotateG_06\"><\/div>\n\t\t\t\t<div class=\"blockG\" id=\"rotateG_07\"><\/div>\n\t\t\t\t<div class=\"blockG\" id=\"rotateG_08\"><\/div>\n\t\t\t<\/div>\n\t\t\t<div class=\"WooZone-cross-sell-loader-text\"><\/div>\n\t\t<\/div>\n\t<\/div>\n\n\t\t\n<\/div>\n<div style=\"clear:both;\"><\/div><\/p>\n","protected":false},"excerpt":{"rendered":"<p>\u3010Solarlampen f\u00fcr Au\u00dfen\u3011 Solar Flammenlicht mit 33 LEDs bieten Ihnen einen realistischen flackernden Flammeneffekt. Jedes Solarlicht flackert warmes Goldlicht und ahmt \u00e4u\u00dferst realistische und nat\u00fcrliche Tanzflammen nach, die ein bezauberndes Ambiente abgeben.<br \/>\n\u3010Solarbetrieben und Energiesparend\u3011 Solar Gartenfackeln eingebauter 600-mAh-Akku, leuchtet 8-10 Stunden nach dem vollst\u00e4ndigen Aufladen, die Ladezeit betr\u00e4gt etwa 6-8 Stunden unter Sonnenlicht. Die Solarleuchten im Freien leuchten nachts \/ in der D\u00e4mmerung automatisch auf und schalten sich am Tag \/ in der Morgend\u00e4mmerung automatisch aus.<br \/>\n\u3010IP65 Wasserdicht\u3011 Solarlampen f\u00fcr Au\u00dfen aus hochwertigem und wasserdichtem ABS-Material, das IP65 wasserdicht, hitzebest\u00e4ndig und frostbest\u00e4ndig unterst\u00fctzt, keine Sorge bei allen Wetterbedingungen. Sie k\u00f6nnen diese Solar-Landschaftsleuchten auf Garten, Wegen, Pool, Hof, Bank, Terrasse, Party, Grill, Camping, Hochzeit, Gehweg oder anderen Orten im Freien installieren.<\/p>\n","protected":false},"featured_media":213691,"comment_status":"open","ping_status":"closed","template":"","meta":[],"product_brand":[],"product_cat":[2108],"product_tag":[],"class_list":{"0":"post-213690","1":"product","2":"type-product","3":"status-publish","4":"has-post-thumbnail","6":"product_cat-beleuchtung","7":"pa_binding-gartenartikel","8":"pa_brand-teliser","9":"pa_height-9-842519675-zoll","10":"pa_length-3-93700787-zoll","11":"pa_manufacturer-ninghai-bayhong-electric-appliance-factory","12":"pa_model-25199","13":"pa_model-mas-sj7-332","14":"pa_warranty-1-year","15":"pa_width-3-93700787-zoll","17":"first","18":"instock","19":"shipping-taxable","20":"purchasable","21":"product-type-simple","22":"customify-col","23":"product-has-gallery"},"yoast_head":"<!-- This site is optimized with the Yoast SEO plugin v27.4 - https:\/\/yoast.com\/product\/yoast-seo-wordpress\/ -->\n<title>Teliser Solarlampen f\u00fcr Au\u00dfen Garten 4 St\u00fcck, Solar Gartenfackeln Solar Flammenlicht 33LED mit Flammeneffekt, Solar Fackeln Lampen IP65 Wasserdicht Gartenleuchten f\u00fcr G\u00e4rten, Rasen, Weg, Auffahrt - Markt-XXL<\/title>\n<meta name=\"description\" content=\"Markt-XXL Teliser Solarlampen f\u00fcr Au\u00dfen Garten 4 St\u00fcck, Solar Gartenfackeln Solar Flammenlicht 33LED mit Flammeneffekt, Solar Fackeln Lampen IP65 Wasserdicht Gartenleuchten f\u00fcr G\u00e4rten, Rasen, Weg, Auffahrt\" \/>\n<meta name=\"robots\" content=\"index, follow, max-snippet:-1, max-image-preview:large, max-video-preview:-1\" \/>\n<link rel=\"canonical\" href=\"https:\/\/marktxxl.de\/markt\/produkt\/teliser-solarlampen-fuer-aussen-garten-4-stueck-solar-gartenfackeln-solar-flammenlicht-33led-mit-flammeneffekt-solar-fackeln-lampen-ip65-wasserdicht-gartenleuchten-fuer-gaerten-rasen-weg-auffahrt\/\" \/>\n<meta property=\"og:locale\" content=\"de_DE\" \/>\n<meta property=\"og:type\" content=\"article\" \/>\n<meta property=\"og:title\" content=\"Teliser Solarlampen f\u00fcr Au\u00dfen Garten 4 St\u00fcck, Solar Gartenfackeln Solar Flammenlicht 33LED mit Flammeneffekt, Solar Fackeln Lampen IP65 Wasserdicht Gartenleuchten f\u00fcr G\u00e4rten, Rasen, Weg, Auffahrt - Markt-XXL\" \/>\n<meta property=\"og:description\" content=\"Markt-XXL Teliser Solarlampen f\u00fcr Au\u00dfen Garten 4 St\u00fcck, Solar Gartenfackeln Solar Flammenlicht 33LED mit Flammeneffekt, Solar Fackeln Lampen IP65 Wasserdicht Gartenleuchten f\u00fcr G\u00e4rten, Rasen, Weg, Auffahrt\" \/>\n<meta property=\"og:url\" content=\"https:\/\/marktxxl.de\/markt\/produkt\/teliser-solarlampen-fuer-aussen-garten-4-stueck-solar-gartenfackeln-solar-flammenlicht-33led-mit-flammeneffekt-solar-fackeln-lampen-ip65-wasserdicht-gartenleuchten-fuer-gaerten-rasen-weg-auffahrt\/\" \/>\n<meta property=\"og:site_name\" content=\"Markt-XXL\" \/>\n<meta name=\"twitter:card\" content=\"summary_large_image\" \/>\n<meta name=\"twitter:label1\" content=\"Gesch\u00e4tzte Lesezeit\" \/>\n\t<meta name=\"twitter:data1\" content=\"1\u00a0Minute\" \/>\n<script type=\"application\/ld+json\" class=\"yoast-schema-graph\">{\"@context\":\"https:\\\/\\\/schema.org\",\"@graph\":[{\"@type\":\"WebPage\",\"@id\":\"https:\\\/\\\/marktxxl.de\\\/markt\\\/produkt\\\/teliser-solarlampen-fuer-aussen-garten-4-stueck-solar-gartenfackeln-solar-flammenlicht-33led-mit-flammeneffekt-solar-fackeln-lampen-ip65-wasserdicht-gartenleuchten-fuer-gaerten-rasen-weg-auffahrt\\\/\",\"url\":\"https:\\\/\\\/marktxxl.de\\\/markt\\\/produkt\\\/teliser-solarlampen-fuer-aussen-garten-4-stueck-solar-gartenfackeln-solar-flammenlicht-33led-mit-flammeneffekt-solar-fackeln-lampen-ip65-wasserdicht-gartenleuchten-fuer-gaerten-rasen-weg-auffahrt\\\/\",\"name\":\"Teliser Solarlampen f\u00fcr Au\u00dfen Garten 4 St\u00fcck, Solar Gartenfackeln Solar Flammenlicht 33LED mit Flammeneffekt, Solar Fackeln Lampen IP65 Wasserdicht Gartenleuchten f\u00fcr G\u00e4rten, Rasen, Weg, Auffahrt - Markt-XXL\",\"isPartOf\":{\"@id\":\"https:\\\/\\\/marktxxl.de\\\/markt\\\/#website\"},\"primaryImageOfPage\":{\"@id\":\"https:\\\/\\\/marktxxl.de\\\/markt\\\/produkt\\\/teliser-solarlampen-fuer-aussen-garten-4-stueck-solar-gartenfackeln-solar-flammenlicht-33led-mit-flammeneffekt-solar-fackeln-lampen-ip65-wasserdicht-gartenleuchten-fuer-gaerten-rasen-weg-auffahrt\\\/#primaryimage\"},\"image\":{\"@id\":\"https:\\\/\\\/marktxxl.de\\\/markt\\\/produkt\\\/teliser-solarlampen-fuer-aussen-garten-4-stueck-solar-gartenfackeln-solar-flammenlicht-33led-mit-flammeneffekt-solar-fackeln-lampen-ip65-wasserdicht-gartenleuchten-fuer-gaerten-rasen-weg-auffahrt\\\/#primaryimage\"},\"thumbnailUrl\":\"https:\\\/\\\/m.media-amazon.com\\\/images\\\/I\\\/51JcAiAmj5L._SL500_.jpg\",\"datePublished\":\"2024-06-28T18:56:07+00:00\",\"description\":\"Markt-XXL Teliser Solarlampen f\u00fcr Au\u00dfen Garten 4 St\u00fcck, Solar Gartenfackeln Solar Flammenlicht 33LED mit Flammeneffekt, Solar Fackeln Lampen IP65 Wasserdicht Gartenleuchten f\u00fcr G\u00e4rten, Rasen, Weg, Auffahrt\",\"breadcrumb\":{\"@id\":\"https:\\\/\\\/marktxxl.de\\\/markt\\\/produkt\\\/teliser-solarlampen-fuer-aussen-garten-4-stueck-solar-gartenfackeln-solar-flammenlicht-33led-mit-flammeneffekt-solar-fackeln-lampen-ip65-wasserdicht-gartenleuchten-fuer-gaerten-rasen-weg-auffahrt\\\/#breadcrumb\"},\"inLanguage\":\"de\",\"potentialAction\":[{\"@type\":\"ReadAction\",\"target\":[\"https:\\\/\\\/marktxxl.de\\\/markt\\\/produkt\\\/teliser-solarlampen-fuer-aussen-garten-4-stueck-solar-gartenfackeln-solar-flammenlicht-33led-mit-flammeneffekt-solar-fackeln-lampen-ip65-wasserdicht-gartenleuchten-fuer-gaerten-rasen-weg-auffahrt\\\/\"]}]},{\"@type\":\"ImageObject\",\"inLanguage\":\"de\",\"@id\":\"https:\\\/\\\/marktxxl.de\\\/markt\\\/produkt\\\/teliser-solarlampen-fuer-aussen-garten-4-stueck-solar-gartenfackeln-solar-flammenlicht-33led-mit-flammeneffekt-solar-fackeln-lampen-ip65-wasserdicht-gartenleuchten-fuer-gaerten-rasen-weg-auffahrt\\\/#primaryimage\",\"url\":\"https:\\\/\\\/m.media-amazon.com\\\/images\\\/I\\\/51JcAiAmj5L._SL500_.jpg\",\"contentUrl\":\"https:\\\/\\\/m.media-amazon.com\\\/images\\\/I\\\/51JcAiAmj5L._SL500_.jpg\",\"width\":500,\"height\":500},{\"@type\":\"BreadcrumbList\",\"@id\":\"https:\\\/\\\/marktxxl.de\\\/markt\\\/produkt\\\/teliser-solarlampen-fuer-aussen-garten-4-stueck-solar-gartenfackeln-solar-flammenlicht-33led-mit-flammeneffekt-solar-fackeln-lampen-ip65-wasserdicht-gartenleuchten-fuer-gaerten-rasen-weg-auffahrt\\\/#breadcrumb\",\"itemListElement\":[{\"@type\":\"ListItem\",\"position\":1,\"name\":\"Startseite\",\"item\":\"https:\\\/\\\/marktxxl.de\\\/markt\\\/\"},{\"@type\":\"ListItem\",\"position\":2,\"name\":\"Markt\",\"item\":\"https:\\\/\\\/marktxxl.de\\\/markt\\\/\"},{\"@type\":\"ListItem\",\"position\":3,\"name\":\"Teliser Solarlampen f\u00fcr Au\u00dfen Garten 4 St\u00fcck, Solar Gartenfackeln Solar Flammenlicht 33LED mit Flammeneffekt, Solar Fackeln Lampen IP65 Wasserdicht Gartenleuchten f\u00fcr G\u00e4rten, Rasen, Weg, Auffahrt\"}]},{\"@type\":\"WebSite\",\"@id\":\"https:\\\/\\\/marktxxl.de\\\/markt\\\/#website\",\"url\":\"https:\\\/\\\/marktxxl.de\\\/markt\\\/\",\"name\":\"Markt-XXL\",\"description\":\"Ihr Markt Online\",\"publisher\":{\"@id\":\"https:\\\/\\\/marktxxl.de\\\/markt\\\/#organization\"},\"potentialAction\":[{\"@type\":\"SearchAction\",\"target\":{\"@type\":\"EntryPoint\",\"urlTemplate\":\"https:\\\/\\\/marktxxl.de\\\/markt\\\/?s={search_term_string}\"},\"query-input\":{\"@type\":\"PropertyValueSpecification\",\"valueRequired\":true,\"valueName\":\"search_term_string\"}}],\"inLanguage\":\"de\"},{\"@type\":\"Organization\",\"@id\":\"https:\\\/\\\/marktxxl.de\\\/markt\\\/#organization\",\"name\":\"Markt-XXL\",\"url\":\"https:\\\/\\\/marktxxl.de\\\/markt\\\/\",\"logo\":{\"@type\":\"ImageObject\",\"inLanguage\":\"de\",\"@id\":\"https:\\\/\\\/marktxxl.de\\\/markt\\\/#\\\/schema\\\/logo\\\/image\\\/\",\"url\":\"https:\\\/\\\/marktxxl.de\\\/markt\\\/wp-content\\\/uploads\\\/sites\\\/3\\\/2020\\\/12\\\/logo.png\",\"contentUrl\":\"https:\\\/\\\/marktxxl.de\\\/markt\\\/wp-content\\\/uploads\\\/sites\\\/3\\\/2020\\\/12\\\/logo.png\",\"width\":200,\"height\":70,\"caption\":\"Markt-XXL\"},\"image\":{\"@id\":\"https:\\\/\\\/marktxxl.de\\\/markt\\\/#\\\/schema\\\/logo\\\/image\\\/\"}}]}<\/script>\n<!-- \/ Yoast SEO plugin. -->","yoast_head_json":{"title":"Teliser Solarlampen f\u00fcr Au\u00dfen Garten 4 St\u00fcck, Solar Gartenfackeln Solar Flammenlicht 33LED mit Flammeneffekt, Solar Fackeln Lampen IP65 Wasserdicht Gartenleuchten f\u00fcr G\u00e4rten, Rasen, Weg, Auffahrt - Markt-XXL","description":"Markt-XXL Teliser Solarlampen f\u00fcr Au\u00dfen Garten 4 St\u00fcck, Solar Gartenfackeln Solar Flammenlicht 33LED mit Flammeneffekt, Solar Fackeln Lampen IP65 Wasserdicht Gartenleuchten f\u00fcr G\u00e4rten, Rasen, Weg, Auffahrt","robots":{"index":"index","follow":"follow","max-snippet":"max-snippet:-1","max-image-preview":"max-image-preview:large","max-video-preview":"max-video-preview:-1"},"canonical":"https:\/\/marktxxl.de\/markt\/produkt\/teliser-solarlampen-fuer-aussen-garten-4-stueck-solar-gartenfackeln-solar-flammenlicht-33led-mit-flammeneffekt-solar-fackeln-lampen-ip65-wasserdicht-gartenleuchten-fuer-gaerten-rasen-weg-auffahrt\/","og_locale":"de_DE","og_type":"article","og_title":"Teliser Solarlampen f\u00fcr Au\u00dfen Garten 4 St\u00fcck, Solar Gartenfackeln Solar Flammenlicht 33LED mit Flammeneffekt, Solar Fackeln Lampen IP65 Wasserdicht Gartenleuchten f\u00fcr G\u00e4rten, Rasen, Weg, Auffahrt - Markt-XXL","og_description":"Markt-XXL Teliser Solarlampen f\u00fcr Au\u00dfen Garten 4 St\u00fcck, Solar Gartenfackeln Solar Flammenlicht 33LED mit Flammeneffekt, Solar Fackeln Lampen IP65 Wasserdicht Gartenleuchten f\u00fcr G\u00e4rten, Rasen, Weg, Auffahrt","og_url":"https:\/\/marktxxl.de\/markt\/produkt\/teliser-solarlampen-fuer-aussen-garten-4-stueck-solar-gartenfackeln-solar-flammenlicht-33led-mit-flammeneffekt-solar-fackeln-lampen-ip65-wasserdicht-gartenleuchten-fuer-gaerten-rasen-weg-auffahrt\/","og_site_name":"Markt-XXL","twitter_card":"summary_large_image","twitter_misc":{"Gesch\u00e4tzte Lesezeit":"1\u00a0Minute"},"schema":{"@context":"https:\/\/schema.org","@graph":[{"@type":"WebPage","@id":"https:\/\/marktxxl.de\/markt\/produkt\/teliser-solarlampen-fuer-aussen-garten-4-stueck-solar-gartenfackeln-solar-flammenlicht-33led-mit-flammeneffekt-solar-fackeln-lampen-ip65-wasserdicht-gartenleuchten-fuer-gaerten-rasen-weg-auffahrt\/","url":"https:\/\/marktxxl.de\/markt\/produkt\/teliser-solarlampen-fuer-aussen-garten-4-stueck-solar-gartenfackeln-solar-flammenlicht-33led-mit-flammeneffekt-solar-fackeln-lampen-ip65-wasserdicht-gartenleuchten-fuer-gaerten-rasen-weg-auffahrt\/","name":"Teliser Solarlampen f\u00fcr Au\u00dfen Garten 4 St\u00fcck, Solar Gartenfackeln Solar Flammenlicht 33LED mit Flammeneffekt, Solar Fackeln Lampen IP65 Wasserdicht Gartenleuchten f\u00fcr G\u00e4rten, Rasen, Weg, Auffahrt - Markt-XXL","isPartOf":{"@id":"https:\/\/marktxxl.de\/markt\/#website"},"primaryImageOfPage":{"@id":"https:\/\/marktxxl.de\/markt\/produkt\/teliser-solarlampen-fuer-aussen-garten-4-stueck-solar-gartenfackeln-solar-flammenlicht-33led-mit-flammeneffekt-solar-fackeln-lampen-ip65-wasserdicht-gartenleuchten-fuer-gaerten-rasen-weg-auffahrt\/#primaryimage"},"image":{"@id":"https:\/\/marktxxl.de\/markt\/produkt\/teliser-solarlampen-fuer-aussen-garten-4-stueck-solar-gartenfackeln-solar-flammenlicht-33led-mit-flammeneffekt-solar-fackeln-lampen-ip65-wasserdicht-gartenleuchten-fuer-gaerten-rasen-weg-auffahrt\/#primaryimage"},"thumbnailUrl":"https:\/\/m.media-amazon.com\/images\/I\/51JcAiAmj5L._SL500_.jpg","datePublished":"2024-06-28T18:56:07+00:00","description":"Markt-XXL Teliser Solarlampen f\u00fcr Au\u00dfen Garten 4 St\u00fcck, Solar Gartenfackeln Solar Flammenlicht 33LED mit Flammeneffekt, Solar Fackeln Lampen IP65 Wasserdicht Gartenleuchten f\u00fcr G\u00e4rten, Rasen, Weg, Auffahrt","breadcrumb":{"@id":"https:\/\/marktxxl.de\/markt\/produkt\/teliser-solarlampen-fuer-aussen-garten-4-stueck-solar-gartenfackeln-solar-flammenlicht-33led-mit-flammeneffekt-solar-fackeln-lampen-ip65-wasserdicht-gartenleuchten-fuer-gaerten-rasen-weg-auffahrt\/#breadcrumb"},"inLanguage":"de","potentialAction":[{"@type":"ReadAction","target":["https:\/\/marktxxl.de\/markt\/produkt\/teliser-solarlampen-fuer-aussen-garten-4-stueck-solar-gartenfackeln-solar-flammenlicht-33led-mit-flammeneffekt-solar-fackeln-lampen-ip65-wasserdicht-gartenleuchten-fuer-gaerten-rasen-weg-auffahrt\/"]}]},{"@type":"ImageObject","inLanguage":"de","@id":"https:\/\/marktxxl.de\/markt\/produkt\/teliser-solarlampen-fuer-aussen-garten-4-stueck-solar-gartenfackeln-solar-flammenlicht-33led-mit-flammeneffekt-solar-fackeln-lampen-ip65-wasserdicht-gartenleuchten-fuer-gaerten-rasen-weg-auffahrt\/#primaryimage","url":"https:\/\/m.media-amazon.com\/images\/I\/51JcAiAmj5L._SL500_.jpg","contentUrl":"https:\/\/m.media-amazon.com\/images\/I\/51JcAiAmj5L._SL500_.jpg","width":500,"height":500},{"@type":"BreadcrumbList","@id":"https:\/\/marktxxl.de\/markt\/produkt\/teliser-solarlampen-fuer-aussen-garten-4-stueck-solar-gartenfackeln-solar-flammenlicht-33led-mit-flammeneffekt-solar-fackeln-lampen-ip65-wasserdicht-gartenleuchten-fuer-gaerten-rasen-weg-auffahrt\/#breadcrumb","itemListElement":[{"@type":"ListItem","position":1,"name":"Startseite","item":"https:\/\/marktxxl.de\/markt\/"},{"@type":"ListItem","position":2,"name":"Markt","item":"https:\/\/marktxxl.de\/markt\/"},{"@type":"ListItem","position":3,"name":"Teliser Solarlampen f\u00fcr Au\u00dfen Garten 4 St\u00fcck, Solar Gartenfackeln Solar Flammenlicht 33LED mit Flammeneffekt, Solar Fackeln Lampen IP65 Wasserdicht Gartenleuchten f\u00fcr G\u00e4rten, Rasen, Weg, Auffahrt"}]},{"@type":"WebSite","@id":"https:\/\/marktxxl.de\/markt\/#website","url":"https:\/\/marktxxl.de\/markt\/","name":"Markt-XXL","description":"Ihr Markt Online","publisher":{"@id":"https:\/\/marktxxl.de\/markt\/#organization"},"potentialAction":[{"@type":"SearchAction","target":{"@type":"EntryPoint","urlTemplate":"https:\/\/marktxxl.de\/markt\/?s={search_term_string}"},"query-input":{"@type":"PropertyValueSpecification","valueRequired":true,"valueName":"search_term_string"}}],"inLanguage":"de"},{"@type":"Organization","@id":"https:\/\/marktxxl.de\/markt\/#organization","name":"Markt-XXL","url":"https:\/\/marktxxl.de\/markt\/","logo":{"@type":"ImageObject","inLanguage":"de","@id":"https:\/\/marktxxl.de\/markt\/#\/schema\/logo\/image\/","url":"https:\/\/marktxxl.de\/markt\/wp-content\/uploads\/sites\/3\/2020\/12\/logo.png","contentUrl":"https:\/\/marktxxl.de\/markt\/wp-content\/uploads\/sites\/3\/2020\/12\/logo.png","width":200,"height":70,"caption":"Markt-XXL"},"image":{"@id":"https:\/\/marktxxl.de\/markt\/#\/schema\/logo\/image\/"}}]}},"_links":{"self":[{"href":"https:\/\/marktxxl.de\/markt\/wp-json\/wp\/v2\/product\/213690","targetHints":{"allow":["GET"]}}],"collection":[{"href":"https:\/\/marktxxl.de\/markt\/wp-json\/wp\/v2\/product"}],"about":[{"href":"https:\/\/marktxxl.de\/markt\/wp-json\/wp\/v2\/types\/product"}],"replies":[{"embeddable":true,"href":"https:\/\/marktxxl.de\/markt\/wp-json\/wp\/v2\/comments?post=213690"}],"wp:featuredmedia":[{"embeddable":true,"href":"https:\/\/marktxxl.de\/markt\/wp-json\/wp\/v2\/media\/213691"}],"wp:attachment":[{"href":"https:\/\/marktxxl.de\/markt\/wp-json\/wp\/v2\/media?parent=213690"}],"wp:term":[{"taxonomy":"product_brand","embeddable":true,"href":"https:\/\/marktxxl.de\/markt\/wp-json\/wp\/v2\/product_brand?post=213690"},{"taxonomy":"product_cat","embeddable":true,"href":"https:\/\/marktxxl.de\/markt\/wp-json\/wp\/v2\/product_cat?post=213690"},{"taxonomy":"product_tag","embeddable":true,"href":"https:\/\/marktxxl.de\/markt\/wp-json\/wp\/v2\/product_tag?post=213690"}],"curies":[{"name":"wp","href":"https:\/\/api.w.org\/{rel}","templated":true}]}}