{"id":213658,"date":"2024-06-28T20:36:28","date_gmt":"2024-06-28T18:36:28","guid":{"rendered":"https:\/\/marktxxl.de\/markt\/produkt\/freekite-2-stueck-solarlaterne-fuer-aussen-retro-engel-schmetterlings-solarlaterne-fuer-aussen-mit-hirtenhaken-solar-lampions-aussen-wetterfest-fuer-garten-draussen-gartendeko-patio-rasen-geschenk\/"},"modified":"2024-06-28T20:36:28","modified_gmt":"2024-06-28T18:36:28","slug":"freekite-2-stueck-solarlaterne-fuer-aussen-retro-engel-schmetterlings-solarlaterne-fuer-aussen-mit-hirtenhaken-solar-lampions-aussen-wetterfest-fuer-garten-draussen-gartendeko-patio-rasen-geschenk","status":"publish","type":"product","link":"https:\/\/marktxxl.de\/markt\/produkt\/freekite-2-stueck-solarlaterne-fuer-aussen-retro-engel-schmetterlings-solarlaterne-fuer-aussen-mit-hirtenhaken-solar-lampions-aussen-wetterfest-fuer-garten-draussen-gartendeko-patio-rasen-geschenk\/","title":{"rendered":"Freekite 2 St\u00fcck Solarlaterne f\u00fcr Au\u00dfen, Retro Engel Schmetterlings Solarlaterne f\u00fcr Au\u00dfen mit Hirtenhaken, Solar Lampions Au\u00dfen Wetterfest f\u00fcr Garten Drau\u00dfen Gartendeko Patio Rasen Geschenk"},"content":{"rendered":"<p>\u3010Wundersch\u00f6ne Verzierungen\u3011Diese Solarlaternen werfen bei Einbruch der Nacht sanfte und faszinierende Muster. Die Muster, die sie erzeugen, sind wie Engel, die auf riesigen Pilzen sitzen und unter dem Sternenhimmel mit Schmetterlingen spielen. Sie sind wirklich faszinierend und einnehmend! Dar\u00fcber hinaus reicht ihr Charme \u00fcber die Nacht hinaus, da sie auch tags\u00fcber ohne Lichtabgabe atemberaubend bleiben. Absolut wundersch\u00f6n und garantiert ein Blickfang!<br \/>\n\u3010Hohe Qualit\u00e4t\u3011Jede Solarlaterne misst etwa 11 cm in der Breite und 20 cm in der H\u00f6he. Der St\u00e4nder f\u00fcr die Hirtenhaken misst etwa 72 cm in der H\u00f6he. Diese Solarleuchten sind aus Metall gefertigt und haben eine rostfreie Beschichtung innen und au\u00dfen. Die Solarteile sind au\u00dferdem wetterfest, sodass Sie sich keine Sorgen um das Wetter machen m\u00fcssen, wenn Sie sie drau\u00dfen stehen lassen.<br \/>\n\u3010Solaraufladung\u3011Unser Solarpanel ist sehr effektiv bei der Umwandlung von Sonnenlicht in Strom mit ein eingebauter Lithium-Ionen-Akku, der in 5-8 Stunden in der Sonne vollst\u00e4ndig aufgeladen werden kann. Wenn der Akku vollst\u00e4ndig geladen ist, kann die Laterne etwa 8-10 Stunden lang leuchten. Energieeffizient und umweltfreundlich.<br \/>\n\u3010Intelligente Steuerung\u3011Schalten Sie den Schalter unter dem Deckel ein und stellen Sie die Solarlaterne in das Sonnenlicht. Das Solarpanel wird das Tageslicht absorbieren und die Batterie laden. Wenn die D\u00e4mmerung einsetzt, leuchtet die Laterne automatisch auf. Bitte beachten Sie: Das Solarpanel enth\u00e4lt lichtempfindliche Elemente und die Laterne leuchtet nur in dunkler Umgebung. In hellen Umgebungen leuchtet die Laterne nicht.<br \/>\n\u3010Vielseitig einsetzbar\u3011Sie haben die Freiheit, sie auf einen Tisch, eine Terrasse, einen Balkon oder Stufen zu stellen. Zus\u00e4tzlich k\u00f6nnen Sie sie mit dem mitgelieferten Sch\u00e4ferhaken in Ihrem Garten, Rasen, B\u00fcrgersteig, Hof oder Pfad aufh\u00e4ngen. Bei Einbruch der Nacht gibt sie ein warmes und weiches Licht ab und wirft ein sehr sch\u00f6nes Muster! Sie schafft eine sehr warme und romantische Atmosph\u00e4re!<br \/>\n\u3010Qualit\u00e4tsgarantie\u3011Wenn das Solarteil innerhalb von zwei Jahren nicht mehr funktioniert oder nicht mehr aufl\u00e4dt, k\u00f6nnen Sie ein neues Solarteil kostenlos erhalten. Wir verpflichten uns, jeden Kunden mit dem h\u00f6chsten Standard des Kundendienstes zu versorgen. Wenn Sie Fragen zu den Produkten haben, k\u00f6nnen Sie uns gerne kontaktieren.<br \/>\n<div class=\"main-cross-sell\" data-asin=\"B0CW5TQCYP\">\n\n\t<div class=\"WooZone-cross-sell-loader\">\n\t\t<div>\n\t\t\t<div id=\"floatingBarsG\">\n\t\t\t\t<div class=\"blockG\" id=\"rotateG_01\"><\/div>\n\t\t\t\t<div class=\"blockG\" id=\"rotateG_02\"><\/div>\n\t\t\t\t<div class=\"blockG\" id=\"rotateG_03\"><\/div>\n\t\t\t\t<div class=\"blockG\" id=\"rotateG_04\"><\/div>\n\t\t\t\t<div class=\"blockG\" id=\"rotateG_05\"><\/div>\n\t\t\t\t<div class=\"blockG\" id=\"rotateG_06\"><\/div>\n\t\t\t\t<div class=\"blockG\" id=\"rotateG_07\"><\/div>\n\t\t\t\t<div class=\"blockG\" id=\"rotateG_08\"><\/div>\n\t\t\t<\/div>\n\t\t\t<div class=\"WooZone-cross-sell-loader-text\"><\/div>\n\t\t<\/div>\n\t<\/div>\n\n\t\t\n<\/div>\n<div style=\"clear:both;\"><\/div><\/p>\n","protected":false},"excerpt":{"rendered":"<p>\u3010Wundersch\u00f6ne Verzierungen\u3011Diese Solarlaternen werfen bei Einbruch der Nacht sanfte und faszinierende Muster. Die Muster, die sie erzeugen, sind wie Engel, die auf riesigen Pilzen sitzen und unter dem Sternenhimmel mit Schmetterlingen spielen. Sie sind wirklich faszinierend und einnehmend! Dar\u00fcber hinaus reicht ihr Charme \u00fcber die Nacht hinaus, da sie auch tags\u00fcber ohne Lichtabgabe atemberaubend bleiben. Absolut wundersch\u00f6n und garantiert ein Blickfang!<br \/>\n\u3010Hohe Qualit\u00e4t\u3011Jede Solarlaterne misst etwa 11 cm in der Breite und 20 cm in der H\u00f6he. Der St\u00e4nder f\u00fcr die Hirtenhaken misst etwa 72 cm in der H\u00f6he. Diese Solarleuchten sind aus Metall gefertigt und haben eine rostfreie Beschichtung innen und au\u00dfen. Die Solarteile sind au\u00dferdem wetterfest, sodass Sie sich keine Sorgen um das Wetter machen m\u00fcssen, wenn Sie sie drau\u00dfen stehen lassen.<br \/>\n\u3010Solaraufladung\u3011Unser Solarpanel ist sehr effektiv bei der Umwandlung von Sonnenlicht in Strom mit ein eingebauter Lithium-Ionen-Akku, der in 5-8 Stunden in der Sonne vollst\u00e4ndig aufgeladen werden kann. Wenn der Akku vollst\u00e4ndig geladen ist, kann die Laterne etwa 8-10 Stunden lang leuchten. Energieeffizient und umweltfreundlich.<\/p>\n","protected":false},"featured_media":213659,"comment_status":"open","ping_status":"closed","template":"","meta":[],"product_brand":[],"product_cat":[2108],"product_tag":[],"class_list":{"0":"post-213658","1":"product","2":"type-product","3":"status-publish","4":"has-post-thumbnail","6":"product_cat-beleuchtung","7":"pa_brand-freekite","8":"pa_color-braunbronze","9":"pa_height-7-9527558974-zoll","10":"pa_length-5-3149606245-zoll","11":"pa_manufacturer-freekite","12":"pa_model-tsdl-2pcs","13":"pa_width-4-3700787357-zoll","15":"first","16":"instock","17":"sale","18":"shipping-taxable","19":"purchasable","20":"product-type-simple","21":"customify-col","22":"product-has-gallery"},"yoast_head":"<!-- This site is optimized with the Yoast SEO plugin v27.4 - https:\/\/yoast.com\/product\/yoast-seo-wordpress\/ -->\n<title>Freekite 2 St\u00fcck Solarlaterne f\u00fcr Au\u00dfen, Retro Engel Schmetterlings Solarlaterne f\u00fcr Au\u00dfen mit Hirtenhaken, Solar Lampions Au\u00dfen Wetterfest f\u00fcr Garten Drau\u00dfen Gartendeko Patio Rasen Geschenk - Markt-XXL<\/title>\n<meta name=\"description\" content=\"Markt-XXL Freekite 2 St\u00fcck Solarlaterne f\u00fcr Au\u00dfen, Retro Engel Schmetterlings Solarlaterne f\u00fcr Au\u00dfen mit Hirtenhaken, Solar Lampions Au\u00dfen Wetterfest f\u00fcr Garten Drau\u00dfen Gartendeko Patio Rasen Geschenk\" \/>\n<meta name=\"robots\" content=\"index, follow, max-snippet:-1, max-image-preview:large, max-video-preview:-1\" \/>\n<link rel=\"canonical\" href=\"https:\/\/marktxxl.de\/markt\/produkt\/freekite-2-stueck-solarlaterne-fuer-aussen-retro-engel-schmetterlings-solarlaterne-fuer-aussen-mit-hirtenhaken-solar-lampions-aussen-wetterfest-fuer-garten-draussen-gartendeko-patio-rasen-geschenk\/\" \/>\n<meta property=\"og:locale\" content=\"de_DE\" \/>\n<meta property=\"og:type\" content=\"article\" \/>\n<meta property=\"og:title\" content=\"Freekite 2 St\u00fcck Solarlaterne f\u00fcr Au\u00dfen, Retro Engel Schmetterlings Solarlaterne f\u00fcr Au\u00dfen mit Hirtenhaken, Solar Lampions Au\u00dfen Wetterfest f\u00fcr Garten Drau\u00dfen Gartendeko Patio Rasen Geschenk - Markt-XXL\" \/>\n<meta property=\"og:description\" content=\"Markt-XXL Freekite 2 St\u00fcck Solarlaterne f\u00fcr Au\u00dfen, Retro Engel Schmetterlings Solarlaterne f\u00fcr Au\u00dfen mit Hirtenhaken, Solar Lampions Au\u00dfen Wetterfest f\u00fcr Garten Drau\u00dfen Gartendeko Patio Rasen Geschenk\" \/>\n<meta property=\"og:url\" content=\"https:\/\/marktxxl.de\/markt\/produkt\/freekite-2-stueck-solarlaterne-fuer-aussen-retro-engel-schmetterlings-solarlaterne-fuer-aussen-mit-hirtenhaken-solar-lampions-aussen-wetterfest-fuer-garten-draussen-gartendeko-patio-rasen-geschenk\/\" \/>\n<meta property=\"og:site_name\" content=\"Markt-XXL\" \/>\n<meta name=\"twitter:card\" content=\"summary_large_image\" \/>\n<meta name=\"twitter:label1\" content=\"Gesch\u00e4tzte Lesezeit\" \/>\n\t<meta name=\"twitter:data1\" content=\"2\u00a0Minuten\" \/>\n<script type=\"application\/ld+json\" class=\"yoast-schema-graph\">{\"@context\":\"https:\\\/\\\/schema.org\",\"@graph\":[{\"@type\":\"WebPage\",\"@id\":\"https:\\\/\\\/marktxxl.de\\\/markt\\\/produkt\\\/freekite-2-stueck-solarlaterne-fuer-aussen-retro-engel-schmetterlings-solarlaterne-fuer-aussen-mit-hirtenhaken-solar-lampions-aussen-wetterfest-fuer-garten-draussen-gartendeko-patio-rasen-geschenk\\\/\",\"url\":\"https:\\\/\\\/marktxxl.de\\\/markt\\\/produkt\\\/freekite-2-stueck-solarlaterne-fuer-aussen-retro-engel-schmetterlings-solarlaterne-fuer-aussen-mit-hirtenhaken-solar-lampions-aussen-wetterfest-fuer-garten-draussen-gartendeko-patio-rasen-geschenk\\\/\",\"name\":\"Freekite 2 St\u00fcck Solarlaterne f\u00fcr Au\u00dfen, Retro Engel Schmetterlings Solarlaterne f\u00fcr Au\u00dfen mit Hirtenhaken, Solar Lampions Au\u00dfen Wetterfest f\u00fcr Garten Drau\u00dfen Gartendeko Patio Rasen Geschenk - Markt-XXL\",\"isPartOf\":{\"@id\":\"https:\\\/\\\/marktxxl.de\\\/markt\\\/#website\"},\"primaryImageOfPage\":{\"@id\":\"https:\\\/\\\/marktxxl.de\\\/markt\\\/produkt\\\/freekite-2-stueck-solarlaterne-fuer-aussen-retro-engel-schmetterlings-solarlaterne-fuer-aussen-mit-hirtenhaken-solar-lampions-aussen-wetterfest-fuer-garten-draussen-gartendeko-patio-rasen-geschenk\\\/#primaryimage\"},\"image\":{\"@id\":\"https:\\\/\\\/marktxxl.de\\\/markt\\\/produkt\\\/freekite-2-stueck-solarlaterne-fuer-aussen-retro-engel-schmetterlings-solarlaterne-fuer-aussen-mit-hirtenhaken-solar-lampions-aussen-wetterfest-fuer-garten-draussen-gartendeko-patio-rasen-geschenk\\\/#primaryimage\"},\"thumbnailUrl\":\"https:\\\/\\\/m.media-amazon.com\\\/images\\\/I\\\/51YBK4xy2oL._SL500_.jpg\",\"datePublished\":\"2024-06-28T18:36:28+00:00\",\"description\":\"Markt-XXL Freekite 2 St\u00fcck Solarlaterne f\u00fcr Au\u00dfen, Retro Engel Schmetterlings Solarlaterne f\u00fcr Au\u00dfen mit Hirtenhaken, Solar Lampions Au\u00dfen Wetterfest f\u00fcr Garten Drau\u00dfen Gartendeko Patio Rasen Geschenk\",\"breadcrumb\":{\"@id\":\"https:\\\/\\\/marktxxl.de\\\/markt\\\/produkt\\\/freekite-2-stueck-solarlaterne-fuer-aussen-retro-engel-schmetterlings-solarlaterne-fuer-aussen-mit-hirtenhaken-solar-lampions-aussen-wetterfest-fuer-garten-draussen-gartendeko-patio-rasen-geschenk\\\/#breadcrumb\"},\"inLanguage\":\"de\",\"potentialAction\":[{\"@type\":\"ReadAction\",\"target\":[\"https:\\\/\\\/marktxxl.de\\\/markt\\\/produkt\\\/freekite-2-stueck-solarlaterne-fuer-aussen-retro-engel-schmetterlings-solarlaterne-fuer-aussen-mit-hirtenhaken-solar-lampions-aussen-wetterfest-fuer-garten-draussen-gartendeko-patio-rasen-geschenk\\\/\"]}]},{\"@type\":\"ImageObject\",\"inLanguage\":\"de\",\"@id\":\"https:\\\/\\\/marktxxl.de\\\/markt\\\/produkt\\\/freekite-2-stueck-solarlaterne-fuer-aussen-retro-engel-schmetterlings-solarlaterne-fuer-aussen-mit-hirtenhaken-solar-lampions-aussen-wetterfest-fuer-garten-draussen-gartendeko-patio-rasen-geschenk\\\/#primaryimage\",\"url\":\"https:\\\/\\\/m.media-amazon.com\\\/images\\\/I\\\/51YBK4xy2oL._SL500_.jpg\",\"contentUrl\":\"https:\\\/\\\/m.media-amazon.com\\\/images\\\/I\\\/51YBK4xy2oL._SL500_.jpg\",\"width\":500,\"height\":500},{\"@type\":\"BreadcrumbList\",\"@id\":\"https:\\\/\\\/marktxxl.de\\\/markt\\\/produkt\\\/freekite-2-stueck-solarlaterne-fuer-aussen-retro-engel-schmetterlings-solarlaterne-fuer-aussen-mit-hirtenhaken-solar-lampions-aussen-wetterfest-fuer-garten-draussen-gartendeko-patio-rasen-geschenk\\\/#breadcrumb\",\"itemListElement\":[{\"@type\":\"ListItem\",\"position\":1,\"name\":\"Startseite\",\"item\":\"https:\\\/\\\/marktxxl.de\\\/markt\\\/\"},{\"@type\":\"ListItem\",\"position\":2,\"name\":\"Markt\",\"item\":\"https:\\\/\\\/marktxxl.de\\\/markt\\\/\"},{\"@type\":\"ListItem\",\"position\":3,\"name\":\"Freekite 2 St\u00fcck Solarlaterne f\u00fcr Au\u00dfen, Retro Engel Schmetterlings Solarlaterne f\u00fcr Au\u00dfen mit Hirtenhaken, Solar Lampions Au\u00dfen Wetterfest f\u00fcr Garten Drau\u00dfen Gartendeko Patio Rasen Geschenk\"}]},{\"@type\":\"WebSite\",\"@id\":\"https:\\\/\\\/marktxxl.de\\\/markt\\\/#website\",\"url\":\"https:\\\/\\\/marktxxl.de\\\/markt\\\/\",\"name\":\"Markt-XXL\",\"description\":\"Ihr Markt Online\",\"publisher\":{\"@id\":\"https:\\\/\\\/marktxxl.de\\\/markt\\\/#organization\"},\"potentialAction\":[{\"@type\":\"SearchAction\",\"target\":{\"@type\":\"EntryPoint\",\"urlTemplate\":\"https:\\\/\\\/marktxxl.de\\\/markt\\\/?s={search_term_string}\"},\"query-input\":{\"@type\":\"PropertyValueSpecification\",\"valueRequired\":true,\"valueName\":\"search_term_string\"}}],\"inLanguage\":\"de\"},{\"@type\":\"Organization\",\"@id\":\"https:\\\/\\\/marktxxl.de\\\/markt\\\/#organization\",\"name\":\"Markt-XXL\",\"url\":\"https:\\\/\\\/marktxxl.de\\\/markt\\\/\",\"logo\":{\"@type\":\"ImageObject\",\"inLanguage\":\"de\",\"@id\":\"https:\\\/\\\/marktxxl.de\\\/markt\\\/#\\\/schema\\\/logo\\\/image\\\/\",\"url\":\"https:\\\/\\\/marktxxl.de\\\/markt\\\/wp-content\\\/uploads\\\/sites\\\/3\\\/2020\\\/12\\\/logo.png\",\"contentUrl\":\"https:\\\/\\\/marktxxl.de\\\/markt\\\/wp-content\\\/uploads\\\/sites\\\/3\\\/2020\\\/12\\\/logo.png\",\"width\":200,\"height\":70,\"caption\":\"Markt-XXL\"},\"image\":{\"@id\":\"https:\\\/\\\/marktxxl.de\\\/markt\\\/#\\\/schema\\\/logo\\\/image\\\/\"}}]}<\/script>\n<!-- \/ Yoast SEO plugin. -->","yoast_head_json":{"title":"Freekite 2 St\u00fcck Solarlaterne f\u00fcr Au\u00dfen, Retro Engel Schmetterlings Solarlaterne f\u00fcr Au\u00dfen mit Hirtenhaken, Solar Lampions Au\u00dfen Wetterfest f\u00fcr Garten Drau\u00dfen Gartendeko Patio Rasen Geschenk - Markt-XXL","description":"Markt-XXL Freekite 2 St\u00fcck Solarlaterne f\u00fcr Au\u00dfen, Retro Engel Schmetterlings Solarlaterne f\u00fcr Au\u00dfen mit Hirtenhaken, Solar Lampions Au\u00dfen Wetterfest f\u00fcr Garten Drau\u00dfen Gartendeko Patio Rasen Geschenk","robots":{"index":"index","follow":"follow","max-snippet":"max-snippet:-1","max-image-preview":"max-image-preview:large","max-video-preview":"max-video-preview:-1"},"canonical":"https:\/\/marktxxl.de\/markt\/produkt\/freekite-2-stueck-solarlaterne-fuer-aussen-retro-engel-schmetterlings-solarlaterne-fuer-aussen-mit-hirtenhaken-solar-lampions-aussen-wetterfest-fuer-garten-draussen-gartendeko-patio-rasen-geschenk\/","og_locale":"de_DE","og_type":"article","og_title":"Freekite 2 St\u00fcck Solarlaterne f\u00fcr Au\u00dfen, Retro Engel Schmetterlings Solarlaterne f\u00fcr Au\u00dfen mit Hirtenhaken, Solar Lampions Au\u00dfen Wetterfest f\u00fcr Garten Drau\u00dfen Gartendeko Patio Rasen Geschenk - Markt-XXL","og_description":"Markt-XXL Freekite 2 St\u00fcck Solarlaterne f\u00fcr Au\u00dfen, Retro Engel Schmetterlings Solarlaterne f\u00fcr Au\u00dfen mit Hirtenhaken, Solar Lampions Au\u00dfen Wetterfest f\u00fcr Garten Drau\u00dfen Gartendeko Patio Rasen Geschenk","og_url":"https:\/\/marktxxl.de\/markt\/produkt\/freekite-2-stueck-solarlaterne-fuer-aussen-retro-engel-schmetterlings-solarlaterne-fuer-aussen-mit-hirtenhaken-solar-lampions-aussen-wetterfest-fuer-garten-draussen-gartendeko-patio-rasen-geschenk\/","og_site_name":"Markt-XXL","twitter_card":"summary_large_image","twitter_misc":{"Gesch\u00e4tzte Lesezeit":"2\u00a0Minuten"},"schema":{"@context":"https:\/\/schema.org","@graph":[{"@type":"WebPage","@id":"https:\/\/marktxxl.de\/markt\/produkt\/freekite-2-stueck-solarlaterne-fuer-aussen-retro-engel-schmetterlings-solarlaterne-fuer-aussen-mit-hirtenhaken-solar-lampions-aussen-wetterfest-fuer-garten-draussen-gartendeko-patio-rasen-geschenk\/","url":"https:\/\/marktxxl.de\/markt\/produkt\/freekite-2-stueck-solarlaterne-fuer-aussen-retro-engel-schmetterlings-solarlaterne-fuer-aussen-mit-hirtenhaken-solar-lampions-aussen-wetterfest-fuer-garten-draussen-gartendeko-patio-rasen-geschenk\/","name":"Freekite 2 St\u00fcck Solarlaterne f\u00fcr Au\u00dfen, Retro Engel Schmetterlings Solarlaterne f\u00fcr Au\u00dfen mit Hirtenhaken, Solar Lampions Au\u00dfen Wetterfest f\u00fcr Garten Drau\u00dfen Gartendeko Patio Rasen Geschenk - Markt-XXL","isPartOf":{"@id":"https:\/\/marktxxl.de\/markt\/#website"},"primaryImageOfPage":{"@id":"https:\/\/marktxxl.de\/markt\/produkt\/freekite-2-stueck-solarlaterne-fuer-aussen-retro-engel-schmetterlings-solarlaterne-fuer-aussen-mit-hirtenhaken-solar-lampions-aussen-wetterfest-fuer-garten-draussen-gartendeko-patio-rasen-geschenk\/#primaryimage"},"image":{"@id":"https:\/\/marktxxl.de\/markt\/produkt\/freekite-2-stueck-solarlaterne-fuer-aussen-retro-engel-schmetterlings-solarlaterne-fuer-aussen-mit-hirtenhaken-solar-lampions-aussen-wetterfest-fuer-garten-draussen-gartendeko-patio-rasen-geschenk\/#primaryimage"},"thumbnailUrl":"https:\/\/m.media-amazon.com\/images\/I\/51YBK4xy2oL._SL500_.jpg","datePublished":"2024-06-28T18:36:28+00:00","description":"Markt-XXL Freekite 2 St\u00fcck Solarlaterne f\u00fcr Au\u00dfen, Retro Engel Schmetterlings Solarlaterne f\u00fcr Au\u00dfen mit Hirtenhaken, Solar Lampions Au\u00dfen Wetterfest f\u00fcr Garten Drau\u00dfen Gartendeko Patio Rasen Geschenk","breadcrumb":{"@id":"https:\/\/marktxxl.de\/markt\/produkt\/freekite-2-stueck-solarlaterne-fuer-aussen-retro-engel-schmetterlings-solarlaterne-fuer-aussen-mit-hirtenhaken-solar-lampions-aussen-wetterfest-fuer-garten-draussen-gartendeko-patio-rasen-geschenk\/#breadcrumb"},"inLanguage":"de","potentialAction":[{"@type":"ReadAction","target":["https:\/\/marktxxl.de\/markt\/produkt\/freekite-2-stueck-solarlaterne-fuer-aussen-retro-engel-schmetterlings-solarlaterne-fuer-aussen-mit-hirtenhaken-solar-lampions-aussen-wetterfest-fuer-garten-draussen-gartendeko-patio-rasen-geschenk\/"]}]},{"@type":"ImageObject","inLanguage":"de","@id":"https:\/\/marktxxl.de\/markt\/produkt\/freekite-2-stueck-solarlaterne-fuer-aussen-retro-engel-schmetterlings-solarlaterne-fuer-aussen-mit-hirtenhaken-solar-lampions-aussen-wetterfest-fuer-garten-draussen-gartendeko-patio-rasen-geschenk\/#primaryimage","url":"https:\/\/m.media-amazon.com\/images\/I\/51YBK4xy2oL._SL500_.jpg","contentUrl":"https:\/\/m.media-amazon.com\/images\/I\/51YBK4xy2oL._SL500_.jpg","width":500,"height":500},{"@type":"BreadcrumbList","@id":"https:\/\/marktxxl.de\/markt\/produkt\/freekite-2-stueck-solarlaterne-fuer-aussen-retro-engel-schmetterlings-solarlaterne-fuer-aussen-mit-hirtenhaken-solar-lampions-aussen-wetterfest-fuer-garten-draussen-gartendeko-patio-rasen-geschenk\/#breadcrumb","itemListElement":[{"@type":"ListItem","position":1,"name":"Startseite","item":"https:\/\/marktxxl.de\/markt\/"},{"@type":"ListItem","position":2,"name":"Markt","item":"https:\/\/marktxxl.de\/markt\/"},{"@type":"ListItem","position":3,"name":"Freekite 2 St\u00fcck Solarlaterne f\u00fcr Au\u00dfen, Retro Engel Schmetterlings Solarlaterne f\u00fcr Au\u00dfen mit Hirtenhaken, Solar Lampions Au\u00dfen Wetterfest f\u00fcr Garten Drau\u00dfen Gartendeko Patio Rasen Geschenk"}]},{"@type":"WebSite","@id":"https:\/\/marktxxl.de\/markt\/#website","url":"https:\/\/marktxxl.de\/markt\/","name":"Markt-XXL","description":"Ihr Markt Online","publisher":{"@id":"https:\/\/marktxxl.de\/markt\/#organization"},"potentialAction":[{"@type":"SearchAction","target":{"@type":"EntryPoint","urlTemplate":"https:\/\/marktxxl.de\/markt\/?s={search_term_string}"},"query-input":{"@type":"PropertyValueSpecification","valueRequired":true,"valueName":"search_term_string"}}],"inLanguage":"de"},{"@type":"Organization","@id":"https:\/\/marktxxl.de\/markt\/#organization","name":"Markt-XXL","url":"https:\/\/marktxxl.de\/markt\/","logo":{"@type":"ImageObject","inLanguage":"de","@id":"https:\/\/marktxxl.de\/markt\/#\/schema\/logo\/image\/","url":"https:\/\/marktxxl.de\/markt\/wp-content\/uploads\/sites\/3\/2020\/12\/logo.png","contentUrl":"https:\/\/marktxxl.de\/markt\/wp-content\/uploads\/sites\/3\/2020\/12\/logo.png","width":200,"height":70,"caption":"Markt-XXL"},"image":{"@id":"https:\/\/marktxxl.de\/markt\/#\/schema\/logo\/image\/"}}]}},"_links":{"self":[{"href":"https:\/\/marktxxl.de\/markt\/wp-json\/wp\/v2\/product\/213658","targetHints":{"allow":["GET"]}}],"collection":[{"href":"https:\/\/marktxxl.de\/markt\/wp-json\/wp\/v2\/product"}],"about":[{"href":"https:\/\/marktxxl.de\/markt\/wp-json\/wp\/v2\/types\/product"}],"replies":[{"embeddable":true,"href":"https:\/\/marktxxl.de\/markt\/wp-json\/wp\/v2\/comments?post=213658"}],"wp:featuredmedia":[{"embeddable":true,"href":"https:\/\/marktxxl.de\/markt\/wp-json\/wp\/v2\/media\/213659"}],"wp:attachment":[{"href":"https:\/\/marktxxl.de\/markt\/wp-json\/wp\/v2\/media?parent=213658"}],"wp:term":[{"taxonomy":"product_brand","embeddable":true,"href":"https:\/\/marktxxl.de\/markt\/wp-json\/wp\/v2\/product_brand?post=213658"},{"taxonomy":"product_cat","embeddable":true,"href":"https:\/\/marktxxl.de\/markt\/wp-json\/wp\/v2\/product_cat?post=213658"},{"taxonomy":"product_tag","embeddable":true,"href":"https:\/\/marktxxl.de\/markt\/wp-json\/wp\/v2\/product_tag?post=213658"}],"curies":[{"name":"wp","href":"https:\/\/api.w.org\/{rel}","templated":true}]}}