{"id":213582,"date":"2024-06-28T20:16:56","date_gmt":"2024-06-28T18:16:56","guid":{"rendered":"https:\/\/marktxxl.de\/markt\/produkt\/adidas-baby-jungen-trikot-jacke-hose-bekleidungsset-hosenset\/"},"modified":"2024-06-28T20:16:56","modified_gmt":"2024-06-28T18:16:56","slug":"adidas-baby-jungen-trikot-jacke-hose-bekleidungsset-hosenset","status":"publish","type":"product","link":"https:\/\/marktxxl.de\/markt\/produkt\/adidas-baby-jungen-trikot-jacke-hose-bekleidungsset-hosenset\/","title":{"rendered":"adidas Baby-Jungen Trikot-Jacke &amp; Hose Bekleidungsset Hosenset"},"content":{"rendered":"<p>Hosenschlitz ohne L\u00fccken<br \/>\nGesticktes adidas Markenzeichen<br \/>\nDer Overall von adidas verf\u00fcgt \u00fcber einen durchgehenden Rei\u00dfverschluss vorne, der sich bis zum linken Bein erstreckt, f\u00fcr einfaches Wechseln, gerippte B\u00fcndchen, Kapuze f\u00fcr zus\u00e4tzliche Abdeckung, Raglan\u00e4rmel, geteilte K\u00e4ngurutasche und applizierte Streifen an der Kapuze<br \/>\n<div class=\"main-cross-sell\" data-asin=\"B0CMHG3RYR\">\n\n\t<div class=\"WooZone-cross-sell-loader\">\n\t\t<div>\n\t\t\t<div id=\"floatingBarsG\">\n\t\t\t\t<div class=\"blockG\" id=\"rotateG_01\"><\/div>\n\t\t\t\t<div class=\"blockG\" id=\"rotateG_02\"><\/div>\n\t\t\t\t<div class=\"blockG\" id=\"rotateG_03\"><\/div>\n\t\t\t\t<div class=\"blockG\" id=\"rotateG_04\"><\/div>\n\t\t\t\t<div class=\"blockG\" id=\"rotateG_05\"><\/div>\n\t\t\t\t<div class=\"blockG\" id=\"rotateG_06\"><\/div>\n\t\t\t\t<div class=\"blockG\" id=\"rotateG_07\"><\/div>\n\t\t\t\t<div class=\"blockG\" id=\"rotateG_08\"><\/div>\n\t\t\t<\/div>\n\t\t\t<div class=\"WooZone-cross-sell-loader-text\"><\/div>\n\t\t<\/div>\n\t<\/div>\n\n\t\t\n<\/div>\n<div style=\"clear:both;\"><\/div><\/p>\n","protected":false},"excerpt":{"rendered":"<p>Hosenschlitz ohne L\u00fccken<br \/>\nGesticktes adidas Markenzeichen<br \/>\nDer Overall von adidas verf\u00fcgt \u00fcber einen durchgehenden Rei\u00dfverschluss vorne, der sich bis zum linken Bein erstreckt, f\u00fcr einfaches Wechseln, gerippte B\u00fcndchen, Kapuze f\u00fcr zus\u00e4tzliche Abdeckung, Raglan\u00e4rmel, geteilte K\u00e4ngurutasche und applizierte Streifen an der Kapuze<\/p>\n","protected":false},"featured_media":213583,"comment_status":"open","ping_status":"closed","template":"","meta":[],"product_brand":[],"product_cat":[1186,4034],"product_tag":[],"class_list":{"0":"post-213582","1":"product","2":"type-product","3":"status-publish","4":"has-post-thumbnail","6":"product_cat-bekleidung","7":"product_cat-jungen","8":"pa_binding-textilien","9":"pa_brand-adidas","10":"pa_manufacturer-adidas","11":"pa_model-ag5902","13":"first","14":"instock","15":"shipping-taxable","16":"product-type-simple","17":"customify-col","18":"product-has-gallery"},"yoast_head":"<!-- This site is optimized with the Yoast SEO plugin v27.3 - https:\/\/yoast.com\/product\/yoast-seo-wordpress\/ -->\n<title>adidas Baby-Jungen Trikot-Jacke &amp; Hose Bekleidungsset Hosenset - Markt-XXL<\/title>\n<meta name=\"description\" content=\"Markt-XXL adidas Baby-Jungen Trikot-Jacke &amp; Hose Bekleidungsset Hosenset\" \/>\n<meta name=\"robots\" content=\"index, follow, max-snippet:-1, max-image-preview:large, max-video-preview:-1\" \/>\n<link rel=\"canonical\" href=\"https:\/\/marktxxl.de\/markt\/produkt\/adidas-baby-jungen-trikot-jacke-hose-bekleidungsset-hosenset\/\" \/>\n<meta property=\"og:locale\" content=\"de_DE\" \/>\n<meta property=\"og:type\" content=\"article\" \/>\n<meta property=\"og:title\" content=\"adidas Baby-Jungen Trikot-Jacke &amp; Hose Bekleidungsset Hosenset - Markt-XXL\" \/>\n<meta property=\"og:description\" content=\"Markt-XXL adidas Baby-Jungen Trikot-Jacke &amp; Hose Bekleidungsset Hosenset\" \/>\n<meta property=\"og:url\" content=\"https:\/\/marktxxl.de\/markt\/produkt\/adidas-baby-jungen-trikot-jacke-hose-bekleidungsset-hosenset\/\" \/>\n<meta property=\"og:site_name\" content=\"Markt-XXL\" \/>\n<meta name=\"twitter:card\" content=\"summary_large_image\" \/>\n<script type=\"application\/ld+json\" class=\"yoast-schema-graph\">{\"@context\":\"https:\\\/\\\/schema.org\",\"@graph\":[{\"@type\":\"WebPage\",\"@id\":\"https:\\\/\\\/marktxxl.de\\\/markt\\\/produkt\\\/adidas-baby-jungen-trikot-jacke-hose-bekleidungsset-hosenset\\\/\",\"url\":\"https:\\\/\\\/marktxxl.de\\\/markt\\\/produkt\\\/adidas-baby-jungen-trikot-jacke-hose-bekleidungsset-hosenset\\\/\",\"name\":\"adidas Baby-Jungen Trikot-Jacke &amp; Hose Bekleidungsset Hosenset - Markt-XXL\",\"isPartOf\":{\"@id\":\"https:\\\/\\\/marktxxl.de\\\/markt\\\/#website\"},\"primaryImageOfPage\":{\"@id\":\"https:\\\/\\\/marktxxl.de\\\/markt\\\/produkt\\\/adidas-baby-jungen-trikot-jacke-hose-bekleidungsset-hosenset\\\/#primaryimage\"},\"image\":{\"@id\":\"https:\\\/\\\/marktxxl.de\\\/markt\\\/produkt\\\/adidas-baby-jungen-trikot-jacke-hose-bekleidungsset-hosenset\\\/#primaryimage\"},\"thumbnailUrl\":\"https:\\\/\\\/m.media-amazon.com\\\/images\\\/I\\\/31PKfUHXMLL._SL500_.jpg\",\"datePublished\":\"2024-06-28T18:16:56+00:00\",\"description\":\"Markt-XXL adidas Baby-Jungen Trikot-Jacke &amp; Hose Bekleidungsset Hosenset\",\"breadcrumb\":{\"@id\":\"https:\\\/\\\/marktxxl.de\\\/markt\\\/produkt\\\/adidas-baby-jungen-trikot-jacke-hose-bekleidungsset-hosenset\\\/#breadcrumb\"},\"inLanguage\":\"de\",\"potentialAction\":[{\"@type\":\"ReadAction\",\"target\":[\"https:\\\/\\\/marktxxl.de\\\/markt\\\/produkt\\\/adidas-baby-jungen-trikot-jacke-hose-bekleidungsset-hosenset\\\/\"]}]},{\"@type\":\"ImageObject\",\"inLanguage\":\"de\",\"@id\":\"https:\\\/\\\/marktxxl.de\\\/markt\\\/produkt\\\/adidas-baby-jungen-trikot-jacke-hose-bekleidungsset-hosenset\\\/#primaryimage\",\"url\":\"https:\\\/\\\/m.media-amazon.com\\\/images\\\/I\\\/31PKfUHXMLL._SL500_.jpg\",\"contentUrl\":\"https:\\\/\\\/m.media-amazon.com\\\/images\\\/I\\\/31PKfUHXMLL._SL500_.jpg\",\"width\":500,\"height\":500},{\"@type\":\"BreadcrumbList\",\"@id\":\"https:\\\/\\\/marktxxl.de\\\/markt\\\/produkt\\\/adidas-baby-jungen-trikot-jacke-hose-bekleidungsset-hosenset\\\/#breadcrumb\",\"itemListElement\":[{\"@type\":\"ListItem\",\"position\":1,\"name\":\"Startseite\",\"item\":\"https:\\\/\\\/marktxxl.de\\\/markt\\\/\"},{\"@type\":\"ListItem\",\"position\":2,\"name\":\"Markt\",\"item\":\"https:\\\/\\\/marktxxl.de\\\/markt\\\/\"},{\"@type\":\"ListItem\",\"position\":3,\"name\":\"adidas Baby-Jungen Trikot-Jacke &amp; Hose Bekleidungsset Hosenset\"}]},{\"@type\":\"WebSite\",\"@id\":\"https:\\\/\\\/marktxxl.de\\\/markt\\\/#website\",\"url\":\"https:\\\/\\\/marktxxl.de\\\/markt\\\/\",\"name\":\"Markt-XXL\",\"description\":\"Ihr Markt Online\",\"publisher\":{\"@id\":\"https:\\\/\\\/marktxxl.de\\\/markt\\\/#organization\"},\"potentialAction\":[{\"@type\":\"SearchAction\",\"target\":{\"@type\":\"EntryPoint\",\"urlTemplate\":\"https:\\\/\\\/marktxxl.de\\\/markt\\\/?s={search_term_string}\"},\"query-input\":{\"@type\":\"PropertyValueSpecification\",\"valueRequired\":true,\"valueName\":\"search_term_string\"}}],\"inLanguage\":\"de\"},{\"@type\":\"Organization\",\"@id\":\"https:\\\/\\\/marktxxl.de\\\/markt\\\/#organization\",\"name\":\"Markt-XXL\",\"url\":\"https:\\\/\\\/marktxxl.de\\\/markt\\\/\",\"logo\":{\"@type\":\"ImageObject\",\"inLanguage\":\"de\",\"@id\":\"https:\\\/\\\/marktxxl.de\\\/markt\\\/#\\\/schema\\\/logo\\\/image\\\/\",\"url\":\"https:\\\/\\\/marktxxl.de\\\/markt\\\/wp-content\\\/uploads\\\/sites\\\/3\\\/2020\\\/12\\\/logo.png\",\"contentUrl\":\"https:\\\/\\\/marktxxl.de\\\/markt\\\/wp-content\\\/uploads\\\/sites\\\/3\\\/2020\\\/12\\\/logo.png\",\"width\":200,\"height\":70,\"caption\":\"Markt-XXL\"},\"image\":{\"@id\":\"https:\\\/\\\/marktxxl.de\\\/markt\\\/#\\\/schema\\\/logo\\\/image\\\/\"}}]}<\/script>\n<!-- \/ Yoast SEO plugin. -->","yoast_head_json":{"title":"adidas Baby-Jungen Trikot-Jacke &amp; Hose Bekleidungsset Hosenset - Markt-XXL","description":"Markt-XXL adidas Baby-Jungen Trikot-Jacke &amp; Hose Bekleidungsset Hosenset","robots":{"index":"index","follow":"follow","max-snippet":"max-snippet:-1","max-image-preview":"max-image-preview:large","max-video-preview":"max-video-preview:-1"},"canonical":"https:\/\/marktxxl.de\/markt\/produkt\/adidas-baby-jungen-trikot-jacke-hose-bekleidungsset-hosenset\/","og_locale":"de_DE","og_type":"article","og_title":"adidas Baby-Jungen Trikot-Jacke &amp; Hose Bekleidungsset Hosenset - Markt-XXL","og_description":"Markt-XXL adidas Baby-Jungen Trikot-Jacke &amp; Hose Bekleidungsset Hosenset","og_url":"https:\/\/marktxxl.de\/markt\/produkt\/adidas-baby-jungen-trikot-jacke-hose-bekleidungsset-hosenset\/","og_site_name":"Markt-XXL","twitter_card":"summary_large_image","schema":{"@context":"https:\/\/schema.org","@graph":[{"@type":"WebPage","@id":"https:\/\/marktxxl.de\/markt\/produkt\/adidas-baby-jungen-trikot-jacke-hose-bekleidungsset-hosenset\/","url":"https:\/\/marktxxl.de\/markt\/produkt\/adidas-baby-jungen-trikot-jacke-hose-bekleidungsset-hosenset\/","name":"adidas Baby-Jungen Trikot-Jacke &amp; Hose Bekleidungsset Hosenset - Markt-XXL","isPartOf":{"@id":"https:\/\/marktxxl.de\/markt\/#website"},"primaryImageOfPage":{"@id":"https:\/\/marktxxl.de\/markt\/produkt\/adidas-baby-jungen-trikot-jacke-hose-bekleidungsset-hosenset\/#primaryimage"},"image":{"@id":"https:\/\/marktxxl.de\/markt\/produkt\/adidas-baby-jungen-trikot-jacke-hose-bekleidungsset-hosenset\/#primaryimage"},"thumbnailUrl":"https:\/\/m.media-amazon.com\/images\/I\/31PKfUHXMLL._SL500_.jpg","datePublished":"2024-06-28T18:16:56+00:00","description":"Markt-XXL adidas Baby-Jungen Trikot-Jacke &amp; Hose Bekleidungsset Hosenset","breadcrumb":{"@id":"https:\/\/marktxxl.de\/markt\/produkt\/adidas-baby-jungen-trikot-jacke-hose-bekleidungsset-hosenset\/#breadcrumb"},"inLanguage":"de","potentialAction":[{"@type":"ReadAction","target":["https:\/\/marktxxl.de\/markt\/produkt\/adidas-baby-jungen-trikot-jacke-hose-bekleidungsset-hosenset\/"]}]},{"@type":"ImageObject","inLanguage":"de","@id":"https:\/\/marktxxl.de\/markt\/produkt\/adidas-baby-jungen-trikot-jacke-hose-bekleidungsset-hosenset\/#primaryimage","url":"https:\/\/m.media-amazon.com\/images\/I\/31PKfUHXMLL._SL500_.jpg","contentUrl":"https:\/\/m.media-amazon.com\/images\/I\/31PKfUHXMLL._SL500_.jpg","width":500,"height":500},{"@type":"BreadcrumbList","@id":"https:\/\/marktxxl.de\/markt\/produkt\/adidas-baby-jungen-trikot-jacke-hose-bekleidungsset-hosenset\/#breadcrumb","itemListElement":[{"@type":"ListItem","position":1,"name":"Startseite","item":"https:\/\/marktxxl.de\/markt\/"},{"@type":"ListItem","position":2,"name":"Markt","item":"https:\/\/marktxxl.de\/markt\/"},{"@type":"ListItem","position":3,"name":"adidas Baby-Jungen Trikot-Jacke &amp; Hose Bekleidungsset Hosenset"}]},{"@type":"WebSite","@id":"https:\/\/marktxxl.de\/markt\/#website","url":"https:\/\/marktxxl.de\/markt\/","name":"Markt-XXL","description":"Ihr Markt Online","publisher":{"@id":"https:\/\/marktxxl.de\/markt\/#organization"},"potentialAction":[{"@type":"SearchAction","target":{"@type":"EntryPoint","urlTemplate":"https:\/\/marktxxl.de\/markt\/?s={search_term_string}"},"query-input":{"@type":"PropertyValueSpecification","valueRequired":true,"valueName":"search_term_string"}}],"inLanguage":"de"},{"@type":"Organization","@id":"https:\/\/marktxxl.de\/markt\/#organization","name":"Markt-XXL","url":"https:\/\/marktxxl.de\/markt\/","logo":{"@type":"ImageObject","inLanguage":"de","@id":"https:\/\/marktxxl.de\/markt\/#\/schema\/logo\/image\/","url":"https:\/\/marktxxl.de\/markt\/wp-content\/uploads\/sites\/3\/2020\/12\/logo.png","contentUrl":"https:\/\/marktxxl.de\/markt\/wp-content\/uploads\/sites\/3\/2020\/12\/logo.png","width":200,"height":70,"caption":"Markt-XXL"},"image":{"@id":"https:\/\/marktxxl.de\/markt\/#\/schema\/logo\/image\/"}}]}},"_links":{"self":[{"href":"https:\/\/marktxxl.de\/markt\/wp-json\/wp\/v2\/product\/213582","targetHints":{"allow":["GET"]}}],"collection":[{"href":"https:\/\/marktxxl.de\/markt\/wp-json\/wp\/v2\/product"}],"about":[{"href":"https:\/\/marktxxl.de\/markt\/wp-json\/wp\/v2\/types\/product"}],"replies":[{"embeddable":true,"href":"https:\/\/marktxxl.de\/markt\/wp-json\/wp\/v2\/comments?post=213582"}],"wp:featuredmedia":[{"embeddable":true,"href":"https:\/\/marktxxl.de\/markt\/wp-json\/wp\/v2\/media\/213583"}],"wp:attachment":[{"href":"https:\/\/marktxxl.de\/markt\/wp-json\/wp\/v2\/media?parent=213582"}],"wp:term":[{"taxonomy":"product_brand","embeddable":true,"href":"https:\/\/marktxxl.de\/markt\/wp-json\/wp\/v2\/product_brand?post=213582"},{"taxonomy":"product_cat","embeddable":true,"href":"https:\/\/marktxxl.de\/markt\/wp-json\/wp\/v2\/product_cat?post=213582"},{"taxonomy":"product_tag","embeddable":true,"href":"https:\/\/marktxxl.de\/markt\/wp-json\/wp\/v2\/product_tag?post=213582"}],"curies":[{"name":"wp","href":"https:\/\/api.w.org\/{rel}","templated":true}]}}