{"id":213508,"date":"2024-06-28T19:35:59","date_gmt":"2024-06-28T17:35:59","guid":{"rendered":"https:\/\/marktxxl.de\/markt\/produkt\/essy-hornhautentferner-elektrisch-testsieger-mit-5-ersatzrollen-hornhaut-entfernen-elektrischer-hornhautentferner-fusspflegegeraet-pedikuere-set-elektronisch-fusspflege-hornhautfeile\/"},"modified":"2024-06-28T19:35:59","modified_gmt":"2024-06-28T17:35:59","slug":"essy-hornhautentferner-elektrisch-testsieger-mit-5-ersatzrollen-hornhaut-entfernen-elektrischer-hornhautentferner-fusspflegegeraet-pedikuere-set-elektronisch-fusspflege-hornhautfeile","status":"publish","type":"product","link":"https:\/\/marktxxl.de\/markt\/produkt\/essy-hornhautentferner-elektrisch-testsieger-mit-5-ersatzrollen-hornhaut-entfernen-elektrischer-hornhautentferner-fusspflegegeraet-pedikuere-set-elektronisch-fusspflege-hornhautfeile\/","title":{"rendered":"Essy Hornhautentferner Elektrisch Testsieger mit 5 Ersatzrollen Hornhaut Entfernen Elektrischer Hornhautentferner Fu\u00dfpflegeger\u00e4t Pedik\u00fcre Set Elektronisch Fu\u00dfpflege Hornhautfeile"},"content":{"rendered":"<p>EFFIZIENTES PEDIK\u00dcRE SET FU\u00dfPFLEGE: M\u00f6chten Sie einen manuellen Hornhauthobel vermeiden und schnell und seidige, glatte F\u00fc\u00dfe haben? Sind Sie es leid Geld f\u00fcr Fu\u00dfpflegeger\u00e4te-Termine zu verschwenden? Behandeln Sie Ihre F\u00fc\u00dfe m\u00fchelos mit einer professionellen Prozedur &#8211; jederzeit und \u00fcberall. Der Essy Premium Hornhauthobel hat 3 einer Arten von Walzen, die wiederaufladbar sind, um Ihren Bed\u00fcrfnissen gerecht zu werden!<br \/>\nBENUTZERORIENTIERTE FUNKTIONEN: Abgesehen davon, dass es sich um ein ergonomisches Mehrzweckger\u00e4t handelt, hat dieser sanfte Fu\u00df Hornhautentferner, den Sie \u00fcberall hin tragen k\u00f6nnen eine Menge toller Funktionen, die Ihren Bed\u00fcrfnissen entsprechen: 2 einstellbare Schleif-Geschwindigkeiten. Dar\u00fcber hinaus ist dieser Entferner f\u00fcr abgestorbene tote Haut an den F\u00fc\u00dfen wasserfest und kann w\u00e4hrend der Reinigung unter Wasser abgesp\u00fclt werden.<br \/>\nSICHERHEITSTECHNOLOGIE: Diese akkubetriebene Profi Fu\u00df Raspel Hornhautentferner aufladbar verf\u00fcgt \u00fcber eine implementierte &#8220;Andruckkontrolle&#8221;-Technologie, die das Ger\u00e4t automatisch stoppt, wenn Sie bei der Benutzung zu viel starken Druck aufwenden. Mit diesem Schutzmechanismus ist eine sichere und angenehme Hornhaut Entfernung zertifiziert gew\u00e4hrleistet. Dr\u00fccken Sie das Ger\u00e4t nicht in Ihre Haut. Nehmen Sie sich Zeit und lassen Sie diese Fu\u00dfraspel f\u00fcr harte Haut auf sich wirken.<br \/>\nEINFACHE EIN-KNOPF-BEDIENUNG: Die Essy Premium Fu\u00dffeile wird mit einem einzigen Knopf bedient und ist somit einfach und effizient in der Verwendung. Schalten Sie das Ger\u00e4t ein, \u00e4ndern Sie die Schleifgeschwindigkeit von 1 auf 2 und schalten Sie es durch Dr\u00fccken der Betriebstaste aus. Mit diesem Pedik\u00fcre-Ger\u00e4t Hornhautraspel sind Sie auf dem Weg zu toll aussehenden F\u00fc\u00dfen. Es ist Ihr einfach zu bedienendes Hornhautentferner F\u00fc\u00dfe f\u00fcr harte Haut!<br \/>\nWAS IST IN DER BOX: Unser elektrisches Peelingger\u00e4t f\u00fcr abgestorbene Haut wird mit allem Zubeh\u00f6r geliefert, das Sie ben\u00f6tigen, um glatte und toll aussehende F\u00fc\u00dfe zu erhalten: Ger\u00e4t, Kopfabdeckung, 3 Arten von Schleifk\u00f6pfen (feine, mittlere und grobe Rollen), eine B\u00fcrste f\u00fcr Reinigungszwecke und ein Benutzerhandbuch. Unsere professionellen Fu\u00dffeilen f\u00fcr harte Haut werden au\u00dferdem mit 2 x zus\u00e4tzlichen Ersatzwalzen geliefert, was Ihnen Zeit und Geld f\u00fcr Nachbestellungen erspart.<br \/>\n<div class=\"main-cross-sell\" data-asin=\"B0D268264X\">\n\n\t<div class=\"WooZone-cross-sell-loader\">\n\t\t<div>\n\t\t\t<div id=\"floatingBarsG\">\n\t\t\t\t<div class=\"blockG\" id=\"rotateG_01\"><\/div>\n\t\t\t\t<div class=\"blockG\" id=\"rotateG_02\"><\/div>\n\t\t\t\t<div class=\"blockG\" id=\"rotateG_03\"><\/div>\n\t\t\t\t<div class=\"blockG\" id=\"rotateG_04\"><\/div>\n\t\t\t\t<div class=\"blockG\" id=\"rotateG_05\"><\/div>\n\t\t\t\t<div class=\"blockG\" id=\"rotateG_06\"><\/div>\n\t\t\t\t<div class=\"blockG\" id=\"rotateG_07\"><\/div>\n\t\t\t\t<div class=\"blockG\" id=\"rotateG_08\"><\/div>\n\t\t\t<\/div>\n\t\t\t<div class=\"WooZone-cross-sell-loader-text\"><\/div>\n\t\t<\/div>\n\t<\/div>\n\n\t\t\n<\/div>\n<div style=\"clear:both;\"><\/div><\/p>\n","protected":false},"excerpt":{"rendered":"<p>EFFIZIENTES PEDIK\u00dcRE SET FU\u00dfPFLEGE: M\u00f6chten Sie einen manuellen Hornhauthobel vermeiden und schnell und seidige, glatte F\u00fc\u00dfe haben? Sind Sie es leid Geld f\u00fcr Fu\u00dfpflegeger\u00e4te-Termine zu verschwenden? Behandeln Sie Ihre F\u00fc\u00dfe m\u00fchelos mit einer professionellen Prozedur &#8211; jederzeit und \u00fcberall. Der Essy Premium Hornhauthobel hat 3 einer Arten von Walzen, die wiederaufladbar sind, um Ihren Bed\u00fcrfnissen gerecht zu werden!<br \/>\nBENUTZERORIENTIERTE FUNKTIONEN: Abgesehen davon, dass es sich um ein ergonomisches Mehrzweckger\u00e4t handelt, hat dieser sanfte Fu\u00df Hornhautentferner, den Sie \u00fcberall hin tragen k\u00f6nnen eine Menge toller Funktionen, die Ihren Bed\u00fcrfnissen entsprechen: 2 einstellbare Schleif-Geschwindigkeiten. Dar\u00fcber hinaus ist dieser Entferner f\u00fcr abgestorbene tote Haut an den F\u00fc\u00dfen wasserfest und kann w\u00e4hrend der Reinigung unter Wasser abgesp\u00fclt werden.<br \/>\nSICHERHEITSTECHNOLOGIE: Diese akkubetriebene Profi Fu\u00df Raspel Hornhautentferner aufladbar verf\u00fcgt \u00fcber eine implementierte &#8220;Andruckkontrolle&#8221;-Technologie, die das Ger\u00e4t automatisch stoppt, wenn Sie bei der Benutzung zu viel starken Druck aufwenden. Mit diesem Schutzmechanismus ist eine sichere und angenehme Hornhaut Entfernung zertifiziert gew\u00e4hrleistet. Dr\u00fccken Sie das Ger\u00e4t nicht in Ihre Haut. Nehmen Sie sich Zeit und lassen Sie diese Fu\u00dfraspel f\u00fcr harte Haut auf sich wirken.<\/p>\n","protected":false},"featured_media":213509,"comment_status":"open","ping_status":"closed","template":"","meta":[],"product_brand":[],"product_cat":[2858,7659],"product_tag":[],"class_list":{"0":"post-213508","1":"product","2":"type-product","3":"status-publish","4":"has-post-thumbnail","6":"product_cat-beauty","7":"product_cat-manikuere-pedikuere","8":"pa_brand-essy","9":"pa_manufacturer-wenzhou-jin-ding-beauty-hair-care-equipments-co-ltd","10":"pa_size-1-stueck-1er-pack","12":"first","13":"instock","14":"shipping-taxable","15":"product-type-simple","16":"customify-col","17":"product-has-gallery"},"yoast_head":"<!-- This site is optimized with the Yoast SEO plugin v27.4 - https:\/\/yoast.com\/product\/yoast-seo-wordpress\/ -->\n<title>Essy Hornhautentferner Elektrisch Testsieger mit 5 Ersatzrollen Hornhaut Entfernen Elektrischer Hornhautentferner Fu\u00dfpflegeger\u00e4t Pedik\u00fcre Set Elektronisch Fu\u00dfpflege Hornhautfeile - Markt-XXL<\/title>\n<meta name=\"description\" content=\"Markt-XXL Essy Hornhautentferner Elektrisch Testsieger mit 5 Ersatzrollen Hornhaut Entfernen Elektrischer Hornhautentferner Fu\u00dfpflegeger\u00e4t Pedik\u00fcre Set Elektronisch Fu\u00dfpflege Hornhautfeile\" \/>\n<meta name=\"robots\" content=\"index, follow, max-snippet:-1, max-image-preview:large, max-video-preview:-1\" \/>\n<link rel=\"canonical\" href=\"https:\/\/marktxxl.de\/markt\/produkt\/essy-hornhautentferner-elektrisch-testsieger-mit-5-ersatzrollen-hornhaut-entfernen-elektrischer-hornhautentferner-fusspflegegeraet-pedikuere-set-elektronisch-fusspflege-hornhautfeile\/\" \/>\n<meta property=\"og:locale\" content=\"de_DE\" \/>\n<meta property=\"og:type\" content=\"article\" \/>\n<meta property=\"og:title\" content=\"Essy Hornhautentferner Elektrisch Testsieger mit 5 Ersatzrollen Hornhaut Entfernen Elektrischer Hornhautentferner Fu\u00dfpflegeger\u00e4t Pedik\u00fcre Set Elektronisch Fu\u00dfpflege Hornhautfeile - Markt-XXL\" \/>\n<meta property=\"og:description\" content=\"Markt-XXL Essy Hornhautentferner Elektrisch Testsieger mit 5 Ersatzrollen Hornhaut Entfernen Elektrischer Hornhautentferner Fu\u00dfpflegeger\u00e4t Pedik\u00fcre Set Elektronisch Fu\u00dfpflege Hornhautfeile\" \/>\n<meta property=\"og:url\" content=\"https:\/\/marktxxl.de\/markt\/produkt\/essy-hornhautentferner-elektrisch-testsieger-mit-5-ersatzrollen-hornhaut-entfernen-elektrischer-hornhautentferner-fusspflegegeraet-pedikuere-set-elektronisch-fusspflege-hornhautfeile\/\" \/>\n<meta property=\"og:site_name\" content=\"Markt-XXL\" \/>\n<meta name=\"twitter:card\" content=\"summary_large_image\" \/>\n<meta name=\"twitter:label1\" content=\"Gesch\u00e4tzte Lesezeit\" \/>\n\t<meta name=\"twitter:data1\" content=\"2\u00a0Minuten\" \/>\n<script type=\"application\/ld+json\" class=\"yoast-schema-graph\">{\"@context\":\"https:\\\/\\\/schema.org\",\"@graph\":[{\"@type\":\"WebPage\",\"@id\":\"https:\\\/\\\/marktxxl.de\\\/markt\\\/produkt\\\/essy-hornhautentferner-elektrisch-testsieger-mit-5-ersatzrollen-hornhaut-entfernen-elektrischer-hornhautentferner-fusspflegegeraet-pedikuere-set-elektronisch-fusspflege-hornhautfeile\\\/\",\"url\":\"https:\\\/\\\/marktxxl.de\\\/markt\\\/produkt\\\/essy-hornhautentferner-elektrisch-testsieger-mit-5-ersatzrollen-hornhaut-entfernen-elektrischer-hornhautentferner-fusspflegegeraet-pedikuere-set-elektronisch-fusspflege-hornhautfeile\\\/\",\"name\":\"Essy Hornhautentferner Elektrisch Testsieger mit 5 Ersatzrollen Hornhaut Entfernen Elektrischer Hornhautentferner Fu\u00dfpflegeger\u00e4t Pedik\u00fcre Set Elektronisch Fu\u00dfpflege Hornhautfeile - Markt-XXL\",\"isPartOf\":{\"@id\":\"https:\\\/\\\/marktxxl.de\\\/markt\\\/#website\"},\"primaryImageOfPage\":{\"@id\":\"https:\\\/\\\/marktxxl.de\\\/markt\\\/produkt\\\/essy-hornhautentferner-elektrisch-testsieger-mit-5-ersatzrollen-hornhaut-entfernen-elektrischer-hornhautentferner-fusspflegegeraet-pedikuere-set-elektronisch-fusspflege-hornhautfeile\\\/#primaryimage\"},\"image\":{\"@id\":\"https:\\\/\\\/marktxxl.de\\\/markt\\\/produkt\\\/essy-hornhautentferner-elektrisch-testsieger-mit-5-ersatzrollen-hornhaut-entfernen-elektrischer-hornhautentferner-fusspflegegeraet-pedikuere-set-elektronisch-fusspflege-hornhautfeile\\\/#primaryimage\"},\"thumbnailUrl\":\"https:\\\/\\\/m.media-amazon.com\\\/images\\\/I\\\/51XbFghQvHL._SL500_.jpg\",\"datePublished\":\"2024-06-28T17:35:59+00:00\",\"description\":\"Markt-XXL Essy Hornhautentferner Elektrisch Testsieger mit 5 Ersatzrollen Hornhaut Entfernen Elektrischer Hornhautentferner Fu\u00dfpflegeger\u00e4t Pedik\u00fcre Set Elektronisch Fu\u00dfpflege Hornhautfeile\",\"breadcrumb\":{\"@id\":\"https:\\\/\\\/marktxxl.de\\\/markt\\\/produkt\\\/essy-hornhautentferner-elektrisch-testsieger-mit-5-ersatzrollen-hornhaut-entfernen-elektrischer-hornhautentferner-fusspflegegeraet-pedikuere-set-elektronisch-fusspflege-hornhautfeile\\\/#breadcrumb\"},\"inLanguage\":\"de\",\"potentialAction\":[{\"@type\":\"ReadAction\",\"target\":[\"https:\\\/\\\/marktxxl.de\\\/markt\\\/produkt\\\/essy-hornhautentferner-elektrisch-testsieger-mit-5-ersatzrollen-hornhaut-entfernen-elektrischer-hornhautentferner-fusspflegegeraet-pedikuere-set-elektronisch-fusspflege-hornhautfeile\\\/\"]}]},{\"@type\":\"ImageObject\",\"inLanguage\":\"de\",\"@id\":\"https:\\\/\\\/marktxxl.de\\\/markt\\\/produkt\\\/essy-hornhautentferner-elektrisch-testsieger-mit-5-ersatzrollen-hornhaut-entfernen-elektrischer-hornhautentferner-fusspflegegeraet-pedikuere-set-elektronisch-fusspflege-hornhautfeile\\\/#primaryimage\",\"url\":\"https:\\\/\\\/m.media-amazon.com\\\/images\\\/I\\\/51XbFghQvHL._SL500_.jpg\",\"contentUrl\":\"https:\\\/\\\/m.media-amazon.com\\\/images\\\/I\\\/51XbFghQvHL._SL500_.jpg\",\"width\":500,\"height\":500},{\"@type\":\"BreadcrumbList\",\"@id\":\"https:\\\/\\\/marktxxl.de\\\/markt\\\/produkt\\\/essy-hornhautentferner-elektrisch-testsieger-mit-5-ersatzrollen-hornhaut-entfernen-elektrischer-hornhautentferner-fusspflegegeraet-pedikuere-set-elektronisch-fusspflege-hornhautfeile\\\/#breadcrumb\",\"itemListElement\":[{\"@type\":\"ListItem\",\"position\":1,\"name\":\"Startseite\",\"item\":\"https:\\\/\\\/marktxxl.de\\\/markt\\\/\"},{\"@type\":\"ListItem\",\"position\":2,\"name\":\"Markt\",\"item\":\"https:\\\/\\\/marktxxl.de\\\/markt\\\/\"},{\"@type\":\"ListItem\",\"position\":3,\"name\":\"Essy Hornhautentferner Elektrisch Testsieger mit 5 Ersatzrollen Hornhaut Entfernen Elektrischer Hornhautentferner Fu\u00dfpflegeger\u00e4t Pedik\u00fcre Set Elektronisch Fu\u00dfpflege Hornhautfeile\"}]},{\"@type\":\"WebSite\",\"@id\":\"https:\\\/\\\/marktxxl.de\\\/markt\\\/#website\",\"url\":\"https:\\\/\\\/marktxxl.de\\\/markt\\\/\",\"name\":\"Markt-XXL\",\"description\":\"Ihr Markt Online\",\"publisher\":{\"@id\":\"https:\\\/\\\/marktxxl.de\\\/markt\\\/#organization\"},\"potentialAction\":[{\"@type\":\"SearchAction\",\"target\":{\"@type\":\"EntryPoint\",\"urlTemplate\":\"https:\\\/\\\/marktxxl.de\\\/markt\\\/?s={search_term_string}\"},\"query-input\":{\"@type\":\"PropertyValueSpecification\",\"valueRequired\":true,\"valueName\":\"search_term_string\"}}],\"inLanguage\":\"de\"},{\"@type\":\"Organization\",\"@id\":\"https:\\\/\\\/marktxxl.de\\\/markt\\\/#organization\",\"name\":\"Markt-XXL\",\"url\":\"https:\\\/\\\/marktxxl.de\\\/markt\\\/\",\"logo\":{\"@type\":\"ImageObject\",\"inLanguage\":\"de\",\"@id\":\"https:\\\/\\\/marktxxl.de\\\/markt\\\/#\\\/schema\\\/logo\\\/image\\\/\",\"url\":\"https:\\\/\\\/marktxxl.de\\\/markt\\\/wp-content\\\/uploads\\\/sites\\\/3\\\/2020\\\/12\\\/logo.png\",\"contentUrl\":\"https:\\\/\\\/marktxxl.de\\\/markt\\\/wp-content\\\/uploads\\\/sites\\\/3\\\/2020\\\/12\\\/logo.png\",\"width\":200,\"height\":70,\"caption\":\"Markt-XXL\"},\"image\":{\"@id\":\"https:\\\/\\\/marktxxl.de\\\/markt\\\/#\\\/schema\\\/logo\\\/image\\\/\"}}]}<\/script>\n<!-- \/ Yoast SEO plugin. -->","yoast_head_json":{"title":"Essy Hornhautentferner Elektrisch Testsieger mit 5 Ersatzrollen Hornhaut Entfernen Elektrischer Hornhautentferner Fu\u00dfpflegeger\u00e4t Pedik\u00fcre Set Elektronisch Fu\u00dfpflege Hornhautfeile - Markt-XXL","description":"Markt-XXL Essy Hornhautentferner Elektrisch Testsieger mit 5 Ersatzrollen Hornhaut Entfernen Elektrischer Hornhautentferner Fu\u00dfpflegeger\u00e4t Pedik\u00fcre Set Elektronisch Fu\u00dfpflege Hornhautfeile","robots":{"index":"index","follow":"follow","max-snippet":"max-snippet:-1","max-image-preview":"max-image-preview:large","max-video-preview":"max-video-preview:-1"},"canonical":"https:\/\/marktxxl.de\/markt\/produkt\/essy-hornhautentferner-elektrisch-testsieger-mit-5-ersatzrollen-hornhaut-entfernen-elektrischer-hornhautentferner-fusspflegegeraet-pedikuere-set-elektronisch-fusspflege-hornhautfeile\/","og_locale":"de_DE","og_type":"article","og_title":"Essy Hornhautentferner Elektrisch Testsieger mit 5 Ersatzrollen Hornhaut Entfernen Elektrischer Hornhautentferner Fu\u00dfpflegeger\u00e4t Pedik\u00fcre Set Elektronisch Fu\u00dfpflege Hornhautfeile - Markt-XXL","og_description":"Markt-XXL Essy Hornhautentferner Elektrisch Testsieger mit 5 Ersatzrollen Hornhaut Entfernen Elektrischer Hornhautentferner Fu\u00dfpflegeger\u00e4t Pedik\u00fcre Set Elektronisch Fu\u00dfpflege Hornhautfeile","og_url":"https:\/\/marktxxl.de\/markt\/produkt\/essy-hornhautentferner-elektrisch-testsieger-mit-5-ersatzrollen-hornhaut-entfernen-elektrischer-hornhautentferner-fusspflegegeraet-pedikuere-set-elektronisch-fusspflege-hornhautfeile\/","og_site_name":"Markt-XXL","twitter_card":"summary_large_image","twitter_misc":{"Gesch\u00e4tzte Lesezeit":"2\u00a0Minuten"},"schema":{"@context":"https:\/\/schema.org","@graph":[{"@type":"WebPage","@id":"https:\/\/marktxxl.de\/markt\/produkt\/essy-hornhautentferner-elektrisch-testsieger-mit-5-ersatzrollen-hornhaut-entfernen-elektrischer-hornhautentferner-fusspflegegeraet-pedikuere-set-elektronisch-fusspflege-hornhautfeile\/","url":"https:\/\/marktxxl.de\/markt\/produkt\/essy-hornhautentferner-elektrisch-testsieger-mit-5-ersatzrollen-hornhaut-entfernen-elektrischer-hornhautentferner-fusspflegegeraet-pedikuere-set-elektronisch-fusspflege-hornhautfeile\/","name":"Essy Hornhautentferner Elektrisch Testsieger mit 5 Ersatzrollen Hornhaut Entfernen Elektrischer Hornhautentferner Fu\u00dfpflegeger\u00e4t Pedik\u00fcre Set Elektronisch Fu\u00dfpflege Hornhautfeile - Markt-XXL","isPartOf":{"@id":"https:\/\/marktxxl.de\/markt\/#website"},"primaryImageOfPage":{"@id":"https:\/\/marktxxl.de\/markt\/produkt\/essy-hornhautentferner-elektrisch-testsieger-mit-5-ersatzrollen-hornhaut-entfernen-elektrischer-hornhautentferner-fusspflegegeraet-pedikuere-set-elektronisch-fusspflege-hornhautfeile\/#primaryimage"},"image":{"@id":"https:\/\/marktxxl.de\/markt\/produkt\/essy-hornhautentferner-elektrisch-testsieger-mit-5-ersatzrollen-hornhaut-entfernen-elektrischer-hornhautentferner-fusspflegegeraet-pedikuere-set-elektronisch-fusspflege-hornhautfeile\/#primaryimage"},"thumbnailUrl":"https:\/\/m.media-amazon.com\/images\/I\/51XbFghQvHL._SL500_.jpg","datePublished":"2024-06-28T17:35:59+00:00","description":"Markt-XXL Essy Hornhautentferner Elektrisch Testsieger mit 5 Ersatzrollen Hornhaut Entfernen Elektrischer Hornhautentferner Fu\u00dfpflegeger\u00e4t Pedik\u00fcre Set Elektronisch Fu\u00dfpflege Hornhautfeile","breadcrumb":{"@id":"https:\/\/marktxxl.de\/markt\/produkt\/essy-hornhautentferner-elektrisch-testsieger-mit-5-ersatzrollen-hornhaut-entfernen-elektrischer-hornhautentferner-fusspflegegeraet-pedikuere-set-elektronisch-fusspflege-hornhautfeile\/#breadcrumb"},"inLanguage":"de","potentialAction":[{"@type":"ReadAction","target":["https:\/\/marktxxl.de\/markt\/produkt\/essy-hornhautentferner-elektrisch-testsieger-mit-5-ersatzrollen-hornhaut-entfernen-elektrischer-hornhautentferner-fusspflegegeraet-pedikuere-set-elektronisch-fusspflege-hornhautfeile\/"]}]},{"@type":"ImageObject","inLanguage":"de","@id":"https:\/\/marktxxl.de\/markt\/produkt\/essy-hornhautentferner-elektrisch-testsieger-mit-5-ersatzrollen-hornhaut-entfernen-elektrischer-hornhautentferner-fusspflegegeraet-pedikuere-set-elektronisch-fusspflege-hornhautfeile\/#primaryimage","url":"https:\/\/m.media-amazon.com\/images\/I\/51XbFghQvHL._SL500_.jpg","contentUrl":"https:\/\/m.media-amazon.com\/images\/I\/51XbFghQvHL._SL500_.jpg","width":500,"height":500},{"@type":"BreadcrumbList","@id":"https:\/\/marktxxl.de\/markt\/produkt\/essy-hornhautentferner-elektrisch-testsieger-mit-5-ersatzrollen-hornhaut-entfernen-elektrischer-hornhautentferner-fusspflegegeraet-pedikuere-set-elektronisch-fusspflege-hornhautfeile\/#breadcrumb","itemListElement":[{"@type":"ListItem","position":1,"name":"Startseite","item":"https:\/\/marktxxl.de\/markt\/"},{"@type":"ListItem","position":2,"name":"Markt","item":"https:\/\/marktxxl.de\/markt\/"},{"@type":"ListItem","position":3,"name":"Essy Hornhautentferner Elektrisch Testsieger mit 5 Ersatzrollen Hornhaut Entfernen Elektrischer Hornhautentferner Fu\u00dfpflegeger\u00e4t Pedik\u00fcre Set Elektronisch Fu\u00dfpflege Hornhautfeile"}]},{"@type":"WebSite","@id":"https:\/\/marktxxl.de\/markt\/#website","url":"https:\/\/marktxxl.de\/markt\/","name":"Markt-XXL","description":"Ihr Markt Online","publisher":{"@id":"https:\/\/marktxxl.de\/markt\/#organization"},"potentialAction":[{"@type":"SearchAction","target":{"@type":"EntryPoint","urlTemplate":"https:\/\/marktxxl.de\/markt\/?s={search_term_string}"},"query-input":{"@type":"PropertyValueSpecification","valueRequired":true,"valueName":"search_term_string"}}],"inLanguage":"de"},{"@type":"Organization","@id":"https:\/\/marktxxl.de\/markt\/#organization","name":"Markt-XXL","url":"https:\/\/marktxxl.de\/markt\/","logo":{"@type":"ImageObject","inLanguage":"de","@id":"https:\/\/marktxxl.de\/markt\/#\/schema\/logo\/image\/","url":"https:\/\/marktxxl.de\/markt\/wp-content\/uploads\/sites\/3\/2020\/12\/logo.png","contentUrl":"https:\/\/marktxxl.de\/markt\/wp-content\/uploads\/sites\/3\/2020\/12\/logo.png","width":200,"height":70,"caption":"Markt-XXL"},"image":{"@id":"https:\/\/marktxxl.de\/markt\/#\/schema\/logo\/image\/"}}]}},"_links":{"self":[{"href":"https:\/\/marktxxl.de\/markt\/wp-json\/wp\/v2\/product\/213508","targetHints":{"allow":["GET"]}}],"collection":[{"href":"https:\/\/marktxxl.de\/markt\/wp-json\/wp\/v2\/product"}],"about":[{"href":"https:\/\/marktxxl.de\/markt\/wp-json\/wp\/v2\/types\/product"}],"replies":[{"embeddable":true,"href":"https:\/\/marktxxl.de\/markt\/wp-json\/wp\/v2\/comments?post=213508"}],"wp:featuredmedia":[{"embeddable":true,"href":"https:\/\/marktxxl.de\/markt\/wp-json\/wp\/v2\/media\/213509"}],"wp:attachment":[{"href":"https:\/\/marktxxl.de\/markt\/wp-json\/wp\/v2\/media?parent=213508"}],"wp:term":[{"taxonomy":"product_brand","embeddable":true,"href":"https:\/\/marktxxl.de\/markt\/wp-json\/wp\/v2\/product_brand?post=213508"},{"taxonomy":"product_cat","embeddable":true,"href":"https:\/\/marktxxl.de\/markt\/wp-json\/wp\/v2\/product_cat?post=213508"},{"taxonomy":"product_tag","embeddable":true,"href":"https:\/\/marktxxl.de\/markt\/wp-json\/wp\/v2\/product_tag?post=213508"}],"curies":[{"name":"wp","href":"https:\/\/api.w.org\/{rel}","templated":true}]}}