{"id":213474,"date":"2024-06-28T19:17:42","date_gmt":"2024-06-28T17:17:42","guid":{"rendered":"https:\/\/marktxxl.de\/markt\/produkt\/neutrogena-reichhaltige-fusscreme-150-ml-beruhigende-feuchtigkeitsspendende-fusscreme-fuer-sehr-trockene-fuesse-mit-glycerin-allantoin-panthenol-fuer-spuerbar-weichere-geschmeidigere\/"},"modified":"2024-06-28T19:17:42","modified_gmt":"2024-06-28T17:17:42","slug":"neutrogena-reichhaltige-fusscreme-150-ml-beruhigende-feuchtigkeitsspendende-fusscreme-fuer-sehr-trockene-fuesse-mit-glycerin-allantoin-panthenol-fuer-spuerbar-weichere-geschmeidigere","status":"publish","type":"product","link":"https:\/\/marktxxl.de\/markt\/produkt\/neutrogena-reichhaltige-fusscreme-150-ml-beruhigende-feuchtigkeitsspendende-fusscreme-fuer-sehr-trockene-fuesse-mit-glycerin-allantoin-panthenol-fuer-spuerbar-weichere-geschmeidigere\/","title":{"rendered":"Neutrogena Reichhaltige Fu\u00dfcreme (150 ml), beruhigende feuchtigkeitsspendende Fu\u00dfcreme f\u00fcr sehr trockene F\u00fc\u00dfe mit Glycerin, Allantoin &amp; Panthenol, f\u00fcr sp\u00fcrbar weichere &amp; geschmeidigere Haut"},"content":{"rendered":"<p>Pflege f\u00fcr trockene F\u00fc\u00dfe \u2013 Die Neutrogena Fu\u00dfcreme versorgt die F\u00fc\u00dfe intensiv mit Feuchtigkeit und hilft bereits ab dem 1. Tag, trockene bis sehr trockene F\u00fc\u00dfe zu pflegen und zu beruhigen<br \/>\nGeschmeidige F\u00fc\u00dfe \u2013 Die Fu\u00dfpflege Creme pflegt selbst extrem trockene, beanspruchte und rissige F\u00fc\u00dfe und macht die Haut sp\u00fcrbar weicher und geschmeidiger<br \/>\nHornhaut vorbeugen \u2013 Dank der reichhaltigen Formel sorgt die Neutrogena Creme nicht nur f\u00fcr ein angenehmes Hautgef\u00fchl, sondern hilft auch, Hornhaut vorzubeugen<br \/>\nNorwegische Formel \u2013 Das nat\u00fcrliche Glycerin in der Norwegischen Formel von Neutrogena schlie\u00dft Feuchtigkeit ein und sch\u00fctzt die Haut, ohne einen fettigen Film zu hinterlassen<br \/>\nLieferumfang \u2013 1 x 150 ml Neutrogena Reichhaltige Fu\u00dfcreme, Feuchtigkeitscreme f\u00fcr die F\u00fc\u00dfe, pflegende Formel mit Glycerin, Allantoin und Panthenol, zieht schnell ein und hinterl\u00e4sst keine R\u00fcckst\u00e4nde<br \/>\n<div class=\"main-cross-sell\" data-asin=\"B077F4TV4W\">\n\n\t<div class=\"WooZone-cross-sell-loader\">\n\t\t<div>\n\t\t\t<div id=\"floatingBarsG\">\n\t\t\t\t<div class=\"blockG\" id=\"rotateG_01\"><\/div>\n\t\t\t\t<div class=\"blockG\" id=\"rotateG_02\"><\/div>\n\t\t\t\t<div class=\"blockG\" id=\"rotateG_03\"><\/div>\n\t\t\t\t<div class=\"blockG\" id=\"rotateG_04\"><\/div>\n\t\t\t\t<div class=\"blockG\" id=\"rotateG_05\"><\/div>\n\t\t\t\t<div class=\"blockG\" id=\"rotateG_06\"><\/div>\n\t\t\t\t<div class=\"blockG\" id=\"rotateG_07\"><\/div>\n\t\t\t\t<div class=\"blockG\" id=\"rotateG_08\"><\/div>\n\t\t\t<\/div>\n\t\t\t<div class=\"WooZone-cross-sell-loader-text\"><\/div>\n\t\t<\/div>\n\t<\/div>\n\n\t\t\n<\/div>\n<div style=\"clear:both;\"><\/div><\/p>\n","protected":false},"excerpt":{"rendered":"<p>Pflege f\u00fcr trockene F\u00fc\u00dfe \u2013 Die Neutrogena Fu\u00dfcreme versorgt die F\u00fc\u00dfe intensiv mit Feuchtigkeit und hilft bereits ab dem 1. Tag, trockene bis sehr trockene F\u00fc\u00dfe zu pflegen und zu beruhigen<br \/>\nGeschmeidige F\u00fc\u00dfe \u2013 Die Fu\u00dfpflege Creme pflegt selbst extrem trockene, beanspruchte und rissige F\u00fc\u00dfe und macht die Haut sp\u00fcrbar weicher und geschmeidiger<br \/>\nHornhaut vorbeugen \u2013 Dank der reichhaltigen Formel sorgt die Neutrogena Creme nicht nur f\u00fcr ein angenehmes Hautgef\u00fchl, sondern hilft auch, Hornhaut vorzubeugen<\/p>\n","protected":false},"featured_media":213475,"comment_status":"open","ping_status":"closed","template":"","meta":[],"product_brand":[],"product_cat":[2858,7659],"product_tag":[],"class_list":{"0":"post-213474","1":"product","2":"type-product","3":"status-publish","4":"has-post-thumbnail","6":"product_cat-beauty","7":"product_cat-manikuere-pedikuere","8":"pa_binding-target","9":"pa_brand-neutrogena","10":"pa_manufacturer-johnson-johnson-gmbh","11":"pa_size-150-ml-1er-pack","13":"first","14":"instock","15":"sale","16":"shipping-taxable","17":"purchasable","18":"product-type-simple","19":"customify-col","20":"product-has-gallery"},"yoast_head":"<!-- This site is optimized with the Yoast SEO plugin v27.3 - https:\/\/yoast.com\/product\/yoast-seo-wordpress\/ -->\n<title>Neutrogena Reichhaltige Fu\u00dfcreme (150 ml), beruhigende feuchtigkeitsspendende Fu\u00dfcreme f\u00fcr sehr trockene F\u00fc\u00dfe mit Glycerin, Allantoin &amp; Panthenol, f\u00fcr sp\u00fcrbar weichere &amp; geschmeidigere Haut - Markt-XXL<\/title>\n<meta name=\"description\" content=\"Markt-XXL Neutrogena Reichhaltige Fu\u00dfcreme (150 ml), beruhigende feuchtigkeitsspendende Fu\u00dfcreme f\u00fcr sehr trockene F\u00fc\u00dfe mit Glycerin, Allantoin &amp; Panthenol, f\u00fcr sp\u00fcrbar weichere &amp; geschmeidigere Haut\" \/>\n<meta name=\"robots\" content=\"index, follow, max-snippet:-1, max-image-preview:large, max-video-preview:-1\" \/>\n<link rel=\"canonical\" href=\"https:\/\/marktxxl.de\/markt\/produkt\/neutrogena-reichhaltige-fusscreme-150-ml-beruhigende-feuchtigkeitsspendende-fusscreme-fuer-sehr-trockene-fuesse-mit-glycerin-allantoin-panthenol-fuer-spuerbar-weichere-geschmeidigere\/\" \/>\n<meta property=\"og:locale\" content=\"de_DE\" \/>\n<meta property=\"og:type\" content=\"article\" \/>\n<meta property=\"og:title\" content=\"Neutrogena Reichhaltige Fu\u00dfcreme (150 ml), beruhigende feuchtigkeitsspendende Fu\u00dfcreme f\u00fcr sehr trockene F\u00fc\u00dfe mit Glycerin, Allantoin &amp; Panthenol, f\u00fcr sp\u00fcrbar weichere &amp; geschmeidigere Haut - Markt-XXL\" \/>\n<meta property=\"og:description\" content=\"Markt-XXL Neutrogena Reichhaltige Fu\u00dfcreme (150 ml), beruhigende feuchtigkeitsspendende Fu\u00dfcreme f\u00fcr sehr trockene F\u00fc\u00dfe mit Glycerin, Allantoin &amp; Panthenol, f\u00fcr sp\u00fcrbar weichere &amp; geschmeidigere Haut\" \/>\n<meta property=\"og:url\" content=\"https:\/\/marktxxl.de\/markt\/produkt\/neutrogena-reichhaltige-fusscreme-150-ml-beruhigende-feuchtigkeitsspendende-fusscreme-fuer-sehr-trockene-fuesse-mit-glycerin-allantoin-panthenol-fuer-spuerbar-weichere-geschmeidigere\/\" \/>\n<meta property=\"og:site_name\" content=\"Markt-XXL\" \/>\n<meta name=\"twitter:card\" content=\"summary_large_image\" \/>\n<meta name=\"twitter:label1\" content=\"Gesch\u00e4tzte Lesezeit\" \/>\n\t<meta name=\"twitter:data1\" content=\"1\u00a0Minute\" \/>\n<script type=\"application\/ld+json\" class=\"yoast-schema-graph\">{\"@context\":\"https:\\\/\\\/schema.org\",\"@graph\":[{\"@type\":\"WebPage\",\"@id\":\"https:\\\/\\\/marktxxl.de\\\/markt\\\/produkt\\\/neutrogena-reichhaltige-fusscreme-150-ml-beruhigende-feuchtigkeitsspendende-fusscreme-fuer-sehr-trockene-fuesse-mit-glycerin-allantoin-panthenol-fuer-spuerbar-weichere-geschmeidigere\\\/\",\"url\":\"https:\\\/\\\/marktxxl.de\\\/markt\\\/produkt\\\/neutrogena-reichhaltige-fusscreme-150-ml-beruhigende-feuchtigkeitsspendende-fusscreme-fuer-sehr-trockene-fuesse-mit-glycerin-allantoin-panthenol-fuer-spuerbar-weichere-geschmeidigere\\\/\",\"name\":\"Neutrogena Reichhaltige Fu\u00dfcreme (150 ml), beruhigende feuchtigkeitsspendende Fu\u00dfcreme f\u00fcr sehr trockene F\u00fc\u00dfe mit Glycerin, Allantoin &amp; Panthenol, f\u00fcr sp\u00fcrbar weichere &amp; geschmeidigere Haut - Markt-XXL\",\"isPartOf\":{\"@id\":\"https:\\\/\\\/marktxxl.de\\\/markt\\\/#website\"},\"primaryImageOfPage\":{\"@id\":\"https:\\\/\\\/marktxxl.de\\\/markt\\\/produkt\\\/neutrogena-reichhaltige-fusscreme-150-ml-beruhigende-feuchtigkeitsspendende-fusscreme-fuer-sehr-trockene-fuesse-mit-glycerin-allantoin-panthenol-fuer-spuerbar-weichere-geschmeidigere\\\/#primaryimage\"},\"image\":{\"@id\":\"https:\\\/\\\/marktxxl.de\\\/markt\\\/produkt\\\/neutrogena-reichhaltige-fusscreme-150-ml-beruhigende-feuchtigkeitsspendende-fusscreme-fuer-sehr-trockene-fuesse-mit-glycerin-allantoin-panthenol-fuer-spuerbar-weichere-geschmeidigere\\\/#primaryimage\"},\"thumbnailUrl\":\"https:\\\/\\\/m.media-amazon.com\\\/images\\\/I\\\/31lcKN9wvLL._SL500_.jpg\",\"datePublished\":\"2024-06-28T17:17:42+00:00\",\"description\":\"Markt-XXL Neutrogena Reichhaltige Fu\u00dfcreme (150 ml), beruhigende feuchtigkeitsspendende Fu\u00dfcreme f\u00fcr sehr trockene F\u00fc\u00dfe mit Glycerin, Allantoin &amp; Panthenol, f\u00fcr sp\u00fcrbar weichere &amp; geschmeidigere Haut\",\"breadcrumb\":{\"@id\":\"https:\\\/\\\/marktxxl.de\\\/markt\\\/produkt\\\/neutrogena-reichhaltige-fusscreme-150-ml-beruhigende-feuchtigkeitsspendende-fusscreme-fuer-sehr-trockene-fuesse-mit-glycerin-allantoin-panthenol-fuer-spuerbar-weichere-geschmeidigere\\\/#breadcrumb\"},\"inLanguage\":\"de\",\"potentialAction\":[{\"@type\":\"ReadAction\",\"target\":[\"https:\\\/\\\/marktxxl.de\\\/markt\\\/produkt\\\/neutrogena-reichhaltige-fusscreme-150-ml-beruhigende-feuchtigkeitsspendende-fusscreme-fuer-sehr-trockene-fuesse-mit-glycerin-allantoin-panthenol-fuer-spuerbar-weichere-geschmeidigere\\\/\"]}]},{\"@type\":\"ImageObject\",\"inLanguage\":\"de\",\"@id\":\"https:\\\/\\\/marktxxl.de\\\/markt\\\/produkt\\\/neutrogena-reichhaltige-fusscreme-150-ml-beruhigende-feuchtigkeitsspendende-fusscreme-fuer-sehr-trockene-fuesse-mit-glycerin-allantoin-panthenol-fuer-spuerbar-weichere-geschmeidigere\\\/#primaryimage\",\"url\":\"https:\\\/\\\/m.media-amazon.com\\\/images\\\/I\\\/31lcKN9wvLL._SL500_.jpg\",\"contentUrl\":\"https:\\\/\\\/m.media-amazon.com\\\/images\\\/I\\\/31lcKN9wvLL._SL500_.jpg\",\"width\":500,\"height\":500},{\"@type\":\"BreadcrumbList\",\"@id\":\"https:\\\/\\\/marktxxl.de\\\/markt\\\/produkt\\\/neutrogena-reichhaltige-fusscreme-150-ml-beruhigende-feuchtigkeitsspendende-fusscreme-fuer-sehr-trockene-fuesse-mit-glycerin-allantoin-panthenol-fuer-spuerbar-weichere-geschmeidigere\\\/#breadcrumb\",\"itemListElement\":[{\"@type\":\"ListItem\",\"position\":1,\"name\":\"Startseite\",\"item\":\"https:\\\/\\\/marktxxl.de\\\/markt\\\/\"},{\"@type\":\"ListItem\",\"position\":2,\"name\":\"Markt\",\"item\":\"https:\\\/\\\/marktxxl.de\\\/markt\\\/\"},{\"@type\":\"ListItem\",\"position\":3,\"name\":\"Neutrogena Reichhaltige Fu\u00dfcreme (150 ml), beruhigende feuchtigkeitsspendende Fu\u00dfcreme f\u00fcr sehr trockene F\u00fc\u00dfe mit Glycerin, Allantoin &amp; Panthenol, f\u00fcr sp\u00fcrbar weichere &amp; geschmeidigere Haut\"}]},{\"@type\":\"WebSite\",\"@id\":\"https:\\\/\\\/marktxxl.de\\\/markt\\\/#website\",\"url\":\"https:\\\/\\\/marktxxl.de\\\/markt\\\/\",\"name\":\"Markt-XXL\",\"description\":\"Ihr Markt Online\",\"publisher\":{\"@id\":\"https:\\\/\\\/marktxxl.de\\\/markt\\\/#organization\"},\"potentialAction\":[{\"@type\":\"SearchAction\",\"target\":{\"@type\":\"EntryPoint\",\"urlTemplate\":\"https:\\\/\\\/marktxxl.de\\\/markt\\\/?s={search_term_string}\"},\"query-input\":{\"@type\":\"PropertyValueSpecification\",\"valueRequired\":true,\"valueName\":\"search_term_string\"}}],\"inLanguage\":\"de\"},{\"@type\":\"Organization\",\"@id\":\"https:\\\/\\\/marktxxl.de\\\/markt\\\/#organization\",\"name\":\"Markt-XXL\",\"url\":\"https:\\\/\\\/marktxxl.de\\\/markt\\\/\",\"logo\":{\"@type\":\"ImageObject\",\"inLanguage\":\"de\",\"@id\":\"https:\\\/\\\/marktxxl.de\\\/markt\\\/#\\\/schema\\\/logo\\\/image\\\/\",\"url\":\"https:\\\/\\\/marktxxl.de\\\/markt\\\/wp-content\\\/uploads\\\/sites\\\/3\\\/2020\\\/12\\\/logo.png\",\"contentUrl\":\"https:\\\/\\\/marktxxl.de\\\/markt\\\/wp-content\\\/uploads\\\/sites\\\/3\\\/2020\\\/12\\\/logo.png\",\"width\":200,\"height\":70,\"caption\":\"Markt-XXL\"},\"image\":{\"@id\":\"https:\\\/\\\/marktxxl.de\\\/markt\\\/#\\\/schema\\\/logo\\\/image\\\/\"}}]}<\/script>\n<!-- \/ Yoast SEO plugin. -->","yoast_head_json":{"title":"Neutrogena Reichhaltige Fu\u00dfcreme (150 ml), beruhigende feuchtigkeitsspendende Fu\u00dfcreme f\u00fcr sehr trockene F\u00fc\u00dfe mit Glycerin, Allantoin &amp; Panthenol, f\u00fcr sp\u00fcrbar weichere &amp; geschmeidigere Haut - Markt-XXL","description":"Markt-XXL Neutrogena Reichhaltige Fu\u00dfcreme (150 ml), beruhigende feuchtigkeitsspendende Fu\u00dfcreme f\u00fcr sehr trockene F\u00fc\u00dfe mit Glycerin, Allantoin &amp; Panthenol, f\u00fcr sp\u00fcrbar weichere &amp; geschmeidigere Haut","robots":{"index":"index","follow":"follow","max-snippet":"max-snippet:-1","max-image-preview":"max-image-preview:large","max-video-preview":"max-video-preview:-1"},"canonical":"https:\/\/marktxxl.de\/markt\/produkt\/neutrogena-reichhaltige-fusscreme-150-ml-beruhigende-feuchtigkeitsspendende-fusscreme-fuer-sehr-trockene-fuesse-mit-glycerin-allantoin-panthenol-fuer-spuerbar-weichere-geschmeidigere\/","og_locale":"de_DE","og_type":"article","og_title":"Neutrogena Reichhaltige Fu\u00dfcreme (150 ml), beruhigende feuchtigkeitsspendende Fu\u00dfcreme f\u00fcr sehr trockene F\u00fc\u00dfe mit Glycerin, Allantoin &amp; Panthenol, f\u00fcr sp\u00fcrbar weichere &amp; geschmeidigere Haut - Markt-XXL","og_description":"Markt-XXL Neutrogena Reichhaltige Fu\u00dfcreme (150 ml), beruhigende feuchtigkeitsspendende Fu\u00dfcreme f\u00fcr sehr trockene F\u00fc\u00dfe mit Glycerin, Allantoin &amp; Panthenol, f\u00fcr sp\u00fcrbar weichere &amp; geschmeidigere Haut","og_url":"https:\/\/marktxxl.de\/markt\/produkt\/neutrogena-reichhaltige-fusscreme-150-ml-beruhigende-feuchtigkeitsspendende-fusscreme-fuer-sehr-trockene-fuesse-mit-glycerin-allantoin-panthenol-fuer-spuerbar-weichere-geschmeidigere\/","og_site_name":"Markt-XXL","twitter_card":"summary_large_image","twitter_misc":{"Gesch\u00e4tzte Lesezeit":"1\u00a0Minute"},"schema":{"@context":"https:\/\/schema.org","@graph":[{"@type":"WebPage","@id":"https:\/\/marktxxl.de\/markt\/produkt\/neutrogena-reichhaltige-fusscreme-150-ml-beruhigende-feuchtigkeitsspendende-fusscreme-fuer-sehr-trockene-fuesse-mit-glycerin-allantoin-panthenol-fuer-spuerbar-weichere-geschmeidigere\/","url":"https:\/\/marktxxl.de\/markt\/produkt\/neutrogena-reichhaltige-fusscreme-150-ml-beruhigende-feuchtigkeitsspendende-fusscreme-fuer-sehr-trockene-fuesse-mit-glycerin-allantoin-panthenol-fuer-spuerbar-weichere-geschmeidigere\/","name":"Neutrogena Reichhaltige Fu\u00dfcreme (150 ml), beruhigende feuchtigkeitsspendende Fu\u00dfcreme f\u00fcr sehr trockene F\u00fc\u00dfe mit Glycerin, Allantoin &amp; Panthenol, f\u00fcr sp\u00fcrbar weichere &amp; geschmeidigere Haut - Markt-XXL","isPartOf":{"@id":"https:\/\/marktxxl.de\/markt\/#website"},"primaryImageOfPage":{"@id":"https:\/\/marktxxl.de\/markt\/produkt\/neutrogena-reichhaltige-fusscreme-150-ml-beruhigende-feuchtigkeitsspendende-fusscreme-fuer-sehr-trockene-fuesse-mit-glycerin-allantoin-panthenol-fuer-spuerbar-weichere-geschmeidigere\/#primaryimage"},"image":{"@id":"https:\/\/marktxxl.de\/markt\/produkt\/neutrogena-reichhaltige-fusscreme-150-ml-beruhigende-feuchtigkeitsspendende-fusscreme-fuer-sehr-trockene-fuesse-mit-glycerin-allantoin-panthenol-fuer-spuerbar-weichere-geschmeidigere\/#primaryimage"},"thumbnailUrl":"https:\/\/m.media-amazon.com\/images\/I\/31lcKN9wvLL._SL500_.jpg","datePublished":"2024-06-28T17:17:42+00:00","description":"Markt-XXL Neutrogena Reichhaltige Fu\u00dfcreme (150 ml), beruhigende feuchtigkeitsspendende Fu\u00dfcreme f\u00fcr sehr trockene F\u00fc\u00dfe mit Glycerin, Allantoin &amp; Panthenol, f\u00fcr sp\u00fcrbar weichere &amp; geschmeidigere Haut","breadcrumb":{"@id":"https:\/\/marktxxl.de\/markt\/produkt\/neutrogena-reichhaltige-fusscreme-150-ml-beruhigende-feuchtigkeitsspendende-fusscreme-fuer-sehr-trockene-fuesse-mit-glycerin-allantoin-panthenol-fuer-spuerbar-weichere-geschmeidigere\/#breadcrumb"},"inLanguage":"de","potentialAction":[{"@type":"ReadAction","target":["https:\/\/marktxxl.de\/markt\/produkt\/neutrogena-reichhaltige-fusscreme-150-ml-beruhigende-feuchtigkeitsspendende-fusscreme-fuer-sehr-trockene-fuesse-mit-glycerin-allantoin-panthenol-fuer-spuerbar-weichere-geschmeidigere\/"]}]},{"@type":"ImageObject","inLanguage":"de","@id":"https:\/\/marktxxl.de\/markt\/produkt\/neutrogena-reichhaltige-fusscreme-150-ml-beruhigende-feuchtigkeitsspendende-fusscreme-fuer-sehr-trockene-fuesse-mit-glycerin-allantoin-panthenol-fuer-spuerbar-weichere-geschmeidigere\/#primaryimage","url":"https:\/\/m.media-amazon.com\/images\/I\/31lcKN9wvLL._SL500_.jpg","contentUrl":"https:\/\/m.media-amazon.com\/images\/I\/31lcKN9wvLL._SL500_.jpg","width":500,"height":500},{"@type":"BreadcrumbList","@id":"https:\/\/marktxxl.de\/markt\/produkt\/neutrogena-reichhaltige-fusscreme-150-ml-beruhigende-feuchtigkeitsspendende-fusscreme-fuer-sehr-trockene-fuesse-mit-glycerin-allantoin-panthenol-fuer-spuerbar-weichere-geschmeidigere\/#breadcrumb","itemListElement":[{"@type":"ListItem","position":1,"name":"Startseite","item":"https:\/\/marktxxl.de\/markt\/"},{"@type":"ListItem","position":2,"name":"Markt","item":"https:\/\/marktxxl.de\/markt\/"},{"@type":"ListItem","position":3,"name":"Neutrogena Reichhaltige Fu\u00dfcreme (150 ml), beruhigende feuchtigkeitsspendende Fu\u00dfcreme f\u00fcr sehr trockene F\u00fc\u00dfe mit Glycerin, Allantoin &amp; Panthenol, f\u00fcr sp\u00fcrbar weichere &amp; geschmeidigere Haut"}]},{"@type":"WebSite","@id":"https:\/\/marktxxl.de\/markt\/#website","url":"https:\/\/marktxxl.de\/markt\/","name":"Markt-XXL","description":"Ihr Markt Online","publisher":{"@id":"https:\/\/marktxxl.de\/markt\/#organization"},"potentialAction":[{"@type":"SearchAction","target":{"@type":"EntryPoint","urlTemplate":"https:\/\/marktxxl.de\/markt\/?s={search_term_string}"},"query-input":{"@type":"PropertyValueSpecification","valueRequired":true,"valueName":"search_term_string"}}],"inLanguage":"de"},{"@type":"Organization","@id":"https:\/\/marktxxl.de\/markt\/#organization","name":"Markt-XXL","url":"https:\/\/marktxxl.de\/markt\/","logo":{"@type":"ImageObject","inLanguage":"de","@id":"https:\/\/marktxxl.de\/markt\/#\/schema\/logo\/image\/","url":"https:\/\/marktxxl.de\/markt\/wp-content\/uploads\/sites\/3\/2020\/12\/logo.png","contentUrl":"https:\/\/marktxxl.de\/markt\/wp-content\/uploads\/sites\/3\/2020\/12\/logo.png","width":200,"height":70,"caption":"Markt-XXL"},"image":{"@id":"https:\/\/marktxxl.de\/markt\/#\/schema\/logo\/image\/"}}]}},"_links":{"self":[{"href":"https:\/\/marktxxl.de\/markt\/wp-json\/wp\/v2\/product\/213474","targetHints":{"allow":["GET"]}}],"collection":[{"href":"https:\/\/marktxxl.de\/markt\/wp-json\/wp\/v2\/product"}],"about":[{"href":"https:\/\/marktxxl.de\/markt\/wp-json\/wp\/v2\/types\/product"}],"replies":[{"embeddable":true,"href":"https:\/\/marktxxl.de\/markt\/wp-json\/wp\/v2\/comments?post=213474"}],"wp:featuredmedia":[{"embeddable":true,"href":"https:\/\/marktxxl.de\/markt\/wp-json\/wp\/v2\/media\/213475"}],"wp:attachment":[{"href":"https:\/\/marktxxl.de\/markt\/wp-json\/wp\/v2\/media?parent=213474"}],"wp:term":[{"taxonomy":"product_brand","embeddable":true,"href":"https:\/\/marktxxl.de\/markt\/wp-json\/wp\/v2\/product_brand?post=213474"},{"taxonomy":"product_cat","embeddable":true,"href":"https:\/\/marktxxl.de\/markt\/wp-json\/wp\/v2\/product_cat?post=213474"},{"taxonomy":"product_tag","embeddable":true,"href":"https:\/\/marktxxl.de\/markt\/wp-json\/wp\/v2\/product_tag?post=213474"}],"curies":[{"name":"wp","href":"https:\/\/api.w.org\/{rel}","templated":true}]}}