{"id":213432,"date":"2024-06-28T19:16:13","date_gmt":"2024-06-28T17:16:13","guid":{"rendered":"https:\/\/marktxxl.de\/markt\/produkt\/roexun-uv-led-lampe-fuer-naegel168w-nageltrockner-fuer-gel-nagellacktragbarer-usb-ladefunktionauto-sensor-aushaertelampe-mit-4-timer-einstellungennagelwerkzeuge-fuer-fingernagel-und-zehennagel\/"},"modified":"2024-06-28T19:16:13","modified_gmt":"2024-06-28T17:16:13","slug":"roexun-uv-led-lampe-fuer-naegel168w-nageltrockner-fuer-gel-nagellacktragbarer-usb-ladefunktionauto-sensor-aushaertelampe-mit-4-timer-einstellungennagelwerkzeuge-fuer-fingernagel-und-zehennagel","status":"publish","type":"product","link":"https:\/\/marktxxl.de\/markt\/produkt\/roexun-uv-led-lampe-fuer-naegel168w-nageltrockner-fuer-gel-nagellacktragbarer-usb-ladefunktionauto-sensor-aushaertelampe-mit-4-timer-einstellungennagelwerkzeuge-fuer-fingernagel-und-zehennagel\/","title":{"rendered":"ROEXUN UV LED Lampe f\u00fcr N\u00e4gel,168W Nageltrockner f\u00fcr Gel Nagellack,Tragbarer USB-Ladefunktion,Auto-Sensor Aush\u00e4rtelampe mit 4 Timer Einstellungen,Nagelwerkzeuge f\u00fcr Fingernagel und Zehennagel"},"content":{"rendered":"<p>\u3010Super Quick Drying 168W LED Nail Dryer\u3011168 W UV LED lamp uses the latest dual light source curing technology.Equipped with 36 durable UV\/LED dual light source lamp beads evenly distributed,180\u00b0 without dead angle lighting,offers a uniform quickly curing,saving you 80% of your time.It is an ideal choice for beginners and professionals.<br \/>\n\u30104 Timing Mode\u3011LED nail dryer UV 10s\/30s\/60s\/99s,painless mode,nail polish nail lamp dryer,4 time functions,freely selectable.When the you put your hand in the LED nail dryer without pressing the time setting button,the 120s mode is activated for low heat.168W lamp gel nail dryer drying mode at low temperature,it does not darken the skin,does not harm our eyes and the life of 50,000 hours is an ideal UV LED lamp.<br \/>\n\u3010Smart Sensor\u3011Intelligent LCD screen sensor,drying UV nail lamp.When you reach gel lamp,UV nail dryer,choose the drying mode,the sensor of the UV lamp nail dryer detects the movement.LED nail lamp nail lamp with LCD screen automatically shows the usage time and stops when you remove your hand.Easy to use,functional design.<br \/>\n\u3010Applicable for All Types of Gel Nail Polish\u3011168W UV lamp for gel nails is equipped with 36 UV\/LED beads (their dual wavelength of 365 nm + 406 nm).Suitable for all UV\/LED nail polishes,such as base coat,top coat,colour gel,builder gel,acrylic,hard gel,sculpture gel,gem glue and many others.<br \/>\n\u3010Portable Nail Studio\u3011Professional LED nail lamp portable UV nails nail dryer base plate for magnetic mounting.UV lamp for polygel nails,digital screen to display curing time,making your manicure process more visible and clearer.Whether you are at school,in the office,at home or outdoors,it is very convenient to use and carry.Nail dryer device if you have any questions during use,please send us an email contact,we offer the best service.<br \/>\n<div class=\"main-cross-sell\" data-asin=\"B09SH4ZNZQ\">\n\n\t<div class=\"WooZone-cross-sell-loader\">\n\t\t<div>\n\t\t\t<div id=\"floatingBarsG\">\n\t\t\t\t<div class=\"blockG\" id=\"rotateG_01\"><\/div>\n\t\t\t\t<div class=\"blockG\" id=\"rotateG_02\"><\/div>\n\t\t\t\t<div class=\"blockG\" id=\"rotateG_03\"><\/div>\n\t\t\t\t<div class=\"blockG\" id=\"rotateG_04\"><\/div>\n\t\t\t\t<div class=\"blockG\" id=\"rotateG_05\"><\/div>\n\t\t\t\t<div class=\"blockG\" id=\"rotateG_06\"><\/div>\n\t\t\t\t<div class=\"blockG\" id=\"rotateG_07\"><\/div>\n\t\t\t\t<div class=\"blockG\" id=\"rotateG_08\"><\/div>\n\t\t\t<\/div>\n\t\t\t<div class=\"WooZone-cross-sell-loader-text\"><\/div>\n\t\t<\/div>\n\t<\/div>\n\n\t\t\n<\/div>\n<div style=\"clear:both;\"><\/div><\/p>\n","protected":false},"excerpt":{"rendered":"<p>\u3010Super Quick Drying 168W LED Nail Dryer\u3011168 W UV LED lamp uses the latest dual light source curing technology.Equipped with 36 durable UV\/LED dual light source lamp beads evenly distributed,180\u00b0 without dead angle lighting,offers a uniform quickly curing,saving you 80% of your time.It is an ideal choice for beginners and professionals.<br \/>\n\u30104 Timing Mode\u3011LED nail dryer UV 10s\/30s\/60s\/99s,painless mode,nail polish nail lamp dryer,4 time functions,freely selectable.When the you put your hand in the LED nail dryer without pressing the time setting button,the 120s mode is activated for low heat.168W lamp gel nail dryer drying mode at low temperature,it does not darken the skin,does not harm our eyes and the life of 50,000 hours is an ideal UV LED lamp.<br \/>\n\u3010Smart Sensor\u3011Intelligent LCD screen sensor,drying UV nail lamp.When you reach gel lamp,UV nail dryer,choose the drying mode,the sensor of the UV lamp nail dryer detects the movement.LED nail lamp nail lamp with LCD screen automatically shows the usage time and stops when you remove your hand.Easy to use,functional design.<\/p>\n","protected":false},"featured_media":213433,"comment_status":"open","ping_status":"closed","template":"","meta":[],"product_brand":[],"product_cat":[2858,7659],"product_tag":[],"class_list":{"0":"post-213432","1":"product","2":"type-product","3":"status-publish","4":"has-post-thumbnail","6":"product_cat-beauty","7":"product_cat-manikuere-pedikuere","8":"pa_binding-werkzeug","9":"pa_brand-roexun","10":"pa_color-caihe","11":"pa_height-3-3464566895-zoll","12":"pa_length-7-1653543234-zoll","13":"pa_manufacturer-roexun","14":"pa_model-yuehao","15":"pa_weight-1-3448197982-pounds","16":"pa_width-8-8582677075-zoll","18":"first","19":"instock","20":"shipping-taxable","21":"purchasable","22":"product-type-simple","23":"customify-col","24":"product-has-gallery"},"yoast_head":"<!-- This site is optimized with the Yoast SEO plugin v27.4 - https:\/\/yoast.com\/product\/yoast-seo-wordpress\/ -->\n<title>ROEXUN UV LED Lampe f\u00fcr N\u00e4gel,168W Nageltrockner f\u00fcr Gel Nagellack,Tragbarer USB-Ladefunktion,Auto-Sensor Aush\u00e4rtelampe mit 4 Timer Einstellungen,Nagelwerkzeuge f\u00fcr Fingernagel und Zehennagel - Markt-XXL<\/title>\n<meta name=\"description\" content=\"Markt-XXL ROEXUN UV LED Lampe f\u00fcr N\u00e4gel,168W Nageltrockner f\u00fcr Gel Nagellack,Tragbarer USB-Ladefunktion,Auto-Sensor Aush\u00e4rtelampe mit 4 Timer Einstellungen,Nagelwerkzeuge f\u00fcr Fingernagel und Zehennagel\" \/>\n<meta name=\"robots\" content=\"index, follow, max-snippet:-1, max-image-preview:large, max-video-preview:-1\" \/>\n<link rel=\"canonical\" href=\"https:\/\/marktxxl.de\/markt\/produkt\/roexun-uv-led-lampe-fuer-naegel168w-nageltrockner-fuer-gel-nagellacktragbarer-usb-ladefunktionauto-sensor-aushaertelampe-mit-4-timer-einstellungennagelwerkzeuge-fuer-fingernagel-und-zehennagel\/\" \/>\n<meta property=\"og:locale\" content=\"de_DE\" \/>\n<meta property=\"og:type\" content=\"article\" \/>\n<meta property=\"og:title\" content=\"ROEXUN UV LED Lampe f\u00fcr N\u00e4gel,168W Nageltrockner f\u00fcr Gel Nagellack,Tragbarer USB-Ladefunktion,Auto-Sensor Aush\u00e4rtelampe mit 4 Timer Einstellungen,Nagelwerkzeuge f\u00fcr Fingernagel und Zehennagel - Markt-XXL\" \/>\n<meta property=\"og:description\" content=\"Markt-XXL ROEXUN UV LED Lampe f\u00fcr N\u00e4gel,168W Nageltrockner f\u00fcr Gel Nagellack,Tragbarer USB-Ladefunktion,Auto-Sensor Aush\u00e4rtelampe mit 4 Timer Einstellungen,Nagelwerkzeuge f\u00fcr Fingernagel und Zehennagel\" \/>\n<meta property=\"og:url\" content=\"https:\/\/marktxxl.de\/markt\/produkt\/roexun-uv-led-lampe-fuer-naegel168w-nageltrockner-fuer-gel-nagellacktragbarer-usb-ladefunktionauto-sensor-aushaertelampe-mit-4-timer-einstellungennagelwerkzeuge-fuer-fingernagel-und-zehennagel\/\" \/>\n<meta property=\"og:site_name\" content=\"Markt-XXL\" \/>\n<meta name=\"twitter:card\" content=\"summary_large_image\" \/>\n<meta name=\"twitter:label1\" content=\"Gesch\u00e4tzte Lesezeit\" \/>\n\t<meta name=\"twitter:data1\" content=\"2\u00a0Minuten\" \/>\n<script type=\"application\/ld+json\" class=\"yoast-schema-graph\">{\"@context\":\"https:\\\/\\\/schema.org\",\"@graph\":[{\"@type\":\"WebPage\",\"@id\":\"https:\\\/\\\/marktxxl.de\\\/markt\\\/produkt\\\/roexun-uv-led-lampe-fuer-naegel168w-nageltrockner-fuer-gel-nagellacktragbarer-usb-ladefunktionauto-sensor-aushaertelampe-mit-4-timer-einstellungennagelwerkzeuge-fuer-fingernagel-und-zehennagel\\\/\",\"url\":\"https:\\\/\\\/marktxxl.de\\\/markt\\\/produkt\\\/roexun-uv-led-lampe-fuer-naegel168w-nageltrockner-fuer-gel-nagellacktragbarer-usb-ladefunktionauto-sensor-aushaertelampe-mit-4-timer-einstellungennagelwerkzeuge-fuer-fingernagel-und-zehennagel\\\/\",\"name\":\"ROEXUN UV LED Lampe f\u00fcr N\u00e4gel,168W Nageltrockner f\u00fcr Gel Nagellack,Tragbarer USB-Ladefunktion,Auto-Sensor Aush\u00e4rtelampe mit 4 Timer Einstellungen,Nagelwerkzeuge f\u00fcr Fingernagel und Zehennagel - Markt-XXL\",\"isPartOf\":{\"@id\":\"https:\\\/\\\/marktxxl.de\\\/markt\\\/#website\"},\"primaryImageOfPage\":{\"@id\":\"https:\\\/\\\/marktxxl.de\\\/markt\\\/produkt\\\/roexun-uv-led-lampe-fuer-naegel168w-nageltrockner-fuer-gel-nagellacktragbarer-usb-ladefunktionauto-sensor-aushaertelampe-mit-4-timer-einstellungennagelwerkzeuge-fuer-fingernagel-und-zehennagel\\\/#primaryimage\"},\"image\":{\"@id\":\"https:\\\/\\\/marktxxl.de\\\/markt\\\/produkt\\\/roexun-uv-led-lampe-fuer-naegel168w-nageltrockner-fuer-gel-nagellacktragbarer-usb-ladefunktionauto-sensor-aushaertelampe-mit-4-timer-einstellungennagelwerkzeuge-fuer-fingernagel-und-zehennagel\\\/#primaryimage\"},\"thumbnailUrl\":\"https:\\\/\\\/m.media-amazon.com\\\/images\\\/I\\\/41eReGBe6oL._SL500_.jpg\",\"datePublished\":\"2024-06-28T17:16:13+00:00\",\"description\":\"Markt-XXL ROEXUN UV LED Lampe f\u00fcr N\u00e4gel,168W Nageltrockner f\u00fcr Gel Nagellack,Tragbarer USB-Ladefunktion,Auto-Sensor Aush\u00e4rtelampe mit 4 Timer Einstellungen,Nagelwerkzeuge f\u00fcr Fingernagel und Zehennagel\",\"breadcrumb\":{\"@id\":\"https:\\\/\\\/marktxxl.de\\\/markt\\\/produkt\\\/roexun-uv-led-lampe-fuer-naegel168w-nageltrockner-fuer-gel-nagellacktragbarer-usb-ladefunktionauto-sensor-aushaertelampe-mit-4-timer-einstellungennagelwerkzeuge-fuer-fingernagel-und-zehennagel\\\/#breadcrumb\"},\"inLanguage\":\"de\",\"potentialAction\":[{\"@type\":\"ReadAction\",\"target\":[\"https:\\\/\\\/marktxxl.de\\\/markt\\\/produkt\\\/roexun-uv-led-lampe-fuer-naegel168w-nageltrockner-fuer-gel-nagellacktragbarer-usb-ladefunktionauto-sensor-aushaertelampe-mit-4-timer-einstellungennagelwerkzeuge-fuer-fingernagel-und-zehennagel\\\/\"]}]},{\"@type\":\"ImageObject\",\"inLanguage\":\"de\",\"@id\":\"https:\\\/\\\/marktxxl.de\\\/markt\\\/produkt\\\/roexun-uv-led-lampe-fuer-naegel168w-nageltrockner-fuer-gel-nagellacktragbarer-usb-ladefunktionauto-sensor-aushaertelampe-mit-4-timer-einstellungennagelwerkzeuge-fuer-fingernagel-und-zehennagel\\\/#primaryimage\",\"url\":\"https:\\\/\\\/m.media-amazon.com\\\/images\\\/I\\\/41eReGBe6oL._SL500_.jpg\",\"contentUrl\":\"https:\\\/\\\/m.media-amazon.com\\\/images\\\/I\\\/41eReGBe6oL._SL500_.jpg\",\"width\":500,\"height\":500},{\"@type\":\"BreadcrumbList\",\"@id\":\"https:\\\/\\\/marktxxl.de\\\/markt\\\/produkt\\\/roexun-uv-led-lampe-fuer-naegel168w-nageltrockner-fuer-gel-nagellacktragbarer-usb-ladefunktionauto-sensor-aushaertelampe-mit-4-timer-einstellungennagelwerkzeuge-fuer-fingernagel-und-zehennagel\\\/#breadcrumb\",\"itemListElement\":[{\"@type\":\"ListItem\",\"position\":1,\"name\":\"Startseite\",\"item\":\"https:\\\/\\\/marktxxl.de\\\/markt\\\/\"},{\"@type\":\"ListItem\",\"position\":2,\"name\":\"Markt\",\"item\":\"https:\\\/\\\/marktxxl.de\\\/markt\\\/\"},{\"@type\":\"ListItem\",\"position\":3,\"name\":\"ROEXUN UV LED Lampe f\u00fcr N\u00e4gel,168W Nageltrockner f\u00fcr Gel Nagellack,Tragbarer USB-Ladefunktion,Auto-Sensor Aush\u00e4rtelampe mit 4 Timer Einstellungen,Nagelwerkzeuge f\u00fcr Fingernagel und Zehennagel\"}]},{\"@type\":\"WebSite\",\"@id\":\"https:\\\/\\\/marktxxl.de\\\/markt\\\/#website\",\"url\":\"https:\\\/\\\/marktxxl.de\\\/markt\\\/\",\"name\":\"Markt-XXL\",\"description\":\"Ihr Markt Online\",\"publisher\":{\"@id\":\"https:\\\/\\\/marktxxl.de\\\/markt\\\/#organization\"},\"potentialAction\":[{\"@type\":\"SearchAction\",\"target\":{\"@type\":\"EntryPoint\",\"urlTemplate\":\"https:\\\/\\\/marktxxl.de\\\/markt\\\/?s={search_term_string}\"},\"query-input\":{\"@type\":\"PropertyValueSpecification\",\"valueRequired\":true,\"valueName\":\"search_term_string\"}}],\"inLanguage\":\"de\"},{\"@type\":\"Organization\",\"@id\":\"https:\\\/\\\/marktxxl.de\\\/markt\\\/#organization\",\"name\":\"Markt-XXL\",\"url\":\"https:\\\/\\\/marktxxl.de\\\/markt\\\/\",\"logo\":{\"@type\":\"ImageObject\",\"inLanguage\":\"de\",\"@id\":\"https:\\\/\\\/marktxxl.de\\\/markt\\\/#\\\/schema\\\/logo\\\/image\\\/\",\"url\":\"https:\\\/\\\/marktxxl.de\\\/markt\\\/wp-content\\\/uploads\\\/sites\\\/3\\\/2020\\\/12\\\/logo.png\",\"contentUrl\":\"https:\\\/\\\/marktxxl.de\\\/markt\\\/wp-content\\\/uploads\\\/sites\\\/3\\\/2020\\\/12\\\/logo.png\",\"width\":200,\"height\":70,\"caption\":\"Markt-XXL\"},\"image\":{\"@id\":\"https:\\\/\\\/marktxxl.de\\\/markt\\\/#\\\/schema\\\/logo\\\/image\\\/\"}}]}<\/script>\n<!-- \/ Yoast SEO plugin. -->","yoast_head_json":{"title":"ROEXUN UV LED Lampe f\u00fcr N\u00e4gel,168W Nageltrockner f\u00fcr Gel Nagellack,Tragbarer USB-Ladefunktion,Auto-Sensor Aush\u00e4rtelampe mit 4 Timer Einstellungen,Nagelwerkzeuge f\u00fcr Fingernagel und Zehennagel - Markt-XXL","description":"Markt-XXL ROEXUN UV LED Lampe f\u00fcr N\u00e4gel,168W Nageltrockner f\u00fcr Gel Nagellack,Tragbarer USB-Ladefunktion,Auto-Sensor Aush\u00e4rtelampe mit 4 Timer Einstellungen,Nagelwerkzeuge f\u00fcr Fingernagel und Zehennagel","robots":{"index":"index","follow":"follow","max-snippet":"max-snippet:-1","max-image-preview":"max-image-preview:large","max-video-preview":"max-video-preview:-1"},"canonical":"https:\/\/marktxxl.de\/markt\/produkt\/roexun-uv-led-lampe-fuer-naegel168w-nageltrockner-fuer-gel-nagellacktragbarer-usb-ladefunktionauto-sensor-aushaertelampe-mit-4-timer-einstellungennagelwerkzeuge-fuer-fingernagel-und-zehennagel\/","og_locale":"de_DE","og_type":"article","og_title":"ROEXUN UV LED Lampe f\u00fcr N\u00e4gel,168W Nageltrockner f\u00fcr Gel Nagellack,Tragbarer USB-Ladefunktion,Auto-Sensor Aush\u00e4rtelampe mit 4 Timer Einstellungen,Nagelwerkzeuge f\u00fcr Fingernagel und Zehennagel - Markt-XXL","og_description":"Markt-XXL ROEXUN UV LED Lampe f\u00fcr N\u00e4gel,168W Nageltrockner f\u00fcr Gel Nagellack,Tragbarer USB-Ladefunktion,Auto-Sensor Aush\u00e4rtelampe mit 4 Timer Einstellungen,Nagelwerkzeuge f\u00fcr Fingernagel und Zehennagel","og_url":"https:\/\/marktxxl.de\/markt\/produkt\/roexun-uv-led-lampe-fuer-naegel168w-nageltrockner-fuer-gel-nagellacktragbarer-usb-ladefunktionauto-sensor-aushaertelampe-mit-4-timer-einstellungennagelwerkzeuge-fuer-fingernagel-und-zehennagel\/","og_site_name":"Markt-XXL","twitter_card":"summary_large_image","twitter_misc":{"Gesch\u00e4tzte Lesezeit":"2\u00a0Minuten"},"schema":{"@context":"https:\/\/schema.org","@graph":[{"@type":"WebPage","@id":"https:\/\/marktxxl.de\/markt\/produkt\/roexun-uv-led-lampe-fuer-naegel168w-nageltrockner-fuer-gel-nagellacktragbarer-usb-ladefunktionauto-sensor-aushaertelampe-mit-4-timer-einstellungennagelwerkzeuge-fuer-fingernagel-und-zehennagel\/","url":"https:\/\/marktxxl.de\/markt\/produkt\/roexun-uv-led-lampe-fuer-naegel168w-nageltrockner-fuer-gel-nagellacktragbarer-usb-ladefunktionauto-sensor-aushaertelampe-mit-4-timer-einstellungennagelwerkzeuge-fuer-fingernagel-und-zehennagel\/","name":"ROEXUN UV LED Lampe f\u00fcr N\u00e4gel,168W Nageltrockner f\u00fcr Gel Nagellack,Tragbarer USB-Ladefunktion,Auto-Sensor Aush\u00e4rtelampe mit 4 Timer Einstellungen,Nagelwerkzeuge f\u00fcr Fingernagel und Zehennagel - Markt-XXL","isPartOf":{"@id":"https:\/\/marktxxl.de\/markt\/#website"},"primaryImageOfPage":{"@id":"https:\/\/marktxxl.de\/markt\/produkt\/roexun-uv-led-lampe-fuer-naegel168w-nageltrockner-fuer-gel-nagellacktragbarer-usb-ladefunktionauto-sensor-aushaertelampe-mit-4-timer-einstellungennagelwerkzeuge-fuer-fingernagel-und-zehennagel\/#primaryimage"},"image":{"@id":"https:\/\/marktxxl.de\/markt\/produkt\/roexun-uv-led-lampe-fuer-naegel168w-nageltrockner-fuer-gel-nagellacktragbarer-usb-ladefunktionauto-sensor-aushaertelampe-mit-4-timer-einstellungennagelwerkzeuge-fuer-fingernagel-und-zehennagel\/#primaryimage"},"thumbnailUrl":"https:\/\/m.media-amazon.com\/images\/I\/41eReGBe6oL._SL500_.jpg","datePublished":"2024-06-28T17:16:13+00:00","description":"Markt-XXL ROEXUN UV LED Lampe f\u00fcr N\u00e4gel,168W Nageltrockner f\u00fcr Gel Nagellack,Tragbarer USB-Ladefunktion,Auto-Sensor Aush\u00e4rtelampe mit 4 Timer Einstellungen,Nagelwerkzeuge f\u00fcr Fingernagel und Zehennagel","breadcrumb":{"@id":"https:\/\/marktxxl.de\/markt\/produkt\/roexun-uv-led-lampe-fuer-naegel168w-nageltrockner-fuer-gel-nagellacktragbarer-usb-ladefunktionauto-sensor-aushaertelampe-mit-4-timer-einstellungennagelwerkzeuge-fuer-fingernagel-und-zehennagel\/#breadcrumb"},"inLanguage":"de","potentialAction":[{"@type":"ReadAction","target":["https:\/\/marktxxl.de\/markt\/produkt\/roexun-uv-led-lampe-fuer-naegel168w-nageltrockner-fuer-gel-nagellacktragbarer-usb-ladefunktionauto-sensor-aushaertelampe-mit-4-timer-einstellungennagelwerkzeuge-fuer-fingernagel-und-zehennagel\/"]}]},{"@type":"ImageObject","inLanguage":"de","@id":"https:\/\/marktxxl.de\/markt\/produkt\/roexun-uv-led-lampe-fuer-naegel168w-nageltrockner-fuer-gel-nagellacktragbarer-usb-ladefunktionauto-sensor-aushaertelampe-mit-4-timer-einstellungennagelwerkzeuge-fuer-fingernagel-und-zehennagel\/#primaryimage","url":"https:\/\/m.media-amazon.com\/images\/I\/41eReGBe6oL._SL500_.jpg","contentUrl":"https:\/\/m.media-amazon.com\/images\/I\/41eReGBe6oL._SL500_.jpg","width":500,"height":500},{"@type":"BreadcrumbList","@id":"https:\/\/marktxxl.de\/markt\/produkt\/roexun-uv-led-lampe-fuer-naegel168w-nageltrockner-fuer-gel-nagellacktragbarer-usb-ladefunktionauto-sensor-aushaertelampe-mit-4-timer-einstellungennagelwerkzeuge-fuer-fingernagel-und-zehennagel\/#breadcrumb","itemListElement":[{"@type":"ListItem","position":1,"name":"Startseite","item":"https:\/\/marktxxl.de\/markt\/"},{"@type":"ListItem","position":2,"name":"Markt","item":"https:\/\/marktxxl.de\/markt\/"},{"@type":"ListItem","position":3,"name":"ROEXUN UV LED Lampe f\u00fcr N\u00e4gel,168W Nageltrockner f\u00fcr Gel Nagellack,Tragbarer USB-Ladefunktion,Auto-Sensor Aush\u00e4rtelampe mit 4 Timer Einstellungen,Nagelwerkzeuge f\u00fcr Fingernagel und Zehennagel"}]},{"@type":"WebSite","@id":"https:\/\/marktxxl.de\/markt\/#website","url":"https:\/\/marktxxl.de\/markt\/","name":"Markt-XXL","description":"Ihr Markt Online","publisher":{"@id":"https:\/\/marktxxl.de\/markt\/#organization"},"potentialAction":[{"@type":"SearchAction","target":{"@type":"EntryPoint","urlTemplate":"https:\/\/marktxxl.de\/markt\/?s={search_term_string}"},"query-input":{"@type":"PropertyValueSpecification","valueRequired":true,"valueName":"search_term_string"}}],"inLanguage":"de"},{"@type":"Organization","@id":"https:\/\/marktxxl.de\/markt\/#organization","name":"Markt-XXL","url":"https:\/\/marktxxl.de\/markt\/","logo":{"@type":"ImageObject","inLanguage":"de","@id":"https:\/\/marktxxl.de\/markt\/#\/schema\/logo\/image\/","url":"https:\/\/marktxxl.de\/markt\/wp-content\/uploads\/sites\/3\/2020\/12\/logo.png","contentUrl":"https:\/\/marktxxl.de\/markt\/wp-content\/uploads\/sites\/3\/2020\/12\/logo.png","width":200,"height":70,"caption":"Markt-XXL"},"image":{"@id":"https:\/\/marktxxl.de\/markt\/#\/schema\/logo\/image\/"}}]}},"_links":{"self":[{"href":"https:\/\/marktxxl.de\/markt\/wp-json\/wp\/v2\/product\/213432","targetHints":{"allow":["GET"]}}],"collection":[{"href":"https:\/\/marktxxl.de\/markt\/wp-json\/wp\/v2\/product"}],"about":[{"href":"https:\/\/marktxxl.de\/markt\/wp-json\/wp\/v2\/types\/product"}],"replies":[{"embeddable":true,"href":"https:\/\/marktxxl.de\/markt\/wp-json\/wp\/v2\/comments?post=213432"}],"wp:featuredmedia":[{"embeddable":true,"href":"https:\/\/marktxxl.de\/markt\/wp-json\/wp\/v2\/media\/213433"}],"wp:attachment":[{"href":"https:\/\/marktxxl.de\/markt\/wp-json\/wp\/v2\/media?parent=213432"}],"wp:term":[{"taxonomy":"product_brand","embeddable":true,"href":"https:\/\/marktxxl.de\/markt\/wp-json\/wp\/v2\/product_brand?post=213432"},{"taxonomy":"product_cat","embeddable":true,"href":"https:\/\/marktxxl.de\/markt\/wp-json\/wp\/v2\/product_cat?post=213432"},{"taxonomy":"product_tag","embeddable":true,"href":"https:\/\/marktxxl.de\/markt\/wp-json\/wp\/v2\/product_tag?post=213432"}],"curies":[{"name":"wp","href":"https:\/\/api.w.org\/{rel}","templated":true}]}}