{"id":213401,"date":"2024-06-28T18:49:56","date_gmt":"2024-06-28T16:49:56","guid":{"rendered":"https:\/\/marktxxl.de\/markt\/produkt\/lashcocaine-overrich-mascara-new-3looks-technology-wimperntusche-unterstuetzt-natuerliches-wimpernwachtum-trending-black-mascara-by-svenja-walberg-wischfest-vegan-made-in-g\/"},"modified":"2024-06-28T18:49:56","modified_gmt":"2024-06-28T16:49:56","slug":"lashcocaine-overrich-mascara-new-3looks-technology-wimperntusche-unterstuetzt-natuerliches-wimpernwachtum-trending-black-mascara-by-svenja-walberg-wischfest-vegan-made-in-g","status":"publish","type":"product","link":"https:\/\/marktxxl.de\/markt\/produkt\/lashcocaine-overrich-mascara-new-3looks-technology-wimperntusche-unterstuetzt-natuerliches-wimpernwachtum-trending-black-mascara-by-svenja-walberg-wischfest-vegan-made-in-g\/","title":{"rendered":"LASHCOCAINE OVERRICH MASCARA \u2013 NEW 3LOOKS Technology \u2013 Wimperntusche unterst\u00fctzt nat\u00fcrliches Wimpernwachtum &#8211; TRENDING BLACK Mascara by Svenja Walberg &#8211; WISCHFEST &#8211; VEGAN &#8211; MADE IN GERMANY"},"content":{"rendered":"<p>3LOOKS TECHNOLOGY &#8211; Kreiere 3 Signature Looks durch spezielle Beschichtungstechnologie. Mehrfaches Auftragen steigert Dein Ergebnis! 1x auftragen \u27a1\ufe0f Deinen Everyday classy Wimpern BUSINESS LOOK. 2x auftragen \u27a1\ufe0f GLAMOUR LOOK, der Dich zum absoluten Hingucker macht. 3x auftragen \u27a1\ufe0f DEEPFAKE LOOK, welcher Deine Wimpern auf ihr intensivstes Styling Level bringt.<br \/>\nULTIMATE LONG LASHES \u2013 Mit jedem Styling wird Dein nat\u00fcrliches Wimpernwachstum dank patentierten 2% WideLash unterst\u00fctzt. Neuer patentierter Herstellungsprozess sorgt f\u00fcr maximales Volumen, ohne zu verkleben.<br \/>\nWISCHFEST 2.0 \u2013 Bye Bye Panda Eyes. Absolut wischfest und dennoch leicht abzureinigen dank spezieller WIPE RESISTANT Technology.<br \/>\nTRENDING BLACK MASCARA \u2013 Darker than night Premium Black! Intensives Schwarz f\u00fcr einen unverg\u00e4nglichen Look.<br \/>\nLASHCARE COMPLEX \u2013 Biotin, Vitamin B5 und Hyalurons\u00e4ure pflegen die Wimpern bis in die Tiefe, spenden Feuchtigkeit und sorgen f\u00fcr einen strahlenden Glanz. Nat\u00fcrlich vegan und ohne chemische Triethanolamine (TEA), Polyethylenglykole (PEG), D5 Siloxane oder Parabene.<br \/>\n<div class=\"main-cross-sell\" data-asin=\"B0CNNMQ1W7\">\n\n\t<div class=\"WooZone-cross-sell-loader\">\n\t\t<div>\n\t\t\t<div id=\"floatingBarsG\">\n\t\t\t\t<div class=\"blockG\" id=\"rotateG_01\"><\/div>\n\t\t\t\t<div class=\"blockG\" id=\"rotateG_02\"><\/div>\n\t\t\t\t<div class=\"blockG\" id=\"rotateG_03\"><\/div>\n\t\t\t\t<div class=\"blockG\" id=\"rotateG_04\"><\/div>\n\t\t\t\t<div class=\"blockG\" id=\"rotateG_05\"><\/div>\n\t\t\t\t<div class=\"blockG\" id=\"rotateG_06\"><\/div>\n\t\t\t\t<div class=\"blockG\" id=\"rotateG_07\"><\/div>\n\t\t\t\t<div class=\"blockG\" id=\"rotateG_08\"><\/div>\n\t\t\t<\/div>\n\t\t\t<div class=\"WooZone-cross-sell-loader-text\"><\/div>\n\t\t<\/div>\n\t<\/div>\n\n\t\t\n<\/div>\n<div style=\"clear:both;\"><\/div><\/p>\n","protected":false},"excerpt":{"rendered":"<p>3LOOKS TECHNOLOGY &#8211; Kreiere 3 Signature Looks durch spezielle Beschichtungstechnologie. Mehrfaches Auftragen steigert Dein Ergebnis! 1x auftragen \u27a1\ufe0f Deinen Everyday classy Wimpern BUSINESS LOOK. 2x auftragen \u27a1\ufe0f GLAMOUR LOOK, der Dich zum absoluten Hingucker macht. 3x auftragen \u27a1\ufe0f DEEPFAKE LOOK, welcher Deine Wimpern auf ihr intensivstes Styling Level bringt.<br \/>\nULTIMATE LONG LASHES \u2013 Mit jedem Styling wird Dein nat\u00fcrliches Wimpernwachstum dank patentierten 2% WideLash unterst\u00fctzt. Neuer patentierter Herstellungsprozess sorgt f\u00fcr maximales Volumen, ohne zu verkleben.<br \/>\nWISCHFEST 2.0 \u2013 Bye Bye Panda Eyes. Absolut wischfest und dennoch leicht abzureinigen dank spezieller WIPE RESISTANT Technology.<\/p>\n","protected":false},"featured_media":213402,"comment_status":"open","ping_status":"closed","template":"","meta":[],"product_brand":[],"product_cat":[2858,7575],"product_tag":[],"class_list":{"0":"post-213401","1":"product","2":"type-product","3":"status-publish","4":"has-post-thumbnail","6":"product_cat-beauty","7":"product_cat-make-up","8":"pa_binding-badartikel","9":"pa_brand-svenja-walberg","10":"pa_manufacturer-walberg-gmbh","11":"pa_size-7-5-ml-1er-pack","13":"first","14":"instock","15":"shipping-taxable","16":"purchasable","17":"product-type-simple","18":"customify-col","19":"product-has-gallery"},"yoast_head":"<!-- This site is optimized with the Yoast SEO plugin v27.4 - https:\/\/yoast.com\/product\/yoast-seo-wordpress\/ -->\n<title>LASHCOCAINE OVERRICH MASCARA \u2013 NEW 3LOOKS Technology \u2013 Wimperntusche unterst\u00fctzt nat\u00fcrliches Wimpernwachtum - TRENDING BLACK Mascara by Svenja Walberg - WISCHFEST - VEGAN - MADE IN GERMANY - Markt-XXL<\/title>\n<meta name=\"description\" content=\"Markt-XXL LASHCOCAINE OVERRICH MASCARA \u2013 NEW 3LOOKS Technology \u2013 Wimperntusche unterst\u00fctzt nat\u00fcrliches Wimpernwachtum - TRENDING BLACK Mascara by Svenja Walberg - WISCHFEST - VEGAN - MADE IN GERMANY\" \/>\n<meta name=\"robots\" content=\"index, follow, max-snippet:-1, max-image-preview:large, max-video-preview:-1\" \/>\n<link rel=\"canonical\" href=\"https:\/\/marktxxl.de\/markt\/produkt\/lashcocaine-overrich-mascara-new-3looks-technology-wimperntusche-unterstuetzt-natuerliches-wimpernwachtum-trending-black-mascara-by-svenja-walberg-wischfest-vegan-made-in-g\/\" \/>\n<meta property=\"og:locale\" content=\"de_DE\" \/>\n<meta property=\"og:type\" content=\"article\" \/>\n<meta property=\"og:title\" content=\"LASHCOCAINE OVERRICH MASCARA \u2013 NEW 3LOOKS Technology \u2013 Wimperntusche unterst\u00fctzt nat\u00fcrliches Wimpernwachtum - TRENDING BLACK Mascara by Svenja Walberg - WISCHFEST - VEGAN - MADE IN GERMANY - Markt-XXL\" \/>\n<meta property=\"og:description\" content=\"Markt-XXL LASHCOCAINE OVERRICH MASCARA \u2013 NEW 3LOOKS Technology \u2013 Wimperntusche unterst\u00fctzt nat\u00fcrliches Wimpernwachtum - TRENDING BLACK Mascara by Svenja Walberg - WISCHFEST - VEGAN - MADE IN GERMANY\" \/>\n<meta property=\"og:url\" content=\"https:\/\/marktxxl.de\/markt\/produkt\/lashcocaine-overrich-mascara-new-3looks-technology-wimperntusche-unterstuetzt-natuerliches-wimpernwachtum-trending-black-mascara-by-svenja-walberg-wischfest-vegan-made-in-g\/\" \/>\n<meta property=\"og:site_name\" content=\"Markt-XXL\" \/>\n<meta name=\"twitter:card\" content=\"summary_large_image\" \/>\n<meta name=\"twitter:label1\" content=\"Gesch\u00e4tzte Lesezeit\" \/>\n\t<meta name=\"twitter:data1\" content=\"1\u00a0Minute\" \/>\n<script type=\"application\/ld+json\" class=\"yoast-schema-graph\">{\"@context\":\"https:\\\/\\\/schema.org\",\"@graph\":[{\"@type\":\"WebPage\",\"@id\":\"https:\\\/\\\/marktxxl.de\\\/markt\\\/produkt\\\/lashcocaine-overrich-mascara-new-3looks-technology-wimperntusche-unterstuetzt-natuerliches-wimpernwachtum-trending-black-mascara-by-svenja-walberg-wischfest-vegan-made-in-g\\\/\",\"url\":\"https:\\\/\\\/marktxxl.de\\\/markt\\\/produkt\\\/lashcocaine-overrich-mascara-new-3looks-technology-wimperntusche-unterstuetzt-natuerliches-wimpernwachtum-trending-black-mascara-by-svenja-walberg-wischfest-vegan-made-in-g\\\/\",\"name\":\"LASHCOCAINE OVERRICH MASCARA \u2013 NEW 3LOOKS Technology \u2013 Wimperntusche unterst\u00fctzt nat\u00fcrliches Wimpernwachtum - TRENDING BLACK Mascara by Svenja Walberg - WISCHFEST - VEGAN - MADE IN GERMANY - Markt-XXL\",\"isPartOf\":{\"@id\":\"https:\\\/\\\/marktxxl.de\\\/markt\\\/#website\"},\"primaryImageOfPage\":{\"@id\":\"https:\\\/\\\/marktxxl.de\\\/markt\\\/produkt\\\/lashcocaine-overrich-mascara-new-3looks-technology-wimperntusche-unterstuetzt-natuerliches-wimpernwachtum-trending-black-mascara-by-svenja-walberg-wischfest-vegan-made-in-g\\\/#primaryimage\"},\"image\":{\"@id\":\"https:\\\/\\\/marktxxl.de\\\/markt\\\/produkt\\\/lashcocaine-overrich-mascara-new-3looks-technology-wimperntusche-unterstuetzt-natuerliches-wimpernwachtum-trending-black-mascara-by-svenja-walberg-wischfest-vegan-made-in-g\\\/#primaryimage\"},\"thumbnailUrl\":\"https:\\\/\\\/m.media-amazon.com\\\/images\\\/I\\\/41wNJOy7AZL._SL500_.jpg\",\"datePublished\":\"2024-06-28T16:49:56+00:00\",\"description\":\"Markt-XXL LASHCOCAINE OVERRICH MASCARA \u2013 NEW 3LOOKS Technology \u2013 Wimperntusche unterst\u00fctzt nat\u00fcrliches Wimpernwachtum - TRENDING BLACK Mascara by Svenja Walberg - WISCHFEST - VEGAN - MADE IN GERMANY\",\"breadcrumb\":{\"@id\":\"https:\\\/\\\/marktxxl.de\\\/markt\\\/produkt\\\/lashcocaine-overrich-mascara-new-3looks-technology-wimperntusche-unterstuetzt-natuerliches-wimpernwachtum-trending-black-mascara-by-svenja-walberg-wischfest-vegan-made-in-g\\\/#breadcrumb\"},\"inLanguage\":\"de\",\"potentialAction\":[{\"@type\":\"ReadAction\",\"target\":[\"https:\\\/\\\/marktxxl.de\\\/markt\\\/produkt\\\/lashcocaine-overrich-mascara-new-3looks-technology-wimperntusche-unterstuetzt-natuerliches-wimpernwachtum-trending-black-mascara-by-svenja-walberg-wischfest-vegan-made-in-g\\\/\"]}]},{\"@type\":\"ImageObject\",\"inLanguage\":\"de\",\"@id\":\"https:\\\/\\\/marktxxl.de\\\/markt\\\/produkt\\\/lashcocaine-overrich-mascara-new-3looks-technology-wimperntusche-unterstuetzt-natuerliches-wimpernwachtum-trending-black-mascara-by-svenja-walberg-wischfest-vegan-made-in-g\\\/#primaryimage\",\"url\":\"https:\\\/\\\/m.media-amazon.com\\\/images\\\/I\\\/41wNJOy7AZL._SL500_.jpg\",\"contentUrl\":\"https:\\\/\\\/m.media-amazon.com\\\/images\\\/I\\\/41wNJOy7AZL._SL500_.jpg\",\"width\":500,\"height\":500},{\"@type\":\"BreadcrumbList\",\"@id\":\"https:\\\/\\\/marktxxl.de\\\/markt\\\/produkt\\\/lashcocaine-overrich-mascara-new-3looks-technology-wimperntusche-unterstuetzt-natuerliches-wimpernwachtum-trending-black-mascara-by-svenja-walberg-wischfest-vegan-made-in-g\\\/#breadcrumb\",\"itemListElement\":[{\"@type\":\"ListItem\",\"position\":1,\"name\":\"Startseite\",\"item\":\"https:\\\/\\\/marktxxl.de\\\/markt\\\/\"},{\"@type\":\"ListItem\",\"position\":2,\"name\":\"Markt\",\"item\":\"https:\\\/\\\/marktxxl.de\\\/markt\\\/\"},{\"@type\":\"ListItem\",\"position\":3,\"name\":\"LASHCOCAINE OVERRICH MASCARA \u2013 NEW 3LOOKS Technology \u2013 Wimperntusche unterst\u00fctzt nat\u00fcrliches Wimpernwachtum &#8211; TRENDING BLACK Mascara by Svenja Walberg &#8211; WISCHFEST &#8211; VEGAN &#8211; MADE IN GERMANY\"}]},{\"@type\":\"WebSite\",\"@id\":\"https:\\\/\\\/marktxxl.de\\\/markt\\\/#website\",\"url\":\"https:\\\/\\\/marktxxl.de\\\/markt\\\/\",\"name\":\"Markt-XXL\",\"description\":\"Ihr Markt Online\",\"publisher\":{\"@id\":\"https:\\\/\\\/marktxxl.de\\\/markt\\\/#organization\"},\"potentialAction\":[{\"@type\":\"SearchAction\",\"target\":{\"@type\":\"EntryPoint\",\"urlTemplate\":\"https:\\\/\\\/marktxxl.de\\\/markt\\\/?s={search_term_string}\"},\"query-input\":{\"@type\":\"PropertyValueSpecification\",\"valueRequired\":true,\"valueName\":\"search_term_string\"}}],\"inLanguage\":\"de\"},{\"@type\":\"Organization\",\"@id\":\"https:\\\/\\\/marktxxl.de\\\/markt\\\/#organization\",\"name\":\"Markt-XXL\",\"url\":\"https:\\\/\\\/marktxxl.de\\\/markt\\\/\",\"logo\":{\"@type\":\"ImageObject\",\"inLanguage\":\"de\",\"@id\":\"https:\\\/\\\/marktxxl.de\\\/markt\\\/#\\\/schema\\\/logo\\\/image\\\/\",\"url\":\"https:\\\/\\\/marktxxl.de\\\/markt\\\/wp-content\\\/uploads\\\/sites\\\/3\\\/2020\\\/12\\\/logo.png\",\"contentUrl\":\"https:\\\/\\\/marktxxl.de\\\/markt\\\/wp-content\\\/uploads\\\/sites\\\/3\\\/2020\\\/12\\\/logo.png\",\"width\":200,\"height\":70,\"caption\":\"Markt-XXL\"},\"image\":{\"@id\":\"https:\\\/\\\/marktxxl.de\\\/markt\\\/#\\\/schema\\\/logo\\\/image\\\/\"}}]}<\/script>\n<!-- \/ Yoast SEO plugin. -->","yoast_head_json":{"title":"LASHCOCAINE OVERRICH MASCARA \u2013 NEW 3LOOKS Technology \u2013 Wimperntusche unterst\u00fctzt nat\u00fcrliches Wimpernwachtum - TRENDING BLACK Mascara by Svenja Walberg - WISCHFEST - VEGAN - MADE IN GERMANY - Markt-XXL","description":"Markt-XXL LASHCOCAINE OVERRICH MASCARA \u2013 NEW 3LOOKS Technology \u2013 Wimperntusche unterst\u00fctzt nat\u00fcrliches Wimpernwachtum - TRENDING BLACK Mascara by Svenja Walberg - WISCHFEST - VEGAN - MADE IN GERMANY","robots":{"index":"index","follow":"follow","max-snippet":"max-snippet:-1","max-image-preview":"max-image-preview:large","max-video-preview":"max-video-preview:-1"},"canonical":"https:\/\/marktxxl.de\/markt\/produkt\/lashcocaine-overrich-mascara-new-3looks-technology-wimperntusche-unterstuetzt-natuerliches-wimpernwachtum-trending-black-mascara-by-svenja-walberg-wischfest-vegan-made-in-g\/","og_locale":"de_DE","og_type":"article","og_title":"LASHCOCAINE OVERRICH MASCARA \u2013 NEW 3LOOKS Technology \u2013 Wimperntusche unterst\u00fctzt nat\u00fcrliches Wimpernwachtum - TRENDING BLACK Mascara by Svenja Walberg - WISCHFEST - VEGAN - MADE IN GERMANY - Markt-XXL","og_description":"Markt-XXL LASHCOCAINE OVERRICH MASCARA \u2013 NEW 3LOOKS Technology \u2013 Wimperntusche unterst\u00fctzt nat\u00fcrliches Wimpernwachtum - TRENDING BLACK Mascara by Svenja Walberg - WISCHFEST - VEGAN - MADE IN GERMANY","og_url":"https:\/\/marktxxl.de\/markt\/produkt\/lashcocaine-overrich-mascara-new-3looks-technology-wimperntusche-unterstuetzt-natuerliches-wimpernwachtum-trending-black-mascara-by-svenja-walberg-wischfest-vegan-made-in-g\/","og_site_name":"Markt-XXL","twitter_card":"summary_large_image","twitter_misc":{"Gesch\u00e4tzte Lesezeit":"1\u00a0Minute"},"schema":{"@context":"https:\/\/schema.org","@graph":[{"@type":"WebPage","@id":"https:\/\/marktxxl.de\/markt\/produkt\/lashcocaine-overrich-mascara-new-3looks-technology-wimperntusche-unterstuetzt-natuerliches-wimpernwachtum-trending-black-mascara-by-svenja-walberg-wischfest-vegan-made-in-g\/","url":"https:\/\/marktxxl.de\/markt\/produkt\/lashcocaine-overrich-mascara-new-3looks-technology-wimperntusche-unterstuetzt-natuerliches-wimpernwachtum-trending-black-mascara-by-svenja-walberg-wischfest-vegan-made-in-g\/","name":"LASHCOCAINE OVERRICH MASCARA \u2013 NEW 3LOOKS Technology \u2013 Wimperntusche unterst\u00fctzt nat\u00fcrliches Wimpernwachtum - TRENDING BLACK Mascara by Svenja Walberg - WISCHFEST - VEGAN - MADE IN GERMANY - Markt-XXL","isPartOf":{"@id":"https:\/\/marktxxl.de\/markt\/#website"},"primaryImageOfPage":{"@id":"https:\/\/marktxxl.de\/markt\/produkt\/lashcocaine-overrich-mascara-new-3looks-technology-wimperntusche-unterstuetzt-natuerliches-wimpernwachtum-trending-black-mascara-by-svenja-walberg-wischfest-vegan-made-in-g\/#primaryimage"},"image":{"@id":"https:\/\/marktxxl.de\/markt\/produkt\/lashcocaine-overrich-mascara-new-3looks-technology-wimperntusche-unterstuetzt-natuerliches-wimpernwachtum-trending-black-mascara-by-svenja-walberg-wischfest-vegan-made-in-g\/#primaryimage"},"thumbnailUrl":"https:\/\/m.media-amazon.com\/images\/I\/41wNJOy7AZL._SL500_.jpg","datePublished":"2024-06-28T16:49:56+00:00","description":"Markt-XXL LASHCOCAINE OVERRICH MASCARA \u2013 NEW 3LOOKS Technology \u2013 Wimperntusche unterst\u00fctzt nat\u00fcrliches Wimpernwachtum - TRENDING BLACK Mascara by Svenja Walberg - WISCHFEST - VEGAN - MADE IN GERMANY","breadcrumb":{"@id":"https:\/\/marktxxl.de\/markt\/produkt\/lashcocaine-overrich-mascara-new-3looks-technology-wimperntusche-unterstuetzt-natuerliches-wimpernwachtum-trending-black-mascara-by-svenja-walberg-wischfest-vegan-made-in-g\/#breadcrumb"},"inLanguage":"de","potentialAction":[{"@type":"ReadAction","target":["https:\/\/marktxxl.de\/markt\/produkt\/lashcocaine-overrich-mascara-new-3looks-technology-wimperntusche-unterstuetzt-natuerliches-wimpernwachtum-trending-black-mascara-by-svenja-walberg-wischfest-vegan-made-in-g\/"]}]},{"@type":"ImageObject","inLanguage":"de","@id":"https:\/\/marktxxl.de\/markt\/produkt\/lashcocaine-overrich-mascara-new-3looks-technology-wimperntusche-unterstuetzt-natuerliches-wimpernwachtum-trending-black-mascara-by-svenja-walberg-wischfest-vegan-made-in-g\/#primaryimage","url":"https:\/\/m.media-amazon.com\/images\/I\/41wNJOy7AZL._SL500_.jpg","contentUrl":"https:\/\/m.media-amazon.com\/images\/I\/41wNJOy7AZL._SL500_.jpg","width":500,"height":500},{"@type":"BreadcrumbList","@id":"https:\/\/marktxxl.de\/markt\/produkt\/lashcocaine-overrich-mascara-new-3looks-technology-wimperntusche-unterstuetzt-natuerliches-wimpernwachtum-trending-black-mascara-by-svenja-walberg-wischfest-vegan-made-in-g\/#breadcrumb","itemListElement":[{"@type":"ListItem","position":1,"name":"Startseite","item":"https:\/\/marktxxl.de\/markt\/"},{"@type":"ListItem","position":2,"name":"Markt","item":"https:\/\/marktxxl.de\/markt\/"},{"@type":"ListItem","position":3,"name":"LASHCOCAINE OVERRICH MASCARA \u2013 NEW 3LOOKS Technology \u2013 Wimperntusche unterst\u00fctzt nat\u00fcrliches Wimpernwachtum &#8211; TRENDING BLACK Mascara by Svenja Walberg &#8211; WISCHFEST &#8211; VEGAN &#8211; MADE IN GERMANY"}]},{"@type":"WebSite","@id":"https:\/\/marktxxl.de\/markt\/#website","url":"https:\/\/marktxxl.de\/markt\/","name":"Markt-XXL","description":"Ihr Markt Online","publisher":{"@id":"https:\/\/marktxxl.de\/markt\/#organization"},"potentialAction":[{"@type":"SearchAction","target":{"@type":"EntryPoint","urlTemplate":"https:\/\/marktxxl.de\/markt\/?s={search_term_string}"},"query-input":{"@type":"PropertyValueSpecification","valueRequired":true,"valueName":"search_term_string"}}],"inLanguage":"de"},{"@type":"Organization","@id":"https:\/\/marktxxl.de\/markt\/#organization","name":"Markt-XXL","url":"https:\/\/marktxxl.de\/markt\/","logo":{"@type":"ImageObject","inLanguage":"de","@id":"https:\/\/marktxxl.de\/markt\/#\/schema\/logo\/image\/","url":"https:\/\/marktxxl.de\/markt\/wp-content\/uploads\/sites\/3\/2020\/12\/logo.png","contentUrl":"https:\/\/marktxxl.de\/markt\/wp-content\/uploads\/sites\/3\/2020\/12\/logo.png","width":200,"height":70,"caption":"Markt-XXL"},"image":{"@id":"https:\/\/marktxxl.de\/markt\/#\/schema\/logo\/image\/"}}]}},"_links":{"self":[{"href":"https:\/\/marktxxl.de\/markt\/wp-json\/wp\/v2\/product\/213401","targetHints":{"allow":["GET"]}}],"collection":[{"href":"https:\/\/marktxxl.de\/markt\/wp-json\/wp\/v2\/product"}],"about":[{"href":"https:\/\/marktxxl.de\/markt\/wp-json\/wp\/v2\/types\/product"}],"replies":[{"embeddable":true,"href":"https:\/\/marktxxl.de\/markt\/wp-json\/wp\/v2\/comments?post=213401"}],"wp:featuredmedia":[{"embeddable":true,"href":"https:\/\/marktxxl.de\/markt\/wp-json\/wp\/v2\/media\/213402"}],"wp:attachment":[{"href":"https:\/\/marktxxl.de\/markt\/wp-json\/wp\/v2\/media?parent=213401"}],"wp:term":[{"taxonomy":"product_brand","embeddable":true,"href":"https:\/\/marktxxl.de\/markt\/wp-json\/wp\/v2\/product_brand?post=213401"},{"taxonomy":"product_cat","embeddable":true,"href":"https:\/\/marktxxl.de\/markt\/wp-json\/wp\/v2\/product_cat?post=213401"},{"taxonomy":"product_tag","embeddable":true,"href":"https:\/\/marktxxl.de\/markt\/wp-json\/wp\/v2\/product_tag?post=213401"}],"curies":[{"name":"wp","href":"https:\/\/api.w.org\/{rel}","templated":true}]}}