{"id":213387,"date":"2024-06-28T18:49:41","date_gmt":"2024-06-28T16:49:41","guid":{"rendered":"https:\/\/marktxxl.de\/markt\/produkt\/hautkleber-fuer-glitzertattoos-eleanores-diary-10-ml2-glitter-glue-geruchlos-nicht-toxisch-glitzer-tattoo-kleber-fuer-karneval-osternschiminke-weihnachten-cosplay-partys\/"},"modified":"2024-06-28T18:49:41","modified_gmt":"2024-06-28T16:49:41","slug":"hautkleber-fuer-glitzertattoos-eleanores-diary-10-ml2-glitter-glue-geruchlos-nicht-toxisch-glitzer-tattoo-kleber-fuer-karneval-osternschiminke-weihnachten-cosplay-partys","status":"publish","type":"product","link":"https:\/\/marktxxl.de\/markt\/produkt\/hautkleber-fuer-glitzertattoos-eleanores-diary-10-ml2-glitter-glue-geruchlos-nicht-toxisch-glitzer-tattoo-kleber-fuer-karneval-osternschiminke-weihnachten-cosplay-partys\/","title":{"rendered":"Hautkleber f\u00fcr Glitzertattoos, Eleanore&#8217;s Diary 10 ml*2 Glitter Glue, Geruchlos&amp; Nicht Toxisch, Glitzer tattoo kleber f\u00fcr Karneval, Ostern,Schiminke, Weihnachten, Cosplay, Partys"},"content":{"rendered":"<p>\ud83c\udf6c\ud83c\udf6c\u3010Breites Anwendungsspektrum\u3011: Glitzer Kleber ist sehr geeignet f\u00fcr Flash Tattoo, Glitzer Make-up, Strasssteinen, Feder, DIY, etc. Es ist sehr geeignet f\u00fcr Karneval, Cosplay, Halloween, Ostern, Mottoparty, etc.<br \/>\n\ud83c\udf80\ud83c\udf80\u3010Sicher und Hautfreundlich\u3011: Kleber besteht aus sicheren nat\u00fcrlichen Inhaltsstoffen, ungiftig und anwendbar auf alle Hauttypen. Aber f\u00fcr sehr kleine Kinder unter 3 Jahren und Menschen mit empfindlicher Haut sollten vor der Anwendung getestet werden.<br \/>\n\ud83c\udf6d\ud83c\udf6d\u3010Gebrauchsanweisung\u3011: Zuerst kleben Sie die Schablone auf die Stelle, die Sie t\u00e4towieren m\u00f6chten und tragen Kleber auf. Nachdem der Kleber vollst\u00e4ndig transparent geworden ist, rei\u00dfen Sie die Schablone ab. Dann tragen Sie mit einem Pinsel Glitzer auf.<br \/>\n\ud83c\udf3b\ud83c\udf3b\u3010Leicht zu Reinigen\u3011: Kleber kann mit milder Seifenlauge und warmes Wasser gewaschen werden und ist leicht zu reinigen.<br \/>\n\ud83e\udd84\ud83e\udd84 \u3010Paketliste\u3011: 2 Flaschen Kleber, 10 ml f\u00fcr jede Flasche, 20 ml insgesamt.<br \/>\n<div class=\"main-cross-sell\" data-asin=\"B0B791BBV8\">\n\n\t<div class=\"WooZone-cross-sell-loader\">\n\t\t<div>\n\t\t\t<div id=\"floatingBarsG\">\n\t\t\t\t<div class=\"blockG\" id=\"rotateG_01\"><\/div>\n\t\t\t\t<div class=\"blockG\" id=\"rotateG_02\"><\/div>\n\t\t\t\t<div class=\"blockG\" id=\"rotateG_03\"><\/div>\n\t\t\t\t<div class=\"blockG\" id=\"rotateG_04\"><\/div>\n\t\t\t\t<div class=\"blockG\" id=\"rotateG_05\"><\/div>\n\t\t\t\t<div class=\"blockG\" id=\"rotateG_06\"><\/div>\n\t\t\t\t<div class=\"blockG\" id=\"rotateG_07\"><\/div>\n\t\t\t\t<div class=\"blockG\" id=\"rotateG_08\"><\/div>\n\t\t\t<\/div>\n\t\t\t<div class=\"WooZone-cross-sell-loader-text\"><\/div>\n\t\t<\/div>\n\t<\/div>\n\n\t\t\n<\/div>\n<div style=\"clear:both;\"><\/div><\/p>\n","protected":false},"excerpt":{"rendered":"<p>\ud83c\udf6c\ud83c\udf6c\u3010Breites Anwendungsspektrum\u3011: Glitzer Kleber ist sehr geeignet f\u00fcr Flash Tattoo, Glitzer Make-up, Strasssteinen, Feder, DIY, etc. Es ist sehr geeignet f\u00fcr Karneval, Cosplay, Halloween, Ostern, Mottoparty, etc.<br \/>\n\ud83c\udf80\ud83c\udf80\u3010Sicher und Hautfreundlich\u3011: Kleber besteht aus sicheren nat\u00fcrlichen Inhaltsstoffen, ungiftig und anwendbar auf alle Hauttypen. Aber f\u00fcr sehr kleine Kinder unter 3 Jahren und Menschen mit empfindlicher Haut sollten vor der Anwendung getestet werden.<br \/>\n\ud83c\udf6d\ud83c\udf6d\u3010Gebrauchsanweisung\u3011: Zuerst kleben Sie die Schablone auf die Stelle, die Sie t\u00e4towieren m\u00f6chten und tragen Kleber auf. Nachdem der Kleber vollst\u00e4ndig transparent geworden ist, rei\u00dfen Sie die Schablone ab. Dann tragen Sie mit einem Pinsel Glitzer auf.<\/p>\n","protected":false},"featured_media":213388,"comment_status":"open","ping_status":"closed","template":"","meta":[],"product_brand":[],"product_cat":[2858,7575],"product_tag":[],"class_list":{"0":"post-213387","1":"product","2":"type-product","3":"status-publish","4":"has-post-thumbnail","6":"product_cat-beauty","7":"product_cat-make-up","8":"pa_brand-eleanores-diary","9":"pa_height-0-82-zoll","10":"pa_length-3-5-zoll","11":"pa_manufacturer-eleanores-diary","12":"pa_model-eleanore-003-1","13":"pa_width-3-38-zoll","15":"first","16":"instock","17":"shipping-taxable","18":"purchasable","19":"product-type-simple","20":"customify-col","21":"product-has-gallery"},"yoast_head":"<!-- This site is optimized with the Yoast SEO plugin v27.4 - https:\/\/yoast.com\/product\/yoast-seo-wordpress\/ -->\n<title>Hautkleber f\u00fcr Glitzertattoos, Eleanore&#039;s Diary 10 ml*2 Glitter Glue, Geruchlos&amp; Nicht Toxisch, Glitzer tattoo kleber f\u00fcr Karneval, Ostern,Schiminke, Weihnachten, Cosplay, Partys - Markt-XXL<\/title>\n<meta name=\"description\" content=\"Markt-XXL Hautkleber f\u00fcr Glitzertattoos, Eleanore&#039;s Diary 10 ml*2 Glitter Glue, Geruchlos&amp; Nicht Toxisch, Glitzer tattoo kleber f\u00fcr Karneval, Ostern,Schiminke, Weihnachten, Cosplay, Partys\" \/>\n<meta name=\"robots\" content=\"index, follow, max-snippet:-1, max-image-preview:large, max-video-preview:-1\" \/>\n<link rel=\"canonical\" href=\"https:\/\/marktxxl.de\/markt\/produkt\/hautkleber-fuer-glitzertattoos-eleanores-diary-10-ml2-glitter-glue-geruchlos-nicht-toxisch-glitzer-tattoo-kleber-fuer-karneval-osternschiminke-weihnachten-cosplay-partys\/\" \/>\n<meta property=\"og:locale\" content=\"de_DE\" \/>\n<meta property=\"og:type\" content=\"article\" \/>\n<meta property=\"og:title\" content=\"Hautkleber f\u00fcr Glitzertattoos, Eleanore&#039;s Diary 10 ml*2 Glitter Glue, Geruchlos&amp; Nicht Toxisch, Glitzer tattoo kleber f\u00fcr Karneval, Ostern,Schiminke, Weihnachten, Cosplay, Partys - Markt-XXL\" \/>\n<meta property=\"og:description\" content=\"Markt-XXL Hautkleber f\u00fcr Glitzertattoos, Eleanore&#039;s Diary 10 ml*2 Glitter Glue, Geruchlos&amp; Nicht Toxisch, Glitzer tattoo kleber f\u00fcr Karneval, Ostern,Schiminke, Weihnachten, Cosplay, Partys\" \/>\n<meta property=\"og:url\" content=\"https:\/\/marktxxl.de\/markt\/produkt\/hautkleber-fuer-glitzertattoos-eleanores-diary-10-ml2-glitter-glue-geruchlos-nicht-toxisch-glitzer-tattoo-kleber-fuer-karneval-osternschiminke-weihnachten-cosplay-partys\/\" \/>\n<meta property=\"og:site_name\" content=\"Markt-XXL\" \/>\n<meta name=\"twitter:card\" content=\"summary_large_image\" \/>\n<meta name=\"twitter:label1\" content=\"Gesch\u00e4tzte Lesezeit\" \/>\n\t<meta name=\"twitter:data1\" content=\"1\u00a0Minute\" \/>\n<script type=\"application\/ld+json\" class=\"yoast-schema-graph\">{\"@context\":\"https:\\\/\\\/schema.org\",\"@graph\":[{\"@type\":\"WebPage\",\"@id\":\"https:\\\/\\\/marktxxl.de\\\/markt\\\/produkt\\\/hautkleber-fuer-glitzertattoos-eleanores-diary-10-ml2-glitter-glue-geruchlos-nicht-toxisch-glitzer-tattoo-kleber-fuer-karneval-osternschiminke-weihnachten-cosplay-partys\\\/\",\"url\":\"https:\\\/\\\/marktxxl.de\\\/markt\\\/produkt\\\/hautkleber-fuer-glitzertattoos-eleanores-diary-10-ml2-glitter-glue-geruchlos-nicht-toxisch-glitzer-tattoo-kleber-fuer-karneval-osternschiminke-weihnachten-cosplay-partys\\\/\",\"name\":\"Hautkleber f\u00fcr Glitzertattoos, Eleanore's Diary 10 ml*2 Glitter Glue, Geruchlos&amp; Nicht Toxisch, Glitzer tattoo kleber f\u00fcr Karneval, Ostern,Schiminke, Weihnachten, Cosplay, Partys - Markt-XXL\",\"isPartOf\":{\"@id\":\"https:\\\/\\\/marktxxl.de\\\/markt\\\/#website\"},\"primaryImageOfPage\":{\"@id\":\"https:\\\/\\\/marktxxl.de\\\/markt\\\/produkt\\\/hautkleber-fuer-glitzertattoos-eleanores-diary-10-ml2-glitter-glue-geruchlos-nicht-toxisch-glitzer-tattoo-kleber-fuer-karneval-osternschiminke-weihnachten-cosplay-partys\\\/#primaryimage\"},\"image\":{\"@id\":\"https:\\\/\\\/marktxxl.de\\\/markt\\\/produkt\\\/hautkleber-fuer-glitzertattoos-eleanores-diary-10-ml2-glitter-glue-geruchlos-nicht-toxisch-glitzer-tattoo-kleber-fuer-karneval-osternschiminke-weihnachten-cosplay-partys\\\/#primaryimage\"},\"thumbnailUrl\":\"https:\\\/\\\/m.media-amazon.com\\\/images\\\/I\\\/419jvNuF86L._SL500_.jpg\",\"datePublished\":\"2024-06-28T16:49:41+00:00\",\"description\":\"Markt-XXL Hautkleber f\u00fcr Glitzertattoos, Eleanore's Diary 10 ml*2 Glitter Glue, Geruchlos&amp; Nicht Toxisch, Glitzer tattoo kleber f\u00fcr Karneval, Ostern,Schiminke, Weihnachten, Cosplay, Partys\",\"breadcrumb\":{\"@id\":\"https:\\\/\\\/marktxxl.de\\\/markt\\\/produkt\\\/hautkleber-fuer-glitzertattoos-eleanores-diary-10-ml2-glitter-glue-geruchlos-nicht-toxisch-glitzer-tattoo-kleber-fuer-karneval-osternschiminke-weihnachten-cosplay-partys\\\/#breadcrumb\"},\"inLanguage\":\"de\",\"potentialAction\":[{\"@type\":\"ReadAction\",\"target\":[\"https:\\\/\\\/marktxxl.de\\\/markt\\\/produkt\\\/hautkleber-fuer-glitzertattoos-eleanores-diary-10-ml2-glitter-glue-geruchlos-nicht-toxisch-glitzer-tattoo-kleber-fuer-karneval-osternschiminke-weihnachten-cosplay-partys\\\/\"]}]},{\"@type\":\"ImageObject\",\"inLanguage\":\"de\",\"@id\":\"https:\\\/\\\/marktxxl.de\\\/markt\\\/produkt\\\/hautkleber-fuer-glitzertattoos-eleanores-diary-10-ml2-glitter-glue-geruchlos-nicht-toxisch-glitzer-tattoo-kleber-fuer-karneval-osternschiminke-weihnachten-cosplay-partys\\\/#primaryimage\",\"url\":\"https:\\\/\\\/m.media-amazon.com\\\/images\\\/I\\\/419jvNuF86L._SL500_.jpg\",\"contentUrl\":\"https:\\\/\\\/m.media-amazon.com\\\/images\\\/I\\\/419jvNuF86L._SL500_.jpg\",\"width\":500,\"height\":500},{\"@type\":\"BreadcrumbList\",\"@id\":\"https:\\\/\\\/marktxxl.de\\\/markt\\\/produkt\\\/hautkleber-fuer-glitzertattoos-eleanores-diary-10-ml2-glitter-glue-geruchlos-nicht-toxisch-glitzer-tattoo-kleber-fuer-karneval-osternschiminke-weihnachten-cosplay-partys\\\/#breadcrumb\",\"itemListElement\":[{\"@type\":\"ListItem\",\"position\":1,\"name\":\"Startseite\",\"item\":\"https:\\\/\\\/marktxxl.de\\\/markt\\\/\"},{\"@type\":\"ListItem\",\"position\":2,\"name\":\"Markt\",\"item\":\"https:\\\/\\\/marktxxl.de\\\/markt\\\/\"},{\"@type\":\"ListItem\",\"position\":3,\"name\":\"Hautkleber f\u00fcr Glitzertattoos, Eleanore&#8217;s Diary 10 ml*2 Glitter Glue, Geruchlos&amp; Nicht Toxisch, Glitzer tattoo kleber f\u00fcr Karneval, Ostern,Schiminke, Weihnachten, Cosplay, Partys\"}]},{\"@type\":\"WebSite\",\"@id\":\"https:\\\/\\\/marktxxl.de\\\/markt\\\/#website\",\"url\":\"https:\\\/\\\/marktxxl.de\\\/markt\\\/\",\"name\":\"Markt-XXL\",\"description\":\"Ihr Markt Online\",\"publisher\":{\"@id\":\"https:\\\/\\\/marktxxl.de\\\/markt\\\/#organization\"},\"potentialAction\":[{\"@type\":\"SearchAction\",\"target\":{\"@type\":\"EntryPoint\",\"urlTemplate\":\"https:\\\/\\\/marktxxl.de\\\/markt\\\/?s={search_term_string}\"},\"query-input\":{\"@type\":\"PropertyValueSpecification\",\"valueRequired\":true,\"valueName\":\"search_term_string\"}}],\"inLanguage\":\"de\"},{\"@type\":\"Organization\",\"@id\":\"https:\\\/\\\/marktxxl.de\\\/markt\\\/#organization\",\"name\":\"Markt-XXL\",\"url\":\"https:\\\/\\\/marktxxl.de\\\/markt\\\/\",\"logo\":{\"@type\":\"ImageObject\",\"inLanguage\":\"de\",\"@id\":\"https:\\\/\\\/marktxxl.de\\\/markt\\\/#\\\/schema\\\/logo\\\/image\\\/\",\"url\":\"https:\\\/\\\/marktxxl.de\\\/markt\\\/wp-content\\\/uploads\\\/sites\\\/3\\\/2020\\\/12\\\/logo.png\",\"contentUrl\":\"https:\\\/\\\/marktxxl.de\\\/markt\\\/wp-content\\\/uploads\\\/sites\\\/3\\\/2020\\\/12\\\/logo.png\",\"width\":200,\"height\":70,\"caption\":\"Markt-XXL\"},\"image\":{\"@id\":\"https:\\\/\\\/marktxxl.de\\\/markt\\\/#\\\/schema\\\/logo\\\/image\\\/\"}}]}<\/script>\n<!-- \/ Yoast SEO plugin. -->","yoast_head_json":{"title":"Hautkleber f\u00fcr Glitzertattoos, Eleanore's Diary 10 ml*2 Glitter Glue, Geruchlos&amp; Nicht Toxisch, Glitzer tattoo kleber f\u00fcr Karneval, Ostern,Schiminke, Weihnachten, Cosplay, Partys - Markt-XXL","description":"Markt-XXL Hautkleber f\u00fcr Glitzertattoos, Eleanore's Diary 10 ml*2 Glitter Glue, Geruchlos&amp; Nicht Toxisch, Glitzer tattoo kleber f\u00fcr Karneval, Ostern,Schiminke, Weihnachten, Cosplay, Partys","robots":{"index":"index","follow":"follow","max-snippet":"max-snippet:-1","max-image-preview":"max-image-preview:large","max-video-preview":"max-video-preview:-1"},"canonical":"https:\/\/marktxxl.de\/markt\/produkt\/hautkleber-fuer-glitzertattoos-eleanores-diary-10-ml2-glitter-glue-geruchlos-nicht-toxisch-glitzer-tattoo-kleber-fuer-karneval-osternschiminke-weihnachten-cosplay-partys\/","og_locale":"de_DE","og_type":"article","og_title":"Hautkleber f\u00fcr Glitzertattoos, Eleanore's Diary 10 ml*2 Glitter Glue, Geruchlos&amp; Nicht Toxisch, Glitzer tattoo kleber f\u00fcr Karneval, Ostern,Schiminke, Weihnachten, Cosplay, Partys - Markt-XXL","og_description":"Markt-XXL Hautkleber f\u00fcr Glitzertattoos, Eleanore's Diary 10 ml*2 Glitter Glue, Geruchlos&amp; Nicht Toxisch, Glitzer tattoo kleber f\u00fcr Karneval, Ostern,Schiminke, Weihnachten, Cosplay, Partys","og_url":"https:\/\/marktxxl.de\/markt\/produkt\/hautkleber-fuer-glitzertattoos-eleanores-diary-10-ml2-glitter-glue-geruchlos-nicht-toxisch-glitzer-tattoo-kleber-fuer-karneval-osternschiminke-weihnachten-cosplay-partys\/","og_site_name":"Markt-XXL","twitter_card":"summary_large_image","twitter_misc":{"Gesch\u00e4tzte Lesezeit":"1\u00a0Minute"},"schema":{"@context":"https:\/\/schema.org","@graph":[{"@type":"WebPage","@id":"https:\/\/marktxxl.de\/markt\/produkt\/hautkleber-fuer-glitzertattoos-eleanores-diary-10-ml2-glitter-glue-geruchlos-nicht-toxisch-glitzer-tattoo-kleber-fuer-karneval-osternschiminke-weihnachten-cosplay-partys\/","url":"https:\/\/marktxxl.de\/markt\/produkt\/hautkleber-fuer-glitzertattoos-eleanores-diary-10-ml2-glitter-glue-geruchlos-nicht-toxisch-glitzer-tattoo-kleber-fuer-karneval-osternschiminke-weihnachten-cosplay-partys\/","name":"Hautkleber f\u00fcr Glitzertattoos, Eleanore's Diary 10 ml*2 Glitter Glue, Geruchlos&amp; Nicht Toxisch, Glitzer tattoo kleber f\u00fcr Karneval, Ostern,Schiminke, Weihnachten, Cosplay, Partys - Markt-XXL","isPartOf":{"@id":"https:\/\/marktxxl.de\/markt\/#website"},"primaryImageOfPage":{"@id":"https:\/\/marktxxl.de\/markt\/produkt\/hautkleber-fuer-glitzertattoos-eleanores-diary-10-ml2-glitter-glue-geruchlos-nicht-toxisch-glitzer-tattoo-kleber-fuer-karneval-osternschiminke-weihnachten-cosplay-partys\/#primaryimage"},"image":{"@id":"https:\/\/marktxxl.de\/markt\/produkt\/hautkleber-fuer-glitzertattoos-eleanores-diary-10-ml2-glitter-glue-geruchlos-nicht-toxisch-glitzer-tattoo-kleber-fuer-karneval-osternschiminke-weihnachten-cosplay-partys\/#primaryimage"},"thumbnailUrl":"https:\/\/m.media-amazon.com\/images\/I\/419jvNuF86L._SL500_.jpg","datePublished":"2024-06-28T16:49:41+00:00","description":"Markt-XXL Hautkleber f\u00fcr Glitzertattoos, Eleanore's Diary 10 ml*2 Glitter Glue, Geruchlos&amp; Nicht Toxisch, Glitzer tattoo kleber f\u00fcr Karneval, Ostern,Schiminke, Weihnachten, Cosplay, Partys","breadcrumb":{"@id":"https:\/\/marktxxl.de\/markt\/produkt\/hautkleber-fuer-glitzertattoos-eleanores-diary-10-ml2-glitter-glue-geruchlos-nicht-toxisch-glitzer-tattoo-kleber-fuer-karneval-osternschiminke-weihnachten-cosplay-partys\/#breadcrumb"},"inLanguage":"de","potentialAction":[{"@type":"ReadAction","target":["https:\/\/marktxxl.de\/markt\/produkt\/hautkleber-fuer-glitzertattoos-eleanores-diary-10-ml2-glitter-glue-geruchlos-nicht-toxisch-glitzer-tattoo-kleber-fuer-karneval-osternschiminke-weihnachten-cosplay-partys\/"]}]},{"@type":"ImageObject","inLanguage":"de","@id":"https:\/\/marktxxl.de\/markt\/produkt\/hautkleber-fuer-glitzertattoos-eleanores-diary-10-ml2-glitter-glue-geruchlos-nicht-toxisch-glitzer-tattoo-kleber-fuer-karneval-osternschiminke-weihnachten-cosplay-partys\/#primaryimage","url":"https:\/\/m.media-amazon.com\/images\/I\/419jvNuF86L._SL500_.jpg","contentUrl":"https:\/\/m.media-amazon.com\/images\/I\/419jvNuF86L._SL500_.jpg","width":500,"height":500},{"@type":"BreadcrumbList","@id":"https:\/\/marktxxl.de\/markt\/produkt\/hautkleber-fuer-glitzertattoos-eleanores-diary-10-ml2-glitter-glue-geruchlos-nicht-toxisch-glitzer-tattoo-kleber-fuer-karneval-osternschiminke-weihnachten-cosplay-partys\/#breadcrumb","itemListElement":[{"@type":"ListItem","position":1,"name":"Startseite","item":"https:\/\/marktxxl.de\/markt\/"},{"@type":"ListItem","position":2,"name":"Markt","item":"https:\/\/marktxxl.de\/markt\/"},{"@type":"ListItem","position":3,"name":"Hautkleber f\u00fcr Glitzertattoos, Eleanore&#8217;s Diary 10 ml*2 Glitter Glue, Geruchlos&amp; Nicht Toxisch, Glitzer tattoo kleber f\u00fcr Karneval, Ostern,Schiminke, Weihnachten, Cosplay, Partys"}]},{"@type":"WebSite","@id":"https:\/\/marktxxl.de\/markt\/#website","url":"https:\/\/marktxxl.de\/markt\/","name":"Markt-XXL","description":"Ihr Markt Online","publisher":{"@id":"https:\/\/marktxxl.de\/markt\/#organization"},"potentialAction":[{"@type":"SearchAction","target":{"@type":"EntryPoint","urlTemplate":"https:\/\/marktxxl.de\/markt\/?s={search_term_string}"},"query-input":{"@type":"PropertyValueSpecification","valueRequired":true,"valueName":"search_term_string"}}],"inLanguage":"de"},{"@type":"Organization","@id":"https:\/\/marktxxl.de\/markt\/#organization","name":"Markt-XXL","url":"https:\/\/marktxxl.de\/markt\/","logo":{"@type":"ImageObject","inLanguage":"de","@id":"https:\/\/marktxxl.de\/markt\/#\/schema\/logo\/image\/","url":"https:\/\/marktxxl.de\/markt\/wp-content\/uploads\/sites\/3\/2020\/12\/logo.png","contentUrl":"https:\/\/marktxxl.de\/markt\/wp-content\/uploads\/sites\/3\/2020\/12\/logo.png","width":200,"height":70,"caption":"Markt-XXL"},"image":{"@id":"https:\/\/marktxxl.de\/markt\/#\/schema\/logo\/image\/"}}]}},"_links":{"self":[{"href":"https:\/\/marktxxl.de\/markt\/wp-json\/wp\/v2\/product\/213387","targetHints":{"allow":["GET"]}}],"collection":[{"href":"https:\/\/marktxxl.de\/markt\/wp-json\/wp\/v2\/product"}],"about":[{"href":"https:\/\/marktxxl.de\/markt\/wp-json\/wp\/v2\/types\/product"}],"replies":[{"embeddable":true,"href":"https:\/\/marktxxl.de\/markt\/wp-json\/wp\/v2\/comments?post=213387"}],"wp:featuredmedia":[{"embeddable":true,"href":"https:\/\/marktxxl.de\/markt\/wp-json\/wp\/v2\/media\/213388"}],"wp:attachment":[{"href":"https:\/\/marktxxl.de\/markt\/wp-json\/wp\/v2\/media?parent=213387"}],"wp:term":[{"taxonomy":"product_brand","embeddable":true,"href":"https:\/\/marktxxl.de\/markt\/wp-json\/wp\/v2\/product_brand?post=213387"},{"taxonomy":"product_cat","embeddable":true,"href":"https:\/\/marktxxl.de\/markt\/wp-json\/wp\/v2\/product_cat?post=213387"},{"taxonomy":"product_tag","embeddable":true,"href":"https:\/\/marktxxl.de\/markt\/wp-json\/wp\/v2\/product_tag?post=213387"}],"curies":[{"name":"wp","href":"https:\/\/api.w.org\/{rel}","templated":true}]}}