{"id":213368,"date":"2024-06-28T18:48:57","date_gmt":"2024-06-28T16:48:57","guid":{"rendered":"https:\/\/marktxxl.de\/markt\/produkt\/piersando-schminkstift-fahne-em-wm-fanartikel\/"},"modified":"2024-06-28T18:48:57","modified_gmt":"2024-06-28T16:48:57","slug":"piersando-schminkstift-fahne-em-wm-fanartikel","status":"publish","type":"product","link":"https:\/\/marktxxl.de\/markt\/produkt\/piersando-schminkstift-fahne-em-wm-fanartikel\/","title":{"rendered":"Piersando Schminkstift Fahne EM &amp; WM Fanartikel"},"content":{"rendered":"<p>1 St\u00fcck. L\u00e4nge: 7,5 cm. Breite: 4 cm. H\u00f6he: 1,5 cm.<br \/>\nIn einer praktischen, stabilen Schminkdose sind drei Schminkstifte in den Farben der Deutschland &#8211; Germany \/ Italien -Italy &#8211; Italia \/ Spanien &#8211; Spain &#8211; Espa\u00f1a \/ Portugal \/ \u00d6sterreich &#8211; Austria \/ Schweiz &#8211; Switzerland \/ Belgien &#8211; Belgium \/ Frankreich &#8211; France \/ T\u00fcrkei &#8211; Turkey &#8211; T\u00fcrkiye\/ Schweden &#8211; Sweden \/ Kroatien &#8211; Croatia &#8211; Hrvatska \/ Mexiko Mexico Flagge kombiniert.<br \/>\nMit einem Strich haben Sie schnell alle Farben gleichzeitig aufgetragen. Durch einen einfachen Dreh k\u00f6nnen Sie die Schminke im Spender vor Gebrauch herausdrehen bzw. danach wieder in der Dose versenken. Mit dem Deckel wird der Beh\u00e4lter hygienisch verschlossen.<br \/>\nBist du ein echter Sportfan und m\u00f6chtest deine Leidenschaft f\u00fcr Fu\u00dfball, Eishockey, Basketball und Handball zeigen? Dann bist du hier genau richtig! Unsere breite Auswahl an Fanartikeln l\u00e4sst dein Herz h\u00f6herschlagen. Egal, ob du die Weltmeisterschaft oder die Europameisterschaft verfolgst, wir haben die passenden Accessoires, um dein Fan-Outfit zu vervollst\u00e4ndigen.<br \/>\nBei Piersando findest du Fanartikel f\u00fcr Damen, Herren oder Kinder &#8211; das perfekte Geschenk f\u00fcr jeden Anlass. Perfekt f\u00fcr Weltmeisterschaften und Europameisterschaften. Passend zu vielen anderen Fanartikeln wie Trikots, Brillen, Armb\u00e4ndern, Stickern, Deko, Dekorationen, Fahnen und Wimpeln. Unterst\u00fctze dein Team mit diesen coolen Produkten.<br \/>\n<div class=\"main-cross-sell\" data-asin=\"B07DS982P8\">\n\n\t<div class=\"WooZone-cross-sell-loader\">\n\t\t<div>\n\t\t\t<div id=\"floatingBarsG\">\n\t\t\t\t<div class=\"blockG\" id=\"rotateG_01\"><\/div>\n\t\t\t\t<div class=\"blockG\" id=\"rotateG_02\"><\/div>\n\t\t\t\t<div class=\"blockG\" id=\"rotateG_03\"><\/div>\n\t\t\t\t<div class=\"blockG\" id=\"rotateG_04\"><\/div>\n\t\t\t\t<div class=\"blockG\" id=\"rotateG_05\"><\/div>\n\t\t\t\t<div class=\"blockG\" id=\"rotateG_06\"><\/div>\n\t\t\t\t<div class=\"blockG\" id=\"rotateG_07\"><\/div>\n\t\t\t\t<div class=\"blockG\" id=\"rotateG_08\"><\/div>\n\t\t\t<\/div>\n\t\t\t<div class=\"WooZone-cross-sell-loader-text\"><\/div>\n\t\t<\/div>\n\t<\/div>\n\n\t\t\n<\/div>\n<div style=\"clear:both;\"><\/div><\/p>\n","protected":false},"excerpt":{"rendered":"<p>1 St\u00fcck. L\u00e4nge: 7,5 cm. Breite: 4 cm. H\u00f6he: 1,5 cm.<br \/>\nIn einer praktischen, stabilen Schminkdose sind drei Schminkstifte in den Farben der Deutschland &#8211; Germany \/ Italien -Italy &#8211; Italia \/ Spanien &#8211; Spain &#8211; Espa\u00f1a \/ Portugal \/ \u00d6sterreich &#8211; Austria \/ Schweiz &#8211; Switzerland \/ Belgien &#8211; Belgium \/ Frankreich &#8211; France \/ T\u00fcrkei &#8211; Turkey &#8211; T\u00fcrkiye\/ Schweden &#8211; Sweden \/ Kroatien &#8211; Croatia &#8211; Hrvatska \/ Mexiko Mexico Flagge kombiniert.<br \/>\nMit einem Strich haben Sie schnell alle Farben gleichzeitig aufgetragen. Durch einen einfachen Dreh k\u00f6nnen Sie die Schminke im Spender vor Gebrauch herausdrehen bzw. danach wieder in der Dose versenken. Mit dem Deckel wird der Beh\u00e4lter hygienisch verschlossen.<\/p>\n","protected":false},"featured_media":213369,"comment_status":"open","ping_status":"closed","template":"","meta":[],"product_brand":[],"product_cat":[2858,7575],"product_tag":[],"class_list":{"0":"post-213368","1":"product","2":"type-product","3":"status-publish","4":"has-post-thumbnail","6":"product_cat-beauty","7":"product_cat-make-up","8":"pa_binding-misc","9":"pa_brand-piersando","10":"pa_manufacturer-piersando","11":"pa_model-125189810-1","13":"first","14":"instock","15":"shipping-taxable","16":"product-type-simple","17":"customify-col","18":"product-has-gallery"},"yoast_head":"<!-- This site is optimized with the Yoast SEO plugin v27.4 - https:\/\/yoast.com\/product\/yoast-seo-wordpress\/ -->\n<title>Piersando Schminkstift Fahne EM &amp; WM Fanartikel - Markt-XXL<\/title>\n<meta name=\"description\" content=\"Markt-XXL Piersando Schminkstift Fahne EM &amp; WM Fanartikel\" \/>\n<meta name=\"robots\" content=\"index, follow, max-snippet:-1, max-image-preview:large, max-video-preview:-1\" \/>\n<link rel=\"canonical\" href=\"https:\/\/marktxxl.de\/markt\/produkt\/piersando-schminkstift-fahne-em-wm-fanartikel\/\" \/>\n<meta property=\"og:locale\" content=\"de_DE\" \/>\n<meta property=\"og:type\" content=\"article\" \/>\n<meta property=\"og:title\" content=\"Piersando Schminkstift Fahne EM &amp; WM Fanartikel - Markt-XXL\" \/>\n<meta property=\"og:description\" content=\"Markt-XXL Piersando Schminkstift Fahne EM &amp; WM Fanartikel\" \/>\n<meta property=\"og:url\" content=\"https:\/\/marktxxl.de\/markt\/produkt\/piersando-schminkstift-fahne-em-wm-fanartikel\/\" \/>\n<meta property=\"og:site_name\" content=\"Markt-XXL\" \/>\n<meta name=\"twitter:card\" content=\"summary_large_image\" \/>\n<meta name=\"twitter:label1\" content=\"Gesch\u00e4tzte Lesezeit\" \/>\n\t<meta name=\"twitter:data1\" content=\"1\u00a0Minute\" \/>\n<script type=\"application\/ld+json\" class=\"yoast-schema-graph\">{\"@context\":\"https:\\\/\\\/schema.org\",\"@graph\":[{\"@type\":\"WebPage\",\"@id\":\"https:\\\/\\\/marktxxl.de\\\/markt\\\/produkt\\\/piersando-schminkstift-fahne-em-wm-fanartikel\\\/\",\"url\":\"https:\\\/\\\/marktxxl.de\\\/markt\\\/produkt\\\/piersando-schminkstift-fahne-em-wm-fanartikel\\\/\",\"name\":\"Piersando Schminkstift Fahne EM &amp; WM Fanartikel - Markt-XXL\",\"isPartOf\":{\"@id\":\"https:\\\/\\\/marktxxl.de\\\/markt\\\/#website\"},\"primaryImageOfPage\":{\"@id\":\"https:\\\/\\\/marktxxl.de\\\/markt\\\/produkt\\\/piersando-schminkstift-fahne-em-wm-fanartikel\\\/#primaryimage\"},\"image\":{\"@id\":\"https:\\\/\\\/marktxxl.de\\\/markt\\\/produkt\\\/piersando-schminkstift-fahne-em-wm-fanartikel\\\/#primaryimage\"},\"thumbnailUrl\":\"https:\\\/\\\/m.media-amazon.com\\\/images\\\/I\\\/41F78W1bqcL._SL500_.jpg\",\"datePublished\":\"2024-06-28T16:48:57+00:00\",\"description\":\"Markt-XXL Piersando Schminkstift Fahne EM &amp; WM Fanartikel\",\"breadcrumb\":{\"@id\":\"https:\\\/\\\/marktxxl.de\\\/markt\\\/produkt\\\/piersando-schminkstift-fahne-em-wm-fanartikel\\\/#breadcrumb\"},\"inLanguage\":\"de\",\"potentialAction\":[{\"@type\":\"ReadAction\",\"target\":[\"https:\\\/\\\/marktxxl.de\\\/markt\\\/produkt\\\/piersando-schminkstift-fahne-em-wm-fanartikel\\\/\"]}]},{\"@type\":\"ImageObject\",\"inLanguage\":\"de\",\"@id\":\"https:\\\/\\\/marktxxl.de\\\/markt\\\/produkt\\\/piersando-schminkstift-fahne-em-wm-fanartikel\\\/#primaryimage\",\"url\":\"https:\\\/\\\/m.media-amazon.com\\\/images\\\/I\\\/41F78W1bqcL._SL500_.jpg\",\"contentUrl\":\"https:\\\/\\\/m.media-amazon.com\\\/images\\\/I\\\/41F78W1bqcL._SL500_.jpg\",\"width\":500,\"height\":500},{\"@type\":\"BreadcrumbList\",\"@id\":\"https:\\\/\\\/marktxxl.de\\\/markt\\\/produkt\\\/piersando-schminkstift-fahne-em-wm-fanartikel\\\/#breadcrumb\",\"itemListElement\":[{\"@type\":\"ListItem\",\"position\":1,\"name\":\"Startseite\",\"item\":\"https:\\\/\\\/marktxxl.de\\\/markt\\\/\"},{\"@type\":\"ListItem\",\"position\":2,\"name\":\"Markt\",\"item\":\"https:\\\/\\\/marktxxl.de\\\/markt\\\/\"},{\"@type\":\"ListItem\",\"position\":3,\"name\":\"Piersando Schminkstift Fahne EM &amp; WM Fanartikel\"}]},{\"@type\":\"WebSite\",\"@id\":\"https:\\\/\\\/marktxxl.de\\\/markt\\\/#website\",\"url\":\"https:\\\/\\\/marktxxl.de\\\/markt\\\/\",\"name\":\"Markt-XXL\",\"description\":\"Ihr Markt Online\",\"publisher\":{\"@id\":\"https:\\\/\\\/marktxxl.de\\\/markt\\\/#organization\"},\"potentialAction\":[{\"@type\":\"SearchAction\",\"target\":{\"@type\":\"EntryPoint\",\"urlTemplate\":\"https:\\\/\\\/marktxxl.de\\\/markt\\\/?s={search_term_string}\"},\"query-input\":{\"@type\":\"PropertyValueSpecification\",\"valueRequired\":true,\"valueName\":\"search_term_string\"}}],\"inLanguage\":\"de\"},{\"@type\":\"Organization\",\"@id\":\"https:\\\/\\\/marktxxl.de\\\/markt\\\/#organization\",\"name\":\"Markt-XXL\",\"url\":\"https:\\\/\\\/marktxxl.de\\\/markt\\\/\",\"logo\":{\"@type\":\"ImageObject\",\"inLanguage\":\"de\",\"@id\":\"https:\\\/\\\/marktxxl.de\\\/markt\\\/#\\\/schema\\\/logo\\\/image\\\/\",\"url\":\"https:\\\/\\\/marktxxl.de\\\/markt\\\/wp-content\\\/uploads\\\/sites\\\/3\\\/2020\\\/12\\\/logo.png\",\"contentUrl\":\"https:\\\/\\\/marktxxl.de\\\/markt\\\/wp-content\\\/uploads\\\/sites\\\/3\\\/2020\\\/12\\\/logo.png\",\"width\":200,\"height\":70,\"caption\":\"Markt-XXL\"},\"image\":{\"@id\":\"https:\\\/\\\/marktxxl.de\\\/markt\\\/#\\\/schema\\\/logo\\\/image\\\/\"}}]}<\/script>\n<!-- \/ Yoast SEO plugin. -->","yoast_head_json":{"title":"Piersando Schminkstift Fahne EM &amp; WM Fanartikel - Markt-XXL","description":"Markt-XXL Piersando Schminkstift Fahne EM &amp; WM Fanartikel","robots":{"index":"index","follow":"follow","max-snippet":"max-snippet:-1","max-image-preview":"max-image-preview:large","max-video-preview":"max-video-preview:-1"},"canonical":"https:\/\/marktxxl.de\/markt\/produkt\/piersando-schminkstift-fahne-em-wm-fanartikel\/","og_locale":"de_DE","og_type":"article","og_title":"Piersando Schminkstift Fahne EM &amp; WM Fanartikel - Markt-XXL","og_description":"Markt-XXL Piersando Schminkstift Fahne EM &amp; WM Fanartikel","og_url":"https:\/\/marktxxl.de\/markt\/produkt\/piersando-schminkstift-fahne-em-wm-fanartikel\/","og_site_name":"Markt-XXL","twitter_card":"summary_large_image","twitter_misc":{"Gesch\u00e4tzte Lesezeit":"1\u00a0Minute"},"schema":{"@context":"https:\/\/schema.org","@graph":[{"@type":"WebPage","@id":"https:\/\/marktxxl.de\/markt\/produkt\/piersando-schminkstift-fahne-em-wm-fanartikel\/","url":"https:\/\/marktxxl.de\/markt\/produkt\/piersando-schminkstift-fahne-em-wm-fanartikel\/","name":"Piersando Schminkstift Fahne EM &amp; WM Fanartikel - Markt-XXL","isPartOf":{"@id":"https:\/\/marktxxl.de\/markt\/#website"},"primaryImageOfPage":{"@id":"https:\/\/marktxxl.de\/markt\/produkt\/piersando-schminkstift-fahne-em-wm-fanartikel\/#primaryimage"},"image":{"@id":"https:\/\/marktxxl.de\/markt\/produkt\/piersando-schminkstift-fahne-em-wm-fanartikel\/#primaryimage"},"thumbnailUrl":"https:\/\/m.media-amazon.com\/images\/I\/41F78W1bqcL._SL500_.jpg","datePublished":"2024-06-28T16:48:57+00:00","description":"Markt-XXL Piersando Schminkstift Fahne EM &amp; WM Fanartikel","breadcrumb":{"@id":"https:\/\/marktxxl.de\/markt\/produkt\/piersando-schminkstift-fahne-em-wm-fanartikel\/#breadcrumb"},"inLanguage":"de","potentialAction":[{"@type":"ReadAction","target":["https:\/\/marktxxl.de\/markt\/produkt\/piersando-schminkstift-fahne-em-wm-fanartikel\/"]}]},{"@type":"ImageObject","inLanguage":"de","@id":"https:\/\/marktxxl.de\/markt\/produkt\/piersando-schminkstift-fahne-em-wm-fanartikel\/#primaryimage","url":"https:\/\/m.media-amazon.com\/images\/I\/41F78W1bqcL._SL500_.jpg","contentUrl":"https:\/\/m.media-amazon.com\/images\/I\/41F78W1bqcL._SL500_.jpg","width":500,"height":500},{"@type":"BreadcrumbList","@id":"https:\/\/marktxxl.de\/markt\/produkt\/piersando-schminkstift-fahne-em-wm-fanartikel\/#breadcrumb","itemListElement":[{"@type":"ListItem","position":1,"name":"Startseite","item":"https:\/\/marktxxl.de\/markt\/"},{"@type":"ListItem","position":2,"name":"Markt","item":"https:\/\/marktxxl.de\/markt\/"},{"@type":"ListItem","position":3,"name":"Piersando Schminkstift Fahne EM &amp; WM Fanartikel"}]},{"@type":"WebSite","@id":"https:\/\/marktxxl.de\/markt\/#website","url":"https:\/\/marktxxl.de\/markt\/","name":"Markt-XXL","description":"Ihr Markt Online","publisher":{"@id":"https:\/\/marktxxl.de\/markt\/#organization"},"potentialAction":[{"@type":"SearchAction","target":{"@type":"EntryPoint","urlTemplate":"https:\/\/marktxxl.de\/markt\/?s={search_term_string}"},"query-input":{"@type":"PropertyValueSpecification","valueRequired":true,"valueName":"search_term_string"}}],"inLanguage":"de"},{"@type":"Organization","@id":"https:\/\/marktxxl.de\/markt\/#organization","name":"Markt-XXL","url":"https:\/\/marktxxl.de\/markt\/","logo":{"@type":"ImageObject","inLanguage":"de","@id":"https:\/\/marktxxl.de\/markt\/#\/schema\/logo\/image\/","url":"https:\/\/marktxxl.de\/markt\/wp-content\/uploads\/sites\/3\/2020\/12\/logo.png","contentUrl":"https:\/\/marktxxl.de\/markt\/wp-content\/uploads\/sites\/3\/2020\/12\/logo.png","width":200,"height":70,"caption":"Markt-XXL"},"image":{"@id":"https:\/\/marktxxl.de\/markt\/#\/schema\/logo\/image\/"}}]}},"_links":{"self":[{"href":"https:\/\/marktxxl.de\/markt\/wp-json\/wp\/v2\/product\/213368","targetHints":{"allow":["GET"]}}],"collection":[{"href":"https:\/\/marktxxl.de\/markt\/wp-json\/wp\/v2\/product"}],"about":[{"href":"https:\/\/marktxxl.de\/markt\/wp-json\/wp\/v2\/types\/product"}],"replies":[{"embeddable":true,"href":"https:\/\/marktxxl.de\/markt\/wp-json\/wp\/v2\/comments?post=213368"}],"wp:featuredmedia":[{"embeddable":true,"href":"https:\/\/marktxxl.de\/markt\/wp-json\/wp\/v2\/media\/213369"}],"wp:attachment":[{"href":"https:\/\/marktxxl.de\/markt\/wp-json\/wp\/v2\/media?parent=213368"}],"wp:term":[{"taxonomy":"product_brand","embeddable":true,"href":"https:\/\/marktxxl.de\/markt\/wp-json\/wp\/v2\/product_brand?post=213368"},{"taxonomy":"product_cat","embeddable":true,"href":"https:\/\/marktxxl.de\/markt\/wp-json\/wp\/v2\/product_cat?post=213368"},{"taxonomy":"product_tag","embeddable":true,"href":"https:\/\/marktxxl.de\/markt\/wp-json\/wp\/v2\/product_tag?post=213368"}],"curies":[{"name":"wp","href":"https:\/\/api.w.org\/{rel}","templated":true}]}}