{"id":213083,"date":"2024-06-28T16:48:53","date_gmt":"2024-06-28T14:48:53","guid":{"rendered":"https:\/\/marktxxl.de\/markt\/produkt\/brubaker-cosmetics-bade-und-dusch-set-weisser-tee-und-ingwer-duft-8-teiliges-geschenkset-in-henkelbox\/"},"modified":"2024-06-28T16:48:53","modified_gmt":"2024-06-28T14:48:53","slug":"brubaker-cosmetics-bade-und-dusch-set-weisser-tee-und-ingwer-duft-8-teiliges-geschenkset-in-henkelbox","status":"publish","type":"product","link":"https:\/\/marktxxl.de\/markt\/produkt\/brubaker-cosmetics-bade-und-dusch-set-weisser-tee-und-ingwer-duft-8-teiliges-geschenkset-in-henkelbox\/","title":{"rendered":"BRUBAKER Cosmetics Bade- und Dusch Set Wei\u00dfer Tee und Ingwer Duft &#8211; 8-teiliges Geschenkset in Henkelbox"},"content":{"rendered":"<p>\ud83c\udf38\ud83c\udf75 Baden Sie in dem subtilen Duft zarter Bl\u00fctenknospen des wei\u00dfen Tees, des kostbarsten aller Teesorten &#8211; Elegant und schmeichelnd verf\u00fchrt er Sie einzutauchen und Entspannung zu finden<br \/>\n\ud83e\uddfc Das Set enth\u00e4lt 260 ml Duschgel, 260 ml Schaumbad, 130 ml Body Spray, 120 ml Body Lotion, 120 ml Peeling, 200 g Badesalz, einen weichen Badeschwamm und eine dekorative Henkel-Box<br \/>\n\ud83d\udec1 Ein bet\u00f6rendes Bad f\u00fcr alle Sinne: Die duftigen BRUBAKER Beautyprodukte verw\u00f6hnen mit viel Feuchtigkeit und pflegen normale und trockene Haut streichelzart<br \/>\n\ud83c\udf80 Die dekorative, stoffbezogene Box mit Kunstleder-Henkeln sieht nicht nur mit dem Set sch\u00f6n aus, sie kann auch zur Aufbewahrung von z. B. Kosmetikutensilien wiederverwendet werden<br \/>\n\ud83d\udc30 Tierversuche f\u00fcr Kosmetik? Wir sagen Nein! Deshalb testen wir alle BRUBAKER Beautyprodukte ausschlie\u00dflich an uns selbst<br \/>\n<div class=\"main-cross-sell\" data-asin=\"B073Q2NS8B\">\n\n\t<div class=\"WooZone-cross-sell-loader\">\n\t\t<div>\n\t\t\t<div id=\"floatingBarsG\">\n\t\t\t\t<div class=\"blockG\" id=\"rotateG_01\"><\/div>\n\t\t\t\t<div class=\"blockG\" id=\"rotateG_02\"><\/div>\n\t\t\t\t<div class=\"blockG\" id=\"rotateG_03\"><\/div>\n\t\t\t\t<div class=\"blockG\" id=\"rotateG_04\"><\/div>\n\t\t\t\t<div class=\"blockG\" id=\"rotateG_05\"><\/div>\n\t\t\t\t<div class=\"blockG\" id=\"rotateG_06\"><\/div>\n\t\t\t\t<div class=\"blockG\" id=\"rotateG_07\"><\/div>\n\t\t\t\t<div class=\"blockG\" id=\"rotateG_08\"><\/div>\n\t\t\t<\/div>\n\t\t\t<div class=\"WooZone-cross-sell-loader-text\"><\/div>\n\t\t<\/div>\n\t<\/div>\n\n\t\t\n<\/div>\n<div style=\"clear:both;\"><\/div><\/p>\n","protected":false},"excerpt":{"rendered":"<p>\ud83c\udf38\ud83c\udf75 Baden Sie in dem subtilen Duft zarter Bl\u00fctenknospen des wei\u00dfen Tees, des kostbarsten aller Teesorten &#8211; Elegant und schmeichelnd verf\u00fchrt er Sie einzutauchen und Entspannung zu finden<br \/>\n\ud83e\uddfc Das Set enth\u00e4lt 260 ml Duschgel, 260 ml Schaumbad, 130 ml Body Spray, 120 ml Body Lotion, 120 ml Peeling, 200 g Badesalz, einen weichen Badeschwamm und eine dekorative Henkel-Box<br \/>\n\ud83d\udec1 Ein bet\u00f6rendes Bad f\u00fcr alle Sinne: Die duftigen BRUBAKER Beautyprodukte verw\u00f6hnen mit viel Feuchtigkeit und pflegen normale und trockene Haut streichelzart<\/p>\n","protected":false},"featured_media":213084,"comment_status":"open","ping_status":"closed","template":"","meta":[],"product_brand":[],"product_cat":[2858,6632],"product_tag":[],"class_list":{"0":"post-213083","1":"product","2":"type-product","3":"status-publish","4":"has-post-thumbnail","6":"product_cat-beauty","7":"product_cat-beauty-pflegesets","8":"pa_brand-brubaker","9":"pa_color-gold","10":"pa_manufacturer-brubaker","11":"pa_size-8-stueck-1er-pack","13":"first","14":"instock","15":"shipping-taxable","16":"purchasable","17":"product-type-simple","18":"customify-col","19":"product-has-gallery"},"yoast_head":"<!-- This site is optimized with the Yoast SEO plugin v27.3 - https:\/\/yoast.com\/product\/yoast-seo-wordpress\/ -->\n<title>BRUBAKER Cosmetics Bade- und Dusch Set Wei\u00dfer Tee und Ingwer Duft - 8-teiliges Geschenkset in Henkelbox - Markt-XXL<\/title>\n<meta name=\"description\" content=\"Markt-XXL BRUBAKER Cosmetics Bade- und Dusch Set Wei\u00dfer Tee und Ingwer Duft - 8-teiliges Geschenkset in Henkelbox\" \/>\n<meta name=\"robots\" content=\"index, follow, max-snippet:-1, max-image-preview:large, max-video-preview:-1\" \/>\n<link rel=\"canonical\" href=\"https:\/\/marktxxl.de\/markt\/produkt\/brubaker-cosmetics-bade-und-dusch-set-weisser-tee-und-ingwer-duft-8-teiliges-geschenkset-in-henkelbox\/\" \/>\n<meta property=\"og:locale\" content=\"de_DE\" \/>\n<meta property=\"og:type\" content=\"article\" \/>\n<meta property=\"og:title\" content=\"BRUBAKER Cosmetics Bade- und Dusch Set Wei\u00dfer Tee und Ingwer Duft - 8-teiliges Geschenkset in Henkelbox - Markt-XXL\" \/>\n<meta property=\"og:description\" content=\"Markt-XXL BRUBAKER Cosmetics Bade- und Dusch Set Wei\u00dfer Tee und Ingwer Duft - 8-teiliges Geschenkset in Henkelbox\" \/>\n<meta property=\"og:url\" content=\"https:\/\/marktxxl.de\/markt\/produkt\/brubaker-cosmetics-bade-und-dusch-set-weisser-tee-und-ingwer-duft-8-teiliges-geschenkset-in-henkelbox\/\" \/>\n<meta property=\"og:site_name\" content=\"Markt-XXL\" \/>\n<meta name=\"twitter:card\" content=\"summary_large_image\" \/>\n<meta name=\"twitter:label1\" content=\"Gesch\u00e4tzte Lesezeit\" \/>\n\t<meta name=\"twitter:data1\" content=\"1\u00a0Minute\" \/>\n<script type=\"application\/ld+json\" class=\"yoast-schema-graph\">{\"@context\":\"https:\\\/\\\/schema.org\",\"@graph\":[{\"@type\":\"WebPage\",\"@id\":\"https:\\\/\\\/marktxxl.de\\\/markt\\\/produkt\\\/brubaker-cosmetics-bade-und-dusch-set-weisser-tee-und-ingwer-duft-8-teiliges-geschenkset-in-henkelbox\\\/\",\"url\":\"https:\\\/\\\/marktxxl.de\\\/markt\\\/produkt\\\/brubaker-cosmetics-bade-und-dusch-set-weisser-tee-und-ingwer-duft-8-teiliges-geschenkset-in-henkelbox\\\/\",\"name\":\"BRUBAKER Cosmetics Bade- und Dusch Set Wei\u00dfer Tee und Ingwer Duft - 8-teiliges Geschenkset in Henkelbox - Markt-XXL\",\"isPartOf\":{\"@id\":\"https:\\\/\\\/marktxxl.de\\\/markt\\\/#website\"},\"primaryImageOfPage\":{\"@id\":\"https:\\\/\\\/marktxxl.de\\\/markt\\\/produkt\\\/brubaker-cosmetics-bade-und-dusch-set-weisser-tee-und-ingwer-duft-8-teiliges-geschenkset-in-henkelbox\\\/#primaryimage\"},\"image\":{\"@id\":\"https:\\\/\\\/marktxxl.de\\\/markt\\\/produkt\\\/brubaker-cosmetics-bade-und-dusch-set-weisser-tee-und-ingwer-duft-8-teiliges-geschenkset-in-henkelbox\\\/#primaryimage\"},\"thumbnailUrl\":\"https:\\\/\\\/m.media-amazon.com\\\/images\\\/I\\\/512uRBkzGKL._SL500_.jpg\",\"datePublished\":\"2024-06-28T14:48:53+00:00\",\"description\":\"Markt-XXL BRUBAKER Cosmetics Bade- und Dusch Set Wei\u00dfer Tee und Ingwer Duft - 8-teiliges Geschenkset in Henkelbox\",\"breadcrumb\":{\"@id\":\"https:\\\/\\\/marktxxl.de\\\/markt\\\/produkt\\\/brubaker-cosmetics-bade-und-dusch-set-weisser-tee-und-ingwer-duft-8-teiliges-geschenkset-in-henkelbox\\\/#breadcrumb\"},\"inLanguage\":\"de\",\"potentialAction\":[{\"@type\":\"ReadAction\",\"target\":[\"https:\\\/\\\/marktxxl.de\\\/markt\\\/produkt\\\/brubaker-cosmetics-bade-und-dusch-set-weisser-tee-und-ingwer-duft-8-teiliges-geschenkset-in-henkelbox\\\/\"]}]},{\"@type\":\"ImageObject\",\"inLanguage\":\"de\",\"@id\":\"https:\\\/\\\/marktxxl.de\\\/markt\\\/produkt\\\/brubaker-cosmetics-bade-und-dusch-set-weisser-tee-und-ingwer-duft-8-teiliges-geschenkset-in-henkelbox\\\/#primaryimage\",\"url\":\"https:\\\/\\\/m.media-amazon.com\\\/images\\\/I\\\/512uRBkzGKL._SL500_.jpg\",\"contentUrl\":\"https:\\\/\\\/m.media-amazon.com\\\/images\\\/I\\\/512uRBkzGKL._SL500_.jpg\",\"width\":500,\"height\":473},{\"@type\":\"BreadcrumbList\",\"@id\":\"https:\\\/\\\/marktxxl.de\\\/markt\\\/produkt\\\/brubaker-cosmetics-bade-und-dusch-set-weisser-tee-und-ingwer-duft-8-teiliges-geschenkset-in-henkelbox\\\/#breadcrumb\",\"itemListElement\":[{\"@type\":\"ListItem\",\"position\":1,\"name\":\"Startseite\",\"item\":\"https:\\\/\\\/marktxxl.de\\\/markt\\\/\"},{\"@type\":\"ListItem\",\"position\":2,\"name\":\"Markt\",\"item\":\"https:\\\/\\\/marktxxl.de\\\/markt\\\/\"},{\"@type\":\"ListItem\",\"position\":3,\"name\":\"BRUBAKER Cosmetics Bade- und Dusch Set Wei\u00dfer Tee und Ingwer Duft &#8211; 8-teiliges Geschenkset in Henkelbox\"}]},{\"@type\":\"WebSite\",\"@id\":\"https:\\\/\\\/marktxxl.de\\\/markt\\\/#website\",\"url\":\"https:\\\/\\\/marktxxl.de\\\/markt\\\/\",\"name\":\"Markt-XXL\",\"description\":\"Ihr Markt Online\",\"publisher\":{\"@id\":\"https:\\\/\\\/marktxxl.de\\\/markt\\\/#organization\"},\"potentialAction\":[{\"@type\":\"SearchAction\",\"target\":{\"@type\":\"EntryPoint\",\"urlTemplate\":\"https:\\\/\\\/marktxxl.de\\\/markt\\\/?s={search_term_string}\"},\"query-input\":{\"@type\":\"PropertyValueSpecification\",\"valueRequired\":true,\"valueName\":\"search_term_string\"}}],\"inLanguage\":\"de\"},{\"@type\":\"Organization\",\"@id\":\"https:\\\/\\\/marktxxl.de\\\/markt\\\/#organization\",\"name\":\"Markt-XXL\",\"url\":\"https:\\\/\\\/marktxxl.de\\\/markt\\\/\",\"logo\":{\"@type\":\"ImageObject\",\"inLanguage\":\"de\",\"@id\":\"https:\\\/\\\/marktxxl.de\\\/markt\\\/#\\\/schema\\\/logo\\\/image\\\/\",\"url\":\"https:\\\/\\\/marktxxl.de\\\/markt\\\/wp-content\\\/uploads\\\/sites\\\/3\\\/2020\\\/12\\\/logo.png\",\"contentUrl\":\"https:\\\/\\\/marktxxl.de\\\/markt\\\/wp-content\\\/uploads\\\/sites\\\/3\\\/2020\\\/12\\\/logo.png\",\"width\":200,\"height\":70,\"caption\":\"Markt-XXL\"},\"image\":{\"@id\":\"https:\\\/\\\/marktxxl.de\\\/markt\\\/#\\\/schema\\\/logo\\\/image\\\/\"}}]}<\/script>\n<!-- \/ Yoast SEO plugin. -->","yoast_head_json":{"title":"BRUBAKER Cosmetics Bade- und Dusch Set Wei\u00dfer Tee und Ingwer Duft - 8-teiliges Geschenkset in Henkelbox - Markt-XXL","description":"Markt-XXL BRUBAKER Cosmetics Bade- und Dusch Set Wei\u00dfer Tee und Ingwer Duft - 8-teiliges Geschenkset in Henkelbox","robots":{"index":"index","follow":"follow","max-snippet":"max-snippet:-1","max-image-preview":"max-image-preview:large","max-video-preview":"max-video-preview:-1"},"canonical":"https:\/\/marktxxl.de\/markt\/produkt\/brubaker-cosmetics-bade-und-dusch-set-weisser-tee-und-ingwer-duft-8-teiliges-geschenkset-in-henkelbox\/","og_locale":"de_DE","og_type":"article","og_title":"BRUBAKER Cosmetics Bade- und Dusch Set Wei\u00dfer Tee und Ingwer Duft - 8-teiliges Geschenkset in Henkelbox - Markt-XXL","og_description":"Markt-XXL BRUBAKER Cosmetics Bade- und Dusch Set Wei\u00dfer Tee und Ingwer Duft - 8-teiliges Geschenkset in Henkelbox","og_url":"https:\/\/marktxxl.de\/markt\/produkt\/brubaker-cosmetics-bade-und-dusch-set-weisser-tee-und-ingwer-duft-8-teiliges-geschenkset-in-henkelbox\/","og_site_name":"Markt-XXL","twitter_card":"summary_large_image","twitter_misc":{"Gesch\u00e4tzte Lesezeit":"1\u00a0Minute"},"schema":{"@context":"https:\/\/schema.org","@graph":[{"@type":"WebPage","@id":"https:\/\/marktxxl.de\/markt\/produkt\/brubaker-cosmetics-bade-und-dusch-set-weisser-tee-und-ingwer-duft-8-teiliges-geschenkset-in-henkelbox\/","url":"https:\/\/marktxxl.de\/markt\/produkt\/brubaker-cosmetics-bade-und-dusch-set-weisser-tee-und-ingwer-duft-8-teiliges-geschenkset-in-henkelbox\/","name":"BRUBAKER Cosmetics Bade- und Dusch Set Wei\u00dfer Tee und Ingwer Duft - 8-teiliges Geschenkset in Henkelbox - Markt-XXL","isPartOf":{"@id":"https:\/\/marktxxl.de\/markt\/#website"},"primaryImageOfPage":{"@id":"https:\/\/marktxxl.de\/markt\/produkt\/brubaker-cosmetics-bade-und-dusch-set-weisser-tee-und-ingwer-duft-8-teiliges-geschenkset-in-henkelbox\/#primaryimage"},"image":{"@id":"https:\/\/marktxxl.de\/markt\/produkt\/brubaker-cosmetics-bade-und-dusch-set-weisser-tee-und-ingwer-duft-8-teiliges-geschenkset-in-henkelbox\/#primaryimage"},"thumbnailUrl":"https:\/\/m.media-amazon.com\/images\/I\/512uRBkzGKL._SL500_.jpg","datePublished":"2024-06-28T14:48:53+00:00","description":"Markt-XXL BRUBAKER Cosmetics Bade- und Dusch Set Wei\u00dfer Tee und Ingwer Duft - 8-teiliges Geschenkset in Henkelbox","breadcrumb":{"@id":"https:\/\/marktxxl.de\/markt\/produkt\/brubaker-cosmetics-bade-und-dusch-set-weisser-tee-und-ingwer-duft-8-teiliges-geschenkset-in-henkelbox\/#breadcrumb"},"inLanguage":"de","potentialAction":[{"@type":"ReadAction","target":["https:\/\/marktxxl.de\/markt\/produkt\/brubaker-cosmetics-bade-und-dusch-set-weisser-tee-und-ingwer-duft-8-teiliges-geschenkset-in-henkelbox\/"]}]},{"@type":"ImageObject","inLanguage":"de","@id":"https:\/\/marktxxl.de\/markt\/produkt\/brubaker-cosmetics-bade-und-dusch-set-weisser-tee-und-ingwer-duft-8-teiliges-geschenkset-in-henkelbox\/#primaryimage","url":"https:\/\/m.media-amazon.com\/images\/I\/512uRBkzGKL._SL500_.jpg","contentUrl":"https:\/\/m.media-amazon.com\/images\/I\/512uRBkzGKL._SL500_.jpg","width":500,"height":473},{"@type":"BreadcrumbList","@id":"https:\/\/marktxxl.de\/markt\/produkt\/brubaker-cosmetics-bade-und-dusch-set-weisser-tee-und-ingwer-duft-8-teiliges-geschenkset-in-henkelbox\/#breadcrumb","itemListElement":[{"@type":"ListItem","position":1,"name":"Startseite","item":"https:\/\/marktxxl.de\/markt\/"},{"@type":"ListItem","position":2,"name":"Markt","item":"https:\/\/marktxxl.de\/markt\/"},{"@type":"ListItem","position":3,"name":"BRUBAKER Cosmetics Bade- und Dusch Set Wei\u00dfer Tee und Ingwer Duft &#8211; 8-teiliges Geschenkset in Henkelbox"}]},{"@type":"WebSite","@id":"https:\/\/marktxxl.de\/markt\/#website","url":"https:\/\/marktxxl.de\/markt\/","name":"Markt-XXL","description":"Ihr Markt Online","publisher":{"@id":"https:\/\/marktxxl.de\/markt\/#organization"},"potentialAction":[{"@type":"SearchAction","target":{"@type":"EntryPoint","urlTemplate":"https:\/\/marktxxl.de\/markt\/?s={search_term_string}"},"query-input":{"@type":"PropertyValueSpecification","valueRequired":true,"valueName":"search_term_string"}}],"inLanguage":"de"},{"@type":"Organization","@id":"https:\/\/marktxxl.de\/markt\/#organization","name":"Markt-XXL","url":"https:\/\/marktxxl.de\/markt\/","logo":{"@type":"ImageObject","inLanguage":"de","@id":"https:\/\/marktxxl.de\/markt\/#\/schema\/logo\/image\/","url":"https:\/\/marktxxl.de\/markt\/wp-content\/uploads\/sites\/3\/2020\/12\/logo.png","contentUrl":"https:\/\/marktxxl.de\/markt\/wp-content\/uploads\/sites\/3\/2020\/12\/logo.png","width":200,"height":70,"caption":"Markt-XXL"},"image":{"@id":"https:\/\/marktxxl.de\/markt\/#\/schema\/logo\/image\/"}}]}},"_links":{"self":[{"href":"https:\/\/marktxxl.de\/markt\/wp-json\/wp\/v2\/product\/213083","targetHints":{"allow":["GET"]}}],"collection":[{"href":"https:\/\/marktxxl.de\/markt\/wp-json\/wp\/v2\/product"}],"about":[{"href":"https:\/\/marktxxl.de\/markt\/wp-json\/wp\/v2\/types\/product"}],"replies":[{"embeddable":true,"href":"https:\/\/marktxxl.de\/markt\/wp-json\/wp\/v2\/comments?post=213083"}],"wp:featuredmedia":[{"embeddable":true,"href":"https:\/\/marktxxl.de\/markt\/wp-json\/wp\/v2\/media\/213084"}],"wp:attachment":[{"href":"https:\/\/marktxxl.de\/markt\/wp-json\/wp\/v2\/media?parent=213083"}],"wp:term":[{"taxonomy":"product_brand","embeddable":true,"href":"https:\/\/marktxxl.de\/markt\/wp-json\/wp\/v2\/product_brand?post=213083"},{"taxonomy":"product_cat","embeddable":true,"href":"https:\/\/marktxxl.de\/markt\/wp-json\/wp\/v2\/product_cat?post=213083"},{"taxonomy":"product_tag","embeddable":true,"href":"https:\/\/marktxxl.de\/markt\/wp-json\/wp\/v2\/product_tag?post=213083"}],"curies":[{"name":"wp","href":"https:\/\/api.w.org\/{rel}","templated":true}]}}