{"id":213068,"date":"2024-06-28T16:48:24","date_gmt":"2024-06-28T14:48:24","guid":{"rendered":"https:\/\/marktxxl.de\/markt\/produkt\/waschies-geschenkset-all-white-wiederverwendbare-abschminkpads-reinigen-hypoallergen-nur-mit-wasser-toner-pads-zum-auftragen-von-seren-und-body-scrub-fuer-sanftes-peeling-des-koerpers\/"},"modified":"2024-06-28T16:48:24","modified_gmt":"2024-06-28T14:48:24","slug":"waschies-geschenkset-all-white-wiederverwendbare-abschminkpads-reinigen-hypoallergen-nur-mit-wasser-toner-pads-zum-auftragen-von-seren-und-body-scrub-fuer-sanftes-peeling-des-koerpers","status":"publish","type":"product","link":"https:\/\/marktxxl.de\/markt\/produkt\/waschies-geschenkset-all-white-wiederverwendbare-abschminkpads-reinigen-hypoallergen-nur-mit-wasser-toner-pads-zum-auftragen-von-seren-und-body-scrub-fuer-sanftes-peeling-des-koerpers\/","title":{"rendered":"waschies Geschenkset &#8220;All White&#8221; wiederverwendbare Abschminkpads, reinigen hypoallergen, nur mit Wasser, Toner Pads zum Auftragen von Seren und Body Scrub f\u00fcr sanftes Peeling des K\u00f6rpers"},"content":{"rendered":"<p>WIEDERVERWENDBAR &#8211; Die wiederverwendbaren waschies Abschminkt\u00fccher aus sanfter Mikrofaser sind bei bis zu 95 \u00b0C waschbar &#8211; sie sind auch bestens f\u00fcr den Trockner geeignet Waschies bleiben ohne Weichsp\u00fcler nach dem Waschen herrlich weich. Zu den herk\u00f6mmlichen Einweg-L\u00f6sungen ergibt sich ein erheblicher \u00f6kologischer Vorteil.<br \/>\nPRAKTISCHER INHALT: Das glamour\u00f6se waschies Set im edlen wei\u00df-nude Look ist Made in Germany. Es enth\u00e4lt Abschminkpads zur hautschonenden Reinigung von Augen und Gesicht, Toner-Pads zum Auftragen von Gesichtswasser &amp; Seren, Body Scrub &amp; Clean f\u00fcr ein sanftes Peeling von K\u00f6rper und Gliedma\u00dfen und ist verpackt in einer wundersch\u00f6nen und nachhaltigen Geschenkschachtel aus Zuckerrohr.<br \/>\nANWENDUNG &#8211; Um den Effekt der speziellen Mikrofasern zu aktivieren, m\u00fcssen Sie die Mikrofaser Abschminkpads einfach mit warmem Wasser befeuchten. Diese Technik eignet sich besonders zur Reinigung des Gesicht bei trockener und empfindlicher Haut. Nach der Benutzung die T\u00fccher gut auswringen und gleich zum Trocknen aufh\u00e4ngen.<br \/>\nFEINSTE MIKROFASER &#8211; Das seidenweiche Material mit seiner speziellen Faserkombination aus feinsten Mikrofasern und Viskose erm\u00f6glicht einen hohen Reinigungseffekt &#8211; nur mit Wasser ! Das Beste ist, dass Sie hierf\u00fcr weder hautreizende Waschlotionen noch Reinigungs\u00f6le ben\u00f6tigen.<br \/>\nSANFTE REINIGUNG &#8211; Empfindliche Gesichtshaut bedarf einer zarten Reinigung. Mit den Abschminkpads von waschies ist die Gesichtsreinigung leicht gemacht. Reizende Reinigungs-\u00d6le und der \u00fcberm\u00e4\u00dfige Verbrauch von Einweg-Reinigungst\u00fcchern geh\u00f6ren der Vergangenheit an.<br \/>\n<div class=\"main-cross-sell\" data-asin=\"B0CM6STZXW\">\n\n\t<div class=\"WooZone-cross-sell-loader\">\n\t\t<div>\n\t\t\t<div id=\"floatingBarsG\">\n\t\t\t\t<div class=\"blockG\" id=\"rotateG_01\"><\/div>\n\t\t\t\t<div class=\"blockG\" id=\"rotateG_02\"><\/div>\n\t\t\t\t<div class=\"blockG\" id=\"rotateG_03\"><\/div>\n\t\t\t\t<div class=\"blockG\" id=\"rotateG_04\"><\/div>\n\t\t\t\t<div class=\"blockG\" id=\"rotateG_05\"><\/div>\n\t\t\t\t<div class=\"blockG\" id=\"rotateG_06\"><\/div>\n\t\t\t\t<div class=\"blockG\" id=\"rotateG_07\"><\/div>\n\t\t\t\t<div class=\"blockG\" id=\"rotateG_08\"><\/div>\n\t\t\t<\/div>\n\t\t\t<div class=\"WooZone-cross-sell-loader-text\"><\/div>\n\t\t<\/div>\n\t<\/div>\n\n\t\t\n<\/div>\n<div style=\"clear:both;\"><\/div><\/p>\n","protected":false},"excerpt":{"rendered":"<p>WIEDERVERWENDBAR &#8211; Die wiederverwendbaren waschies Abschminkt\u00fccher aus sanfter Mikrofaser sind bei bis zu 95 \u00b0C waschbar &#8211; sie sind auch bestens f\u00fcr den Trockner geeignet Waschies bleiben ohne Weichsp\u00fcler nach dem Waschen herrlich weich. Zu den herk\u00f6mmlichen Einweg-L\u00f6sungen ergibt sich ein erheblicher \u00f6kologischer Vorteil.<br \/>\nPRAKTISCHER INHALT: Das glamour\u00f6se waschies Set im edlen wei\u00df-nude Look ist Made in Germany. Es enth\u00e4lt Abschminkpads zur hautschonenden Reinigung von Augen und Gesicht, Toner-Pads zum Auftragen von Gesichtswasser &amp; Seren, Body Scrub &amp; Clean f\u00fcr ein sanftes Peeling von K\u00f6rper und Gliedma\u00dfen und ist verpackt in einer wundersch\u00f6nen und nachhaltigen Geschenkschachtel aus Zuckerrohr.<br \/>\nANWENDUNG &#8211; Um den Effekt der speziellen Mikrofasern zu aktivieren, m\u00fcssen Sie die Mikrofaser Abschminkpads einfach mit warmem Wasser befeuchten. Diese Technik eignet sich besonders zur Reinigung des Gesicht bei trockener und empfindlicher Haut. Nach der Benutzung die T\u00fccher gut auswringen und gleich zum Trocknen aufh\u00e4ngen.<\/p>\n","protected":false},"featured_media":213069,"comment_status":"open","ping_status":"closed","template":"","meta":[],"product_brand":[],"product_cat":[2858,6632],"product_tag":[],"class_list":{"0":"post-213068","1":"product","2":"type-product","3":"status-publish","4":"has-post-thumbnail","6":"product_cat-beauty","7":"product_cat-beauty-pflegesets","8":"pa_binding-badartikel","9":"pa_brand-waschies","10":"pa_color-weiss","11":"pa_manufacturer-waschies-gmbh","12":"pa_size-7-stueck-1er-pack","13":"pa_warranty-zufriedenheitsgarantie","15":"first","16":"instock","17":"shipping-taxable","18":"purchasable","19":"product-type-simple","20":"customify-col","21":"product-has-gallery"},"yoast_head":"<!-- This site is optimized with the Yoast SEO plugin v27.4 - https:\/\/yoast.com\/product\/yoast-seo-wordpress\/ -->\n<title>waschies Geschenkset &quot;All White&quot; wiederverwendbare Abschminkpads, reinigen hypoallergen, nur mit Wasser, Toner Pads zum Auftragen von Seren und Body Scrub f\u00fcr sanftes Peeling des K\u00f6rpers - Markt-XXL<\/title>\n<meta name=\"description\" content=\"Markt-XXL waschies Geschenkset &quot;All White&quot; wiederverwendbare Abschminkpads, reinigen hypoallergen, nur mit Wasser, Toner Pads zum Auftragen von Seren und Body Scrub f\u00fcr sanftes Peeling des K\u00f6rpers\" \/>\n<meta name=\"robots\" content=\"index, follow, max-snippet:-1, max-image-preview:large, max-video-preview:-1\" \/>\n<link rel=\"canonical\" href=\"https:\/\/marktxxl.de\/markt\/produkt\/waschies-geschenkset-all-white-wiederverwendbare-abschminkpads-reinigen-hypoallergen-nur-mit-wasser-toner-pads-zum-auftragen-von-seren-und-body-scrub-fuer-sanftes-peeling-des-koerpers\/\" \/>\n<meta property=\"og:locale\" content=\"de_DE\" \/>\n<meta property=\"og:type\" content=\"article\" \/>\n<meta property=\"og:title\" content=\"waschies Geschenkset &quot;All White&quot; wiederverwendbare Abschminkpads, reinigen hypoallergen, nur mit Wasser, Toner Pads zum Auftragen von Seren und Body Scrub f\u00fcr sanftes Peeling des K\u00f6rpers - Markt-XXL\" \/>\n<meta property=\"og:description\" content=\"Markt-XXL waschies Geschenkset &quot;All White&quot; wiederverwendbare Abschminkpads, reinigen hypoallergen, nur mit Wasser, Toner Pads zum Auftragen von Seren und Body Scrub f\u00fcr sanftes Peeling des K\u00f6rpers\" \/>\n<meta property=\"og:url\" content=\"https:\/\/marktxxl.de\/markt\/produkt\/waschies-geschenkset-all-white-wiederverwendbare-abschminkpads-reinigen-hypoallergen-nur-mit-wasser-toner-pads-zum-auftragen-von-seren-und-body-scrub-fuer-sanftes-peeling-des-koerpers\/\" \/>\n<meta property=\"og:site_name\" content=\"Markt-XXL\" \/>\n<meta name=\"twitter:card\" content=\"summary_large_image\" \/>\n<meta name=\"twitter:label1\" content=\"Gesch\u00e4tzte Lesezeit\" \/>\n\t<meta name=\"twitter:data1\" content=\"1\u00a0Minute\" \/>\n<script type=\"application\/ld+json\" class=\"yoast-schema-graph\">{\"@context\":\"https:\\\/\\\/schema.org\",\"@graph\":[{\"@type\":\"WebPage\",\"@id\":\"https:\\\/\\\/marktxxl.de\\\/markt\\\/produkt\\\/waschies-geschenkset-all-white-wiederverwendbare-abschminkpads-reinigen-hypoallergen-nur-mit-wasser-toner-pads-zum-auftragen-von-seren-und-body-scrub-fuer-sanftes-peeling-des-koerpers\\\/\",\"url\":\"https:\\\/\\\/marktxxl.de\\\/markt\\\/produkt\\\/waschies-geschenkset-all-white-wiederverwendbare-abschminkpads-reinigen-hypoallergen-nur-mit-wasser-toner-pads-zum-auftragen-von-seren-und-body-scrub-fuer-sanftes-peeling-des-koerpers\\\/\",\"name\":\"waschies Geschenkset \\\"All White\\\" wiederverwendbare Abschminkpads, reinigen hypoallergen, nur mit Wasser, Toner Pads zum Auftragen von Seren und Body Scrub f\u00fcr sanftes Peeling des K\u00f6rpers - Markt-XXL\",\"isPartOf\":{\"@id\":\"https:\\\/\\\/marktxxl.de\\\/markt\\\/#website\"},\"primaryImageOfPage\":{\"@id\":\"https:\\\/\\\/marktxxl.de\\\/markt\\\/produkt\\\/waschies-geschenkset-all-white-wiederverwendbare-abschminkpads-reinigen-hypoallergen-nur-mit-wasser-toner-pads-zum-auftragen-von-seren-und-body-scrub-fuer-sanftes-peeling-des-koerpers\\\/#primaryimage\"},\"image\":{\"@id\":\"https:\\\/\\\/marktxxl.de\\\/markt\\\/produkt\\\/waschies-geschenkset-all-white-wiederverwendbare-abschminkpads-reinigen-hypoallergen-nur-mit-wasser-toner-pads-zum-auftragen-von-seren-und-body-scrub-fuer-sanftes-peeling-des-koerpers\\\/#primaryimage\"},\"thumbnailUrl\":\"https:\\\/\\\/m.media-amazon.com\\\/images\\\/I\\\/31trNLBdlYL._SL500_.jpg\",\"datePublished\":\"2024-06-28T14:48:24+00:00\",\"description\":\"Markt-XXL waschies Geschenkset \\\"All White\\\" wiederverwendbare Abschminkpads, reinigen hypoallergen, nur mit Wasser, Toner Pads zum Auftragen von Seren und Body Scrub f\u00fcr sanftes Peeling des K\u00f6rpers\",\"breadcrumb\":{\"@id\":\"https:\\\/\\\/marktxxl.de\\\/markt\\\/produkt\\\/waschies-geschenkset-all-white-wiederverwendbare-abschminkpads-reinigen-hypoallergen-nur-mit-wasser-toner-pads-zum-auftragen-von-seren-und-body-scrub-fuer-sanftes-peeling-des-koerpers\\\/#breadcrumb\"},\"inLanguage\":\"de\",\"potentialAction\":[{\"@type\":\"ReadAction\",\"target\":[\"https:\\\/\\\/marktxxl.de\\\/markt\\\/produkt\\\/waschies-geschenkset-all-white-wiederverwendbare-abschminkpads-reinigen-hypoallergen-nur-mit-wasser-toner-pads-zum-auftragen-von-seren-und-body-scrub-fuer-sanftes-peeling-des-koerpers\\\/\"]}]},{\"@type\":\"ImageObject\",\"inLanguage\":\"de\",\"@id\":\"https:\\\/\\\/marktxxl.de\\\/markt\\\/produkt\\\/waschies-geschenkset-all-white-wiederverwendbare-abschminkpads-reinigen-hypoallergen-nur-mit-wasser-toner-pads-zum-auftragen-von-seren-und-body-scrub-fuer-sanftes-peeling-des-koerpers\\\/#primaryimage\",\"url\":\"https:\\\/\\\/m.media-amazon.com\\\/images\\\/I\\\/31trNLBdlYL._SL500_.jpg\",\"contentUrl\":\"https:\\\/\\\/m.media-amazon.com\\\/images\\\/I\\\/31trNLBdlYL._SL500_.jpg\",\"width\":500,\"height\":500},{\"@type\":\"BreadcrumbList\",\"@id\":\"https:\\\/\\\/marktxxl.de\\\/markt\\\/produkt\\\/waschies-geschenkset-all-white-wiederverwendbare-abschminkpads-reinigen-hypoallergen-nur-mit-wasser-toner-pads-zum-auftragen-von-seren-und-body-scrub-fuer-sanftes-peeling-des-koerpers\\\/#breadcrumb\",\"itemListElement\":[{\"@type\":\"ListItem\",\"position\":1,\"name\":\"Startseite\",\"item\":\"https:\\\/\\\/marktxxl.de\\\/markt\\\/\"},{\"@type\":\"ListItem\",\"position\":2,\"name\":\"Markt\",\"item\":\"https:\\\/\\\/marktxxl.de\\\/markt\\\/\"},{\"@type\":\"ListItem\",\"position\":3,\"name\":\"waschies Geschenkset &#8220;All White&#8221; wiederverwendbare Abschminkpads, reinigen hypoallergen, nur mit Wasser, Toner Pads zum Auftragen von Seren und Body Scrub f\u00fcr sanftes Peeling des K\u00f6rpers\"}]},{\"@type\":\"WebSite\",\"@id\":\"https:\\\/\\\/marktxxl.de\\\/markt\\\/#website\",\"url\":\"https:\\\/\\\/marktxxl.de\\\/markt\\\/\",\"name\":\"Markt-XXL\",\"description\":\"Ihr Markt Online\",\"publisher\":{\"@id\":\"https:\\\/\\\/marktxxl.de\\\/markt\\\/#organization\"},\"potentialAction\":[{\"@type\":\"SearchAction\",\"target\":{\"@type\":\"EntryPoint\",\"urlTemplate\":\"https:\\\/\\\/marktxxl.de\\\/markt\\\/?s={search_term_string}\"},\"query-input\":{\"@type\":\"PropertyValueSpecification\",\"valueRequired\":true,\"valueName\":\"search_term_string\"}}],\"inLanguage\":\"de\"},{\"@type\":\"Organization\",\"@id\":\"https:\\\/\\\/marktxxl.de\\\/markt\\\/#organization\",\"name\":\"Markt-XXL\",\"url\":\"https:\\\/\\\/marktxxl.de\\\/markt\\\/\",\"logo\":{\"@type\":\"ImageObject\",\"inLanguage\":\"de\",\"@id\":\"https:\\\/\\\/marktxxl.de\\\/markt\\\/#\\\/schema\\\/logo\\\/image\\\/\",\"url\":\"https:\\\/\\\/marktxxl.de\\\/markt\\\/wp-content\\\/uploads\\\/sites\\\/3\\\/2020\\\/12\\\/logo.png\",\"contentUrl\":\"https:\\\/\\\/marktxxl.de\\\/markt\\\/wp-content\\\/uploads\\\/sites\\\/3\\\/2020\\\/12\\\/logo.png\",\"width\":200,\"height\":70,\"caption\":\"Markt-XXL\"},\"image\":{\"@id\":\"https:\\\/\\\/marktxxl.de\\\/markt\\\/#\\\/schema\\\/logo\\\/image\\\/\"}}]}<\/script>\n<!-- \/ Yoast SEO plugin. -->","yoast_head_json":{"title":"waschies Geschenkset \"All White\" wiederverwendbare Abschminkpads, reinigen hypoallergen, nur mit Wasser, Toner Pads zum Auftragen von Seren und Body Scrub f\u00fcr sanftes Peeling des K\u00f6rpers - Markt-XXL","description":"Markt-XXL waschies Geschenkset \"All White\" wiederverwendbare Abschminkpads, reinigen hypoallergen, nur mit Wasser, Toner Pads zum Auftragen von Seren und Body Scrub f\u00fcr sanftes Peeling des K\u00f6rpers","robots":{"index":"index","follow":"follow","max-snippet":"max-snippet:-1","max-image-preview":"max-image-preview:large","max-video-preview":"max-video-preview:-1"},"canonical":"https:\/\/marktxxl.de\/markt\/produkt\/waschies-geschenkset-all-white-wiederverwendbare-abschminkpads-reinigen-hypoallergen-nur-mit-wasser-toner-pads-zum-auftragen-von-seren-und-body-scrub-fuer-sanftes-peeling-des-koerpers\/","og_locale":"de_DE","og_type":"article","og_title":"waschies Geschenkset \"All White\" wiederverwendbare Abschminkpads, reinigen hypoallergen, nur mit Wasser, Toner Pads zum Auftragen von Seren und Body Scrub f\u00fcr sanftes Peeling des K\u00f6rpers - Markt-XXL","og_description":"Markt-XXL waschies Geschenkset \"All White\" wiederverwendbare Abschminkpads, reinigen hypoallergen, nur mit Wasser, Toner Pads zum Auftragen von Seren und Body Scrub f\u00fcr sanftes Peeling des K\u00f6rpers","og_url":"https:\/\/marktxxl.de\/markt\/produkt\/waschies-geschenkset-all-white-wiederverwendbare-abschminkpads-reinigen-hypoallergen-nur-mit-wasser-toner-pads-zum-auftragen-von-seren-und-body-scrub-fuer-sanftes-peeling-des-koerpers\/","og_site_name":"Markt-XXL","twitter_card":"summary_large_image","twitter_misc":{"Gesch\u00e4tzte Lesezeit":"1\u00a0Minute"},"schema":{"@context":"https:\/\/schema.org","@graph":[{"@type":"WebPage","@id":"https:\/\/marktxxl.de\/markt\/produkt\/waschies-geschenkset-all-white-wiederverwendbare-abschminkpads-reinigen-hypoallergen-nur-mit-wasser-toner-pads-zum-auftragen-von-seren-und-body-scrub-fuer-sanftes-peeling-des-koerpers\/","url":"https:\/\/marktxxl.de\/markt\/produkt\/waschies-geschenkset-all-white-wiederverwendbare-abschminkpads-reinigen-hypoallergen-nur-mit-wasser-toner-pads-zum-auftragen-von-seren-und-body-scrub-fuer-sanftes-peeling-des-koerpers\/","name":"waschies Geschenkset \"All White\" wiederverwendbare Abschminkpads, reinigen hypoallergen, nur mit Wasser, Toner Pads zum Auftragen von Seren und Body Scrub f\u00fcr sanftes Peeling des K\u00f6rpers - Markt-XXL","isPartOf":{"@id":"https:\/\/marktxxl.de\/markt\/#website"},"primaryImageOfPage":{"@id":"https:\/\/marktxxl.de\/markt\/produkt\/waschies-geschenkset-all-white-wiederverwendbare-abschminkpads-reinigen-hypoallergen-nur-mit-wasser-toner-pads-zum-auftragen-von-seren-und-body-scrub-fuer-sanftes-peeling-des-koerpers\/#primaryimage"},"image":{"@id":"https:\/\/marktxxl.de\/markt\/produkt\/waschies-geschenkset-all-white-wiederverwendbare-abschminkpads-reinigen-hypoallergen-nur-mit-wasser-toner-pads-zum-auftragen-von-seren-und-body-scrub-fuer-sanftes-peeling-des-koerpers\/#primaryimage"},"thumbnailUrl":"https:\/\/m.media-amazon.com\/images\/I\/31trNLBdlYL._SL500_.jpg","datePublished":"2024-06-28T14:48:24+00:00","description":"Markt-XXL waschies Geschenkset \"All White\" wiederverwendbare Abschminkpads, reinigen hypoallergen, nur mit Wasser, Toner Pads zum Auftragen von Seren und Body Scrub f\u00fcr sanftes Peeling des K\u00f6rpers","breadcrumb":{"@id":"https:\/\/marktxxl.de\/markt\/produkt\/waschies-geschenkset-all-white-wiederverwendbare-abschminkpads-reinigen-hypoallergen-nur-mit-wasser-toner-pads-zum-auftragen-von-seren-und-body-scrub-fuer-sanftes-peeling-des-koerpers\/#breadcrumb"},"inLanguage":"de","potentialAction":[{"@type":"ReadAction","target":["https:\/\/marktxxl.de\/markt\/produkt\/waschies-geschenkset-all-white-wiederverwendbare-abschminkpads-reinigen-hypoallergen-nur-mit-wasser-toner-pads-zum-auftragen-von-seren-und-body-scrub-fuer-sanftes-peeling-des-koerpers\/"]}]},{"@type":"ImageObject","inLanguage":"de","@id":"https:\/\/marktxxl.de\/markt\/produkt\/waschies-geschenkset-all-white-wiederverwendbare-abschminkpads-reinigen-hypoallergen-nur-mit-wasser-toner-pads-zum-auftragen-von-seren-und-body-scrub-fuer-sanftes-peeling-des-koerpers\/#primaryimage","url":"https:\/\/m.media-amazon.com\/images\/I\/31trNLBdlYL._SL500_.jpg","contentUrl":"https:\/\/m.media-amazon.com\/images\/I\/31trNLBdlYL._SL500_.jpg","width":500,"height":500},{"@type":"BreadcrumbList","@id":"https:\/\/marktxxl.de\/markt\/produkt\/waschies-geschenkset-all-white-wiederverwendbare-abschminkpads-reinigen-hypoallergen-nur-mit-wasser-toner-pads-zum-auftragen-von-seren-und-body-scrub-fuer-sanftes-peeling-des-koerpers\/#breadcrumb","itemListElement":[{"@type":"ListItem","position":1,"name":"Startseite","item":"https:\/\/marktxxl.de\/markt\/"},{"@type":"ListItem","position":2,"name":"Markt","item":"https:\/\/marktxxl.de\/markt\/"},{"@type":"ListItem","position":3,"name":"waschies Geschenkset &#8220;All White&#8221; wiederverwendbare Abschminkpads, reinigen hypoallergen, nur mit Wasser, Toner Pads zum Auftragen von Seren und Body Scrub f\u00fcr sanftes Peeling des K\u00f6rpers"}]},{"@type":"WebSite","@id":"https:\/\/marktxxl.de\/markt\/#website","url":"https:\/\/marktxxl.de\/markt\/","name":"Markt-XXL","description":"Ihr Markt Online","publisher":{"@id":"https:\/\/marktxxl.de\/markt\/#organization"},"potentialAction":[{"@type":"SearchAction","target":{"@type":"EntryPoint","urlTemplate":"https:\/\/marktxxl.de\/markt\/?s={search_term_string}"},"query-input":{"@type":"PropertyValueSpecification","valueRequired":true,"valueName":"search_term_string"}}],"inLanguage":"de"},{"@type":"Organization","@id":"https:\/\/marktxxl.de\/markt\/#organization","name":"Markt-XXL","url":"https:\/\/marktxxl.de\/markt\/","logo":{"@type":"ImageObject","inLanguage":"de","@id":"https:\/\/marktxxl.de\/markt\/#\/schema\/logo\/image\/","url":"https:\/\/marktxxl.de\/markt\/wp-content\/uploads\/sites\/3\/2020\/12\/logo.png","contentUrl":"https:\/\/marktxxl.de\/markt\/wp-content\/uploads\/sites\/3\/2020\/12\/logo.png","width":200,"height":70,"caption":"Markt-XXL"},"image":{"@id":"https:\/\/marktxxl.de\/markt\/#\/schema\/logo\/image\/"}}]}},"_links":{"self":[{"href":"https:\/\/marktxxl.de\/markt\/wp-json\/wp\/v2\/product\/213068","targetHints":{"allow":["GET"]}}],"collection":[{"href":"https:\/\/marktxxl.de\/markt\/wp-json\/wp\/v2\/product"}],"about":[{"href":"https:\/\/marktxxl.de\/markt\/wp-json\/wp\/v2\/types\/product"}],"replies":[{"embeddable":true,"href":"https:\/\/marktxxl.de\/markt\/wp-json\/wp\/v2\/comments?post=213068"}],"wp:featuredmedia":[{"embeddable":true,"href":"https:\/\/marktxxl.de\/markt\/wp-json\/wp\/v2\/media\/213069"}],"wp:attachment":[{"href":"https:\/\/marktxxl.de\/markt\/wp-json\/wp\/v2\/media?parent=213068"}],"wp:term":[{"taxonomy":"product_brand","embeddable":true,"href":"https:\/\/marktxxl.de\/markt\/wp-json\/wp\/v2\/product_brand?post=213068"},{"taxonomy":"product_cat","embeddable":true,"href":"https:\/\/marktxxl.de\/markt\/wp-json\/wp\/v2\/product_cat?post=213068"},{"taxonomy":"product_tag","embeddable":true,"href":"https:\/\/marktxxl.de\/markt\/wp-json\/wp\/v2\/product_tag?post=213068"}],"curies":[{"name":"wp","href":"https:\/\/api.w.org\/{rel}","templated":true}]}}