{"id":213044,"date":"2024-06-28T16:27:49","date_gmt":"2024-06-28T14:27:49","guid":{"rendered":"https:\/\/marktxxl.de\/markt\/produkt\/qa-reiseset-koerperpflege-geschenkset-enthaelt-hyaluronsaeure-koerperwaschgel-aha-koerperpeeling-und-ceramid-koerperlotion-je-50ml\/"},"modified":"2024-06-28T16:27:49","modified_gmt":"2024-06-28T14:27:49","slug":"qa-reiseset-koerperpflege-geschenkset-enthaelt-hyaluronsaeure-koerperwaschgel-aha-koerperpeeling-und-ceramid-koerperlotion-je-50ml","status":"publish","type":"product","link":"https:\/\/marktxxl.de\/markt\/produkt\/qa-reiseset-koerperpflege-geschenkset-enthaelt-hyaluronsaeure-koerperwaschgel-aha-koerperpeeling-und-ceramid-koerperlotion-je-50ml\/","title":{"rendered":"Q+A Reiseset K\u00f6rperpflege Geschenkset, enth\u00e4lt Hyalurons\u00e4ure K\u00f6rperwaschgel, AHA-K\u00f6rperpeeling und Ceramid K\u00f6rperlotion, je 50ml"},"content":{"rendered":"<p>Q+A Reiseset K\u00f6rperpflege Trio Geschenkset, enth\u00e4lt ein Hyalurons\u00e4ure K\u00f6rperwaschgel, ein AHA-K\u00f6rperpeeling und eine Ceramid K\u00f6rperlotion, je 50ml.<br \/>\nHyalurons\u00e4ure K\u00f6rperwaschgel 50ml: Dieses superfeuchtigkeitsspendende K\u00f6rperwaschgel wirkt, um die Haut mit einer Mischung aus Hyalurons\u00e4ure, Riesentangextrakt und Aloe Vera zu pflegen und zu revitalisieren, f\u00fcr eine sanfte, beruhigende Reinigung!<br \/>\nAHA-K\u00f6rperpeeling 50ml: Dieses K\u00f6rperpeeling gl\u00e4ttet raue, unebene Hautpartien mit einer Mischung aus AHA (Alpha-Hydroxys\u00e4uren) und einem nat\u00fcrlichen, k\u00f6rperlichen Peeling, um einen strahlenden Teint zu verleihen.<br \/>\nCeramid K\u00f6rperlotion 50ml: Diese K\u00f6rperlotion ist vollgepackt mit Squalan, Ananas-Ceramiden und einem barrieresch\u00fctzenden Zuckerkomplex f\u00fcr ultimative Pflege und Feuchtigkeit.<br \/>\nNat\u00fcrliche Formulierungen \ud83c\udf38 Tierversuchsfrei \ud83c\udf08 Vegan-freundlich \ud83c\udf31 Hergestellt in Gro\u00dfbritannien. Dieses Produkt ist f\u00fcr Veganer geeignet. Q+A Produkte werden nicht an Tieren getestet und werden es auch nie.<br \/>\n<div class=\"main-cross-sell\" data-asin=\"B0CC2NCJK5\">\n\n\t<div class=\"WooZone-cross-sell-loader\">\n\t\t<div>\n\t\t\t<div id=\"floatingBarsG\">\n\t\t\t\t<div class=\"blockG\" id=\"rotateG_01\"><\/div>\n\t\t\t\t<div class=\"blockG\" id=\"rotateG_02\"><\/div>\n\t\t\t\t<div class=\"blockG\" id=\"rotateG_03\"><\/div>\n\t\t\t\t<div class=\"blockG\" id=\"rotateG_04\"><\/div>\n\t\t\t\t<div class=\"blockG\" id=\"rotateG_05\"><\/div>\n\t\t\t\t<div class=\"blockG\" id=\"rotateG_06\"><\/div>\n\t\t\t\t<div class=\"blockG\" id=\"rotateG_07\"><\/div>\n\t\t\t\t<div class=\"blockG\" id=\"rotateG_08\"><\/div>\n\t\t\t<\/div>\n\t\t\t<div class=\"WooZone-cross-sell-loader-text\"><\/div>\n\t\t<\/div>\n\t<\/div>\n\n\t\t\n<\/div>\n<div style=\"clear:both;\"><\/div><\/p>\n","protected":false},"excerpt":{"rendered":"<p>Q+A Reiseset K\u00f6rperpflege Trio Geschenkset, enth\u00e4lt ein Hyalurons\u00e4ure K\u00f6rperwaschgel, ein AHA-K\u00f6rperpeeling und eine Ceramid K\u00f6rperlotion, je 50ml.<br \/>\nHyalurons\u00e4ure K\u00f6rperwaschgel 50ml: Dieses superfeuchtigkeitsspendende K\u00f6rperwaschgel wirkt, um die Haut mit einer Mischung aus Hyalurons\u00e4ure, Riesentangextrakt und Aloe Vera zu pflegen und zu revitalisieren, f\u00fcr eine sanfte, beruhigende Reinigung!<br \/>\nAHA-K\u00f6rperpeeling 50ml: Dieses K\u00f6rperpeeling gl\u00e4ttet raue, unebene Hautpartien mit einer Mischung aus AHA (Alpha-Hydroxys\u00e4uren) und einem nat\u00fcrlichen, k\u00f6rperlichen Peeling, um einen strahlenden Teint zu verleihen.<\/p>\n","protected":false},"featured_media":213045,"comment_status":"open","ping_status":"closed","template":"","meta":[],"product_brand":[],"product_cat":[2858,6632],"product_tag":[],"class_list":{"0":"post-213044","1":"product","2":"type-product","3":"status-publish","4":"has-post-thumbnail","6":"product_cat-beauty","7":"product_cat-beauty-pflegesets","8":"pa_binding-misc","9":"pa_brand-qplusa","10":"pa_manufacturer-ellipsis-brands-ltd","12":"first","13":"instock","14":"shipping-taxable","15":"purchasable","16":"product-type-simple","17":"customify-col","18":"product-has-gallery"},"yoast_head":"<!-- This site is optimized with the Yoast SEO plugin v27.4 - https:\/\/yoast.com\/product\/yoast-seo-wordpress\/ -->\n<title>Q+A Reiseset K\u00f6rperpflege Geschenkset, enth\u00e4lt Hyalurons\u00e4ure K\u00f6rperwaschgel, AHA-K\u00f6rperpeeling und Ceramid K\u00f6rperlotion, je 50ml - Markt-XXL<\/title>\n<meta name=\"description\" content=\"Markt-XXL Q+A Reiseset K\u00f6rperpflege Geschenkset, enth\u00e4lt Hyalurons\u00e4ure K\u00f6rperwaschgel, AHA-K\u00f6rperpeeling und Ceramid K\u00f6rperlotion, je 50ml\" \/>\n<meta name=\"robots\" content=\"index, follow, max-snippet:-1, max-image-preview:large, max-video-preview:-1\" \/>\n<link rel=\"canonical\" href=\"https:\/\/marktxxl.de\/markt\/produkt\/qa-reiseset-koerperpflege-geschenkset-enthaelt-hyaluronsaeure-koerperwaschgel-aha-koerperpeeling-und-ceramid-koerperlotion-je-50ml\/\" \/>\n<meta property=\"og:locale\" content=\"de_DE\" \/>\n<meta property=\"og:type\" content=\"article\" \/>\n<meta property=\"og:title\" content=\"Q+A Reiseset K\u00f6rperpflege Geschenkset, enth\u00e4lt Hyalurons\u00e4ure K\u00f6rperwaschgel, AHA-K\u00f6rperpeeling und Ceramid K\u00f6rperlotion, je 50ml - Markt-XXL\" \/>\n<meta property=\"og:description\" content=\"Markt-XXL Q+A Reiseset K\u00f6rperpflege Geschenkset, enth\u00e4lt Hyalurons\u00e4ure K\u00f6rperwaschgel, AHA-K\u00f6rperpeeling und Ceramid K\u00f6rperlotion, je 50ml\" \/>\n<meta property=\"og:url\" content=\"https:\/\/marktxxl.de\/markt\/produkt\/qa-reiseset-koerperpflege-geschenkset-enthaelt-hyaluronsaeure-koerperwaschgel-aha-koerperpeeling-und-ceramid-koerperlotion-je-50ml\/\" \/>\n<meta property=\"og:site_name\" content=\"Markt-XXL\" \/>\n<meta name=\"twitter:card\" content=\"summary_large_image\" \/>\n<meta name=\"twitter:label1\" content=\"Gesch\u00e4tzte Lesezeit\" \/>\n\t<meta name=\"twitter:data1\" content=\"1\u00a0Minute\" \/>\n<script type=\"application\/ld+json\" class=\"yoast-schema-graph\">{\"@context\":\"https:\\\/\\\/schema.org\",\"@graph\":[{\"@type\":\"WebPage\",\"@id\":\"https:\\\/\\\/marktxxl.de\\\/markt\\\/produkt\\\/qa-reiseset-koerperpflege-geschenkset-enthaelt-hyaluronsaeure-koerperwaschgel-aha-koerperpeeling-und-ceramid-koerperlotion-je-50ml\\\/\",\"url\":\"https:\\\/\\\/marktxxl.de\\\/markt\\\/produkt\\\/qa-reiseset-koerperpflege-geschenkset-enthaelt-hyaluronsaeure-koerperwaschgel-aha-koerperpeeling-und-ceramid-koerperlotion-je-50ml\\\/\",\"name\":\"Q+A Reiseset K\u00f6rperpflege Geschenkset, enth\u00e4lt Hyalurons\u00e4ure K\u00f6rperwaschgel, AHA-K\u00f6rperpeeling und Ceramid K\u00f6rperlotion, je 50ml - Markt-XXL\",\"isPartOf\":{\"@id\":\"https:\\\/\\\/marktxxl.de\\\/markt\\\/#website\"},\"primaryImageOfPage\":{\"@id\":\"https:\\\/\\\/marktxxl.de\\\/markt\\\/produkt\\\/qa-reiseset-koerperpflege-geschenkset-enthaelt-hyaluronsaeure-koerperwaschgel-aha-koerperpeeling-und-ceramid-koerperlotion-je-50ml\\\/#primaryimage\"},\"image\":{\"@id\":\"https:\\\/\\\/marktxxl.de\\\/markt\\\/produkt\\\/qa-reiseset-koerperpflege-geschenkset-enthaelt-hyaluronsaeure-koerperwaschgel-aha-koerperpeeling-und-ceramid-koerperlotion-je-50ml\\\/#primaryimage\"},\"thumbnailUrl\":\"https:\\\/\\\/m.media-amazon.com\\\/images\\\/I\\\/41IiRSr1-9L._SL500_.jpg\",\"datePublished\":\"2024-06-28T14:27:49+00:00\",\"description\":\"Markt-XXL Q+A Reiseset K\u00f6rperpflege Geschenkset, enth\u00e4lt Hyalurons\u00e4ure K\u00f6rperwaschgel, AHA-K\u00f6rperpeeling und Ceramid K\u00f6rperlotion, je 50ml\",\"breadcrumb\":{\"@id\":\"https:\\\/\\\/marktxxl.de\\\/markt\\\/produkt\\\/qa-reiseset-koerperpflege-geschenkset-enthaelt-hyaluronsaeure-koerperwaschgel-aha-koerperpeeling-und-ceramid-koerperlotion-je-50ml\\\/#breadcrumb\"},\"inLanguage\":\"de\",\"potentialAction\":[{\"@type\":\"ReadAction\",\"target\":[\"https:\\\/\\\/marktxxl.de\\\/markt\\\/produkt\\\/qa-reiseset-koerperpflege-geschenkset-enthaelt-hyaluronsaeure-koerperwaschgel-aha-koerperpeeling-und-ceramid-koerperlotion-je-50ml\\\/\"]}]},{\"@type\":\"ImageObject\",\"inLanguage\":\"de\",\"@id\":\"https:\\\/\\\/marktxxl.de\\\/markt\\\/produkt\\\/qa-reiseset-koerperpflege-geschenkset-enthaelt-hyaluronsaeure-koerperwaschgel-aha-koerperpeeling-und-ceramid-koerperlotion-je-50ml\\\/#primaryimage\",\"url\":\"https:\\\/\\\/m.media-amazon.com\\\/images\\\/I\\\/41IiRSr1-9L._SL500_.jpg\",\"contentUrl\":\"https:\\\/\\\/m.media-amazon.com\\\/images\\\/I\\\/41IiRSr1-9L._SL500_.jpg\",\"width\":500,\"height\":328},{\"@type\":\"BreadcrumbList\",\"@id\":\"https:\\\/\\\/marktxxl.de\\\/markt\\\/produkt\\\/qa-reiseset-koerperpflege-geschenkset-enthaelt-hyaluronsaeure-koerperwaschgel-aha-koerperpeeling-und-ceramid-koerperlotion-je-50ml\\\/#breadcrumb\",\"itemListElement\":[{\"@type\":\"ListItem\",\"position\":1,\"name\":\"Startseite\",\"item\":\"https:\\\/\\\/marktxxl.de\\\/markt\\\/\"},{\"@type\":\"ListItem\",\"position\":2,\"name\":\"Markt\",\"item\":\"https:\\\/\\\/marktxxl.de\\\/markt\\\/\"},{\"@type\":\"ListItem\",\"position\":3,\"name\":\"Q+A Reiseset K\u00f6rperpflege Geschenkset, enth\u00e4lt Hyalurons\u00e4ure K\u00f6rperwaschgel, AHA-K\u00f6rperpeeling und Ceramid K\u00f6rperlotion, je 50ml\"}]},{\"@type\":\"WebSite\",\"@id\":\"https:\\\/\\\/marktxxl.de\\\/markt\\\/#website\",\"url\":\"https:\\\/\\\/marktxxl.de\\\/markt\\\/\",\"name\":\"Markt-XXL\",\"description\":\"Ihr Markt Online\",\"publisher\":{\"@id\":\"https:\\\/\\\/marktxxl.de\\\/markt\\\/#organization\"},\"potentialAction\":[{\"@type\":\"SearchAction\",\"target\":{\"@type\":\"EntryPoint\",\"urlTemplate\":\"https:\\\/\\\/marktxxl.de\\\/markt\\\/?s={search_term_string}\"},\"query-input\":{\"@type\":\"PropertyValueSpecification\",\"valueRequired\":true,\"valueName\":\"search_term_string\"}}],\"inLanguage\":\"de\"},{\"@type\":\"Organization\",\"@id\":\"https:\\\/\\\/marktxxl.de\\\/markt\\\/#organization\",\"name\":\"Markt-XXL\",\"url\":\"https:\\\/\\\/marktxxl.de\\\/markt\\\/\",\"logo\":{\"@type\":\"ImageObject\",\"inLanguage\":\"de\",\"@id\":\"https:\\\/\\\/marktxxl.de\\\/markt\\\/#\\\/schema\\\/logo\\\/image\\\/\",\"url\":\"https:\\\/\\\/marktxxl.de\\\/markt\\\/wp-content\\\/uploads\\\/sites\\\/3\\\/2020\\\/12\\\/logo.png\",\"contentUrl\":\"https:\\\/\\\/marktxxl.de\\\/markt\\\/wp-content\\\/uploads\\\/sites\\\/3\\\/2020\\\/12\\\/logo.png\",\"width\":200,\"height\":70,\"caption\":\"Markt-XXL\"},\"image\":{\"@id\":\"https:\\\/\\\/marktxxl.de\\\/markt\\\/#\\\/schema\\\/logo\\\/image\\\/\"}}]}<\/script>\n<!-- \/ Yoast SEO plugin. -->","yoast_head_json":{"title":"Q+A Reiseset K\u00f6rperpflege Geschenkset, enth\u00e4lt Hyalurons\u00e4ure K\u00f6rperwaschgel, AHA-K\u00f6rperpeeling und Ceramid K\u00f6rperlotion, je 50ml - Markt-XXL","description":"Markt-XXL Q+A Reiseset K\u00f6rperpflege Geschenkset, enth\u00e4lt Hyalurons\u00e4ure K\u00f6rperwaschgel, AHA-K\u00f6rperpeeling und Ceramid K\u00f6rperlotion, je 50ml","robots":{"index":"index","follow":"follow","max-snippet":"max-snippet:-1","max-image-preview":"max-image-preview:large","max-video-preview":"max-video-preview:-1"},"canonical":"https:\/\/marktxxl.de\/markt\/produkt\/qa-reiseset-koerperpflege-geschenkset-enthaelt-hyaluronsaeure-koerperwaschgel-aha-koerperpeeling-und-ceramid-koerperlotion-je-50ml\/","og_locale":"de_DE","og_type":"article","og_title":"Q+A Reiseset K\u00f6rperpflege Geschenkset, enth\u00e4lt Hyalurons\u00e4ure K\u00f6rperwaschgel, AHA-K\u00f6rperpeeling und Ceramid K\u00f6rperlotion, je 50ml - Markt-XXL","og_description":"Markt-XXL Q+A Reiseset K\u00f6rperpflege Geschenkset, enth\u00e4lt Hyalurons\u00e4ure K\u00f6rperwaschgel, AHA-K\u00f6rperpeeling und Ceramid K\u00f6rperlotion, je 50ml","og_url":"https:\/\/marktxxl.de\/markt\/produkt\/qa-reiseset-koerperpflege-geschenkset-enthaelt-hyaluronsaeure-koerperwaschgel-aha-koerperpeeling-und-ceramid-koerperlotion-je-50ml\/","og_site_name":"Markt-XXL","twitter_card":"summary_large_image","twitter_misc":{"Gesch\u00e4tzte Lesezeit":"1\u00a0Minute"},"schema":{"@context":"https:\/\/schema.org","@graph":[{"@type":"WebPage","@id":"https:\/\/marktxxl.de\/markt\/produkt\/qa-reiseset-koerperpflege-geschenkset-enthaelt-hyaluronsaeure-koerperwaschgel-aha-koerperpeeling-und-ceramid-koerperlotion-je-50ml\/","url":"https:\/\/marktxxl.de\/markt\/produkt\/qa-reiseset-koerperpflege-geschenkset-enthaelt-hyaluronsaeure-koerperwaschgel-aha-koerperpeeling-und-ceramid-koerperlotion-je-50ml\/","name":"Q+A Reiseset K\u00f6rperpflege Geschenkset, enth\u00e4lt Hyalurons\u00e4ure K\u00f6rperwaschgel, AHA-K\u00f6rperpeeling und Ceramid K\u00f6rperlotion, je 50ml - Markt-XXL","isPartOf":{"@id":"https:\/\/marktxxl.de\/markt\/#website"},"primaryImageOfPage":{"@id":"https:\/\/marktxxl.de\/markt\/produkt\/qa-reiseset-koerperpflege-geschenkset-enthaelt-hyaluronsaeure-koerperwaschgel-aha-koerperpeeling-und-ceramid-koerperlotion-je-50ml\/#primaryimage"},"image":{"@id":"https:\/\/marktxxl.de\/markt\/produkt\/qa-reiseset-koerperpflege-geschenkset-enthaelt-hyaluronsaeure-koerperwaschgel-aha-koerperpeeling-und-ceramid-koerperlotion-je-50ml\/#primaryimage"},"thumbnailUrl":"https:\/\/m.media-amazon.com\/images\/I\/41IiRSr1-9L._SL500_.jpg","datePublished":"2024-06-28T14:27:49+00:00","description":"Markt-XXL Q+A Reiseset K\u00f6rperpflege Geschenkset, enth\u00e4lt Hyalurons\u00e4ure K\u00f6rperwaschgel, AHA-K\u00f6rperpeeling und Ceramid K\u00f6rperlotion, je 50ml","breadcrumb":{"@id":"https:\/\/marktxxl.de\/markt\/produkt\/qa-reiseset-koerperpflege-geschenkset-enthaelt-hyaluronsaeure-koerperwaschgel-aha-koerperpeeling-und-ceramid-koerperlotion-je-50ml\/#breadcrumb"},"inLanguage":"de","potentialAction":[{"@type":"ReadAction","target":["https:\/\/marktxxl.de\/markt\/produkt\/qa-reiseset-koerperpflege-geschenkset-enthaelt-hyaluronsaeure-koerperwaschgel-aha-koerperpeeling-und-ceramid-koerperlotion-je-50ml\/"]}]},{"@type":"ImageObject","inLanguage":"de","@id":"https:\/\/marktxxl.de\/markt\/produkt\/qa-reiseset-koerperpflege-geschenkset-enthaelt-hyaluronsaeure-koerperwaschgel-aha-koerperpeeling-und-ceramid-koerperlotion-je-50ml\/#primaryimage","url":"https:\/\/m.media-amazon.com\/images\/I\/41IiRSr1-9L._SL500_.jpg","contentUrl":"https:\/\/m.media-amazon.com\/images\/I\/41IiRSr1-9L._SL500_.jpg","width":500,"height":328},{"@type":"BreadcrumbList","@id":"https:\/\/marktxxl.de\/markt\/produkt\/qa-reiseset-koerperpflege-geschenkset-enthaelt-hyaluronsaeure-koerperwaschgel-aha-koerperpeeling-und-ceramid-koerperlotion-je-50ml\/#breadcrumb","itemListElement":[{"@type":"ListItem","position":1,"name":"Startseite","item":"https:\/\/marktxxl.de\/markt\/"},{"@type":"ListItem","position":2,"name":"Markt","item":"https:\/\/marktxxl.de\/markt\/"},{"@type":"ListItem","position":3,"name":"Q+A Reiseset K\u00f6rperpflege Geschenkset, enth\u00e4lt Hyalurons\u00e4ure K\u00f6rperwaschgel, AHA-K\u00f6rperpeeling und Ceramid K\u00f6rperlotion, je 50ml"}]},{"@type":"WebSite","@id":"https:\/\/marktxxl.de\/markt\/#website","url":"https:\/\/marktxxl.de\/markt\/","name":"Markt-XXL","description":"Ihr Markt Online","publisher":{"@id":"https:\/\/marktxxl.de\/markt\/#organization"},"potentialAction":[{"@type":"SearchAction","target":{"@type":"EntryPoint","urlTemplate":"https:\/\/marktxxl.de\/markt\/?s={search_term_string}"},"query-input":{"@type":"PropertyValueSpecification","valueRequired":true,"valueName":"search_term_string"}}],"inLanguage":"de"},{"@type":"Organization","@id":"https:\/\/marktxxl.de\/markt\/#organization","name":"Markt-XXL","url":"https:\/\/marktxxl.de\/markt\/","logo":{"@type":"ImageObject","inLanguage":"de","@id":"https:\/\/marktxxl.de\/markt\/#\/schema\/logo\/image\/","url":"https:\/\/marktxxl.de\/markt\/wp-content\/uploads\/sites\/3\/2020\/12\/logo.png","contentUrl":"https:\/\/marktxxl.de\/markt\/wp-content\/uploads\/sites\/3\/2020\/12\/logo.png","width":200,"height":70,"caption":"Markt-XXL"},"image":{"@id":"https:\/\/marktxxl.de\/markt\/#\/schema\/logo\/image\/"}}]}},"_links":{"self":[{"href":"https:\/\/marktxxl.de\/markt\/wp-json\/wp\/v2\/product\/213044","targetHints":{"allow":["GET"]}}],"collection":[{"href":"https:\/\/marktxxl.de\/markt\/wp-json\/wp\/v2\/product"}],"about":[{"href":"https:\/\/marktxxl.de\/markt\/wp-json\/wp\/v2\/types\/product"}],"replies":[{"embeddable":true,"href":"https:\/\/marktxxl.de\/markt\/wp-json\/wp\/v2\/comments?post=213044"}],"wp:featuredmedia":[{"embeddable":true,"href":"https:\/\/marktxxl.de\/markt\/wp-json\/wp\/v2\/media\/213045"}],"wp:attachment":[{"href":"https:\/\/marktxxl.de\/markt\/wp-json\/wp\/v2\/media?parent=213044"}],"wp:term":[{"taxonomy":"product_brand","embeddable":true,"href":"https:\/\/marktxxl.de\/markt\/wp-json\/wp\/v2\/product_brand?post=213044"},{"taxonomy":"product_cat","embeddable":true,"href":"https:\/\/marktxxl.de\/markt\/wp-json\/wp\/v2\/product_cat?post=213044"},{"taxonomy":"product_tag","embeddable":true,"href":"https:\/\/marktxxl.de\/markt\/wp-json\/wp\/v2\/product_tag?post=213044"}],"curies":[{"name":"wp","href":"https:\/\/api.w.org\/{rel}","templated":true}]}}