{"id":212921,"date":"2024-06-28T15:46:57","date_gmt":"2024-06-28T13:46:57","guid":{"rendered":"https:\/\/marktxxl.de\/markt\/produkt\/decalmile-wandtattoo-unter-dem-meer-qualle-seetang-wandaufkleber-unterwasserwelt-fische-wandsticker-kinderzimmer-babyzimmer-badezimmer-wanddeko\/"},"modified":"2024-06-28T15:46:57","modified_gmt":"2024-06-28T13:46:57","slug":"decalmile-wandtattoo-unter-dem-meer-qualle-seetang-wandaufkleber-unterwasserwelt-fische-wandsticker-kinderzimmer-babyzimmer-badezimmer-wanddeko","status":"publish","type":"product","link":"https:\/\/marktxxl.de\/markt\/produkt\/decalmile-wandtattoo-unter-dem-meer-qualle-seetang-wandaufkleber-unterwasserwelt-fische-wandsticker-kinderzimmer-babyzimmer-badezimmer-wanddeko\/","title":{"rendered":"decalmile Wandtattoo Unter dem Meer Qualle Seetang Wandaufkleber Unterwasserwelt Fische Wandsticker Kinderzimmer Babyzimmer badezimmer Wanddeko"},"content":{"rendered":"<p>Es kann auf alle sauberen, trockenen, nicht strukturierten glatten Oberfl\u00e4chen geklebt werden: W\u00e4nde, Fenster, Fliesen, M\u00f6bel, Spiegel, sogar Ihre K\u00fchlschr\u00e4nke.<br \/>\ndecalmile wandaufkleber sind von hoher Qualit\u00e4t, hell und farbenfroh, leicht zu sch\u00e4len und zu kleben, abnehmbar und wasserdicht.<br \/>\ndecalmile wandaufkleber unter dem meer qualle sind ideal zum Dekorieren von Babyzimmer, Kinderzimmer, Badezimmer, Spielzimmer und Klassenzimmer.<br \/>\nEinschlie\u00dflich 2 Bl\u00e4tter, Blattgr\u00f6\u00dfe: 30cm x 90cm(11.81&#8243; x 35.43&#8243;), empfohlene Endgr\u00f6\u00dfe: 91cm x 91cm(35.82&#8243; x 35.82&#8243;), oder h\u00e4ngen Sie von Ihrer Pr\u00e4ferenz f\u00fcr DIY ab.<br \/>\nWenn Sie mit Ihrem Kauf nicht zufrieden sind oder Probleme bei der Installation haben, k\u00f6nnen Sie sich gerne an uns wenden. Wir werden Ihnen innerhalb von 24 Stunden antworten und bei der L\u00f6sung von Problemen helfen.<br \/>\n<div class=\"main-cross-sell\" data-asin=\"B0BWT2XLGL\">\n\n\t<div class=\"WooZone-cross-sell-loader\">\n\t\t<div>\n\t\t\t<div id=\"floatingBarsG\">\n\t\t\t\t<div class=\"blockG\" id=\"rotateG_01\"><\/div>\n\t\t\t\t<div class=\"blockG\" id=\"rotateG_02\"><\/div>\n\t\t\t\t<div class=\"blockG\" id=\"rotateG_03\"><\/div>\n\t\t\t\t<div class=\"blockG\" id=\"rotateG_04\"><\/div>\n\t\t\t\t<div class=\"blockG\" id=\"rotateG_05\"><\/div>\n\t\t\t\t<div class=\"blockG\" id=\"rotateG_06\"><\/div>\n\t\t\t\t<div class=\"blockG\" id=\"rotateG_07\"><\/div>\n\t\t\t\t<div class=\"blockG\" id=\"rotateG_08\"><\/div>\n\t\t\t<\/div>\n\t\t\t<div class=\"WooZone-cross-sell-loader-text\"><\/div>\n\t\t<\/div>\n\t<\/div>\n\n\t\t\n<\/div>\n<div style=\"clear:both;\"><\/div><\/p>\n","protected":false},"excerpt":{"rendered":"<p>Es kann auf alle sauberen, trockenen, nicht strukturierten glatten Oberfl\u00e4chen geklebt werden: W\u00e4nde, Fenster, Fliesen, M\u00f6bel, Spiegel, sogar Ihre K\u00fchlschr\u00e4nke.<br \/>\ndecalmile wandaufkleber sind von hoher Qualit\u00e4t, hell und farbenfroh, leicht zu sch\u00e4len und zu kleben, abnehmbar und wasserdicht.<br \/>\ndecalmile wandaufkleber unter dem meer qualle sind ideal zum Dekorieren von Babyzimmer, Kinderzimmer, Badezimmer, Spielzimmer und Klassenzimmer.<\/p>\n","protected":false},"featured_media":212922,"comment_status":"open","ping_status":"closed","template":"","meta":[],"product_brand":[],"product_cat":[1983,11212],"product_tag":[],"class_list":{"0":"post-212921","1":"product","2":"type-product","3":"status-publish","4":"has-post-thumbnail","6":"product_cat-baumarkt","7":"product_cat-malerbedarf-werkzeuge-tapeten","8":"pa_binding-haushaltswaren","9":"pa_brand-decalmile","10":"pa_color-multi","11":"pa_languages-unbekannt-spanisch","12":"pa_manufacturer-yanfeng","13":"pa_model-dm0945","14":"pa_weight-0-4188782978-pounds","16":"first","17":"instock","18":"shipping-taxable","19":"purchasable","20":"product-type-simple","21":"customify-col","22":"product-has-gallery"},"yoast_head":"<!-- This site is optimized with the Yoast SEO plugin v27.4 - https:\/\/yoast.com\/product\/yoast-seo-wordpress\/ -->\n<title>decalmile Wandtattoo Unter dem Meer Qualle Seetang Wandaufkleber Unterwasserwelt Fische Wandsticker Kinderzimmer Babyzimmer badezimmer Wanddeko - Markt-XXL<\/title>\n<meta name=\"description\" content=\"Markt-XXL decalmile Wandtattoo Unter dem Meer Qualle Seetang Wandaufkleber Unterwasserwelt Fische Wandsticker Kinderzimmer Babyzimmer badezimmer Wanddeko\" \/>\n<meta name=\"robots\" content=\"index, follow, max-snippet:-1, max-image-preview:large, max-video-preview:-1\" \/>\n<link rel=\"canonical\" href=\"https:\/\/marktxxl.de\/markt\/produkt\/decalmile-wandtattoo-unter-dem-meer-qualle-seetang-wandaufkleber-unterwasserwelt-fische-wandsticker-kinderzimmer-babyzimmer-badezimmer-wanddeko\/\" \/>\n<meta property=\"og:locale\" content=\"de_DE\" \/>\n<meta property=\"og:type\" content=\"article\" \/>\n<meta property=\"og:title\" content=\"decalmile Wandtattoo Unter dem Meer Qualle Seetang Wandaufkleber Unterwasserwelt Fische Wandsticker Kinderzimmer Babyzimmer badezimmer Wanddeko - Markt-XXL\" \/>\n<meta property=\"og:description\" content=\"Markt-XXL decalmile Wandtattoo Unter dem Meer Qualle Seetang Wandaufkleber Unterwasserwelt Fische Wandsticker Kinderzimmer Babyzimmer badezimmer Wanddeko\" \/>\n<meta property=\"og:url\" content=\"https:\/\/marktxxl.de\/markt\/produkt\/decalmile-wandtattoo-unter-dem-meer-qualle-seetang-wandaufkleber-unterwasserwelt-fische-wandsticker-kinderzimmer-babyzimmer-badezimmer-wanddeko\/\" \/>\n<meta property=\"og:site_name\" content=\"Markt-XXL\" \/>\n<meta name=\"twitter:card\" content=\"summary_large_image\" \/>\n<meta name=\"twitter:label1\" content=\"Gesch\u00e4tzte Lesezeit\" \/>\n\t<meta name=\"twitter:data1\" content=\"1\u00a0Minute\" \/>\n<script type=\"application\/ld+json\" class=\"yoast-schema-graph\">{\"@context\":\"https:\\\/\\\/schema.org\",\"@graph\":[{\"@type\":\"WebPage\",\"@id\":\"https:\\\/\\\/marktxxl.de\\\/markt\\\/produkt\\\/decalmile-wandtattoo-unter-dem-meer-qualle-seetang-wandaufkleber-unterwasserwelt-fische-wandsticker-kinderzimmer-babyzimmer-badezimmer-wanddeko\\\/\",\"url\":\"https:\\\/\\\/marktxxl.de\\\/markt\\\/produkt\\\/decalmile-wandtattoo-unter-dem-meer-qualle-seetang-wandaufkleber-unterwasserwelt-fische-wandsticker-kinderzimmer-babyzimmer-badezimmer-wanddeko\\\/\",\"name\":\"decalmile Wandtattoo Unter dem Meer Qualle Seetang Wandaufkleber Unterwasserwelt Fische Wandsticker Kinderzimmer Babyzimmer badezimmer Wanddeko - Markt-XXL\",\"isPartOf\":{\"@id\":\"https:\\\/\\\/marktxxl.de\\\/markt\\\/#website\"},\"primaryImageOfPage\":{\"@id\":\"https:\\\/\\\/marktxxl.de\\\/markt\\\/produkt\\\/decalmile-wandtattoo-unter-dem-meer-qualle-seetang-wandaufkleber-unterwasserwelt-fische-wandsticker-kinderzimmer-babyzimmer-badezimmer-wanddeko\\\/#primaryimage\"},\"image\":{\"@id\":\"https:\\\/\\\/marktxxl.de\\\/markt\\\/produkt\\\/decalmile-wandtattoo-unter-dem-meer-qualle-seetang-wandaufkleber-unterwasserwelt-fische-wandsticker-kinderzimmer-babyzimmer-badezimmer-wanddeko\\\/#primaryimage\"},\"thumbnailUrl\":\"https:\\\/\\\/m.media-amazon.com\\\/images\\\/I\\\/51BhL7IpgsL._SL500_.jpg\",\"datePublished\":\"2024-06-28T13:46:57+00:00\",\"description\":\"Markt-XXL decalmile Wandtattoo Unter dem Meer Qualle Seetang Wandaufkleber Unterwasserwelt Fische Wandsticker Kinderzimmer Babyzimmer badezimmer Wanddeko\",\"breadcrumb\":{\"@id\":\"https:\\\/\\\/marktxxl.de\\\/markt\\\/produkt\\\/decalmile-wandtattoo-unter-dem-meer-qualle-seetang-wandaufkleber-unterwasserwelt-fische-wandsticker-kinderzimmer-babyzimmer-badezimmer-wanddeko\\\/#breadcrumb\"},\"inLanguage\":\"de\",\"potentialAction\":[{\"@type\":\"ReadAction\",\"target\":[\"https:\\\/\\\/marktxxl.de\\\/markt\\\/produkt\\\/decalmile-wandtattoo-unter-dem-meer-qualle-seetang-wandaufkleber-unterwasserwelt-fische-wandsticker-kinderzimmer-babyzimmer-badezimmer-wanddeko\\\/\"]}]},{\"@type\":\"ImageObject\",\"inLanguage\":\"de\",\"@id\":\"https:\\\/\\\/marktxxl.de\\\/markt\\\/produkt\\\/decalmile-wandtattoo-unter-dem-meer-qualle-seetang-wandaufkleber-unterwasserwelt-fische-wandsticker-kinderzimmer-babyzimmer-badezimmer-wanddeko\\\/#primaryimage\",\"url\":\"https:\\\/\\\/m.media-amazon.com\\\/images\\\/I\\\/51BhL7IpgsL._SL500_.jpg\",\"contentUrl\":\"https:\\\/\\\/m.media-amazon.com\\\/images\\\/I\\\/51BhL7IpgsL._SL500_.jpg\",\"width\":500,\"height\":500},{\"@type\":\"BreadcrumbList\",\"@id\":\"https:\\\/\\\/marktxxl.de\\\/markt\\\/produkt\\\/decalmile-wandtattoo-unter-dem-meer-qualle-seetang-wandaufkleber-unterwasserwelt-fische-wandsticker-kinderzimmer-babyzimmer-badezimmer-wanddeko\\\/#breadcrumb\",\"itemListElement\":[{\"@type\":\"ListItem\",\"position\":1,\"name\":\"Startseite\",\"item\":\"https:\\\/\\\/marktxxl.de\\\/markt\\\/\"},{\"@type\":\"ListItem\",\"position\":2,\"name\":\"Markt\",\"item\":\"https:\\\/\\\/marktxxl.de\\\/markt\\\/\"},{\"@type\":\"ListItem\",\"position\":3,\"name\":\"decalmile Wandtattoo Unter dem Meer Qualle Seetang Wandaufkleber Unterwasserwelt Fische Wandsticker Kinderzimmer Babyzimmer badezimmer Wanddeko\"}]},{\"@type\":\"WebSite\",\"@id\":\"https:\\\/\\\/marktxxl.de\\\/markt\\\/#website\",\"url\":\"https:\\\/\\\/marktxxl.de\\\/markt\\\/\",\"name\":\"Markt-XXL\",\"description\":\"Ihr Markt Online\",\"publisher\":{\"@id\":\"https:\\\/\\\/marktxxl.de\\\/markt\\\/#organization\"},\"potentialAction\":[{\"@type\":\"SearchAction\",\"target\":{\"@type\":\"EntryPoint\",\"urlTemplate\":\"https:\\\/\\\/marktxxl.de\\\/markt\\\/?s={search_term_string}\"},\"query-input\":{\"@type\":\"PropertyValueSpecification\",\"valueRequired\":true,\"valueName\":\"search_term_string\"}}],\"inLanguage\":\"de\"},{\"@type\":\"Organization\",\"@id\":\"https:\\\/\\\/marktxxl.de\\\/markt\\\/#organization\",\"name\":\"Markt-XXL\",\"url\":\"https:\\\/\\\/marktxxl.de\\\/markt\\\/\",\"logo\":{\"@type\":\"ImageObject\",\"inLanguage\":\"de\",\"@id\":\"https:\\\/\\\/marktxxl.de\\\/markt\\\/#\\\/schema\\\/logo\\\/image\\\/\",\"url\":\"https:\\\/\\\/marktxxl.de\\\/markt\\\/wp-content\\\/uploads\\\/sites\\\/3\\\/2020\\\/12\\\/logo.png\",\"contentUrl\":\"https:\\\/\\\/marktxxl.de\\\/markt\\\/wp-content\\\/uploads\\\/sites\\\/3\\\/2020\\\/12\\\/logo.png\",\"width\":200,\"height\":70,\"caption\":\"Markt-XXL\"},\"image\":{\"@id\":\"https:\\\/\\\/marktxxl.de\\\/markt\\\/#\\\/schema\\\/logo\\\/image\\\/\"}}]}<\/script>\n<!-- \/ Yoast SEO plugin. -->","yoast_head_json":{"title":"decalmile Wandtattoo Unter dem Meer Qualle Seetang Wandaufkleber Unterwasserwelt Fische Wandsticker Kinderzimmer Babyzimmer badezimmer Wanddeko - Markt-XXL","description":"Markt-XXL decalmile Wandtattoo Unter dem Meer Qualle Seetang Wandaufkleber Unterwasserwelt Fische Wandsticker Kinderzimmer Babyzimmer badezimmer Wanddeko","robots":{"index":"index","follow":"follow","max-snippet":"max-snippet:-1","max-image-preview":"max-image-preview:large","max-video-preview":"max-video-preview:-1"},"canonical":"https:\/\/marktxxl.de\/markt\/produkt\/decalmile-wandtattoo-unter-dem-meer-qualle-seetang-wandaufkleber-unterwasserwelt-fische-wandsticker-kinderzimmer-babyzimmer-badezimmer-wanddeko\/","og_locale":"de_DE","og_type":"article","og_title":"decalmile Wandtattoo Unter dem Meer Qualle Seetang Wandaufkleber Unterwasserwelt Fische Wandsticker Kinderzimmer Babyzimmer badezimmer Wanddeko - Markt-XXL","og_description":"Markt-XXL decalmile Wandtattoo Unter dem Meer Qualle Seetang Wandaufkleber Unterwasserwelt Fische Wandsticker Kinderzimmer Babyzimmer badezimmer Wanddeko","og_url":"https:\/\/marktxxl.de\/markt\/produkt\/decalmile-wandtattoo-unter-dem-meer-qualle-seetang-wandaufkleber-unterwasserwelt-fische-wandsticker-kinderzimmer-babyzimmer-badezimmer-wanddeko\/","og_site_name":"Markt-XXL","twitter_card":"summary_large_image","twitter_misc":{"Gesch\u00e4tzte Lesezeit":"1\u00a0Minute"},"schema":{"@context":"https:\/\/schema.org","@graph":[{"@type":"WebPage","@id":"https:\/\/marktxxl.de\/markt\/produkt\/decalmile-wandtattoo-unter-dem-meer-qualle-seetang-wandaufkleber-unterwasserwelt-fische-wandsticker-kinderzimmer-babyzimmer-badezimmer-wanddeko\/","url":"https:\/\/marktxxl.de\/markt\/produkt\/decalmile-wandtattoo-unter-dem-meer-qualle-seetang-wandaufkleber-unterwasserwelt-fische-wandsticker-kinderzimmer-babyzimmer-badezimmer-wanddeko\/","name":"decalmile Wandtattoo Unter dem Meer Qualle Seetang Wandaufkleber Unterwasserwelt Fische Wandsticker Kinderzimmer Babyzimmer badezimmer Wanddeko - Markt-XXL","isPartOf":{"@id":"https:\/\/marktxxl.de\/markt\/#website"},"primaryImageOfPage":{"@id":"https:\/\/marktxxl.de\/markt\/produkt\/decalmile-wandtattoo-unter-dem-meer-qualle-seetang-wandaufkleber-unterwasserwelt-fische-wandsticker-kinderzimmer-babyzimmer-badezimmer-wanddeko\/#primaryimage"},"image":{"@id":"https:\/\/marktxxl.de\/markt\/produkt\/decalmile-wandtattoo-unter-dem-meer-qualle-seetang-wandaufkleber-unterwasserwelt-fische-wandsticker-kinderzimmer-babyzimmer-badezimmer-wanddeko\/#primaryimage"},"thumbnailUrl":"https:\/\/m.media-amazon.com\/images\/I\/51BhL7IpgsL._SL500_.jpg","datePublished":"2024-06-28T13:46:57+00:00","description":"Markt-XXL decalmile Wandtattoo Unter dem Meer Qualle Seetang Wandaufkleber Unterwasserwelt Fische Wandsticker Kinderzimmer Babyzimmer badezimmer Wanddeko","breadcrumb":{"@id":"https:\/\/marktxxl.de\/markt\/produkt\/decalmile-wandtattoo-unter-dem-meer-qualle-seetang-wandaufkleber-unterwasserwelt-fische-wandsticker-kinderzimmer-babyzimmer-badezimmer-wanddeko\/#breadcrumb"},"inLanguage":"de","potentialAction":[{"@type":"ReadAction","target":["https:\/\/marktxxl.de\/markt\/produkt\/decalmile-wandtattoo-unter-dem-meer-qualle-seetang-wandaufkleber-unterwasserwelt-fische-wandsticker-kinderzimmer-babyzimmer-badezimmer-wanddeko\/"]}]},{"@type":"ImageObject","inLanguage":"de","@id":"https:\/\/marktxxl.de\/markt\/produkt\/decalmile-wandtattoo-unter-dem-meer-qualle-seetang-wandaufkleber-unterwasserwelt-fische-wandsticker-kinderzimmer-babyzimmer-badezimmer-wanddeko\/#primaryimage","url":"https:\/\/m.media-amazon.com\/images\/I\/51BhL7IpgsL._SL500_.jpg","contentUrl":"https:\/\/m.media-amazon.com\/images\/I\/51BhL7IpgsL._SL500_.jpg","width":500,"height":500},{"@type":"BreadcrumbList","@id":"https:\/\/marktxxl.de\/markt\/produkt\/decalmile-wandtattoo-unter-dem-meer-qualle-seetang-wandaufkleber-unterwasserwelt-fische-wandsticker-kinderzimmer-babyzimmer-badezimmer-wanddeko\/#breadcrumb","itemListElement":[{"@type":"ListItem","position":1,"name":"Startseite","item":"https:\/\/marktxxl.de\/markt\/"},{"@type":"ListItem","position":2,"name":"Markt","item":"https:\/\/marktxxl.de\/markt\/"},{"@type":"ListItem","position":3,"name":"decalmile Wandtattoo Unter dem Meer Qualle Seetang Wandaufkleber Unterwasserwelt Fische Wandsticker Kinderzimmer Babyzimmer badezimmer Wanddeko"}]},{"@type":"WebSite","@id":"https:\/\/marktxxl.de\/markt\/#website","url":"https:\/\/marktxxl.de\/markt\/","name":"Markt-XXL","description":"Ihr Markt Online","publisher":{"@id":"https:\/\/marktxxl.de\/markt\/#organization"},"potentialAction":[{"@type":"SearchAction","target":{"@type":"EntryPoint","urlTemplate":"https:\/\/marktxxl.de\/markt\/?s={search_term_string}"},"query-input":{"@type":"PropertyValueSpecification","valueRequired":true,"valueName":"search_term_string"}}],"inLanguage":"de"},{"@type":"Organization","@id":"https:\/\/marktxxl.de\/markt\/#organization","name":"Markt-XXL","url":"https:\/\/marktxxl.de\/markt\/","logo":{"@type":"ImageObject","inLanguage":"de","@id":"https:\/\/marktxxl.de\/markt\/#\/schema\/logo\/image\/","url":"https:\/\/marktxxl.de\/markt\/wp-content\/uploads\/sites\/3\/2020\/12\/logo.png","contentUrl":"https:\/\/marktxxl.de\/markt\/wp-content\/uploads\/sites\/3\/2020\/12\/logo.png","width":200,"height":70,"caption":"Markt-XXL"},"image":{"@id":"https:\/\/marktxxl.de\/markt\/#\/schema\/logo\/image\/"}}]}},"_links":{"self":[{"href":"https:\/\/marktxxl.de\/markt\/wp-json\/wp\/v2\/product\/212921","targetHints":{"allow":["GET"]}}],"collection":[{"href":"https:\/\/marktxxl.de\/markt\/wp-json\/wp\/v2\/product"}],"about":[{"href":"https:\/\/marktxxl.de\/markt\/wp-json\/wp\/v2\/types\/product"}],"replies":[{"embeddable":true,"href":"https:\/\/marktxxl.de\/markt\/wp-json\/wp\/v2\/comments?post=212921"}],"wp:featuredmedia":[{"embeddable":true,"href":"https:\/\/marktxxl.de\/markt\/wp-json\/wp\/v2\/media\/212922"}],"wp:attachment":[{"href":"https:\/\/marktxxl.de\/markt\/wp-json\/wp\/v2\/media?parent=212921"}],"wp:term":[{"taxonomy":"product_brand","embeddable":true,"href":"https:\/\/marktxxl.de\/markt\/wp-json\/wp\/v2\/product_brand?post=212921"},{"taxonomy":"product_cat","embeddable":true,"href":"https:\/\/marktxxl.de\/markt\/wp-json\/wp\/v2\/product_cat?post=212921"},{"taxonomy":"product_tag","embeddable":true,"href":"https:\/\/marktxxl.de\/markt\/wp-json\/wp\/v2\/product_tag?post=212921"}],"curies":[{"name":"wp","href":"https:\/\/api.w.org\/{rel}","templated":true}]}}